{"id":993,"date":"2018-09-24T12:22:49","date_gmt":"2018-09-24T10:22:49","guid":{"rendered":"http:\/\/192.168.1.104\/?page_id=993"},"modified":"2019-12-08T10:31:47","modified_gmt":"2019-12-08T09:31:47","slug":"chiens-indemnes-de-cardiopathie","status":"publish","type":"page","link":"http:\/\/vet-ecg.ddns.net\/index.php\/chiens-indemnes-de-cardiopathie\/","title":{"rendered":"chiens indemnes de cardiopathie"},"content":{"rendered":"<p>Ci-dessous, sont pr\u00e9sent\u00e9s, des trac\u00e9s ECG de chiens en bon \u00e9tat g\u00e9n\u00e9ral. L&rsquo;\u00e9chocardiographie n&rsquo;a pas mis d&rsquo;anomalies cardiaques en \u00e9vidence.<\/p>\n<p>On remarque que le rythme est sinusal, les QRS sont fins, la fr\u00e9quence cardiaque n&rsquo;est ni lente, ni rapide et que l&rsquo;arythmie respiratoire est perceptible.<\/p>\n<p>Il n&rsquo;y a pas de d\u00e9viation de l&rsquo;axe des QRS.<\/p>\n<figure id=\"attachment_995\" aria-describedby=\"caption-attachment-995\" style=\"width: 1728px\" class=\"wp-caption alignnone\"><img loading=\"lazy\" decoding=\"async\" class=\"wp-image-995 size-full\" src=\"http:\/\/vet-ecg.ddns.net\/wp-content\/uploads\/boxer-1.jpg\" alt=\"manifestation du tonus vagal chez un chien brachyc\u00e9phale\" width=\"1728\" height=\"2000\"><figcaption id=\"caption-attachment-995\" class=\"wp-caption-text\">ECG normal: majoration de l&rsquo;arythmie sinusale respiratoire (brachyc\u00e9phale) tr\u00e9mulations de la ligne de base dues aux tremblements de l&rsquo;animal.<\/figcaption><\/figure>\n<p><img loading=\"lazy\" decoding=\"async\" class=\"alignnone size-full wp-image-1037\" src=\"http:\/\/vet-ecg.ddns.net\/wp-content\/uploads\/indemne-1.jpg\" alt=\"\" width=\"1392\" height=\"2000\"><\/p>\n","protected":false},"excerpt":{"rendered":"<p>Ci-dessous, sont pr\u00e9sent\u00e9s, des trac\u00e9s ECG de chiens en bon \u00e9tat g\u00e9n\u00e9ral. L&rsquo;\u00e9chocardiographie n&rsquo;a pas mis d&rsquo;anomalies cardiaques en \u00e9vidence. On remarque que le rythme est sinusal, les QRS sont fins, la fr\u00e9quence cardiaque n&rsquo;est ni lente, ni rapide et que l&rsquo;arythmie respiratoire est perceptible. Il n&rsquo;y a pas de d\u00e9viation de l&rsquo;axe des QRS.<\/p>\n","protected":false},"author":1,"featured_media":0,"parent":0,"menu_order":0,"comment_status":"open","ping_status":"closed","template":"","meta":{"footnotes":""},"class_list":["post-993","page","type-page","status-publish","hentry"],"yoast_head":"<!-- This site is optimized with the Yoast SEO plugin v27.4 - https:\/\/yoast.com\/product\/yoast-seo-wordpress\/ -->\n<title>chiens indemnes de cardiopathie - Blog d&#039;\u00e9lectrocardiographie v\u00e9t\u00e9rinaire<\/title>\n<meta name=\"description\" content=\"Sur cette page figurent des trac\u00e9s de chiens en bon \u00e9tat g\u00e9n\u00e9ral et indemnes de cardiopathie. Le rythme est sinusal, les QRS sont fins.\" \/>\n<meta name=\"robots\" content=\"index, follow, max-snippet:-1, max-image-preview:large, max-video-preview:-1\" \/>\n<link rel=\"canonical\" href=\"http:\/\/vet-ecg.ddns.net\/index.php\/chiens-indemnes-de-cardiopathie\/\" \/>\n<script type=\"application\/ld+json\" class=\"yoast-schema-graph\">{\"@context\":\"https:\\\/\\\/schema.org\",\"@graph\":[{\"@type\":\"WebPage\",\"@id\":\"http:\\\/\\\/vet-ecg.ddns.net\\\/index.php\\\/chiens-indemnes-de-cardiopathie\\\/\",\"url\":\"http:\\\/\\\/vet-ecg.ddns.net\\\/index.php\\\/chiens-indemnes-de-cardiopathie\\\/\",\"name\":\"chiens indemnes de cardiopathie - Blog d&#039;\u00e9lectrocardiographie v\u00e9t\u00e9rinaire\",\"isPartOf\":{\"@id\":\"http:\\\/\\\/vet-ecg.ddns.net\\\/#website\"},\"primaryImageOfPage\":{\"@id\":\"http:\\\/\\\/vet-ecg.ddns.net\\\/index.php\\\/chiens-indemnes-de-cardiopathie\\\/#primaryimage\"},\"image\":{\"@id\":\"http:\\\/\\\/vet-ecg.ddns.net\\\/index.php\\\/chiens-indemnes-de-cardiopathie\\\/#primaryimage\"},\"thumbnailUrl\":\"http:\\\/\\\/vet-ecg.ddns.net\\\/wp-content\\\/uploads\\\/boxer-1.jpg\",\"datePublished\":\"2018-09-24T10:22:49+00:00\",\"dateModified\":\"2019-12-08T09:31:47+00:00\",\"description\":\"Sur cette page figurent des trac\u00e9s de chiens en bon \u00e9tat g\u00e9n\u00e9ral et indemnes de cardiopathie. Le rythme est sinusal, les QRS sont fins.\",\"breadcrumb\":{\"@id\":\"http:\\\/\\\/vet-ecg.ddns.net\\\/index.php\\\/chiens-indemnes-de-cardiopathie\\\/#breadcrumb\"},\"inLanguage\":\"fr-FR\",\"potentialAction\":[{\"@type\":\"ReadAction\",\"target\":[\"http:\\\/\\\/vet-ecg.ddns.net\\\/index.php\\\/chiens-indemnes-de-cardiopathie\\\/\"]}]},{\"@type\":\"ImageObject\",\"inLanguage\":\"fr-FR\",\"@id\":\"http:\\\/\\\/vet-ecg.ddns.net\\\/index.php\\\/chiens-indemnes-de-cardiopathie\\\/#primaryimage\",\"url\":\"http:\\\/\\\/vet-ecg.ddns.net\\\/wp-content\\\/uploads\\\/boxer-1.jpg\",\"contentUrl\":\"http:\\\/\\\/vet-ecg.ddns.net\\\/wp-content\\\/uploads\\\/boxer-1.jpg\",\"width\":1728,\"height\":2000,\"caption\":\"ECG normal\"},{\"@type\":\"BreadcrumbList\",\"@id\":\"http:\\\/\\\/vet-ecg.ddns.net\\\/index.php\\\/chiens-indemnes-de-cardiopathie\\\/#breadcrumb\",\"itemListElement\":[{\"@type\":\"ListItem\",\"position\":1,\"name\":\"Accueil\",\"item\":\"http:\\\/\\\/vet-ecg.ddns.net\\\/\"},{\"@type\":\"ListItem\",\"position\":2,\"name\":\"chiens indemnes de cardiopathie\"}]},{\"@type\":\"WebSite\",\"@id\":\"http:\\\/\\\/vet-ecg.ddns.net\\\/#website\",\"url\":\"http:\\\/\\\/vet-ecg.ddns.net\\\/\",\"name\":\"Blog d&#039;\u00e9lectrocardiographie v\u00e9t\u00e9rinaire\",\"description\":\"recueil d&#039;ECG de chiens et de chats\",\"publisher\":{\"@id\":\"http:\\\/\\\/vet-ecg.ddns.net\\\/#\\\/schema\\\/person\\\/fec4070a47e235fed904fab73cae00b4\"},\"alternateName\":\"\u00e9lectrocardiographie v\u00e9t\u00e9rinaire\",\"potentialAction\":[{\"@type\":\"SearchAction\",\"target\":{\"@type\":\"EntryPoint\",\"urlTemplate\":\"http:\\\/\\\/vet-ecg.ddns.net\\\/?s={search_term_string}\"},\"query-input\":{\"@type\":\"PropertyValueSpecification\",\"valueRequired\":true,\"valueName\":\"search_term_string\"}}],\"inLanguage\":\"fr-FR\"},{\"@type\":[\"Person\",\"Organization\"],\"@id\":\"http:\\\/\\\/vet-ecg.ddns.net\\\/#\\\/schema\\\/person\\\/fec4070a47e235fed904fab73cae00b4\",\"name\":\"admin\",\"image\":{\"@type\":\"ImageObject\",\"inLanguage\":\"fr-FR\",\"@id\":\"http:\\\/\\\/vet-ecg.ddns.net\\\/wp-content\\\/uploads\\\/2018\\\/04\\\/Zelda-2-ECG-248.jpg\",\"url\":\"http:\\\/\\\/vet-ecg.ddns.net\\\/wp-content\\\/uploads\\\/2018\\\/04\\\/Zelda-2-ECG-248.jpg\",\"contentUrl\":\"http:\\\/\\\/vet-ecg.ddns.net\\\/wp-content\\\/uploads\\\/2018\\\/04\\\/Zelda-2-ECG-248.jpg\",\"width\":248,\"height\":248,\"caption\":\"admin\"},\"logo\":{\"@id\":\"http:\\\/\\\/vet-ecg.ddns.net\\\/wp-content\\\/uploads\\\/2018\\\/04\\\/Zelda-2-ECG-248.jpg\"},\"description\":\"Les trac\u00e9s publi\u00e9s sur ce site sont issus de diff\u00e9rentes cliniques v\u00e9t\u00e9rinaires de Paris et de sa banlieue durant les 10 derni\u00e8res ann\u00e9es. Les ECG r\u00e9alis\u00e9s ont \u00e9t\u00e9 r\u00e9alis\u00e9s sur des chiens et des chats qui ont tous b\u00e9n\u00e9fici\u00e9 d'une \u00e9chocardiographie.\"}]}<\/script>\n<!-- \/ Yoast SEO plugin. -->","yoast_head_json":{"title":"chiens indemnes de cardiopathie - Blog d&#039;\u00e9lectrocardiographie v\u00e9t\u00e9rinaire","description":"Sur cette page figurent des trac\u00e9s de chiens en bon \u00e9tat g\u00e9n\u00e9ral et indemnes de cardiopathie. Le rythme est sinusal, les QRS sont fins.","robots":{"index":"index","follow":"follow","max-snippet":"max-snippet:-1","max-image-preview":"max-image-preview:large","max-video-preview":"max-video-preview:-1"},"canonical":"http:\/\/vet-ecg.ddns.net\/index.php\/chiens-indemnes-de-cardiopathie\/","schema":{"@context":"https:\/\/schema.org","@graph":[{"@type":"WebPage","@id":"http:\/\/vet-ecg.ddns.net\/index.php\/chiens-indemnes-de-cardiopathie\/","url":"http:\/\/vet-ecg.ddns.net\/index.php\/chiens-indemnes-de-cardiopathie\/","name":"chiens indemnes de cardiopathie - Blog d&#039;\u00e9lectrocardiographie v\u00e9t\u00e9rinaire","isPartOf":{"@id":"http:\/\/vet-ecg.ddns.net\/#website"},"primaryImageOfPage":{"@id":"http:\/\/vet-ecg.ddns.net\/index.php\/chiens-indemnes-de-cardiopathie\/#primaryimage"},"image":{"@id":"http:\/\/vet-ecg.ddns.net\/index.php\/chiens-indemnes-de-cardiopathie\/#primaryimage"},"thumbnailUrl":"http:\/\/vet-ecg.ddns.net\/wp-content\/uploads\/boxer-1.jpg","datePublished":"2018-09-24T10:22:49+00:00","dateModified":"2019-12-08T09:31:47+00:00","description":"Sur cette page figurent des trac\u00e9s de chiens en bon \u00e9tat g\u00e9n\u00e9ral et indemnes de cardiopathie. Le rythme est sinusal, les QRS sont fins.","breadcrumb":{"@id":"http:\/\/vet-ecg.ddns.net\/index.php\/chiens-indemnes-de-cardiopathie\/#breadcrumb"},"inLanguage":"fr-FR","potentialAction":[{"@type":"ReadAction","target":["http:\/\/vet-ecg.ddns.net\/index.php\/chiens-indemnes-de-cardiopathie\/"]}]},{"@type":"ImageObject","inLanguage":"fr-FR","@id":"http:\/\/vet-ecg.ddns.net\/index.php\/chiens-indemnes-de-cardiopathie\/#primaryimage","url":"http:\/\/vet-ecg.ddns.net\/wp-content\/uploads\/boxer-1.jpg","contentUrl":"http:\/\/vet-ecg.ddns.net\/wp-content\/uploads\/boxer-1.jpg","width":1728,"height":2000,"caption":"ECG normal"},{"@type":"BreadcrumbList","@id":"http:\/\/vet-ecg.ddns.net\/index.php\/chiens-indemnes-de-cardiopathie\/#breadcrumb","itemListElement":[{"@type":"ListItem","position":1,"name":"Accueil","item":"http:\/\/vet-ecg.ddns.net\/"},{"@type":"ListItem","position":2,"name":"chiens indemnes de cardiopathie"}]},{"@type":"WebSite","@id":"http:\/\/vet-ecg.ddns.net\/#website","url":"http:\/\/vet-ecg.ddns.net\/","name":"Blog d&#039;\u00e9lectrocardiographie v\u00e9t\u00e9rinaire","description":"recueil d&#039;ECG de chiens et de chats","publisher":{"@id":"http:\/\/vet-ecg.ddns.net\/#\/schema\/person\/fec4070a47e235fed904fab73cae00b4"},"alternateName":"\u00e9lectrocardiographie v\u00e9t\u00e9rinaire","potentialAction":[{"@type":"SearchAction","target":{"@type":"EntryPoint","urlTemplate":"http:\/\/vet-ecg.ddns.net\/?s={search_term_string}"},"query-input":{"@type":"PropertyValueSpecification","valueRequired":true,"valueName":"search_term_string"}}],"inLanguage":"fr-FR"},{"@type":["Person","Organization"],"@id":"http:\/\/vet-ecg.ddns.net\/#\/schema\/person\/fec4070a47e235fed904fab73cae00b4","name":"admin","image":{"@type":"ImageObject","inLanguage":"fr-FR","@id":"http:\/\/vet-ecg.ddns.net\/wp-content\/uploads\/2018\/04\/Zelda-2-ECG-248.jpg","url":"http:\/\/vet-ecg.ddns.net\/wp-content\/uploads\/2018\/04\/Zelda-2-ECG-248.jpg","contentUrl":"http:\/\/vet-ecg.ddns.net\/wp-content\/uploads\/2018\/04\/Zelda-2-ECG-248.jpg","width":248,"height":248,"caption":"admin"},"logo":{"@id":"http:\/\/vet-ecg.ddns.net\/wp-content\/uploads\/2018\/04\/Zelda-2-ECG-248.jpg"},"description":"Les trac\u00e9s publi\u00e9s sur ce site sont issus de diff\u00e9rentes cliniques v\u00e9t\u00e9rinaires de Paris et de sa banlieue durant les 10 derni\u00e8res ann\u00e9es. Les ECG r\u00e9alis\u00e9s ont \u00e9t\u00e9 r\u00e9alis\u00e9s sur des chiens et des chats qui ont tous b\u00e9n\u00e9fici\u00e9 d'une \u00e9chocardiographie."}]}},"_links":{"self":[{"href":"http:\/\/vet-ecg.ddns.net\/index.php\/wp-json\/wp\/v2\/pages\/993","targetHints":{"allow":["GET"]}}],"collection":[{"href":"http:\/\/vet-ecg.ddns.net\/index.php\/wp-json\/wp\/v2\/pages"}],"about":[{"href":"http:\/\/vet-ecg.ddns.net\/index.php\/wp-json\/wp\/v2\/types\/page"}],"author":[{"embeddable":true,"href":"http:\/\/vet-ecg.ddns.net\/index.php\/wp-json\/wp\/v2\/users\/1"}],"replies":[{"embeddable":true,"href":"http:\/\/vet-ecg.ddns.net\/index.php\/wp-json\/wp\/v2\/comments?post=993"}],"version-history":[{"count":0,"href":"http:\/\/vet-ecg.ddns.net\/index.php\/wp-json\/wp\/v2\/pages\/993\/revisions"}],"wp:attachment":[{"href":"http:\/\/vet-ecg.ddns.net\/index.php\/wp-json\/wp\/v2\/media?parent=993"}],"curies":[{"name":"wp","href":"https:\/\/api.w.org\/{rel}","templated":true}]}}