{"id":864,"date":"2018-06-10T10:11:43","date_gmt":"2018-06-10T08:11:43","guid":{"rendered":"http:\/\/192.168.1.104\/?page_id=864"},"modified":"2019-11-30T18:24:24","modified_gmt":"2019-11-30T17:24:24","slug":"troubles-de-lexcitabilite-ventriculaire","status":"publish","type":"page","link":"http:\/\/vet-ecg.ddns.net\/index.php\/troubles-de-lexcitabilite-ventriculaire\/","title":{"rendered":"troubles de l&rsquo;excitabilit\u00e9 ventriculaire"},"content":{"rendered":"<h1>L&rsquo; hyperexcitabilit\u00e9 ventriculaire<\/h1>\n<p>C&rsquo;est un trouble qui prend naissance au del\u00e0 du tronc du faisceau de His. Le point de d\u00e9part peut donc \u00eatre les 2 branches du faisceau de His, le r\u00e9seau de Purkinje ou encore le myocarde ventriculaire commun.<\/p>\n<p>La caract\u00e9ristique \u00e9lectrocardiographique d&rsquo; une ectopie ventriculaire est de se traduire par des QRS larges qui sont le t\u00e9moin d&rsquo;une activation non simultan\u00e9e des ventricules. Cet \u00e9largissement est cependant moins prononc\u00e9 si les ectopies prennent naissance dans la partie haute du septum interventriculaire (\u00e0 \u00e9gale distance des 2 ventricules).<\/p>\n<p>De plus, l&rsquo; extrasystole ventriculaire (ESV) est de forte amplitude, elle n&rsquo;est pas pr\u00e9c\u00e9d\u00e9e d&rsquo;onde P et l&rsquo;onde T est de sens oppos\u00e9 au QRS.<\/p>\n<figure id=\"attachment_890\" aria-describedby=\"caption-attachment-890\" style=\"width: 166px\" class=\"wp-caption aligncenter\"><img loading=\"lazy\" decoding=\"async\" class=\"wp-image-890 size-full\" src=\"http:\/\/vet-ecg.ddns.net\/wp-content\/uploads\/2018\/06\/esv-droite-gauche.jpg\" alt=\"Aspect des extrasystoles ventriculaires droites et gauches\" width=\"166\" height=\"291\" \/><figcaption id=\"caption-attachment-890\" class=\"wp-caption-text\">Morphologie des ESV selon leur provenance (ventricule droit ou gauche)<\/figcaption><\/figure>\n<h3>Les extrasystoles ventriculaires (ESV)<\/h3>\n<p>Elles naissent dans le tissu ventriculaire et sont g\u00e9n\u00e9ralement suivies d&rsquo;un repos compensateur (pause due \u00e0 la remont\u00e9e de l&rsquo;influx jusqu&rsquo;au pacemaker qui s&rsquo;ajoute au cycle normal de d\u00e9polarisation).<br \/>\nLe repos peut \u00eatre <strong>exactement<\/strong> compensateur,\u00a0 <strong>non exactement<\/strong> compensateur ou <strong>ne pas exister(ESV interpol\u00e9e)<\/strong>:<\/p>\n<figure id=\"attachment_886\" aria-describedby=\"caption-attachment-886\" style=\"width: 2535px\" class=\"wp-caption alignnone\"><img loading=\"lazy\" decoding=\"async\" class=\"wp-image-886 size-full\" src=\"http:\/\/vet-ecg.ddns.net\/wp-content\/uploads\/2018\/06\/esv-rc.jpg\" alt=\"d\u00e9calage du cycle par le repos compensateur d'une extrasystole.\" width=\"2535\" height=\"622\" \/><figcaption id=\"caption-attachment-886\" class=\"wp-caption-text\">Repos compensateur apr\u00e8s une une extrasystole ventriculaire.<\/figcaption><\/figure>\n<figure id=\"attachment_888\" aria-describedby=\"caption-attachment-888\" style=\"width: 1723px\" class=\"wp-caption alignnone\"><img loading=\"lazy\" decoding=\"async\" class=\"wp-image-888 size-full\" src=\"http:\/\/vet-ecg.ddns.net\/wp-content\/uploads\/2018\/06\/esv-interpolee.jpg\" alt=\"Absence de repos compensateur apr\u00e8s une ESV.\" width=\"1723\" height=\"562\" \/><figcaption id=\"caption-attachment-888\" class=\"wp-caption-text\">ESV interpol\u00e9e<\/figcaption><\/figure>\n<figure id=\"attachment_883\" aria-describedby=\"caption-attachment-883\" style=\"width: 582px\" class=\"wp-caption alignnone\"><img loading=\"lazy\" decoding=\"async\" class=\"wp-image-883 size-full\" src=\"http:\/\/vet-ecg.ddns.net\/wp-content\/uploads\/2018\/06\/repos-compensateur4.jpg\" alt=\"Repos exactement compensateur et non exactement compensateur.\" width=\"582\" height=\"387\" \/><figcaption id=\"caption-attachment-883\" class=\"wp-caption-text\">Aspects du repos compensateur.<\/figcaption><\/figure>\n<p>Lorsque le repos est exactement compensateur, l&rsquo;intervalle RR encadrant une ESV est le double de l&rsquo;intervalle RR sinusal.<\/p>\n<p>Chez le chien, la pr\u00e9sence d&rsquo;une arythmie respiratoire rend difficile l&rsquo;identification pr\u00e9cise du repos compensateur.<\/p>\n<p><span style=\"color: #339966;\"><strong>Les ESV sont class\u00e9es selon:<\/strong><\/span><br \/>\n&#8211; la pr\u00e9sence ou non d&rsquo;un repos compensateur (ESV d\u00e9calante, ESV interpol\u00e9e)<br \/>\n&#8211; leur nombre: isol\u00e9es, doublets (2 ESV cons\u00e9cutives), triplets<br \/>\n&#8211; leur lien aux QRS sinusaux: big\u00e9minisme (1\/2), trig\u00e9minisme (1\/3)<br \/>\n&#8211; leur morphologie hissienne, septale, droite, gauche, bidirectionnelles<br \/>\n&#8211; la pr\u00e9sence d&rsquo; ESV polymorphes sur un m\u00eame trac\u00e9<\/p>\n<figure id=\"attachment_967\" aria-describedby=\"caption-attachment-967\" style=\"width: 2144px\" class=\"wp-caption alignnone\"><img loading=\"lazy\" decoding=\"async\" class=\"wp-image-967 size-full\" src=\"http:\/\/vet-ecg.ddns.net\/wp-content\/uploads\/2018\/06\/big\u00e9minisme.jpg\" alt=\"Alternance d'une systole sinusale et d'une extrasystole: big\u00e9minisme\" width=\"2144\" height=\"1000\" \/><figcaption id=\"caption-attachment-967\" class=\"wp-caption-text\">Big\u00e9minisme ventriculaire<\/figcaption><\/figure>\n<p>Les m\u00e9canismes mis en jeu dans l&rsquo;apparition d&rsquo;une ESV, peuvent \u00eatre une r\u00e9entr\u00e9e, une activit\u00e9 d\u00e9clench\u00e9e ou une parasystolie.<\/p>\n<p>Il est tr\u00e8s difficile de distinguer une r\u00e9entr\u00e9e d&rsquo;une activit\u00e9 d\u00e9clench\u00e9e. Ces ESV sont g\u00e9n\u00e9ralement monomorphes et \u00e0 couplage fixe par rapport au QRS pr\u00e9c\u00e9dent.<br \/>\nLa cardiomyopathie arythmog\u00e8ne du boxer, la cardiomyopathie dilat\u00e9e, le syndrome de dilatation-torsion de l&rsquo;estomac sont les pathologies qui engendrent de nombreuses ESV.<br \/>\nL&rsquo;apparition des ESV est favoris\u00e9e par l&rsquo; hypokali\u00e9mie, l&rsquo;hypoxie, les sympathomim\u00e9tiques, les digitaliques et les anesth\u00e9sies volatiles.<\/p>\n<h3>Les tachycardies ventriculaires (TV)<\/h3>\n<p>Elle peut \u00eatre assimil\u00e9e \u00e0 une succession d&rsquo; extrasystoles ventriculaires.<br \/>\nL&rsquo;activit\u00e9 sinusale est pr\u00e9sente mais ind\u00e9pendante de l&rsquo;activit\u00e9 ventriculaire et g\u00e9n\u00e9ralement non visible. L&rsquo; onde P est souvent masqu\u00e9e par le QRS.<br \/>\nLe diagnostic est pos\u00e9 devant une succession rapide et r\u00e9guli\u00e8re de QRS larges (&gt;70 ms) avec onde T ample et oppos\u00e9e au sens du QRS,\u00a0 interrompue par des complexes de fusion et\/ou de capture.<\/p>\n<p style=\"padding-left: 60px;\">&#8211; <strong><span style=\"color: #339966;\">un complexe de fusion<\/span><\/strong> est le r\u00e9sultat d&rsquo;une activation sinusale et ectopique simultan\u00e9e. Le QRS de fusion aura une morphologie interm\u00e9diaire entre un complexe sinusal et une ESV.<br \/>\n&#8211; <strong><span style=\"color: #339966;\">un complexe de capture<\/span><\/strong> est un complexe d&rsquo;origine sinusale (QRS fin) qui se produit lorsque le n\u0153ud sino-atrial reprend momentan\u00e9ment les commandes du rythme cardiaque.<\/p>\n<p>En l&rsquo;absence de complexe de fusion\/capture, il est parfois difficile de diff\u00e9rencier une TV d&rsquo;une tachycardie supraventriculaire avec bloc de branche associ\u00e9 ou d&rsquo;une tachycardie jonctionnelle antidromique.<\/p>\n<p>La tol\u00e9rance est li\u00e9e \u00e0 la fr\u00e9quence de la TV, mais comme elle apparait g\u00e9n\u00e9ralement sur un c\u0153ur d\u00e9j\u00e0 l\u00e9s\u00e9, les cons\u00e9quences, en terme de baisse du d\u00e9bit cardiaque et de risque de passage en fibrillation ventriculaire, sont importants.<\/p>\n<h2><span style=\"color: #000000;\">Diagnostic diff\u00e9rentiel TSV\/TV:<\/span><\/h2>\n<p>Lorsqu&rsquo;on ne met en \u00e9vidence ni ondes P , ni complexes de capture et\/ou de fusion, il n&rsquo;est pas possible d&rsquo;affirmer l&rsquo;origine d&rsquo;une tachycardie.<\/p>\n<p>On peut s&rsquo;inspirer de certains algorythmes d&rsquo; \u00e9lectrocardiographie humaine en les adaptant aux dur\u00e9es normales des QRS de l&rsquo;animal examin\u00e9 pour estimer l&rsquo;origine du trouble:<\/p>\n<p><strong><span style=\"color: #339966;\">&#8211; indices de Verecke\u00ef:<\/span> <\/strong><br \/>\n1) En AVR, on mesure la dur\u00e9e de l&rsquo;onde Q ou R. Si celle-ci est sup\u00e9rieure au tiers de la dur\u00e9e normale du QRS de l&rsquo;animal, le complexe est probablement d&rsquo;origine ventriculaire.<\/p>\n<p>2) En D2, on partage la dur\u00e9e de QRS biphasique en 3 parties \u00e9gales et on mesure les amplitudes du signal sur le premier tiers (onde initiale: Vi) et sur le dernier tiers du QRS (onde terminale: Vt).<\/p>\n<p style=\"padding-left: 90px;\"><strong>Si Vi &gt; Vt: TSV<\/strong><br \/>\n<strong>Si Vi &lt; Vt: TV<\/strong><br \/>\n<strong>(tachycardie ventriculaire si: Vi \/ Vt &lt;1)<\/strong><\/p>\n<p><span style=\"color: #339966;\"><strong>&#8211; indice de Pava:<\/strong><\/span> On mesure en D2, le temps d&rsquo;inscription de l&rsquo;onde R (ou de l&rsquo;onde S, si la polarit\u00e9 du QRS est n\u00e9gative). Si cette dur\u00e9e\u00a0 est sup\u00e9rieure au tiers de la dur\u00e9e normale du QRS de l&rsquo;animal, le complexe est probablement d&rsquo;origine ventriculaire.<\/p>\n<figure id=\"attachment_971\" aria-describedby=\"caption-attachment-971\" style=\"width: 2622px\" class=\"wp-caption alignnone\"><img loading=\"lazy\" decoding=\"async\" class=\"wp-image-971 size-full\" src=\"http:\/\/vet-ecg.ddns.net\/wp-content\/uploads\/2018\/06\/indices-tv3.jpg\" alt=\"caract\u00e9risation de l'origine d'une extrasystole\" width=\"2622\" height=\"1250\" \/><figcaption id=\"caption-attachment-971\" class=\"wp-caption-text\">Indices de dur\u00e9e et de v\u00e9locit\u00e9 permettant de distinguer une extrasystole ventriculaire d&rsquo;une systole supraventriculaire.<\/figcaption><\/figure>\n<p>Dans cet exemple:<\/p>\n<p style=\"padding-left: 30px;\">le temps d&rsquo;inscription de l&rsquo;onde Q dure 28 ms en D2 (max=40\/3=13).<\/p>\n<p style=\"padding-left: 30px;\">Si Vi &gt; Vt: TSV<br \/>\nSi Vi &lt; Vt:\u00a0 TV<\/p>\n<p style=\"padding-left: 30px;\">tachycardie ventriculaire si: Vi\/Vt &lt;=1 en D2:\u00a0 (-0,22)\u00f7(-0,31)= 0,71.<\/p>\n<p style=\"padding-left: 30px;\">la dur\u00e9e de l&rsquo;onde R en D2 est de 52 ms (40 max)<\/p>\n<p>on peut en d\u00e9duire qu&rsquo;il s&rsquo;agit bien d&rsquo;une TV.<\/p>\n<h3><span style=\"color: #000000;\">La torsade de pointe<\/span><\/h3>\n<p>C&rsquo;est une tachycardie ventriculaire fugace qui \u00e9voque un flutter ventriculaire &lsquo;irr\u00e9gulier&rsquo;. Il existe une rotation de la pointe des QRS (dirig\u00e9e tant\u00f4t vers le haut, tant\u00f4t vers le bas).<\/p>\n<p>Ce polymorphisme est d\u00fb \u00e0 une modification incessante du circuit de r\u00e9entr\u00e9e, \u00e0 l&rsquo;origine du trouble.<\/p>\n<p>L&rsquo;amplitude et la fr\u00e9quence des QRS varient de mani\u00e8re cyclique.<\/p>\n<p>Une extrasystole \u00e0 couplage court dans un contexte d&rsquo; intervalle QT long (&gt; 250 ms) est le facteur d\u00e9clenchant des torsades de pointe. Cela se rencontre essentiellement sur des rythmes de base lents ou dans les hypokali\u00e9mies s\u00e9v\u00e8res.<\/p>\n<p>Une s\u00e9quence de couplage RR court-long-court\u00a0 peut d\u00e9clencher une TDP,\u00a0 de m\u00eame que certains m\u00e9dicaments: \u00e9rythromycine, inhibiteurs de la capture de la s\u00e9rotonine,\u00a0 digoxine et anti-arythmiques de la classe 1A.<\/p>\n<p>Les torsades de pointe sont mal tol\u00e9r\u00e9es et peuvent se transformer en fibrillation ventriculaire.<\/p>\n<h3><span style=\"color: #000000;\">Le flutter ventriculaire<\/span><\/h3>\n<p><span style=\"color: #000000;\">Le flutter ventriculaire est une tachycardie\u00a0 ventriculaire <\/span><span style=\"color: #000000;\">monomorphe <\/span><span style=\"color: #000000;\">tr\u00e8s rapide qui ondule sous la forme d&rsquo;une sinuso\u00efde. L&rsquo;onde T n&rsquo;est plus individualis\u00e9e. Le flutter correspond \u00e0 la d\u00e9sorganisation d&rsquo;une tachycardie ventriculaire.<br \/>\n<\/span><\/p>\n<p>C&rsquo;est un trouble rare, fugace et mal tol\u00e9r\u00e9. Il peut se r\u00e9soudre spontan\u00e9ment mais \u00e9volue souvent vers la fibrillation ventriculaire.<\/p>\n<h3><span style=\"color: #000000;\">La fibrillation ventriculaire<\/span><\/h3>\n<p>C&rsquo;est une activit\u00e9 \u00e9lectrique incoordonn\u00e9e du myocarde ventriculaire, responsable d&rsquo;un arr\u00eat circulatoire (asystolie).<\/p>\n<p>L&rsquo; ECG se traduit par des ondulations d\u2019amplitude et de fr\u00e9quence variables qui se rar\u00e9fient jusqu&rsquo;\u00e0 un trac\u00e9 plat.<\/p>\n<p>Une fibrillation ventriculaire vient souvent compliquer une tachycardie ventriculaire rapide. Elle peut aussi \u00eatre d\u00e9clench\u00e9e par une extrasystole R\/T. Ce trouble du rythme se rencontre dans les cardiomyopathies, la dysplasie arythmog\u00e8ne du ventricule droit et les bradycardies \u00e0 QT long.<\/p>\n<h3><span style=\"color: #000000;\">la parasystolie ventriculaire<\/span><\/h3>\n<p>Il s&rsquo;agit d&rsquo;un rythme ventriculaire qui se superpose au rythme de base.<br \/>\nLes deux rythmes sont ind\u00e9pendants l&rsquo;un de l&rsquo;autre.<\/p>\n<p>La parasystolie r\u00e9sulte d&rsquo; un automatisme anormal et peut aussi toucher, mais plus rarement, l&rsquo;\u00e9tage atrial ou jonctionnel.<\/p>\n<p>L&rsquo; ECG montre des extrasystoles ventriculaires \u00e0 couplage variable d&rsquo;autant plus fr\u00e9quentes que la fr\u00e9quence sinusale est lente. Les \u00e9carts inter-ectopiques sont toujours des multiples d&rsquo;un d\u00e9nominateur commun.<br \/>\nLa parasystolie ventriculaire se rencontre lors d&rsquo;hypothyro\u00efdie ou de l\u00e9sions de fibrose.<\/p>\n<p>C&rsquo;est un trouble tr\u00e8s rare et qui a peu de cons\u00e9quences sur l&rsquo;h\u00e9modynamique.<\/p>\n<h3><span style=\"color: #000000;\">Le rythme idioventriculaire acc\u00e9l\u00e9r\u00e9 (RIVA)<\/span><\/h3>\n<p>C&rsquo;est un rythme qui prend naissance dans les voies de conduction ventriculaire.<\/p>\n<p>Ce rythme est plus rapide que celui d&rsquo;un \u00e9chappement ventriculaire.<\/p>\n<p>Il est form\u00e9 de QRS larges et se pr\u00e9sente comme une tachycardie ventriculaire r\u00e9guli\u00e8re\u00a0 lente (70 \u00e0 160 bpm). La dissociation atrioventriculaire n&rsquo;est pas toujours visible.<\/p>\n<p>Des complexes de fusion et de capture peuvent apparaitre sur le trac\u00e9.<\/p>\n","protected":false},"excerpt":{"rendered":"<p>L&rsquo; hyperexcitabilit\u00e9 ventriculaire C&rsquo;est un trouble qui prend naissance au del\u00e0 du tronc du faisceau de His. Le point de d\u00e9part peut donc \u00eatre les 2 branches du faisceau de His, le r\u00e9seau de Purkinje ou encore le myocarde ventriculaire commun. La caract\u00e9ristique \u00e9lectrocardiographique d&rsquo; une ectopie ventriculaire est de se traduire par des QRS &hellip; <a href=\"http:\/\/vet-ecg.ddns.net\/index.php\/troubles-de-lexcitabilite-ventriculaire\/\" class=\"more-link\">Continuer la lecture de <span class=\"screen-reader-text\">troubles de l&rsquo;excitabilit\u00e9 ventriculaire<\/span><\/a><\/p>\n","protected":false},"author":1,"featured_media":0,"parent":0,"menu_order":0,"comment_status":"closed","ping_status":"closed","template":"","meta":{"footnotes":""},"class_list":["post-864","page","type-page","status-publish","hentry"],"yoast_head":"<!-- This site is optimized with the Yoast SEO plugin v27.4 - https:\/\/yoast.com\/product\/yoast-seo-wordpress\/ -->\n<title>troubles de l&#039;excitabilit\u00e9 ventriculaire - Blog d&#039;\u00e9lectrocardiographie v\u00e9t\u00e9rinaire<\/title>\n<meta name=\"description\" content=\"Description des troubles de l&#039;excitabilit\u00e9 ventriculaire rencontr\u00e9s chez le chien et le chat. Ils naissent en dessous de la bifurcation du faisceau de His.\" \/>\n<meta name=\"robots\" content=\"index, follow, max-snippet:-1, max-image-preview:large, max-video-preview:-1\" \/>\n<link rel=\"canonical\" href=\"http:\/\/vet-ecg.ddns.net\/index.php\/troubles-de-lexcitabilite-ventriculaire\/\" \/>\n<meta name=\"twitter:label1\" content=\"Dur\u00e9e de lecture estim\u00e9e\" \/>\n\t<meta name=\"twitter:data1\" content=\"7 minutes\" \/>\n<script type=\"application\/ld+json\" class=\"yoast-schema-graph\">{\"@context\":\"https:\\\/\\\/schema.org\",\"@graph\":[{\"@type\":\"WebPage\",\"@id\":\"http:\\\/\\\/vet-ecg.ddns.net\\\/index.php\\\/troubles-de-lexcitabilite-ventriculaire\\\/\",\"url\":\"http:\\\/\\\/vet-ecg.ddns.net\\\/index.php\\\/troubles-de-lexcitabilite-ventriculaire\\\/\",\"name\":\"troubles de l'excitabilit\u00e9 ventriculaire - Blog d&#039;\u00e9lectrocardiographie v\u00e9t\u00e9rinaire\",\"isPartOf\":{\"@id\":\"http:\\\/\\\/vet-ecg.ddns.net\\\/#website\"},\"primaryImageOfPage\":{\"@id\":\"http:\\\/\\\/vet-ecg.ddns.net\\\/index.php\\\/troubles-de-lexcitabilite-ventriculaire\\\/#primaryimage\"},\"image\":{\"@id\":\"http:\\\/\\\/vet-ecg.ddns.net\\\/index.php\\\/troubles-de-lexcitabilite-ventriculaire\\\/#primaryimage\"},\"thumbnailUrl\":\"http:\\\/\\\/vet-ecg.ddns.net\\\/wp-content\\\/uploads\\\/2018\\\/06\\\/esv-droite-gauche.jpg\",\"datePublished\":\"2018-06-10T08:11:43+00:00\",\"dateModified\":\"2019-11-30T17:24:24+00:00\",\"description\":\"Description des troubles de l'excitabilit\u00e9 ventriculaire rencontr\u00e9s chez le chien et le chat. Ils naissent en dessous de la bifurcation du faisceau de His.\",\"breadcrumb\":{\"@id\":\"http:\\\/\\\/vet-ecg.ddns.net\\\/index.php\\\/troubles-de-lexcitabilite-ventriculaire\\\/#breadcrumb\"},\"inLanguage\":\"fr-FR\",\"potentialAction\":[{\"@type\":\"ReadAction\",\"target\":[\"http:\\\/\\\/vet-ecg.ddns.net\\\/index.php\\\/troubles-de-lexcitabilite-ventriculaire\\\/\"]}]},{\"@type\":\"ImageObject\",\"inLanguage\":\"fr-FR\",\"@id\":\"http:\\\/\\\/vet-ecg.ddns.net\\\/index.php\\\/troubles-de-lexcitabilite-ventriculaire\\\/#primaryimage\",\"url\":\"http:\\\/\\\/vet-ecg.ddns.net\\\/wp-content\\\/uploads\\\/2018\\\/06\\\/esv-droite-gauche.jpg\",\"contentUrl\":\"http:\\\/\\\/vet-ecg.ddns.net\\\/wp-content\\\/uploads\\\/2018\\\/06\\\/esv-droite-gauche.jpg\",\"width\":166,\"height\":291},{\"@type\":\"BreadcrumbList\",\"@id\":\"http:\\\/\\\/vet-ecg.ddns.net\\\/index.php\\\/troubles-de-lexcitabilite-ventriculaire\\\/#breadcrumb\",\"itemListElement\":[{\"@type\":\"ListItem\",\"position\":1,\"name\":\"Accueil\",\"item\":\"http:\\\/\\\/vet-ecg.ddns.net\\\/\"},{\"@type\":\"ListItem\",\"position\":2,\"name\":\"troubles de l&rsquo;excitabilit\u00e9 ventriculaire\"}]},{\"@type\":\"WebSite\",\"@id\":\"http:\\\/\\\/vet-ecg.ddns.net\\\/#website\",\"url\":\"http:\\\/\\\/vet-ecg.ddns.net\\\/\",\"name\":\"Blog d&#039;\u00e9lectrocardiographie v\u00e9t\u00e9rinaire\",\"description\":\"recueil d&#039;ECG de chiens et de chats\",\"publisher\":{\"@id\":\"http:\\\/\\\/vet-ecg.ddns.net\\\/#\\\/schema\\\/person\\\/fec4070a47e235fed904fab73cae00b4\"},\"alternateName\":\"\u00e9lectrocardiographie v\u00e9t\u00e9rinaire\",\"potentialAction\":[{\"@type\":\"SearchAction\",\"target\":{\"@type\":\"EntryPoint\",\"urlTemplate\":\"http:\\\/\\\/vet-ecg.ddns.net\\\/?s={search_term_string}\"},\"query-input\":{\"@type\":\"PropertyValueSpecification\",\"valueRequired\":true,\"valueName\":\"search_term_string\"}}],\"inLanguage\":\"fr-FR\"},{\"@type\":[\"Person\",\"Organization\"],\"@id\":\"http:\\\/\\\/vet-ecg.ddns.net\\\/#\\\/schema\\\/person\\\/fec4070a47e235fed904fab73cae00b4\",\"name\":\"admin\",\"image\":{\"@type\":\"ImageObject\",\"inLanguage\":\"fr-FR\",\"@id\":\"http:\\\/\\\/vet-ecg.ddns.net\\\/wp-content\\\/uploads\\\/2018\\\/04\\\/Zelda-2-ECG-248.jpg\",\"url\":\"http:\\\/\\\/vet-ecg.ddns.net\\\/wp-content\\\/uploads\\\/2018\\\/04\\\/Zelda-2-ECG-248.jpg\",\"contentUrl\":\"http:\\\/\\\/vet-ecg.ddns.net\\\/wp-content\\\/uploads\\\/2018\\\/04\\\/Zelda-2-ECG-248.jpg\",\"width\":248,\"height\":248,\"caption\":\"admin\"},\"logo\":{\"@id\":\"http:\\\/\\\/vet-ecg.ddns.net\\\/wp-content\\\/uploads\\\/2018\\\/04\\\/Zelda-2-ECG-248.jpg\"},\"description\":\"Les trac\u00e9s publi\u00e9s sur ce site sont issus de diff\u00e9rentes cliniques v\u00e9t\u00e9rinaires de Paris et de sa banlieue durant les 10 derni\u00e8res ann\u00e9es. Les ECG r\u00e9alis\u00e9s ont \u00e9t\u00e9 r\u00e9alis\u00e9s sur des chiens et des chats qui ont tous b\u00e9n\u00e9fici\u00e9 d'une \u00e9chocardiographie.\"}]}<\/script>\n<!-- \/ Yoast SEO plugin. -->","yoast_head_json":{"title":"troubles de l'excitabilit\u00e9 ventriculaire - Blog d&#039;\u00e9lectrocardiographie v\u00e9t\u00e9rinaire","description":"Description des troubles de l'excitabilit\u00e9 ventriculaire rencontr\u00e9s chez le chien et le chat. Ils naissent en dessous de la bifurcation du faisceau de His.","robots":{"index":"index","follow":"follow","max-snippet":"max-snippet:-1","max-image-preview":"max-image-preview:large","max-video-preview":"max-video-preview:-1"},"canonical":"http:\/\/vet-ecg.ddns.net\/index.php\/troubles-de-lexcitabilite-ventriculaire\/","twitter_misc":{"Dur\u00e9e de lecture estim\u00e9e":"7 minutes"},"schema":{"@context":"https:\/\/schema.org","@graph":[{"@type":"WebPage","@id":"http:\/\/vet-ecg.ddns.net\/index.php\/troubles-de-lexcitabilite-ventriculaire\/","url":"http:\/\/vet-ecg.ddns.net\/index.php\/troubles-de-lexcitabilite-ventriculaire\/","name":"troubles de l'excitabilit\u00e9 ventriculaire - Blog d&#039;\u00e9lectrocardiographie v\u00e9t\u00e9rinaire","isPartOf":{"@id":"http:\/\/vet-ecg.ddns.net\/#website"},"primaryImageOfPage":{"@id":"http:\/\/vet-ecg.ddns.net\/index.php\/troubles-de-lexcitabilite-ventriculaire\/#primaryimage"},"image":{"@id":"http:\/\/vet-ecg.ddns.net\/index.php\/troubles-de-lexcitabilite-ventriculaire\/#primaryimage"},"thumbnailUrl":"http:\/\/vet-ecg.ddns.net\/wp-content\/uploads\/2018\/06\/esv-droite-gauche.jpg","datePublished":"2018-06-10T08:11:43+00:00","dateModified":"2019-11-30T17:24:24+00:00","description":"Description des troubles de l'excitabilit\u00e9 ventriculaire rencontr\u00e9s chez le chien et le chat. Ils naissent en dessous de la bifurcation du faisceau de His.","breadcrumb":{"@id":"http:\/\/vet-ecg.ddns.net\/index.php\/troubles-de-lexcitabilite-ventriculaire\/#breadcrumb"},"inLanguage":"fr-FR","potentialAction":[{"@type":"ReadAction","target":["http:\/\/vet-ecg.ddns.net\/index.php\/troubles-de-lexcitabilite-ventriculaire\/"]}]},{"@type":"ImageObject","inLanguage":"fr-FR","@id":"http:\/\/vet-ecg.ddns.net\/index.php\/troubles-de-lexcitabilite-ventriculaire\/#primaryimage","url":"http:\/\/vet-ecg.ddns.net\/wp-content\/uploads\/2018\/06\/esv-droite-gauche.jpg","contentUrl":"http:\/\/vet-ecg.ddns.net\/wp-content\/uploads\/2018\/06\/esv-droite-gauche.jpg","width":166,"height":291},{"@type":"BreadcrumbList","@id":"http:\/\/vet-ecg.ddns.net\/index.php\/troubles-de-lexcitabilite-ventriculaire\/#breadcrumb","itemListElement":[{"@type":"ListItem","position":1,"name":"Accueil","item":"http:\/\/vet-ecg.ddns.net\/"},{"@type":"ListItem","position":2,"name":"troubles de l&rsquo;excitabilit\u00e9 ventriculaire"}]},{"@type":"WebSite","@id":"http:\/\/vet-ecg.ddns.net\/#website","url":"http:\/\/vet-ecg.ddns.net\/","name":"Blog d&#039;\u00e9lectrocardiographie v\u00e9t\u00e9rinaire","description":"recueil d&#039;ECG de chiens et de chats","publisher":{"@id":"http:\/\/vet-ecg.ddns.net\/#\/schema\/person\/fec4070a47e235fed904fab73cae00b4"},"alternateName":"\u00e9lectrocardiographie v\u00e9t\u00e9rinaire","potentialAction":[{"@type":"SearchAction","target":{"@type":"EntryPoint","urlTemplate":"http:\/\/vet-ecg.ddns.net\/?s={search_term_string}"},"query-input":{"@type":"PropertyValueSpecification","valueRequired":true,"valueName":"search_term_string"}}],"inLanguage":"fr-FR"},{"@type":["Person","Organization"],"@id":"http:\/\/vet-ecg.ddns.net\/#\/schema\/person\/fec4070a47e235fed904fab73cae00b4","name":"admin","image":{"@type":"ImageObject","inLanguage":"fr-FR","@id":"http:\/\/vet-ecg.ddns.net\/wp-content\/uploads\/2018\/04\/Zelda-2-ECG-248.jpg","url":"http:\/\/vet-ecg.ddns.net\/wp-content\/uploads\/2018\/04\/Zelda-2-ECG-248.jpg","contentUrl":"http:\/\/vet-ecg.ddns.net\/wp-content\/uploads\/2018\/04\/Zelda-2-ECG-248.jpg","width":248,"height":248,"caption":"admin"},"logo":{"@id":"http:\/\/vet-ecg.ddns.net\/wp-content\/uploads\/2018\/04\/Zelda-2-ECG-248.jpg"},"description":"Les trac\u00e9s publi\u00e9s sur ce site sont issus de diff\u00e9rentes cliniques v\u00e9t\u00e9rinaires de Paris et de sa banlieue durant les 10 derni\u00e8res ann\u00e9es. Les ECG r\u00e9alis\u00e9s ont \u00e9t\u00e9 r\u00e9alis\u00e9s sur des chiens et des chats qui ont tous b\u00e9n\u00e9fici\u00e9 d'une \u00e9chocardiographie."}]}},"_links":{"self":[{"href":"http:\/\/vet-ecg.ddns.net\/index.php\/wp-json\/wp\/v2\/pages\/864","targetHints":{"allow":["GET"]}}],"collection":[{"href":"http:\/\/vet-ecg.ddns.net\/index.php\/wp-json\/wp\/v2\/pages"}],"about":[{"href":"http:\/\/vet-ecg.ddns.net\/index.php\/wp-json\/wp\/v2\/types\/page"}],"author":[{"embeddable":true,"href":"http:\/\/vet-ecg.ddns.net\/index.php\/wp-json\/wp\/v2\/users\/1"}],"replies":[{"embeddable":true,"href":"http:\/\/vet-ecg.ddns.net\/index.php\/wp-json\/wp\/v2\/comments?post=864"}],"version-history":[{"count":0,"href":"http:\/\/vet-ecg.ddns.net\/index.php\/wp-json\/wp\/v2\/pages\/864\/revisions"}],"wp:attachment":[{"href":"http:\/\/vet-ecg.ddns.net\/index.php\/wp-json\/wp\/v2\/media?parent=864"}],"curies":[{"name":"wp","href":"https:\/\/api.w.org\/{rel}","templated":true}]}}