{"id":385,"date":"2018-04-02T16:21:26","date_gmt":"2018-04-02T14:21:26","guid":{"rendered":"http:\/\/192.168.1.104\/?page_id=385"},"modified":"2019-11-30T17:45:44","modified_gmt":"2019-11-30T16:45:44","slug":"physiologie-cardiaque-chez-le-chien","status":"publish","type":"page","link":"http:\/\/vet-ecg.ddns.net\/index.php\/physiologie-cardiaque-chez-le-chien\/","title":{"rendered":"Physiologie"},"content":{"rendered":"<h2><strong>1) Activation \u00e9lectrique du myocarde<br \/>\n<\/strong><\/h2>\n<p>Le myocarde est constitu\u00e9:<br \/>\n&#8211; de cellules dou\u00e9es d&rsquo;automatisme (n\u0153ud sinusal: pacemaker physiologique). Elles g\u00e9n\u00e8rent p\u00e9riodiquement un potentiel d&rsquo;action qui va aboutir \u00e0 la contraction des myocytes. L&rsquo;excitabilit\u00e9 est la facult\u00e9 d&rsquo;une cellule \u00e0 g\u00e9n\u00e9rer un potentiel d&rsquo;action \u00e0 partir d&rsquo;un stimulus.<br \/>\n&#8211; de fibres lentes (n\u0153ud auriculo-ventriculaire) constitu\u00e9es de cellules sp\u00e9cialis\u00e9es dans la conduction.<br \/>\n&#8211; de fibres rapides (r\u00e9seau de Purkinje), constitu\u00e9es de cellules sp\u00e9cialis\u00e9es dans l&rsquo;excitation.<\/p>\n<h3><span style=\"color: #000000;\"><strong>La notion de potentiel d&rsquo;action.<\/strong><\/span><\/h3>\n<p>Une cellule cardiaque au repos est polaris\u00e9e: la face externe de la membrane est positive et la face interne, n\u00e9gative.<\/p>\n<p>Cela tient au fait que les concentrations en ions Na+, Ca++ et K+ sont diff\u00e9rentes de part et d&rsquo;autre de la membrane cellulaire.<\/p>\n<p>Il existe par cons\u00e9quent une diff\u00e9rence de potentiel trans-membranaire (potentiel membranaire: Pm) variable selon\u00a0 la perm\u00e9abilit\u00e9 des canaux ioniques qui traversent la membrane de la cellule.<\/p>\n<p>Lorsque l&rsquo;int\u00e9rieur de la cellule est n\u00e9gatif, le Pm est n\u00e9gatif, et inversement.<\/p>\n<p>Ce potentiel est caract\u00e9ris\u00e9 par plusieurs niveaux sp\u00e9cifiques:<br \/>\n<span style=\"color: #339966;\"><strong>&#8211; potentiel seuil (Ps):<\/strong> <\/span>C&rsquo;est le potentiel \u00e0 partir duquel les canaux sodiques et calciques deviennent perm\u00e9ables.<br \/>\n<span style=\"color: #339966;\"><strong>&#8211; potentiel de repos (Pr):<\/strong><\/span> c&rsquo;est le potentiel enregistr\u00e9 lorsque tous les canaux ioniques sont ferm\u00e9s. Le K+ est essentiellement intracellulaire alors que le Na+ et le Ca++ sont plut\u00f4t extra-cellulaires.<br \/>\n<strong><span style=\"color: #339966;\">&#8211; potentiel d&rsquo;action (Pa):<\/span><\/strong> C&rsquo;est la r\u00e9ponse \u00e9lectrique \u00e0 un stimulus. Il est caract\u00e9ris\u00e9 par 4 phases\u00a0 illustr\u00e9es par la courbe ci-dessous figurant les variations de potentiel dans le temps.<\/p>\n<figure id=\"attachment_796\" aria-describedby=\"caption-attachment-796\" style=\"width: 700px\" class=\"wp-caption alignnone\"><img loading=\"lazy\" decoding=\"async\" class=\"wp-image-796 size-full\" src=\"http:\/\/vet-ecg.ddns.net\/wp-content\/uploads\/2018\/06\/potentiel-action-myocytes.jpg\" alt=\"Diff\u00e9rence entre potentiel d'action d'un myocyte contractile et un myocyte automatique (pacemaker)\" width=\"700\" height=\"355\" \/><figcaption id=\"caption-attachment-796\" class=\"wp-caption-text\">Potentiel d&rsquo;action des myocytes et flux transmembranaires.<\/figcaption><\/figure>\n<p>La phase 4 du potentiel d&rsquo;action d&rsquo;un myocyte nodal (pacemaker) est caract\u00e9ris\u00e9e par une pente de d\u00e9polarisation diastolique lente.<br \/>\nC&rsquo;est de cette derni\u00e8re que na\u00eet l&rsquo;automatisme d&rsquo;une cellule en amenant le potentiel membranaire jusqu&rsquo;au potentiel seuil o\u00f9 se d\u00e9clenche une d\u00e9polarisation rapide (phase 0).<\/p>\n<p>La cadence de ces impulsions d\u00e9termine la fr\u00e9quence du rythme sinusal. Cette cadence est modul\u00e9e en permanence par des neurotransmetteurs (ac\u00e9tylcholine et cat\u00e9cholamines) issus des syst\u00e8mes cholinergiques et adr\u00e9nergiques (parasympathique et sympathique).<\/p>\n<p>Cette modulation permanente permet l&rsquo;adaptation imm\u00e9diate du d\u00e9bit sanguin aux besoins de l&rsquo;organisme en bonne sant\u00e9.<\/p>\n<p>Le d\u00e9placement intrasinusal (physiologique) des cellules dominantes du pacemaker se remarque\u00a0 par une modification de la morphologie de l&rsquo;onde P:<\/p>\n<p style=\"padding-left: 60px;\"><span style=\"color: #339966;\">si acc\u00e9l\u00e9ration:<\/span> d\u00e9placement vers la partie c\u00e9phalique du noeud sinusal (PR plus long).<br \/>\n<span style=\"color: #339966;\">si d\u00e9c\u00e9l\u00e9ration:<\/span> d\u00e9placement vers la partie caudale (PR plus court).<\/p>\n<p>Lorsque le n\u0153ud sinusal fait d\u00e9faut, d&rsquo;autres pacemakers peuvent prendre le relais \u00e0 des cadences variables:<br \/>\n&#8211; n\u0153ud sinusal (NS): 60-180 bpm (battements par minute)<br \/>\n&#8211; n\u0153ud AV: 40-60 bpm<br \/>\n&#8211; r\u00e9seau de His-Purkinje: 15-30 bpm<\/p>\n<h3>Propagation de l&rsquo;influx \u00e9lectrique.<\/h3>\n<p>L&rsquo;influx \u00e9lectrique prend naissance dans le n\u0153ud sinusal et emprunte 3 voies de conduction, le n\u0153ud auriculo-ventriculaire (NAV), le tronc du faisceau de His et enfin le r\u00e9seau de Purkinje.<\/p>\n<figure id=\"attachment_631\" aria-describedby=\"caption-attachment-631\" style=\"width: 516px\" class=\"wp-caption alignnone\"><img loading=\"lazy\" decoding=\"async\" class=\"wp-image-631\" src=\"http:\/\/vet-ecg.ddns.net\/wp-content\/uploads\/2018\/05\/voies-de-conduction-cn3.jpg\" alt=\"Noeud sinusal, noeud atrio-ventriculaire et faisceau de His\" width=\"516\" height=\"445\" \/><figcaption id=\"caption-attachment-631\" class=\"wp-caption-text\">Pacemakers physiologiques et voies de conduction.<\/figcaption><\/figure>\n<p>Le n\u0153ud auriculo-ventriculaire (encore appel\u00e9 atrio-ventriculaire: NAV) impose un retard de quelques dizaines de millisecondes \u00e0 la conduction de l&rsquo;influx \u00e9lectrique pour permettre un remplissage efficace des ventricules avant leur contraction.<\/p>\n<h3><strong>Les diff\u00e9rentes d\u00e9flexions P, Q, R, S, T<\/strong><\/h3>\n<div class=\"copy-paste-block\">\n<\/div>\n<figure id=\"attachment_708\" aria-describedby=\"caption-attachment-708\" style=\"width: 498px\" class=\"wp-caption alignnone\"><img loading=\"lazy\" decoding=\"async\" class=\"wp-image-708 size-full\" src=\"http:\/\/vet-ecg.ddns.net\/wp-content\/uploads\/2018\/05\/cycles-cardiaques.jpg\" alt=\"systole auriculaire (P), systole ventriculaire (QRS) et repolarisation (T)\" width=\"498\" height=\"420\" \/><figcaption id=\"caption-attachment-708\" class=\"wp-caption-text\">trac\u00e9 ECG d&rsquo;un cycle cardiaque<\/figcaption><\/figure>\n<p><span style=\"color: #339966;\">onde P:<\/span> d\u00e9flexion (physiologiquement positive en D1 et D2) qui pr\u00e9c\u00e8de le complexe QRS lors de rythme sinusal. Elle est l&rsquo;expression de la d\u00e9polarisation des oreillettes.<\/p>\n<p><strong><span style=\"color: #339966;\">onde Q:<\/span><\/strong> premi\u00e8re d\u00e9flexion n\u00e9gative du complexe QRS. Elle peut \u00eatre absente, mais toujours fine et peu ample si elle est pr\u00e9sente.<\/p>\n<p><strong><span style=\"color: #339966;\">onde R:<\/span><\/strong> premi\u00e8re d\u00e9flexion positive du complexe QRS. Sa plus forte amplitude doit \u00eatre comprise entre 2 et 3,5 mV.<\/p>\n<p><strong><span style=\"color: #339966;\">onde S:<\/span><\/strong> d\u00e9flexion n\u00e9gative qui suit l&rsquo;onde R. Elle est souvent absente chez le chien et le chat. Une onde S dans les d\u00e9rivations D1 et D2 doit faire rechercher une cardiopathie droite.<\/p>\n<p><strong><span style=\"color: #339966;\">onde T: <\/span><\/strong>d\u00e9flexion qui peut \u00eatre positive ou n\u00e9gative mais asym\u00e9trique et d&rsquo;amplitude inf\u00e9rieure au quart de l&rsquo;onde R. Elle corresponde \u00e0 la repolarisation des ventricules.<\/p>\n<p>Le complexe QRS correspond \u00e0 l\u2019activation \u00e9lectrique des ventricules et est concomitant de la systole ventriculaire.<span style=\"color: #ff0000;\"><br \/>\n<\/span><\/p>\n<figure id=\"attachment_820\" aria-describedby=\"caption-attachment-820\" style=\"width: 640px\" class=\"wp-caption alignnone\"><img loading=\"lazy\" decoding=\"async\" class=\"wp-image-820 size-full\" src=\"http:\/\/vet-ecg.ddns.net\/wp-content\/uploads\/2018\/06\/activation-electrique.jpg\" alt=\"Cheminement de l'influx \u00e9lectrique et sa traduction ECG\" width=\"640\" height=\"372\" \/><figcaption id=\"caption-attachment-820\" class=\"wp-caption-text\">Trac\u00e9 ECG et correspondance anatomique<\/figcaption><\/figure>\n<p>Une s\u00e9quence P-QRS-T correspond \u00e0 un cycle cardiaque complet (systole+diastole).<\/p>\n<figure id=\"attachment_544\" aria-describedby=\"caption-attachment-544\" style=\"width: 505px\" class=\"wp-caption alignnone\"><img loading=\"lazy\" decoding=\"async\" class=\"wp-image-544\" src=\"http:\/\/vet-ecg.ddns.net\/wp-content\/uploads\/2018\/04\/cycles-cardiaques-3a.jpg\" alt=\"Correspondance entre phases du cycle cardiaque et trac\u00e9 ECG\" width=\"505\" height=\"212\" \/><figcaption id=\"caption-attachment-544\" class=\"wp-caption-text\">repr\u00e9sentation sch\u00e9matique des systoles et de la diastole.<\/figcaption><\/figure>\n","protected":false},"excerpt":{"rendered":"<p>1) Activation \u00e9lectrique du myocarde Le myocarde est constitu\u00e9: &#8211; de cellules dou\u00e9es d&rsquo;automatisme (n\u0153ud sinusal: pacemaker physiologique). Elles g\u00e9n\u00e8rent p\u00e9riodiquement un potentiel d&rsquo;action qui va aboutir \u00e0 la contraction des myocytes. L&rsquo;excitabilit\u00e9 est la facult\u00e9 d&rsquo;une cellule \u00e0 g\u00e9n\u00e9rer un potentiel d&rsquo;action \u00e0 partir d&rsquo;un stimulus. &#8211; de fibres lentes (n\u0153ud auriculo-ventriculaire) constitu\u00e9es de &hellip; <a href=\"http:\/\/vet-ecg.ddns.net\/index.php\/physiologie-cardiaque-chez-le-chien\/\" class=\"more-link\">Continuer la lecture de <span class=\"screen-reader-text\">Physiologie<\/span><\/a><\/p>\n","protected":false},"author":1,"featured_media":0,"parent":0,"menu_order":0,"comment_status":"closed","ping_status":"closed","template":"","meta":{"footnotes":""},"class_list":["post-385","page","type-page","status-publish","hentry"],"yoast_head":"<!-- This site is optimized with the Yoast SEO plugin v27.4 - https:\/\/yoast.com\/product\/yoast-seo-wordpress\/ -->\n<title>Physiologie - Blog d&#039;\u00e9lectrocardiographie v\u00e9t\u00e9rinaire<\/title>\n<meta name=\"description\" content=\"Cette page rappelle les bases de la physiologie cardiaque: notion de potentiel d&#039;action et propoagation de l&#039;influx \u00e9lectrique.\" \/>\n<meta name=\"robots\" content=\"index, follow, max-snippet:-1, max-image-preview:large, max-video-preview:-1\" \/>\n<link rel=\"canonical\" href=\"http:\/\/vet-ecg.ddns.net\/index.php\/physiologie-cardiaque-chez-le-chien\/\" \/>\n<meta name=\"twitter:label1\" content=\"Dur\u00e9e de lecture estim\u00e9e\" \/>\n\t<meta name=\"twitter:data1\" content=\"4 minutes\" \/>\n<script type=\"application\/ld+json\" class=\"yoast-schema-graph\">{\"@context\":\"https:\\\/\\\/schema.org\",\"@graph\":[{\"@type\":\"WebPage\",\"@id\":\"http:\\\/\\\/vet-ecg.ddns.net\\\/index.php\\\/physiologie-cardiaque-chez-le-chien\\\/\",\"url\":\"http:\\\/\\\/vet-ecg.ddns.net\\\/index.php\\\/physiologie-cardiaque-chez-le-chien\\\/\",\"name\":\"Physiologie - Blog d&#039;\u00e9lectrocardiographie v\u00e9t\u00e9rinaire\",\"isPartOf\":{\"@id\":\"http:\\\/\\\/vet-ecg.ddns.net\\\/#website\"},\"primaryImageOfPage\":{\"@id\":\"http:\\\/\\\/vet-ecg.ddns.net\\\/index.php\\\/physiologie-cardiaque-chez-le-chien\\\/#primaryimage\"},\"image\":{\"@id\":\"http:\\\/\\\/vet-ecg.ddns.net\\\/index.php\\\/physiologie-cardiaque-chez-le-chien\\\/#primaryimage\"},\"thumbnailUrl\":\"http:\\\/\\\/vet-ecg.ddns.net\\\/wp-content\\\/uploads\\\/2018\\\/06\\\/potentiel-action-myocytes.jpg\",\"datePublished\":\"2018-04-02T14:21:26+00:00\",\"dateModified\":\"2019-11-30T16:45:44+00:00\",\"description\":\"Cette page rappelle les bases de la physiologie cardiaque: notion de potentiel d'action et propoagation de l'influx \u00e9lectrique.\",\"breadcrumb\":{\"@id\":\"http:\\\/\\\/vet-ecg.ddns.net\\\/index.php\\\/physiologie-cardiaque-chez-le-chien\\\/#breadcrumb\"},\"inLanguage\":\"fr-FR\",\"potentialAction\":[{\"@type\":\"ReadAction\",\"target\":[\"http:\\\/\\\/vet-ecg.ddns.net\\\/index.php\\\/physiologie-cardiaque-chez-le-chien\\\/\"]}]},{\"@type\":\"ImageObject\",\"inLanguage\":\"fr-FR\",\"@id\":\"http:\\\/\\\/vet-ecg.ddns.net\\\/index.php\\\/physiologie-cardiaque-chez-le-chien\\\/#primaryimage\",\"url\":\"http:\\\/\\\/vet-ecg.ddns.net\\\/wp-content\\\/uploads\\\/2018\\\/06\\\/potentiel-action-myocytes.jpg\",\"contentUrl\":\"http:\\\/\\\/vet-ecg.ddns.net\\\/wp-content\\\/uploads\\\/2018\\\/06\\\/potentiel-action-myocytes.jpg\",\"width\":700,\"height\":355},{\"@type\":\"BreadcrumbList\",\"@id\":\"http:\\\/\\\/vet-ecg.ddns.net\\\/index.php\\\/physiologie-cardiaque-chez-le-chien\\\/#breadcrumb\",\"itemListElement\":[{\"@type\":\"ListItem\",\"position\":1,\"name\":\"Accueil\",\"item\":\"http:\\\/\\\/vet-ecg.ddns.net\\\/\"},{\"@type\":\"ListItem\",\"position\":2,\"name\":\"Physiologie\"}]},{\"@type\":\"WebSite\",\"@id\":\"http:\\\/\\\/vet-ecg.ddns.net\\\/#website\",\"url\":\"http:\\\/\\\/vet-ecg.ddns.net\\\/\",\"name\":\"Blog d&#039;\u00e9lectrocardiographie v\u00e9t\u00e9rinaire\",\"description\":\"recueil d&#039;ECG de chiens et de chats\",\"publisher\":{\"@id\":\"http:\\\/\\\/vet-ecg.ddns.net\\\/#\\\/schema\\\/person\\\/fec4070a47e235fed904fab73cae00b4\"},\"alternateName\":\"\u00e9lectrocardiographie v\u00e9t\u00e9rinaire\",\"potentialAction\":[{\"@type\":\"SearchAction\",\"target\":{\"@type\":\"EntryPoint\",\"urlTemplate\":\"http:\\\/\\\/vet-ecg.ddns.net\\\/?s={search_term_string}\"},\"query-input\":{\"@type\":\"PropertyValueSpecification\",\"valueRequired\":true,\"valueName\":\"search_term_string\"}}],\"inLanguage\":\"fr-FR\"},{\"@type\":[\"Person\",\"Organization\"],\"@id\":\"http:\\\/\\\/vet-ecg.ddns.net\\\/#\\\/schema\\\/person\\\/fec4070a47e235fed904fab73cae00b4\",\"name\":\"admin\",\"image\":{\"@type\":\"ImageObject\",\"inLanguage\":\"fr-FR\",\"@id\":\"http:\\\/\\\/vet-ecg.ddns.net\\\/wp-content\\\/uploads\\\/2018\\\/04\\\/Zelda-2-ECG-248.jpg\",\"url\":\"http:\\\/\\\/vet-ecg.ddns.net\\\/wp-content\\\/uploads\\\/2018\\\/04\\\/Zelda-2-ECG-248.jpg\",\"contentUrl\":\"http:\\\/\\\/vet-ecg.ddns.net\\\/wp-content\\\/uploads\\\/2018\\\/04\\\/Zelda-2-ECG-248.jpg\",\"width\":248,\"height\":248,\"caption\":\"admin\"},\"logo\":{\"@id\":\"http:\\\/\\\/vet-ecg.ddns.net\\\/wp-content\\\/uploads\\\/2018\\\/04\\\/Zelda-2-ECG-248.jpg\"},\"description\":\"Les trac\u00e9s publi\u00e9s sur ce site sont issus de diff\u00e9rentes cliniques v\u00e9t\u00e9rinaires de Paris et de sa banlieue durant les 10 derni\u00e8res ann\u00e9es. Les ECG r\u00e9alis\u00e9s ont \u00e9t\u00e9 r\u00e9alis\u00e9s sur des chiens et des chats qui ont tous b\u00e9n\u00e9fici\u00e9 d'une \u00e9chocardiographie.\"}]}<\/script>\n<!-- \/ Yoast SEO plugin. -->","yoast_head_json":{"title":"Physiologie - Blog d&#039;\u00e9lectrocardiographie v\u00e9t\u00e9rinaire","description":"Cette page rappelle les bases de la physiologie cardiaque: notion de potentiel d'action et propoagation de l'influx \u00e9lectrique.","robots":{"index":"index","follow":"follow","max-snippet":"max-snippet:-1","max-image-preview":"max-image-preview:large","max-video-preview":"max-video-preview:-1"},"canonical":"http:\/\/vet-ecg.ddns.net\/index.php\/physiologie-cardiaque-chez-le-chien\/","twitter_misc":{"Dur\u00e9e de lecture estim\u00e9e":"4 minutes"},"schema":{"@context":"https:\/\/schema.org","@graph":[{"@type":"WebPage","@id":"http:\/\/vet-ecg.ddns.net\/index.php\/physiologie-cardiaque-chez-le-chien\/","url":"http:\/\/vet-ecg.ddns.net\/index.php\/physiologie-cardiaque-chez-le-chien\/","name":"Physiologie - Blog d&#039;\u00e9lectrocardiographie v\u00e9t\u00e9rinaire","isPartOf":{"@id":"http:\/\/vet-ecg.ddns.net\/#website"},"primaryImageOfPage":{"@id":"http:\/\/vet-ecg.ddns.net\/index.php\/physiologie-cardiaque-chez-le-chien\/#primaryimage"},"image":{"@id":"http:\/\/vet-ecg.ddns.net\/index.php\/physiologie-cardiaque-chez-le-chien\/#primaryimage"},"thumbnailUrl":"http:\/\/vet-ecg.ddns.net\/wp-content\/uploads\/2018\/06\/potentiel-action-myocytes.jpg","datePublished":"2018-04-02T14:21:26+00:00","dateModified":"2019-11-30T16:45:44+00:00","description":"Cette page rappelle les bases de la physiologie cardiaque: notion de potentiel d'action et propoagation de l'influx \u00e9lectrique.","breadcrumb":{"@id":"http:\/\/vet-ecg.ddns.net\/index.php\/physiologie-cardiaque-chez-le-chien\/#breadcrumb"},"inLanguage":"fr-FR","potentialAction":[{"@type":"ReadAction","target":["http:\/\/vet-ecg.ddns.net\/index.php\/physiologie-cardiaque-chez-le-chien\/"]}]},{"@type":"ImageObject","inLanguage":"fr-FR","@id":"http:\/\/vet-ecg.ddns.net\/index.php\/physiologie-cardiaque-chez-le-chien\/#primaryimage","url":"http:\/\/vet-ecg.ddns.net\/wp-content\/uploads\/2018\/06\/potentiel-action-myocytes.jpg","contentUrl":"http:\/\/vet-ecg.ddns.net\/wp-content\/uploads\/2018\/06\/potentiel-action-myocytes.jpg","width":700,"height":355},{"@type":"BreadcrumbList","@id":"http:\/\/vet-ecg.ddns.net\/index.php\/physiologie-cardiaque-chez-le-chien\/#breadcrumb","itemListElement":[{"@type":"ListItem","position":1,"name":"Accueil","item":"http:\/\/vet-ecg.ddns.net\/"},{"@type":"ListItem","position":2,"name":"Physiologie"}]},{"@type":"WebSite","@id":"http:\/\/vet-ecg.ddns.net\/#website","url":"http:\/\/vet-ecg.ddns.net\/","name":"Blog d&#039;\u00e9lectrocardiographie v\u00e9t\u00e9rinaire","description":"recueil d&#039;ECG de chiens et de chats","publisher":{"@id":"http:\/\/vet-ecg.ddns.net\/#\/schema\/person\/fec4070a47e235fed904fab73cae00b4"},"alternateName":"\u00e9lectrocardiographie v\u00e9t\u00e9rinaire","potentialAction":[{"@type":"SearchAction","target":{"@type":"EntryPoint","urlTemplate":"http:\/\/vet-ecg.ddns.net\/?s={search_term_string}"},"query-input":{"@type":"PropertyValueSpecification","valueRequired":true,"valueName":"search_term_string"}}],"inLanguage":"fr-FR"},{"@type":["Person","Organization"],"@id":"http:\/\/vet-ecg.ddns.net\/#\/schema\/person\/fec4070a47e235fed904fab73cae00b4","name":"admin","image":{"@type":"ImageObject","inLanguage":"fr-FR","@id":"http:\/\/vet-ecg.ddns.net\/wp-content\/uploads\/2018\/04\/Zelda-2-ECG-248.jpg","url":"http:\/\/vet-ecg.ddns.net\/wp-content\/uploads\/2018\/04\/Zelda-2-ECG-248.jpg","contentUrl":"http:\/\/vet-ecg.ddns.net\/wp-content\/uploads\/2018\/04\/Zelda-2-ECG-248.jpg","width":248,"height":248,"caption":"admin"},"logo":{"@id":"http:\/\/vet-ecg.ddns.net\/wp-content\/uploads\/2018\/04\/Zelda-2-ECG-248.jpg"},"description":"Les trac\u00e9s publi\u00e9s sur ce site sont issus de diff\u00e9rentes cliniques v\u00e9t\u00e9rinaires de Paris et de sa banlieue durant les 10 derni\u00e8res ann\u00e9es. Les ECG r\u00e9alis\u00e9s ont \u00e9t\u00e9 r\u00e9alis\u00e9s sur des chiens et des chats qui ont tous b\u00e9n\u00e9fici\u00e9 d'une \u00e9chocardiographie."}]}},"_links":{"self":[{"href":"http:\/\/vet-ecg.ddns.net\/index.php\/wp-json\/wp\/v2\/pages\/385","targetHints":{"allow":["GET"]}}],"collection":[{"href":"http:\/\/vet-ecg.ddns.net\/index.php\/wp-json\/wp\/v2\/pages"}],"about":[{"href":"http:\/\/vet-ecg.ddns.net\/index.php\/wp-json\/wp\/v2\/types\/page"}],"author":[{"embeddable":true,"href":"http:\/\/vet-ecg.ddns.net\/index.php\/wp-json\/wp\/v2\/users\/1"}],"replies":[{"embeddable":true,"href":"http:\/\/vet-ecg.ddns.net\/index.php\/wp-json\/wp\/v2\/comments?post=385"}],"version-history":[{"count":0,"href":"http:\/\/vet-ecg.ddns.net\/index.php\/wp-json\/wp\/v2\/pages\/385\/revisions"}],"wp:attachment":[{"href":"http:\/\/vet-ecg.ddns.net\/index.php\/wp-json\/wp\/v2\/media?parent=385"}],"curies":[{"name":"wp","href":"https:\/\/api.w.org\/{rel}","templated":true}]}}