{"id":3524,"date":"2024-11-13T11:52:37","date_gmt":"2024-11-13T10:52:37","guid":{"rendered":"http:\/\/vet-ecg.ddns.net\/?page_id=3524"},"modified":"2024-11-13T11:52:41","modified_gmt":"2024-11-13T10:52:41","slug":"onde-u-geante","status":"publish","type":"page","link":"http:\/\/vet-ecg.ddns.net\/index.php\/onde-u-geante\/","title":{"rendered":"onde U g\u00e9ante"},"content":{"rendered":"\n<p>Ce chat de 12 ans est pr\u00e9sent\u00e9 pour abattement marqu\u00e9 et hyporexie.<\/p>\n\n\n\n<p>L&rsquo;auscultation r\u00e9v\u00e8le une tachycardie marqu\u00e9e \u00e0 280 bpm.<\/p>\n\n\n\n<p>Les analyses montrent une hyperthyro\u00efdie (103 nmol\/L) et une hypokali\u00e9mie profonde (2,5  millimoles\/litre)<\/p>\n\n\n\n<figure class=\"wp-block-image size-large\"><img loading=\"lazy\" decoding=\"async\" width=\"1024\" height=\"794\" src=\"http:\/\/vet-ecg.ddns.net\/wp-content\/uploads\/hyperthyroidie-et-hypokaliemie-1024x794.jpg\" alt=\"\" class=\"wp-image-3525\" srcset=\"http:\/\/vet-ecg.ddns.net\/wp-content\/uploads\/hyperthyroidie-et-hypokaliemie-1024x794.jpg 1024w, http:\/\/vet-ecg.ddns.net\/wp-content\/uploads\/hyperthyroidie-et-hypokaliemie-300x233.jpg 300w, http:\/\/vet-ecg.ddns.net\/wp-content\/uploads\/hyperthyroidie-et-hypokaliemie-768x596.jpg 768w, http:\/\/vet-ecg.ddns.net\/wp-content\/uploads\/hyperthyroidie-et-hypokaliemie-1536x1191.jpg 1536w, http:\/\/vet-ecg.ddns.net\/wp-content\/uploads\/hyperthyroidie-et-hypokaliemie.jpg 2000w\" sizes=\"auto, (max-width: 1024px) 100vw, 1024px\" \/><\/figure>\n\n\n\n<p>A premi\u00e8re vue, l&rsquo;onde P parait exag\u00e9r\u00e9ment large alors que l&rsquo;\u00e9chocardiographie met en \u00e9vidence un \u00e9paississement mod\u00e9r\u00e9 des parois ventriculaires gauches sans dilatation atriale.<\/p>\n\n\n\n<p>En fait il s&rsquo;agit d&rsquo;une onde U d&rsquo;hypokali\u00e9mie qui fait suite \u00e0 une onde T classique et les ondes P ne sont pas visibles.<\/p>\n\n\n\n<figure class=\"wp-block-image size-full\"><img loading=\"lazy\" decoding=\"async\" width=\"1000\" height=\"877\" src=\"http:\/\/vet-ecg.ddns.net\/wp-content\/uploads\/onde-U-hypokaliemie.jpg\" alt=\"\" class=\"wp-image-3526\" srcset=\"http:\/\/vet-ecg.ddns.net\/wp-content\/uploads\/onde-U-hypokaliemie.jpg 1000w, http:\/\/vet-ecg.ddns.net\/wp-content\/uploads\/onde-U-hypokaliemie-300x263.jpg 300w, http:\/\/vet-ecg.ddns.net\/wp-content\/uploads\/onde-U-hypokaliemie-768x674.jpg 768w\" sizes=\"auto, (max-width: 1000px) 100vw, 1000px\" \/><figcaption class=\"wp-element-caption\">Hypokali\u00e9mie et hyperthro\u00efdie: onde U g\u00e9ante<\/figcaption><\/figure>\n\n\n\n<p> 24 heures plus tard apr\u00e8s perfusion de K+, la kali\u00e9mie s&rsquo;est normalis\u00e9e, le rythme est redevenu sinusal et l&rsquo;onde U a disparu.<\/p>\n\n\n\n<p>L&rsquo;ECG montre alors un aspect classique d&rsquo; hyperthyro\u00efdie accompagn\u00e9e de CMH avec une tachycardie encore marqu\u00e9e, un \u00e9largissement ainsi qu&rsquo;une augmentation d&rsquo;amplitude des QRS. On notera \u00e9galement la pr\u00e9sence d&rsquo;un sous-d\u00e9calage ST.<\/p>\n\n\n\n<figure class=\"wp-block-image size-large\"><img loading=\"lazy\" decoding=\"async\" width=\"1024\" height=\"642\" src=\"http:\/\/vet-ecg.ddns.net\/wp-content\/uploads\/onde-U-normalisee-1024x642.jpg\" alt=\"\" class=\"wp-image-3527\" srcset=\"http:\/\/vet-ecg.ddns.net\/wp-content\/uploads\/onde-U-normalisee-1024x642.jpg 1024w, http:\/\/vet-ecg.ddns.net\/wp-content\/uploads\/onde-U-normalisee-300x188.jpg 300w, http:\/\/vet-ecg.ddns.net\/wp-content\/uploads\/onde-U-normalisee-768x482.jpg 768w, http:\/\/vet-ecg.ddns.net\/wp-content\/uploads\/onde-U-normalisee-1536x963.jpg 1536w, http:\/\/vet-ecg.ddns.net\/wp-content\/uploads\/onde-U-normalisee.jpg 2000w\" sizes=\"auto, (max-width: 1024px) 100vw, 1024px\" \/><figcaption class=\"wp-element-caption\">Trac\u00e9 apr\u00e8s normalisation de la kali\u00e9mie<\/figcaption><\/figure>\n\n\n\n<p><\/p>\n","protected":false},"excerpt":{"rendered":"<p>Ce chat de 12 ans est pr\u00e9sent\u00e9 pour abattement marqu\u00e9 et hyporexie. L&rsquo;auscultation r\u00e9v\u00e8le une tachycardie marqu\u00e9e \u00e0 280 bpm. Les analyses montrent une hyperthyro\u00efdie (103 nmol\/L) et une hypokali\u00e9mie profonde (2,5 millimoles\/litre) A premi\u00e8re vue, l&rsquo;onde P parait exag\u00e9r\u00e9ment large alors que l&rsquo;\u00e9chocardiographie met en \u00e9vidence un \u00e9paississement mod\u00e9r\u00e9 des parois ventriculaires gauches sans &hellip; <a href=\"http:\/\/vet-ecg.ddns.net\/index.php\/onde-u-geante\/\" class=\"more-link\">Continuer la lecture de <span class=\"screen-reader-text\">onde U g\u00e9ante<\/span><\/a><\/p>\n","protected":false},"author":1,"featured_media":0,"parent":0,"menu_order":0,"comment_status":"closed","ping_status":"closed","template":"","meta":{"footnotes":""},"class_list":["post-3524","page","type-page","status-publish","hentry"],"yoast_head":"<!-- This site is optimized with the Yoast SEO plugin v27.4 - https:\/\/yoast.com\/product\/yoast-seo-wordpress\/ -->\n<title>onde U g\u00e9ante - Blog d&#039;\u00e9lectrocardiographie v\u00e9t\u00e9rinaire<\/title>\n<meta name=\"robots\" content=\"index, follow, max-snippet:-1, max-image-preview:large, max-video-preview:-1\" \/>\n<link rel=\"canonical\" href=\"http:\/\/vet-ecg.ddns.net\/index.php\/onde-u-geante\/\" \/>\n<meta name=\"twitter:label1\" content=\"Dur\u00e9e de lecture estim\u00e9e\" \/>\n\t<meta name=\"twitter:data1\" content=\"1 minute\" \/>\n<script type=\"application\/ld+json\" class=\"yoast-schema-graph\">{\"@context\":\"https:\\\/\\\/schema.org\",\"@graph\":[{\"@type\":\"WebPage\",\"@id\":\"http:\\\/\\\/vet-ecg.ddns.net\\\/index.php\\\/onde-u-geante\\\/\",\"url\":\"http:\\\/\\\/vet-ecg.ddns.net\\\/index.php\\\/onde-u-geante\\\/\",\"name\":\"onde U g\u00e9ante - Blog d&#039;\u00e9lectrocardiographie v\u00e9t\u00e9rinaire\",\"isPartOf\":{\"@id\":\"http:\\\/\\\/vet-ecg.ddns.net\\\/#website\"},\"primaryImageOfPage\":{\"@id\":\"http:\\\/\\\/vet-ecg.ddns.net\\\/index.php\\\/onde-u-geante\\\/#primaryimage\"},\"image\":{\"@id\":\"http:\\\/\\\/vet-ecg.ddns.net\\\/index.php\\\/onde-u-geante\\\/#primaryimage\"},\"thumbnailUrl\":\"http:\\\/\\\/vet-ecg.ddns.net\\\/wp-content\\\/uploads\\\/hyperthyroidie-et-hypokaliemie-1024x794.jpg\",\"datePublished\":\"2024-11-13T10:52:37+00:00\",\"dateModified\":\"2024-11-13T10:52:41+00:00\",\"breadcrumb\":{\"@id\":\"http:\\\/\\\/vet-ecg.ddns.net\\\/index.php\\\/onde-u-geante\\\/#breadcrumb\"},\"inLanguage\":\"fr-FR\",\"potentialAction\":[{\"@type\":\"ReadAction\",\"target\":[\"http:\\\/\\\/vet-ecg.ddns.net\\\/index.php\\\/onde-u-geante\\\/\"]}]},{\"@type\":\"ImageObject\",\"inLanguage\":\"fr-FR\",\"@id\":\"http:\\\/\\\/vet-ecg.ddns.net\\\/index.php\\\/onde-u-geante\\\/#primaryimage\",\"url\":\"http:\\\/\\\/vet-ecg.ddns.net\\\/wp-content\\\/uploads\\\/hyperthyroidie-et-hypokaliemie.jpg\",\"contentUrl\":\"http:\\\/\\\/vet-ecg.ddns.net\\\/wp-content\\\/uploads\\\/hyperthyroidie-et-hypokaliemie.jpg\",\"width\":2000,\"height\":1551},{\"@type\":\"BreadcrumbList\",\"@id\":\"http:\\\/\\\/vet-ecg.ddns.net\\\/index.php\\\/onde-u-geante\\\/#breadcrumb\",\"itemListElement\":[{\"@type\":\"ListItem\",\"position\":1,\"name\":\"Accueil\",\"item\":\"http:\\\/\\\/vet-ecg.ddns.net\\\/\"},{\"@type\":\"ListItem\",\"position\":2,\"name\":\"onde U g\u00e9ante\"}]},{\"@type\":\"WebSite\",\"@id\":\"http:\\\/\\\/vet-ecg.ddns.net\\\/#website\",\"url\":\"http:\\\/\\\/vet-ecg.ddns.net\\\/\",\"name\":\"Blog d&#039;\u00e9lectrocardiographie v\u00e9t\u00e9rinaire\",\"description\":\"recueil d&#039;ECG de chiens et de chats\",\"publisher\":{\"@id\":\"http:\\\/\\\/vet-ecg.ddns.net\\\/#\\\/schema\\\/person\\\/fec4070a47e235fed904fab73cae00b4\"},\"alternateName\":\"\u00e9lectrocardiographie v\u00e9t\u00e9rinaire\",\"potentialAction\":[{\"@type\":\"SearchAction\",\"target\":{\"@type\":\"EntryPoint\",\"urlTemplate\":\"http:\\\/\\\/vet-ecg.ddns.net\\\/?s={search_term_string}\"},\"query-input\":{\"@type\":\"PropertyValueSpecification\",\"valueRequired\":true,\"valueName\":\"search_term_string\"}}],\"inLanguage\":\"fr-FR\"},{\"@type\":[\"Person\",\"Organization\"],\"@id\":\"http:\\\/\\\/vet-ecg.ddns.net\\\/#\\\/schema\\\/person\\\/fec4070a47e235fed904fab73cae00b4\",\"name\":\"admin\",\"image\":{\"@type\":\"ImageObject\",\"inLanguage\":\"fr-FR\",\"@id\":\"http:\\\/\\\/vet-ecg.ddns.net\\\/wp-content\\\/uploads\\\/2018\\\/04\\\/Zelda-2-ECG-248.jpg\",\"url\":\"http:\\\/\\\/vet-ecg.ddns.net\\\/wp-content\\\/uploads\\\/2018\\\/04\\\/Zelda-2-ECG-248.jpg\",\"contentUrl\":\"http:\\\/\\\/vet-ecg.ddns.net\\\/wp-content\\\/uploads\\\/2018\\\/04\\\/Zelda-2-ECG-248.jpg\",\"width\":248,\"height\":248,\"caption\":\"admin\"},\"logo\":{\"@id\":\"http:\\\/\\\/vet-ecg.ddns.net\\\/wp-content\\\/uploads\\\/2018\\\/04\\\/Zelda-2-ECG-248.jpg\"},\"description\":\"Les trac\u00e9s publi\u00e9s sur ce site sont issus de diff\u00e9rentes cliniques v\u00e9t\u00e9rinaires de Paris et de sa banlieue durant les 10 derni\u00e8res ann\u00e9es. Les ECG r\u00e9alis\u00e9s ont \u00e9t\u00e9 r\u00e9alis\u00e9s sur des chiens et des chats qui ont tous b\u00e9n\u00e9fici\u00e9 d'une \u00e9chocardiographie.\"}]}<\/script>\n<!-- \/ Yoast SEO plugin. -->","yoast_head_json":{"title":"onde U g\u00e9ante - Blog d&#039;\u00e9lectrocardiographie v\u00e9t\u00e9rinaire","robots":{"index":"index","follow":"follow","max-snippet":"max-snippet:-1","max-image-preview":"max-image-preview:large","max-video-preview":"max-video-preview:-1"},"canonical":"http:\/\/vet-ecg.ddns.net\/index.php\/onde-u-geante\/","twitter_misc":{"Dur\u00e9e de lecture estim\u00e9e":"1 minute"},"schema":{"@context":"https:\/\/schema.org","@graph":[{"@type":"WebPage","@id":"http:\/\/vet-ecg.ddns.net\/index.php\/onde-u-geante\/","url":"http:\/\/vet-ecg.ddns.net\/index.php\/onde-u-geante\/","name":"onde U g\u00e9ante - Blog d&#039;\u00e9lectrocardiographie v\u00e9t\u00e9rinaire","isPartOf":{"@id":"http:\/\/vet-ecg.ddns.net\/#website"},"primaryImageOfPage":{"@id":"http:\/\/vet-ecg.ddns.net\/index.php\/onde-u-geante\/#primaryimage"},"image":{"@id":"http:\/\/vet-ecg.ddns.net\/index.php\/onde-u-geante\/#primaryimage"},"thumbnailUrl":"http:\/\/vet-ecg.ddns.net\/wp-content\/uploads\/hyperthyroidie-et-hypokaliemie-1024x794.jpg","datePublished":"2024-11-13T10:52:37+00:00","dateModified":"2024-11-13T10:52:41+00:00","breadcrumb":{"@id":"http:\/\/vet-ecg.ddns.net\/index.php\/onde-u-geante\/#breadcrumb"},"inLanguage":"fr-FR","potentialAction":[{"@type":"ReadAction","target":["http:\/\/vet-ecg.ddns.net\/index.php\/onde-u-geante\/"]}]},{"@type":"ImageObject","inLanguage":"fr-FR","@id":"http:\/\/vet-ecg.ddns.net\/index.php\/onde-u-geante\/#primaryimage","url":"http:\/\/vet-ecg.ddns.net\/wp-content\/uploads\/hyperthyroidie-et-hypokaliemie.jpg","contentUrl":"http:\/\/vet-ecg.ddns.net\/wp-content\/uploads\/hyperthyroidie-et-hypokaliemie.jpg","width":2000,"height":1551},{"@type":"BreadcrumbList","@id":"http:\/\/vet-ecg.ddns.net\/index.php\/onde-u-geante\/#breadcrumb","itemListElement":[{"@type":"ListItem","position":1,"name":"Accueil","item":"http:\/\/vet-ecg.ddns.net\/"},{"@type":"ListItem","position":2,"name":"onde U g\u00e9ante"}]},{"@type":"WebSite","@id":"http:\/\/vet-ecg.ddns.net\/#website","url":"http:\/\/vet-ecg.ddns.net\/","name":"Blog d&#039;\u00e9lectrocardiographie v\u00e9t\u00e9rinaire","description":"recueil d&#039;ECG de chiens et de chats","publisher":{"@id":"http:\/\/vet-ecg.ddns.net\/#\/schema\/person\/fec4070a47e235fed904fab73cae00b4"},"alternateName":"\u00e9lectrocardiographie v\u00e9t\u00e9rinaire","potentialAction":[{"@type":"SearchAction","target":{"@type":"EntryPoint","urlTemplate":"http:\/\/vet-ecg.ddns.net\/?s={search_term_string}"},"query-input":{"@type":"PropertyValueSpecification","valueRequired":true,"valueName":"search_term_string"}}],"inLanguage":"fr-FR"},{"@type":["Person","Organization"],"@id":"http:\/\/vet-ecg.ddns.net\/#\/schema\/person\/fec4070a47e235fed904fab73cae00b4","name":"admin","image":{"@type":"ImageObject","inLanguage":"fr-FR","@id":"http:\/\/vet-ecg.ddns.net\/wp-content\/uploads\/2018\/04\/Zelda-2-ECG-248.jpg","url":"http:\/\/vet-ecg.ddns.net\/wp-content\/uploads\/2018\/04\/Zelda-2-ECG-248.jpg","contentUrl":"http:\/\/vet-ecg.ddns.net\/wp-content\/uploads\/2018\/04\/Zelda-2-ECG-248.jpg","width":248,"height":248,"caption":"admin"},"logo":{"@id":"http:\/\/vet-ecg.ddns.net\/wp-content\/uploads\/2018\/04\/Zelda-2-ECG-248.jpg"},"description":"Les trac\u00e9s publi\u00e9s sur ce site sont issus de diff\u00e9rentes cliniques v\u00e9t\u00e9rinaires de Paris et de sa banlieue durant les 10 derni\u00e8res ann\u00e9es. Les ECG r\u00e9alis\u00e9s ont \u00e9t\u00e9 r\u00e9alis\u00e9s sur des chiens et des chats qui ont tous b\u00e9n\u00e9fici\u00e9 d'une \u00e9chocardiographie."}]}},"_links":{"self":[{"href":"http:\/\/vet-ecg.ddns.net\/index.php\/wp-json\/wp\/v2\/pages\/3524","targetHints":{"allow":["GET"]}}],"collection":[{"href":"http:\/\/vet-ecg.ddns.net\/index.php\/wp-json\/wp\/v2\/pages"}],"about":[{"href":"http:\/\/vet-ecg.ddns.net\/index.php\/wp-json\/wp\/v2\/types\/page"}],"author":[{"embeddable":true,"href":"http:\/\/vet-ecg.ddns.net\/index.php\/wp-json\/wp\/v2\/users\/1"}],"replies":[{"embeddable":true,"href":"http:\/\/vet-ecg.ddns.net\/index.php\/wp-json\/wp\/v2\/comments?post=3524"}],"version-history":[{"count":1,"href":"http:\/\/vet-ecg.ddns.net\/index.php\/wp-json\/wp\/v2\/pages\/3524\/revisions"}],"predecessor-version":[{"id":3529,"href":"http:\/\/vet-ecg.ddns.net\/index.php\/wp-json\/wp\/v2\/pages\/3524\/revisions\/3529"}],"wp:attachment":[{"href":"http:\/\/vet-ecg.ddns.net\/index.php\/wp-json\/wp\/v2\/media?parent=3524"}],"curies":[{"name":"wp","href":"https:\/\/api.w.org\/{rel}","templated":true}]}}