{"id":3492,"date":"2024-03-31T16:44:12","date_gmt":"2024-03-31T14:44:12","guid":{"rendered":"http:\/\/vet-ecg.ddns.net\/?page_id=3492"},"modified":"2024-03-31T16:44:13","modified_gmt":"2024-03-31T14:44:13","slug":"cmh-avec-bloc-de-branche-droit-complet","status":"publish","type":"page","link":"http:\/\/vet-ecg.ddns.net\/index.php\/cmh-avec-bloc-de-branche-droit-complet\/","title":{"rendered":"CMH avec bloc de branche droit complet"},"content":{"rendered":"\n<figure class=\"wp-block-image size-large\"><img loading=\"lazy\" decoding=\"async\" width=\"1024\" height=\"578\" src=\"http:\/\/vet-ecg.ddns.net\/wp-content\/uploads\/BBD-sur-CMH-1024x578.jpg\" alt=\"\" class=\"wp-image-3493\" srcset=\"http:\/\/vet-ecg.ddns.net\/wp-content\/uploads\/BBD-sur-CMH-1024x578.jpg 1024w, http:\/\/vet-ecg.ddns.net\/wp-content\/uploads\/BBD-sur-CMH-300x169.jpg 300w, http:\/\/vet-ecg.ddns.net\/wp-content\/uploads\/BBD-sur-CMH-768x433.jpg 768w, http:\/\/vet-ecg.ddns.net\/wp-content\/uploads\/BBD-sur-CMH-1536x867.jpg 1536w, http:\/\/vet-ecg.ddns.net\/wp-content\/uploads\/BBD-sur-CMH-2048x1156.jpg 2048w\" sizes=\"auto, (max-width: 1024px) 100vw, 1024px\" \/><\/figure>\n\n\n<p>Ce chat pr\u00e9sente une volumineuse ascite (1 litre ponctionn\u00e9).<\/p>\n<p>L&rsquo;\u00e9chocardiographie met en \u00e9vidence une cardiomyopathie marqu\u00e9e avec dilatation bi-atriale et ventriculaire droite.<\/p>\n<p>Sur l&rsquo;ECG, on note un rythme r\u00e9gulier \u00e0 185 bpm d&rsquo;origine sinusale mais les QRS sont tr\u00e8s larges (65 ms), ils sont crochet\u00e9s en D3 et AVF et \u00e9mouss\u00e9s en D2.<\/p>\n<p>Les ondes T, de grande amplitude,\u00a0 sont de polarit\u00e9 inverse \u00e0 celles des QRS.<\/p>\n<p>L&rsquo;axe des QRS est estim\u00e9 \u00e0 -110\u00b0.<\/p>\n<p>Les ondes P sont larges (60 ms) et hypervolt\u00e9es (0,55 mV)<\/p>\n<p>On note de profondes ondes S en D1, D2, D3 et AVF ainsi qu&rsquo;une polarit\u00e9 positive de QRS en AVR, ce qui est la marque d&rsquo;un bloc de branche droit complet.<\/p>\n<p>\u00a0<\/p>","protected":false},"excerpt":{"rendered":"<p>Ce chat pr\u00e9sente une volumineuse ascite (1 litre ponctionn\u00e9). L&rsquo;\u00e9chocardiographie met en \u00e9vidence une cardiomyopathie marqu\u00e9e avec dilatation bi-atriale et ventriculaire droite. Sur l&rsquo;ECG, on note un rythme r\u00e9gulier \u00e0 185 bpm d&rsquo;origine sinusale mais les QRS sont tr\u00e8s larges (65 ms), ils sont crochet\u00e9s en D3 et AVF et \u00e9mouss\u00e9s en D2. Les ondes &hellip; <a href=\"http:\/\/vet-ecg.ddns.net\/index.php\/cmh-avec-bloc-de-branche-droit-complet\/\" class=\"more-link\">Continuer la lecture de <span class=\"screen-reader-text\">CMH avec bloc de branche droit complet<\/span><\/a><\/p>\n","protected":false},"author":1,"featured_media":0,"parent":0,"menu_order":0,"comment_status":"closed","ping_status":"closed","template":"","meta":{"footnotes":""},"class_list":["post-3492","page","type-page","status-publish","hentry"],"yoast_head":"<!-- This site is optimized with the Yoast SEO plugin v27.4 - https:\/\/yoast.com\/product\/yoast-seo-wordpress\/ -->\n<title>CMH avec bloc de branche droit complet - Blog d&#039;\u00e9lectrocardiographie v\u00e9t\u00e9rinaire<\/title>\n<meta name=\"robots\" content=\"index, follow, max-snippet:-1, max-image-preview:large, max-video-preview:-1\" \/>\n<link rel=\"canonical\" href=\"http:\/\/vet-ecg.ddns.net\/index.php\/cmh-avec-bloc-de-branche-droit-complet\/\" \/>\n<meta name=\"twitter:label1\" content=\"Dur\u00e9e de lecture estim\u00e9e\" \/>\n\t<meta name=\"twitter:data1\" content=\"1 minute\" \/>\n<script type=\"application\/ld+json\" class=\"yoast-schema-graph\">{\"@context\":\"https:\\\/\\\/schema.org\",\"@graph\":[{\"@type\":\"WebPage\",\"@id\":\"http:\\\/\\\/vet-ecg.ddns.net\\\/index.php\\\/cmh-avec-bloc-de-branche-droit-complet\\\/\",\"url\":\"http:\\\/\\\/vet-ecg.ddns.net\\\/index.php\\\/cmh-avec-bloc-de-branche-droit-complet\\\/\",\"name\":\"CMH avec bloc de branche droit complet - Blog d&#039;\u00e9lectrocardiographie v\u00e9t\u00e9rinaire\",\"isPartOf\":{\"@id\":\"http:\\\/\\\/vet-ecg.ddns.net\\\/#website\"},\"primaryImageOfPage\":{\"@id\":\"http:\\\/\\\/vet-ecg.ddns.net\\\/index.php\\\/cmh-avec-bloc-de-branche-droit-complet\\\/#primaryimage\"},\"image\":{\"@id\":\"http:\\\/\\\/vet-ecg.ddns.net\\\/index.php\\\/cmh-avec-bloc-de-branche-droit-complet\\\/#primaryimage\"},\"thumbnailUrl\":\"http:\\\/\\\/vet-ecg.ddns.net\\\/wp-content\\\/uploads\\\/BBD-sur-CMH-1024x578.jpg\",\"datePublished\":\"2024-03-31T14:44:12+00:00\",\"dateModified\":\"2024-03-31T14:44:13+00:00\",\"breadcrumb\":{\"@id\":\"http:\\\/\\\/vet-ecg.ddns.net\\\/index.php\\\/cmh-avec-bloc-de-branche-droit-complet\\\/#breadcrumb\"},\"inLanguage\":\"fr-FR\",\"potentialAction\":[{\"@type\":\"ReadAction\",\"target\":[\"http:\\\/\\\/vet-ecg.ddns.net\\\/index.php\\\/cmh-avec-bloc-de-branche-droit-complet\\\/\"]}]},{\"@type\":\"ImageObject\",\"inLanguage\":\"fr-FR\",\"@id\":\"http:\\\/\\\/vet-ecg.ddns.net\\\/index.php\\\/cmh-avec-bloc-de-branche-droit-complet\\\/#primaryimage\",\"url\":\"http:\\\/\\\/vet-ecg.ddns.net\\\/wp-content\\\/uploads\\\/BBD-sur-CMH-scaled.jpg\",\"contentUrl\":\"http:\\\/\\\/vet-ecg.ddns.net\\\/wp-content\\\/uploads\\\/BBD-sur-CMH-scaled.jpg\",\"width\":2560,\"height\":1444},{\"@type\":\"BreadcrumbList\",\"@id\":\"http:\\\/\\\/vet-ecg.ddns.net\\\/index.php\\\/cmh-avec-bloc-de-branche-droit-complet\\\/#breadcrumb\",\"itemListElement\":[{\"@type\":\"ListItem\",\"position\":1,\"name\":\"Accueil\",\"item\":\"http:\\\/\\\/vet-ecg.ddns.net\\\/\"},{\"@type\":\"ListItem\",\"position\":2,\"name\":\"CMH avec bloc de branche droit complet\"}]},{\"@type\":\"WebSite\",\"@id\":\"http:\\\/\\\/vet-ecg.ddns.net\\\/#website\",\"url\":\"http:\\\/\\\/vet-ecg.ddns.net\\\/\",\"name\":\"Blog d&#039;\u00e9lectrocardiographie v\u00e9t\u00e9rinaire\",\"description\":\"recueil d&#039;ECG de chiens et de chats\",\"publisher\":{\"@id\":\"http:\\\/\\\/vet-ecg.ddns.net\\\/#\\\/schema\\\/person\\\/fec4070a47e235fed904fab73cae00b4\"},\"alternateName\":\"\u00e9lectrocardiographie v\u00e9t\u00e9rinaire\",\"potentialAction\":[{\"@type\":\"SearchAction\",\"target\":{\"@type\":\"EntryPoint\",\"urlTemplate\":\"http:\\\/\\\/vet-ecg.ddns.net\\\/?s={search_term_string}\"},\"query-input\":{\"@type\":\"PropertyValueSpecification\",\"valueRequired\":true,\"valueName\":\"search_term_string\"}}],\"inLanguage\":\"fr-FR\"},{\"@type\":[\"Person\",\"Organization\"],\"@id\":\"http:\\\/\\\/vet-ecg.ddns.net\\\/#\\\/schema\\\/person\\\/fec4070a47e235fed904fab73cae00b4\",\"name\":\"admin\",\"image\":{\"@type\":\"ImageObject\",\"inLanguage\":\"fr-FR\",\"@id\":\"http:\\\/\\\/vet-ecg.ddns.net\\\/wp-content\\\/uploads\\\/2018\\\/04\\\/Zelda-2-ECG-248.jpg\",\"url\":\"http:\\\/\\\/vet-ecg.ddns.net\\\/wp-content\\\/uploads\\\/2018\\\/04\\\/Zelda-2-ECG-248.jpg\",\"contentUrl\":\"http:\\\/\\\/vet-ecg.ddns.net\\\/wp-content\\\/uploads\\\/2018\\\/04\\\/Zelda-2-ECG-248.jpg\",\"width\":248,\"height\":248,\"caption\":\"admin\"},\"logo\":{\"@id\":\"http:\\\/\\\/vet-ecg.ddns.net\\\/wp-content\\\/uploads\\\/2018\\\/04\\\/Zelda-2-ECG-248.jpg\"},\"description\":\"Les trac\u00e9s publi\u00e9s sur ce site sont issus de diff\u00e9rentes cliniques v\u00e9t\u00e9rinaires de Paris et de sa banlieue durant les 10 derni\u00e8res ann\u00e9es. Les ECG r\u00e9alis\u00e9s ont \u00e9t\u00e9 r\u00e9alis\u00e9s sur des chiens et des chats qui ont tous b\u00e9n\u00e9fici\u00e9 d'une \u00e9chocardiographie.\"}]}<\/script>\n<!-- \/ Yoast SEO plugin. -->","yoast_head_json":{"title":"CMH avec bloc de branche droit complet - Blog d&#039;\u00e9lectrocardiographie v\u00e9t\u00e9rinaire","robots":{"index":"index","follow":"follow","max-snippet":"max-snippet:-1","max-image-preview":"max-image-preview:large","max-video-preview":"max-video-preview:-1"},"canonical":"http:\/\/vet-ecg.ddns.net\/index.php\/cmh-avec-bloc-de-branche-droit-complet\/","twitter_misc":{"Dur\u00e9e de lecture estim\u00e9e":"1 minute"},"schema":{"@context":"https:\/\/schema.org","@graph":[{"@type":"WebPage","@id":"http:\/\/vet-ecg.ddns.net\/index.php\/cmh-avec-bloc-de-branche-droit-complet\/","url":"http:\/\/vet-ecg.ddns.net\/index.php\/cmh-avec-bloc-de-branche-droit-complet\/","name":"CMH avec bloc de branche droit complet - Blog d&#039;\u00e9lectrocardiographie v\u00e9t\u00e9rinaire","isPartOf":{"@id":"http:\/\/vet-ecg.ddns.net\/#website"},"primaryImageOfPage":{"@id":"http:\/\/vet-ecg.ddns.net\/index.php\/cmh-avec-bloc-de-branche-droit-complet\/#primaryimage"},"image":{"@id":"http:\/\/vet-ecg.ddns.net\/index.php\/cmh-avec-bloc-de-branche-droit-complet\/#primaryimage"},"thumbnailUrl":"http:\/\/vet-ecg.ddns.net\/wp-content\/uploads\/BBD-sur-CMH-1024x578.jpg","datePublished":"2024-03-31T14:44:12+00:00","dateModified":"2024-03-31T14:44:13+00:00","breadcrumb":{"@id":"http:\/\/vet-ecg.ddns.net\/index.php\/cmh-avec-bloc-de-branche-droit-complet\/#breadcrumb"},"inLanguage":"fr-FR","potentialAction":[{"@type":"ReadAction","target":["http:\/\/vet-ecg.ddns.net\/index.php\/cmh-avec-bloc-de-branche-droit-complet\/"]}]},{"@type":"ImageObject","inLanguage":"fr-FR","@id":"http:\/\/vet-ecg.ddns.net\/index.php\/cmh-avec-bloc-de-branche-droit-complet\/#primaryimage","url":"http:\/\/vet-ecg.ddns.net\/wp-content\/uploads\/BBD-sur-CMH-scaled.jpg","contentUrl":"http:\/\/vet-ecg.ddns.net\/wp-content\/uploads\/BBD-sur-CMH-scaled.jpg","width":2560,"height":1444},{"@type":"BreadcrumbList","@id":"http:\/\/vet-ecg.ddns.net\/index.php\/cmh-avec-bloc-de-branche-droit-complet\/#breadcrumb","itemListElement":[{"@type":"ListItem","position":1,"name":"Accueil","item":"http:\/\/vet-ecg.ddns.net\/"},{"@type":"ListItem","position":2,"name":"CMH avec bloc de branche droit complet"}]},{"@type":"WebSite","@id":"http:\/\/vet-ecg.ddns.net\/#website","url":"http:\/\/vet-ecg.ddns.net\/","name":"Blog d&#039;\u00e9lectrocardiographie v\u00e9t\u00e9rinaire","description":"recueil d&#039;ECG de chiens et de chats","publisher":{"@id":"http:\/\/vet-ecg.ddns.net\/#\/schema\/person\/fec4070a47e235fed904fab73cae00b4"},"alternateName":"\u00e9lectrocardiographie v\u00e9t\u00e9rinaire","potentialAction":[{"@type":"SearchAction","target":{"@type":"EntryPoint","urlTemplate":"http:\/\/vet-ecg.ddns.net\/?s={search_term_string}"},"query-input":{"@type":"PropertyValueSpecification","valueRequired":true,"valueName":"search_term_string"}}],"inLanguage":"fr-FR"},{"@type":["Person","Organization"],"@id":"http:\/\/vet-ecg.ddns.net\/#\/schema\/person\/fec4070a47e235fed904fab73cae00b4","name":"admin","image":{"@type":"ImageObject","inLanguage":"fr-FR","@id":"http:\/\/vet-ecg.ddns.net\/wp-content\/uploads\/2018\/04\/Zelda-2-ECG-248.jpg","url":"http:\/\/vet-ecg.ddns.net\/wp-content\/uploads\/2018\/04\/Zelda-2-ECG-248.jpg","contentUrl":"http:\/\/vet-ecg.ddns.net\/wp-content\/uploads\/2018\/04\/Zelda-2-ECG-248.jpg","width":248,"height":248,"caption":"admin"},"logo":{"@id":"http:\/\/vet-ecg.ddns.net\/wp-content\/uploads\/2018\/04\/Zelda-2-ECG-248.jpg"},"description":"Les trac\u00e9s publi\u00e9s sur ce site sont issus de diff\u00e9rentes cliniques v\u00e9t\u00e9rinaires de Paris et de sa banlieue durant les 10 derni\u00e8res ann\u00e9es. Les ECG r\u00e9alis\u00e9s ont \u00e9t\u00e9 r\u00e9alis\u00e9s sur des chiens et des chats qui ont tous b\u00e9n\u00e9fici\u00e9 d'une \u00e9chocardiographie."}]}},"_links":{"self":[{"href":"http:\/\/vet-ecg.ddns.net\/index.php\/wp-json\/wp\/v2\/pages\/3492","targetHints":{"allow":["GET"]}}],"collection":[{"href":"http:\/\/vet-ecg.ddns.net\/index.php\/wp-json\/wp\/v2\/pages"}],"about":[{"href":"http:\/\/vet-ecg.ddns.net\/index.php\/wp-json\/wp\/v2\/types\/page"}],"author":[{"embeddable":true,"href":"http:\/\/vet-ecg.ddns.net\/index.php\/wp-json\/wp\/v2\/users\/1"}],"replies":[{"embeddable":true,"href":"http:\/\/vet-ecg.ddns.net\/index.php\/wp-json\/wp\/v2\/comments?post=3492"}],"version-history":[{"count":1,"href":"http:\/\/vet-ecg.ddns.net\/index.php\/wp-json\/wp\/v2\/pages\/3492\/revisions"}],"predecessor-version":[{"id":3495,"href":"http:\/\/vet-ecg.ddns.net\/index.php\/wp-json\/wp\/v2\/pages\/3492\/revisions\/3495"}],"wp:attachment":[{"href":"http:\/\/vet-ecg.ddns.net\/index.php\/wp-json\/wp\/v2\/media?parent=3492"}],"curies":[{"name":"wp","href":"https:\/\/api.w.org\/{rel}","templated":true}]}}