{"id":3428,"date":"2023-02-07T13:07:38","date_gmt":"2023-02-07T12:07:38","guid":{"rendered":"http:\/\/vet-ecg.ddns.net\/?page_id=3428"},"modified":"2023-02-07T13:07:40","modified_gmt":"2023-02-07T12:07:40","slug":"bigeminisme-ventriculaire","status":"publish","type":"page","link":"http:\/\/vet-ecg.ddns.net\/index.php\/bigeminisme-ventriculaire\/","title":{"rendered":"Big\u00e9minisme ventriculaire"},"content":{"rendered":"\n<figure class=\"wp-block-image size-large\"><img loading=\"lazy\" decoding=\"async\" width=\"1024\" height=\"936\" src=\"http:\/\/vet-ecg.ddns.net\/wp-content\/uploads\/bigeminisme-v-ct-1024x936.jpg\" alt=\"Big\u00e9minisme ventriculaire chez un chat de race main coon atteint de cardiomyopathie hypertrophique.\" class=\"wp-image-3429\" srcset=\"http:\/\/vet-ecg.ddns.net\/wp-content\/uploads\/bigeminisme-v-ct-1024x936.jpg 1024w, http:\/\/vet-ecg.ddns.net\/wp-content\/uploads\/bigeminisme-v-ct-300x274.jpg 300w, http:\/\/vet-ecg.ddns.net\/wp-content\/uploads\/bigeminisme-v-ct-768x702.jpg 768w, http:\/\/vet-ecg.ddns.net\/wp-content\/uploads\/bigeminisme-v-ct-1536x1404.jpg 1536w, http:\/\/vet-ecg.ddns.net\/wp-content\/uploads\/bigeminisme-v-ct-2048x1872.jpg 2048w\" sizes=\"auto, (max-width: 1024px) 100vw, 1024px\" \/><figcaption class=\"wp-element-caption\">Big\u00e9minisme ventriculaire chez un chat de race main coon<\/figcaption><\/figure>\n\n\n<p>Ce chat de race main coon (12 kg) atteint de cardiomyopathie hypertrophique avanc\u00e9e pr\u00e9sente un big\u00e9minisme ventriculaire.<\/p>\n<p>Le big\u00e9minisme ventriculaire est caract\u00e9ris\u00e9 par l&rsquo;alternance d&rsquo; un QRS d&rsquo;origine sinusale suivi d&rsquo;un complexe ventriculaire (extrasystole).\u00a0 La fr\u00e9quence moyenne est d&rsquo;environ 200 bpm.<\/p>\n<p>On remarque devant les QRS d&rsquo;origine sinusale, une onde P bifide, tr\u00e8s large, t\u00e9moignant de la dilatation atriale gauche.<\/p>","protected":false},"excerpt":{"rendered":"<p>Ce chat de race main coon (12 kg) atteint de cardiomyopathie hypertrophique avanc\u00e9e pr\u00e9sente un big\u00e9minisme ventriculaire. Le big\u00e9minisme ventriculaire est caract\u00e9ris\u00e9 par l&rsquo;alternance d&rsquo; un QRS d&rsquo;origine sinusale suivi d&rsquo;un complexe ventriculaire (extrasystole).\u00a0 La fr\u00e9quence moyenne est d&rsquo;environ 200 bpm. On remarque devant les QRS d&rsquo;origine sinusale, une onde P bifide, tr\u00e8s large, t\u00e9moignant &hellip; <a href=\"http:\/\/vet-ecg.ddns.net\/index.php\/bigeminisme-ventriculaire\/\" class=\"more-link\">Continuer la lecture de <span class=\"screen-reader-text\">Big\u00e9minisme ventriculaire<\/span><\/a><\/p>\n","protected":false},"author":1,"featured_media":0,"parent":0,"menu_order":0,"comment_status":"closed","ping_status":"closed","template":"","meta":{"footnotes":""},"class_list":["post-3428","page","type-page","status-publish","hentry"],"yoast_head":"<!-- This site is optimized with the Yoast SEO plugin v27.4 - https:\/\/yoast.com\/product\/yoast-seo-wordpress\/ -->\n<title>Big\u00e9minisme ventriculaire - Blog d&#039;\u00e9lectrocardiographie v\u00e9t\u00e9rinaire<\/title>\n<meta name=\"description\" content=\"Big\u00e9minisme ventriculaire chez un chat atteint de cardiomyopathie hypertrophique avanc\u00e9e avec importante dilatation atriale gauche.\" \/>\n<meta name=\"robots\" content=\"index, follow, max-snippet:-1, max-image-preview:large, max-video-preview:-1\" \/>\n<link rel=\"canonical\" href=\"http:\/\/vet-ecg.ddns.net\/index.php\/bigeminisme-ventriculaire\/\" \/>\n<script type=\"application\/ld+json\" class=\"yoast-schema-graph\">{\"@context\":\"https:\\\/\\\/schema.org\",\"@graph\":[{\"@type\":\"WebPage\",\"@id\":\"http:\\\/\\\/vet-ecg.ddns.net\\\/index.php\\\/bigeminisme-ventriculaire\\\/\",\"url\":\"http:\\\/\\\/vet-ecg.ddns.net\\\/index.php\\\/bigeminisme-ventriculaire\\\/\",\"name\":\"Big\u00e9minisme ventriculaire - Blog d&#039;\u00e9lectrocardiographie v\u00e9t\u00e9rinaire\",\"isPartOf\":{\"@id\":\"http:\\\/\\\/vet-ecg.ddns.net\\\/#website\"},\"primaryImageOfPage\":{\"@id\":\"http:\\\/\\\/vet-ecg.ddns.net\\\/index.php\\\/bigeminisme-ventriculaire\\\/#primaryimage\"},\"image\":{\"@id\":\"http:\\\/\\\/vet-ecg.ddns.net\\\/index.php\\\/bigeminisme-ventriculaire\\\/#primaryimage\"},\"thumbnailUrl\":\"http:\\\/\\\/vet-ecg.ddns.net\\\/wp-content\\\/uploads\\\/bigeminisme-v-ct-1024x936.jpg\",\"datePublished\":\"2023-02-07T12:07:38+00:00\",\"dateModified\":\"2023-02-07T12:07:40+00:00\",\"description\":\"Big\u00e9minisme ventriculaire chez un chat atteint de cardiomyopathie hypertrophique avanc\u00e9e avec importante dilatation atriale gauche.\",\"breadcrumb\":{\"@id\":\"http:\\\/\\\/vet-ecg.ddns.net\\\/index.php\\\/bigeminisme-ventriculaire\\\/#breadcrumb\"},\"inLanguage\":\"fr-FR\",\"potentialAction\":[{\"@type\":\"ReadAction\",\"target\":[\"http:\\\/\\\/vet-ecg.ddns.net\\\/index.php\\\/bigeminisme-ventriculaire\\\/\"]}]},{\"@type\":\"ImageObject\",\"inLanguage\":\"fr-FR\",\"@id\":\"http:\\\/\\\/vet-ecg.ddns.net\\\/index.php\\\/bigeminisme-ventriculaire\\\/#primaryimage\",\"url\":\"http:\\\/\\\/vet-ecg.ddns.net\\\/wp-content\\\/uploads\\\/bigeminisme-v-ct.jpg\",\"contentUrl\":\"http:\\\/\\\/vet-ecg.ddns.net\\\/wp-content\\\/uploads\\\/bigeminisme-v-ct.jpg\",\"width\":2150,\"height\":1965},{\"@type\":\"BreadcrumbList\",\"@id\":\"http:\\\/\\\/vet-ecg.ddns.net\\\/index.php\\\/bigeminisme-ventriculaire\\\/#breadcrumb\",\"itemListElement\":[{\"@type\":\"ListItem\",\"position\":1,\"name\":\"Accueil\",\"item\":\"http:\\\/\\\/vet-ecg.ddns.net\\\/\"},{\"@type\":\"ListItem\",\"position\":2,\"name\":\"Big\u00e9minisme ventriculaire\"}]},{\"@type\":\"WebSite\",\"@id\":\"http:\\\/\\\/vet-ecg.ddns.net\\\/#website\",\"url\":\"http:\\\/\\\/vet-ecg.ddns.net\\\/\",\"name\":\"Blog d&#039;\u00e9lectrocardiographie v\u00e9t\u00e9rinaire\",\"description\":\"recueil d&#039;ECG de chiens et de chats\",\"publisher\":{\"@id\":\"http:\\\/\\\/vet-ecg.ddns.net\\\/#\\\/schema\\\/person\\\/fec4070a47e235fed904fab73cae00b4\"},\"alternateName\":\"\u00e9lectrocardiographie v\u00e9t\u00e9rinaire\",\"potentialAction\":[{\"@type\":\"SearchAction\",\"target\":{\"@type\":\"EntryPoint\",\"urlTemplate\":\"http:\\\/\\\/vet-ecg.ddns.net\\\/?s={search_term_string}\"},\"query-input\":{\"@type\":\"PropertyValueSpecification\",\"valueRequired\":true,\"valueName\":\"search_term_string\"}}],\"inLanguage\":\"fr-FR\"},{\"@type\":[\"Person\",\"Organization\"],\"@id\":\"http:\\\/\\\/vet-ecg.ddns.net\\\/#\\\/schema\\\/person\\\/fec4070a47e235fed904fab73cae00b4\",\"name\":\"admin\",\"image\":{\"@type\":\"ImageObject\",\"inLanguage\":\"fr-FR\",\"@id\":\"http:\\\/\\\/vet-ecg.ddns.net\\\/wp-content\\\/uploads\\\/2018\\\/04\\\/Zelda-2-ECG-248.jpg\",\"url\":\"http:\\\/\\\/vet-ecg.ddns.net\\\/wp-content\\\/uploads\\\/2018\\\/04\\\/Zelda-2-ECG-248.jpg\",\"contentUrl\":\"http:\\\/\\\/vet-ecg.ddns.net\\\/wp-content\\\/uploads\\\/2018\\\/04\\\/Zelda-2-ECG-248.jpg\",\"width\":248,\"height\":248,\"caption\":\"admin\"},\"logo\":{\"@id\":\"http:\\\/\\\/vet-ecg.ddns.net\\\/wp-content\\\/uploads\\\/2018\\\/04\\\/Zelda-2-ECG-248.jpg\"},\"description\":\"Les trac\u00e9s publi\u00e9s sur ce site sont issus de diff\u00e9rentes cliniques v\u00e9t\u00e9rinaires de Paris et de sa banlieue durant les 10 derni\u00e8res ann\u00e9es. Les ECG r\u00e9alis\u00e9s ont \u00e9t\u00e9 r\u00e9alis\u00e9s sur des chiens et des chats qui ont tous b\u00e9n\u00e9fici\u00e9 d'une \u00e9chocardiographie.\"}]}<\/script>\n<!-- \/ Yoast SEO plugin. -->","yoast_head_json":{"title":"Big\u00e9minisme ventriculaire - Blog d&#039;\u00e9lectrocardiographie v\u00e9t\u00e9rinaire","description":"Big\u00e9minisme ventriculaire chez un chat atteint de cardiomyopathie hypertrophique avanc\u00e9e avec importante dilatation atriale gauche.","robots":{"index":"index","follow":"follow","max-snippet":"max-snippet:-1","max-image-preview":"max-image-preview:large","max-video-preview":"max-video-preview:-1"},"canonical":"http:\/\/vet-ecg.ddns.net\/index.php\/bigeminisme-ventriculaire\/","schema":{"@context":"https:\/\/schema.org","@graph":[{"@type":"WebPage","@id":"http:\/\/vet-ecg.ddns.net\/index.php\/bigeminisme-ventriculaire\/","url":"http:\/\/vet-ecg.ddns.net\/index.php\/bigeminisme-ventriculaire\/","name":"Big\u00e9minisme ventriculaire - Blog d&#039;\u00e9lectrocardiographie v\u00e9t\u00e9rinaire","isPartOf":{"@id":"http:\/\/vet-ecg.ddns.net\/#website"},"primaryImageOfPage":{"@id":"http:\/\/vet-ecg.ddns.net\/index.php\/bigeminisme-ventriculaire\/#primaryimage"},"image":{"@id":"http:\/\/vet-ecg.ddns.net\/index.php\/bigeminisme-ventriculaire\/#primaryimage"},"thumbnailUrl":"http:\/\/vet-ecg.ddns.net\/wp-content\/uploads\/bigeminisme-v-ct-1024x936.jpg","datePublished":"2023-02-07T12:07:38+00:00","dateModified":"2023-02-07T12:07:40+00:00","description":"Big\u00e9minisme ventriculaire chez un chat atteint de cardiomyopathie hypertrophique avanc\u00e9e avec importante dilatation atriale gauche.","breadcrumb":{"@id":"http:\/\/vet-ecg.ddns.net\/index.php\/bigeminisme-ventriculaire\/#breadcrumb"},"inLanguage":"fr-FR","potentialAction":[{"@type":"ReadAction","target":["http:\/\/vet-ecg.ddns.net\/index.php\/bigeminisme-ventriculaire\/"]}]},{"@type":"ImageObject","inLanguage":"fr-FR","@id":"http:\/\/vet-ecg.ddns.net\/index.php\/bigeminisme-ventriculaire\/#primaryimage","url":"http:\/\/vet-ecg.ddns.net\/wp-content\/uploads\/bigeminisme-v-ct.jpg","contentUrl":"http:\/\/vet-ecg.ddns.net\/wp-content\/uploads\/bigeminisme-v-ct.jpg","width":2150,"height":1965},{"@type":"BreadcrumbList","@id":"http:\/\/vet-ecg.ddns.net\/index.php\/bigeminisme-ventriculaire\/#breadcrumb","itemListElement":[{"@type":"ListItem","position":1,"name":"Accueil","item":"http:\/\/vet-ecg.ddns.net\/"},{"@type":"ListItem","position":2,"name":"Big\u00e9minisme ventriculaire"}]},{"@type":"WebSite","@id":"http:\/\/vet-ecg.ddns.net\/#website","url":"http:\/\/vet-ecg.ddns.net\/","name":"Blog d&#039;\u00e9lectrocardiographie v\u00e9t\u00e9rinaire","description":"recueil d&#039;ECG de chiens et de chats","publisher":{"@id":"http:\/\/vet-ecg.ddns.net\/#\/schema\/person\/fec4070a47e235fed904fab73cae00b4"},"alternateName":"\u00e9lectrocardiographie v\u00e9t\u00e9rinaire","potentialAction":[{"@type":"SearchAction","target":{"@type":"EntryPoint","urlTemplate":"http:\/\/vet-ecg.ddns.net\/?s={search_term_string}"},"query-input":{"@type":"PropertyValueSpecification","valueRequired":true,"valueName":"search_term_string"}}],"inLanguage":"fr-FR"},{"@type":["Person","Organization"],"@id":"http:\/\/vet-ecg.ddns.net\/#\/schema\/person\/fec4070a47e235fed904fab73cae00b4","name":"admin","image":{"@type":"ImageObject","inLanguage":"fr-FR","@id":"http:\/\/vet-ecg.ddns.net\/wp-content\/uploads\/2018\/04\/Zelda-2-ECG-248.jpg","url":"http:\/\/vet-ecg.ddns.net\/wp-content\/uploads\/2018\/04\/Zelda-2-ECG-248.jpg","contentUrl":"http:\/\/vet-ecg.ddns.net\/wp-content\/uploads\/2018\/04\/Zelda-2-ECG-248.jpg","width":248,"height":248,"caption":"admin"},"logo":{"@id":"http:\/\/vet-ecg.ddns.net\/wp-content\/uploads\/2018\/04\/Zelda-2-ECG-248.jpg"},"description":"Les trac\u00e9s publi\u00e9s sur ce site sont issus de diff\u00e9rentes cliniques v\u00e9t\u00e9rinaires de Paris et de sa banlieue durant les 10 derni\u00e8res ann\u00e9es. Les ECG r\u00e9alis\u00e9s ont \u00e9t\u00e9 r\u00e9alis\u00e9s sur des chiens et des chats qui ont tous b\u00e9n\u00e9fici\u00e9 d'une \u00e9chocardiographie."}]}},"_links":{"self":[{"href":"http:\/\/vet-ecg.ddns.net\/index.php\/wp-json\/wp\/v2\/pages\/3428","targetHints":{"allow":["GET"]}}],"collection":[{"href":"http:\/\/vet-ecg.ddns.net\/index.php\/wp-json\/wp\/v2\/pages"}],"about":[{"href":"http:\/\/vet-ecg.ddns.net\/index.php\/wp-json\/wp\/v2\/types\/page"}],"author":[{"embeddable":true,"href":"http:\/\/vet-ecg.ddns.net\/index.php\/wp-json\/wp\/v2\/users\/1"}],"replies":[{"embeddable":true,"href":"http:\/\/vet-ecg.ddns.net\/index.php\/wp-json\/wp\/v2\/comments?post=3428"}],"version-history":[{"count":0,"href":"http:\/\/vet-ecg.ddns.net\/index.php\/wp-json\/wp\/v2\/pages\/3428\/revisions"}],"wp:attachment":[{"href":"http:\/\/vet-ecg.ddns.net\/index.php\/wp-json\/wp\/v2\/media?parent=3428"}],"curies":[{"name":"wp","href":"https:\/\/api.w.org\/{rel}","templated":true}]}}