{"id":3424,"date":"2023-02-07T12:02:56","date_gmt":"2023-02-07T11:02:56","guid":{"rendered":"http:\/\/vet-ecg.ddns.net\/?page_id=3424"},"modified":"2023-02-07T12:02:59","modified_gmt":"2023-02-07T11:02:59","slug":"bloc-de-branche-gauche-complet","status":"publish","type":"page","link":"http:\/\/vet-ecg.ddns.net\/index.php\/bloc-de-branche-gauche-complet\/","title":{"rendered":"Bloc de branche gauche complet"},"content":{"rendered":"\n<figure class=\"wp-block-image size-large\"><img loading=\"lazy\" decoding=\"async\" width=\"1024\" height=\"744\" src=\"http:\/\/vet-ecg.ddns.net\/wp-content\/uploads\/bbg-ct-1024x744.jpg\" alt=\"bloc de branche gauche complet chez un chat indemne de cardiomyopathie\" class=\"wp-image-3425\" srcset=\"http:\/\/vet-ecg.ddns.net\/wp-content\/uploads\/bbg-ct-1024x744.jpg 1024w, http:\/\/vet-ecg.ddns.net\/wp-content\/uploads\/bbg-ct-300x218.jpg 300w, http:\/\/vet-ecg.ddns.net\/wp-content\/uploads\/bbg-ct-768x558.jpg 768w, http:\/\/vet-ecg.ddns.net\/wp-content\/uploads\/bbg-ct-1536x1117.jpg 1536w, http:\/\/vet-ecg.ddns.net\/wp-content\/uploads\/bbg-ct.jpg 2000w\" sizes=\"auto, (max-width: 1024px) 100vw, 1024px\" \/><figcaption class=\"wp-element-caption\">Bloc de branche gauche complet chez un chat<\/figcaption><\/figure>\n\n\n\n<ul class=\"wp-block-list\"><\/ul>\n\n\n<p>Ce trac\u00e9 est celui d&rsquo;un bloc de branche gauche complet (axe QRS: 70\u00b0).<\/p>\n<p>Il montre une amplitude inhabituelle des QRS chez un chat (1,45 mV) et une onde T ample, de sens oppos\u00e9 au QRS mais surtout un \u00e9largissement consid\u00e9rable de ceux-ci: 75 ms au lieu de 40.<\/p>\n<p>Une telle dur\u00e9e ne se rencontre pas lors de cardiomyopathie.<\/p>\n<p>L&rsquo;\u00e9chocardiographie ne montre aucune anomalie des structures cardiaques.<\/p>\n<p>Le chat pr\u00e9sentait une volumineuse masse thoracique.<\/p>","protected":false},"excerpt":{"rendered":"<p>Ce trac\u00e9 est celui d&rsquo;un bloc de branche gauche complet (axe QRS: 70\u00b0). Il montre une amplitude inhabituelle des QRS chez un chat (1,45 mV) et une onde T ample, de sens oppos\u00e9 au QRS mais surtout un \u00e9largissement consid\u00e9rable de ceux-ci: 75 ms au lieu de 40. Une telle dur\u00e9e ne se rencontre pas &hellip; <a href=\"http:\/\/vet-ecg.ddns.net\/index.php\/bloc-de-branche-gauche-complet\/\" class=\"more-link\">Continuer la lecture de <span class=\"screen-reader-text\">Bloc de branche gauche complet<\/span><\/a><\/p>\n","protected":false},"author":1,"featured_media":0,"parent":0,"menu_order":0,"comment_status":"closed","ping_status":"closed","template":"","meta":{"footnotes":""},"class_list":["post-3424","page","type-page","status-publish","hentry"],"yoast_head":"<!-- This site is optimized with the Yoast SEO plugin v27.4 - https:\/\/yoast.com\/product\/yoast-seo-wordpress\/ -->\n<title>Bloc de branche gauche complet - Blog d&#039;\u00e9lectrocardiographie v\u00e9t\u00e9rinaire<\/title>\n<meta name=\"description\" content=\"Cet ECG de bloc de branche montre des QRS hypervolt\u00e9s suivis d&#039;ondes T se sens oppos\u00e9 \u00e0 celui des QRS et surtout une dur\u00e9e tr\u00e8s augment\u00e9e.\" \/>\n<meta name=\"robots\" content=\"index, follow, max-snippet:-1, max-image-preview:large, max-video-preview:-1\" \/>\n<link rel=\"canonical\" href=\"http:\/\/vet-ecg.ddns.net\/index.php\/bloc-de-branche-gauche-complet\/\" \/>\n<script type=\"application\/ld+json\" class=\"yoast-schema-graph\">{\"@context\":\"https:\\\/\\\/schema.org\",\"@graph\":[{\"@type\":\"WebPage\",\"@id\":\"http:\\\/\\\/vet-ecg.ddns.net\\\/index.php\\\/bloc-de-branche-gauche-complet\\\/\",\"url\":\"http:\\\/\\\/vet-ecg.ddns.net\\\/index.php\\\/bloc-de-branche-gauche-complet\\\/\",\"name\":\"Bloc de branche gauche complet - Blog d&#039;\u00e9lectrocardiographie v\u00e9t\u00e9rinaire\",\"isPartOf\":{\"@id\":\"http:\\\/\\\/vet-ecg.ddns.net\\\/#website\"},\"primaryImageOfPage\":{\"@id\":\"http:\\\/\\\/vet-ecg.ddns.net\\\/index.php\\\/bloc-de-branche-gauche-complet\\\/#primaryimage\"},\"image\":{\"@id\":\"http:\\\/\\\/vet-ecg.ddns.net\\\/index.php\\\/bloc-de-branche-gauche-complet\\\/#primaryimage\"},\"thumbnailUrl\":\"http:\\\/\\\/vet-ecg.ddns.net\\\/wp-content\\\/uploads\\\/bbg-ct-1024x744.jpg\",\"datePublished\":\"2023-02-07T11:02:56+00:00\",\"dateModified\":\"2023-02-07T11:02:59+00:00\",\"description\":\"Cet ECG de bloc de branche montre des QRS hypervolt\u00e9s suivis d'ondes T se sens oppos\u00e9 \u00e0 celui des QRS et surtout une dur\u00e9e tr\u00e8s augment\u00e9e.\",\"breadcrumb\":{\"@id\":\"http:\\\/\\\/vet-ecg.ddns.net\\\/index.php\\\/bloc-de-branche-gauche-complet\\\/#breadcrumb\"},\"inLanguage\":\"fr-FR\",\"potentialAction\":[{\"@type\":\"ReadAction\",\"target\":[\"http:\\\/\\\/vet-ecg.ddns.net\\\/index.php\\\/bloc-de-branche-gauche-complet\\\/\"]}]},{\"@type\":\"ImageObject\",\"inLanguage\":\"fr-FR\",\"@id\":\"http:\\\/\\\/vet-ecg.ddns.net\\\/index.php\\\/bloc-de-branche-gauche-complet\\\/#primaryimage\",\"url\":\"http:\\\/\\\/vet-ecg.ddns.net\\\/wp-content\\\/uploads\\\/bbg-ct.jpg\",\"contentUrl\":\"http:\\\/\\\/vet-ecg.ddns.net\\\/wp-content\\\/uploads\\\/bbg-ct.jpg\",\"width\":2000,\"height\":1454},{\"@type\":\"BreadcrumbList\",\"@id\":\"http:\\\/\\\/vet-ecg.ddns.net\\\/index.php\\\/bloc-de-branche-gauche-complet\\\/#breadcrumb\",\"itemListElement\":[{\"@type\":\"ListItem\",\"position\":1,\"name\":\"Accueil\",\"item\":\"http:\\\/\\\/vet-ecg.ddns.net\\\/\"},{\"@type\":\"ListItem\",\"position\":2,\"name\":\"Bloc de branche gauche complet\"}]},{\"@type\":\"WebSite\",\"@id\":\"http:\\\/\\\/vet-ecg.ddns.net\\\/#website\",\"url\":\"http:\\\/\\\/vet-ecg.ddns.net\\\/\",\"name\":\"Blog d&#039;\u00e9lectrocardiographie v\u00e9t\u00e9rinaire\",\"description\":\"recueil d&#039;ECG de chiens et de chats\",\"publisher\":{\"@id\":\"http:\\\/\\\/vet-ecg.ddns.net\\\/#\\\/schema\\\/person\\\/fec4070a47e235fed904fab73cae00b4\"},\"alternateName\":\"\u00e9lectrocardiographie v\u00e9t\u00e9rinaire\",\"potentialAction\":[{\"@type\":\"SearchAction\",\"target\":{\"@type\":\"EntryPoint\",\"urlTemplate\":\"http:\\\/\\\/vet-ecg.ddns.net\\\/?s={search_term_string}\"},\"query-input\":{\"@type\":\"PropertyValueSpecification\",\"valueRequired\":true,\"valueName\":\"search_term_string\"}}],\"inLanguage\":\"fr-FR\"},{\"@type\":[\"Person\",\"Organization\"],\"@id\":\"http:\\\/\\\/vet-ecg.ddns.net\\\/#\\\/schema\\\/person\\\/fec4070a47e235fed904fab73cae00b4\",\"name\":\"admin\",\"image\":{\"@type\":\"ImageObject\",\"inLanguage\":\"fr-FR\",\"@id\":\"http:\\\/\\\/vet-ecg.ddns.net\\\/wp-content\\\/uploads\\\/2018\\\/04\\\/Zelda-2-ECG-248.jpg\",\"url\":\"http:\\\/\\\/vet-ecg.ddns.net\\\/wp-content\\\/uploads\\\/2018\\\/04\\\/Zelda-2-ECG-248.jpg\",\"contentUrl\":\"http:\\\/\\\/vet-ecg.ddns.net\\\/wp-content\\\/uploads\\\/2018\\\/04\\\/Zelda-2-ECG-248.jpg\",\"width\":248,\"height\":248,\"caption\":\"admin\"},\"logo\":{\"@id\":\"http:\\\/\\\/vet-ecg.ddns.net\\\/wp-content\\\/uploads\\\/2018\\\/04\\\/Zelda-2-ECG-248.jpg\"},\"description\":\"Les trac\u00e9s publi\u00e9s sur ce site sont issus de diff\u00e9rentes cliniques v\u00e9t\u00e9rinaires de Paris et de sa banlieue durant les 10 derni\u00e8res ann\u00e9es. Les ECG r\u00e9alis\u00e9s ont \u00e9t\u00e9 r\u00e9alis\u00e9s sur des chiens et des chats qui ont tous b\u00e9n\u00e9fici\u00e9 d'une \u00e9chocardiographie.\"}]}<\/script>\n<!-- \/ Yoast SEO plugin. -->","yoast_head_json":{"title":"Bloc de branche gauche complet - Blog d&#039;\u00e9lectrocardiographie v\u00e9t\u00e9rinaire","description":"Cet ECG de bloc de branche montre des QRS hypervolt\u00e9s suivis d'ondes T se sens oppos\u00e9 \u00e0 celui des QRS et surtout une dur\u00e9e tr\u00e8s augment\u00e9e.","robots":{"index":"index","follow":"follow","max-snippet":"max-snippet:-1","max-image-preview":"max-image-preview:large","max-video-preview":"max-video-preview:-1"},"canonical":"http:\/\/vet-ecg.ddns.net\/index.php\/bloc-de-branche-gauche-complet\/","schema":{"@context":"https:\/\/schema.org","@graph":[{"@type":"WebPage","@id":"http:\/\/vet-ecg.ddns.net\/index.php\/bloc-de-branche-gauche-complet\/","url":"http:\/\/vet-ecg.ddns.net\/index.php\/bloc-de-branche-gauche-complet\/","name":"Bloc de branche gauche complet - Blog d&#039;\u00e9lectrocardiographie v\u00e9t\u00e9rinaire","isPartOf":{"@id":"http:\/\/vet-ecg.ddns.net\/#website"},"primaryImageOfPage":{"@id":"http:\/\/vet-ecg.ddns.net\/index.php\/bloc-de-branche-gauche-complet\/#primaryimage"},"image":{"@id":"http:\/\/vet-ecg.ddns.net\/index.php\/bloc-de-branche-gauche-complet\/#primaryimage"},"thumbnailUrl":"http:\/\/vet-ecg.ddns.net\/wp-content\/uploads\/bbg-ct-1024x744.jpg","datePublished":"2023-02-07T11:02:56+00:00","dateModified":"2023-02-07T11:02:59+00:00","description":"Cet ECG de bloc de branche montre des QRS hypervolt\u00e9s suivis d'ondes T se sens oppos\u00e9 \u00e0 celui des QRS et surtout une dur\u00e9e tr\u00e8s augment\u00e9e.","breadcrumb":{"@id":"http:\/\/vet-ecg.ddns.net\/index.php\/bloc-de-branche-gauche-complet\/#breadcrumb"},"inLanguage":"fr-FR","potentialAction":[{"@type":"ReadAction","target":["http:\/\/vet-ecg.ddns.net\/index.php\/bloc-de-branche-gauche-complet\/"]}]},{"@type":"ImageObject","inLanguage":"fr-FR","@id":"http:\/\/vet-ecg.ddns.net\/index.php\/bloc-de-branche-gauche-complet\/#primaryimage","url":"http:\/\/vet-ecg.ddns.net\/wp-content\/uploads\/bbg-ct.jpg","contentUrl":"http:\/\/vet-ecg.ddns.net\/wp-content\/uploads\/bbg-ct.jpg","width":2000,"height":1454},{"@type":"BreadcrumbList","@id":"http:\/\/vet-ecg.ddns.net\/index.php\/bloc-de-branche-gauche-complet\/#breadcrumb","itemListElement":[{"@type":"ListItem","position":1,"name":"Accueil","item":"http:\/\/vet-ecg.ddns.net\/"},{"@type":"ListItem","position":2,"name":"Bloc de branche gauche complet"}]},{"@type":"WebSite","@id":"http:\/\/vet-ecg.ddns.net\/#website","url":"http:\/\/vet-ecg.ddns.net\/","name":"Blog d&#039;\u00e9lectrocardiographie v\u00e9t\u00e9rinaire","description":"recueil d&#039;ECG de chiens et de chats","publisher":{"@id":"http:\/\/vet-ecg.ddns.net\/#\/schema\/person\/fec4070a47e235fed904fab73cae00b4"},"alternateName":"\u00e9lectrocardiographie v\u00e9t\u00e9rinaire","potentialAction":[{"@type":"SearchAction","target":{"@type":"EntryPoint","urlTemplate":"http:\/\/vet-ecg.ddns.net\/?s={search_term_string}"},"query-input":{"@type":"PropertyValueSpecification","valueRequired":true,"valueName":"search_term_string"}}],"inLanguage":"fr-FR"},{"@type":["Person","Organization"],"@id":"http:\/\/vet-ecg.ddns.net\/#\/schema\/person\/fec4070a47e235fed904fab73cae00b4","name":"admin","image":{"@type":"ImageObject","inLanguage":"fr-FR","@id":"http:\/\/vet-ecg.ddns.net\/wp-content\/uploads\/2018\/04\/Zelda-2-ECG-248.jpg","url":"http:\/\/vet-ecg.ddns.net\/wp-content\/uploads\/2018\/04\/Zelda-2-ECG-248.jpg","contentUrl":"http:\/\/vet-ecg.ddns.net\/wp-content\/uploads\/2018\/04\/Zelda-2-ECG-248.jpg","width":248,"height":248,"caption":"admin"},"logo":{"@id":"http:\/\/vet-ecg.ddns.net\/wp-content\/uploads\/2018\/04\/Zelda-2-ECG-248.jpg"},"description":"Les trac\u00e9s publi\u00e9s sur ce site sont issus de diff\u00e9rentes cliniques v\u00e9t\u00e9rinaires de Paris et de sa banlieue durant les 10 derni\u00e8res ann\u00e9es. Les ECG r\u00e9alis\u00e9s ont \u00e9t\u00e9 r\u00e9alis\u00e9s sur des chiens et des chats qui ont tous b\u00e9n\u00e9fici\u00e9 d'une \u00e9chocardiographie."}]}},"_links":{"self":[{"href":"http:\/\/vet-ecg.ddns.net\/index.php\/wp-json\/wp\/v2\/pages\/3424","targetHints":{"allow":["GET"]}}],"collection":[{"href":"http:\/\/vet-ecg.ddns.net\/index.php\/wp-json\/wp\/v2\/pages"}],"about":[{"href":"http:\/\/vet-ecg.ddns.net\/index.php\/wp-json\/wp\/v2\/types\/page"}],"author":[{"embeddable":true,"href":"http:\/\/vet-ecg.ddns.net\/index.php\/wp-json\/wp\/v2\/users\/1"}],"replies":[{"embeddable":true,"href":"http:\/\/vet-ecg.ddns.net\/index.php\/wp-json\/wp\/v2\/comments?post=3424"}],"version-history":[{"count":0,"href":"http:\/\/vet-ecg.ddns.net\/index.php\/wp-json\/wp\/v2\/pages\/3424\/revisions"}],"wp:attachment":[{"href":"http:\/\/vet-ecg.ddns.net\/index.php\/wp-json\/wp\/v2\/media?parent=3424"}],"curies":[{"name":"wp","href":"https:\/\/api.w.org\/{rel}","templated":true}]}}