{"id":3408,"date":"2023-01-19T22:19:12","date_gmt":"2023-01-19T21:19:12","guid":{"rendered":"http:\/\/vet-ecg.ddns.net\/?page_id=3408"},"modified":"2023-01-19T22:23:29","modified_gmt":"2023-01-19T21:23:29","slug":"hemibloc-anterieur-gauche-frequence-dependant","status":"publish","type":"page","link":"http:\/\/vet-ecg.ddns.net\/index.php\/hemibloc-anterieur-gauche-frequence-dependant\/","title":{"rendered":"H\u00e9mibloc ant\u00e9rieur gauche fr\u00e9quence-d\u00e9pendant"},"content":{"rendered":"\n<figure class=\"wp-block-image size-large\"><img loading=\"lazy\" decoding=\"async\" width=\"1024\" height=\"658\" src=\"http:\/\/vet-ecg.ddns.net\/wp-content\/uploads\/bfag-frequence-dependant-1024x658.jpg\" alt=\"bloc fasciculaire ant\u00e9rieur gauche (anciennement d\u00e9nomm\u00e9 h\u00e9mibloc ant\u00e9rieur gauche) fr\u00e9quence-d\u00e9pendant\" class=\"wp-image-3409\" srcset=\"http:\/\/vet-ecg.ddns.net\/wp-content\/uploads\/bfag-frequence-dependant-1024x658.jpg 1024w, http:\/\/vet-ecg.ddns.net\/wp-content\/uploads\/bfag-frequence-dependant-300x193.jpg 300w, http:\/\/vet-ecg.ddns.net\/wp-content\/uploads\/bfag-frequence-dependant-768x494.jpg 768w, http:\/\/vet-ecg.ddns.net\/wp-content\/uploads\/bfag-frequence-dependant-1536x988.jpg 1536w, http:\/\/vet-ecg.ddns.net\/wp-content\/uploads\/bfag-frequence-dependant.jpg 2000w\" sizes=\"auto, (max-width: 1024px) 100vw, 1024px\" \/><figcaption class=\"wp-element-caption\">Bloc fasciculaire gauche (\u00e0 gauche) fr\u00e9quence-d\u00e9pendant<\/figcaption><\/figure>\n\n\n<p>Le trac\u00e9 de gauche montre une tachycardie sinusale \u00e0 215 bpm avec un aspect d&rsquo; h\u00e9mibloc ant\u00e9rieur gauche (encore appel\u00e9 bloc fasciculaire ant\u00e9rieur): D2, D3 et AVF n\u00e9gatifs et l&rsquo; amplitude des QRS en AVF est sup\u00e9rieure \u00e0 celle de D1.<\/p>\n<p>Ces deux trac\u00e9s ont \u00e9t\u00e9 enregistr\u00e9s \u00e0 2h30 d&rsquo;intervalle sur un chien de race sharpe\u00ef hypertherme de 12 ans.<\/p>\n<p>Le trac\u00e9 de droite a \u00e9t\u00e9 obtenu apr\u00e8s un traitement antipyr\u00e9tique. La fr\u00e9quence, bien qu&rsquo;encore \u00e9lev\u00e9e n&rsquo;est plus que de 190 bpm mais cela a suffi \u00e0 faire disparaitre le bloc. La polarit\u00e9 des QRS a repris un aspect habituel (D2, D3 et AVF positifs) chez un chien qui ne pr\u00e9sente pas de pathologie cardiaque.<\/p>\n<p>\u00a0<\/p>","protected":false},"excerpt":{"rendered":"<p>Le trac\u00e9 de gauche montre une tachycardie sinusale \u00e0 215 bpm avec un aspect d&rsquo; h\u00e9mibloc ant\u00e9rieur gauche (encore appel\u00e9 bloc fasciculaire ant\u00e9rieur): D2, D3 et AVF n\u00e9gatifs et l&rsquo; amplitude des QRS en AVF est sup\u00e9rieure \u00e0 celle de D1. Ces deux trac\u00e9s ont \u00e9t\u00e9 enregistr\u00e9s \u00e0 2h30 d&rsquo;intervalle sur un chien de race &hellip; <a href=\"http:\/\/vet-ecg.ddns.net\/index.php\/hemibloc-anterieur-gauche-frequence-dependant\/\" class=\"more-link\">Continuer la lecture de <span class=\"screen-reader-text\">H\u00e9mibloc ant\u00e9rieur gauche fr\u00e9quence-d\u00e9pendant<\/span><\/a><\/p>\n","protected":false},"author":1,"featured_media":0,"parent":0,"menu_order":0,"comment_status":"closed","ping_status":"closed","template":"","meta":{"footnotes":""},"class_list":["post-3408","page","type-page","status-publish","hentry"],"yoast_head":"<!-- This site is optimized with the Yoast SEO plugin v27.4 - https:\/\/yoast.com\/product\/yoast-seo-wordpress\/ -->\n<title>H\u00e9mibloc ant\u00e9rieur gauche fr\u00e9quence-d\u00e9pendant - Blog d&#039;\u00e9lectrocardiographie v\u00e9t\u00e9rinaire<\/title>\n<meta name=\"description\" content=\"H\u00e9mibloc ant\u00e9rieur gauche fr\u00e9quence d\u00e9pendant qui disparait d\u00e8s que la fr\u00e9quence descend en dessous de 200 bpm.\" \/>\n<meta name=\"robots\" content=\"index, follow, max-snippet:-1, max-image-preview:large, max-video-preview:-1\" \/>\n<link rel=\"canonical\" href=\"http:\/\/vet-ecg.ddns.net\/index.php\/hemibloc-anterieur-gauche-frequence-dependant\/\" \/>\n<meta name=\"twitter:label1\" content=\"Dur\u00e9e de lecture estim\u00e9e\" \/>\n\t<meta name=\"twitter:data1\" content=\"1 minute\" \/>\n<script type=\"application\/ld+json\" class=\"yoast-schema-graph\">{\"@context\":\"https:\\\/\\\/schema.org\",\"@graph\":[{\"@type\":\"WebPage\",\"@id\":\"http:\\\/\\\/vet-ecg.ddns.net\\\/index.php\\\/hemibloc-anterieur-gauche-frequence-dependant\\\/\",\"url\":\"http:\\\/\\\/vet-ecg.ddns.net\\\/index.php\\\/hemibloc-anterieur-gauche-frequence-dependant\\\/\",\"name\":\"H\u00e9mibloc ant\u00e9rieur gauche fr\u00e9quence-d\u00e9pendant - Blog d&#039;\u00e9lectrocardiographie v\u00e9t\u00e9rinaire\",\"isPartOf\":{\"@id\":\"http:\\\/\\\/vet-ecg.ddns.net\\\/#website\"},\"primaryImageOfPage\":{\"@id\":\"http:\\\/\\\/vet-ecg.ddns.net\\\/index.php\\\/hemibloc-anterieur-gauche-frequence-dependant\\\/#primaryimage\"},\"image\":{\"@id\":\"http:\\\/\\\/vet-ecg.ddns.net\\\/index.php\\\/hemibloc-anterieur-gauche-frequence-dependant\\\/#primaryimage\"},\"thumbnailUrl\":\"http:\\\/\\\/vet-ecg.ddns.net\\\/wp-content\\\/uploads\\\/bfag-frequence-dependant-1024x658.jpg\",\"datePublished\":\"2023-01-19T21:19:12+00:00\",\"dateModified\":\"2023-01-19T21:23:29+00:00\",\"description\":\"H\u00e9mibloc ant\u00e9rieur gauche fr\u00e9quence d\u00e9pendant qui disparait d\u00e8s que la fr\u00e9quence descend en dessous de 200 bpm.\",\"breadcrumb\":{\"@id\":\"http:\\\/\\\/vet-ecg.ddns.net\\\/index.php\\\/hemibloc-anterieur-gauche-frequence-dependant\\\/#breadcrumb\"},\"inLanguage\":\"fr-FR\",\"potentialAction\":[{\"@type\":\"ReadAction\",\"target\":[\"http:\\\/\\\/vet-ecg.ddns.net\\\/index.php\\\/hemibloc-anterieur-gauche-frequence-dependant\\\/\"]}]},{\"@type\":\"ImageObject\",\"inLanguage\":\"fr-FR\",\"@id\":\"http:\\\/\\\/vet-ecg.ddns.net\\\/index.php\\\/hemibloc-anterieur-gauche-frequence-dependant\\\/#primaryimage\",\"url\":\"http:\\\/\\\/vet-ecg.ddns.net\\\/wp-content\\\/uploads\\\/bfag-frequence-dependant.jpg\",\"contentUrl\":\"http:\\\/\\\/vet-ecg.ddns.net\\\/wp-content\\\/uploads\\\/bfag-frequence-dependant.jpg\",\"width\":2000,\"height\":1286,\"caption\":\"Created with GIMP\"},{\"@type\":\"BreadcrumbList\",\"@id\":\"http:\\\/\\\/vet-ecg.ddns.net\\\/index.php\\\/hemibloc-anterieur-gauche-frequence-dependant\\\/#breadcrumb\",\"itemListElement\":[{\"@type\":\"ListItem\",\"position\":1,\"name\":\"Accueil\",\"item\":\"http:\\\/\\\/vet-ecg.ddns.net\\\/\"},{\"@type\":\"ListItem\",\"position\":2,\"name\":\"H\u00e9mibloc ant\u00e9rieur gauche fr\u00e9quence-d\u00e9pendant\"}]},{\"@type\":\"WebSite\",\"@id\":\"http:\\\/\\\/vet-ecg.ddns.net\\\/#website\",\"url\":\"http:\\\/\\\/vet-ecg.ddns.net\\\/\",\"name\":\"Blog d&#039;\u00e9lectrocardiographie v\u00e9t\u00e9rinaire\",\"description\":\"recueil d&#039;ECG de chiens et de chats\",\"publisher\":{\"@id\":\"http:\\\/\\\/vet-ecg.ddns.net\\\/#\\\/schema\\\/person\\\/fec4070a47e235fed904fab73cae00b4\"},\"alternateName\":\"\u00e9lectrocardiographie v\u00e9t\u00e9rinaire\",\"potentialAction\":[{\"@type\":\"SearchAction\",\"target\":{\"@type\":\"EntryPoint\",\"urlTemplate\":\"http:\\\/\\\/vet-ecg.ddns.net\\\/?s={search_term_string}\"},\"query-input\":{\"@type\":\"PropertyValueSpecification\",\"valueRequired\":true,\"valueName\":\"search_term_string\"}}],\"inLanguage\":\"fr-FR\"},{\"@type\":[\"Person\",\"Organization\"],\"@id\":\"http:\\\/\\\/vet-ecg.ddns.net\\\/#\\\/schema\\\/person\\\/fec4070a47e235fed904fab73cae00b4\",\"name\":\"admin\",\"image\":{\"@type\":\"ImageObject\",\"inLanguage\":\"fr-FR\",\"@id\":\"http:\\\/\\\/vet-ecg.ddns.net\\\/wp-content\\\/uploads\\\/2018\\\/04\\\/Zelda-2-ECG-248.jpg\",\"url\":\"http:\\\/\\\/vet-ecg.ddns.net\\\/wp-content\\\/uploads\\\/2018\\\/04\\\/Zelda-2-ECG-248.jpg\",\"contentUrl\":\"http:\\\/\\\/vet-ecg.ddns.net\\\/wp-content\\\/uploads\\\/2018\\\/04\\\/Zelda-2-ECG-248.jpg\",\"width\":248,\"height\":248,\"caption\":\"admin\"},\"logo\":{\"@id\":\"http:\\\/\\\/vet-ecg.ddns.net\\\/wp-content\\\/uploads\\\/2018\\\/04\\\/Zelda-2-ECG-248.jpg\"},\"description\":\"Les trac\u00e9s publi\u00e9s sur ce site sont issus de diff\u00e9rentes cliniques v\u00e9t\u00e9rinaires de Paris et de sa banlieue durant les 10 derni\u00e8res ann\u00e9es. Les ECG r\u00e9alis\u00e9s ont \u00e9t\u00e9 r\u00e9alis\u00e9s sur des chiens et des chats qui ont tous b\u00e9n\u00e9fici\u00e9 d'une \u00e9chocardiographie.\"}]}<\/script>\n<!-- \/ Yoast SEO plugin. -->","yoast_head_json":{"title":"H\u00e9mibloc ant\u00e9rieur gauche fr\u00e9quence-d\u00e9pendant - Blog d&#039;\u00e9lectrocardiographie v\u00e9t\u00e9rinaire","description":"H\u00e9mibloc ant\u00e9rieur gauche fr\u00e9quence d\u00e9pendant qui disparait d\u00e8s que la fr\u00e9quence descend en dessous de 200 bpm.","robots":{"index":"index","follow":"follow","max-snippet":"max-snippet:-1","max-image-preview":"max-image-preview:large","max-video-preview":"max-video-preview:-1"},"canonical":"http:\/\/vet-ecg.ddns.net\/index.php\/hemibloc-anterieur-gauche-frequence-dependant\/","twitter_misc":{"Dur\u00e9e de lecture estim\u00e9e":"1 minute"},"schema":{"@context":"https:\/\/schema.org","@graph":[{"@type":"WebPage","@id":"http:\/\/vet-ecg.ddns.net\/index.php\/hemibloc-anterieur-gauche-frequence-dependant\/","url":"http:\/\/vet-ecg.ddns.net\/index.php\/hemibloc-anterieur-gauche-frequence-dependant\/","name":"H\u00e9mibloc ant\u00e9rieur gauche fr\u00e9quence-d\u00e9pendant - Blog d&#039;\u00e9lectrocardiographie v\u00e9t\u00e9rinaire","isPartOf":{"@id":"http:\/\/vet-ecg.ddns.net\/#website"},"primaryImageOfPage":{"@id":"http:\/\/vet-ecg.ddns.net\/index.php\/hemibloc-anterieur-gauche-frequence-dependant\/#primaryimage"},"image":{"@id":"http:\/\/vet-ecg.ddns.net\/index.php\/hemibloc-anterieur-gauche-frequence-dependant\/#primaryimage"},"thumbnailUrl":"http:\/\/vet-ecg.ddns.net\/wp-content\/uploads\/bfag-frequence-dependant-1024x658.jpg","datePublished":"2023-01-19T21:19:12+00:00","dateModified":"2023-01-19T21:23:29+00:00","description":"H\u00e9mibloc ant\u00e9rieur gauche fr\u00e9quence d\u00e9pendant qui disparait d\u00e8s que la fr\u00e9quence descend en dessous de 200 bpm.","breadcrumb":{"@id":"http:\/\/vet-ecg.ddns.net\/index.php\/hemibloc-anterieur-gauche-frequence-dependant\/#breadcrumb"},"inLanguage":"fr-FR","potentialAction":[{"@type":"ReadAction","target":["http:\/\/vet-ecg.ddns.net\/index.php\/hemibloc-anterieur-gauche-frequence-dependant\/"]}]},{"@type":"ImageObject","inLanguage":"fr-FR","@id":"http:\/\/vet-ecg.ddns.net\/index.php\/hemibloc-anterieur-gauche-frequence-dependant\/#primaryimage","url":"http:\/\/vet-ecg.ddns.net\/wp-content\/uploads\/bfag-frequence-dependant.jpg","contentUrl":"http:\/\/vet-ecg.ddns.net\/wp-content\/uploads\/bfag-frequence-dependant.jpg","width":2000,"height":1286,"caption":"Created with GIMP"},{"@type":"BreadcrumbList","@id":"http:\/\/vet-ecg.ddns.net\/index.php\/hemibloc-anterieur-gauche-frequence-dependant\/#breadcrumb","itemListElement":[{"@type":"ListItem","position":1,"name":"Accueil","item":"http:\/\/vet-ecg.ddns.net\/"},{"@type":"ListItem","position":2,"name":"H\u00e9mibloc ant\u00e9rieur gauche fr\u00e9quence-d\u00e9pendant"}]},{"@type":"WebSite","@id":"http:\/\/vet-ecg.ddns.net\/#website","url":"http:\/\/vet-ecg.ddns.net\/","name":"Blog d&#039;\u00e9lectrocardiographie v\u00e9t\u00e9rinaire","description":"recueil d&#039;ECG de chiens et de chats","publisher":{"@id":"http:\/\/vet-ecg.ddns.net\/#\/schema\/person\/fec4070a47e235fed904fab73cae00b4"},"alternateName":"\u00e9lectrocardiographie v\u00e9t\u00e9rinaire","potentialAction":[{"@type":"SearchAction","target":{"@type":"EntryPoint","urlTemplate":"http:\/\/vet-ecg.ddns.net\/?s={search_term_string}"},"query-input":{"@type":"PropertyValueSpecification","valueRequired":true,"valueName":"search_term_string"}}],"inLanguage":"fr-FR"},{"@type":["Person","Organization"],"@id":"http:\/\/vet-ecg.ddns.net\/#\/schema\/person\/fec4070a47e235fed904fab73cae00b4","name":"admin","image":{"@type":"ImageObject","inLanguage":"fr-FR","@id":"http:\/\/vet-ecg.ddns.net\/wp-content\/uploads\/2018\/04\/Zelda-2-ECG-248.jpg","url":"http:\/\/vet-ecg.ddns.net\/wp-content\/uploads\/2018\/04\/Zelda-2-ECG-248.jpg","contentUrl":"http:\/\/vet-ecg.ddns.net\/wp-content\/uploads\/2018\/04\/Zelda-2-ECG-248.jpg","width":248,"height":248,"caption":"admin"},"logo":{"@id":"http:\/\/vet-ecg.ddns.net\/wp-content\/uploads\/2018\/04\/Zelda-2-ECG-248.jpg"},"description":"Les trac\u00e9s publi\u00e9s sur ce site sont issus de diff\u00e9rentes cliniques v\u00e9t\u00e9rinaires de Paris et de sa banlieue durant les 10 derni\u00e8res ann\u00e9es. Les ECG r\u00e9alis\u00e9s ont \u00e9t\u00e9 r\u00e9alis\u00e9s sur des chiens et des chats qui ont tous b\u00e9n\u00e9fici\u00e9 d'une \u00e9chocardiographie."}]}},"_links":{"self":[{"href":"http:\/\/vet-ecg.ddns.net\/index.php\/wp-json\/wp\/v2\/pages\/3408","targetHints":{"allow":["GET"]}}],"collection":[{"href":"http:\/\/vet-ecg.ddns.net\/index.php\/wp-json\/wp\/v2\/pages"}],"about":[{"href":"http:\/\/vet-ecg.ddns.net\/index.php\/wp-json\/wp\/v2\/types\/page"}],"author":[{"embeddable":true,"href":"http:\/\/vet-ecg.ddns.net\/index.php\/wp-json\/wp\/v2\/users\/1"}],"replies":[{"embeddable":true,"href":"http:\/\/vet-ecg.ddns.net\/index.php\/wp-json\/wp\/v2\/comments?post=3408"}],"version-history":[{"count":0,"href":"http:\/\/vet-ecg.ddns.net\/index.php\/wp-json\/wp\/v2\/pages\/3408\/revisions"}],"wp:attachment":[{"href":"http:\/\/vet-ecg.ddns.net\/index.php\/wp-json\/wp\/v2\/media?parent=3408"}],"curies":[{"name":"wp","href":"https:\/\/api.w.org\/{rel}","templated":true}]}}