{"id":3381,"date":"2023-01-10T23:46:13","date_gmt":"2023-01-10T22:46:13","guid":{"rendered":"http:\/\/vet-ecg.ddns.net\/?page_id=3381"},"modified":"2023-01-11T10:09:05","modified_gmt":"2023-01-11T09:09:05","slug":"super-wolff","status":"publish","type":"page","link":"http:\/\/vet-ecg.ddns.net\/index.php\/super-wolff\/","title":{"rendered":"Super Wolff"},"content":{"rendered":"\n<figure class=\"wp-block-image size-large\"><img loading=\"lazy\" decoding=\"async\" width=\"979\" height=\"1024\" src=\"http:\/\/vet-ecg.ddns.net\/wp-content\/uploads\/super-wolff-979x1024.jpg\" alt=\"Fibrillation atriale tr\u00e8s rapide\" class=\"wp-image-3382\" srcset=\"http:\/\/vet-ecg.ddns.net\/wp-content\/uploads\/super-wolff-979x1024.jpg 979w, http:\/\/vet-ecg.ddns.net\/wp-content\/uploads\/super-wolff-287x300.jpg 287w, http:\/\/vet-ecg.ddns.net\/wp-content\/uploads\/super-wolff-768x804.jpg 768w, http:\/\/vet-ecg.ddns.net\/wp-content\/uploads\/super-wolff-1468x1536.jpg 1468w, http:\/\/vet-ecg.ddns.net\/wp-content\/uploads\/super-wolff-1957x2048.jpg 1957w, http:\/\/vet-ecg.ddns.net\/wp-content\/uploads\/super-wolff.jpg 1959w\" sizes=\"auto, (max-width: 979px) 100vw, 979px\" \/><figcaption class=\"wp-element-caption\">Trac\u00e9 obtenu \u00e0 l&rsquo;arriv\u00e9e<\/figcaption><\/figure>\n\n\n\n<figure class=\"wp-block-image size-large\"><img loading=\"lazy\" decoding=\"async\" width=\"686\" height=\"1024\" src=\"http:\/\/vet-ecg.ddns.net\/wp-content\/uploads\/super-wolff-detail-686x1024.jpg\" alt=\"Enregistrement \u00e0 50 mm\/s d'une fibrillation atriale tr\u00e8s rapide\" class=\"wp-image-3383\" srcset=\"http:\/\/vet-ecg.ddns.net\/wp-content\/uploads\/super-wolff-detail-686x1024.jpg 686w, http:\/\/vet-ecg.ddns.net\/wp-content\/uploads\/super-wolff-detail-201x300.jpg 201w, http:\/\/vet-ecg.ddns.net\/wp-content\/uploads\/super-wolff-detail-768x1147.jpg 768w, http:\/\/vet-ecg.ddns.net\/wp-content\/uploads\/super-wolff-detail-1029x1536.jpg 1029w, http:\/\/vet-ecg.ddns.net\/wp-content\/uploads\/super-wolff-detail-1372x2048.jpg 1372w, http:\/\/vet-ecg.ddns.net\/wp-content\/uploads\/super-wolff-detail-scaled.jpg 1715w\" sizes=\"auto, (max-width: 686px) 100vw, 686px\" \/><figcaption class=\"wp-element-caption\">Enregistrement \u00e0 50 mm\/s<\/figcaption><\/figure>\n\n\n\n<figure class=\"wp-block-image size-large\"><img loading=\"lazy\" decoding=\"async\" width=\"1024\" height=\"370\" src=\"http:\/\/vet-ecg.ddns.net\/wp-content\/uploads\/super-wolff-delta-1024x370.jpg\" alt=\"ondes delta (pr\u00e9excitation ventriculaire)\" class=\"wp-image-3391\" srcset=\"http:\/\/vet-ecg.ddns.net\/wp-content\/uploads\/super-wolff-delta-1024x370.jpg 1024w, http:\/\/vet-ecg.ddns.net\/wp-content\/uploads\/super-wolff-delta-300x108.jpg 300w, http:\/\/vet-ecg.ddns.net\/wp-content\/uploads\/super-wolff-delta-768x277.jpg 768w, http:\/\/vet-ecg.ddns.net\/wp-content\/uploads\/super-wolff-delta-1536x555.jpg 1536w, http:\/\/vet-ecg.ddns.net\/wp-content\/uploads\/super-wolff-delta-2048x739.jpg 2048w\" sizes=\"auto, (max-width: 1024px) 100vw, 1024px\" \/><figcaption class=\"wp-element-caption\">Ondes delta (traits rouges)<\/figcaption><\/figure>\n\n\n<p>Ce chien de race cairn \u00e2g\u00e9 de 8 ans est pr\u00e9sent\u00e9 pour abattement soudain mais l&rsquo;abattement est mod\u00e9r\u00e9 compte-tenu de la fr\u00e9quence ventriculaire observ\u00e9e. Un faisceau accessoire est suspect\u00e9 devant l&#8217;emp\u00e2tement de l&rsquo;onde R (onde delta=QRS \u00e9largis). Le diagnostic\u00a0 de super wolff est suspect\u00e9.<\/p>\n<p>Une premi\u00e8re \u00e9chocardiographie r\u00e9v\u00e8le une hypertrophie excentrique du ventricule droit, une dilatation atriale marqu\u00e9e (Ag\/Ao=1,82). Par ailleurs le ventricule gauche\u00a0 et la valvule mitrale ne pr\u00e9sentent aucune anomalie. Aucun souffle cardiaque n&rsquo;avait jusqu&rsquo;alors \u00e9t\u00e9 identifi\u00e9.<\/p>\n<p>Ce trac\u00e9 frappe par la fr\u00e9quence inhabituelle de cette fibrillation atriale. En effet certains intervalles RR sont mesur\u00e9s \u00e0 157 ms, ce qui correspond \u00e0 une fr\u00e9quence de 380 bpm. L&rsquo;axe des QRS est de -45 degr\u00e9s.<\/p>\n<p>Une cardioversion m\u00e9dicamenteuse a \u00e9t\u00e9 obtenue en quelques heures, comme le montre le trac\u00e9 ci-dessous obtenu 12 h apr\u00e8s l&rsquo;admission.<\/p>\n<p>\u00a0<\/p>\n\n\n<p><\/p>\n\n\n\n<figure class=\"wp-block-image size-large\"><img loading=\"lazy\" decoding=\"async\" width=\"1024\" height=\"718\" src=\"http:\/\/vet-ecg.ddns.net\/wp-content\/uploads\/super-wolff-3-1-1024x718.jpg\" alt=\"Rythme sinusal enregistr\u00e9 apr\u00e8s cardioversion\n\" class=\"wp-image-3386\" srcset=\"http:\/\/vet-ecg.ddns.net\/wp-content\/uploads\/super-wolff-3-1-1024x718.jpg 1024w, http:\/\/vet-ecg.ddns.net\/wp-content\/uploads\/super-wolff-3-1-300x210.jpg 300w, http:\/\/vet-ecg.ddns.net\/wp-content\/uploads\/super-wolff-3-1-768x538.jpg 768w, http:\/\/vet-ecg.ddns.net\/wp-content\/uploads\/super-wolff-3-1-1536x1077.jpg 1536w, http:\/\/vet-ecg.ddns.net\/wp-content\/uploads\/super-wolff-3-1.jpg 2000w\" sizes=\"auto, (max-width: 1024px) 100vw, 1024px\" \/><figcaption class=\"wp-element-caption\">Trac\u00e9 obtenu apr\u00e8s la cardioversion<\/figcaption><\/figure>\n\n\n<p>Le rythme est redevenu sinusal, on visualise un complexe de fusion (3e systole) et des ondes P d&rsquo;allure pulmonaire. La pr\u00e9excitation n&rsquo;est plus visible (QRS fins)<\/p>\n<p>Une deuxi\u00e8me \u00e9chocardiographie est r\u00e9alis\u00e9e maintenant que la fr\u00e9quence est normalis\u00e9e afin d&rsquo;obtenir des mesures Doppler plus fiables. Elle confirme les premiers r\u00e9sultats mais permet de visualiser cette fois une masse sur le septum interventriculaire.<\/p>","protected":false},"excerpt":{"rendered":"<p>Ce chien de race cairn \u00e2g\u00e9 de 8 ans est pr\u00e9sent\u00e9 pour abattement soudain mais l&rsquo;abattement est mod\u00e9r\u00e9 compte-tenu de la fr\u00e9quence ventriculaire observ\u00e9e. Un faisceau accessoire est suspect\u00e9 devant l&#8217;emp\u00e2tement de l&rsquo;onde R (onde delta=QRS \u00e9largis). Le diagnostic\u00a0 de super wolff est suspect\u00e9. Une premi\u00e8re \u00e9chocardiographie r\u00e9v\u00e8le une hypertrophie excentrique du ventricule droit, une &hellip; <a href=\"http:\/\/vet-ecg.ddns.net\/index.php\/super-wolff\/\" class=\"more-link\">Continuer la lecture de <span class=\"screen-reader-text\">Super Wolff<\/span><\/a><\/p>\n","protected":false},"author":1,"featured_media":0,"parent":0,"menu_order":0,"comment_status":"closed","ping_status":"closed","template":"","meta":{"footnotes":""},"class_list":["post-3381","page","type-page","status-publish","hentry"],"yoast_head":"<!-- This site is optimized with the Yoast SEO plugin v27.4 - https:\/\/yoast.com\/product\/yoast-seo-wordpress\/ -->\n<title>Super Wolff - Blog d&#039;\u00e9lectrocardiographie v\u00e9t\u00e9rinaire<\/title>\n<meta name=\"description\" content=\"Fibrillation atriale extr\u00eamement rapide. Certains intervalles RR sont mesur\u00e9s \u00e0 157 ms, ce qui correspond \u00e0 une fr\u00e9quence de 380 bpm.\" \/>\n<meta name=\"robots\" content=\"index, follow, max-snippet:-1, max-image-preview:large, max-video-preview:-1\" \/>\n<link rel=\"canonical\" href=\"http:\/\/vet-ecg.ddns.net\/index.php\/super-wolff\/\" \/>\n<meta name=\"twitter:label1\" content=\"Dur\u00e9e de lecture estim\u00e9e\" \/>\n\t<meta name=\"twitter:data1\" content=\"1 minute\" \/>\n<script type=\"application\/ld+json\" class=\"yoast-schema-graph\">{\"@context\":\"https:\\\/\\\/schema.org\",\"@graph\":[{\"@type\":\"WebPage\",\"@id\":\"http:\\\/\\\/vet-ecg.ddns.net\\\/index.php\\\/super-wolff\\\/\",\"url\":\"http:\\\/\\\/vet-ecg.ddns.net\\\/index.php\\\/super-wolff\\\/\",\"name\":\"Super Wolff - Blog d&#039;\u00e9lectrocardiographie v\u00e9t\u00e9rinaire\",\"isPartOf\":{\"@id\":\"http:\\\/\\\/vet-ecg.ddns.net\\\/#website\"},\"primaryImageOfPage\":{\"@id\":\"http:\\\/\\\/vet-ecg.ddns.net\\\/index.php\\\/super-wolff\\\/#primaryimage\"},\"image\":{\"@id\":\"http:\\\/\\\/vet-ecg.ddns.net\\\/index.php\\\/super-wolff\\\/#primaryimage\"},\"thumbnailUrl\":\"http:\\\/\\\/vet-ecg.ddns.net\\\/wp-content\\\/uploads\\\/super-wolff-979x1024.jpg\",\"datePublished\":\"2023-01-10T22:46:13+00:00\",\"dateModified\":\"2023-01-11T09:09:05+00:00\",\"description\":\"Fibrillation atriale extr\u00eamement rapide. Certains intervalles RR sont mesur\u00e9s \u00e0 157 ms, ce qui correspond \u00e0 une fr\u00e9quence de 380 bpm.\",\"breadcrumb\":{\"@id\":\"http:\\\/\\\/vet-ecg.ddns.net\\\/index.php\\\/super-wolff\\\/#breadcrumb\"},\"inLanguage\":\"fr-FR\",\"potentialAction\":[{\"@type\":\"ReadAction\",\"target\":[\"http:\\\/\\\/vet-ecg.ddns.net\\\/index.php\\\/super-wolff\\\/\"]}]},{\"@type\":\"ImageObject\",\"inLanguage\":\"fr-FR\",\"@id\":\"http:\\\/\\\/vet-ecg.ddns.net\\\/index.php\\\/super-wolff\\\/#primaryimage\",\"url\":\"http:\\\/\\\/vet-ecg.ddns.net\\\/wp-content\\\/uploads\\\/super-wolff.jpg\",\"contentUrl\":\"http:\\\/\\\/vet-ecg.ddns.net\\\/wp-content\\\/uploads\\\/super-wolff.jpg\",\"width\":1959,\"height\":2050},{\"@type\":\"BreadcrumbList\",\"@id\":\"http:\\\/\\\/vet-ecg.ddns.net\\\/index.php\\\/super-wolff\\\/#breadcrumb\",\"itemListElement\":[{\"@type\":\"ListItem\",\"position\":1,\"name\":\"Accueil\",\"item\":\"http:\\\/\\\/vet-ecg.ddns.net\\\/\"},{\"@type\":\"ListItem\",\"position\":2,\"name\":\"Super Wolff\"}]},{\"@type\":\"WebSite\",\"@id\":\"http:\\\/\\\/vet-ecg.ddns.net\\\/#website\",\"url\":\"http:\\\/\\\/vet-ecg.ddns.net\\\/\",\"name\":\"Blog d&#039;\u00e9lectrocardiographie v\u00e9t\u00e9rinaire\",\"description\":\"recueil d&#039;ECG de chiens et de chats\",\"publisher\":{\"@id\":\"http:\\\/\\\/vet-ecg.ddns.net\\\/#\\\/schema\\\/person\\\/fec4070a47e235fed904fab73cae00b4\"},\"alternateName\":\"\u00e9lectrocardiographie v\u00e9t\u00e9rinaire\",\"potentialAction\":[{\"@type\":\"SearchAction\",\"target\":{\"@type\":\"EntryPoint\",\"urlTemplate\":\"http:\\\/\\\/vet-ecg.ddns.net\\\/?s={search_term_string}\"},\"query-input\":{\"@type\":\"PropertyValueSpecification\",\"valueRequired\":true,\"valueName\":\"search_term_string\"}}],\"inLanguage\":\"fr-FR\"},{\"@type\":[\"Person\",\"Organization\"],\"@id\":\"http:\\\/\\\/vet-ecg.ddns.net\\\/#\\\/schema\\\/person\\\/fec4070a47e235fed904fab73cae00b4\",\"name\":\"admin\",\"image\":{\"@type\":\"ImageObject\",\"inLanguage\":\"fr-FR\",\"@id\":\"http:\\\/\\\/vet-ecg.ddns.net\\\/wp-content\\\/uploads\\\/2018\\\/04\\\/Zelda-2-ECG-248.jpg\",\"url\":\"http:\\\/\\\/vet-ecg.ddns.net\\\/wp-content\\\/uploads\\\/2018\\\/04\\\/Zelda-2-ECG-248.jpg\",\"contentUrl\":\"http:\\\/\\\/vet-ecg.ddns.net\\\/wp-content\\\/uploads\\\/2018\\\/04\\\/Zelda-2-ECG-248.jpg\",\"width\":248,\"height\":248,\"caption\":\"admin\"},\"logo\":{\"@id\":\"http:\\\/\\\/vet-ecg.ddns.net\\\/wp-content\\\/uploads\\\/2018\\\/04\\\/Zelda-2-ECG-248.jpg\"},\"description\":\"Les trac\u00e9s publi\u00e9s sur ce site sont issus de diff\u00e9rentes cliniques v\u00e9t\u00e9rinaires de Paris et de sa banlieue durant les 10 derni\u00e8res ann\u00e9es. Les ECG r\u00e9alis\u00e9s ont \u00e9t\u00e9 r\u00e9alis\u00e9s sur des chiens et des chats qui ont tous b\u00e9n\u00e9fici\u00e9 d'une \u00e9chocardiographie.\"}]}<\/script>\n<!-- \/ Yoast SEO plugin. -->","yoast_head_json":{"title":"Super Wolff - Blog d&#039;\u00e9lectrocardiographie v\u00e9t\u00e9rinaire","description":"Fibrillation atriale extr\u00eamement rapide. Certains intervalles RR sont mesur\u00e9s \u00e0 157 ms, ce qui correspond \u00e0 une fr\u00e9quence de 380 bpm.","robots":{"index":"index","follow":"follow","max-snippet":"max-snippet:-1","max-image-preview":"max-image-preview:large","max-video-preview":"max-video-preview:-1"},"canonical":"http:\/\/vet-ecg.ddns.net\/index.php\/super-wolff\/","twitter_misc":{"Dur\u00e9e de lecture estim\u00e9e":"1 minute"},"schema":{"@context":"https:\/\/schema.org","@graph":[{"@type":"WebPage","@id":"http:\/\/vet-ecg.ddns.net\/index.php\/super-wolff\/","url":"http:\/\/vet-ecg.ddns.net\/index.php\/super-wolff\/","name":"Super Wolff - Blog d&#039;\u00e9lectrocardiographie v\u00e9t\u00e9rinaire","isPartOf":{"@id":"http:\/\/vet-ecg.ddns.net\/#website"},"primaryImageOfPage":{"@id":"http:\/\/vet-ecg.ddns.net\/index.php\/super-wolff\/#primaryimage"},"image":{"@id":"http:\/\/vet-ecg.ddns.net\/index.php\/super-wolff\/#primaryimage"},"thumbnailUrl":"http:\/\/vet-ecg.ddns.net\/wp-content\/uploads\/super-wolff-979x1024.jpg","datePublished":"2023-01-10T22:46:13+00:00","dateModified":"2023-01-11T09:09:05+00:00","description":"Fibrillation atriale extr\u00eamement rapide. Certains intervalles RR sont mesur\u00e9s \u00e0 157 ms, ce qui correspond \u00e0 une fr\u00e9quence de 380 bpm.","breadcrumb":{"@id":"http:\/\/vet-ecg.ddns.net\/index.php\/super-wolff\/#breadcrumb"},"inLanguage":"fr-FR","potentialAction":[{"@type":"ReadAction","target":["http:\/\/vet-ecg.ddns.net\/index.php\/super-wolff\/"]}]},{"@type":"ImageObject","inLanguage":"fr-FR","@id":"http:\/\/vet-ecg.ddns.net\/index.php\/super-wolff\/#primaryimage","url":"http:\/\/vet-ecg.ddns.net\/wp-content\/uploads\/super-wolff.jpg","contentUrl":"http:\/\/vet-ecg.ddns.net\/wp-content\/uploads\/super-wolff.jpg","width":1959,"height":2050},{"@type":"BreadcrumbList","@id":"http:\/\/vet-ecg.ddns.net\/index.php\/super-wolff\/#breadcrumb","itemListElement":[{"@type":"ListItem","position":1,"name":"Accueil","item":"http:\/\/vet-ecg.ddns.net\/"},{"@type":"ListItem","position":2,"name":"Super Wolff"}]},{"@type":"WebSite","@id":"http:\/\/vet-ecg.ddns.net\/#website","url":"http:\/\/vet-ecg.ddns.net\/","name":"Blog d&#039;\u00e9lectrocardiographie v\u00e9t\u00e9rinaire","description":"recueil d&#039;ECG de chiens et de chats","publisher":{"@id":"http:\/\/vet-ecg.ddns.net\/#\/schema\/person\/fec4070a47e235fed904fab73cae00b4"},"alternateName":"\u00e9lectrocardiographie v\u00e9t\u00e9rinaire","potentialAction":[{"@type":"SearchAction","target":{"@type":"EntryPoint","urlTemplate":"http:\/\/vet-ecg.ddns.net\/?s={search_term_string}"},"query-input":{"@type":"PropertyValueSpecification","valueRequired":true,"valueName":"search_term_string"}}],"inLanguage":"fr-FR"},{"@type":["Person","Organization"],"@id":"http:\/\/vet-ecg.ddns.net\/#\/schema\/person\/fec4070a47e235fed904fab73cae00b4","name":"admin","image":{"@type":"ImageObject","inLanguage":"fr-FR","@id":"http:\/\/vet-ecg.ddns.net\/wp-content\/uploads\/2018\/04\/Zelda-2-ECG-248.jpg","url":"http:\/\/vet-ecg.ddns.net\/wp-content\/uploads\/2018\/04\/Zelda-2-ECG-248.jpg","contentUrl":"http:\/\/vet-ecg.ddns.net\/wp-content\/uploads\/2018\/04\/Zelda-2-ECG-248.jpg","width":248,"height":248,"caption":"admin"},"logo":{"@id":"http:\/\/vet-ecg.ddns.net\/wp-content\/uploads\/2018\/04\/Zelda-2-ECG-248.jpg"},"description":"Les trac\u00e9s publi\u00e9s sur ce site sont issus de diff\u00e9rentes cliniques v\u00e9t\u00e9rinaires de Paris et de sa banlieue durant les 10 derni\u00e8res ann\u00e9es. Les ECG r\u00e9alis\u00e9s ont \u00e9t\u00e9 r\u00e9alis\u00e9s sur des chiens et des chats qui ont tous b\u00e9n\u00e9fici\u00e9 d'une \u00e9chocardiographie."}]}},"_links":{"self":[{"href":"http:\/\/vet-ecg.ddns.net\/index.php\/wp-json\/wp\/v2\/pages\/3381","targetHints":{"allow":["GET"]}}],"collection":[{"href":"http:\/\/vet-ecg.ddns.net\/index.php\/wp-json\/wp\/v2\/pages"}],"about":[{"href":"http:\/\/vet-ecg.ddns.net\/index.php\/wp-json\/wp\/v2\/types\/page"}],"author":[{"embeddable":true,"href":"http:\/\/vet-ecg.ddns.net\/index.php\/wp-json\/wp\/v2\/users\/1"}],"replies":[{"embeddable":true,"href":"http:\/\/vet-ecg.ddns.net\/index.php\/wp-json\/wp\/v2\/comments?post=3381"}],"version-history":[{"count":0,"href":"http:\/\/vet-ecg.ddns.net\/index.php\/wp-json\/wp\/v2\/pages\/3381\/revisions"}],"wp:attachment":[{"href":"http:\/\/vet-ecg.ddns.net\/index.php\/wp-json\/wp\/v2\/media?parent=3381"}],"curies":[{"name":"wp","href":"https:\/\/api.w.org\/{rel}","templated":true}]}}