{"id":3375,"date":"2023-01-10T12:24:37","date_gmt":"2023-01-10T11:24:37","guid":{"rendered":"http:\/\/vet-ecg.ddns.net\/?page_id=3375"},"modified":"2023-01-10T12:31:33","modified_gmt":"2023-01-10T11:31:33","slug":"pericardite","status":"publish","type":"page","link":"http:\/\/vet-ecg.ddns.net\/index.php\/pericardite\/","title":{"rendered":"P\u00e9ricardite"},"content":{"rendered":"\n<figure class=\"wp-block-image size-large\"><img loading=\"lazy\" decoding=\"async\" width=\"664\" height=\"1024\" src=\"http:\/\/vet-ecg.ddns.net\/wp-content\/uploads\/pericardite-1-664x1024.jpg\" alt=\"Repolarisation pr\u00e9coce au cours d'une p\u00e9ricardite chez un golden retriever\" class=\"wp-image-3376\" srcset=\"http:\/\/vet-ecg.ddns.net\/wp-content\/uploads\/pericardite-1-664x1024.jpg 664w, http:\/\/vet-ecg.ddns.net\/wp-content\/uploads\/pericardite-1-195x300.jpg 195w, http:\/\/vet-ecg.ddns.net\/wp-content\/uploads\/pericardite-1-768x1184.jpg 768w, http:\/\/vet-ecg.ddns.net\/wp-content\/uploads\/pericardite-1-996x1536.jpg 996w, http:\/\/vet-ecg.ddns.net\/wp-content\/uploads\/pericardite-1-1328x2048.jpg 1328w, http:\/\/vet-ecg.ddns.net\/wp-content\/uploads\/pericardite-1-scaled.jpg 1660w\" sizes=\"auto, (max-width: 664px) 100vw, 664px\" \/><figcaption class=\"wp-element-caption\">Repolarisation pr\u00e9coce au cours d&rsquo;une p\u00e9ricardite chez un golden retriever<\/figcaption><\/figure>\n\n\n\n<p>Ce trac\u00e9 de p\u00e9ricardite est celui d&rsquo;un golden retriever de 36 kg.<\/p>\n\n\n\n<p>Les crit\u00e8res de voltage et de dur\u00e9e des QRS sont normaux.<\/p>\n\n\n\n<p>L&rsquo;anomalie que l&rsquo;on peut constater est un signe de repolarisation pr\u00e9coce caract\u00e9ris\u00e9 par une onde R qui se termine pr\u00e9matur\u00e9ment (avant d&rsquo;atteindre la ligne de base) et un segment JT court.<\/p>\n\n\n\n<p>Le point J correspond \u00e0 la fin du QRS et donc, le segment JT repr\u00e9sente l&rsquo;intervalle qui s\u00e9pare la fin du QRS et le d\u00e9but de l&rsquo;onde T.<\/p>\n\n\n\n<p>Ce signe est fr\u00e9quemment rencontr\u00e9 lors de p\u00e9ricardite.<\/p>\n","protected":false},"excerpt":{"rendered":"<p>Ce trac\u00e9 de p\u00e9ricardite est celui d&rsquo;un golden retriever de 36 kg. Les crit\u00e8res de voltage et de dur\u00e9e des QRS sont normaux. L&rsquo;anomalie que l&rsquo;on peut constater est un signe de repolarisation pr\u00e9coce caract\u00e9ris\u00e9 par une onde R qui se termine pr\u00e9matur\u00e9ment (avant d&rsquo;atteindre la ligne de base) et un segment JT court. Le &hellip; <a href=\"http:\/\/vet-ecg.ddns.net\/index.php\/pericardite\/\" class=\"more-link\">Continuer la lecture de <span class=\"screen-reader-text\">P\u00e9ricardite<\/span><\/a><\/p>\n","protected":false},"author":1,"featured_media":0,"parent":0,"menu_order":0,"comment_status":"closed","ping_status":"closed","template":"","meta":{"footnotes":""},"class_list":["post-3375","page","type-page","status-publish","hentry"],"yoast_head":"<!-- This site is optimized with the Yoast SEO plugin v27.4 - https:\/\/yoast.com\/product\/yoast-seo-wordpress\/ -->\n<title>P\u00e9ricardite - Blog d&#039;\u00e9lectrocardiographie v\u00e9t\u00e9rinaire<\/title>\n<meta name=\"description\" content=\"Signes de repolarisation pr\u00e9coce au cours d&#039;une p\u00e9ricardite chez un golden retriever.Onde R interrompue et segment JT court.\" \/>\n<meta name=\"robots\" content=\"index, follow, max-snippet:-1, max-image-preview:large, max-video-preview:-1\" \/>\n<link rel=\"canonical\" href=\"http:\/\/vet-ecg.ddns.net\/index.php\/pericardite\/\" \/>\n<meta name=\"twitter:label1\" content=\"Dur\u00e9e de lecture estim\u00e9e\" \/>\n\t<meta name=\"twitter:data1\" content=\"1 minute\" \/>\n<script type=\"application\/ld+json\" class=\"yoast-schema-graph\">{\"@context\":\"https:\\\/\\\/schema.org\",\"@graph\":[{\"@type\":\"WebPage\",\"@id\":\"http:\\\/\\\/vet-ecg.ddns.net\\\/index.php\\\/pericardite\\\/\",\"url\":\"http:\\\/\\\/vet-ecg.ddns.net\\\/index.php\\\/pericardite\\\/\",\"name\":\"P\u00e9ricardite - Blog d&#039;\u00e9lectrocardiographie v\u00e9t\u00e9rinaire\",\"isPartOf\":{\"@id\":\"http:\\\/\\\/vet-ecg.ddns.net\\\/#website\"},\"primaryImageOfPage\":{\"@id\":\"http:\\\/\\\/vet-ecg.ddns.net\\\/index.php\\\/pericardite\\\/#primaryimage\"},\"image\":{\"@id\":\"http:\\\/\\\/vet-ecg.ddns.net\\\/index.php\\\/pericardite\\\/#primaryimage\"},\"thumbnailUrl\":\"http:\\\/\\\/vet-ecg.ddns.net\\\/wp-content\\\/uploads\\\/pericardite-1-664x1024.jpg\",\"datePublished\":\"2023-01-10T11:24:37+00:00\",\"dateModified\":\"2023-01-10T11:31:33+00:00\",\"description\":\"Signes de repolarisation pr\u00e9coce au cours d'une p\u00e9ricardite chez un golden retriever.Onde R interrompue et segment JT court.\",\"breadcrumb\":{\"@id\":\"http:\\\/\\\/vet-ecg.ddns.net\\\/index.php\\\/pericardite\\\/#breadcrumb\"},\"inLanguage\":\"fr-FR\",\"potentialAction\":[{\"@type\":\"ReadAction\",\"target\":[\"http:\\\/\\\/vet-ecg.ddns.net\\\/index.php\\\/pericardite\\\/\"]}]},{\"@type\":\"ImageObject\",\"inLanguage\":\"fr-FR\",\"@id\":\"http:\\\/\\\/vet-ecg.ddns.net\\\/index.php\\\/pericardite\\\/#primaryimage\",\"url\":\"http:\\\/\\\/vet-ecg.ddns.net\\\/wp-content\\\/uploads\\\/pericardite-1-664x1024.jpg\",\"contentUrl\":\"http:\\\/\\\/vet-ecg.ddns.net\\\/wp-content\\\/uploads\\\/pericardite-1-664x1024.jpg\"},{\"@type\":\"BreadcrumbList\",\"@id\":\"http:\\\/\\\/vet-ecg.ddns.net\\\/index.php\\\/pericardite\\\/#breadcrumb\",\"itemListElement\":[{\"@type\":\"ListItem\",\"position\":1,\"name\":\"Accueil\",\"item\":\"http:\\\/\\\/vet-ecg.ddns.net\\\/\"},{\"@type\":\"ListItem\",\"position\":2,\"name\":\"P\u00e9ricardite\"}]},{\"@type\":\"WebSite\",\"@id\":\"http:\\\/\\\/vet-ecg.ddns.net\\\/#website\",\"url\":\"http:\\\/\\\/vet-ecg.ddns.net\\\/\",\"name\":\"Blog d&#039;\u00e9lectrocardiographie v\u00e9t\u00e9rinaire\",\"description\":\"recueil d&#039;ECG de chiens et de chats\",\"publisher\":{\"@id\":\"http:\\\/\\\/vet-ecg.ddns.net\\\/#\\\/schema\\\/person\\\/fec4070a47e235fed904fab73cae00b4\"},\"alternateName\":\"\u00e9lectrocardiographie v\u00e9t\u00e9rinaire\",\"potentialAction\":[{\"@type\":\"SearchAction\",\"target\":{\"@type\":\"EntryPoint\",\"urlTemplate\":\"http:\\\/\\\/vet-ecg.ddns.net\\\/?s={search_term_string}\"},\"query-input\":{\"@type\":\"PropertyValueSpecification\",\"valueRequired\":true,\"valueName\":\"search_term_string\"}}],\"inLanguage\":\"fr-FR\"},{\"@type\":[\"Person\",\"Organization\"],\"@id\":\"http:\\\/\\\/vet-ecg.ddns.net\\\/#\\\/schema\\\/person\\\/fec4070a47e235fed904fab73cae00b4\",\"name\":\"admin\",\"image\":{\"@type\":\"ImageObject\",\"inLanguage\":\"fr-FR\",\"@id\":\"http:\\\/\\\/vet-ecg.ddns.net\\\/wp-content\\\/uploads\\\/2018\\\/04\\\/Zelda-2-ECG-248.jpg\",\"url\":\"http:\\\/\\\/vet-ecg.ddns.net\\\/wp-content\\\/uploads\\\/2018\\\/04\\\/Zelda-2-ECG-248.jpg\",\"contentUrl\":\"http:\\\/\\\/vet-ecg.ddns.net\\\/wp-content\\\/uploads\\\/2018\\\/04\\\/Zelda-2-ECG-248.jpg\",\"width\":248,\"height\":248,\"caption\":\"admin\"},\"logo\":{\"@id\":\"http:\\\/\\\/vet-ecg.ddns.net\\\/wp-content\\\/uploads\\\/2018\\\/04\\\/Zelda-2-ECG-248.jpg\"},\"description\":\"Les trac\u00e9s publi\u00e9s sur ce site sont issus de diff\u00e9rentes cliniques v\u00e9t\u00e9rinaires de Paris et de sa banlieue durant les 10 derni\u00e8res ann\u00e9es. Les ECG r\u00e9alis\u00e9s ont \u00e9t\u00e9 r\u00e9alis\u00e9s sur des chiens et des chats qui ont tous b\u00e9n\u00e9fici\u00e9 d'une \u00e9chocardiographie.\"}]}<\/script>\n<!-- \/ Yoast SEO plugin. -->","yoast_head_json":{"title":"P\u00e9ricardite - Blog d&#039;\u00e9lectrocardiographie v\u00e9t\u00e9rinaire","description":"Signes de repolarisation pr\u00e9coce au cours d'une p\u00e9ricardite chez un golden retriever.Onde R interrompue et segment JT court.","robots":{"index":"index","follow":"follow","max-snippet":"max-snippet:-1","max-image-preview":"max-image-preview:large","max-video-preview":"max-video-preview:-1"},"canonical":"http:\/\/vet-ecg.ddns.net\/index.php\/pericardite\/","twitter_misc":{"Dur\u00e9e de lecture estim\u00e9e":"1 minute"},"schema":{"@context":"https:\/\/schema.org","@graph":[{"@type":"WebPage","@id":"http:\/\/vet-ecg.ddns.net\/index.php\/pericardite\/","url":"http:\/\/vet-ecg.ddns.net\/index.php\/pericardite\/","name":"P\u00e9ricardite - Blog d&#039;\u00e9lectrocardiographie v\u00e9t\u00e9rinaire","isPartOf":{"@id":"http:\/\/vet-ecg.ddns.net\/#website"},"primaryImageOfPage":{"@id":"http:\/\/vet-ecg.ddns.net\/index.php\/pericardite\/#primaryimage"},"image":{"@id":"http:\/\/vet-ecg.ddns.net\/index.php\/pericardite\/#primaryimage"},"thumbnailUrl":"http:\/\/vet-ecg.ddns.net\/wp-content\/uploads\/pericardite-1-664x1024.jpg","datePublished":"2023-01-10T11:24:37+00:00","dateModified":"2023-01-10T11:31:33+00:00","description":"Signes de repolarisation pr\u00e9coce au cours d'une p\u00e9ricardite chez un golden retriever.Onde R interrompue et segment JT court.","breadcrumb":{"@id":"http:\/\/vet-ecg.ddns.net\/index.php\/pericardite\/#breadcrumb"},"inLanguage":"fr-FR","potentialAction":[{"@type":"ReadAction","target":["http:\/\/vet-ecg.ddns.net\/index.php\/pericardite\/"]}]},{"@type":"ImageObject","inLanguage":"fr-FR","@id":"http:\/\/vet-ecg.ddns.net\/index.php\/pericardite\/#primaryimage","url":"http:\/\/vet-ecg.ddns.net\/wp-content\/uploads\/pericardite-1-664x1024.jpg","contentUrl":"http:\/\/vet-ecg.ddns.net\/wp-content\/uploads\/pericardite-1-664x1024.jpg"},{"@type":"BreadcrumbList","@id":"http:\/\/vet-ecg.ddns.net\/index.php\/pericardite\/#breadcrumb","itemListElement":[{"@type":"ListItem","position":1,"name":"Accueil","item":"http:\/\/vet-ecg.ddns.net\/"},{"@type":"ListItem","position":2,"name":"P\u00e9ricardite"}]},{"@type":"WebSite","@id":"http:\/\/vet-ecg.ddns.net\/#website","url":"http:\/\/vet-ecg.ddns.net\/","name":"Blog d&#039;\u00e9lectrocardiographie v\u00e9t\u00e9rinaire","description":"recueil d&#039;ECG de chiens et de chats","publisher":{"@id":"http:\/\/vet-ecg.ddns.net\/#\/schema\/person\/fec4070a47e235fed904fab73cae00b4"},"alternateName":"\u00e9lectrocardiographie v\u00e9t\u00e9rinaire","potentialAction":[{"@type":"SearchAction","target":{"@type":"EntryPoint","urlTemplate":"http:\/\/vet-ecg.ddns.net\/?s={search_term_string}"},"query-input":{"@type":"PropertyValueSpecification","valueRequired":true,"valueName":"search_term_string"}}],"inLanguage":"fr-FR"},{"@type":["Person","Organization"],"@id":"http:\/\/vet-ecg.ddns.net\/#\/schema\/person\/fec4070a47e235fed904fab73cae00b4","name":"admin","image":{"@type":"ImageObject","inLanguage":"fr-FR","@id":"http:\/\/vet-ecg.ddns.net\/wp-content\/uploads\/2018\/04\/Zelda-2-ECG-248.jpg","url":"http:\/\/vet-ecg.ddns.net\/wp-content\/uploads\/2018\/04\/Zelda-2-ECG-248.jpg","contentUrl":"http:\/\/vet-ecg.ddns.net\/wp-content\/uploads\/2018\/04\/Zelda-2-ECG-248.jpg","width":248,"height":248,"caption":"admin"},"logo":{"@id":"http:\/\/vet-ecg.ddns.net\/wp-content\/uploads\/2018\/04\/Zelda-2-ECG-248.jpg"},"description":"Les trac\u00e9s publi\u00e9s sur ce site sont issus de diff\u00e9rentes cliniques v\u00e9t\u00e9rinaires de Paris et de sa banlieue durant les 10 derni\u00e8res ann\u00e9es. Les ECG r\u00e9alis\u00e9s ont \u00e9t\u00e9 r\u00e9alis\u00e9s sur des chiens et des chats qui ont tous b\u00e9n\u00e9fici\u00e9 d'une \u00e9chocardiographie."}]}},"_links":{"self":[{"href":"http:\/\/vet-ecg.ddns.net\/index.php\/wp-json\/wp\/v2\/pages\/3375","targetHints":{"allow":["GET"]}}],"collection":[{"href":"http:\/\/vet-ecg.ddns.net\/index.php\/wp-json\/wp\/v2\/pages"}],"about":[{"href":"http:\/\/vet-ecg.ddns.net\/index.php\/wp-json\/wp\/v2\/types\/page"}],"author":[{"embeddable":true,"href":"http:\/\/vet-ecg.ddns.net\/index.php\/wp-json\/wp\/v2\/users\/1"}],"replies":[{"embeddable":true,"href":"http:\/\/vet-ecg.ddns.net\/index.php\/wp-json\/wp\/v2\/comments?post=3375"}],"version-history":[{"count":0,"href":"http:\/\/vet-ecg.ddns.net\/index.php\/wp-json\/wp\/v2\/pages\/3375\/revisions"}],"wp:attachment":[{"href":"http:\/\/vet-ecg.ddns.net\/index.php\/wp-json\/wp\/v2\/media?parent=3375"}],"curies":[{"name":"wp","href":"https:\/\/api.w.org\/{rel}","templated":true}]}}