{"id":3334,"date":"2022-04-07T17:52:45","date_gmt":"2022-04-07T15:52:45","guid":{"rendered":"http:\/\/vet-ecg.ddns.net\/?page_id=3334"},"modified":"2022-04-07T18:36:34","modified_gmt":"2022-04-07T16:36:34","slug":"faisceau-accessoire","status":"publish","type":"page","link":"http:\/\/vet-ecg.ddns.net\/index.php\/faisceau-accessoire\/","title":{"rendered":"Faisceau accessoire"},"content":{"rendered":"\n<figure class=\"wp-block-image size-large is-resized\"><img loading=\"lazy\" decoding=\"async\" src=\"http:\/\/vet-ecg.ddns.net\/wp-content\/uploads\/faisceau-1-999x1024.jpg\" alt=\"Tachycardie supraventriculaire dans le cadre d'un faisceau accessoire de conduction chez un jeune golden retriever.\" class=\"wp-image-3335\" width=\"690\" height=\"707\" srcset=\"http:\/\/vet-ecg.ddns.net\/wp-content\/uploads\/faisceau-1-999x1024.jpg 999w, http:\/\/vet-ecg.ddns.net\/wp-content\/uploads\/faisceau-1-293x300.jpg 293w, http:\/\/vet-ecg.ddns.net\/wp-content\/uploads\/faisceau-1-768x788.jpg 768w, http:\/\/vet-ecg.ddns.net\/wp-content\/uploads\/faisceau-1-1498x1536.jpg 1498w, http:\/\/vet-ecg.ddns.net\/wp-content\/uploads\/faisceau-1-1997x2048.jpg 1997w, http:\/\/vet-ecg.ddns.net\/wp-content\/uploads\/faisceau-1.jpg 2000w\" sizes=\"auto, (max-width: 690px) 100vw, 690px\" \/><figcaption>Tachycardie supraventriculaire chez un jeune golden retriever<\/figcaption><\/figure>\n\n\n<p>A l&rsquo;occasion de la consultation vaccinale d&rsquo; un golden retriever de 18 mois en bon \u00e9tat g\u00e9n\u00e9ral, une tachycardie est d\u00e9tect\u00e9e au st\u00e9thoscope\u00a0 et donne lieu \u00e0 un enregistrement \u00e9lectrocardiographique et ult\u00e9rieurement \u00e0 une \u00e9chocardiographie.<\/p>\n<p>On note plusieurs anomalies sur ce trac\u00e9: tout d&rsquo;abord une amplitude consid\u00e9rable des QRS (R = 4,6 mV en D2 mais l&rsquo;amplitude de toutes les d\u00e9flexions est augment\u00e9e, P = 0,77 mV et T = 2 mV).<\/p>\n<p>Les QRS sont fins, les intervalles RR sont r\u00e9guliers (400 ms, correspondant \u00e0 une fr\u00e9quence d&rsquo;environ 150 bpm). L&rsquo;arythmie respiratoire n&rsquo;est plus perceptible.<\/p>\n<p>La morphologie des QRS pr\u00e9sente un aspect inhabituel (rR&rsquo;) en AVF.<\/p>\n<p>L&rsquo;intervalle PQ est court, environ 55 ms, ce qui n&rsquo;est gu\u00e8re compatible avec un influx d&rsquo;origine sinusale.<\/p>\n<p>Par ailleurs, le segment PQ (qui d\u00e9bute \u00e0 la fin de l&rsquo;onde P et se termine au d\u00e9but de l&rsquo;onde Q) est oblique quasi inexistant.<\/p>\n<p>Ce trac\u00e9 \u00e9voque une tachycardie jonctionnelle. Celle-ci est bien tol\u00e9r\u00e9e.<\/p>\n<p>L&rsquo;\u00e9chographie n&rsquo;a mis aucune anomalie cardiaque en \u00e9vidence.<\/p>\n<p>Un deuxi\u00e8me ECG est propos\u00e9 une dizaine de jours plus tard:<\/p>\n<p>\u00a0<\/p>\n\n\n<figure class=\"wp-block-image size-large is-resized\"><img loading=\"lazy\" decoding=\"async\" src=\"http:\/\/vet-ecg.ddns.net\/wp-content\/uploads\/faisceau-2-1024x729.jpg\" alt=\"Onde delta chez un jeune golden retriever.\" class=\"wp-image-3336\" width=\"690\" height=\"491\" srcset=\"http:\/\/vet-ecg.ddns.net\/wp-content\/uploads\/faisceau-2-1024x729.jpg 1024w, http:\/\/vet-ecg.ddns.net\/wp-content\/uploads\/faisceau-2-300x214.jpg 300w, http:\/\/vet-ecg.ddns.net\/wp-content\/uploads\/faisceau-2-768x547.jpg 768w, http:\/\/vet-ecg.ddns.net\/wp-content\/uploads\/faisceau-2-1536x1094.jpg 1536w, http:\/\/vet-ecg.ddns.net\/wp-content\/uploads\/faisceau-2-2048x1458.jpg 2048w\" sizes=\"auto, (max-width: 690px) 100vw, 690px\" \/><figcaption>Onde delta sur un rythme jonctionnel<\/figcaption><\/figure>\n\n\n<p>Cette fois, l&rsquo;animal n&rsquo;est plus en tachycardie au moment de l&rsquo;enregistrement. La fr\u00e9quence cardiaque est de 105 bpm. On note cependant toujours un hypervoltage des QRS (trac\u00e9 enregistr\u00e9 en 5 mm\/mV).<\/p>\n<p>L&rsquo;intervalle PR est court et le pied de la branche ascendante de l&rsquo;onde R est emp\u00e2t\u00e9 (bien visible en D2).<\/p>\n<p>Cet emp\u00e2tement de la base de l&rsquo;onde R correspond \u00e0 l&rsquo;onde delta qui est l&rsquo;expression de la portion de ventricule d\u00e9polaris\u00e9 par le faisceau de fibres. La suite de la d\u00e9polarisation ventriculaire se fait par les voies de conduction habituelles.<\/p>\n<p>Quelques minutes apr\u00e8s cet enregistrement, l&rsquo;animal \u00e9tait de nouveau&nbsp; en tachycardie.<\/p>\n<p>Ces tachycardies paroxystiques associ\u00e9es \u00e0 un faisceau de conduction r\u00e9alise un syndrome de Wolff-Parkinson-White.<\/p>\n<p><\/p>\n<p><\/p>","protected":false},"excerpt":{"rendered":"<p>A l&rsquo;occasion de la consultation vaccinale d&rsquo; un golden retriever de 18 mois en bon \u00e9tat g\u00e9n\u00e9ral, une tachycardie est d\u00e9tect\u00e9e au st\u00e9thoscope\u00a0 et donne lieu \u00e0 un enregistrement \u00e9lectrocardiographique et ult\u00e9rieurement \u00e0 une \u00e9chocardiographie. On note plusieurs anomalies sur ce trac\u00e9: tout d&rsquo;abord une amplitude consid\u00e9rable des QRS (R = 4,6 mV en D2 &hellip; <a href=\"http:\/\/vet-ecg.ddns.net\/index.php\/faisceau-accessoire\/\" class=\"more-link\">Continuer la lecture de <span class=\"screen-reader-text\">Faisceau accessoire<\/span><\/a><\/p>\n","protected":false},"author":1,"featured_media":0,"parent":0,"menu_order":0,"comment_status":"closed","ping_status":"closed","template":"","meta":{"footnotes":""},"class_list":["post-3334","page","type-page","status-publish","hentry"],"yoast_head":"<!-- This site is optimized with the Yoast SEO plugin v27.4 - https:\/\/yoast.com\/product\/yoast-seo-wordpress\/ -->\n<title>Faisceau accessoire - Blog d&#039;\u00e9lectrocardiographie v\u00e9t\u00e9rinaire<\/title>\n<meta name=\"description\" content=\"Tachycardie supraventriculaire paroxystique \u00e0 PR court et emp\u00e2tement de la partie initiale de l&#039;onde R (onde delta)\" \/>\n<meta name=\"robots\" content=\"index, follow, max-snippet:-1, max-image-preview:large, max-video-preview:-1\" \/>\n<link rel=\"canonical\" href=\"http:\/\/vet-ecg.ddns.net\/index.php\/faisceau-accessoire\/\" \/>\n<meta name=\"twitter:label1\" content=\"Dur\u00e9e de lecture estim\u00e9e\" \/>\n\t<meta name=\"twitter:data1\" content=\"2 minutes\" \/>\n<script type=\"application\/ld+json\" class=\"yoast-schema-graph\">{\"@context\":\"https:\\\/\\\/schema.org\",\"@graph\":[{\"@type\":\"WebPage\",\"@id\":\"http:\\\/\\\/vet-ecg.ddns.net\\\/index.php\\\/faisceau-accessoire\\\/\",\"url\":\"http:\\\/\\\/vet-ecg.ddns.net\\\/index.php\\\/faisceau-accessoire\\\/\",\"name\":\"Faisceau accessoire - Blog d&#039;\u00e9lectrocardiographie v\u00e9t\u00e9rinaire\",\"isPartOf\":{\"@id\":\"http:\\\/\\\/vet-ecg.ddns.net\\\/#website\"},\"primaryImageOfPage\":{\"@id\":\"http:\\\/\\\/vet-ecg.ddns.net\\\/index.php\\\/faisceau-accessoire\\\/#primaryimage\"},\"image\":{\"@id\":\"http:\\\/\\\/vet-ecg.ddns.net\\\/index.php\\\/faisceau-accessoire\\\/#primaryimage\"},\"thumbnailUrl\":\"http:\\\/\\\/vet-ecg.ddns.net\\\/wp-content\\\/uploads\\\/faisceau-1-999x1024.jpg\",\"datePublished\":\"2022-04-07T15:52:45+00:00\",\"dateModified\":\"2022-04-07T16:36:34+00:00\",\"description\":\"Tachycardie supraventriculaire paroxystique \u00e0 PR court et emp\u00e2tement de la partie initiale de l'onde R (onde delta)\",\"breadcrumb\":{\"@id\":\"http:\\\/\\\/vet-ecg.ddns.net\\\/index.php\\\/faisceau-accessoire\\\/#breadcrumb\"},\"inLanguage\":\"fr-FR\",\"potentialAction\":[{\"@type\":\"ReadAction\",\"target\":[\"http:\\\/\\\/vet-ecg.ddns.net\\\/index.php\\\/faisceau-accessoire\\\/\"]}]},{\"@type\":\"ImageObject\",\"inLanguage\":\"fr-FR\",\"@id\":\"http:\\\/\\\/vet-ecg.ddns.net\\\/index.php\\\/faisceau-accessoire\\\/#primaryimage\",\"url\":\"http:\\\/\\\/vet-ecg.ddns.net\\\/wp-content\\\/uploads\\\/faisceau-1.jpg\",\"contentUrl\":\"http:\\\/\\\/vet-ecg.ddns.net\\\/wp-content\\\/uploads\\\/faisceau-1.jpg\",\"width\":2000,\"height\":2051},{\"@type\":\"BreadcrumbList\",\"@id\":\"http:\\\/\\\/vet-ecg.ddns.net\\\/index.php\\\/faisceau-accessoire\\\/#breadcrumb\",\"itemListElement\":[{\"@type\":\"ListItem\",\"position\":1,\"name\":\"Accueil\",\"item\":\"http:\\\/\\\/vet-ecg.ddns.net\\\/\"},{\"@type\":\"ListItem\",\"position\":2,\"name\":\"Faisceau accessoire\"}]},{\"@type\":\"WebSite\",\"@id\":\"http:\\\/\\\/vet-ecg.ddns.net\\\/#website\",\"url\":\"http:\\\/\\\/vet-ecg.ddns.net\\\/\",\"name\":\"Blog d&#039;\u00e9lectrocardiographie v\u00e9t\u00e9rinaire\",\"description\":\"recueil d&#039;ECG de chiens et de chats\",\"publisher\":{\"@id\":\"http:\\\/\\\/vet-ecg.ddns.net\\\/#\\\/schema\\\/person\\\/fec4070a47e235fed904fab73cae00b4\"},\"alternateName\":\"\u00e9lectrocardiographie v\u00e9t\u00e9rinaire\",\"potentialAction\":[{\"@type\":\"SearchAction\",\"target\":{\"@type\":\"EntryPoint\",\"urlTemplate\":\"http:\\\/\\\/vet-ecg.ddns.net\\\/?s={search_term_string}\"},\"query-input\":{\"@type\":\"PropertyValueSpecification\",\"valueRequired\":true,\"valueName\":\"search_term_string\"}}],\"inLanguage\":\"fr-FR\"},{\"@type\":[\"Person\",\"Organization\"],\"@id\":\"http:\\\/\\\/vet-ecg.ddns.net\\\/#\\\/schema\\\/person\\\/fec4070a47e235fed904fab73cae00b4\",\"name\":\"admin\",\"image\":{\"@type\":\"ImageObject\",\"inLanguage\":\"fr-FR\",\"@id\":\"http:\\\/\\\/vet-ecg.ddns.net\\\/wp-content\\\/uploads\\\/2018\\\/04\\\/Zelda-2-ECG-248.jpg\",\"url\":\"http:\\\/\\\/vet-ecg.ddns.net\\\/wp-content\\\/uploads\\\/2018\\\/04\\\/Zelda-2-ECG-248.jpg\",\"contentUrl\":\"http:\\\/\\\/vet-ecg.ddns.net\\\/wp-content\\\/uploads\\\/2018\\\/04\\\/Zelda-2-ECG-248.jpg\",\"width\":248,\"height\":248,\"caption\":\"admin\"},\"logo\":{\"@id\":\"http:\\\/\\\/vet-ecg.ddns.net\\\/wp-content\\\/uploads\\\/2018\\\/04\\\/Zelda-2-ECG-248.jpg\"},\"description\":\"Les trac\u00e9s publi\u00e9s sur ce site sont issus de diff\u00e9rentes cliniques v\u00e9t\u00e9rinaires de Paris et de sa banlieue durant les 10 derni\u00e8res ann\u00e9es. Les ECG r\u00e9alis\u00e9s ont \u00e9t\u00e9 r\u00e9alis\u00e9s sur des chiens et des chats qui ont tous b\u00e9n\u00e9fici\u00e9 d'une \u00e9chocardiographie.\"}]}<\/script>\n<!-- \/ Yoast SEO plugin. -->","yoast_head_json":{"title":"Faisceau accessoire - Blog d&#039;\u00e9lectrocardiographie v\u00e9t\u00e9rinaire","description":"Tachycardie supraventriculaire paroxystique \u00e0 PR court et emp\u00e2tement de la partie initiale de l'onde R (onde delta)","robots":{"index":"index","follow":"follow","max-snippet":"max-snippet:-1","max-image-preview":"max-image-preview:large","max-video-preview":"max-video-preview:-1"},"canonical":"http:\/\/vet-ecg.ddns.net\/index.php\/faisceau-accessoire\/","twitter_misc":{"Dur\u00e9e de lecture estim\u00e9e":"2 minutes"},"schema":{"@context":"https:\/\/schema.org","@graph":[{"@type":"WebPage","@id":"http:\/\/vet-ecg.ddns.net\/index.php\/faisceau-accessoire\/","url":"http:\/\/vet-ecg.ddns.net\/index.php\/faisceau-accessoire\/","name":"Faisceau accessoire - Blog d&#039;\u00e9lectrocardiographie v\u00e9t\u00e9rinaire","isPartOf":{"@id":"http:\/\/vet-ecg.ddns.net\/#website"},"primaryImageOfPage":{"@id":"http:\/\/vet-ecg.ddns.net\/index.php\/faisceau-accessoire\/#primaryimage"},"image":{"@id":"http:\/\/vet-ecg.ddns.net\/index.php\/faisceau-accessoire\/#primaryimage"},"thumbnailUrl":"http:\/\/vet-ecg.ddns.net\/wp-content\/uploads\/faisceau-1-999x1024.jpg","datePublished":"2022-04-07T15:52:45+00:00","dateModified":"2022-04-07T16:36:34+00:00","description":"Tachycardie supraventriculaire paroxystique \u00e0 PR court et emp\u00e2tement de la partie initiale de l'onde R (onde delta)","breadcrumb":{"@id":"http:\/\/vet-ecg.ddns.net\/index.php\/faisceau-accessoire\/#breadcrumb"},"inLanguage":"fr-FR","potentialAction":[{"@type":"ReadAction","target":["http:\/\/vet-ecg.ddns.net\/index.php\/faisceau-accessoire\/"]}]},{"@type":"ImageObject","inLanguage":"fr-FR","@id":"http:\/\/vet-ecg.ddns.net\/index.php\/faisceau-accessoire\/#primaryimage","url":"http:\/\/vet-ecg.ddns.net\/wp-content\/uploads\/faisceau-1.jpg","contentUrl":"http:\/\/vet-ecg.ddns.net\/wp-content\/uploads\/faisceau-1.jpg","width":2000,"height":2051},{"@type":"BreadcrumbList","@id":"http:\/\/vet-ecg.ddns.net\/index.php\/faisceau-accessoire\/#breadcrumb","itemListElement":[{"@type":"ListItem","position":1,"name":"Accueil","item":"http:\/\/vet-ecg.ddns.net\/"},{"@type":"ListItem","position":2,"name":"Faisceau accessoire"}]},{"@type":"WebSite","@id":"http:\/\/vet-ecg.ddns.net\/#website","url":"http:\/\/vet-ecg.ddns.net\/","name":"Blog d&#039;\u00e9lectrocardiographie v\u00e9t\u00e9rinaire","description":"recueil d&#039;ECG de chiens et de chats","publisher":{"@id":"http:\/\/vet-ecg.ddns.net\/#\/schema\/person\/fec4070a47e235fed904fab73cae00b4"},"alternateName":"\u00e9lectrocardiographie v\u00e9t\u00e9rinaire","potentialAction":[{"@type":"SearchAction","target":{"@type":"EntryPoint","urlTemplate":"http:\/\/vet-ecg.ddns.net\/?s={search_term_string}"},"query-input":{"@type":"PropertyValueSpecification","valueRequired":true,"valueName":"search_term_string"}}],"inLanguage":"fr-FR"},{"@type":["Person","Organization"],"@id":"http:\/\/vet-ecg.ddns.net\/#\/schema\/person\/fec4070a47e235fed904fab73cae00b4","name":"admin","image":{"@type":"ImageObject","inLanguage":"fr-FR","@id":"http:\/\/vet-ecg.ddns.net\/wp-content\/uploads\/2018\/04\/Zelda-2-ECG-248.jpg","url":"http:\/\/vet-ecg.ddns.net\/wp-content\/uploads\/2018\/04\/Zelda-2-ECG-248.jpg","contentUrl":"http:\/\/vet-ecg.ddns.net\/wp-content\/uploads\/2018\/04\/Zelda-2-ECG-248.jpg","width":248,"height":248,"caption":"admin"},"logo":{"@id":"http:\/\/vet-ecg.ddns.net\/wp-content\/uploads\/2018\/04\/Zelda-2-ECG-248.jpg"},"description":"Les trac\u00e9s publi\u00e9s sur ce site sont issus de diff\u00e9rentes cliniques v\u00e9t\u00e9rinaires de Paris et de sa banlieue durant les 10 derni\u00e8res ann\u00e9es. Les ECG r\u00e9alis\u00e9s ont \u00e9t\u00e9 r\u00e9alis\u00e9s sur des chiens et des chats qui ont tous b\u00e9n\u00e9fici\u00e9 d'une \u00e9chocardiographie."}]}},"_links":{"self":[{"href":"http:\/\/vet-ecg.ddns.net\/index.php\/wp-json\/wp\/v2\/pages\/3334","targetHints":{"allow":["GET"]}}],"collection":[{"href":"http:\/\/vet-ecg.ddns.net\/index.php\/wp-json\/wp\/v2\/pages"}],"about":[{"href":"http:\/\/vet-ecg.ddns.net\/index.php\/wp-json\/wp\/v2\/types\/page"}],"author":[{"embeddable":true,"href":"http:\/\/vet-ecg.ddns.net\/index.php\/wp-json\/wp\/v2\/users\/1"}],"replies":[{"embeddable":true,"href":"http:\/\/vet-ecg.ddns.net\/index.php\/wp-json\/wp\/v2\/comments?post=3334"}],"version-history":[{"count":0,"href":"http:\/\/vet-ecg.ddns.net\/index.php\/wp-json\/wp\/v2\/pages\/3334\/revisions"}],"wp:attachment":[{"href":"http:\/\/vet-ecg.ddns.net\/index.php\/wp-json\/wp\/v2\/media?parent=3334"}],"curies":[{"name":"wp","href":"https:\/\/api.w.org\/{rel}","templated":true}]}}