{"id":3327,"date":"2022-04-02T18:39:55","date_gmt":"2022-04-02T16:39:55","guid":{"rendered":"http:\/\/vet-ecg.ddns.net\/?page_id=3327"},"modified":"2022-04-02T18:42:41","modified_gmt":"2022-04-02T16:42:41","slug":"hyperkaliemie-chez-un-chat","status":"publish","type":"page","link":"http:\/\/vet-ecg.ddns.net\/index.php\/hyperkaliemie-chez-un-chat\/","title":{"rendered":"hyperkali\u00e9mie chez un chat"},"content":{"rendered":"\n<figure class=\"wp-block-image size-large\"><img loading=\"lazy\" decoding=\"async\" width=\"1024\" height=\"717\" src=\"http:\/\/vet-ecg.ddns.net\/wp-content\/uploads\/hyperkaliemie-chat-1024x717.jpg\" alt=\"hyperkali\u00e9mie s\u00e9v\u00e8re chez un chat\" class=\"wp-image-3328\" srcset=\"http:\/\/vet-ecg.ddns.net\/wp-content\/uploads\/hyperkaliemie-chat-1024x717.jpg 1024w, http:\/\/vet-ecg.ddns.net\/wp-content\/uploads\/hyperkaliemie-chat-300x210.jpg 300w, http:\/\/vet-ecg.ddns.net\/wp-content\/uploads\/hyperkaliemie-chat-768x538.jpg 768w, http:\/\/vet-ecg.ddns.net\/wp-content\/uploads\/hyperkaliemie-chat-1536x1076.jpg 1536w, http:\/\/vet-ecg.ddns.net\/wp-content\/uploads\/hyperkaliemie-chat-2048x1435.jpg 2048w\" sizes=\"auto, (max-width: 1024px) 100vw, 1024px\" \/><figcaption>hyperkali\u00e9mie s\u00e9v\u00e8re chez un chat (7,7 mmol\/l)<\/figcaption><\/figure>\n\n\n<p>L&rsquo;animal, soign\u00e9 pour une cardiomyopathie hypertrophique, est arriv\u00e9 en d\u00e9cubitus lat\u00e9ral.<\/p>\n<p>Un surdosage de potassium est \u00e9voqu\u00e9 par le propri\u00e9taire.<\/p>\n<p>Sur le trac\u00e9, on observe une bradycardie \u00e0 105 bpm. Les QRS sont \u00e9largis (60 ms) et ne sont pas pr\u00e9c\u00e9d\u00e9s d&rsquo;ondes P.<\/p>\n<p>Par ailleurs il existe une d\u00e9viation axiale importante (aspect de bloc de branche droit atypique, D1 et AVF sont n\u00e9gatifs) et un d\u00e9calage du segment ST.<\/p>\n<p>Les ondes T sont pointues, sym\u00e9triques et hypervolt\u00e9es.<\/p>\n<p>Le trac\u00e9 pr\u00e9c\u00e9dent montrait un rythme sinusal, cette fois la d\u00e9gradation de la conduction a entrain\u00e9 l&rsquo;apparition d&rsquo;un bloc sino-atrial<\/p>\n<p>\u00a0<\/p>","protected":false},"excerpt":{"rendered":"<p>L&rsquo;animal, soign\u00e9 pour une cardiomyopathie hypertrophique, est arriv\u00e9 en d\u00e9cubitus lat\u00e9ral. Un surdosage de potassium est \u00e9voqu\u00e9 par le propri\u00e9taire. Sur le trac\u00e9, on observe une bradycardie \u00e0 105 bpm. Les QRS sont \u00e9largis (60 ms) et ne sont pas pr\u00e9c\u00e9d\u00e9s d&rsquo;ondes P. Par ailleurs il existe une d\u00e9viation axiale importante (aspect de bloc de &hellip; <a href=\"http:\/\/vet-ecg.ddns.net\/index.php\/hyperkaliemie-chez-un-chat\/\" class=\"more-link\">Continuer la lecture de <span class=\"screen-reader-text\">hyperkali\u00e9mie chez un chat<\/span><\/a><\/p>\n","protected":false},"author":1,"featured_media":0,"parent":0,"menu_order":0,"comment_status":"closed","ping_status":"closed","template":"","meta":{"footnotes":""},"class_list":["post-3327","page","type-page","status-publish","hentry"],"yoast_head":"<!-- This site is optimized with the Yoast SEO plugin v27.4 - https:\/\/yoast.com\/product\/yoast-seo-wordpress\/ -->\n<title>hyperkali\u00e9mie chez un chat - Blog d&#039;\u00e9lectrocardiographie v\u00e9t\u00e9rinaire<\/title>\n<meta name=\"description\" content=\"Hyperkali\u00e9mie s\u00e9v\u00e8re chez un chat (7,5 mmol\/l) apr\u00e8s un surdosage prolong\u00e9 de potassium administr\u00e9 par erreur.\" \/>\n<meta name=\"robots\" content=\"index, follow, max-snippet:-1, max-image-preview:large, max-video-preview:-1\" \/>\n<link rel=\"canonical\" href=\"http:\/\/vet-ecg.ddns.net\/index.php\/hyperkaliemie-chez-un-chat\/\" \/>\n<meta name=\"twitter:label1\" content=\"Dur\u00e9e de lecture estim\u00e9e\" \/>\n\t<meta name=\"twitter:data1\" content=\"1 minute\" \/>\n<script type=\"application\/ld+json\" class=\"yoast-schema-graph\">{\"@context\":\"https:\\\/\\\/schema.org\",\"@graph\":[{\"@type\":\"WebPage\",\"@id\":\"http:\\\/\\\/vet-ecg.ddns.net\\\/index.php\\\/hyperkaliemie-chez-un-chat\\\/\",\"url\":\"http:\\\/\\\/vet-ecg.ddns.net\\\/index.php\\\/hyperkaliemie-chez-un-chat\\\/\",\"name\":\"hyperkali\u00e9mie chez un chat - Blog d&#039;\u00e9lectrocardiographie v\u00e9t\u00e9rinaire\",\"isPartOf\":{\"@id\":\"http:\\\/\\\/vet-ecg.ddns.net\\\/#website\"},\"primaryImageOfPage\":{\"@id\":\"http:\\\/\\\/vet-ecg.ddns.net\\\/index.php\\\/hyperkaliemie-chez-un-chat\\\/#primaryimage\"},\"image\":{\"@id\":\"http:\\\/\\\/vet-ecg.ddns.net\\\/index.php\\\/hyperkaliemie-chez-un-chat\\\/#primaryimage\"},\"thumbnailUrl\":\"http:\\\/\\\/vet-ecg.ddns.net\\\/wp-content\\\/uploads\\\/hyperkaliemie-chat-1024x717.jpg\",\"datePublished\":\"2022-04-02T16:39:55+00:00\",\"dateModified\":\"2022-04-02T16:42:41+00:00\",\"description\":\"Hyperkali\u00e9mie s\u00e9v\u00e8re chez un chat (7,5 mmol\\\/l) apr\u00e8s un surdosage prolong\u00e9 de potassium administr\u00e9 par erreur.\",\"breadcrumb\":{\"@id\":\"http:\\\/\\\/vet-ecg.ddns.net\\\/index.php\\\/hyperkaliemie-chez-un-chat\\\/#breadcrumb\"},\"inLanguage\":\"fr-FR\",\"potentialAction\":[{\"@type\":\"ReadAction\",\"target\":[\"http:\\\/\\\/vet-ecg.ddns.net\\\/index.php\\\/hyperkaliemie-chez-un-chat\\\/\"]}]},{\"@type\":\"ImageObject\",\"inLanguage\":\"fr-FR\",\"@id\":\"http:\\\/\\\/vet-ecg.ddns.net\\\/index.php\\\/hyperkaliemie-chez-un-chat\\\/#primaryimage\",\"url\":\"http:\\\/\\\/vet-ecg.ddns.net\\\/wp-content\\\/uploads\\\/hyperkaliemie-chat.jpg\",\"contentUrl\":\"http:\\\/\\\/vet-ecg.ddns.net\\\/wp-content\\\/uploads\\\/hyperkaliemie-chat.jpg\",\"width\":2200,\"height\":1541},{\"@type\":\"BreadcrumbList\",\"@id\":\"http:\\\/\\\/vet-ecg.ddns.net\\\/index.php\\\/hyperkaliemie-chez-un-chat\\\/#breadcrumb\",\"itemListElement\":[{\"@type\":\"ListItem\",\"position\":1,\"name\":\"Accueil\",\"item\":\"http:\\\/\\\/vet-ecg.ddns.net\\\/\"},{\"@type\":\"ListItem\",\"position\":2,\"name\":\"hyperkali\u00e9mie chez un chat\"}]},{\"@type\":\"WebSite\",\"@id\":\"http:\\\/\\\/vet-ecg.ddns.net\\\/#website\",\"url\":\"http:\\\/\\\/vet-ecg.ddns.net\\\/\",\"name\":\"Blog d&#039;\u00e9lectrocardiographie v\u00e9t\u00e9rinaire\",\"description\":\"recueil d&#039;ECG de chiens et de chats\",\"publisher\":{\"@id\":\"http:\\\/\\\/vet-ecg.ddns.net\\\/#\\\/schema\\\/person\\\/fec4070a47e235fed904fab73cae00b4\"},\"alternateName\":\"\u00e9lectrocardiographie v\u00e9t\u00e9rinaire\",\"potentialAction\":[{\"@type\":\"SearchAction\",\"target\":{\"@type\":\"EntryPoint\",\"urlTemplate\":\"http:\\\/\\\/vet-ecg.ddns.net\\\/?s={search_term_string}\"},\"query-input\":{\"@type\":\"PropertyValueSpecification\",\"valueRequired\":true,\"valueName\":\"search_term_string\"}}],\"inLanguage\":\"fr-FR\"},{\"@type\":[\"Person\",\"Organization\"],\"@id\":\"http:\\\/\\\/vet-ecg.ddns.net\\\/#\\\/schema\\\/person\\\/fec4070a47e235fed904fab73cae00b4\",\"name\":\"admin\",\"image\":{\"@type\":\"ImageObject\",\"inLanguage\":\"fr-FR\",\"@id\":\"http:\\\/\\\/vet-ecg.ddns.net\\\/wp-content\\\/uploads\\\/2018\\\/04\\\/Zelda-2-ECG-248.jpg\",\"url\":\"http:\\\/\\\/vet-ecg.ddns.net\\\/wp-content\\\/uploads\\\/2018\\\/04\\\/Zelda-2-ECG-248.jpg\",\"contentUrl\":\"http:\\\/\\\/vet-ecg.ddns.net\\\/wp-content\\\/uploads\\\/2018\\\/04\\\/Zelda-2-ECG-248.jpg\",\"width\":248,\"height\":248,\"caption\":\"admin\"},\"logo\":{\"@id\":\"http:\\\/\\\/vet-ecg.ddns.net\\\/wp-content\\\/uploads\\\/2018\\\/04\\\/Zelda-2-ECG-248.jpg\"},\"description\":\"Les trac\u00e9s publi\u00e9s sur ce site sont issus de diff\u00e9rentes cliniques v\u00e9t\u00e9rinaires de Paris et de sa banlieue durant les 10 derni\u00e8res ann\u00e9es. Les ECG r\u00e9alis\u00e9s ont \u00e9t\u00e9 r\u00e9alis\u00e9s sur des chiens et des chats qui ont tous b\u00e9n\u00e9fici\u00e9 d'une \u00e9chocardiographie.\"}]}<\/script>\n<!-- \/ Yoast SEO plugin. -->","yoast_head_json":{"title":"hyperkali\u00e9mie chez un chat - Blog d&#039;\u00e9lectrocardiographie v\u00e9t\u00e9rinaire","description":"Hyperkali\u00e9mie s\u00e9v\u00e8re chez un chat (7,5 mmol\/l) apr\u00e8s un surdosage prolong\u00e9 de potassium administr\u00e9 par erreur.","robots":{"index":"index","follow":"follow","max-snippet":"max-snippet:-1","max-image-preview":"max-image-preview:large","max-video-preview":"max-video-preview:-1"},"canonical":"http:\/\/vet-ecg.ddns.net\/index.php\/hyperkaliemie-chez-un-chat\/","twitter_misc":{"Dur\u00e9e de lecture estim\u00e9e":"1 minute"},"schema":{"@context":"https:\/\/schema.org","@graph":[{"@type":"WebPage","@id":"http:\/\/vet-ecg.ddns.net\/index.php\/hyperkaliemie-chez-un-chat\/","url":"http:\/\/vet-ecg.ddns.net\/index.php\/hyperkaliemie-chez-un-chat\/","name":"hyperkali\u00e9mie chez un chat - Blog d&#039;\u00e9lectrocardiographie v\u00e9t\u00e9rinaire","isPartOf":{"@id":"http:\/\/vet-ecg.ddns.net\/#website"},"primaryImageOfPage":{"@id":"http:\/\/vet-ecg.ddns.net\/index.php\/hyperkaliemie-chez-un-chat\/#primaryimage"},"image":{"@id":"http:\/\/vet-ecg.ddns.net\/index.php\/hyperkaliemie-chez-un-chat\/#primaryimage"},"thumbnailUrl":"http:\/\/vet-ecg.ddns.net\/wp-content\/uploads\/hyperkaliemie-chat-1024x717.jpg","datePublished":"2022-04-02T16:39:55+00:00","dateModified":"2022-04-02T16:42:41+00:00","description":"Hyperkali\u00e9mie s\u00e9v\u00e8re chez un chat (7,5 mmol\/l) apr\u00e8s un surdosage prolong\u00e9 de potassium administr\u00e9 par erreur.","breadcrumb":{"@id":"http:\/\/vet-ecg.ddns.net\/index.php\/hyperkaliemie-chez-un-chat\/#breadcrumb"},"inLanguage":"fr-FR","potentialAction":[{"@type":"ReadAction","target":["http:\/\/vet-ecg.ddns.net\/index.php\/hyperkaliemie-chez-un-chat\/"]}]},{"@type":"ImageObject","inLanguage":"fr-FR","@id":"http:\/\/vet-ecg.ddns.net\/index.php\/hyperkaliemie-chez-un-chat\/#primaryimage","url":"http:\/\/vet-ecg.ddns.net\/wp-content\/uploads\/hyperkaliemie-chat.jpg","contentUrl":"http:\/\/vet-ecg.ddns.net\/wp-content\/uploads\/hyperkaliemie-chat.jpg","width":2200,"height":1541},{"@type":"BreadcrumbList","@id":"http:\/\/vet-ecg.ddns.net\/index.php\/hyperkaliemie-chez-un-chat\/#breadcrumb","itemListElement":[{"@type":"ListItem","position":1,"name":"Accueil","item":"http:\/\/vet-ecg.ddns.net\/"},{"@type":"ListItem","position":2,"name":"hyperkali\u00e9mie chez un chat"}]},{"@type":"WebSite","@id":"http:\/\/vet-ecg.ddns.net\/#website","url":"http:\/\/vet-ecg.ddns.net\/","name":"Blog d&#039;\u00e9lectrocardiographie v\u00e9t\u00e9rinaire","description":"recueil d&#039;ECG de chiens et de chats","publisher":{"@id":"http:\/\/vet-ecg.ddns.net\/#\/schema\/person\/fec4070a47e235fed904fab73cae00b4"},"alternateName":"\u00e9lectrocardiographie v\u00e9t\u00e9rinaire","potentialAction":[{"@type":"SearchAction","target":{"@type":"EntryPoint","urlTemplate":"http:\/\/vet-ecg.ddns.net\/?s={search_term_string}"},"query-input":{"@type":"PropertyValueSpecification","valueRequired":true,"valueName":"search_term_string"}}],"inLanguage":"fr-FR"},{"@type":["Person","Organization"],"@id":"http:\/\/vet-ecg.ddns.net\/#\/schema\/person\/fec4070a47e235fed904fab73cae00b4","name":"admin","image":{"@type":"ImageObject","inLanguage":"fr-FR","@id":"http:\/\/vet-ecg.ddns.net\/wp-content\/uploads\/2018\/04\/Zelda-2-ECG-248.jpg","url":"http:\/\/vet-ecg.ddns.net\/wp-content\/uploads\/2018\/04\/Zelda-2-ECG-248.jpg","contentUrl":"http:\/\/vet-ecg.ddns.net\/wp-content\/uploads\/2018\/04\/Zelda-2-ECG-248.jpg","width":248,"height":248,"caption":"admin"},"logo":{"@id":"http:\/\/vet-ecg.ddns.net\/wp-content\/uploads\/2018\/04\/Zelda-2-ECG-248.jpg"},"description":"Les trac\u00e9s publi\u00e9s sur ce site sont issus de diff\u00e9rentes cliniques v\u00e9t\u00e9rinaires de Paris et de sa banlieue durant les 10 derni\u00e8res ann\u00e9es. Les ECG r\u00e9alis\u00e9s ont \u00e9t\u00e9 r\u00e9alis\u00e9s sur des chiens et des chats qui ont tous b\u00e9n\u00e9fici\u00e9 d'une \u00e9chocardiographie."}]}},"_links":{"self":[{"href":"http:\/\/vet-ecg.ddns.net\/index.php\/wp-json\/wp\/v2\/pages\/3327","targetHints":{"allow":["GET"]}}],"collection":[{"href":"http:\/\/vet-ecg.ddns.net\/index.php\/wp-json\/wp\/v2\/pages"}],"about":[{"href":"http:\/\/vet-ecg.ddns.net\/index.php\/wp-json\/wp\/v2\/types\/page"}],"author":[{"embeddable":true,"href":"http:\/\/vet-ecg.ddns.net\/index.php\/wp-json\/wp\/v2\/users\/1"}],"replies":[{"embeddable":true,"href":"http:\/\/vet-ecg.ddns.net\/index.php\/wp-json\/wp\/v2\/comments?post=3327"}],"version-history":[{"count":0,"href":"http:\/\/vet-ecg.ddns.net\/index.php\/wp-json\/wp\/v2\/pages\/3327\/revisions"}],"wp:attachment":[{"href":"http:\/\/vet-ecg.ddns.net\/index.php\/wp-json\/wp\/v2\/media?parent=3327"}],"curies":[{"name":"wp","href":"https:\/\/api.w.org\/{rel}","templated":true}]}}