{"id":3320,"date":"2022-03-15T13:19:34","date_gmt":"2022-03-15T12:19:34","guid":{"rendered":"http:\/\/vet-ecg.ddns.net\/?page_id=3320"},"modified":"2022-03-15T13:19:36","modified_gmt":"2022-03-15T12:19:36","slug":"evolution-rythmique","status":"publish","type":"page","link":"http:\/\/vet-ecg.ddns.net\/index.php\/evolution-rythmique\/","title":{"rendered":"Evolution rythmique"},"content":{"rendered":"<p>Ce chat pr\u00e9sente \u00e0 l&rsquo;\u00e9chocardiographie une cardiomyopathie hypertrophique s\u00e9v\u00e8re avec une atrium gauche tr\u00e8s dilat\u00e9 dans lequel sont visualis\u00e9es des volutes de pr\u00e9-thrombose. L&rsquo;animal , en oed\u00e8me pulmonaire au moment de l&rsquo;examen, est amaigri et pr\u00e9sente des \u00e9pisodes de lipothymie.<\/p>\n\n\n<figure class=\"wp-block-image size-large\"><img loading=\"lazy\" decoding=\"async\" width=\"1024\" height=\"744\" src=\"http:\/\/vet-ecg.ddns.net\/wp-content\/uploads\/evolution-rythmique-1024x744.jpg\" alt=\"Tachycardie sinusale avec bloc de branche gauche chez un chat atteint de cardiomyopathie hypertrophique.\" class=\"wp-image-3321\" srcset=\"http:\/\/vet-ecg.ddns.net\/wp-content\/uploads\/evolution-rythmique-1024x744.jpg 1024w, http:\/\/vet-ecg.ddns.net\/wp-content\/uploads\/evolution-rythmique-300x218.jpg 300w, http:\/\/vet-ecg.ddns.net\/wp-content\/uploads\/evolution-rythmique-768x558.jpg 768w, http:\/\/vet-ecg.ddns.net\/wp-content\/uploads\/evolution-rythmique-1536x1116.jpg 1536w, http:\/\/vet-ecg.ddns.net\/wp-content\/uploads\/evolution-rythmique-2048x1489.jpg 2048w\" sizes=\"auto, (max-width: 1024px) 100vw, 1024px\" \/><figcaption>Tachycardie sinusale, extra-systole atriale, QRS larges<\/figcaption><\/figure>\n\n\n<p>Les QRS sont larges et hypervolt\u00e9s avec des ondes T de sens oppos\u00e9 \u00e0 celui des QRS. Une lecture trop rapide pourrait faire penser \u00e0 une tachycardie ventriculaire \u00e0 195 bpm.<\/p>\n<p>En y regardant de plus pr\u00e8s, et plus particuli\u00e8rement la d\u00e9rivation AVF, on visualise des ondes P d&rsquo;origine sinusale. De plus, sur la partie gauche du trac\u00e9, on remarque une extra-systole atriale (3e systole en partant de la fin).<\/p>\n<p>La dur\u00e9e des QRS avoisine les 70 ms, On peut donc conclure qu&rsquo;il s&rsquo;agit d&rsquo;une tachycardie sinusale avec bloc de branche gauche (\u00c2QRS: environ 25\u00b0).<\/p>\n<p>\u00a0<\/p>\n<p>\u00a0<\/p>\n<p>\u00a0<\/p>\n\n<p>12 heures plus tard, un nouvel ECG est pratiqu\u00e9 et montre cette fois une fibrillation atriale<\/p>\n\n\n<figure class=\"wp-block-image size-large\"><img loading=\"lazy\" decoding=\"async\" width=\"1024\" height=\"718\" src=\"http:\/\/vet-ecg.ddns.net\/wp-content\/uploads\/evolution-rythmique-2-1024x718.jpg\" alt=\"Fibrillation atriale chez un chat ateint ce cardiomyopathie hypertrophique.\" class=\"wp-image-3322\" srcset=\"http:\/\/vet-ecg.ddns.net\/wp-content\/uploads\/evolution-rythmique-2-1024x718.jpg 1024w, http:\/\/vet-ecg.ddns.net\/wp-content\/uploads\/evolution-rythmique-2-300x210.jpg 300w, http:\/\/vet-ecg.ddns.net\/wp-content\/uploads\/evolution-rythmique-2-768x538.jpg 768w, http:\/\/vet-ecg.ddns.net\/wp-content\/uploads\/evolution-rythmique-2-1536x1077.jpg 1536w, http:\/\/vet-ecg.ddns.net\/wp-content\/uploads\/evolution-rythmique-2-2048x1435.jpg 2048w\" sizes=\"auto, (max-width: 1024px) 100vw, 1024px\" \/><figcaption>Fibrillation atriale au cours d&rsquo;une cardiomyopathie hypertrophique<\/figcaption><\/figure>\n\n\n\n\n<p>La tachycardie sinusale avec bloc de branche gauche s&rsquo;est transform\u00e9e en fibrillation atriale et le bloc de branche \u00e0 disparu: la largeur des QRS est moinde, leur dur\u00e9e est d&rsquo;environ 50 ms, ce qui correspond \u00e0 un myocarde tr\u00e8s remodel\u00e9.<\/p>","protected":false},"excerpt":{"rendered":"<p>Ce chat pr\u00e9sente \u00e0 l&rsquo;\u00e9chocardiographie une cardiomyopathie hypertrophique s\u00e9v\u00e8re avec une atrium gauche tr\u00e8s dilat\u00e9 dans lequel sont visualis\u00e9es des volutes de pr\u00e9-thrombose. L&rsquo;animal , en oed\u00e8me pulmonaire au moment de l&rsquo;examen, est amaigri et pr\u00e9sente des \u00e9pisodes de lipothymie. Les QRS sont larges et hypervolt\u00e9s avec des ondes T de sens oppos\u00e9 \u00e0 celui &hellip; <a href=\"http:\/\/vet-ecg.ddns.net\/index.php\/evolution-rythmique\/\" class=\"more-link\">Continuer la lecture de <span class=\"screen-reader-text\">Evolution rythmique<\/span><\/a><\/p>\n","protected":false},"author":1,"featured_media":0,"parent":0,"menu_order":0,"comment_status":"closed","ping_status":"closed","template":"","meta":{"footnotes":""},"class_list":["post-3320","page","type-page","status-publish","hentry"],"yoast_head":"<!-- This site is optimized with the Yoast SEO plugin v27.4 - https:\/\/yoast.com\/product\/yoast-seo-wordpress\/ -->\n<title>Evolution rythmique - Blog d&#039;\u00e9lectrocardiographie v\u00e9t\u00e9rinaire<\/title>\n<meta name=\"description\" content=\"Evolution rythmique chez un chat atteint de cardiomyopathie hypertrophique s\u00e9v\u00e8re. La tachycardie sinusale s&#039;est transform\u00e9e en FA\" \/>\n<meta name=\"robots\" content=\"index, follow, max-snippet:-1, max-image-preview:large, max-video-preview:-1\" \/>\n<link rel=\"canonical\" href=\"http:\/\/vet-ecg.ddns.net\/index.php\/evolution-rythmique\/\" \/>\n<meta name=\"twitter:label1\" content=\"Dur\u00e9e de lecture estim\u00e9e\" \/>\n\t<meta name=\"twitter:data1\" content=\"2 minutes\" \/>\n<script type=\"application\/ld+json\" class=\"yoast-schema-graph\">{\"@context\":\"https:\\\/\\\/schema.org\",\"@graph\":[{\"@type\":\"WebPage\",\"@id\":\"http:\\\/\\\/vet-ecg.ddns.net\\\/index.php\\\/evolution-rythmique\\\/\",\"url\":\"http:\\\/\\\/vet-ecg.ddns.net\\\/index.php\\\/evolution-rythmique\\\/\",\"name\":\"Evolution rythmique - Blog d&#039;\u00e9lectrocardiographie v\u00e9t\u00e9rinaire\",\"isPartOf\":{\"@id\":\"http:\\\/\\\/vet-ecg.ddns.net\\\/#website\"},\"primaryImageOfPage\":{\"@id\":\"http:\\\/\\\/vet-ecg.ddns.net\\\/index.php\\\/evolution-rythmique\\\/#primaryimage\"},\"image\":{\"@id\":\"http:\\\/\\\/vet-ecg.ddns.net\\\/index.php\\\/evolution-rythmique\\\/#primaryimage\"},\"thumbnailUrl\":\"http:\\\/\\\/vet-ecg.ddns.net\\\/wp-content\\\/uploads\\\/evolution-rythmique-1024x744.jpg\",\"datePublished\":\"2022-03-15T12:19:34+00:00\",\"dateModified\":\"2022-03-15T12:19:36+00:00\",\"description\":\"Evolution rythmique chez un chat atteint de cardiomyopathie hypertrophique s\u00e9v\u00e8re. La tachycardie sinusale s'est transform\u00e9e en FA\",\"breadcrumb\":{\"@id\":\"http:\\\/\\\/vet-ecg.ddns.net\\\/index.php\\\/evolution-rythmique\\\/#breadcrumb\"},\"inLanguage\":\"fr-FR\",\"potentialAction\":[{\"@type\":\"ReadAction\",\"target\":[\"http:\\\/\\\/vet-ecg.ddns.net\\\/index.php\\\/evolution-rythmique\\\/\"]}]},{\"@type\":\"ImageObject\",\"inLanguage\":\"fr-FR\",\"@id\":\"http:\\\/\\\/vet-ecg.ddns.net\\\/index.php\\\/evolution-rythmique\\\/#primaryimage\",\"url\":\"http:\\\/\\\/vet-ecg.ddns.net\\\/wp-content\\\/uploads\\\/evolution-rythmique.jpg\",\"contentUrl\":\"http:\\\/\\\/vet-ecg.ddns.net\\\/wp-content\\\/uploads\\\/evolution-rythmique.jpg\",\"width\":2200,\"height\":1599},{\"@type\":\"BreadcrumbList\",\"@id\":\"http:\\\/\\\/vet-ecg.ddns.net\\\/index.php\\\/evolution-rythmique\\\/#breadcrumb\",\"itemListElement\":[{\"@type\":\"ListItem\",\"position\":1,\"name\":\"Accueil\",\"item\":\"http:\\\/\\\/vet-ecg.ddns.net\\\/\"},{\"@type\":\"ListItem\",\"position\":2,\"name\":\"Evolution rythmique\"}]},{\"@type\":\"WebSite\",\"@id\":\"http:\\\/\\\/vet-ecg.ddns.net\\\/#website\",\"url\":\"http:\\\/\\\/vet-ecg.ddns.net\\\/\",\"name\":\"Blog d&#039;\u00e9lectrocardiographie v\u00e9t\u00e9rinaire\",\"description\":\"recueil d&#039;ECG de chiens et de chats\",\"publisher\":{\"@id\":\"http:\\\/\\\/vet-ecg.ddns.net\\\/#\\\/schema\\\/person\\\/fec4070a47e235fed904fab73cae00b4\"},\"alternateName\":\"\u00e9lectrocardiographie v\u00e9t\u00e9rinaire\",\"potentialAction\":[{\"@type\":\"SearchAction\",\"target\":{\"@type\":\"EntryPoint\",\"urlTemplate\":\"http:\\\/\\\/vet-ecg.ddns.net\\\/?s={search_term_string}\"},\"query-input\":{\"@type\":\"PropertyValueSpecification\",\"valueRequired\":true,\"valueName\":\"search_term_string\"}}],\"inLanguage\":\"fr-FR\"},{\"@type\":[\"Person\",\"Organization\"],\"@id\":\"http:\\\/\\\/vet-ecg.ddns.net\\\/#\\\/schema\\\/person\\\/fec4070a47e235fed904fab73cae00b4\",\"name\":\"admin\",\"image\":{\"@type\":\"ImageObject\",\"inLanguage\":\"fr-FR\",\"@id\":\"http:\\\/\\\/vet-ecg.ddns.net\\\/wp-content\\\/uploads\\\/2018\\\/04\\\/Zelda-2-ECG-248.jpg\",\"url\":\"http:\\\/\\\/vet-ecg.ddns.net\\\/wp-content\\\/uploads\\\/2018\\\/04\\\/Zelda-2-ECG-248.jpg\",\"contentUrl\":\"http:\\\/\\\/vet-ecg.ddns.net\\\/wp-content\\\/uploads\\\/2018\\\/04\\\/Zelda-2-ECG-248.jpg\",\"width\":248,\"height\":248,\"caption\":\"admin\"},\"logo\":{\"@id\":\"http:\\\/\\\/vet-ecg.ddns.net\\\/wp-content\\\/uploads\\\/2018\\\/04\\\/Zelda-2-ECG-248.jpg\"},\"description\":\"Les trac\u00e9s publi\u00e9s sur ce site sont issus de diff\u00e9rentes cliniques v\u00e9t\u00e9rinaires de Paris et de sa banlieue durant les 10 derni\u00e8res ann\u00e9es. Les ECG r\u00e9alis\u00e9s ont \u00e9t\u00e9 r\u00e9alis\u00e9s sur des chiens et des chats qui ont tous b\u00e9n\u00e9fici\u00e9 d'une \u00e9chocardiographie.\"}]}<\/script>\n<!-- \/ Yoast SEO plugin. -->","yoast_head_json":{"title":"Evolution rythmique - Blog d&#039;\u00e9lectrocardiographie v\u00e9t\u00e9rinaire","description":"Evolution rythmique chez un chat atteint de cardiomyopathie hypertrophique s\u00e9v\u00e8re. La tachycardie sinusale s'est transform\u00e9e en FA","robots":{"index":"index","follow":"follow","max-snippet":"max-snippet:-1","max-image-preview":"max-image-preview:large","max-video-preview":"max-video-preview:-1"},"canonical":"http:\/\/vet-ecg.ddns.net\/index.php\/evolution-rythmique\/","twitter_misc":{"Dur\u00e9e de lecture estim\u00e9e":"2 minutes"},"schema":{"@context":"https:\/\/schema.org","@graph":[{"@type":"WebPage","@id":"http:\/\/vet-ecg.ddns.net\/index.php\/evolution-rythmique\/","url":"http:\/\/vet-ecg.ddns.net\/index.php\/evolution-rythmique\/","name":"Evolution rythmique - Blog d&#039;\u00e9lectrocardiographie v\u00e9t\u00e9rinaire","isPartOf":{"@id":"http:\/\/vet-ecg.ddns.net\/#website"},"primaryImageOfPage":{"@id":"http:\/\/vet-ecg.ddns.net\/index.php\/evolution-rythmique\/#primaryimage"},"image":{"@id":"http:\/\/vet-ecg.ddns.net\/index.php\/evolution-rythmique\/#primaryimage"},"thumbnailUrl":"http:\/\/vet-ecg.ddns.net\/wp-content\/uploads\/evolution-rythmique-1024x744.jpg","datePublished":"2022-03-15T12:19:34+00:00","dateModified":"2022-03-15T12:19:36+00:00","description":"Evolution rythmique chez un chat atteint de cardiomyopathie hypertrophique s\u00e9v\u00e8re. La tachycardie sinusale s'est transform\u00e9e en FA","breadcrumb":{"@id":"http:\/\/vet-ecg.ddns.net\/index.php\/evolution-rythmique\/#breadcrumb"},"inLanguage":"fr-FR","potentialAction":[{"@type":"ReadAction","target":["http:\/\/vet-ecg.ddns.net\/index.php\/evolution-rythmique\/"]}]},{"@type":"ImageObject","inLanguage":"fr-FR","@id":"http:\/\/vet-ecg.ddns.net\/index.php\/evolution-rythmique\/#primaryimage","url":"http:\/\/vet-ecg.ddns.net\/wp-content\/uploads\/evolution-rythmique.jpg","contentUrl":"http:\/\/vet-ecg.ddns.net\/wp-content\/uploads\/evolution-rythmique.jpg","width":2200,"height":1599},{"@type":"BreadcrumbList","@id":"http:\/\/vet-ecg.ddns.net\/index.php\/evolution-rythmique\/#breadcrumb","itemListElement":[{"@type":"ListItem","position":1,"name":"Accueil","item":"http:\/\/vet-ecg.ddns.net\/"},{"@type":"ListItem","position":2,"name":"Evolution rythmique"}]},{"@type":"WebSite","@id":"http:\/\/vet-ecg.ddns.net\/#website","url":"http:\/\/vet-ecg.ddns.net\/","name":"Blog d&#039;\u00e9lectrocardiographie v\u00e9t\u00e9rinaire","description":"recueil d&#039;ECG de chiens et de chats","publisher":{"@id":"http:\/\/vet-ecg.ddns.net\/#\/schema\/person\/fec4070a47e235fed904fab73cae00b4"},"alternateName":"\u00e9lectrocardiographie v\u00e9t\u00e9rinaire","potentialAction":[{"@type":"SearchAction","target":{"@type":"EntryPoint","urlTemplate":"http:\/\/vet-ecg.ddns.net\/?s={search_term_string}"},"query-input":{"@type":"PropertyValueSpecification","valueRequired":true,"valueName":"search_term_string"}}],"inLanguage":"fr-FR"},{"@type":["Person","Organization"],"@id":"http:\/\/vet-ecg.ddns.net\/#\/schema\/person\/fec4070a47e235fed904fab73cae00b4","name":"admin","image":{"@type":"ImageObject","inLanguage":"fr-FR","@id":"http:\/\/vet-ecg.ddns.net\/wp-content\/uploads\/2018\/04\/Zelda-2-ECG-248.jpg","url":"http:\/\/vet-ecg.ddns.net\/wp-content\/uploads\/2018\/04\/Zelda-2-ECG-248.jpg","contentUrl":"http:\/\/vet-ecg.ddns.net\/wp-content\/uploads\/2018\/04\/Zelda-2-ECG-248.jpg","width":248,"height":248,"caption":"admin"},"logo":{"@id":"http:\/\/vet-ecg.ddns.net\/wp-content\/uploads\/2018\/04\/Zelda-2-ECG-248.jpg"},"description":"Les trac\u00e9s publi\u00e9s sur ce site sont issus de diff\u00e9rentes cliniques v\u00e9t\u00e9rinaires de Paris et de sa banlieue durant les 10 derni\u00e8res ann\u00e9es. Les ECG r\u00e9alis\u00e9s ont \u00e9t\u00e9 r\u00e9alis\u00e9s sur des chiens et des chats qui ont tous b\u00e9n\u00e9fici\u00e9 d'une \u00e9chocardiographie."}]}},"_links":{"self":[{"href":"http:\/\/vet-ecg.ddns.net\/index.php\/wp-json\/wp\/v2\/pages\/3320","targetHints":{"allow":["GET"]}}],"collection":[{"href":"http:\/\/vet-ecg.ddns.net\/index.php\/wp-json\/wp\/v2\/pages"}],"about":[{"href":"http:\/\/vet-ecg.ddns.net\/index.php\/wp-json\/wp\/v2\/types\/page"}],"author":[{"embeddable":true,"href":"http:\/\/vet-ecg.ddns.net\/index.php\/wp-json\/wp\/v2\/users\/1"}],"replies":[{"embeddable":true,"href":"http:\/\/vet-ecg.ddns.net\/index.php\/wp-json\/wp\/v2\/comments?post=3320"}],"version-history":[{"count":0,"href":"http:\/\/vet-ecg.ddns.net\/index.php\/wp-json\/wp\/v2\/pages\/3320\/revisions"}],"wp:attachment":[{"href":"http:\/\/vet-ecg.ddns.net\/index.php\/wp-json\/wp\/v2\/media?parent=3320"}],"curies":[{"name":"wp","href":"https:\/\/api.w.org\/{rel}","templated":true}]}}