{"id":3310,"date":"2022-02-09T23:00:55","date_gmt":"2022-02-09T22:00:55","guid":{"rendered":"http:\/\/vet-ecg.ddns.net\/?page_id=3310"},"modified":"2022-02-09T23:01:33","modified_gmt":"2022-02-09T22:01:33","slug":"dissociation-isorythmique","status":"publish","type":"page","link":"http:\/\/vet-ecg.ddns.net\/index.php\/dissociation-isorythmique\/","title":{"rendered":"Dissociation isorythmique"},"content":{"rendered":"\n<figure class=\"wp-block-image size-large\"><img loading=\"lazy\" decoding=\"async\" width=\"1024\" height=\"720\" src=\"http:\/\/vet-ecg.ddns.net\/wp-content\/uploads\/dissociation-isorythmique-2-1024x720.jpg\" alt=\"\" class=\"wp-image-3312\" srcset=\"http:\/\/vet-ecg.ddns.net\/wp-content\/uploads\/dissociation-isorythmique-2-1024x720.jpg 1024w, http:\/\/vet-ecg.ddns.net\/wp-content\/uploads\/dissociation-isorythmique-2-300x211.jpg 300w, http:\/\/vet-ecg.ddns.net\/wp-content\/uploads\/dissociation-isorythmique-2-768x540.jpg 768w, http:\/\/vet-ecg.ddns.net\/wp-content\/uploads\/dissociation-isorythmique-2-1536x1081.jpg 1536w, http:\/\/vet-ecg.ddns.net\/wp-content\/uploads\/dissociation-isorythmique-2-2048x1441.jpg 2048w\" sizes=\"auto, (max-width: 1024px) 100vw, 1024px\" \/><figcaption>Dissociation isorythmique<\/figcaption><\/figure>\n\n\n<p>Ce trac\u00e9 met en \u00e9vidence une dissociation isorythmique. Il coexiste un rythme atrial et un rythme jonctionnel de fr\u00e9quences proches.<\/p>\n<p>Au d\u00e9but de cet ECG (\u00e9toiles rouges) les s\u00e9quences PQRST semblent sinusales, pourtant, si l&rsquo;on mesure l&rsquo;intervalle PR, on remarque que celui-ci n&rsquo;est pas constant. Dans les systoles suivantes (\u00e9toiles vertes) l&rsquo;intervalle PR se raccourcit au point de masquer les ondes P qui ont alors fusionn\u00e9 avec les QRS.<\/p>\n<p>Ce trac\u00e9 d&rsquo;un whippet de 16 ans a \u00e9t\u00e9 enregistr\u00e9 apr\u00e8s un \u00e9pisode de CIVD survenu apr\u00e8s une chirurgie buccodentaire. L&rsquo;animal pr\u00e9sente alors un h\u00e9matocrite de 11%.<\/p>\n<p><\/p>","protected":false},"excerpt":{"rendered":"<p>Ce trac\u00e9 met en \u00e9vidence une dissociation isorythmique. Il coexiste un rythme atrial et un rythme jonctionnel de fr\u00e9quences proches. Au d\u00e9but de cet ECG (\u00e9toiles rouges) les s\u00e9quences PQRST semblent sinusales, pourtant, si l&rsquo;on mesure l&rsquo;intervalle PR, on remarque que celui-ci n&rsquo;est pas constant. Dans les systoles suivantes (\u00e9toiles vertes) l&rsquo;intervalle PR se raccourcit &hellip; <a href=\"http:\/\/vet-ecg.ddns.net\/index.php\/dissociation-isorythmique\/\" class=\"more-link\">Continuer la lecture de <span class=\"screen-reader-text\">Dissociation isorythmique<\/span><\/a><\/p>\n","protected":false},"author":1,"featured_media":0,"parent":0,"menu_order":0,"comment_status":"closed","ping_status":"closed","template":"","meta":{"footnotes":""},"class_list":["post-3310","page","type-page","status-publish","hentry"],"yoast_head":"<!-- This site is optimized with the Yoast SEO plugin v27.4 - https:\/\/yoast.com\/product\/yoast-seo-wordpress\/ -->\n<title>Dissociation isorythmique - Blog d&#039;\u00e9lectrocardiographie v\u00e9t\u00e9rinaire<\/title>\n<meta name=\"description\" content=\"Dissociation isorythmique mettant en \u00e9vidence un rythme atrial et un rythme jonctionnel de fr\u00e9quences proches.\" \/>\n<meta name=\"robots\" content=\"index, follow, max-snippet:-1, max-image-preview:large, max-video-preview:-1\" \/>\n<link rel=\"canonical\" href=\"http:\/\/vet-ecg.ddns.net\/index.php\/dissociation-isorythmique\/\" \/>\n<meta name=\"twitter:label1\" content=\"Dur\u00e9e de lecture estim\u00e9e\" \/>\n\t<meta name=\"twitter:data1\" content=\"1 minute\" \/>\n<script type=\"application\/ld+json\" class=\"yoast-schema-graph\">{\"@context\":\"https:\\\/\\\/schema.org\",\"@graph\":[{\"@type\":\"WebPage\",\"@id\":\"http:\\\/\\\/vet-ecg.ddns.net\\\/index.php\\\/dissociation-isorythmique\\\/\",\"url\":\"http:\\\/\\\/vet-ecg.ddns.net\\\/index.php\\\/dissociation-isorythmique\\\/\",\"name\":\"Dissociation isorythmique - Blog d&#039;\u00e9lectrocardiographie v\u00e9t\u00e9rinaire\",\"isPartOf\":{\"@id\":\"http:\\\/\\\/vet-ecg.ddns.net\\\/#website\"},\"primaryImageOfPage\":{\"@id\":\"http:\\\/\\\/vet-ecg.ddns.net\\\/index.php\\\/dissociation-isorythmique\\\/#primaryimage\"},\"image\":{\"@id\":\"http:\\\/\\\/vet-ecg.ddns.net\\\/index.php\\\/dissociation-isorythmique\\\/#primaryimage\"},\"thumbnailUrl\":\"http:\\\/\\\/vet-ecg.ddns.net\\\/wp-content\\\/uploads\\\/dissociation-isorythmique-2-1024x720.jpg\",\"datePublished\":\"2022-02-09T22:00:55+00:00\",\"dateModified\":\"2022-02-09T22:01:33+00:00\",\"description\":\"Dissociation isorythmique mettant en \u00e9vidence un rythme atrial et un rythme jonctionnel de fr\u00e9quences proches.\",\"breadcrumb\":{\"@id\":\"http:\\\/\\\/vet-ecg.ddns.net\\\/index.php\\\/dissociation-isorythmique\\\/#breadcrumb\"},\"inLanguage\":\"fr-FR\",\"potentialAction\":[{\"@type\":\"ReadAction\",\"target\":[\"http:\\\/\\\/vet-ecg.ddns.net\\\/index.php\\\/dissociation-isorythmique\\\/\"]}]},{\"@type\":\"ImageObject\",\"inLanguage\":\"fr-FR\",\"@id\":\"http:\\\/\\\/vet-ecg.ddns.net\\\/index.php\\\/dissociation-isorythmique\\\/#primaryimage\",\"url\":\"http:\\\/\\\/vet-ecg.ddns.net\\\/wp-content\\\/uploads\\\/dissociation-isorythmique-2.jpg\",\"contentUrl\":\"http:\\\/\\\/vet-ecg.ddns.net\\\/wp-content\\\/uploads\\\/dissociation-isorythmique-2.jpg\",\"width\":2300,\"height\":1618,\"caption\":\"Created with GIMP\"},{\"@type\":\"BreadcrumbList\",\"@id\":\"http:\\\/\\\/vet-ecg.ddns.net\\\/index.php\\\/dissociation-isorythmique\\\/#breadcrumb\",\"itemListElement\":[{\"@type\":\"ListItem\",\"position\":1,\"name\":\"Accueil\",\"item\":\"http:\\\/\\\/vet-ecg.ddns.net\\\/\"},{\"@type\":\"ListItem\",\"position\":2,\"name\":\"Dissociation isorythmique\"}]},{\"@type\":\"WebSite\",\"@id\":\"http:\\\/\\\/vet-ecg.ddns.net\\\/#website\",\"url\":\"http:\\\/\\\/vet-ecg.ddns.net\\\/\",\"name\":\"Blog d&#039;\u00e9lectrocardiographie v\u00e9t\u00e9rinaire\",\"description\":\"recueil d&#039;ECG de chiens et de chats\",\"publisher\":{\"@id\":\"http:\\\/\\\/vet-ecg.ddns.net\\\/#\\\/schema\\\/person\\\/fec4070a47e235fed904fab73cae00b4\"},\"alternateName\":\"\u00e9lectrocardiographie v\u00e9t\u00e9rinaire\",\"potentialAction\":[{\"@type\":\"SearchAction\",\"target\":{\"@type\":\"EntryPoint\",\"urlTemplate\":\"http:\\\/\\\/vet-ecg.ddns.net\\\/?s={search_term_string}\"},\"query-input\":{\"@type\":\"PropertyValueSpecification\",\"valueRequired\":true,\"valueName\":\"search_term_string\"}}],\"inLanguage\":\"fr-FR\"},{\"@type\":[\"Person\",\"Organization\"],\"@id\":\"http:\\\/\\\/vet-ecg.ddns.net\\\/#\\\/schema\\\/person\\\/fec4070a47e235fed904fab73cae00b4\",\"name\":\"admin\",\"image\":{\"@type\":\"ImageObject\",\"inLanguage\":\"fr-FR\",\"@id\":\"http:\\\/\\\/vet-ecg.ddns.net\\\/wp-content\\\/uploads\\\/2018\\\/04\\\/Zelda-2-ECG-248.jpg\",\"url\":\"http:\\\/\\\/vet-ecg.ddns.net\\\/wp-content\\\/uploads\\\/2018\\\/04\\\/Zelda-2-ECG-248.jpg\",\"contentUrl\":\"http:\\\/\\\/vet-ecg.ddns.net\\\/wp-content\\\/uploads\\\/2018\\\/04\\\/Zelda-2-ECG-248.jpg\",\"width\":248,\"height\":248,\"caption\":\"admin\"},\"logo\":{\"@id\":\"http:\\\/\\\/vet-ecg.ddns.net\\\/wp-content\\\/uploads\\\/2018\\\/04\\\/Zelda-2-ECG-248.jpg\"},\"description\":\"Les trac\u00e9s publi\u00e9s sur ce site sont issus de diff\u00e9rentes cliniques v\u00e9t\u00e9rinaires de Paris et de sa banlieue durant les 10 derni\u00e8res ann\u00e9es. Les ECG r\u00e9alis\u00e9s ont \u00e9t\u00e9 r\u00e9alis\u00e9s sur des chiens et des chats qui ont tous b\u00e9n\u00e9fici\u00e9 d'une \u00e9chocardiographie.\"}]}<\/script>\n<!-- \/ Yoast SEO plugin. -->","yoast_head_json":{"title":"Dissociation isorythmique - Blog d&#039;\u00e9lectrocardiographie v\u00e9t\u00e9rinaire","description":"Dissociation isorythmique mettant en \u00e9vidence un rythme atrial et un rythme jonctionnel de fr\u00e9quences proches.","robots":{"index":"index","follow":"follow","max-snippet":"max-snippet:-1","max-image-preview":"max-image-preview:large","max-video-preview":"max-video-preview:-1"},"canonical":"http:\/\/vet-ecg.ddns.net\/index.php\/dissociation-isorythmique\/","twitter_misc":{"Dur\u00e9e de lecture estim\u00e9e":"1 minute"},"schema":{"@context":"https:\/\/schema.org","@graph":[{"@type":"WebPage","@id":"http:\/\/vet-ecg.ddns.net\/index.php\/dissociation-isorythmique\/","url":"http:\/\/vet-ecg.ddns.net\/index.php\/dissociation-isorythmique\/","name":"Dissociation isorythmique - Blog d&#039;\u00e9lectrocardiographie v\u00e9t\u00e9rinaire","isPartOf":{"@id":"http:\/\/vet-ecg.ddns.net\/#website"},"primaryImageOfPage":{"@id":"http:\/\/vet-ecg.ddns.net\/index.php\/dissociation-isorythmique\/#primaryimage"},"image":{"@id":"http:\/\/vet-ecg.ddns.net\/index.php\/dissociation-isorythmique\/#primaryimage"},"thumbnailUrl":"http:\/\/vet-ecg.ddns.net\/wp-content\/uploads\/dissociation-isorythmique-2-1024x720.jpg","datePublished":"2022-02-09T22:00:55+00:00","dateModified":"2022-02-09T22:01:33+00:00","description":"Dissociation isorythmique mettant en \u00e9vidence un rythme atrial et un rythme jonctionnel de fr\u00e9quences proches.","breadcrumb":{"@id":"http:\/\/vet-ecg.ddns.net\/index.php\/dissociation-isorythmique\/#breadcrumb"},"inLanguage":"fr-FR","potentialAction":[{"@type":"ReadAction","target":["http:\/\/vet-ecg.ddns.net\/index.php\/dissociation-isorythmique\/"]}]},{"@type":"ImageObject","inLanguage":"fr-FR","@id":"http:\/\/vet-ecg.ddns.net\/index.php\/dissociation-isorythmique\/#primaryimage","url":"http:\/\/vet-ecg.ddns.net\/wp-content\/uploads\/dissociation-isorythmique-2.jpg","contentUrl":"http:\/\/vet-ecg.ddns.net\/wp-content\/uploads\/dissociation-isorythmique-2.jpg","width":2300,"height":1618,"caption":"Created with GIMP"},{"@type":"BreadcrumbList","@id":"http:\/\/vet-ecg.ddns.net\/index.php\/dissociation-isorythmique\/#breadcrumb","itemListElement":[{"@type":"ListItem","position":1,"name":"Accueil","item":"http:\/\/vet-ecg.ddns.net\/"},{"@type":"ListItem","position":2,"name":"Dissociation isorythmique"}]},{"@type":"WebSite","@id":"http:\/\/vet-ecg.ddns.net\/#website","url":"http:\/\/vet-ecg.ddns.net\/","name":"Blog d&#039;\u00e9lectrocardiographie v\u00e9t\u00e9rinaire","description":"recueil d&#039;ECG de chiens et de chats","publisher":{"@id":"http:\/\/vet-ecg.ddns.net\/#\/schema\/person\/fec4070a47e235fed904fab73cae00b4"},"alternateName":"\u00e9lectrocardiographie v\u00e9t\u00e9rinaire","potentialAction":[{"@type":"SearchAction","target":{"@type":"EntryPoint","urlTemplate":"http:\/\/vet-ecg.ddns.net\/?s={search_term_string}"},"query-input":{"@type":"PropertyValueSpecification","valueRequired":true,"valueName":"search_term_string"}}],"inLanguage":"fr-FR"},{"@type":["Person","Organization"],"@id":"http:\/\/vet-ecg.ddns.net\/#\/schema\/person\/fec4070a47e235fed904fab73cae00b4","name":"admin","image":{"@type":"ImageObject","inLanguage":"fr-FR","@id":"http:\/\/vet-ecg.ddns.net\/wp-content\/uploads\/2018\/04\/Zelda-2-ECG-248.jpg","url":"http:\/\/vet-ecg.ddns.net\/wp-content\/uploads\/2018\/04\/Zelda-2-ECG-248.jpg","contentUrl":"http:\/\/vet-ecg.ddns.net\/wp-content\/uploads\/2018\/04\/Zelda-2-ECG-248.jpg","width":248,"height":248,"caption":"admin"},"logo":{"@id":"http:\/\/vet-ecg.ddns.net\/wp-content\/uploads\/2018\/04\/Zelda-2-ECG-248.jpg"},"description":"Les trac\u00e9s publi\u00e9s sur ce site sont issus de diff\u00e9rentes cliniques v\u00e9t\u00e9rinaires de Paris et de sa banlieue durant les 10 derni\u00e8res ann\u00e9es. Les ECG r\u00e9alis\u00e9s ont \u00e9t\u00e9 r\u00e9alis\u00e9s sur des chiens et des chats qui ont tous b\u00e9n\u00e9fici\u00e9 d'une \u00e9chocardiographie."}]}},"_links":{"self":[{"href":"http:\/\/vet-ecg.ddns.net\/index.php\/wp-json\/wp\/v2\/pages\/3310","targetHints":{"allow":["GET"]}}],"collection":[{"href":"http:\/\/vet-ecg.ddns.net\/index.php\/wp-json\/wp\/v2\/pages"}],"about":[{"href":"http:\/\/vet-ecg.ddns.net\/index.php\/wp-json\/wp\/v2\/types\/page"}],"author":[{"embeddable":true,"href":"http:\/\/vet-ecg.ddns.net\/index.php\/wp-json\/wp\/v2\/users\/1"}],"replies":[{"embeddable":true,"href":"http:\/\/vet-ecg.ddns.net\/index.php\/wp-json\/wp\/v2\/comments?post=3310"}],"version-history":[{"count":0,"href":"http:\/\/vet-ecg.ddns.net\/index.php\/wp-json\/wp\/v2\/pages\/3310\/revisions"}],"wp:attachment":[{"href":"http:\/\/vet-ecg.ddns.net\/index.php\/wp-json\/wp\/v2\/media?parent=3310"}],"curies":[{"name":"wp","href":"https:\/\/api.w.org\/{rel}","templated":true}]}}