{"id":3303,"date":"2022-02-03T22:38:59","date_gmt":"2022-02-03T21:38:59","guid":{"rendered":"http:\/\/vet-ecg.ddns.net\/?page_id=3303"},"modified":"2022-02-03T22:39:02","modified_gmt":"2022-02-03T21:39:02","slug":"tachycardie-supraventriculaire-reduite","status":"publish","type":"page","link":"http:\/\/vet-ecg.ddns.net\/index.php\/tachycardie-supraventriculaire-reduite\/","title":{"rendered":"Tachycardie supraventriculaire r\u00e9duite"},"content":{"rendered":"\n<figure class=\"wp-block-image size-large\"><img loading=\"lazy\" decoding=\"async\" width=\"1024\" height=\"771\" src=\"http:\/\/vet-ecg.ddns.net\/wp-content\/uploads\/tsv-reduite1bis-1024x771.jpg\" alt=\"Tachycardie supraventriculaire \u00e0 300 bpm chez un chien de 30 kg\" class=\"wp-image-3305\" srcset=\"http:\/\/vet-ecg.ddns.net\/wp-content\/uploads\/tsv-reduite1bis-1024x771.jpg 1024w, http:\/\/vet-ecg.ddns.net\/wp-content\/uploads\/tsv-reduite1bis-300x226.jpg 300w, http:\/\/vet-ecg.ddns.net\/wp-content\/uploads\/tsv-reduite1bis-768x578.jpg 768w, http:\/\/vet-ecg.ddns.net\/wp-content\/uploads\/tsv-reduite1bis-1536x1156.jpg 1536w, http:\/\/vet-ecg.ddns.net\/wp-content\/uploads\/tsv-reduite1bis.jpg 1729w\" sizes=\"auto, (max-width: 1024px) 100vw, 1024px\" \/><figcaption>Tachycardie supraventriculaire chez un jeune chien de race Husky<\/figcaption><\/figure>\n\n\n<p>Le trac\u00e9 ci-dessous montre la r\u00e9duction pharmacologique d&rsquo;une tachycardie supraventriculaire chez un husky \u00e2g\u00e9 de 5 ans.<\/p>\n<p>L&rsquo;animal re\u00e7oit une alimentation sans gluten.<\/p>\n<p>L&rsquo;\u00e9chocardiographie ne montre pas d&rsquo;anomalies structurelles.<\/p>\n<p>Une premi\u00e8re tentative pharmacologique \u00e9choue ne parvient pas \u00e0 stopper cette tachycardie mena\u00e7ante.<\/p>\n<p>Ce n&rsquo;est qu&rsquo;apr\u00e8s 48 heures qu&rsquo;un nouveau protocole permet de restaurer un rythme sinusal.<\/p>\n\n\n<figure class=\"wp-block-image size-large\"><img loading=\"lazy\" decoding=\"async\" width=\"1024\" height=\"835\" src=\"http:\/\/vet-ecg.ddns.net\/wp-content\/uploads\/tsv-reduite2-1024x835.jpg\" alt=\"\" class=\"wp-image-3306\" srcset=\"http:\/\/vet-ecg.ddns.net\/wp-content\/uploads\/tsv-reduite2-1024x835.jpg 1024w, http:\/\/vet-ecg.ddns.net\/wp-content\/uploads\/tsv-reduite2-300x244.jpg 300w, http:\/\/vet-ecg.ddns.net\/wp-content\/uploads\/tsv-reduite2-768x626.jpg 768w, http:\/\/vet-ecg.ddns.net\/wp-content\/uploads\/tsv-reduite2-1536x1252.jpg 1536w, http:\/\/vet-ecg.ddns.net\/wp-content\/uploads\/tsv-reduite2.jpg 1962w\" sizes=\"auto, (max-width: 1024px) 100vw, 1024px\" \/><\/figure>\n","protected":false},"excerpt":{"rendered":"<p>Le trac\u00e9 ci-dessous montre la r\u00e9duction pharmacologique d&rsquo;une tachycardie supraventriculaire chez un husky \u00e2g\u00e9 de 5 ans. L&rsquo;animal re\u00e7oit une alimentation sans gluten. L&rsquo;\u00e9chocardiographie ne montre pas d&rsquo;anomalies structurelles. Une premi\u00e8re tentative pharmacologique \u00e9choue ne parvient pas \u00e0 stopper cette tachycardie mena\u00e7ante. Ce n&rsquo;est qu&rsquo;apr\u00e8s 48 heures qu&rsquo;un nouveau protocole permet de restaurer un rythme &hellip; <a href=\"http:\/\/vet-ecg.ddns.net\/index.php\/tachycardie-supraventriculaire-reduite\/\" class=\"more-link\">Continuer la lecture de <span class=\"screen-reader-text\">Tachycardie supraventriculaire r\u00e9duite<\/span><\/a><\/p>\n","protected":false},"author":1,"featured_media":0,"parent":0,"menu_order":0,"comment_status":"closed","ping_status":"closed","template":"","meta":{"footnotes":""},"class_list":["post-3303","page","type-page","status-publish","hentry"],"yoast_head":"<!-- This site is optimized with the Yoast SEO plugin v27.4 - https:\/\/yoast.com\/product\/yoast-seo-wordpress\/ -->\n<title>Tachycardie supraventriculaire r\u00e9duite - Blog d&#039;\u00e9lectrocardiographie v\u00e9t\u00e9rinaire<\/title>\n<meta name=\"description\" content=\"R\u00e9duction pharmacologique d&#039;une tachycardie supraventriculaire chez un husky, \u00e2g\u00e9 de 5 ans. L&#039;\u00e9chocardiographie ne r\u00e9v\u00e9lait pas d&#039;anomalies.\" \/>\n<meta name=\"robots\" content=\"index, follow, max-snippet:-1, max-image-preview:large, max-video-preview:-1\" \/>\n<link rel=\"canonical\" href=\"http:\/\/vet-ecg.ddns.net\/index.php\/tachycardie-supraventriculaire-reduite\/\" \/>\n<meta name=\"twitter:label1\" content=\"Dur\u00e9e de lecture estim\u00e9e\" \/>\n\t<meta name=\"twitter:data1\" content=\"1 minute\" \/>\n<script type=\"application\/ld+json\" class=\"yoast-schema-graph\">{\"@context\":\"https:\\\/\\\/schema.org\",\"@graph\":[{\"@type\":\"WebPage\",\"@id\":\"http:\\\/\\\/vet-ecg.ddns.net\\\/index.php\\\/tachycardie-supraventriculaire-reduite\\\/\",\"url\":\"http:\\\/\\\/vet-ecg.ddns.net\\\/index.php\\\/tachycardie-supraventriculaire-reduite\\\/\",\"name\":\"Tachycardie supraventriculaire r\u00e9duite - Blog d&#039;\u00e9lectrocardiographie v\u00e9t\u00e9rinaire\",\"isPartOf\":{\"@id\":\"http:\\\/\\\/vet-ecg.ddns.net\\\/#website\"},\"primaryImageOfPage\":{\"@id\":\"http:\\\/\\\/vet-ecg.ddns.net\\\/index.php\\\/tachycardie-supraventriculaire-reduite\\\/#primaryimage\"},\"image\":{\"@id\":\"http:\\\/\\\/vet-ecg.ddns.net\\\/index.php\\\/tachycardie-supraventriculaire-reduite\\\/#primaryimage\"},\"thumbnailUrl\":\"http:\\\/\\\/vet-ecg.ddns.net\\\/wp-content\\\/uploads\\\/tsv-reduite1bis-1024x771.jpg\",\"datePublished\":\"2022-02-03T21:38:59+00:00\",\"dateModified\":\"2022-02-03T21:39:02+00:00\",\"description\":\"R\u00e9duction pharmacologique d'une tachycardie supraventriculaire chez un husky, \u00e2g\u00e9 de 5 ans. L'\u00e9chocardiographie ne r\u00e9v\u00e9lait pas d'anomalies.\",\"breadcrumb\":{\"@id\":\"http:\\\/\\\/vet-ecg.ddns.net\\\/index.php\\\/tachycardie-supraventriculaire-reduite\\\/#breadcrumb\"},\"inLanguage\":\"fr-FR\",\"potentialAction\":[{\"@type\":\"ReadAction\",\"target\":[\"http:\\\/\\\/vet-ecg.ddns.net\\\/index.php\\\/tachycardie-supraventriculaire-reduite\\\/\"]}]},{\"@type\":\"ImageObject\",\"inLanguage\":\"fr-FR\",\"@id\":\"http:\\\/\\\/vet-ecg.ddns.net\\\/index.php\\\/tachycardie-supraventriculaire-reduite\\\/#primaryimage\",\"url\":\"http:\\\/\\\/vet-ecg.ddns.net\\\/wp-content\\\/uploads\\\/tsv-reduite1bis.jpg\",\"contentUrl\":\"http:\\\/\\\/vet-ecg.ddns.net\\\/wp-content\\\/uploads\\\/tsv-reduite1bis.jpg\",\"width\":1729,\"height\":1301},{\"@type\":\"BreadcrumbList\",\"@id\":\"http:\\\/\\\/vet-ecg.ddns.net\\\/index.php\\\/tachycardie-supraventriculaire-reduite\\\/#breadcrumb\",\"itemListElement\":[{\"@type\":\"ListItem\",\"position\":1,\"name\":\"Accueil\",\"item\":\"http:\\\/\\\/vet-ecg.ddns.net\\\/\"},{\"@type\":\"ListItem\",\"position\":2,\"name\":\"Tachycardie supraventriculaire r\u00e9duite\"}]},{\"@type\":\"WebSite\",\"@id\":\"http:\\\/\\\/vet-ecg.ddns.net\\\/#website\",\"url\":\"http:\\\/\\\/vet-ecg.ddns.net\\\/\",\"name\":\"Blog d&#039;\u00e9lectrocardiographie v\u00e9t\u00e9rinaire\",\"description\":\"recueil d&#039;ECG de chiens et de chats\",\"publisher\":{\"@id\":\"http:\\\/\\\/vet-ecg.ddns.net\\\/#\\\/schema\\\/person\\\/fec4070a47e235fed904fab73cae00b4\"},\"alternateName\":\"\u00e9lectrocardiographie v\u00e9t\u00e9rinaire\",\"potentialAction\":[{\"@type\":\"SearchAction\",\"target\":{\"@type\":\"EntryPoint\",\"urlTemplate\":\"http:\\\/\\\/vet-ecg.ddns.net\\\/?s={search_term_string}\"},\"query-input\":{\"@type\":\"PropertyValueSpecification\",\"valueRequired\":true,\"valueName\":\"search_term_string\"}}],\"inLanguage\":\"fr-FR\"},{\"@type\":[\"Person\",\"Organization\"],\"@id\":\"http:\\\/\\\/vet-ecg.ddns.net\\\/#\\\/schema\\\/person\\\/fec4070a47e235fed904fab73cae00b4\",\"name\":\"admin\",\"image\":{\"@type\":\"ImageObject\",\"inLanguage\":\"fr-FR\",\"@id\":\"http:\\\/\\\/vet-ecg.ddns.net\\\/wp-content\\\/uploads\\\/2018\\\/04\\\/Zelda-2-ECG-248.jpg\",\"url\":\"http:\\\/\\\/vet-ecg.ddns.net\\\/wp-content\\\/uploads\\\/2018\\\/04\\\/Zelda-2-ECG-248.jpg\",\"contentUrl\":\"http:\\\/\\\/vet-ecg.ddns.net\\\/wp-content\\\/uploads\\\/2018\\\/04\\\/Zelda-2-ECG-248.jpg\",\"width\":248,\"height\":248,\"caption\":\"admin\"},\"logo\":{\"@id\":\"http:\\\/\\\/vet-ecg.ddns.net\\\/wp-content\\\/uploads\\\/2018\\\/04\\\/Zelda-2-ECG-248.jpg\"},\"description\":\"Les trac\u00e9s publi\u00e9s sur ce site sont issus de diff\u00e9rentes cliniques v\u00e9t\u00e9rinaires de Paris et de sa banlieue durant les 10 derni\u00e8res ann\u00e9es. Les ECG r\u00e9alis\u00e9s ont \u00e9t\u00e9 r\u00e9alis\u00e9s sur des chiens et des chats qui ont tous b\u00e9n\u00e9fici\u00e9 d'une \u00e9chocardiographie.\"}]}<\/script>\n<!-- \/ Yoast SEO plugin. -->","yoast_head_json":{"title":"Tachycardie supraventriculaire r\u00e9duite - Blog d&#039;\u00e9lectrocardiographie v\u00e9t\u00e9rinaire","description":"R\u00e9duction pharmacologique d'une tachycardie supraventriculaire chez un husky, \u00e2g\u00e9 de 5 ans. L'\u00e9chocardiographie ne r\u00e9v\u00e9lait pas d'anomalies.","robots":{"index":"index","follow":"follow","max-snippet":"max-snippet:-1","max-image-preview":"max-image-preview:large","max-video-preview":"max-video-preview:-1"},"canonical":"http:\/\/vet-ecg.ddns.net\/index.php\/tachycardie-supraventriculaire-reduite\/","twitter_misc":{"Dur\u00e9e de lecture estim\u00e9e":"1 minute"},"schema":{"@context":"https:\/\/schema.org","@graph":[{"@type":"WebPage","@id":"http:\/\/vet-ecg.ddns.net\/index.php\/tachycardie-supraventriculaire-reduite\/","url":"http:\/\/vet-ecg.ddns.net\/index.php\/tachycardie-supraventriculaire-reduite\/","name":"Tachycardie supraventriculaire r\u00e9duite - Blog d&#039;\u00e9lectrocardiographie v\u00e9t\u00e9rinaire","isPartOf":{"@id":"http:\/\/vet-ecg.ddns.net\/#website"},"primaryImageOfPage":{"@id":"http:\/\/vet-ecg.ddns.net\/index.php\/tachycardie-supraventriculaire-reduite\/#primaryimage"},"image":{"@id":"http:\/\/vet-ecg.ddns.net\/index.php\/tachycardie-supraventriculaire-reduite\/#primaryimage"},"thumbnailUrl":"http:\/\/vet-ecg.ddns.net\/wp-content\/uploads\/tsv-reduite1bis-1024x771.jpg","datePublished":"2022-02-03T21:38:59+00:00","dateModified":"2022-02-03T21:39:02+00:00","description":"R\u00e9duction pharmacologique d'une tachycardie supraventriculaire chez un husky, \u00e2g\u00e9 de 5 ans. L'\u00e9chocardiographie ne r\u00e9v\u00e9lait pas d'anomalies.","breadcrumb":{"@id":"http:\/\/vet-ecg.ddns.net\/index.php\/tachycardie-supraventriculaire-reduite\/#breadcrumb"},"inLanguage":"fr-FR","potentialAction":[{"@type":"ReadAction","target":["http:\/\/vet-ecg.ddns.net\/index.php\/tachycardie-supraventriculaire-reduite\/"]}]},{"@type":"ImageObject","inLanguage":"fr-FR","@id":"http:\/\/vet-ecg.ddns.net\/index.php\/tachycardie-supraventriculaire-reduite\/#primaryimage","url":"http:\/\/vet-ecg.ddns.net\/wp-content\/uploads\/tsv-reduite1bis.jpg","contentUrl":"http:\/\/vet-ecg.ddns.net\/wp-content\/uploads\/tsv-reduite1bis.jpg","width":1729,"height":1301},{"@type":"BreadcrumbList","@id":"http:\/\/vet-ecg.ddns.net\/index.php\/tachycardie-supraventriculaire-reduite\/#breadcrumb","itemListElement":[{"@type":"ListItem","position":1,"name":"Accueil","item":"http:\/\/vet-ecg.ddns.net\/"},{"@type":"ListItem","position":2,"name":"Tachycardie supraventriculaire r\u00e9duite"}]},{"@type":"WebSite","@id":"http:\/\/vet-ecg.ddns.net\/#website","url":"http:\/\/vet-ecg.ddns.net\/","name":"Blog d&#039;\u00e9lectrocardiographie v\u00e9t\u00e9rinaire","description":"recueil d&#039;ECG de chiens et de chats","publisher":{"@id":"http:\/\/vet-ecg.ddns.net\/#\/schema\/person\/fec4070a47e235fed904fab73cae00b4"},"alternateName":"\u00e9lectrocardiographie v\u00e9t\u00e9rinaire","potentialAction":[{"@type":"SearchAction","target":{"@type":"EntryPoint","urlTemplate":"http:\/\/vet-ecg.ddns.net\/?s={search_term_string}"},"query-input":{"@type":"PropertyValueSpecification","valueRequired":true,"valueName":"search_term_string"}}],"inLanguage":"fr-FR"},{"@type":["Person","Organization"],"@id":"http:\/\/vet-ecg.ddns.net\/#\/schema\/person\/fec4070a47e235fed904fab73cae00b4","name":"admin","image":{"@type":"ImageObject","inLanguage":"fr-FR","@id":"http:\/\/vet-ecg.ddns.net\/wp-content\/uploads\/2018\/04\/Zelda-2-ECG-248.jpg","url":"http:\/\/vet-ecg.ddns.net\/wp-content\/uploads\/2018\/04\/Zelda-2-ECG-248.jpg","contentUrl":"http:\/\/vet-ecg.ddns.net\/wp-content\/uploads\/2018\/04\/Zelda-2-ECG-248.jpg","width":248,"height":248,"caption":"admin"},"logo":{"@id":"http:\/\/vet-ecg.ddns.net\/wp-content\/uploads\/2018\/04\/Zelda-2-ECG-248.jpg"},"description":"Les trac\u00e9s publi\u00e9s sur ce site sont issus de diff\u00e9rentes cliniques v\u00e9t\u00e9rinaires de Paris et de sa banlieue durant les 10 derni\u00e8res ann\u00e9es. Les ECG r\u00e9alis\u00e9s ont \u00e9t\u00e9 r\u00e9alis\u00e9s sur des chiens et des chats qui ont tous b\u00e9n\u00e9fici\u00e9 d'une \u00e9chocardiographie."}]}},"_links":{"self":[{"href":"http:\/\/vet-ecg.ddns.net\/index.php\/wp-json\/wp\/v2\/pages\/3303","targetHints":{"allow":["GET"]}}],"collection":[{"href":"http:\/\/vet-ecg.ddns.net\/index.php\/wp-json\/wp\/v2\/pages"}],"about":[{"href":"http:\/\/vet-ecg.ddns.net\/index.php\/wp-json\/wp\/v2\/types\/page"}],"author":[{"embeddable":true,"href":"http:\/\/vet-ecg.ddns.net\/index.php\/wp-json\/wp\/v2\/users\/1"}],"replies":[{"embeddable":true,"href":"http:\/\/vet-ecg.ddns.net\/index.php\/wp-json\/wp\/v2\/comments?post=3303"}],"version-history":[{"count":0,"href":"http:\/\/vet-ecg.ddns.net\/index.php\/wp-json\/wp\/v2\/pages\/3303\/revisions"}],"wp:attachment":[{"href":"http:\/\/vet-ecg.ddns.net\/index.php\/wp-json\/wp\/v2\/media?parent=3303"}],"curies":[{"name":"wp","href":"https:\/\/api.w.org\/{rel}","templated":true}]}}