{"id":3286,"date":"2021-11-24T11:51:51","date_gmt":"2021-11-24T10:51:51","guid":{"rendered":"http:\/\/vet-ecg.ddns.net\/?page_id=3286"},"modified":"2021-11-24T11:53:38","modified_gmt":"2021-11-24T10:53:38","slug":"ondes-p-et-tonus-sympathique","status":"publish","type":"page","link":"http:\/\/vet-ecg.ddns.net\/index.php\/ondes-p-et-tonus-sympathique\/","title":{"rendered":"Ondes P et tonus sympathique"},"content":{"rendered":"\n<figure class=\"wp-block-image size-large\"><img loading=\"lazy\" decoding=\"async\" width=\"1024\" height=\"726\" src=\"http:\/\/vet-ecg.ddns.net\/wp-content\/uploads\/ondes-P-adrenergiques-1024x726.jpg\" alt=\"Variation de la morphologie de l'onde P en fonction de l'\u00e9quilibre des syst\u00e8mes sympathique et vague.\" class=\"wp-image-3287\" srcset=\"http:\/\/vet-ecg.ddns.net\/wp-content\/uploads\/ondes-P-adrenergiques-1024x726.jpg 1024w, http:\/\/vet-ecg.ddns.net\/wp-content\/uploads\/ondes-P-adrenergiques-300x213.jpg 300w, http:\/\/vet-ecg.ddns.net\/wp-content\/uploads\/ondes-P-adrenergiques-768x545.jpg 768w, http:\/\/vet-ecg.ddns.net\/wp-content\/uploads\/ondes-P-adrenergiques-1536x1089.jpg 1536w, http:\/\/vet-ecg.ddns.net\/wp-content\/uploads\/ondes-P-adrenergiques-2048x1452.jpg 2048w\" sizes=\"auto, (max-width: 1024px) 100vw, 1024px\" \/><figcaption>Variation de la morphologie de l&rsquo;onde P<\/figcaption><\/figure>\n\n\n<p>On remarque sur ce trac\u00e9, une variation fr\u00e9quence d\u00e9pendante de la morphologie des ondes P.<\/p>\n<p>Ce rythme sinusal irr\u00e9gulier met en \u00e9vidence 2 groupes d&rsquo;intervalles RR: l&rsquo;un, court d&rsquo;environ 260 ms et l&rsquo;autre, long: 426 ms. Cela correspond respectivement \u00e0 des fr\u00e9quences de 135 et 85 bpm.<\/p>\n<p>Lorsque le tonus vagal s&rsquo;exprime plus que le tonus sympathique (RR longs), l&rsquo;amplitude des ondes P ne d\u00e9passe pas 2 mm (0,2 mV) et les sommets sont \u00e9mouss\u00e9s. A l&rsquo;inverse, lorsque le tonus sympathique pr\u00e9domine (RR courts), on assiste \u00e0 une acutisation des ondes P; les sommets des ondes P deviennent pointus et l&rsquo;amplitude atteint 5 mm (0,5 mV).<\/p>\n<p>Cette morphologie des ondes P, soumise \u00e0 l&rsquo;influence du syst\u00e8me sympathique, rend parfois d\u00e9licat le diagnostic d&rsquo; ondes P pulmonaires.<\/p>","protected":false},"excerpt":{"rendered":"<p>On remarque sur ce trac\u00e9, une variation fr\u00e9quence d\u00e9pendante de la morphologie des ondes P. Ce rythme sinusal irr\u00e9gulier met en \u00e9vidence 2 groupes d&rsquo;intervalles RR: l&rsquo;un, court d&rsquo;environ 260 ms et l&rsquo;autre, long: 426 ms. Cela correspond respectivement \u00e0 des fr\u00e9quences de 135 et 85 bpm. Lorsque le tonus vagal s&rsquo;exprime plus que le &hellip; <a href=\"http:\/\/vet-ecg.ddns.net\/index.php\/ondes-p-et-tonus-sympathique\/\" class=\"more-link\">Continuer la lecture de <span class=\"screen-reader-text\">Ondes P et tonus sympathique<\/span><\/a><\/p>\n","protected":false},"author":1,"featured_media":0,"parent":0,"menu_order":0,"comment_status":"closed","ping_status":"closed","template":"","meta":{"footnotes":""},"class_list":["post-3286","page","type-page","status-publish","hentry"],"yoast_head":"<!-- This site is optimized with the Yoast SEO plugin v27.4 - https:\/\/yoast.com\/product\/yoast-seo-wordpress\/ -->\n<title>Ondes P et tonus sympathique - Blog d&#039;\u00e9lectrocardiographie v\u00e9t\u00e9rinaire<\/title>\n<meta name=\"description\" content=\"La morphologie des ondes P est li\u00e9e \u00e0 l&#039;\u00e9quilibre entre le syst\u00e8me sympathique et le syst\u00e8me parasympatique.\" \/>\n<meta name=\"robots\" content=\"index, follow, max-snippet:-1, max-image-preview:large, max-video-preview:-1\" \/>\n<link rel=\"canonical\" href=\"http:\/\/vet-ecg.ddns.net\/index.php\/ondes-p-et-tonus-sympathique\/\" \/>\n<meta name=\"twitter:label1\" content=\"Dur\u00e9e de lecture estim\u00e9e\" \/>\n\t<meta name=\"twitter:data1\" content=\"1 minute\" \/>\n<script type=\"application\/ld+json\" class=\"yoast-schema-graph\">{\"@context\":\"https:\\\/\\\/schema.org\",\"@graph\":[{\"@type\":\"WebPage\",\"@id\":\"http:\\\/\\\/vet-ecg.ddns.net\\\/index.php\\\/ondes-p-et-tonus-sympathique\\\/\",\"url\":\"http:\\\/\\\/vet-ecg.ddns.net\\\/index.php\\\/ondes-p-et-tonus-sympathique\\\/\",\"name\":\"Ondes P et tonus sympathique - Blog d&#039;\u00e9lectrocardiographie v\u00e9t\u00e9rinaire\",\"isPartOf\":{\"@id\":\"http:\\\/\\\/vet-ecg.ddns.net\\\/#website\"},\"primaryImageOfPage\":{\"@id\":\"http:\\\/\\\/vet-ecg.ddns.net\\\/index.php\\\/ondes-p-et-tonus-sympathique\\\/#primaryimage\"},\"image\":{\"@id\":\"http:\\\/\\\/vet-ecg.ddns.net\\\/index.php\\\/ondes-p-et-tonus-sympathique\\\/#primaryimage\"},\"thumbnailUrl\":\"http:\\\/\\\/vet-ecg.ddns.net\\\/wp-content\\\/uploads\\\/ondes-P-adrenergiques-1024x726.jpg\",\"datePublished\":\"2021-11-24T10:51:51+00:00\",\"dateModified\":\"2021-11-24T10:53:38+00:00\",\"description\":\"La morphologie des ondes P est li\u00e9e \u00e0 l'\u00e9quilibre entre le syst\u00e8me sympathique et le syst\u00e8me parasympatique.\",\"breadcrumb\":{\"@id\":\"http:\\\/\\\/vet-ecg.ddns.net\\\/index.php\\\/ondes-p-et-tonus-sympathique\\\/#breadcrumb\"},\"inLanguage\":\"fr-FR\",\"potentialAction\":[{\"@type\":\"ReadAction\",\"target\":[\"http:\\\/\\\/vet-ecg.ddns.net\\\/index.php\\\/ondes-p-et-tonus-sympathique\\\/\"]}]},{\"@type\":\"ImageObject\",\"inLanguage\":\"fr-FR\",\"@id\":\"http:\\\/\\\/vet-ecg.ddns.net\\\/index.php\\\/ondes-p-et-tonus-sympathique\\\/#primaryimage\",\"url\":\"http:\\\/\\\/vet-ecg.ddns.net\\\/wp-content\\\/uploads\\\/ondes-P-adrenergiques-1024x726.jpg\",\"contentUrl\":\"http:\\\/\\\/vet-ecg.ddns.net\\\/wp-content\\\/uploads\\\/ondes-P-adrenergiques-1024x726.jpg\"},{\"@type\":\"BreadcrumbList\",\"@id\":\"http:\\\/\\\/vet-ecg.ddns.net\\\/index.php\\\/ondes-p-et-tonus-sympathique\\\/#breadcrumb\",\"itemListElement\":[{\"@type\":\"ListItem\",\"position\":1,\"name\":\"Accueil\",\"item\":\"http:\\\/\\\/vet-ecg.ddns.net\\\/\"},{\"@type\":\"ListItem\",\"position\":2,\"name\":\"Ondes P et tonus sympathique\"}]},{\"@type\":\"WebSite\",\"@id\":\"http:\\\/\\\/vet-ecg.ddns.net\\\/#website\",\"url\":\"http:\\\/\\\/vet-ecg.ddns.net\\\/\",\"name\":\"Blog d&#039;\u00e9lectrocardiographie v\u00e9t\u00e9rinaire\",\"description\":\"recueil d&#039;ECG de chiens et de chats\",\"publisher\":{\"@id\":\"http:\\\/\\\/vet-ecg.ddns.net\\\/#\\\/schema\\\/person\\\/fec4070a47e235fed904fab73cae00b4\"},\"alternateName\":\"\u00e9lectrocardiographie v\u00e9t\u00e9rinaire\",\"potentialAction\":[{\"@type\":\"SearchAction\",\"target\":{\"@type\":\"EntryPoint\",\"urlTemplate\":\"http:\\\/\\\/vet-ecg.ddns.net\\\/?s={search_term_string}\"},\"query-input\":{\"@type\":\"PropertyValueSpecification\",\"valueRequired\":true,\"valueName\":\"search_term_string\"}}],\"inLanguage\":\"fr-FR\"},{\"@type\":[\"Person\",\"Organization\"],\"@id\":\"http:\\\/\\\/vet-ecg.ddns.net\\\/#\\\/schema\\\/person\\\/fec4070a47e235fed904fab73cae00b4\",\"name\":\"admin\",\"image\":{\"@type\":\"ImageObject\",\"inLanguage\":\"fr-FR\",\"@id\":\"http:\\\/\\\/vet-ecg.ddns.net\\\/wp-content\\\/uploads\\\/2018\\\/04\\\/Zelda-2-ECG-248.jpg\",\"url\":\"http:\\\/\\\/vet-ecg.ddns.net\\\/wp-content\\\/uploads\\\/2018\\\/04\\\/Zelda-2-ECG-248.jpg\",\"contentUrl\":\"http:\\\/\\\/vet-ecg.ddns.net\\\/wp-content\\\/uploads\\\/2018\\\/04\\\/Zelda-2-ECG-248.jpg\",\"width\":248,\"height\":248,\"caption\":\"admin\"},\"logo\":{\"@id\":\"http:\\\/\\\/vet-ecg.ddns.net\\\/wp-content\\\/uploads\\\/2018\\\/04\\\/Zelda-2-ECG-248.jpg\"},\"description\":\"Les trac\u00e9s publi\u00e9s sur ce site sont issus de diff\u00e9rentes cliniques v\u00e9t\u00e9rinaires de Paris et de sa banlieue durant les 10 derni\u00e8res ann\u00e9es. Les ECG r\u00e9alis\u00e9s ont \u00e9t\u00e9 r\u00e9alis\u00e9s sur des chiens et des chats qui ont tous b\u00e9n\u00e9fici\u00e9 d'une \u00e9chocardiographie.\"}]}<\/script>\n<!-- \/ Yoast SEO plugin. -->","yoast_head_json":{"title":"Ondes P et tonus sympathique - Blog d&#039;\u00e9lectrocardiographie v\u00e9t\u00e9rinaire","description":"La morphologie des ondes P est li\u00e9e \u00e0 l'\u00e9quilibre entre le syst\u00e8me sympathique et le syst\u00e8me parasympatique.","robots":{"index":"index","follow":"follow","max-snippet":"max-snippet:-1","max-image-preview":"max-image-preview:large","max-video-preview":"max-video-preview:-1"},"canonical":"http:\/\/vet-ecg.ddns.net\/index.php\/ondes-p-et-tonus-sympathique\/","twitter_misc":{"Dur\u00e9e de lecture estim\u00e9e":"1 minute"},"schema":{"@context":"https:\/\/schema.org","@graph":[{"@type":"WebPage","@id":"http:\/\/vet-ecg.ddns.net\/index.php\/ondes-p-et-tonus-sympathique\/","url":"http:\/\/vet-ecg.ddns.net\/index.php\/ondes-p-et-tonus-sympathique\/","name":"Ondes P et tonus sympathique - Blog d&#039;\u00e9lectrocardiographie v\u00e9t\u00e9rinaire","isPartOf":{"@id":"http:\/\/vet-ecg.ddns.net\/#website"},"primaryImageOfPage":{"@id":"http:\/\/vet-ecg.ddns.net\/index.php\/ondes-p-et-tonus-sympathique\/#primaryimage"},"image":{"@id":"http:\/\/vet-ecg.ddns.net\/index.php\/ondes-p-et-tonus-sympathique\/#primaryimage"},"thumbnailUrl":"http:\/\/vet-ecg.ddns.net\/wp-content\/uploads\/ondes-P-adrenergiques-1024x726.jpg","datePublished":"2021-11-24T10:51:51+00:00","dateModified":"2021-11-24T10:53:38+00:00","description":"La morphologie des ondes P est li\u00e9e \u00e0 l'\u00e9quilibre entre le syst\u00e8me sympathique et le syst\u00e8me parasympatique.","breadcrumb":{"@id":"http:\/\/vet-ecg.ddns.net\/index.php\/ondes-p-et-tonus-sympathique\/#breadcrumb"},"inLanguage":"fr-FR","potentialAction":[{"@type":"ReadAction","target":["http:\/\/vet-ecg.ddns.net\/index.php\/ondes-p-et-tonus-sympathique\/"]}]},{"@type":"ImageObject","inLanguage":"fr-FR","@id":"http:\/\/vet-ecg.ddns.net\/index.php\/ondes-p-et-tonus-sympathique\/#primaryimage","url":"http:\/\/vet-ecg.ddns.net\/wp-content\/uploads\/ondes-P-adrenergiques-1024x726.jpg","contentUrl":"http:\/\/vet-ecg.ddns.net\/wp-content\/uploads\/ondes-P-adrenergiques-1024x726.jpg"},{"@type":"BreadcrumbList","@id":"http:\/\/vet-ecg.ddns.net\/index.php\/ondes-p-et-tonus-sympathique\/#breadcrumb","itemListElement":[{"@type":"ListItem","position":1,"name":"Accueil","item":"http:\/\/vet-ecg.ddns.net\/"},{"@type":"ListItem","position":2,"name":"Ondes P et tonus sympathique"}]},{"@type":"WebSite","@id":"http:\/\/vet-ecg.ddns.net\/#website","url":"http:\/\/vet-ecg.ddns.net\/","name":"Blog d&#039;\u00e9lectrocardiographie v\u00e9t\u00e9rinaire","description":"recueil d&#039;ECG de chiens et de chats","publisher":{"@id":"http:\/\/vet-ecg.ddns.net\/#\/schema\/person\/fec4070a47e235fed904fab73cae00b4"},"alternateName":"\u00e9lectrocardiographie v\u00e9t\u00e9rinaire","potentialAction":[{"@type":"SearchAction","target":{"@type":"EntryPoint","urlTemplate":"http:\/\/vet-ecg.ddns.net\/?s={search_term_string}"},"query-input":{"@type":"PropertyValueSpecification","valueRequired":true,"valueName":"search_term_string"}}],"inLanguage":"fr-FR"},{"@type":["Person","Organization"],"@id":"http:\/\/vet-ecg.ddns.net\/#\/schema\/person\/fec4070a47e235fed904fab73cae00b4","name":"admin","image":{"@type":"ImageObject","inLanguage":"fr-FR","@id":"http:\/\/vet-ecg.ddns.net\/wp-content\/uploads\/2018\/04\/Zelda-2-ECG-248.jpg","url":"http:\/\/vet-ecg.ddns.net\/wp-content\/uploads\/2018\/04\/Zelda-2-ECG-248.jpg","contentUrl":"http:\/\/vet-ecg.ddns.net\/wp-content\/uploads\/2018\/04\/Zelda-2-ECG-248.jpg","width":248,"height":248,"caption":"admin"},"logo":{"@id":"http:\/\/vet-ecg.ddns.net\/wp-content\/uploads\/2018\/04\/Zelda-2-ECG-248.jpg"},"description":"Les trac\u00e9s publi\u00e9s sur ce site sont issus de diff\u00e9rentes cliniques v\u00e9t\u00e9rinaires de Paris et de sa banlieue durant les 10 derni\u00e8res ann\u00e9es. Les ECG r\u00e9alis\u00e9s ont \u00e9t\u00e9 r\u00e9alis\u00e9s sur des chiens et des chats qui ont tous b\u00e9n\u00e9fici\u00e9 d'une \u00e9chocardiographie."}]}},"_links":{"self":[{"href":"http:\/\/vet-ecg.ddns.net\/index.php\/wp-json\/wp\/v2\/pages\/3286","targetHints":{"allow":["GET"]}}],"collection":[{"href":"http:\/\/vet-ecg.ddns.net\/index.php\/wp-json\/wp\/v2\/pages"}],"about":[{"href":"http:\/\/vet-ecg.ddns.net\/index.php\/wp-json\/wp\/v2\/types\/page"}],"author":[{"embeddable":true,"href":"http:\/\/vet-ecg.ddns.net\/index.php\/wp-json\/wp\/v2\/users\/1"}],"replies":[{"embeddable":true,"href":"http:\/\/vet-ecg.ddns.net\/index.php\/wp-json\/wp\/v2\/comments?post=3286"}],"version-history":[{"count":0,"href":"http:\/\/vet-ecg.ddns.net\/index.php\/wp-json\/wp\/v2\/pages\/3286\/revisions"}],"wp:attachment":[{"href":"http:\/\/vet-ecg.ddns.net\/index.php\/wp-json\/wp\/v2\/media?parent=3286"}],"curies":[{"name":"wp","href":"https:\/\/api.w.org\/{rel}","templated":true}]}}