{"id":3280,"date":"2021-11-23T13:00:56","date_gmt":"2021-11-23T12:00:56","guid":{"rendered":"http:\/\/vet-ecg.ddns.net\/?page_id=3280"},"modified":"2021-11-28T09:58:28","modified_gmt":"2021-11-28T08:58:28","slug":"tachycardie-supraventriculaire-2","status":"publish","type":"page","link":"http:\/\/vet-ecg.ddns.net\/index.php\/tachycardie-supraventriculaire-2\/","title":{"rendered":"Tachycardie supraventriculaire"},"content":{"rendered":"\n<figure class=\"wp-block-image size-large\"><img loading=\"lazy\" decoding=\"async\" width=\"1024\" height=\"718\" src=\"http:\/\/vet-ecg.ddns.net\/wp-content\/uploads\/TSV-akita-1024x718.jpg\" alt=\"Tachycardie supraventriculaire tr\u00e8s rapide sur un chien de race akita \u00e2g\u00e9 de 2 ans\" class=\"wp-image-3281\" srcset=\"http:\/\/vet-ecg.ddns.net\/wp-content\/uploads\/TSV-akita-1024x718.jpg 1024w, http:\/\/vet-ecg.ddns.net\/wp-content\/uploads\/TSV-akita-300x210.jpg 300w, http:\/\/vet-ecg.ddns.net\/wp-content\/uploads\/TSV-akita-768x539.jpg 768w, http:\/\/vet-ecg.ddns.net\/wp-content\/uploads\/TSV-akita-1536x1077.jpg 1536w, http:\/\/vet-ecg.ddns.net\/wp-content\/uploads\/TSV-akita-2048x1436.jpg 2048w\" sizes=\"auto, (max-width: 1024px) 100vw, 1024px\" \/><figcaption>Tachycardie supraventriculaire \u00e0 265 bpm chez un akita de 2 ans<\/figcaption><\/figure>\n\n\n<p>Ce jeune akita de 27 kg est pr\u00e9sent\u00e9 pour vomissements et faiblesse.<\/p>\n<p>Aucun souffle n&rsquo;est audible et l&rsquo;animal est tr\u00e8s abattu.<\/p>\n<p>Sur ce trac\u00e9, les QRS sont fins mais l&rsquo;intervalle RR est particuli\u00e8rement court (225 ms, soit environ 265 bpm).<\/p>\n<p>Il n&rsquo;est pas possible d&rsquo;individualiser des ondes P ce qui ne permet pas de distinguer une tachycardie atriale d&rsquo;une tachycardie jonctionnelle.<\/p>\n<p>Le traitement instaur\u00e9 permet de restaurer un rythme sinusal \u00e0 130 bpm (image ci-dessous)<\/p>\n\n\n<figure class=\"wp-block-image size-large\"><img loading=\"lazy\" decoding=\"async\" width=\"1024\" height=\"769\" src=\"http:\/\/vet-ecg.ddns.net\/wp-content\/uploads\/TSV-vs-sinusal-akita-1024x769.jpg\" alt=\"\" class=\"wp-image-3282\" srcset=\"http:\/\/vet-ecg.ddns.net\/wp-content\/uploads\/TSV-vs-sinusal-akita-1024x769.jpg 1024w, http:\/\/vet-ecg.ddns.net\/wp-content\/uploads\/TSV-vs-sinusal-akita-300x225.jpg 300w, http:\/\/vet-ecg.ddns.net\/wp-content\/uploads\/TSV-vs-sinusal-akita-768x577.jpg 768w, http:\/\/vet-ecg.ddns.net\/wp-content\/uploads\/TSV-vs-sinusal-akita-1536x1153.jpg 1536w, http:\/\/vet-ecg.ddns.net\/wp-content\/uploads\/TSV-vs-sinusal-akita-2048x1538.jpg 2048w\" sizes=\"auto, (max-width: 1024px) 100vw, 1024px\" \/><\/figure>\n","protected":false},"excerpt":{"rendered":"<p>Ce jeune akita de 27 kg est pr\u00e9sent\u00e9 pour vomissements et faiblesse. Aucun souffle n&rsquo;est audible et l&rsquo;animal est tr\u00e8s abattu. Sur ce trac\u00e9, les QRS sont fins mais l&rsquo;intervalle RR est particuli\u00e8rement court (225 ms, soit environ 265 bpm). Il n&rsquo;est pas possible d&rsquo;individualiser des ondes P ce qui ne permet pas de distinguer &hellip; <a href=\"http:\/\/vet-ecg.ddns.net\/index.php\/tachycardie-supraventriculaire-2\/\" class=\"more-link\">Continuer la lecture de <span class=\"screen-reader-text\">Tachycardie supraventriculaire<\/span><\/a><\/p>\n","protected":false},"author":1,"featured_media":0,"parent":0,"menu_order":0,"comment_status":"closed","ping_status":"closed","template":"","meta":{"footnotes":""},"class_list":["post-3280","page","type-page","status-publish","hentry"],"yoast_head":"<!-- This site is optimized with the Yoast SEO plugin v27.4 - https:\/\/yoast.com\/product\/yoast-seo-wordpress\/ -->\n<title>Tachycardie supraventriculaire - Blog d&#039;\u00e9lectrocardiographie v\u00e9t\u00e9rinaire<\/title>\n<meta name=\"description\" content=\"Ce jeune chien de race akita, \u00e2g\u00e9 de 2 ans (27 kg) pr\u00e9sente une tachycardie supraventriculaire (QRS fins) sans ondes P visibles.\" \/>\n<meta name=\"robots\" content=\"index, follow, max-snippet:-1, max-image-preview:large, max-video-preview:-1\" \/>\n<link rel=\"canonical\" href=\"http:\/\/vet-ecg.ddns.net\/index.php\/tachycardie-supraventriculaire-2\/\" \/>\n<meta name=\"twitter:label1\" content=\"Dur\u00e9e de lecture estim\u00e9e\" \/>\n\t<meta name=\"twitter:data1\" content=\"1 minute\" \/>\n<script type=\"application\/ld+json\" class=\"yoast-schema-graph\">{\"@context\":\"https:\\\/\\\/schema.org\",\"@graph\":[{\"@type\":\"WebPage\",\"@id\":\"http:\\\/\\\/vet-ecg.ddns.net\\\/index.php\\\/tachycardie-supraventriculaire-2\\\/\",\"url\":\"http:\\\/\\\/vet-ecg.ddns.net\\\/index.php\\\/tachycardie-supraventriculaire-2\\\/\",\"name\":\"Tachycardie supraventriculaire - Blog d&#039;\u00e9lectrocardiographie v\u00e9t\u00e9rinaire\",\"isPartOf\":{\"@id\":\"http:\\\/\\\/vet-ecg.ddns.net\\\/#website\"},\"primaryImageOfPage\":{\"@id\":\"http:\\\/\\\/vet-ecg.ddns.net\\\/index.php\\\/tachycardie-supraventriculaire-2\\\/#primaryimage\"},\"image\":{\"@id\":\"http:\\\/\\\/vet-ecg.ddns.net\\\/index.php\\\/tachycardie-supraventriculaire-2\\\/#primaryimage\"},\"thumbnailUrl\":\"http:\\\/\\\/vet-ecg.ddns.net\\\/wp-content\\\/uploads\\\/TSV-akita-1024x718.jpg\",\"datePublished\":\"2021-11-23T12:00:56+00:00\",\"dateModified\":\"2021-11-28T08:58:28+00:00\",\"description\":\"Ce jeune chien de race akita, \u00e2g\u00e9 de 2 ans (27 kg) pr\u00e9sente une tachycardie supraventriculaire (QRS fins) sans ondes P visibles.\",\"breadcrumb\":{\"@id\":\"http:\\\/\\\/vet-ecg.ddns.net\\\/index.php\\\/tachycardie-supraventriculaire-2\\\/#breadcrumb\"},\"inLanguage\":\"fr-FR\",\"potentialAction\":[{\"@type\":\"ReadAction\",\"target\":[\"http:\\\/\\\/vet-ecg.ddns.net\\\/index.php\\\/tachycardie-supraventriculaire-2\\\/\"]}]},{\"@type\":\"ImageObject\",\"inLanguage\":\"fr-FR\",\"@id\":\"http:\\\/\\\/vet-ecg.ddns.net\\\/index.php\\\/tachycardie-supraventriculaire-2\\\/#primaryimage\",\"url\":\"http:\\\/\\\/vet-ecg.ddns.net\\\/wp-content\\\/uploads\\\/TSV-akita-1024x718.jpg\",\"contentUrl\":\"http:\\\/\\\/vet-ecg.ddns.net\\\/wp-content\\\/uploads\\\/TSV-akita-1024x718.jpg\"},{\"@type\":\"BreadcrumbList\",\"@id\":\"http:\\\/\\\/vet-ecg.ddns.net\\\/index.php\\\/tachycardie-supraventriculaire-2\\\/#breadcrumb\",\"itemListElement\":[{\"@type\":\"ListItem\",\"position\":1,\"name\":\"Accueil\",\"item\":\"http:\\\/\\\/vet-ecg.ddns.net\\\/\"},{\"@type\":\"ListItem\",\"position\":2,\"name\":\"Tachycardie supraventriculaire\"}]},{\"@type\":\"WebSite\",\"@id\":\"http:\\\/\\\/vet-ecg.ddns.net\\\/#website\",\"url\":\"http:\\\/\\\/vet-ecg.ddns.net\\\/\",\"name\":\"Blog d&#039;\u00e9lectrocardiographie v\u00e9t\u00e9rinaire\",\"description\":\"recueil d&#039;ECG de chiens et de chats\",\"publisher\":{\"@id\":\"http:\\\/\\\/vet-ecg.ddns.net\\\/#\\\/schema\\\/person\\\/fec4070a47e235fed904fab73cae00b4\"},\"alternateName\":\"\u00e9lectrocardiographie v\u00e9t\u00e9rinaire\",\"potentialAction\":[{\"@type\":\"SearchAction\",\"target\":{\"@type\":\"EntryPoint\",\"urlTemplate\":\"http:\\\/\\\/vet-ecg.ddns.net\\\/?s={search_term_string}\"},\"query-input\":{\"@type\":\"PropertyValueSpecification\",\"valueRequired\":true,\"valueName\":\"search_term_string\"}}],\"inLanguage\":\"fr-FR\"},{\"@type\":[\"Person\",\"Organization\"],\"@id\":\"http:\\\/\\\/vet-ecg.ddns.net\\\/#\\\/schema\\\/person\\\/fec4070a47e235fed904fab73cae00b4\",\"name\":\"admin\",\"image\":{\"@type\":\"ImageObject\",\"inLanguage\":\"fr-FR\",\"@id\":\"http:\\\/\\\/vet-ecg.ddns.net\\\/wp-content\\\/uploads\\\/2018\\\/04\\\/Zelda-2-ECG-248.jpg\",\"url\":\"http:\\\/\\\/vet-ecg.ddns.net\\\/wp-content\\\/uploads\\\/2018\\\/04\\\/Zelda-2-ECG-248.jpg\",\"contentUrl\":\"http:\\\/\\\/vet-ecg.ddns.net\\\/wp-content\\\/uploads\\\/2018\\\/04\\\/Zelda-2-ECG-248.jpg\",\"width\":248,\"height\":248,\"caption\":\"admin\"},\"logo\":{\"@id\":\"http:\\\/\\\/vet-ecg.ddns.net\\\/wp-content\\\/uploads\\\/2018\\\/04\\\/Zelda-2-ECG-248.jpg\"},\"description\":\"Les trac\u00e9s publi\u00e9s sur ce site sont issus de diff\u00e9rentes cliniques v\u00e9t\u00e9rinaires de Paris et de sa banlieue durant les 10 derni\u00e8res ann\u00e9es. Les ECG r\u00e9alis\u00e9s ont \u00e9t\u00e9 r\u00e9alis\u00e9s sur des chiens et des chats qui ont tous b\u00e9n\u00e9fici\u00e9 d'une \u00e9chocardiographie.\"}]}<\/script>\n<!-- \/ Yoast SEO plugin. -->","yoast_head_json":{"title":"Tachycardie supraventriculaire - Blog d&#039;\u00e9lectrocardiographie v\u00e9t\u00e9rinaire","description":"Ce jeune chien de race akita, \u00e2g\u00e9 de 2 ans (27 kg) pr\u00e9sente une tachycardie supraventriculaire (QRS fins) sans ondes P visibles.","robots":{"index":"index","follow":"follow","max-snippet":"max-snippet:-1","max-image-preview":"max-image-preview:large","max-video-preview":"max-video-preview:-1"},"canonical":"http:\/\/vet-ecg.ddns.net\/index.php\/tachycardie-supraventriculaire-2\/","twitter_misc":{"Dur\u00e9e de lecture estim\u00e9e":"1 minute"},"schema":{"@context":"https:\/\/schema.org","@graph":[{"@type":"WebPage","@id":"http:\/\/vet-ecg.ddns.net\/index.php\/tachycardie-supraventriculaire-2\/","url":"http:\/\/vet-ecg.ddns.net\/index.php\/tachycardie-supraventriculaire-2\/","name":"Tachycardie supraventriculaire - Blog d&#039;\u00e9lectrocardiographie v\u00e9t\u00e9rinaire","isPartOf":{"@id":"http:\/\/vet-ecg.ddns.net\/#website"},"primaryImageOfPage":{"@id":"http:\/\/vet-ecg.ddns.net\/index.php\/tachycardie-supraventriculaire-2\/#primaryimage"},"image":{"@id":"http:\/\/vet-ecg.ddns.net\/index.php\/tachycardie-supraventriculaire-2\/#primaryimage"},"thumbnailUrl":"http:\/\/vet-ecg.ddns.net\/wp-content\/uploads\/TSV-akita-1024x718.jpg","datePublished":"2021-11-23T12:00:56+00:00","dateModified":"2021-11-28T08:58:28+00:00","description":"Ce jeune chien de race akita, \u00e2g\u00e9 de 2 ans (27 kg) pr\u00e9sente une tachycardie supraventriculaire (QRS fins) sans ondes P visibles.","breadcrumb":{"@id":"http:\/\/vet-ecg.ddns.net\/index.php\/tachycardie-supraventriculaire-2\/#breadcrumb"},"inLanguage":"fr-FR","potentialAction":[{"@type":"ReadAction","target":["http:\/\/vet-ecg.ddns.net\/index.php\/tachycardie-supraventriculaire-2\/"]}]},{"@type":"ImageObject","inLanguage":"fr-FR","@id":"http:\/\/vet-ecg.ddns.net\/index.php\/tachycardie-supraventriculaire-2\/#primaryimage","url":"http:\/\/vet-ecg.ddns.net\/wp-content\/uploads\/TSV-akita-1024x718.jpg","contentUrl":"http:\/\/vet-ecg.ddns.net\/wp-content\/uploads\/TSV-akita-1024x718.jpg"},{"@type":"BreadcrumbList","@id":"http:\/\/vet-ecg.ddns.net\/index.php\/tachycardie-supraventriculaire-2\/#breadcrumb","itemListElement":[{"@type":"ListItem","position":1,"name":"Accueil","item":"http:\/\/vet-ecg.ddns.net\/"},{"@type":"ListItem","position":2,"name":"Tachycardie supraventriculaire"}]},{"@type":"WebSite","@id":"http:\/\/vet-ecg.ddns.net\/#website","url":"http:\/\/vet-ecg.ddns.net\/","name":"Blog d&#039;\u00e9lectrocardiographie v\u00e9t\u00e9rinaire","description":"recueil d&#039;ECG de chiens et de chats","publisher":{"@id":"http:\/\/vet-ecg.ddns.net\/#\/schema\/person\/fec4070a47e235fed904fab73cae00b4"},"alternateName":"\u00e9lectrocardiographie v\u00e9t\u00e9rinaire","potentialAction":[{"@type":"SearchAction","target":{"@type":"EntryPoint","urlTemplate":"http:\/\/vet-ecg.ddns.net\/?s={search_term_string}"},"query-input":{"@type":"PropertyValueSpecification","valueRequired":true,"valueName":"search_term_string"}}],"inLanguage":"fr-FR"},{"@type":["Person","Organization"],"@id":"http:\/\/vet-ecg.ddns.net\/#\/schema\/person\/fec4070a47e235fed904fab73cae00b4","name":"admin","image":{"@type":"ImageObject","inLanguage":"fr-FR","@id":"http:\/\/vet-ecg.ddns.net\/wp-content\/uploads\/2018\/04\/Zelda-2-ECG-248.jpg","url":"http:\/\/vet-ecg.ddns.net\/wp-content\/uploads\/2018\/04\/Zelda-2-ECG-248.jpg","contentUrl":"http:\/\/vet-ecg.ddns.net\/wp-content\/uploads\/2018\/04\/Zelda-2-ECG-248.jpg","width":248,"height":248,"caption":"admin"},"logo":{"@id":"http:\/\/vet-ecg.ddns.net\/wp-content\/uploads\/2018\/04\/Zelda-2-ECG-248.jpg"},"description":"Les trac\u00e9s publi\u00e9s sur ce site sont issus de diff\u00e9rentes cliniques v\u00e9t\u00e9rinaires de Paris et de sa banlieue durant les 10 derni\u00e8res ann\u00e9es. Les ECG r\u00e9alis\u00e9s ont \u00e9t\u00e9 r\u00e9alis\u00e9s sur des chiens et des chats qui ont tous b\u00e9n\u00e9fici\u00e9 d'une \u00e9chocardiographie."}]}},"_links":{"self":[{"href":"http:\/\/vet-ecg.ddns.net\/index.php\/wp-json\/wp\/v2\/pages\/3280","targetHints":{"allow":["GET"]}}],"collection":[{"href":"http:\/\/vet-ecg.ddns.net\/index.php\/wp-json\/wp\/v2\/pages"}],"about":[{"href":"http:\/\/vet-ecg.ddns.net\/index.php\/wp-json\/wp\/v2\/types\/page"}],"author":[{"embeddable":true,"href":"http:\/\/vet-ecg.ddns.net\/index.php\/wp-json\/wp\/v2\/users\/1"}],"replies":[{"embeddable":true,"href":"http:\/\/vet-ecg.ddns.net\/index.php\/wp-json\/wp\/v2\/comments?post=3280"}],"version-history":[{"count":0,"href":"http:\/\/vet-ecg.ddns.net\/index.php\/wp-json\/wp\/v2\/pages\/3280\/revisions"}],"wp:attachment":[{"href":"http:\/\/vet-ecg.ddns.net\/index.php\/wp-json\/wp\/v2\/media?parent=3280"}],"curies":[{"name":"wp","href":"https:\/\/api.w.org\/{rel}","templated":true}]}}