{"id":3274,"date":"2021-11-16T12:49:40","date_gmt":"2021-11-16T11:49:40","guid":{"rendered":"http:\/\/vet-ecg.ddns.net\/?page_id=3274"},"modified":"2021-11-16T13:39:29","modified_gmt":"2021-11-16T12:39:29","slug":"extrasystoles-atriales-chez-un-chat","status":"publish","type":"page","link":"http:\/\/vet-ecg.ddns.net\/index.php\/extrasystoles-atriales-chez-un-chat\/","title":{"rendered":"Extrasystoles atriales chez un chat"},"content":{"rendered":"\n<figure class=\"wp-block-image size-large\"><img loading=\"lazy\" decoding=\"async\" width=\"1024\" height=\"617\" src=\"http:\/\/vet-ecg.ddns.net\/wp-content\/uploads\/ESA-chat-1024x617.jpg\" alt=\"Nombreuses extrasystoles atriales chez un chat exempt de cardiomyopathie\" class=\"wp-image-3275\" srcset=\"http:\/\/vet-ecg.ddns.net\/wp-content\/uploads\/ESA-chat-1024x617.jpg 1024w, http:\/\/vet-ecg.ddns.net\/wp-content\/uploads\/ESA-chat-300x181.jpg 300w, http:\/\/vet-ecg.ddns.net\/wp-content\/uploads\/ESA-chat-768x462.jpg 768w, http:\/\/vet-ecg.ddns.net\/wp-content\/uploads\/ESA-chat-1536x925.jpg 1536w, http:\/\/vet-ecg.ddns.net\/wp-content\/uploads\/ESA-chat-2048x1233.jpg 2048w\" sizes=\"auto, (max-width: 1024px) 100vw, 1024px\" \/><figcaption>Nombreuses extrasystoles atriales<\/figcaption><\/figure>\n\n\n<p>D\u00e9couvertes lors d&rsquo;une consultation vaccinale, de nombreuses extrasytsoles atriales (ESA: croix rouges) sont enregistr\u00e9es lors de l&rsquo;\u00e9lectrocardiogramme.<\/p>\n<p>Ici les ESA sont caract\u00e9ris\u00e9es par des QRS fins, une amplitude diff\u00e9rente de celle des systoles sinusales, une onde P n\u00e9gative et un repos compensateur.<\/p>\n<p>L&rsquo;\u00e9chocardiographie n&rsquo;a mis aucune anomalie en \u00e9vidence.<\/p>","protected":false},"excerpt":{"rendered":"<p>D\u00e9couvertes lors d&rsquo;une consultation vaccinale, de nombreuses extrasytsoles atriales (ESA: croix rouges) sont enregistr\u00e9es lors de l&rsquo;\u00e9lectrocardiogramme. Ici les ESA sont caract\u00e9ris\u00e9es par des QRS fins, une amplitude diff\u00e9rente de celle des systoles sinusales, une onde P n\u00e9gative et un repos compensateur. L&rsquo;\u00e9chocardiographie n&rsquo;a mis aucune anomalie en \u00e9vidence.<\/p>\n","protected":false},"author":1,"featured_media":0,"parent":0,"menu_order":0,"comment_status":"closed","ping_status":"closed","template":"","meta":{"footnotes":""},"class_list":["post-3274","page","type-page","status-publish","hentry"],"yoast_head":"<!-- This site is optimized with the Yoast SEO plugin v27.4 - https:\/\/yoast.com\/product\/yoast-seo-wordpress\/ -->\n<title>Extrasystoles atriales chez un chat - Blog d&#039;\u00e9lectrocardiographie v\u00e9t\u00e9rinaire<\/title>\n<meta name=\"description\" content=\"DE nombreuses extrasystoles atriales (&gt;100 \/ mn) sont enregistr\u00e9es chez un chat exempt de cardiomyopathie.\" \/>\n<meta name=\"robots\" content=\"index, follow, max-snippet:-1, max-image-preview:large, max-video-preview:-1\" \/>\n<link rel=\"canonical\" href=\"http:\/\/vet-ecg.ddns.net\/index.php\/extrasystoles-atriales-chez-un-chat\/\" \/>\n<meta name=\"twitter:label1\" content=\"Dur\u00e9e de lecture estim\u00e9e\" \/>\n\t<meta name=\"twitter:data1\" content=\"1 minute\" \/>\n<script type=\"application\/ld+json\" class=\"yoast-schema-graph\">{\"@context\":\"https:\\\/\\\/schema.org\",\"@graph\":[{\"@type\":\"WebPage\",\"@id\":\"http:\\\/\\\/vet-ecg.ddns.net\\\/index.php\\\/extrasystoles-atriales-chez-un-chat\\\/\",\"url\":\"http:\\\/\\\/vet-ecg.ddns.net\\\/index.php\\\/extrasystoles-atriales-chez-un-chat\\\/\",\"name\":\"Extrasystoles atriales chez un chat - Blog d&#039;\u00e9lectrocardiographie v\u00e9t\u00e9rinaire\",\"isPartOf\":{\"@id\":\"http:\\\/\\\/vet-ecg.ddns.net\\\/#website\"},\"primaryImageOfPage\":{\"@id\":\"http:\\\/\\\/vet-ecg.ddns.net\\\/index.php\\\/extrasystoles-atriales-chez-un-chat\\\/#primaryimage\"},\"image\":{\"@id\":\"http:\\\/\\\/vet-ecg.ddns.net\\\/index.php\\\/extrasystoles-atriales-chez-un-chat\\\/#primaryimage\"},\"thumbnailUrl\":\"http:\\\/\\\/vet-ecg.ddns.net\\\/wp-content\\\/uploads\\\/ESA-chat-1024x617.jpg\",\"datePublished\":\"2021-11-16T11:49:40+00:00\",\"dateModified\":\"2021-11-16T12:39:29+00:00\",\"description\":\"DE nombreuses extrasystoles atriales (>100 \\\/ mn) sont enregistr\u00e9es chez un chat exempt de cardiomyopathie.\",\"breadcrumb\":{\"@id\":\"http:\\\/\\\/vet-ecg.ddns.net\\\/index.php\\\/extrasystoles-atriales-chez-un-chat\\\/#breadcrumb\"},\"inLanguage\":\"fr-FR\",\"potentialAction\":[{\"@type\":\"ReadAction\",\"target\":[\"http:\\\/\\\/vet-ecg.ddns.net\\\/index.php\\\/extrasystoles-atriales-chez-un-chat\\\/\"]}]},{\"@type\":\"ImageObject\",\"inLanguage\":\"fr-FR\",\"@id\":\"http:\\\/\\\/vet-ecg.ddns.net\\\/index.php\\\/extrasystoles-atriales-chez-un-chat\\\/#primaryimage\",\"url\":\"http:\\\/\\\/vet-ecg.ddns.net\\\/wp-content\\\/uploads\\\/ESA-chat-1024x617.jpg\",\"contentUrl\":\"http:\\\/\\\/vet-ecg.ddns.net\\\/wp-content\\\/uploads\\\/ESA-chat-1024x617.jpg\"},{\"@type\":\"BreadcrumbList\",\"@id\":\"http:\\\/\\\/vet-ecg.ddns.net\\\/index.php\\\/extrasystoles-atriales-chez-un-chat\\\/#breadcrumb\",\"itemListElement\":[{\"@type\":\"ListItem\",\"position\":1,\"name\":\"Accueil\",\"item\":\"http:\\\/\\\/vet-ecg.ddns.net\\\/\"},{\"@type\":\"ListItem\",\"position\":2,\"name\":\"Extrasystoles atriales chez un chat\"}]},{\"@type\":\"WebSite\",\"@id\":\"http:\\\/\\\/vet-ecg.ddns.net\\\/#website\",\"url\":\"http:\\\/\\\/vet-ecg.ddns.net\\\/\",\"name\":\"Blog d&#039;\u00e9lectrocardiographie v\u00e9t\u00e9rinaire\",\"description\":\"recueil d&#039;ECG de chiens et de chats\",\"publisher\":{\"@id\":\"http:\\\/\\\/vet-ecg.ddns.net\\\/#\\\/schema\\\/person\\\/fec4070a47e235fed904fab73cae00b4\"},\"alternateName\":\"\u00e9lectrocardiographie v\u00e9t\u00e9rinaire\",\"potentialAction\":[{\"@type\":\"SearchAction\",\"target\":{\"@type\":\"EntryPoint\",\"urlTemplate\":\"http:\\\/\\\/vet-ecg.ddns.net\\\/?s={search_term_string}\"},\"query-input\":{\"@type\":\"PropertyValueSpecification\",\"valueRequired\":true,\"valueName\":\"search_term_string\"}}],\"inLanguage\":\"fr-FR\"},{\"@type\":[\"Person\",\"Organization\"],\"@id\":\"http:\\\/\\\/vet-ecg.ddns.net\\\/#\\\/schema\\\/person\\\/fec4070a47e235fed904fab73cae00b4\",\"name\":\"admin\",\"image\":{\"@type\":\"ImageObject\",\"inLanguage\":\"fr-FR\",\"@id\":\"http:\\\/\\\/vet-ecg.ddns.net\\\/wp-content\\\/uploads\\\/2018\\\/04\\\/Zelda-2-ECG-248.jpg\",\"url\":\"http:\\\/\\\/vet-ecg.ddns.net\\\/wp-content\\\/uploads\\\/2018\\\/04\\\/Zelda-2-ECG-248.jpg\",\"contentUrl\":\"http:\\\/\\\/vet-ecg.ddns.net\\\/wp-content\\\/uploads\\\/2018\\\/04\\\/Zelda-2-ECG-248.jpg\",\"width\":248,\"height\":248,\"caption\":\"admin\"},\"logo\":{\"@id\":\"http:\\\/\\\/vet-ecg.ddns.net\\\/wp-content\\\/uploads\\\/2018\\\/04\\\/Zelda-2-ECG-248.jpg\"},\"description\":\"Les trac\u00e9s publi\u00e9s sur ce site sont issus de diff\u00e9rentes cliniques v\u00e9t\u00e9rinaires de Paris et de sa banlieue durant les 10 derni\u00e8res ann\u00e9es. Les ECG r\u00e9alis\u00e9s ont \u00e9t\u00e9 r\u00e9alis\u00e9s sur des chiens et des chats qui ont tous b\u00e9n\u00e9fici\u00e9 d'une \u00e9chocardiographie.\"}]}<\/script>\n<!-- \/ Yoast SEO plugin. -->","yoast_head_json":{"title":"Extrasystoles atriales chez un chat - Blog d&#039;\u00e9lectrocardiographie v\u00e9t\u00e9rinaire","description":"DE nombreuses extrasystoles atriales (>100 \/ mn) sont enregistr\u00e9es chez un chat exempt de cardiomyopathie.","robots":{"index":"index","follow":"follow","max-snippet":"max-snippet:-1","max-image-preview":"max-image-preview:large","max-video-preview":"max-video-preview:-1"},"canonical":"http:\/\/vet-ecg.ddns.net\/index.php\/extrasystoles-atriales-chez-un-chat\/","twitter_misc":{"Dur\u00e9e de lecture estim\u00e9e":"1 minute"},"schema":{"@context":"https:\/\/schema.org","@graph":[{"@type":"WebPage","@id":"http:\/\/vet-ecg.ddns.net\/index.php\/extrasystoles-atriales-chez-un-chat\/","url":"http:\/\/vet-ecg.ddns.net\/index.php\/extrasystoles-atriales-chez-un-chat\/","name":"Extrasystoles atriales chez un chat - Blog d&#039;\u00e9lectrocardiographie v\u00e9t\u00e9rinaire","isPartOf":{"@id":"http:\/\/vet-ecg.ddns.net\/#website"},"primaryImageOfPage":{"@id":"http:\/\/vet-ecg.ddns.net\/index.php\/extrasystoles-atriales-chez-un-chat\/#primaryimage"},"image":{"@id":"http:\/\/vet-ecg.ddns.net\/index.php\/extrasystoles-atriales-chez-un-chat\/#primaryimage"},"thumbnailUrl":"http:\/\/vet-ecg.ddns.net\/wp-content\/uploads\/ESA-chat-1024x617.jpg","datePublished":"2021-11-16T11:49:40+00:00","dateModified":"2021-11-16T12:39:29+00:00","description":"DE nombreuses extrasystoles atriales (>100 \/ mn) sont enregistr\u00e9es chez un chat exempt de cardiomyopathie.","breadcrumb":{"@id":"http:\/\/vet-ecg.ddns.net\/index.php\/extrasystoles-atriales-chez-un-chat\/#breadcrumb"},"inLanguage":"fr-FR","potentialAction":[{"@type":"ReadAction","target":["http:\/\/vet-ecg.ddns.net\/index.php\/extrasystoles-atriales-chez-un-chat\/"]}]},{"@type":"ImageObject","inLanguage":"fr-FR","@id":"http:\/\/vet-ecg.ddns.net\/index.php\/extrasystoles-atriales-chez-un-chat\/#primaryimage","url":"http:\/\/vet-ecg.ddns.net\/wp-content\/uploads\/ESA-chat-1024x617.jpg","contentUrl":"http:\/\/vet-ecg.ddns.net\/wp-content\/uploads\/ESA-chat-1024x617.jpg"},{"@type":"BreadcrumbList","@id":"http:\/\/vet-ecg.ddns.net\/index.php\/extrasystoles-atriales-chez-un-chat\/#breadcrumb","itemListElement":[{"@type":"ListItem","position":1,"name":"Accueil","item":"http:\/\/vet-ecg.ddns.net\/"},{"@type":"ListItem","position":2,"name":"Extrasystoles atriales chez un chat"}]},{"@type":"WebSite","@id":"http:\/\/vet-ecg.ddns.net\/#website","url":"http:\/\/vet-ecg.ddns.net\/","name":"Blog d&#039;\u00e9lectrocardiographie v\u00e9t\u00e9rinaire","description":"recueil d&#039;ECG de chiens et de chats","publisher":{"@id":"http:\/\/vet-ecg.ddns.net\/#\/schema\/person\/fec4070a47e235fed904fab73cae00b4"},"alternateName":"\u00e9lectrocardiographie v\u00e9t\u00e9rinaire","potentialAction":[{"@type":"SearchAction","target":{"@type":"EntryPoint","urlTemplate":"http:\/\/vet-ecg.ddns.net\/?s={search_term_string}"},"query-input":{"@type":"PropertyValueSpecification","valueRequired":true,"valueName":"search_term_string"}}],"inLanguage":"fr-FR"},{"@type":["Person","Organization"],"@id":"http:\/\/vet-ecg.ddns.net\/#\/schema\/person\/fec4070a47e235fed904fab73cae00b4","name":"admin","image":{"@type":"ImageObject","inLanguage":"fr-FR","@id":"http:\/\/vet-ecg.ddns.net\/wp-content\/uploads\/2018\/04\/Zelda-2-ECG-248.jpg","url":"http:\/\/vet-ecg.ddns.net\/wp-content\/uploads\/2018\/04\/Zelda-2-ECG-248.jpg","contentUrl":"http:\/\/vet-ecg.ddns.net\/wp-content\/uploads\/2018\/04\/Zelda-2-ECG-248.jpg","width":248,"height":248,"caption":"admin"},"logo":{"@id":"http:\/\/vet-ecg.ddns.net\/wp-content\/uploads\/2018\/04\/Zelda-2-ECG-248.jpg"},"description":"Les trac\u00e9s publi\u00e9s sur ce site sont issus de diff\u00e9rentes cliniques v\u00e9t\u00e9rinaires de Paris et de sa banlieue durant les 10 derni\u00e8res ann\u00e9es. Les ECG r\u00e9alis\u00e9s ont \u00e9t\u00e9 r\u00e9alis\u00e9s sur des chiens et des chats qui ont tous b\u00e9n\u00e9fici\u00e9 d'une \u00e9chocardiographie."}]}},"_links":{"self":[{"href":"http:\/\/vet-ecg.ddns.net\/index.php\/wp-json\/wp\/v2\/pages\/3274","targetHints":{"allow":["GET"]}}],"collection":[{"href":"http:\/\/vet-ecg.ddns.net\/index.php\/wp-json\/wp\/v2\/pages"}],"about":[{"href":"http:\/\/vet-ecg.ddns.net\/index.php\/wp-json\/wp\/v2\/types\/page"}],"author":[{"embeddable":true,"href":"http:\/\/vet-ecg.ddns.net\/index.php\/wp-json\/wp\/v2\/users\/1"}],"replies":[{"embeddable":true,"href":"http:\/\/vet-ecg.ddns.net\/index.php\/wp-json\/wp\/v2\/comments?post=3274"}],"version-history":[{"count":0,"href":"http:\/\/vet-ecg.ddns.net\/index.php\/wp-json\/wp\/v2\/pages\/3274\/revisions"}],"wp:attachment":[{"href":"http:\/\/vet-ecg.ddns.net\/index.php\/wp-json\/wp\/v2\/media?parent=3274"}],"curies":[{"name":"wp","href":"https:\/\/api.w.org\/{rel}","templated":true}]}}