{"id":3227,"date":"2021-04-27T22:51:54","date_gmt":"2021-04-27T20:51:54","guid":{"rendered":"http:\/\/vet-ecg.ddns.net\/?page_id=3227"},"modified":"2021-04-27T22:51:57","modified_gmt":"2021-04-27T20:51:57","slug":"extrasystoles-ventriculaires-r-t","status":"publish","type":"page","link":"http:\/\/vet-ecg.ddns.net\/index.php\/extrasystoles-ventriculaires-r-t\/","title":{"rendered":"EXTRASYSTOLES VENTRICULAIRES R\/T"},"content":{"rendered":"\n<figure class=\"wp-block-image size-large\"><img loading=\"lazy\" decoding=\"async\" width=\"1024\" height=\"736\" src=\"http:\/\/vet-ecg.ddns.net\/wp-content\/uploads\/esv-R-T-2-1024x736.jpg\" alt=\"Nombreuses extrasystoles ventriculaires de type R\/T  chez un cocker atteint d'une tumeur de l'oreillette droite.\" class=\"wp-image-3228\" srcset=\"http:\/\/vet-ecg.ddns.net\/wp-content\/uploads\/esv-R-T-2-1024x736.jpg 1024w, http:\/\/vet-ecg.ddns.net\/wp-content\/uploads\/esv-R-T-2-300x215.jpg 300w, http:\/\/vet-ecg.ddns.net\/wp-content\/uploads\/esv-R-T-2-768x552.jpg 768w, http:\/\/vet-ecg.ddns.net\/wp-content\/uploads\/esv-R-T-2-1536x1103.jpg 1536w, http:\/\/vet-ecg.ddns.net\/wp-content\/uploads\/esv-R-T-2-2048x1471.jpg 2048w\" sizes=\"auto, (max-width: 1024px) 100vw, 1024px\" \/><figcaption>Extrasystoles ventriculaires de type R\/T<\/figcaption><\/figure>\n\n\n<p>Tr\u00e8s nombreuses extrasystoles ventriculaires de type R\/T chez un cocker atteint d&rsquo;une tumeur de l&rsquo;oreillette droite.<\/p>\n<p>Le couplage de ces extrasystoles aux systoles qui les pr\u00e9c\u00e8dent est tr\u00e8s court. L&rsquo;extrasystole prend naissance quand les ventricules se trouvent en p\u00e9riode vuln\u00e9rable, p\u00e9riode pendant laquelle les ventricules ne sont pas encore\u00a0 totalement sortis de leur p\u00e9riode r\u00e9fractaire (onde R sur onde T).<\/p>\n<p>Ce ph\u00e9nom\u00e8ne est \u00e0 risque, car l&rsquo; extrasystolie peut se transformer \u00e0 tout moment,\u00a0 en fibrillation ventriculaire mortelle.<\/p>\n<p>Ce chien ne pr\u00e9sente ni valvulopathie, ni cardiomyopathie mais souffre d&rsquo;un trouble du rythme s\u00e9v\u00e8re d\u00e9clench\u00e9 par une masse qui comprime l&rsquo;oreillette droite. Cette masse est \u00e0 l&rsquo;origine d&rsquo;un \u00e9panchement abdominal.<\/p>\n<p>\u00a0<\/p>","protected":false},"excerpt":{"rendered":"<p>Tr\u00e8s nombreuses extrasystoles ventriculaires de type R\/T chez un cocker atteint d&rsquo;une tumeur de l&rsquo;oreillette droite. Le couplage de ces extrasystoles aux systoles qui les pr\u00e9c\u00e8dent est tr\u00e8s court. L&rsquo;extrasystole prend naissance quand les ventricules se trouvent en p\u00e9riode vuln\u00e9rable, p\u00e9riode pendant laquelle les ventricules ne sont pas encore\u00a0 totalement sortis de leur p\u00e9riode r\u00e9fractaire &hellip; <a href=\"http:\/\/vet-ecg.ddns.net\/index.php\/extrasystoles-ventriculaires-r-t\/\" class=\"more-link\">Continuer la lecture de <span class=\"screen-reader-text\">EXTRASYSTOLES VENTRICULAIRES R\/T<\/span><\/a><\/p>\n","protected":false},"author":1,"featured_media":0,"parent":0,"menu_order":0,"comment_status":"closed","ping_status":"closed","template":"","meta":{"footnotes":""},"class_list":["post-3227","page","type-page","status-publish","hentry"],"yoast_head":"<!-- This site is optimized with the Yoast SEO plugin v27.4 - https:\/\/yoast.com\/product\/yoast-seo-wordpress\/ -->\n<title>EXTRASYSTOLES VENTRICULAIRES R\/T - Blog d&#039;\u00e9lectrocardiographie v\u00e9t\u00e9rinaire<\/title>\n<meta name=\"description\" content=\"Tr\u00e8s nombreuses extrasystoles ventriculaires de type R\/T d\u00e9clench\u00e9es par une tumeur de l&#039;oreillette droite.\" \/>\n<meta name=\"robots\" content=\"index, follow, max-snippet:-1, max-image-preview:large, max-video-preview:-1\" \/>\n<link rel=\"canonical\" href=\"http:\/\/vet-ecg.ddns.net\/index.php\/extrasystoles-ventriculaires-r-t\/\" \/>\n<meta name=\"twitter:label1\" content=\"Dur\u00e9e de lecture estim\u00e9e\" \/>\n\t<meta name=\"twitter:data1\" content=\"1 minute\" \/>\n<script type=\"application\/ld+json\" class=\"yoast-schema-graph\">{\"@context\":\"https:\\\/\\\/schema.org\",\"@graph\":[{\"@type\":\"WebPage\",\"@id\":\"http:\\\/\\\/vet-ecg.ddns.net\\\/index.php\\\/extrasystoles-ventriculaires-r-t\\\/\",\"url\":\"http:\\\/\\\/vet-ecg.ddns.net\\\/index.php\\\/extrasystoles-ventriculaires-r-t\\\/\",\"name\":\"EXTRASYSTOLES VENTRICULAIRES R\\\/T - Blog d&#039;\u00e9lectrocardiographie v\u00e9t\u00e9rinaire\",\"isPartOf\":{\"@id\":\"http:\\\/\\\/vet-ecg.ddns.net\\\/#website\"},\"primaryImageOfPage\":{\"@id\":\"http:\\\/\\\/vet-ecg.ddns.net\\\/index.php\\\/extrasystoles-ventriculaires-r-t\\\/#primaryimage\"},\"image\":{\"@id\":\"http:\\\/\\\/vet-ecg.ddns.net\\\/index.php\\\/extrasystoles-ventriculaires-r-t\\\/#primaryimage\"},\"thumbnailUrl\":\"http:\\\/\\\/vet-ecg.ddns.net\\\/wp-content\\\/uploads\\\/esv-R-T-2-1024x736.jpg\",\"datePublished\":\"2021-04-27T20:51:54+00:00\",\"dateModified\":\"2021-04-27T20:51:57+00:00\",\"description\":\"Tr\u00e8s nombreuses extrasystoles ventriculaires de type R\\\/T d\u00e9clench\u00e9es par une tumeur de l'oreillette droite.\",\"breadcrumb\":{\"@id\":\"http:\\\/\\\/vet-ecg.ddns.net\\\/index.php\\\/extrasystoles-ventriculaires-r-t\\\/#breadcrumb\"},\"inLanguage\":\"fr-FR\",\"potentialAction\":[{\"@type\":\"ReadAction\",\"target\":[\"http:\\\/\\\/vet-ecg.ddns.net\\\/index.php\\\/extrasystoles-ventriculaires-r-t\\\/\"]}]},{\"@type\":\"ImageObject\",\"inLanguage\":\"fr-FR\",\"@id\":\"http:\\\/\\\/vet-ecg.ddns.net\\\/index.php\\\/extrasystoles-ventriculaires-r-t\\\/#primaryimage\",\"url\":\"http:\\\/\\\/vet-ecg.ddns.net\\\/wp-content\\\/uploads\\\/esv-R-T-2.jpg\",\"contentUrl\":\"http:\\\/\\\/vet-ecg.ddns.net\\\/wp-content\\\/uploads\\\/esv-R-T-2.jpg\",\"width\":2471,\"height\":1775},{\"@type\":\"BreadcrumbList\",\"@id\":\"http:\\\/\\\/vet-ecg.ddns.net\\\/index.php\\\/extrasystoles-ventriculaires-r-t\\\/#breadcrumb\",\"itemListElement\":[{\"@type\":\"ListItem\",\"position\":1,\"name\":\"Accueil\",\"item\":\"http:\\\/\\\/vet-ecg.ddns.net\\\/\"},{\"@type\":\"ListItem\",\"position\":2,\"name\":\"EXTRASYSTOLES VENTRICULAIRES R\\\/T\"}]},{\"@type\":\"WebSite\",\"@id\":\"http:\\\/\\\/vet-ecg.ddns.net\\\/#website\",\"url\":\"http:\\\/\\\/vet-ecg.ddns.net\\\/\",\"name\":\"Blog d&#039;\u00e9lectrocardiographie v\u00e9t\u00e9rinaire\",\"description\":\"recueil d&#039;ECG de chiens et de chats\",\"publisher\":{\"@id\":\"http:\\\/\\\/vet-ecg.ddns.net\\\/#\\\/schema\\\/person\\\/fec4070a47e235fed904fab73cae00b4\"},\"alternateName\":\"\u00e9lectrocardiographie v\u00e9t\u00e9rinaire\",\"potentialAction\":[{\"@type\":\"SearchAction\",\"target\":{\"@type\":\"EntryPoint\",\"urlTemplate\":\"http:\\\/\\\/vet-ecg.ddns.net\\\/?s={search_term_string}\"},\"query-input\":{\"@type\":\"PropertyValueSpecification\",\"valueRequired\":true,\"valueName\":\"search_term_string\"}}],\"inLanguage\":\"fr-FR\"},{\"@type\":[\"Person\",\"Organization\"],\"@id\":\"http:\\\/\\\/vet-ecg.ddns.net\\\/#\\\/schema\\\/person\\\/fec4070a47e235fed904fab73cae00b4\",\"name\":\"admin\",\"image\":{\"@type\":\"ImageObject\",\"inLanguage\":\"fr-FR\",\"@id\":\"http:\\\/\\\/vet-ecg.ddns.net\\\/wp-content\\\/uploads\\\/2018\\\/04\\\/Zelda-2-ECG-248.jpg\",\"url\":\"http:\\\/\\\/vet-ecg.ddns.net\\\/wp-content\\\/uploads\\\/2018\\\/04\\\/Zelda-2-ECG-248.jpg\",\"contentUrl\":\"http:\\\/\\\/vet-ecg.ddns.net\\\/wp-content\\\/uploads\\\/2018\\\/04\\\/Zelda-2-ECG-248.jpg\",\"width\":248,\"height\":248,\"caption\":\"admin\"},\"logo\":{\"@id\":\"http:\\\/\\\/vet-ecg.ddns.net\\\/wp-content\\\/uploads\\\/2018\\\/04\\\/Zelda-2-ECG-248.jpg\"},\"description\":\"Les trac\u00e9s publi\u00e9s sur ce site sont issus de diff\u00e9rentes cliniques v\u00e9t\u00e9rinaires de Paris et de sa banlieue durant les 10 derni\u00e8res ann\u00e9es. Les ECG r\u00e9alis\u00e9s ont \u00e9t\u00e9 r\u00e9alis\u00e9s sur des chiens et des chats qui ont tous b\u00e9n\u00e9fici\u00e9 d'une \u00e9chocardiographie.\"}]}<\/script>\n<!-- \/ Yoast SEO plugin. -->","yoast_head_json":{"title":"EXTRASYSTOLES VENTRICULAIRES R\/T - Blog d&#039;\u00e9lectrocardiographie v\u00e9t\u00e9rinaire","description":"Tr\u00e8s nombreuses extrasystoles ventriculaires de type R\/T d\u00e9clench\u00e9es par une tumeur de l'oreillette droite.","robots":{"index":"index","follow":"follow","max-snippet":"max-snippet:-1","max-image-preview":"max-image-preview:large","max-video-preview":"max-video-preview:-1"},"canonical":"http:\/\/vet-ecg.ddns.net\/index.php\/extrasystoles-ventriculaires-r-t\/","twitter_misc":{"Dur\u00e9e de lecture estim\u00e9e":"1 minute"},"schema":{"@context":"https:\/\/schema.org","@graph":[{"@type":"WebPage","@id":"http:\/\/vet-ecg.ddns.net\/index.php\/extrasystoles-ventriculaires-r-t\/","url":"http:\/\/vet-ecg.ddns.net\/index.php\/extrasystoles-ventriculaires-r-t\/","name":"EXTRASYSTOLES VENTRICULAIRES R\/T - Blog d&#039;\u00e9lectrocardiographie v\u00e9t\u00e9rinaire","isPartOf":{"@id":"http:\/\/vet-ecg.ddns.net\/#website"},"primaryImageOfPage":{"@id":"http:\/\/vet-ecg.ddns.net\/index.php\/extrasystoles-ventriculaires-r-t\/#primaryimage"},"image":{"@id":"http:\/\/vet-ecg.ddns.net\/index.php\/extrasystoles-ventriculaires-r-t\/#primaryimage"},"thumbnailUrl":"http:\/\/vet-ecg.ddns.net\/wp-content\/uploads\/esv-R-T-2-1024x736.jpg","datePublished":"2021-04-27T20:51:54+00:00","dateModified":"2021-04-27T20:51:57+00:00","description":"Tr\u00e8s nombreuses extrasystoles ventriculaires de type R\/T d\u00e9clench\u00e9es par une tumeur de l'oreillette droite.","breadcrumb":{"@id":"http:\/\/vet-ecg.ddns.net\/index.php\/extrasystoles-ventriculaires-r-t\/#breadcrumb"},"inLanguage":"fr-FR","potentialAction":[{"@type":"ReadAction","target":["http:\/\/vet-ecg.ddns.net\/index.php\/extrasystoles-ventriculaires-r-t\/"]}]},{"@type":"ImageObject","inLanguage":"fr-FR","@id":"http:\/\/vet-ecg.ddns.net\/index.php\/extrasystoles-ventriculaires-r-t\/#primaryimage","url":"http:\/\/vet-ecg.ddns.net\/wp-content\/uploads\/esv-R-T-2.jpg","contentUrl":"http:\/\/vet-ecg.ddns.net\/wp-content\/uploads\/esv-R-T-2.jpg","width":2471,"height":1775},{"@type":"BreadcrumbList","@id":"http:\/\/vet-ecg.ddns.net\/index.php\/extrasystoles-ventriculaires-r-t\/#breadcrumb","itemListElement":[{"@type":"ListItem","position":1,"name":"Accueil","item":"http:\/\/vet-ecg.ddns.net\/"},{"@type":"ListItem","position":2,"name":"EXTRASYSTOLES VENTRICULAIRES R\/T"}]},{"@type":"WebSite","@id":"http:\/\/vet-ecg.ddns.net\/#website","url":"http:\/\/vet-ecg.ddns.net\/","name":"Blog d&#039;\u00e9lectrocardiographie v\u00e9t\u00e9rinaire","description":"recueil d&#039;ECG de chiens et de chats","publisher":{"@id":"http:\/\/vet-ecg.ddns.net\/#\/schema\/person\/fec4070a47e235fed904fab73cae00b4"},"alternateName":"\u00e9lectrocardiographie v\u00e9t\u00e9rinaire","potentialAction":[{"@type":"SearchAction","target":{"@type":"EntryPoint","urlTemplate":"http:\/\/vet-ecg.ddns.net\/?s={search_term_string}"},"query-input":{"@type":"PropertyValueSpecification","valueRequired":true,"valueName":"search_term_string"}}],"inLanguage":"fr-FR"},{"@type":["Person","Organization"],"@id":"http:\/\/vet-ecg.ddns.net\/#\/schema\/person\/fec4070a47e235fed904fab73cae00b4","name":"admin","image":{"@type":"ImageObject","inLanguage":"fr-FR","@id":"http:\/\/vet-ecg.ddns.net\/wp-content\/uploads\/2018\/04\/Zelda-2-ECG-248.jpg","url":"http:\/\/vet-ecg.ddns.net\/wp-content\/uploads\/2018\/04\/Zelda-2-ECG-248.jpg","contentUrl":"http:\/\/vet-ecg.ddns.net\/wp-content\/uploads\/2018\/04\/Zelda-2-ECG-248.jpg","width":248,"height":248,"caption":"admin"},"logo":{"@id":"http:\/\/vet-ecg.ddns.net\/wp-content\/uploads\/2018\/04\/Zelda-2-ECG-248.jpg"},"description":"Les trac\u00e9s publi\u00e9s sur ce site sont issus de diff\u00e9rentes cliniques v\u00e9t\u00e9rinaires de Paris et de sa banlieue durant les 10 derni\u00e8res ann\u00e9es. Les ECG r\u00e9alis\u00e9s ont \u00e9t\u00e9 r\u00e9alis\u00e9s sur des chiens et des chats qui ont tous b\u00e9n\u00e9fici\u00e9 d'une \u00e9chocardiographie."}]}},"_links":{"self":[{"href":"http:\/\/vet-ecg.ddns.net\/index.php\/wp-json\/wp\/v2\/pages\/3227","targetHints":{"allow":["GET"]}}],"collection":[{"href":"http:\/\/vet-ecg.ddns.net\/index.php\/wp-json\/wp\/v2\/pages"}],"about":[{"href":"http:\/\/vet-ecg.ddns.net\/index.php\/wp-json\/wp\/v2\/types\/page"}],"author":[{"embeddable":true,"href":"http:\/\/vet-ecg.ddns.net\/index.php\/wp-json\/wp\/v2\/users\/1"}],"replies":[{"embeddable":true,"href":"http:\/\/vet-ecg.ddns.net\/index.php\/wp-json\/wp\/v2\/comments?post=3227"}],"version-history":[{"count":0,"href":"http:\/\/vet-ecg.ddns.net\/index.php\/wp-json\/wp\/v2\/pages\/3227\/revisions"}],"wp:attachment":[{"href":"http:\/\/vet-ecg.ddns.net\/index.php\/wp-json\/wp\/v2\/media?parent=3227"}],"curies":[{"name":"wp","href":"https:\/\/api.w.org\/{rel}","templated":true}]}}