{"id":3214,"date":"2021-04-13T12:11:11","date_gmt":"2021-04-13T10:11:11","guid":{"rendered":"http:\/\/vet-ecg.ddns.net\/?page_id=3214"},"modified":"2021-04-13T12:13:34","modified_gmt":"2021-04-13T10:13:34","slug":"bav-2-de-type-3-1","status":"publish","type":"page","link":"http:\/\/vet-ecg.ddns.net\/index.php\/bav-2-de-type-3-1\/","title":{"rendered":"BAV 2 de type 3\/1"},"content":{"rendered":"\n<figure class=\"wp-block-image size-large\"><img loading=\"lazy\" decoding=\"async\" width=\"1024\" height=\"589\" src=\"http:\/\/vet-ecg.ddns.net\/wp-content\/uploads\/BAV2-post-apnee-1024x589.jpg\" alt=\"Bloc atrioventriculaire du 2e degr\u00e9 de type 3\/1 post apn\u00e9e anesth\u00e9sique.\" class=\"wp-image-3215\" srcset=\"http:\/\/vet-ecg.ddns.net\/wp-content\/uploads\/BAV2-post-apnee-1024x589.jpg 1024w, http:\/\/vet-ecg.ddns.net\/wp-content\/uploads\/BAV2-post-apnee-300x172.jpg 300w, http:\/\/vet-ecg.ddns.net\/wp-content\/uploads\/BAV2-post-apnee-768x442.jpg 768w, http:\/\/vet-ecg.ddns.net\/wp-content\/uploads\/BAV2-post-apnee-1536x883.jpg 1536w, http:\/\/vet-ecg.ddns.net\/wp-content\/uploads\/BAV2-post-apnee-2048x1177.jpg 2048w\" sizes=\"auto, (max-width: 1024px) 100vw, 1024px\" \/><figcaption>BAV2 intermittent du type 3\/1<\/figcaption><\/figure>\n\n\n<p>Ce trac\u00e9 est celui d&rsquo;un spitz sans cardiopathie . Il a \u00e9t\u00e9 r\u00e9alis\u00e9 apr\u00e8s une apn\u00e9e au cours d&rsquo;une anesth\u00e9sie qui ne comportait pas d&rsquo;agoniste alpha2.\u00a0 On remarque plusieurs pauses ventriculaires (1,8 seconde) tandis que la cadence atriale est constante, \u00e0 environ 100 bpm. Cet ECG correspond \u00e0 un BAV 2 intermittent de type 3\/1 (3 ondes P pour 1 QRS)<\/p>\n<p>Un rythme sinusal s&rsquo;est r\u00e9instaur\u00e9 quelques heures plus tard.<\/p>\n<p>\u00a0<\/p>","protected":false},"excerpt":{"rendered":"<p>Ce trac\u00e9 est celui d&rsquo;un spitz sans cardiopathie . Il a \u00e9t\u00e9 r\u00e9alis\u00e9 apr\u00e8s une apn\u00e9e au cours d&rsquo;une anesth\u00e9sie qui ne comportait pas d&rsquo;agoniste alpha2.\u00a0 On remarque plusieurs pauses ventriculaires (1,8 seconde) tandis que la cadence atriale est constante, \u00e0 environ 100 bpm. Cet ECG correspond \u00e0 un BAV 2 intermittent de type 3\/1 &hellip; <a href=\"http:\/\/vet-ecg.ddns.net\/index.php\/bav-2-de-type-3-1\/\" class=\"more-link\">Continuer la lecture de <span class=\"screen-reader-text\">BAV 2 de type 3\/1<\/span><\/a><\/p>\n","protected":false},"author":1,"featured_media":0,"parent":0,"menu_order":0,"comment_status":"closed","ping_status":"closed","template":"","meta":{"footnotes":""},"class_list":["post-3214","page","type-page","status-publish","hentry"],"yoast_head":"<!-- This site is optimized with the Yoast SEO plugin v27.4 - https:\/\/yoast.com\/product\/yoast-seo-wordpress\/ -->\n<title>BAV 2 de type 3\/1 - Blog d&#039;\u00e9lectrocardiographie v\u00e9t\u00e9rinaire<\/title>\n<meta name=\"description\" content=\"Ce trac\u00e9 de BAV du 2e degr\u00e9 intermittent montre, au cours des pauses, que la r\u00e9ponse ventriculaire ne se fait qu&#039;apr\u00e8s la 3e onde P.\" \/>\n<meta name=\"robots\" content=\"index, follow, max-snippet:-1, max-image-preview:large, max-video-preview:-1\" \/>\n<link rel=\"canonical\" href=\"http:\/\/vet-ecg.ddns.net\/index.php\/bav-2-de-type-3-1\/\" \/>\n<meta name=\"twitter:label1\" content=\"Dur\u00e9e de lecture estim\u00e9e\" \/>\n\t<meta name=\"twitter:data1\" content=\"1 minute\" \/>\n<script type=\"application\/ld+json\" class=\"yoast-schema-graph\">{\"@context\":\"https:\\\/\\\/schema.org\",\"@graph\":[{\"@type\":\"WebPage\",\"@id\":\"http:\\\/\\\/vet-ecg.ddns.net\\\/index.php\\\/bav-2-de-type-3-1\\\/\",\"url\":\"http:\\\/\\\/vet-ecg.ddns.net\\\/index.php\\\/bav-2-de-type-3-1\\\/\",\"name\":\"BAV 2 de type 3\\\/1 - Blog d&#039;\u00e9lectrocardiographie v\u00e9t\u00e9rinaire\",\"isPartOf\":{\"@id\":\"http:\\\/\\\/vet-ecg.ddns.net\\\/#website\"},\"primaryImageOfPage\":{\"@id\":\"http:\\\/\\\/vet-ecg.ddns.net\\\/index.php\\\/bav-2-de-type-3-1\\\/#primaryimage\"},\"image\":{\"@id\":\"http:\\\/\\\/vet-ecg.ddns.net\\\/index.php\\\/bav-2-de-type-3-1\\\/#primaryimage\"},\"thumbnailUrl\":\"http:\\\/\\\/vet-ecg.ddns.net\\\/wp-content\\\/uploads\\\/BAV2-post-apnee-1024x589.jpg\",\"datePublished\":\"2021-04-13T10:11:11+00:00\",\"dateModified\":\"2021-04-13T10:13:34+00:00\",\"description\":\"Ce trac\u00e9 de BAV du 2e degr\u00e9 intermittent montre, au cours des pauses, que la r\u00e9ponse ventriculaire ne se fait qu'apr\u00e8s la 3e onde P.\",\"breadcrumb\":{\"@id\":\"http:\\\/\\\/vet-ecg.ddns.net\\\/index.php\\\/bav-2-de-type-3-1\\\/#breadcrumb\"},\"inLanguage\":\"fr-FR\",\"potentialAction\":[{\"@type\":\"ReadAction\",\"target\":[\"http:\\\/\\\/vet-ecg.ddns.net\\\/index.php\\\/bav-2-de-type-3-1\\\/\"]}]},{\"@type\":\"ImageObject\",\"inLanguage\":\"fr-FR\",\"@id\":\"http:\\\/\\\/vet-ecg.ddns.net\\\/index.php\\\/bav-2-de-type-3-1\\\/#primaryimage\",\"url\":\"http:\\\/\\\/vet-ecg.ddns.net\\\/wp-content\\\/uploads\\\/BAV2-post-apnee.jpg\",\"contentUrl\":\"http:\\\/\\\/vet-ecg.ddns.net\\\/wp-content\\\/uploads\\\/BAV2-post-apnee.jpg\",\"width\":2350,\"height\":1351},{\"@type\":\"BreadcrumbList\",\"@id\":\"http:\\\/\\\/vet-ecg.ddns.net\\\/index.php\\\/bav-2-de-type-3-1\\\/#breadcrumb\",\"itemListElement\":[{\"@type\":\"ListItem\",\"position\":1,\"name\":\"Accueil\",\"item\":\"http:\\\/\\\/vet-ecg.ddns.net\\\/\"},{\"@type\":\"ListItem\",\"position\":2,\"name\":\"BAV 2 de type 3\\\/1\"}]},{\"@type\":\"WebSite\",\"@id\":\"http:\\\/\\\/vet-ecg.ddns.net\\\/#website\",\"url\":\"http:\\\/\\\/vet-ecg.ddns.net\\\/\",\"name\":\"Blog d&#039;\u00e9lectrocardiographie v\u00e9t\u00e9rinaire\",\"description\":\"recueil d&#039;ECG de chiens et de chats\",\"publisher\":{\"@id\":\"http:\\\/\\\/vet-ecg.ddns.net\\\/#\\\/schema\\\/person\\\/fec4070a47e235fed904fab73cae00b4\"},\"alternateName\":\"\u00e9lectrocardiographie v\u00e9t\u00e9rinaire\",\"potentialAction\":[{\"@type\":\"SearchAction\",\"target\":{\"@type\":\"EntryPoint\",\"urlTemplate\":\"http:\\\/\\\/vet-ecg.ddns.net\\\/?s={search_term_string}\"},\"query-input\":{\"@type\":\"PropertyValueSpecification\",\"valueRequired\":true,\"valueName\":\"search_term_string\"}}],\"inLanguage\":\"fr-FR\"},{\"@type\":[\"Person\",\"Organization\"],\"@id\":\"http:\\\/\\\/vet-ecg.ddns.net\\\/#\\\/schema\\\/person\\\/fec4070a47e235fed904fab73cae00b4\",\"name\":\"admin\",\"image\":{\"@type\":\"ImageObject\",\"inLanguage\":\"fr-FR\",\"@id\":\"http:\\\/\\\/vet-ecg.ddns.net\\\/wp-content\\\/uploads\\\/2018\\\/04\\\/Zelda-2-ECG-248.jpg\",\"url\":\"http:\\\/\\\/vet-ecg.ddns.net\\\/wp-content\\\/uploads\\\/2018\\\/04\\\/Zelda-2-ECG-248.jpg\",\"contentUrl\":\"http:\\\/\\\/vet-ecg.ddns.net\\\/wp-content\\\/uploads\\\/2018\\\/04\\\/Zelda-2-ECG-248.jpg\",\"width\":248,\"height\":248,\"caption\":\"admin\"},\"logo\":{\"@id\":\"http:\\\/\\\/vet-ecg.ddns.net\\\/wp-content\\\/uploads\\\/2018\\\/04\\\/Zelda-2-ECG-248.jpg\"},\"description\":\"Les trac\u00e9s publi\u00e9s sur ce site sont issus de diff\u00e9rentes cliniques v\u00e9t\u00e9rinaires de Paris et de sa banlieue durant les 10 derni\u00e8res ann\u00e9es. Les ECG r\u00e9alis\u00e9s ont \u00e9t\u00e9 r\u00e9alis\u00e9s sur des chiens et des chats qui ont tous b\u00e9n\u00e9fici\u00e9 d'une \u00e9chocardiographie.\"}]}<\/script>\n<!-- \/ Yoast SEO plugin. -->","yoast_head_json":{"title":"BAV 2 de type 3\/1 - Blog d&#039;\u00e9lectrocardiographie v\u00e9t\u00e9rinaire","description":"Ce trac\u00e9 de BAV du 2e degr\u00e9 intermittent montre, au cours des pauses, que la r\u00e9ponse ventriculaire ne se fait qu'apr\u00e8s la 3e onde P.","robots":{"index":"index","follow":"follow","max-snippet":"max-snippet:-1","max-image-preview":"max-image-preview:large","max-video-preview":"max-video-preview:-1"},"canonical":"http:\/\/vet-ecg.ddns.net\/index.php\/bav-2-de-type-3-1\/","twitter_misc":{"Dur\u00e9e de lecture estim\u00e9e":"1 minute"},"schema":{"@context":"https:\/\/schema.org","@graph":[{"@type":"WebPage","@id":"http:\/\/vet-ecg.ddns.net\/index.php\/bav-2-de-type-3-1\/","url":"http:\/\/vet-ecg.ddns.net\/index.php\/bav-2-de-type-3-1\/","name":"BAV 2 de type 3\/1 - Blog d&#039;\u00e9lectrocardiographie v\u00e9t\u00e9rinaire","isPartOf":{"@id":"http:\/\/vet-ecg.ddns.net\/#website"},"primaryImageOfPage":{"@id":"http:\/\/vet-ecg.ddns.net\/index.php\/bav-2-de-type-3-1\/#primaryimage"},"image":{"@id":"http:\/\/vet-ecg.ddns.net\/index.php\/bav-2-de-type-3-1\/#primaryimage"},"thumbnailUrl":"http:\/\/vet-ecg.ddns.net\/wp-content\/uploads\/BAV2-post-apnee-1024x589.jpg","datePublished":"2021-04-13T10:11:11+00:00","dateModified":"2021-04-13T10:13:34+00:00","description":"Ce trac\u00e9 de BAV du 2e degr\u00e9 intermittent montre, au cours des pauses, que la r\u00e9ponse ventriculaire ne se fait qu'apr\u00e8s la 3e onde P.","breadcrumb":{"@id":"http:\/\/vet-ecg.ddns.net\/index.php\/bav-2-de-type-3-1\/#breadcrumb"},"inLanguage":"fr-FR","potentialAction":[{"@type":"ReadAction","target":["http:\/\/vet-ecg.ddns.net\/index.php\/bav-2-de-type-3-1\/"]}]},{"@type":"ImageObject","inLanguage":"fr-FR","@id":"http:\/\/vet-ecg.ddns.net\/index.php\/bav-2-de-type-3-1\/#primaryimage","url":"http:\/\/vet-ecg.ddns.net\/wp-content\/uploads\/BAV2-post-apnee.jpg","contentUrl":"http:\/\/vet-ecg.ddns.net\/wp-content\/uploads\/BAV2-post-apnee.jpg","width":2350,"height":1351},{"@type":"BreadcrumbList","@id":"http:\/\/vet-ecg.ddns.net\/index.php\/bav-2-de-type-3-1\/#breadcrumb","itemListElement":[{"@type":"ListItem","position":1,"name":"Accueil","item":"http:\/\/vet-ecg.ddns.net\/"},{"@type":"ListItem","position":2,"name":"BAV 2 de type 3\/1"}]},{"@type":"WebSite","@id":"http:\/\/vet-ecg.ddns.net\/#website","url":"http:\/\/vet-ecg.ddns.net\/","name":"Blog d&#039;\u00e9lectrocardiographie v\u00e9t\u00e9rinaire","description":"recueil d&#039;ECG de chiens et de chats","publisher":{"@id":"http:\/\/vet-ecg.ddns.net\/#\/schema\/person\/fec4070a47e235fed904fab73cae00b4"},"alternateName":"\u00e9lectrocardiographie v\u00e9t\u00e9rinaire","potentialAction":[{"@type":"SearchAction","target":{"@type":"EntryPoint","urlTemplate":"http:\/\/vet-ecg.ddns.net\/?s={search_term_string}"},"query-input":{"@type":"PropertyValueSpecification","valueRequired":true,"valueName":"search_term_string"}}],"inLanguage":"fr-FR"},{"@type":["Person","Organization"],"@id":"http:\/\/vet-ecg.ddns.net\/#\/schema\/person\/fec4070a47e235fed904fab73cae00b4","name":"admin","image":{"@type":"ImageObject","inLanguage":"fr-FR","@id":"http:\/\/vet-ecg.ddns.net\/wp-content\/uploads\/2018\/04\/Zelda-2-ECG-248.jpg","url":"http:\/\/vet-ecg.ddns.net\/wp-content\/uploads\/2018\/04\/Zelda-2-ECG-248.jpg","contentUrl":"http:\/\/vet-ecg.ddns.net\/wp-content\/uploads\/2018\/04\/Zelda-2-ECG-248.jpg","width":248,"height":248,"caption":"admin"},"logo":{"@id":"http:\/\/vet-ecg.ddns.net\/wp-content\/uploads\/2018\/04\/Zelda-2-ECG-248.jpg"},"description":"Les trac\u00e9s publi\u00e9s sur ce site sont issus de diff\u00e9rentes cliniques v\u00e9t\u00e9rinaires de Paris et de sa banlieue durant les 10 derni\u00e8res ann\u00e9es. Les ECG r\u00e9alis\u00e9s ont \u00e9t\u00e9 r\u00e9alis\u00e9s sur des chiens et des chats qui ont tous b\u00e9n\u00e9fici\u00e9 d'une \u00e9chocardiographie."}]}},"_links":{"self":[{"href":"http:\/\/vet-ecg.ddns.net\/index.php\/wp-json\/wp\/v2\/pages\/3214","targetHints":{"allow":["GET"]}}],"collection":[{"href":"http:\/\/vet-ecg.ddns.net\/index.php\/wp-json\/wp\/v2\/pages"}],"about":[{"href":"http:\/\/vet-ecg.ddns.net\/index.php\/wp-json\/wp\/v2\/types\/page"}],"author":[{"embeddable":true,"href":"http:\/\/vet-ecg.ddns.net\/index.php\/wp-json\/wp\/v2\/users\/1"}],"replies":[{"embeddable":true,"href":"http:\/\/vet-ecg.ddns.net\/index.php\/wp-json\/wp\/v2\/comments?post=3214"}],"version-history":[{"count":0,"href":"http:\/\/vet-ecg.ddns.net\/index.php\/wp-json\/wp\/v2\/pages\/3214\/revisions"}],"wp:attachment":[{"href":"http:\/\/vet-ecg.ddns.net\/index.php\/wp-json\/wp\/v2\/media?parent=3214"}],"curies":[{"name":"wp","href":"https:\/\/api.w.org\/{rel}","templated":true}]}}