{"id":3205,"date":"2021-04-10T17:36:32","date_gmt":"2021-04-10T15:36:32","guid":{"rendered":"http:\/\/vet-ecg.ddns.net\/?page_id=3205"},"modified":"2021-04-10T18:36:39","modified_gmt":"2021-04-10T16:36:39","slug":"dysfonction-sinusale-2","status":"publish","type":"page","link":"http:\/\/vet-ecg.ddns.net\/index.php\/dysfonction-sinusale-2\/","title":{"rendered":"Dysfonction sinusale"},"content":{"rendered":"\n<figure class=\"wp-block-image size-large\"><img loading=\"lazy\" decoding=\"async\" width=\"1024\" height=\"707\" src=\"http:\/\/vet-ecg.ddns.net\/wp-content\/uploads\/bradycardie-sinusale-1024x707.jpg\" alt=\"Bradycardie et blocinter-atrial\" class=\"wp-image-3206\" srcset=\"http:\/\/vet-ecg.ddns.net\/wp-content\/uploads\/bradycardie-sinusale-1024x707.jpg 1024w, http:\/\/vet-ecg.ddns.net\/wp-content\/uploads\/bradycardie-sinusale-300x207.jpg 300w, http:\/\/vet-ecg.ddns.net\/wp-content\/uploads\/bradycardie-sinusale-768x531.jpg 768w, http:\/\/vet-ecg.ddns.net\/wp-content\/uploads\/bradycardie-sinusale-1536x1061.jpg 1536w, http:\/\/vet-ecg.ddns.net\/wp-content\/uploads\/bradycardie-sinusale-2048x1415.jpg 2048w\" sizes=\"auto, (max-width: 1024px) 100vw, 1024px\" \/><figcaption>Bradycardie sinusal et bloc inter-atrial<\/figcaption><\/figure>\n\n\n<p>Ce trac\u00e9 caract\u00e9ristique d&rsquo;une dysfonction sinusale s\u00e9v\u00e8re est celui d&rsquo;un chien de 12 ans (5 kg) est en tr\u00e8s mauvais \u00e9tat g\u00e9n\u00e9ral, il ne peut pas se tenir debout et sa temp\u00e9rature est de 35,6\u00b0C . Il ne montre pas d&rsquo;anomalies notoires \u00e0 l&rsquo;\u00e9chocardiographie. Seul un discret \u00e9paississement des parois du ventricule gauche est not\u00e9. La pression art\u00e9rielle systolique est mesur\u00e9e \u00e0 135 mmhg.<\/p>\n<p>La num\u00e9ration-formule sanguine est dans les normes, de m\u00eame que les examens biochimiques.<\/p>\n<p>La kali\u00e9mie est de 6,85 mEQ\/L. Le cortisol n&rsquo;a pas \u00e9t\u00e9 dos\u00e9.<\/p>\n<p>Sur ce trac\u00e9, on note un rythme sinusal \u00e0 22 bpm. Les QRS sont larges (environ 70 ms) et il existe un bloc atrioventriculaire du 1er degr\u00e9 (PR: 190 ms). Par ailleurs, les ondes P sont bifides, ce qui t\u00e9moigne d&rsquo;un bloc inter-atrial puisque l&rsquo;oreillette gauche n&rsquo;apparait pas dilat\u00e9e \u00e0 l&rsquo;\u00e9chographie.<\/p>\n<p>Ce chien arriv\u00e9 12h plus t\u00f4t pr\u00e9sentait un taux de T4 &lt; 6 pmol\/L et un trouble du rythme alternant extrasystoles atriales et salves d&rsquo;extrasystoles ventriculaires (voir ci-dessous)<\/p>\n\n\n<figure class=\"wp-block-image size-large\"><img loading=\"lazy\" decoding=\"async\" width=\"1024\" height=\"709\" src=\"http:\/\/vet-ecg.ddns.net\/wp-content\/uploads\/dysfonction-sinusale-0-1024x709.jpg\" alt=\"Extrasystoles atriales et ventriculaires sur un rythme de base issu du sinus coronaire\" class=\"wp-image-3207\" srcset=\"http:\/\/vet-ecg.ddns.net\/wp-content\/uploads\/dysfonction-sinusale-0-1024x709.jpg 1024w, http:\/\/vet-ecg.ddns.net\/wp-content\/uploads\/dysfonction-sinusale-0-300x208.jpg 300w, http:\/\/vet-ecg.ddns.net\/wp-content\/uploads\/dysfonction-sinusale-0-768x532.jpg 768w, http:\/\/vet-ecg.ddns.net\/wp-content\/uploads\/dysfonction-sinusale-0-1536x1064.jpg 1536w, http:\/\/vet-ecg.ddns.net\/wp-content\/uploads\/dysfonction-sinusale-0-2048x1418.jpg 2048w\" sizes=\"auto, (max-width: 1024px) 100vw, 1024px\" \/><figcaption>Ectopies atriales et ventriculaires, rythme du sinus coronaire<\/figcaption><\/figure>\n\n\n<p>Sur ces trac\u00e9s, on remarque des ondes P n\u00e9gatives en D2, D3 et AVF, t\u00e9moignant d&rsquo;un rythme issu du sinus coronaire. La fr\u00e9quence est d&rsquo;environ 110 bpm. Les QRS sont fins et non hypovolt\u00e9s.<\/p>\n<p>\u00a0<\/p>\n\n\n<figure class=\"wp-block-image size-large\"><img loading=\"lazy\" decoding=\"async\" width=\"1024\" height=\"746\" src=\"http:\/\/vet-ecg.ddns.net\/wp-content\/uploads\/dysfonction-sinusale-00-1-1024x746.jpg\" alt=\"salves d'extrasystoles atriales au cours d'un rythme de sinus coronaire. (ondes P n\u00e9gatives en D2, D3 et AVF)\" class=\"wp-image-3212\" srcset=\"http:\/\/vet-ecg.ddns.net\/wp-content\/uploads\/dysfonction-sinusale-00-1-1024x746.jpg 1024w, http:\/\/vet-ecg.ddns.net\/wp-content\/uploads\/dysfonction-sinusale-00-1-300x219.jpg 300w, http:\/\/vet-ecg.ddns.net\/wp-content\/uploads\/dysfonction-sinusale-00-1-768x560.jpg 768w, http:\/\/vet-ecg.ddns.net\/wp-content\/uploads\/dysfonction-sinusale-00-1-1536x1120.jpg 1536w, http:\/\/vet-ecg.ddns.net\/wp-content\/uploads\/dysfonction-sinusale-00-1-2048x1493.jpg 2048w\" sizes=\"auto, (max-width: 1024px) 100vw, 1024px\" \/><figcaption>Salves d&rsquo;extrasystoles atriales<\/figcaption><\/figure>\n","protected":false},"excerpt":{"rendered":"<p>Ce trac\u00e9 caract\u00e9ristique d&rsquo;une dysfonction sinusale s\u00e9v\u00e8re est celui d&rsquo;un chien de 12 ans (5 kg) est en tr\u00e8s mauvais \u00e9tat g\u00e9n\u00e9ral, il ne peut pas se tenir debout et sa temp\u00e9rature est de 35,6\u00b0C . Il ne montre pas d&rsquo;anomalies notoires \u00e0 l&rsquo;\u00e9chocardiographie. Seul un discret \u00e9paississement des parois du ventricule gauche est not\u00e9. &hellip; <a href=\"http:\/\/vet-ecg.ddns.net\/index.php\/dysfonction-sinusale-2\/\" class=\"more-link\">Continuer la lecture de <span class=\"screen-reader-text\">Dysfonction sinusale<\/span><\/a><\/p>\n","protected":false},"author":1,"featured_media":0,"parent":0,"menu_order":0,"comment_status":"closed","ping_status":"closed","template":"","meta":{"footnotes":""},"class_list":["post-3205","page","type-page","status-publish","hentry"],"yoast_head":"<!-- This site is optimized with the Yoast SEO plugin v27.4 - https:\/\/yoast.com\/product\/yoast-seo-wordpress\/ -->\n<title>Dysfonction sinusale - Blog d&#039;\u00e9lectrocardiographie v\u00e9t\u00e9rinaire<\/title>\n<meta name=\"description\" content=\"Dysfonction sinusale s\u00e9v\u00e8re associant bradycardie sinusale \u00e0 22 bpm et bloc inter-atrial dans un contexte d&#039;hyothyro\u00efdie\" \/>\n<meta name=\"robots\" content=\"index, follow, max-snippet:-1, max-image-preview:large, max-video-preview:-1\" \/>\n<link rel=\"canonical\" href=\"http:\/\/vet-ecg.ddns.net\/index.php\/dysfonction-sinusale-2\/\" \/>\n<meta name=\"twitter:label1\" content=\"Dur\u00e9e de lecture estim\u00e9e\" \/>\n\t<meta name=\"twitter:data1\" content=\"2 minutes\" \/>\n<script type=\"application\/ld+json\" class=\"yoast-schema-graph\">{\"@context\":\"https:\\\/\\\/schema.org\",\"@graph\":[{\"@type\":\"WebPage\",\"@id\":\"http:\\\/\\\/vet-ecg.ddns.net\\\/index.php\\\/dysfonction-sinusale-2\\\/\",\"url\":\"http:\\\/\\\/vet-ecg.ddns.net\\\/index.php\\\/dysfonction-sinusale-2\\\/\",\"name\":\"Dysfonction sinusale - Blog d&#039;\u00e9lectrocardiographie v\u00e9t\u00e9rinaire\",\"isPartOf\":{\"@id\":\"http:\\\/\\\/vet-ecg.ddns.net\\\/#website\"},\"primaryImageOfPage\":{\"@id\":\"http:\\\/\\\/vet-ecg.ddns.net\\\/index.php\\\/dysfonction-sinusale-2\\\/#primaryimage\"},\"image\":{\"@id\":\"http:\\\/\\\/vet-ecg.ddns.net\\\/index.php\\\/dysfonction-sinusale-2\\\/#primaryimage\"},\"thumbnailUrl\":\"http:\\\/\\\/vet-ecg.ddns.net\\\/wp-content\\\/uploads\\\/bradycardie-sinusale-1024x707.jpg\",\"datePublished\":\"2021-04-10T15:36:32+00:00\",\"dateModified\":\"2021-04-10T16:36:39+00:00\",\"description\":\"Dysfonction sinusale s\u00e9v\u00e8re associant bradycardie sinusale \u00e0 22 bpm et bloc inter-atrial dans un contexte d'hyothyro\u00efdie\",\"breadcrumb\":{\"@id\":\"http:\\\/\\\/vet-ecg.ddns.net\\\/index.php\\\/dysfonction-sinusale-2\\\/#breadcrumb\"},\"inLanguage\":\"fr-FR\",\"potentialAction\":[{\"@type\":\"ReadAction\",\"target\":[\"http:\\\/\\\/vet-ecg.ddns.net\\\/index.php\\\/dysfonction-sinusale-2\\\/\"]}]},{\"@type\":\"ImageObject\",\"inLanguage\":\"fr-FR\",\"@id\":\"http:\\\/\\\/vet-ecg.ddns.net\\\/index.php\\\/dysfonction-sinusale-2\\\/#primaryimage\",\"url\":\"http:\\\/\\\/vet-ecg.ddns.net\\\/wp-content\\\/uploads\\\/bradycardie-sinusale.jpg\",\"contentUrl\":\"http:\\\/\\\/vet-ecg.ddns.net\\\/wp-content\\\/uploads\\\/bradycardie-sinusale.jpg\",\"width\":2300,\"height\":1589},{\"@type\":\"BreadcrumbList\",\"@id\":\"http:\\\/\\\/vet-ecg.ddns.net\\\/index.php\\\/dysfonction-sinusale-2\\\/#breadcrumb\",\"itemListElement\":[{\"@type\":\"ListItem\",\"position\":1,\"name\":\"Accueil\",\"item\":\"http:\\\/\\\/vet-ecg.ddns.net\\\/\"},{\"@type\":\"ListItem\",\"position\":2,\"name\":\"Dysfonction sinusale\"}]},{\"@type\":\"WebSite\",\"@id\":\"http:\\\/\\\/vet-ecg.ddns.net\\\/#website\",\"url\":\"http:\\\/\\\/vet-ecg.ddns.net\\\/\",\"name\":\"Blog d&#039;\u00e9lectrocardiographie v\u00e9t\u00e9rinaire\",\"description\":\"recueil d&#039;ECG de chiens et de chats\",\"publisher\":{\"@id\":\"http:\\\/\\\/vet-ecg.ddns.net\\\/#\\\/schema\\\/person\\\/fec4070a47e235fed904fab73cae00b4\"},\"alternateName\":\"\u00e9lectrocardiographie v\u00e9t\u00e9rinaire\",\"potentialAction\":[{\"@type\":\"SearchAction\",\"target\":{\"@type\":\"EntryPoint\",\"urlTemplate\":\"http:\\\/\\\/vet-ecg.ddns.net\\\/?s={search_term_string}\"},\"query-input\":{\"@type\":\"PropertyValueSpecification\",\"valueRequired\":true,\"valueName\":\"search_term_string\"}}],\"inLanguage\":\"fr-FR\"},{\"@type\":[\"Person\",\"Organization\"],\"@id\":\"http:\\\/\\\/vet-ecg.ddns.net\\\/#\\\/schema\\\/person\\\/fec4070a47e235fed904fab73cae00b4\",\"name\":\"admin\",\"image\":{\"@type\":\"ImageObject\",\"inLanguage\":\"fr-FR\",\"@id\":\"http:\\\/\\\/vet-ecg.ddns.net\\\/wp-content\\\/uploads\\\/2018\\\/04\\\/Zelda-2-ECG-248.jpg\",\"url\":\"http:\\\/\\\/vet-ecg.ddns.net\\\/wp-content\\\/uploads\\\/2018\\\/04\\\/Zelda-2-ECG-248.jpg\",\"contentUrl\":\"http:\\\/\\\/vet-ecg.ddns.net\\\/wp-content\\\/uploads\\\/2018\\\/04\\\/Zelda-2-ECG-248.jpg\",\"width\":248,\"height\":248,\"caption\":\"admin\"},\"logo\":{\"@id\":\"http:\\\/\\\/vet-ecg.ddns.net\\\/wp-content\\\/uploads\\\/2018\\\/04\\\/Zelda-2-ECG-248.jpg\"},\"description\":\"Les trac\u00e9s publi\u00e9s sur ce site sont issus de diff\u00e9rentes cliniques v\u00e9t\u00e9rinaires de Paris et de sa banlieue durant les 10 derni\u00e8res ann\u00e9es. Les ECG r\u00e9alis\u00e9s ont \u00e9t\u00e9 r\u00e9alis\u00e9s sur des chiens et des chats qui ont tous b\u00e9n\u00e9fici\u00e9 d'une \u00e9chocardiographie.\"}]}<\/script>\n<!-- \/ Yoast SEO plugin. -->","yoast_head_json":{"title":"Dysfonction sinusale - Blog d&#039;\u00e9lectrocardiographie v\u00e9t\u00e9rinaire","description":"Dysfonction sinusale s\u00e9v\u00e8re associant bradycardie sinusale \u00e0 22 bpm et bloc inter-atrial dans un contexte d'hyothyro\u00efdie","robots":{"index":"index","follow":"follow","max-snippet":"max-snippet:-1","max-image-preview":"max-image-preview:large","max-video-preview":"max-video-preview:-1"},"canonical":"http:\/\/vet-ecg.ddns.net\/index.php\/dysfonction-sinusale-2\/","twitter_misc":{"Dur\u00e9e de lecture estim\u00e9e":"2 minutes"},"schema":{"@context":"https:\/\/schema.org","@graph":[{"@type":"WebPage","@id":"http:\/\/vet-ecg.ddns.net\/index.php\/dysfonction-sinusale-2\/","url":"http:\/\/vet-ecg.ddns.net\/index.php\/dysfonction-sinusale-2\/","name":"Dysfonction sinusale - Blog d&#039;\u00e9lectrocardiographie v\u00e9t\u00e9rinaire","isPartOf":{"@id":"http:\/\/vet-ecg.ddns.net\/#website"},"primaryImageOfPage":{"@id":"http:\/\/vet-ecg.ddns.net\/index.php\/dysfonction-sinusale-2\/#primaryimage"},"image":{"@id":"http:\/\/vet-ecg.ddns.net\/index.php\/dysfonction-sinusale-2\/#primaryimage"},"thumbnailUrl":"http:\/\/vet-ecg.ddns.net\/wp-content\/uploads\/bradycardie-sinusale-1024x707.jpg","datePublished":"2021-04-10T15:36:32+00:00","dateModified":"2021-04-10T16:36:39+00:00","description":"Dysfonction sinusale s\u00e9v\u00e8re associant bradycardie sinusale \u00e0 22 bpm et bloc inter-atrial dans un contexte d'hyothyro\u00efdie","breadcrumb":{"@id":"http:\/\/vet-ecg.ddns.net\/index.php\/dysfonction-sinusale-2\/#breadcrumb"},"inLanguage":"fr-FR","potentialAction":[{"@type":"ReadAction","target":["http:\/\/vet-ecg.ddns.net\/index.php\/dysfonction-sinusale-2\/"]}]},{"@type":"ImageObject","inLanguage":"fr-FR","@id":"http:\/\/vet-ecg.ddns.net\/index.php\/dysfonction-sinusale-2\/#primaryimage","url":"http:\/\/vet-ecg.ddns.net\/wp-content\/uploads\/bradycardie-sinusale.jpg","contentUrl":"http:\/\/vet-ecg.ddns.net\/wp-content\/uploads\/bradycardie-sinusale.jpg","width":2300,"height":1589},{"@type":"BreadcrumbList","@id":"http:\/\/vet-ecg.ddns.net\/index.php\/dysfonction-sinusale-2\/#breadcrumb","itemListElement":[{"@type":"ListItem","position":1,"name":"Accueil","item":"http:\/\/vet-ecg.ddns.net\/"},{"@type":"ListItem","position":2,"name":"Dysfonction sinusale"}]},{"@type":"WebSite","@id":"http:\/\/vet-ecg.ddns.net\/#website","url":"http:\/\/vet-ecg.ddns.net\/","name":"Blog d&#039;\u00e9lectrocardiographie v\u00e9t\u00e9rinaire","description":"recueil d&#039;ECG de chiens et de chats","publisher":{"@id":"http:\/\/vet-ecg.ddns.net\/#\/schema\/person\/fec4070a47e235fed904fab73cae00b4"},"alternateName":"\u00e9lectrocardiographie v\u00e9t\u00e9rinaire","potentialAction":[{"@type":"SearchAction","target":{"@type":"EntryPoint","urlTemplate":"http:\/\/vet-ecg.ddns.net\/?s={search_term_string}"},"query-input":{"@type":"PropertyValueSpecification","valueRequired":true,"valueName":"search_term_string"}}],"inLanguage":"fr-FR"},{"@type":["Person","Organization"],"@id":"http:\/\/vet-ecg.ddns.net\/#\/schema\/person\/fec4070a47e235fed904fab73cae00b4","name":"admin","image":{"@type":"ImageObject","inLanguage":"fr-FR","@id":"http:\/\/vet-ecg.ddns.net\/wp-content\/uploads\/2018\/04\/Zelda-2-ECG-248.jpg","url":"http:\/\/vet-ecg.ddns.net\/wp-content\/uploads\/2018\/04\/Zelda-2-ECG-248.jpg","contentUrl":"http:\/\/vet-ecg.ddns.net\/wp-content\/uploads\/2018\/04\/Zelda-2-ECG-248.jpg","width":248,"height":248,"caption":"admin"},"logo":{"@id":"http:\/\/vet-ecg.ddns.net\/wp-content\/uploads\/2018\/04\/Zelda-2-ECG-248.jpg"},"description":"Les trac\u00e9s publi\u00e9s sur ce site sont issus de diff\u00e9rentes cliniques v\u00e9t\u00e9rinaires de Paris et de sa banlieue durant les 10 derni\u00e8res ann\u00e9es. Les ECG r\u00e9alis\u00e9s ont \u00e9t\u00e9 r\u00e9alis\u00e9s sur des chiens et des chats qui ont tous b\u00e9n\u00e9fici\u00e9 d'une \u00e9chocardiographie."}]}},"_links":{"self":[{"href":"http:\/\/vet-ecg.ddns.net\/index.php\/wp-json\/wp\/v2\/pages\/3205","targetHints":{"allow":["GET"]}}],"collection":[{"href":"http:\/\/vet-ecg.ddns.net\/index.php\/wp-json\/wp\/v2\/pages"}],"about":[{"href":"http:\/\/vet-ecg.ddns.net\/index.php\/wp-json\/wp\/v2\/types\/page"}],"author":[{"embeddable":true,"href":"http:\/\/vet-ecg.ddns.net\/index.php\/wp-json\/wp\/v2\/users\/1"}],"replies":[{"embeddable":true,"href":"http:\/\/vet-ecg.ddns.net\/index.php\/wp-json\/wp\/v2\/comments?post=3205"}],"version-history":[{"count":0,"href":"http:\/\/vet-ecg.ddns.net\/index.php\/wp-json\/wp\/v2\/pages\/3205\/revisions"}],"wp:attachment":[{"href":"http:\/\/vet-ecg.ddns.net\/index.php\/wp-json\/wp\/v2\/media?parent=3205"}],"curies":[{"name":"wp","href":"https:\/\/api.w.org\/{rel}","templated":true}]}}