{"id":3186,"date":"2020-12-16T12:39:46","date_gmt":"2020-12-16T11:39:46","guid":{"rendered":"http:\/\/vet-ecg.ddns.net\/?page_id=3186"},"modified":"2020-12-16T12:40:32","modified_gmt":"2020-12-16T11:40:32","slug":"phenomene-dashman","status":"publish","type":"page","link":"http:\/\/vet-ecg.ddns.net\/index.php\/phenomene-dashman\/","title":{"rendered":"Ph\u00e9nom\u00e8ne d&rsquo;Ashman"},"content":{"rendered":"<p>L&rsquo;\u00e9chocardiographie de ce chat montre une cardiomyopathie hypertrophique aux retentissements peu marqu\u00e9s. Cependant plusieurs \u00e9pisodes syncopaux sont rapport\u00e9s.<\/p>\n<p>On remarque en premier lieu, de nombreuses extrasystoles ventriculaires tr\u00e8s pr\u00e9coces.<\/p>\n<p>Le d\u00e9but de la d\u00e9polarisation extrasystolique se produit \u00e0 la fin de l&rsquo;onde T (p\u00e9riode vuln\u00e9rable) et est \u00e0 m\u00eame de donner naissance \u00e0 une tachycardie ventriculaire, voire une fibrillation ventriculaire.<\/p>\n<p>D&rsquo;autre part, il faut pr\u00eater une attention particuli\u00e8re au dernier complexe QRS. En effet , celui-ci se pr\u00e9sente comme un complexe extrasystolique mais de polarit\u00e9 et de morphologie diff\u00e9rentes.<\/p>\n<p>Plut\u00f4t que d&rsquo;\u00e9voquer plusieurs foyers arythmog\u00e8nes sur ce trac\u00e9, il faut remarquer que ce complexe pr\u00e9coce survient apr\u00e8s un cycle long.<\/p>\n<p>L&rsquo;alternance cycle long &#8211; cycle court favorise les troubles de conduction intraventriculaire car la dur\u00e9e de la p\u00e9riode r\u00e9fractaire du faisceau de His est proportionnelle \u00e0 la dur\u00e9e de l&rsquo;intervalle RR qui pr\u00e9c\u00e8de.<\/p>\n<p>Lorsqu&rsquo;un influx pr\u00e9coce survient alors que les cellules du faisceau de His ne sont que partiellement sorties de leur p\u00e9riode r\u00e9fractaire, il s&rsquo;ensuit un ralentissement de la conduction intraventriculaire qui donne cet aspect de QRS \u00e9largi \u00e0 l&rsquo;allure extrasystolique alors qu&rsquo;il s&rsquo;agit d&rsquo;un complexe d&rsquo;origine sinusale. C&rsquo;est le ph\u00e9nom\u00e8ne d&rsquo;Ashman.<\/p>\n<p>\u00a0<\/p>\n\n\n<figure class=\"wp-block-image size-large\"><img loading=\"lazy\" decoding=\"async\" width=\"987\" height=\"1024\" src=\"http:\/\/vet-ecg.ddns.net\/wp-content\/uploads\/ashman-987x1024.jpg\" alt=\"\" class=\"wp-image-3187\" srcset=\"http:\/\/vet-ecg.ddns.net\/wp-content\/uploads\/ashman-987x1024.jpg 987w, http:\/\/vet-ecg.ddns.net\/wp-content\/uploads\/ashman-289x300.jpg 289w, http:\/\/vet-ecg.ddns.net\/wp-content\/uploads\/ashman-768x797.jpg 768w, http:\/\/vet-ecg.ddns.net\/wp-content\/uploads\/ashman-1480x1536.jpg 1480w, http:\/\/vet-ecg.ddns.net\/wp-content\/uploads\/ashman.jpg 1900w\" sizes=\"auto, (max-width: 987px) 100vw, 987px\" \/><figcaption>ESV R\/T et ph\u00e9nom\u00e8ne d&rsquo;Ashman<\/figcaption><\/figure>\n\n\n\n<figure class=\"wp-block-image size-large\"><img loading=\"lazy\" decoding=\"async\" width=\"379\" height=\"519\" src=\"http:\/\/vet-ecg.ddns.net\/wp-content\/uploads\/esv-R-T-details.jpg\" alt=\"\" class=\"wp-image-3188\" srcset=\"http:\/\/vet-ecg.ddns.net\/wp-content\/uploads\/esv-R-T-details.jpg 379w, http:\/\/vet-ecg.ddns.net\/wp-content\/uploads\/esv-R-T-details-219x300.jpg 219w\" sizes=\"auto, (max-width: 379px) 100vw, 379px\" \/><figcaption>d\u00e9tails: ESV R\/T<\/figcaption><\/figure>\n\n\n\n<figure class=\"wp-block-image size-large\"><img loading=\"lazy\" decoding=\"async\" width=\"490\" height=\"508\" src=\"http:\/\/vet-ecg.ddns.net\/wp-content\/uploads\/ashman-details.jpg\" alt=\"\" class=\"wp-image-3189\" srcset=\"http:\/\/vet-ecg.ddns.net\/wp-content\/uploads\/ashman-details.jpg 490w, http:\/\/vet-ecg.ddns.net\/wp-content\/uploads\/ashman-details-289x300.jpg 289w\" sizes=\"auto, (max-width: 490px) 100vw, 490px\" \/><figcaption>cycle long-cycle court<\/figcaption><\/figure>\n","protected":false},"excerpt":{"rendered":"<p>L&rsquo;\u00e9chocardiographie de ce chat montre une cardiomyopathie hypertrophique aux retentissements peu marqu\u00e9s. Cependant plusieurs \u00e9pisodes syncopaux sont rapport\u00e9s. On remarque en premier lieu, de nombreuses extrasystoles ventriculaires tr\u00e8s pr\u00e9coces. Le d\u00e9but de la d\u00e9polarisation extrasystolique se produit \u00e0 la fin de l&rsquo;onde T (p\u00e9riode vuln\u00e9rable) et est \u00e0 m\u00eame de donner naissance \u00e0 une tachycardie &hellip; <a href=\"http:\/\/vet-ecg.ddns.net\/index.php\/phenomene-dashman\/\" class=\"more-link\">Continuer la lecture de <span class=\"screen-reader-text\">Ph\u00e9nom\u00e8ne d&rsquo;Ashman<\/span><\/a><\/p>\n","protected":false},"author":1,"featured_media":0,"parent":0,"menu_order":0,"comment_status":"closed","ping_status":"closed","template":"","meta":{"footnotes":""},"class_list":["post-3186","page","type-page","status-publish","hentry"],"yoast_head":"<!-- This site is optimized with the Yoast SEO plugin v27.4 - https:\/\/yoast.com\/product\/yoast-seo-wordpress\/ -->\n<title>Ph\u00e9nom\u00e8ne d&#039;Ashman - Blog d&#039;\u00e9lectrocardiographie v\u00e9t\u00e9rinaire<\/title>\n<meta name=\"description\" content=\"Ph\u00e9nom\u00e8ne d&#039;Ashman et ESV R\/T compliquant une cardiomyopathie hypertrophique aux retentissements peu marqu\u00e9s.\" \/>\n<meta name=\"robots\" content=\"index, follow, max-snippet:-1, max-image-preview:large, max-video-preview:-1\" \/>\n<link rel=\"canonical\" href=\"http:\/\/vet-ecg.ddns.net\/index.php\/phenomene-dashman\/\" \/>\n<meta name=\"twitter:label1\" content=\"Dur\u00e9e de lecture estim\u00e9e\" \/>\n\t<meta name=\"twitter:data1\" content=\"1 minute\" \/>\n<script type=\"application\/ld+json\" class=\"yoast-schema-graph\">{\"@context\":\"https:\\\/\\\/schema.org\",\"@graph\":[{\"@type\":\"WebPage\",\"@id\":\"http:\\\/\\\/vet-ecg.ddns.net\\\/index.php\\\/phenomene-dashman\\\/\",\"url\":\"http:\\\/\\\/vet-ecg.ddns.net\\\/index.php\\\/phenomene-dashman\\\/\",\"name\":\"Ph\u00e9nom\u00e8ne d'Ashman - Blog d&#039;\u00e9lectrocardiographie v\u00e9t\u00e9rinaire\",\"isPartOf\":{\"@id\":\"http:\\\/\\\/vet-ecg.ddns.net\\\/#website\"},\"primaryImageOfPage\":{\"@id\":\"http:\\\/\\\/vet-ecg.ddns.net\\\/index.php\\\/phenomene-dashman\\\/#primaryimage\"},\"image\":{\"@id\":\"http:\\\/\\\/vet-ecg.ddns.net\\\/index.php\\\/phenomene-dashman\\\/#primaryimage\"},\"thumbnailUrl\":\"http:\\\/\\\/vet-ecg.ddns.net\\\/wp-content\\\/uploads\\\/ashman-987x1024.jpg\",\"datePublished\":\"2020-12-16T11:39:46+00:00\",\"dateModified\":\"2020-12-16T11:40:32+00:00\",\"description\":\"Ph\u00e9nom\u00e8ne d'Ashman et ESV R\\\/T compliquant une cardiomyopathie hypertrophique aux retentissements peu marqu\u00e9s.\",\"breadcrumb\":{\"@id\":\"http:\\\/\\\/vet-ecg.ddns.net\\\/index.php\\\/phenomene-dashman\\\/#breadcrumb\"},\"inLanguage\":\"fr-FR\",\"potentialAction\":[{\"@type\":\"ReadAction\",\"target\":[\"http:\\\/\\\/vet-ecg.ddns.net\\\/index.php\\\/phenomene-dashman\\\/\"]}]},{\"@type\":\"ImageObject\",\"inLanguage\":\"fr-FR\",\"@id\":\"http:\\\/\\\/vet-ecg.ddns.net\\\/index.php\\\/phenomene-dashman\\\/#primaryimage\",\"url\":\"http:\\\/\\\/vet-ecg.ddns.net\\\/wp-content\\\/uploads\\\/ashman.jpg\",\"contentUrl\":\"http:\\\/\\\/vet-ecg.ddns.net\\\/wp-content\\\/uploads\\\/ashman.jpg\",\"width\":1900,\"height\":1972,\"caption\":\"Created with GIMP\"},{\"@type\":\"BreadcrumbList\",\"@id\":\"http:\\\/\\\/vet-ecg.ddns.net\\\/index.php\\\/phenomene-dashman\\\/#breadcrumb\",\"itemListElement\":[{\"@type\":\"ListItem\",\"position\":1,\"name\":\"Accueil\",\"item\":\"http:\\\/\\\/vet-ecg.ddns.net\\\/\"},{\"@type\":\"ListItem\",\"position\":2,\"name\":\"Ph\u00e9nom\u00e8ne d&rsquo;Ashman\"}]},{\"@type\":\"WebSite\",\"@id\":\"http:\\\/\\\/vet-ecg.ddns.net\\\/#website\",\"url\":\"http:\\\/\\\/vet-ecg.ddns.net\\\/\",\"name\":\"Blog d&#039;\u00e9lectrocardiographie v\u00e9t\u00e9rinaire\",\"description\":\"recueil d&#039;ECG de chiens et de chats\",\"publisher\":{\"@id\":\"http:\\\/\\\/vet-ecg.ddns.net\\\/#\\\/schema\\\/person\\\/fec4070a47e235fed904fab73cae00b4\"},\"alternateName\":\"\u00e9lectrocardiographie v\u00e9t\u00e9rinaire\",\"potentialAction\":[{\"@type\":\"SearchAction\",\"target\":{\"@type\":\"EntryPoint\",\"urlTemplate\":\"http:\\\/\\\/vet-ecg.ddns.net\\\/?s={search_term_string}\"},\"query-input\":{\"@type\":\"PropertyValueSpecification\",\"valueRequired\":true,\"valueName\":\"search_term_string\"}}],\"inLanguage\":\"fr-FR\"},{\"@type\":[\"Person\",\"Organization\"],\"@id\":\"http:\\\/\\\/vet-ecg.ddns.net\\\/#\\\/schema\\\/person\\\/fec4070a47e235fed904fab73cae00b4\",\"name\":\"admin\",\"image\":{\"@type\":\"ImageObject\",\"inLanguage\":\"fr-FR\",\"@id\":\"http:\\\/\\\/vet-ecg.ddns.net\\\/wp-content\\\/uploads\\\/2018\\\/04\\\/Zelda-2-ECG-248.jpg\",\"url\":\"http:\\\/\\\/vet-ecg.ddns.net\\\/wp-content\\\/uploads\\\/2018\\\/04\\\/Zelda-2-ECG-248.jpg\",\"contentUrl\":\"http:\\\/\\\/vet-ecg.ddns.net\\\/wp-content\\\/uploads\\\/2018\\\/04\\\/Zelda-2-ECG-248.jpg\",\"width\":248,\"height\":248,\"caption\":\"admin\"},\"logo\":{\"@id\":\"http:\\\/\\\/vet-ecg.ddns.net\\\/wp-content\\\/uploads\\\/2018\\\/04\\\/Zelda-2-ECG-248.jpg\"},\"description\":\"Les trac\u00e9s publi\u00e9s sur ce site sont issus de diff\u00e9rentes cliniques v\u00e9t\u00e9rinaires de Paris et de sa banlieue durant les 10 derni\u00e8res ann\u00e9es. Les ECG r\u00e9alis\u00e9s ont \u00e9t\u00e9 r\u00e9alis\u00e9s sur des chiens et des chats qui ont tous b\u00e9n\u00e9fici\u00e9 d'une \u00e9chocardiographie.\"}]}<\/script>\n<!-- \/ Yoast SEO plugin. -->","yoast_head_json":{"title":"Ph\u00e9nom\u00e8ne d'Ashman - Blog d&#039;\u00e9lectrocardiographie v\u00e9t\u00e9rinaire","description":"Ph\u00e9nom\u00e8ne d'Ashman et ESV R\/T compliquant une cardiomyopathie hypertrophique aux retentissements peu marqu\u00e9s.","robots":{"index":"index","follow":"follow","max-snippet":"max-snippet:-1","max-image-preview":"max-image-preview:large","max-video-preview":"max-video-preview:-1"},"canonical":"http:\/\/vet-ecg.ddns.net\/index.php\/phenomene-dashman\/","twitter_misc":{"Dur\u00e9e de lecture estim\u00e9e":"1 minute"},"schema":{"@context":"https:\/\/schema.org","@graph":[{"@type":"WebPage","@id":"http:\/\/vet-ecg.ddns.net\/index.php\/phenomene-dashman\/","url":"http:\/\/vet-ecg.ddns.net\/index.php\/phenomene-dashman\/","name":"Ph\u00e9nom\u00e8ne d'Ashman - Blog d&#039;\u00e9lectrocardiographie v\u00e9t\u00e9rinaire","isPartOf":{"@id":"http:\/\/vet-ecg.ddns.net\/#website"},"primaryImageOfPage":{"@id":"http:\/\/vet-ecg.ddns.net\/index.php\/phenomene-dashman\/#primaryimage"},"image":{"@id":"http:\/\/vet-ecg.ddns.net\/index.php\/phenomene-dashman\/#primaryimage"},"thumbnailUrl":"http:\/\/vet-ecg.ddns.net\/wp-content\/uploads\/ashman-987x1024.jpg","datePublished":"2020-12-16T11:39:46+00:00","dateModified":"2020-12-16T11:40:32+00:00","description":"Ph\u00e9nom\u00e8ne d'Ashman et ESV R\/T compliquant une cardiomyopathie hypertrophique aux retentissements peu marqu\u00e9s.","breadcrumb":{"@id":"http:\/\/vet-ecg.ddns.net\/index.php\/phenomene-dashman\/#breadcrumb"},"inLanguage":"fr-FR","potentialAction":[{"@type":"ReadAction","target":["http:\/\/vet-ecg.ddns.net\/index.php\/phenomene-dashman\/"]}]},{"@type":"ImageObject","inLanguage":"fr-FR","@id":"http:\/\/vet-ecg.ddns.net\/index.php\/phenomene-dashman\/#primaryimage","url":"http:\/\/vet-ecg.ddns.net\/wp-content\/uploads\/ashman.jpg","contentUrl":"http:\/\/vet-ecg.ddns.net\/wp-content\/uploads\/ashman.jpg","width":1900,"height":1972,"caption":"Created with GIMP"},{"@type":"BreadcrumbList","@id":"http:\/\/vet-ecg.ddns.net\/index.php\/phenomene-dashman\/#breadcrumb","itemListElement":[{"@type":"ListItem","position":1,"name":"Accueil","item":"http:\/\/vet-ecg.ddns.net\/"},{"@type":"ListItem","position":2,"name":"Ph\u00e9nom\u00e8ne d&rsquo;Ashman"}]},{"@type":"WebSite","@id":"http:\/\/vet-ecg.ddns.net\/#website","url":"http:\/\/vet-ecg.ddns.net\/","name":"Blog d&#039;\u00e9lectrocardiographie v\u00e9t\u00e9rinaire","description":"recueil d&#039;ECG de chiens et de chats","publisher":{"@id":"http:\/\/vet-ecg.ddns.net\/#\/schema\/person\/fec4070a47e235fed904fab73cae00b4"},"alternateName":"\u00e9lectrocardiographie v\u00e9t\u00e9rinaire","potentialAction":[{"@type":"SearchAction","target":{"@type":"EntryPoint","urlTemplate":"http:\/\/vet-ecg.ddns.net\/?s={search_term_string}"},"query-input":{"@type":"PropertyValueSpecification","valueRequired":true,"valueName":"search_term_string"}}],"inLanguage":"fr-FR"},{"@type":["Person","Organization"],"@id":"http:\/\/vet-ecg.ddns.net\/#\/schema\/person\/fec4070a47e235fed904fab73cae00b4","name":"admin","image":{"@type":"ImageObject","inLanguage":"fr-FR","@id":"http:\/\/vet-ecg.ddns.net\/wp-content\/uploads\/2018\/04\/Zelda-2-ECG-248.jpg","url":"http:\/\/vet-ecg.ddns.net\/wp-content\/uploads\/2018\/04\/Zelda-2-ECG-248.jpg","contentUrl":"http:\/\/vet-ecg.ddns.net\/wp-content\/uploads\/2018\/04\/Zelda-2-ECG-248.jpg","width":248,"height":248,"caption":"admin"},"logo":{"@id":"http:\/\/vet-ecg.ddns.net\/wp-content\/uploads\/2018\/04\/Zelda-2-ECG-248.jpg"},"description":"Les trac\u00e9s publi\u00e9s sur ce site sont issus de diff\u00e9rentes cliniques v\u00e9t\u00e9rinaires de Paris et de sa banlieue durant les 10 derni\u00e8res ann\u00e9es. Les ECG r\u00e9alis\u00e9s ont \u00e9t\u00e9 r\u00e9alis\u00e9s sur des chiens et des chats qui ont tous b\u00e9n\u00e9fici\u00e9 d'une \u00e9chocardiographie."}]}},"_links":{"self":[{"href":"http:\/\/vet-ecg.ddns.net\/index.php\/wp-json\/wp\/v2\/pages\/3186","targetHints":{"allow":["GET"]}}],"collection":[{"href":"http:\/\/vet-ecg.ddns.net\/index.php\/wp-json\/wp\/v2\/pages"}],"about":[{"href":"http:\/\/vet-ecg.ddns.net\/index.php\/wp-json\/wp\/v2\/types\/page"}],"author":[{"embeddable":true,"href":"http:\/\/vet-ecg.ddns.net\/index.php\/wp-json\/wp\/v2\/users\/1"}],"replies":[{"embeddable":true,"href":"http:\/\/vet-ecg.ddns.net\/index.php\/wp-json\/wp\/v2\/comments?post=3186"}],"version-history":[{"count":0,"href":"http:\/\/vet-ecg.ddns.net\/index.php\/wp-json\/wp\/v2\/pages\/3186\/revisions"}],"wp:attachment":[{"href":"http:\/\/vet-ecg.ddns.net\/index.php\/wp-json\/wp\/v2\/media?parent=3186"}],"curies":[{"name":"wp","href":"https:\/\/api.w.org\/{rel}","templated":true}]}}