{"id":3146,"date":"2020-09-02T11:45:29","date_gmt":"2020-09-02T09:45:29","guid":{"rendered":"http:\/\/vet-ecg.ddns.net\/?page_id=3146"},"modified":"2020-09-02T11:45:31","modified_gmt":"2020-09-02T09:45:31","slug":"hypokaliemie","status":"publish","type":"page","link":"http:\/\/vet-ecg.ddns.net\/index.php\/hypokaliemie\/","title":{"rendered":"hypokali\u00e9mie"},"content":{"rendered":"\n<figure class=\"wp-block-image size-large\"><img loading=\"lazy\" decoding=\"async\" width=\"1024\" height=\"861\" src=\"http:\/\/vet-ecg.ddns.net\/wp-content\/uploads\/hypo-k-2-5-1024x861.jpg\" alt=\"hypokali\u00e9mie \u00e0 2,5 mmol\/l chez un chat pr\u00e9sentant une masse surr\u00e9nalienne unilat\u00e9rale. (syndrome de Conn: hyperaldost\u00e9ronisme)\" class=\"wp-image-3147\" srcset=\"http:\/\/vet-ecg.ddns.net\/wp-content\/uploads\/hypo-k-2-5-1024x861.jpg 1024w, http:\/\/vet-ecg.ddns.net\/wp-content\/uploads\/hypo-k-2-5-300x252.jpg 300w, http:\/\/vet-ecg.ddns.net\/wp-content\/uploads\/hypo-k-2-5-768x646.jpg 768w, http:\/\/vet-ecg.ddns.net\/wp-content\/uploads\/hypo-k-2-5-1536x1292.jpg 1536w, http:\/\/vet-ecg.ddns.net\/wp-content\/uploads\/hypo-k-2-5-2048x1722.jpg 2048w\" sizes=\"auto, (max-width: 1024px) 100vw, 1024px\" \/><figcaption>Hypokali\u00e9mie \u00e0 2,5 mmol\/l chez un chat<\/figcaption><\/figure>\n\n\n<p>L&rsquo;\u00e9chographie abdominale r\u00e9v\u00e8le une masse surr\u00e9nalienne unilat\u00e9rale sans autre anomalie. L&rsquo;\u00e9chocardiographie est normale de m\u00eame que le bilan h\u00e9mato-biochimique.<\/p>\n<p>L&rsquo;ecg montre une anomalie de repolarisation caract\u00e9ris\u00e9e par la pr\u00e9sence d&rsquo;une onde U.<\/p>\n<p>L&rsquo;intervalle QT (ici QU) est long.<\/p>\n<p>Par ailleurs, l&rsquo;amplitude des QRS est mod\u00e9r\u00e9ment augment\u00e9e.<\/p>\n<p>\u00a0<\/p>\n\n\n<figure class=\"wp-block-image size-large\"><img loading=\"lazy\" decoding=\"async\" width=\"451\" height=\"1024\" src=\"http:\/\/vet-ecg.ddns.net\/wp-content\/uploads\/hypo-k-details-451x1024.jpg\" alt=\"d\u00e9tails de la repolarisation lors d'hypokali\u00e9mie (2,5 mmol\/l)\" class=\"wp-image-3148\" srcset=\"http:\/\/vet-ecg.ddns.net\/wp-content\/uploads\/hypo-k-details-451x1024.jpg 451w, http:\/\/vet-ecg.ddns.net\/wp-content\/uploads\/hypo-k-details-132x300.jpg 132w, http:\/\/vet-ecg.ddns.net\/wp-content\/uploads\/hypo-k-details.jpg 456w\" sizes=\"auto, (max-width: 451px) 100vw, 451px\" \/><figcaption>d\u00e9tails de la repolarisation <\/figcaption><\/figure>\n","protected":false},"excerpt":{"rendered":"<p>L&rsquo;\u00e9chographie abdominale r\u00e9v\u00e8le une masse surr\u00e9nalienne unilat\u00e9rale sans autre anomalie. L&rsquo;\u00e9chocardiographie est normale de m\u00eame que le bilan h\u00e9mato-biochimique. L&rsquo;ecg montre une anomalie de repolarisation caract\u00e9ris\u00e9e par la pr\u00e9sence d&rsquo;une onde U. L&rsquo;intervalle QT (ici QU) est long. Par ailleurs, l&rsquo;amplitude des QRS est mod\u00e9r\u00e9ment augment\u00e9e. \u00a0<\/p>\n","protected":false},"author":1,"featured_media":0,"parent":0,"menu_order":0,"comment_status":"closed","ping_status":"closed","template":"","meta":{"footnotes":""},"class_list":["post-3146","page","type-page","status-publish","hentry"],"yoast_head":"<!-- This site is optimized with the Yoast SEO plugin v27.4 - https:\/\/yoast.com\/product\/yoast-seo-wordpress\/ -->\n<title>hypokali\u00e9mie - Blog d&#039;\u00e9lectrocardiographie v\u00e9t\u00e9rinaire<\/title>\n<meta name=\"description\" content=\"Hypokali\u00e9mie chez un chat atteint d&#039;une masse surr\u00e9nalienne unilat\u00e9rale (syndrome de Conn, hyperaldost\u00e9ronisme primaire)\" \/>\n<meta name=\"robots\" content=\"index, follow, max-snippet:-1, max-image-preview:large, max-video-preview:-1\" \/>\n<link rel=\"canonical\" href=\"http:\/\/vet-ecg.ddns.net\/index.php\/hypokaliemie\/\" \/>\n<script type=\"application\/ld+json\" class=\"yoast-schema-graph\">{\"@context\":\"https:\\\/\\\/schema.org\",\"@graph\":[{\"@type\":\"WebPage\",\"@id\":\"http:\\\/\\\/vet-ecg.ddns.net\\\/index.php\\\/hypokaliemie\\\/\",\"url\":\"http:\\\/\\\/vet-ecg.ddns.net\\\/index.php\\\/hypokaliemie\\\/\",\"name\":\"hypokali\u00e9mie - Blog d&#039;\u00e9lectrocardiographie v\u00e9t\u00e9rinaire\",\"isPartOf\":{\"@id\":\"http:\\\/\\\/vet-ecg.ddns.net\\\/#website\"},\"primaryImageOfPage\":{\"@id\":\"http:\\\/\\\/vet-ecg.ddns.net\\\/index.php\\\/hypokaliemie\\\/#primaryimage\"},\"image\":{\"@id\":\"http:\\\/\\\/vet-ecg.ddns.net\\\/index.php\\\/hypokaliemie\\\/#primaryimage\"},\"thumbnailUrl\":\"http:\\\/\\\/vet-ecg.ddns.net\\\/wp-content\\\/uploads\\\/hypo-k-2-5-1024x861.jpg\",\"datePublished\":\"2020-09-02T09:45:29+00:00\",\"dateModified\":\"2020-09-02T09:45:31+00:00\",\"description\":\"Hypokali\u00e9mie chez un chat atteint d'une masse surr\u00e9nalienne unilat\u00e9rale (syndrome de Conn, hyperaldost\u00e9ronisme primaire)\",\"breadcrumb\":{\"@id\":\"http:\\\/\\\/vet-ecg.ddns.net\\\/index.php\\\/hypokaliemie\\\/#breadcrumb\"},\"inLanguage\":\"fr-FR\",\"potentialAction\":[{\"@type\":\"ReadAction\",\"target\":[\"http:\\\/\\\/vet-ecg.ddns.net\\\/index.php\\\/hypokaliemie\\\/\"]}]},{\"@type\":\"ImageObject\",\"inLanguage\":\"fr-FR\",\"@id\":\"http:\\\/\\\/vet-ecg.ddns.net\\\/index.php\\\/hypokaliemie\\\/#primaryimage\",\"url\":\"http:\\\/\\\/vet-ecg.ddns.net\\\/wp-content\\\/uploads\\\/hypo-k-2-5-1024x861.jpg\",\"contentUrl\":\"http:\\\/\\\/vet-ecg.ddns.net\\\/wp-content\\\/uploads\\\/hypo-k-2-5-1024x861.jpg\"},{\"@type\":\"BreadcrumbList\",\"@id\":\"http:\\\/\\\/vet-ecg.ddns.net\\\/index.php\\\/hypokaliemie\\\/#breadcrumb\",\"itemListElement\":[{\"@type\":\"ListItem\",\"position\":1,\"name\":\"Accueil\",\"item\":\"http:\\\/\\\/vet-ecg.ddns.net\\\/\"},{\"@type\":\"ListItem\",\"position\":2,\"name\":\"hypokali\u00e9mie\"}]},{\"@type\":\"WebSite\",\"@id\":\"http:\\\/\\\/vet-ecg.ddns.net\\\/#website\",\"url\":\"http:\\\/\\\/vet-ecg.ddns.net\\\/\",\"name\":\"Blog d&#039;\u00e9lectrocardiographie v\u00e9t\u00e9rinaire\",\"description\":\"recueil d&#039;ECG de chiens et de chats\",\"publisher\":{\"@id\":\"http:\\\/\\\/vet-ecg.ddns.net\\\/#\\\/schema\\\/person\\\/fec4070a47e235fed904fab73cae00b4\"},\"alternateName\":\"\u00e9lectrocardiographie v\u00e9t\u00e9rinaire\",\"potentialAction\":[{\"@type\":\"SearchAction\",\"target\":{\"@type\":\"EntryPoint\",\"urlTemplate\":\"http:\\\/\\\/vet-ecg.ddns.net\\\/?s={search_term_string}\"},\"query-input\":{\"@type\":\"PropertyValueSpecification\",\"valueRequired\":true,\"valueName\":\"search_term_string\"}}],\"inLanguage\":\"fr-FR\"},{\"@type\":[\"Person\",\"Organization\"],\"@id\":\"http:\\\/\\\/vet-ecg.ddns.net\\\/#\\\/schema\\\/person\\\/fec4070a47e235fed904fab73cae00b4\",\"name\":\"admin\",\"image\":{\"@type\":\"ImageObject\",\"inLanguage\":\"fr-FR\",\"@id\":\"http:\\\/\\\/vet-ecg.ddns.net\\\/wp-content\\\/uploads\\\/2018\\\/04\\\/Zelda-2-ECG-248.jpg\",\"url\":\"http:\\\/\\\/vet-ecg.ddns.net\\\/wp-content\\\/uploads\\\/2018\\\/04\\\/Zelda-2-ECG-248.jpg\",\"contentUrl\":\"http:\\\/\\\/vet-ecg.ddns.net\\\/wp-content\\\/uploads\\\/2018\\\/04\\\/Zelda-2-ECG-248.jpg\",\"width\":248,\"height\":248,\"caption\":\"admin\"},\"logo\":{\"@id\":\"http:\\\/\\\/vet-ecg.ddns.net\\\/wp-content\\\/uploads\\\/2018\\\/04\\\/Zelda-2-ECG-248.jpg\"},\"description\":\"Les trac\u00e9s publi\u00e9s sur ce site sont issus de diff\u00e9rentes cliniques v\u00e9t\u00e9rinaires de Paris et de sa banlieue durant les 10 derni\u00e8res ann\u00e9es. Les ECG r\u00e9alis\u00e9s ont \u00e9t\u00e9 r\u00e9alis\u00e9s sur des chiens et des chats qui ont tous b\u00e9n\u00e9fici\u00e9 d'une \u00e9chocardiographie.\"}]}<\/script>\n<!-- \/ Yoast SEO plugin. -->","yoast_head_json":{"title":"hypokali\u00e9mie - Blog d&#039;\u00e9lectrocardiographie v\u00e9t\u00e9rinaire","description":"Hypokali\u00e9mie chez un chat atteint d'une masse surr\u00e9nalienne unilat\u00e9rale (syndrome de Conn, hyperaldost\u00e9ronisme primaire)","robots":{"index":"index","follow":"follow","max-snippet":"max-snippet:-1","max-image-preview":"max-image-preview:large","max-video-preview":"max-video-preview:-1"},"canonical":"http:\/\/vet-ecg.ddns.net\/index.php\/hypokaliemie\/","schema":{"@context":"https:\/\/schema.org","@graph":[{"@type":"WebPage","@id":"http:\/\/vet-ecg.ddns.net\/index.php\/hypokaliemie\/","url":"http:\/\/vet-ecg.ddns.net\/index.php\/hypokaliemie\/","name":"hypokali\u00e9mie - Blog d&#039;\u00e9lectrocardiographie v\u00e9t\u00e9rinaire","isPartOf":{"@id":"http:\/\/vet-ecg.ddns.net\/#website"},"primaryImageOfPage":{"@id":"http:\/\/vet-ecg.ddns.net\/index.php\/hypokaliemie\/#primaryimage"},"image":{"@id":"http:\/\/vet-ecg.ddns.net\/index.php\/hypokaliemie\/#primaryimage"},"thumbnailUrl":"http:\/\/vet-ecg.ddns.net\/wp-content\/uploads\/hypo-k-2-5-1024x861.jpg","datePublished":"2020-09-02T09:45:29+00:00","dateModified":"2020-09-02T09:45:31+00:00","description":"Hypokali\u00e9mie chez un chat atteint d'une masse surr\u00e9nalienne unilat\u00e9rale (syndrome de Conn, hyperaldost\u00e9ronisme primaire)","breadcrumb":{"@id":"http:\/\/vet-ecg.ddns.net\/index.php\/hypokaliemie\/#breadcrumb"},"inLanguage":"fr-FR","potentialAction":[{"@type":"ReadAction","target":["http:\/\/vet-ecg.ddns.net\/index.php\/hypokaliemie\/"]}]},{"@type":"ImageObject","inLanguage":"fr-FR","@id":"http:\/\/vet-ecg.ddns.net\/index.php\/hypokaliemie\/#primaryimage","url":"http:\/\/vet-ecg.ddns.net\/wp-content\/uploads\/hypo-k-2-5-1024x861.jpg","contentUrl":"http:\/\/vet-ecg.ddns.net\/wp-content\/uploads\/hypo-k-2-5-1024x861.jpg"},{"@type":"BreadcrumbList","@id":"http:\/\/vet-ecg.ddns.net\/index.php\/hypokaliemie\/#breadcrumb","itemListElement":[{"@type":"ListItem","position":1,"name":"Accueil","item":"http:\/\/vet-ecg.ddns.net\/"},{"@type":"ListItem","position":2,"name":"hypokali\u00e9mie"}]},{"@type":"WebSite","@id":"http:\/\/vet-ecg.ddns.net\/#website","url":"http:\/\/vet-ecg.ddns.net\/","name":"Blog d&#039;\u00e9lectrocardiographie v\u00e9t\u00e9rinaire","description":"recueil d&#039;ECG de chiens et de chats","publisher":{"@id":"http:\/\/vet-ecg.ddns.net\/#\/schema\/person\/fec4070a47e235fed904fab73cae00b4"},"alternateName":"\u00e9lectrocardiographie v\u00e9t\u00e9rinaire","potentialAction":[{"@type":"SearchAction","target":{"@type":"EntryPoint","urlTemplate":"http:\/\/vet-ecg.ddns.net\/?s={search_term_string}"},"query-input":{"@type":"PropertyValueSpecification","valueRequired":true,"valueName":"search_term_string"}}],"inLanguage":"fr-FR"},{"@type":["Person","Organization"],"@id":"http:\/\/vet-ecg.ddns.net\/#\/schema\/person\/fec4070a47e235fed904fab73cae00b4","name":"admin","image":{"@type":"ImageObject","inLanguage":"fr-FR","@id":"http:\/\/vet-ecg.ddns.net\/wp-content\/uploads\/2018\/04\/Zelda-2-ECG-248.jpg","url":"http:\/\/vet-ecg.ddns.net\/wp-content\/uploads\/2018\/04\/Zelda-2-ECG-248.jpg","contentUrl":"http:\/\/vet-ecg.ddns.net\/wp-content\/uploads\/2018\/04\/Zelda-2-ECG-248.jpg","width":248,"height":248,"caption":"admin"},"logo":{"@id":"http:\/\/vet-ecg.ddns.net\/wp-content\/uploads\/2018\/04\/Zelda-2-ECG-248.jpg"},"description":"Les trac\u00e9s publi\u00e9s sur ce site sont issus de diff\u00e9rentes cliniques v\u00e9t\u00e9rinaires de Paris et de sa banlieue durant les 10 derni\u00e8res ann\u00e9es. Les ECG r\u00e9alis\u00e9s ont \u00e9t\u00e9 r\u00e9alis\u00e9s sur des chiens et des chats qui ont tous b\u00e9n\u00e9fici\u00e9 d'une \u00e9chocardiographie."}]}},"_links":{"self":[{"href":"http:\/\/vet-ecg.ddns.net\/index.php\/wp-json\/wp\/v2\/pages\/3146","targetHints":{"allow":["GET"]}}],"collection":[{"href":"http:\/\/vet-ecg.ddns.net\/index.php\/wp-json\/wp\/v2\/pages"}],"about":[{"href":"http:\/\/vet-ecg.ddns.net\/index.php\/wp-json\/wp\/v2\/types\/page"}],"author":[{"embeddable":true,"href":"http:\/\/vet-ecg.ddns.net\/index.php\/wp-json\/wp\/v2\/users\/1"}],"replies":[{"embeddable":true,"href":"http:\/\/vet-ecg.ddns.net\/index.php\/wp-json\/wp\/v2\/comments?post=3146"}],"version-history":[{"count":0,"href":"http:\/\/vet-ecg.ddns.net\/index.php\/wp-json\/wp\/v2\/pages\/3146\/revisions"}],"wp:attachment":[{"href":"http:\/\/vet-ecg.ddns.net\/index.php\/wp-json\/wp\/v2\/media?parent=3146"}],"curies":[{"name":"wp","href":"https:\/\/api.w.org\/{rel}","templated":true}]}}