{"id":3118,"date":"2020-06-30T19:31:20","date_gmt":"2020-06-30T17:31:20","guid":{"rendered":"http:\/\/vet-ecg.ddns.net\/?page_id=3118"},"modified":"2020-06-30T19:38:43","modified_gmt":"2020-06-30T17:38:43","slug":"rythme-jonctionnel-3","status":"publish","type":"page","link":"http:\/\/vet-ecg.ddns.net\/index.php\/rythme-jonctionnel-3\/","title":{"rendered":"Rythme jonctionnel"},"content":{"rendered":"\n<figure class=\"wp-block-image size-large\"><img loading=\"lazy\" decoding=\"async\" width=\"1024\" height=\"843\" src=\"http:\/\/vet-ecg.ddns.net\/wp-content\/uploads\/rythme-jonctionnel-1-1024x843.jpg\" alt=\"Rythme jonctionnel pendant une anesth\u00e9sie\" class=\"wp-image-3119\" srcset=\"http:\/\/vet-ecg.ddns.net\/wp-content\/uploads\/rythme-jonctionnel-1-1024x843.jpg 1024w, http:\/\/vet-ecg.ddns.net\/wp-content\/uploads\/rythme-jonctionnel-1-300x247.jpg 300w, http:\/\/vet-ecg.ddns.net\/wp-content\/uploads\/rythme-jonctionnel-1-768x632.jpg 768w, http:\/\/vet-ecg.ddns.net\/wp-content\/uploads\/rythme-jonctionnel-1-1536x1264.jpg 1536w, http:\/\/vet-ecg.ddns.net\/wp-content\/uploads\/rythme-jonctionnel-1-2048x1685.jpg 2048w\" sizes=\"auto, (max-width: 1024px) 100vw, 1024px\" \/><figcaption>Rythme jonctionnel bas<\/figcaption><\/figure>\n\n\n<p>Ce trac\u00e9 a \u00e9t\u00e9 r\u00e9alis\u00e9 chez un jack russel lors d&rsquo;une hyst\u00e9rectomie.<\/p>\n<p>La fr\u00e9quence est de 50 bpm, bien que ce chien n&rsquo;ait pas re\u00e7u d&rsquo; <span class=\"ILfuVd\"><span class=\"e24Kjd\">agoniste des r\u00e9cepteurs \u03b12-adr\u00e9nergiques.<\/span><\/span><\/p>\n<p>Sur l&rsquo;image ci-dessous, une ligne verticale relie les ondes P qui sont situ\u00e9es apr\u00e8s les QRS.<\/p>\n<p>La position des ondes P sugg\u00e8re un pacemaker situ\u00e9 dans le tronc du faisceau de His.<\/p>\n<p>Ces rythmes sont rarement rencontr\u00e9s lors d&rsquo;anesth\u00e9sie. Une hypoth\u00e8se serait que la prise de contr\u00f4le du rythme par ce pacemaker jonctionnel soit due \u00e0 une\u00a0 bradycardie pr\u00e9alable.<\/p>\n<p>L&rsquo; atropine n&rsquo;a eu aucun effet, en revanche, le doxapram a permis de restaurer rapidement un rythme sinusal stable.<\/p>\n\n\n<figure class=\"wp-block-image size-large\"><img loading=\"lazy\" decoding=\"async\" width=\"517\" height=\"1024\" src=\"http:\/\/vet-ecg.ddns.net\/wp-content\/uploads\/rythme-jonctionnel-details-517x1024.jpg\" alt=\"Ondes P r\u00e9trogrades\" class=\"wp-image-3120\" srcset=\"http:\/\/vet-ecg.ddns.net\/wp-content\/uploads\/rythme-jonctionnel-details-517x1024.jpg 517w, http:\/\/vet-ecg.ddns.net\/wp-content\/uploads\/rythme-jonctionnel-details-151x300.jpg 151w, http:\/\/vet-ecg.ddns.net\/wp-content\/uploads\/rythme-jonctionnel-details-768x1522.jpg 768w, http:\/\/vet-ecg.ddns.net\/wp-content\/uploads\/rythme-jonctionnel-details-775x1536.jpg 775w, http:\/\/vet-ecg.ddns.net\/wp-content\/uploads\/rythme-jonctionnel-details-1034x2048.jpg 1034w, http:\/\/vet-ecg.ddns.net\/wp-content\/uploads\/rythme-jonctionnel-details-scaled.jpg 1292w\" sizes=\"auto, (max-width: 517px) 100vw, 517px\" \/><figcaption>Ondes P r\u00e9trogrades<\/figcaption><\/figure>\n","protected":false},"excerpt":{"rendered":"<p>Ce trac\u00e9 a \u00e9t\u00e9 r\u00e9alis\u00e9 chez un jack russel lors d&rsquo;une hyst\u00e9rectomie. La fr\u00e9quence est de 50 bpm, bien que ce chien n&rsquo;ait pas re\u00e7u d&rsquo; agoniste des r\u00e9cepteurs \u03b12-adr\u00e9nergiques. Sur l&rsquo;image ci-dessous, une ligne verticale relie les ondes P qui sont situ\u00e9es apr\u00e8s les QRS. La position des ondes P sugg\u00e8re un pacemaker situ\u00e9 &hellip; <a href=\"http:\/\/vet-ecg.ddns.net\/index.php\/rythme-jonctionnel-3\/\" class=\"more-link\">Continuer la lecture de <span class=\"screen-reader-text\">Rythme jonctionnel<\/span><\/a><\/p>\n","protected":false},"author":1,"featured_media":0,"parent":0,"menu_order":0,"comment_status":"closed","ping_status":"closed","template":"","meta":{"footnotes":""},"class_list":["post-3118","page","type-page","status-publish","hentry"],"yoast_head":"<!-- This site is optimized with the Yoast SEO plugin v27.4 - https:\/\/yoast.com\/product\/yoast-seo-wordpress\/ -->\n<title>Rythme jonctionnel - Blog d&#039;\u00e9lectrocardiographie v\u00e9t\u00e9rinaire<\/title>\n<meta name=\"description\" content=\"Rythme jonctionnel \u00e0 50 bpm, apparu pendant une anesth\u00e9sie qui ne comportait pourtant pas de b\u00eata-2 agonistes. Un rythme sinusal s&#039;est ensuitecr\u00e9tabli.\" \/>\n<meta name=\"robots\" content=\"index, follow, max-snippet:-1, max-image-preview:large, max-video-preview:-1\" \/>\n<link rel=\"canonical\" href=\"http:\/\/vet-ecg.ddns.net\/index.php\/rythme-jonctionnel-3\/\" \/>\n<meta name=\"twitter:label1\" content=\"Dur\u00e9e de lecture estim\u00e9e\" \/>\n\t<meta name=\"twitter:data1\" content=\"1 minute\" \/>\n<script type=\"application\/ld+json\" class=\"yoast-schema-graph\">{\"@context\":\"https:\\\/\\\/schema.org\",\"@graph\":[{\"@type\":\"WebPage\",\"@id\":\"http:\\\/\\\/vet-ecg.ddns.net\\\/index.php\\\/rythme-jonctionnel-3\\\/\",\"url\":\"http:\\\/\\\/vet-ecg.ddns.net\\\/index.php\\\/rythme-jonctionnel-3\\\/\",\"name\":\"Rythme jonctionnel - Blog d&#039;\u00e9lectrocardiographie v\u00e9t\u00e9rinaire\",\"isPartOf\":{\"@id\":\"http:\\\/\\\/vet-ecg.ddns.net\\\/#website\"},\"primaryImageOfPage\":{\"@id\":\"http:\\\/\\\/vet-ecg.ddns.net\\\/index.php\\\/rythme-jonctionnel-3\\\/#primaryimage\"},\"image\":{\"@id\":\"http:\\\/\\\/vet-ecg.ddns.net\\\/index.php\\\/rythme-jonctionnel-3\\\/#primaryimage\"},\"thumbnailUrl\":\"http:\\\/\\\/vet-ecg.ddns.net\\\/wp-content\\\/uploads\\\/rythme-jonctionnel-1-1024x843.jpg\",\"datePublished\":\"2020-06-30T17:31:20+00:00\",\"dateModified\":\"2020-06-30T17:38:43+00:00\",\"description\":\"Rythme jonctionnel \u00e0 50 bpm, apparu pendant une anesth\u00e9sie qui ne comportait pourtant pas de b\u00eata-2 agonistes. Un rythme sinusal s'est ensuitecr\u00e9tabli.\",\"breadcrumb\":{\"@id\":\"http:\\\/\\\/vet-ecg.ddns.net\\\/index.php\\\/rythme-jonctionnel-3\\\/#breadcrumb\"},\"inLanguage\":\"fr-FR\",\"potentialAction\":[{\"@type\":\"ReadAction\",\"target\":[\"http:\\\/\\\/vet-ecg.ddns.net\\\/index.php\\\/rythme-jonctionnel-3\\\/\"]}]},{\"@type\":\"ImageObject\",\"inLanguage\":\"fr-FR\",\"@id\":\"http:\\\/\\\/vet-ecg.ddns.net\\\/index.php\\\/rythme-jonctionnel-3\\\/#primaryimage\",\"url\":\"http:\\\/\\\/vet-ecg.ddns.net\\\/wp-content\\\/uploads\\\/rythme-jonctionnel-1.jpg\",\"contentUrl\":\"http:\\\/\\\/vet-ecg.ddns.net\\\/wp-content\\\/uploads\\\/rythme-jonctionnel-1.jpg\",\"width\":2388,\"height\":1965},{\"@type\":\"BreadcrumbList\",\"@id\":\"http:\\\/\\\/vet-ecg.ddns.net\\\/index.php\\\/rythme-jonctionnel-3\\\/#breadcrumb\",\"itemListElement\":[{\"@type\":\"ListItem\",\"position\":1,\"name\":\"Accueil\",\"item\":\"http:\\\/\\\/vet-ecg.ddns.net\\\/\"},{\"@type\":\"ListItem\",\"position\":2,\"name\":\"Rythme jonctionnel\"}]},{\"@type\":\"WebSite\",\"@id\":\"http:\\\/\\\/vet-ecg.ddns.net\\\/#website\",\"url\":\"http:\\\/\\\/vet-ecg.ddns.net\\\/\",\"name\":\"Blog d&#039;\u00e9lectrocardiographie v\u00e9t\u00e9rinaire\",\"description\":\"recueil d&#039;ECG de chiens et de chats\",\"publisher\":{\"@id\":\"http:\\\/\\\/vet-ecg.ddns.net\\\/#\\\/schema\\\/person\\\/fec4070a47e235fed904fab73cae00b4\"},\"alternateName\":\"\u00e9lectrocardiographie v\u00e9t\u00e9rinaire\",\"potentialAction\":[{\"@type\":\"SearchAction\",\"target\":{\"@type\":\"EntryPoint\",\"urlTemplate\":\"http:\\\/\\\/vet-ecg.ddns.net\\\/?s={search_term_string}\"},\"query-input\":{\"@type\":\"PropertyValueSpecification\",\"valueRequired\":true,\"valueName\":\"search_term_string\"}}],\"inLanguage\":\"fr-FR\"},{\"@type\":[\"Person\",\"Organization\"],\"@id\":\"http:\\\/\\\/vet-ecg.ddns.net\\\/#\\\/schema\\\/person\\\/fec4070a47e235fed904fab73cae00b4\",\"name\":\"admin\",\"image\":{\"@type\":\"ImageObject\",\"inLanguage\":\"fr-FR\",\"@id\":\"http:\\\/\\\/vet-ecg.ddns.net\\\/wp-content\\\/uploads\\\/2018\\\/04\\\/Zelda-2-ECG-248.jpg\",\"url\":\"http:\\\/\\\/vet-ecg.ddns.net\\\/wp-content\\\/uploads\\\/2018\\\/04\\\/Zelda-2-ECG-248.jpg\",\"contentUrl\":\"http:\\\/\\\/vet-ecg.ddns.net\\\/wp-content\\\/uploads\\\/2018\\\/04\\\/Zelda-2-ECG-248.jpg\",\"width\":248,\"height\":248,\"caption\":\"admin\"},\"logo\":{\"@id\":\"http:\\\/\\\/vet-ecg.ddns.net\\\/wp-content\\\/uploads\\\/2018\\\/04\\\/Zelda-2-ECG-248.jpg\"},\"description\":\"Les trac\u00e9s publi\u00e9s sur ce site sont issus de diff\u00e9rentes cliniques v\u00e9t\u00e9rinaires de Paris et de sa banlieue durant les 10 derni\u00e8res ann\u00e9es. Les ECG r\u00e9alis\u00e9s ont \u00e9t\u00e9 r\u00e9alis\u00e9s sur des chiens et des chats qui ont tous b\u00e9n\u00e9fici\u00e9 d'une \u00e9chocardiographie.\"}]}<\/script>\n<!-- \/ Yoast SEO plugin. -->","yoast_head_json":{"title":"Rythme jonctionnel - Blog d&#039;\u00e9lectrocardiographie v\u00e9t\u00e9rinaire","description":"Rythme jonctionnel \u00e0 50 bpm, apparu pendant une anesth\u00e9sie qui ne comportait pourtant pas de b\u00eata-2 agonistes. Un rythme sinusal s'est ensuitecr\u00e9tabli.","robots":{"index":"index","follow":"follow","max-snippet":"max-snippet:-1","max-image-preview":"max-image-preview:large","max-video-preview":"max-video-preview:-1"},"canonical":"http:\/\/vet-ecg.ddns.net\/index.php\/rythme-jonctionnel-3\/","twitter_misc":{"Dur\u00e9e de lecture estim\u00e9e":"1 minute"},"schema":{"@context":"https:\/\/schema.org","@graph":[{"@type":"WebPage","@id":"http:\/\/vet-ecg.ddns.net\/index.php\/rythme-jonctionnel-3\/","url":"http:\/\/vet-ecg.ddns.net\/index.php\/rythme-jonctionnel-3\/","name":"Rythme jonctionnel - Blog d&#039;\u00e9lectrocardiographie v\u00e9t\u00e9rinaire","isPartOf":{"@id":"http:\/\/vet-ecg.ddns.net\/#website"},"primaryImageOfPage":{"@id":"http:\/\/vet-ecg.ddns.net\/index.php\/rythme-jonctionnel-3\/#primaryimage"},"image":{"@id":"http:\/\/vet-ecg.ddns.net\/index.php\/rythme-jonctionnel-3\/#primaryimage"},"thumbnailUrl":"http:\/\/vet-ecg.ddns.net\/wp-content\/uploads\/rythme-jonctionnel-1-1024x843.jpg","datePublished":"2020-06-30T17:31:20+00:00","dateModified":"2020-06-30T17:38:43+00:00","description":"Rythme jonctionnel \u00e0 50 bpm, apparu pendant une anesth\u00e9sie qui ne comportait pourtant pas de b\u00eata-2 agonistes. Un rythme sinusal s'est ensuitecr\u00e9tabli.","breadcrumb":{"@id":"http:\/\/vet-ecg.ddns.net\/index.php\/rythme-jonctionnel-3\/#breadcrumb"},"inLanguage":"fr-FR","potentialAction":[{"@type":"ReadAction","target":["http:\/\/vet-ecg.ddns.net\/index.php\/rythme-jonctionnel-3\/"]}]},{"@type":"ImageObject","inLanguage":"fr-FR","@id":"http:\/\/vet-ecg.ddns.net\/index.php\/rythme-jonctionnel-3\/#primaryimage","url":"http:\/\/vet-ecg.ddns.net\/wp-content\/uploads\/rythme-jonctionnel-1.jpg","contentUrl":"http:\/\/vet-ecg.ddns.net\/wp-content\/uploads\/rythme-jonctionnel-1.jpg","width":2388,"height":1965},{"@type":"BreadcrumbList","@id":"http:\/\/vet-ecg.ddns.net\/index.php\/rythme-jonctionnel-3\/#breadcrumb","itemListElement":[{"@type":"ListItem","position":1,"name":"Accueil","item":"http:\/\/vet-ecg.ddns.net\/"},{"@type":"ListItem","position":2,"name":"Rythme jonctionnel"}]},{"@type":"WebSite","@id":"http:\/\/vet-ecg.ddns.net\/#website","url":"http:\/\/vet-ecg.ddns.net\/","name":"Blog d&#039;\u00e9lectrocardiographie v\u00e9t\u00e9rinaire","description":"recueil d&#039;ECG de chiens et de chats","publisher":{"@id":"http:\/\/vet-ecg.ddns.net\/#\/schema\/person\/fec4070a47e235fed904fab73cae00b4"},"alternateName":"\u00e9lectrocardiographie v\u00e9t\u00e9rinaire","potentialAction":[{"@type":"SearchAction","target":{"@type":"EntryPoint","urlTemplate":"http:\/\/vet-ecg.ddns.net\/?s={search_term_string}"},"query-input":{"@type":"PropertyValueSpecification","valueRequired":true,"valueName":"search_term_string"}}],"inLanguage":"fr-FR"},{"@type":["Person","Organization"],"@id":"http:\/\/vet-ecg.ddns.net\/#\/schema\/person\/fec4070a47e235fed904fab73cae00b4","name":"admin","image":{"@type":"ImageObject","inLanguage":"fr-FR","@id":"http:\/\/vet-ecg.ddns.net\/wp-content\/uploads\/2018\/04\/Zelda-2-ECG-248.jpg","url":"http:\/\/vet-ecg.ddns.net\/wp-content\/uploads\/2018\/04\/Zelda-2-ECG-248.jpg","contentUrl":"http:\/\/vet-ecg.ddns.net\/wp-content\/uploads\/2018\/04\/Zelda-2-ECG-248.jpg","width":248,"height":248,"caption":"admin"},"logo":{"@id":"http:\/\/vet-ecg.ddns.net\/wp-content\/uploads\/2018\/04\/Zelda-2-ECG-248.jpg"},"description":"Les trac\u00e9s publi\u00e9s sur ce site sont issus de diff\u00e9rentes cliniques v\u00e9t\u00e9rinaires de Paris et de sa banlieue durant les 10 derni\u00e8res ann\u00e9es. Les ECG r\u00e9alis\u00e9s ont \u00e9t\u00e9 r\u00e9alis\u00e9s sur des chiens et des chats qui ont tous b\u00e9n\u00e9fici\u00e9 d'une \u00e9chocardiographie."}]}},"_links":{"self":[{"href":"http:\/\/vet-ecg.ddns.net\/index.php\/wp-json\/wp\/v2\/pages\/3118","targetHints":{"allow":["GET"]}}],"collection":[{"href":"http:\/\/vet-ecg.ddns.net\/index.php\/wp-json\/wp\/v2\/pages"}],"about":[{"href":"http:\/\/vet-ecg.ddns.net\/index.php\/wp-json\/wp\/v2\/types\/page"}],"author":[{"embeddable":true,"href":"http:\/\/vet-ecg.ddns.net\/index.php\/wp-json\/wp\/v2\/users\/1"}],"replies":[{"embeddable":true,"href":"http:\/\/vet-ecg.ddns.net\/index.php\/wp-json\/wp\/v2\/comments?post=3118"}],"version-history":[{"count":0,"href":"http:\/\/vet-ecg.ddns.net\/index.php\/wp-json\/wp\/v2\/pages\/3118\/revisions"}],"wp:attachment":[{"href":"http:\/\/vet-ecg.ddns.net\/index.php\/wp-json\/wp\/v2\/media?parent=3118"}],"curies":[{"name":"wp","href":"https:\/\/api.w.org\/{rel}","templated":true}]}}