{"id":3105,"date":"2020-06-18T13:56:21","date_gmt":"2020-06-18T11:56:21","guid":{"rendered":"http:\/\/vet-ecg.ddns.net\/?page_id=3105"},"modified":"2020-06-18T13:58:26","modified_gmt":"2020-06-18T11:58:26","slug":"ic-gauche-et-droite","status":"publish","type":"page","link":"http:\/\/vet-ecg.ddns.net\/index.php\/ic-gauche-et-droite\/","title":{"rendered":"IC gauche et droite"},"content":{"rendered":"\n<figure class=\"wp-block-image size-large\"><img loading=\"lazy\" decoding=\"async\" width=\"1024\" height=\"964\" src=\"http:\/\/vet-ecg.ddns.net\/wp-content\/uploads\/ckc-icg-icd-1024x964.jpg\" alt=\"Insuffisance cardiaque gauche et droite cons\u00e9cutive \u00e0 une maladie valvulaire d\u00e9g\u00e9n\u00e9rative touchant la mitrale et la tricuspide.\" class=\"wp-image-3106\" srcset=\"http:\/\/vet-ecg.ddns.net\/wp-content\/uploads\/ckc-icg-icd-1024x964.jpg 1024w, http:\/\/vet-ecg.ddns.net\/wp-content\/uploads\/ckc-icg-icd-300x282.jpg 300w, http:\/\/vet-ecg.ddns.net\/wp-content\/uploads\/ckc-icg-icd-768x723.jpg 768w, http:\/\/vet-ecg.ddns.net\/wp-content\/uploads\/ckc-icg-icd-1536x1446.jpg 1536w, http:\/\/vet-ecg.ddns.net\/wp-content\/uploads\/ckc-icg-icd.jpg 1988w\" sizes=\"auto, (max-width: 1024px) 100vw, 1024px\" \/><figcaption>Insuffisance cardiaque gauche et droite cons\u00e9cutive \u00e0 une mvd<\/figcaption><\/figure>\n\n\n<p>Cet ECG est celui d&rsquo;un Cavalier King Charles de 8 kg atteint d&rsquo;une maladie d\u00e9g\u00e9n\u00e9rative \u00e9volu\u00e9e. Celle-ci touche les valvules mitrale et tricuspide. L&rsquo;animal pr\u00e9sente un \u0153d\u00e8me pulmonaire au moment de l&rsquo;enregistrement. L&rsquo;insuffisance cardiaque (IC) est globale.<\/p>\n<p>Le rythme est sinusal et la fr\u00e9quence cardiaque est de 156 bpm sans arythmie respiratoire.<\/p>\n<p>L&rsquo;amplitude de l&rsquo;onde R atteint 3,7 mV tandis que la dur\u00e9e de QRS d\u00e9passe 65 ms.<\/p>\n<p>Malgr\u00e9 un aspect bifide de l&rsquo;onde P on peut voir l&rsquo;amplitude de la premi\u00e8re pointe de cette onde P (atrium droit) atteindre 0,5 mV. Ces deux crit\u00e8res permettent de conclure \u00e0 une hypertrophie bi-auriculaire.<\/p>\n<p>L&rsquo;intervalle PR est long (130 ms) qui t\u00e9moigne d&rsquo; un bloc atrioventriculaire du premier degr\u00e9.<\/p>\n<p>Le segment ST est sous-d\u00e9cal\u00e9 et l&rsquo;onde T , n\u00e9gative, sym\u00e9trique et pointue pr\u00e9sente une surface tr\u00e8s importante qui est le reflet de l&rsquo;hypertrophie ventriculaire gauche.<\/p>\n<p>\u00a0<\/p>","protected":false},"excerpt":{"rendered":"<p>Cet ECG est celui d&rsquo;un Cavalier King Charles de 8 kg atteint d&rsquo;une maladie d\u00e9g\u00e9n\u00e9rative \u00e9volu\u00e9e. Celle-ci touche les valvules mitrale et tricuspide. L&rsquo;animal pr\u00e9sente un \u0153d\u00e8me pulmonaire au moment de l&rsquo;enregistrement. L&rsquo;insuffisance cardiaque (IC) est globale. Le rythme est sinusal et la fr\u00e9quence cardiaque est de 156 bpm sans arythmie respiratoire. L&rsquo;amplitude de l&rsquo;onde &hellip; <a href=\"http:\/\/vet-ecg.ddns.net\/index.php\/ic-gauche-et-droite\/\" class=\"more-link\">Continuer la lecture de <span class=\"screen-reader-text\">IC gauche et droite<\/span><\/a><\/p>\n","protected":false},"author":1,"featured_media":0,"parent":0,"menu_order":0,"comment_status":"closed","ping_status":"closed","template":"","meta":{"footnotes":""},"class_list":["post-3105","page","type-page","status-publish","hentry"],"yoast_head":"<!-- This site is optimized with the Yoast SEO plugin v27.4 - https:\/\/yoast.com\/product\/yoast-seo-wordpress\/ -->\n<title>IC gauche et droite - Blog d&#039;\u00e9lectrocardiographie v\u00e9t\u00e9rinaire<\/title>\n<meta name=\"description\" content=\"Insuffisance cardiaque gauche et droite cons\u00e9cutive \u00e0 une maladie valvulaire d\u00e9g\u00e9n\u00e9rative \u00e9volu\u00e9e. Hypervoltage marqu\u00e9 de QRS\" \/>\n<meta name=\"robots\" content=\"index, follow, max-snippet:-1, max-image-preview:large, max-video-preview:-1\" \/>\n<link rel=\"canonical\" href=\"http:\/\/vet-ecg.ddns.net\/index.php\/ic-gauche-et-droite\/\" \/>\n<meta name=\"twitter:label1\" content=\"Dur\u00e9e de lecture estim\u00e9e\" \/>\n\t<meta name=\"twitter:data1\" content=\"1 minute\" \/>\n<script type=\"application\/ld+json\" class=\"yoast-schema-graph\">{\"@context\":\"https:\\\/\\\/schema.org\",\"@graph\":[{\"@type\":\"WebPage\",\"@id\":\"http:\\\/\\\/vet-ecg.ddns.net\\\/index.php\\\/ic-gauche-et-droite\\\/\",\"url\":\"http:\\\/\\\/vet-ecg.ddns.net\\\/index.php\\\/ic-gauche-et-droite\\\/\",\"name\":\"IC gauche et droite - Blog d&#039;\u00e9lectrocardiographie v\u00e9t\u00e9rinaire\",\"isPartOf\":{\"@id\":\"http:\\\/\\\/vet-ecg.ddns.net\\\/#website\"},\"primaryImageOfPage\":{\"@id\":\"http:\\\/\\\/vet-ecg.ddns.net\\\/index.php\\\/ic-gauche-et-droite\\\/#primaryimage\"},\"image\":{\"@id\":\"http:\\\/\\\/vet-ecg.ddns.net\\\/index.php\\\/ic-gauche-et-droite\\\/#primaryimage\"},\"thumbnailUrl\":\"http:\\\/\\\/vet-ecg.ddns.net\\\/wp-content\\\/uploads\\\/ckc-icg-icd-1024x964.jpg\",\"datePublished\":\"2020-06-18T11:56:21+00:00\",\"dateModified\":\"2020-06-18T11:58:26+00:00\",\"description\":\"Insuffisance cardiaque gauche et droite cons\u00e9cutive \u00e0 une maladie valvulaire d\u00e9g\u00e9n\u00e9rative \u00e9volu\u00e9e. Hypervoltage marqu\u00e9 de QRS\",\"breadcrumb\":{\"@id\":\"http:\\\/\\\/vet-ecg.ddns.net\\\/index.php\\\/ic-gauche-et-droite\\\/#breadcrumb\"},\"inLanguage\":\"fr-FR\",\"potentialAction\":[{\"@type\":\"ReadAction\",\"target\":[\"http:\\\/\\\/vet-ecg.ddns.net\\\/index.php\\\/ic-gauche-et-droite\\\/\"]}]},{\"@type\":\"ImageObject\",\"inLanguage\":\"fr-FR\",\"@id\":\"http:\\\/\\\/vet-ecg.ddns.net\\\/index.php\\\/ic-gauche-et-droite\\\/#primaryimage\",\"url\":\"http:\\\/\\\/vet-ecg.ddns.net\\\/wp-content\\\/uploads\\\/ckc-icg-icd.jpg\",\"contentUrl\":\"http:\\\/\\\/vet-ecg.ddns.net\\\/wp-content\\\/uploads\\\/ckc-icg-icd.jpg\",\"width\":1988,\"height\":1871},{\"@type\":\"BreadcrumbList\",\"@id\":\"http:\\\/\\\/vet-ecg.ddns.net\\\/index.php\\\/ic-gauche-et-droite\\\/#breadcrumb\",\"itemListElement\":[{\"@type\":\"ListItem\",\"position\":1,\"name\":\"Accueil\",\"item\":\"http:\\\/\\\/vet-ecg.ddns.net\\\/\"},{\"@type\":\"ListItem\",\"position\":2,\"name\":\"IC gauche et droite\"}]},{\"@type\":\"WebSite\",\"@id\":\"http:\\\/\\\/vet-ecg.ddns.net\\\/#website\",\"url\":\"http:\\\/\\\/vet-ecg.ddns.net\\\/\",\"name\":\"Blog d&#039;\u00e9lectrocardiographie v\u00e9t\u00e9rinaire\",\"description\":\"recueil d&#039;ECG de chiens et de chats\",\"publisher\":{\"@id\":\"http:\\\/\\\/vet-ecg.ddns.net\\\/#\\\/schema\\\/person\\\/fec4070a47e235fed904fab73cae00b4\"},\"alternateName\":\"\u00e9lectrocardiographie v\u00e9t\u00e9rinaire\",\"potentialAction\":[{\"@type\":\"SearchAction\",\"target\":{\"@type\":\"EntryPoint\",\"urlTemplate\":\"http:\\\/\\\/vet-ecg.ddns.net\\\/?s={search_term_string}\"},\"query-input\":{\"@type\":\"PropertyValueSpecification\",\"valueRequired\":true,\"valueName\":\"search_term_string\"}}],\"inLanguage\":\"fr-FR\"},{\"@type\":[\"Person\",\"Organization\"],\"@id\":\"http:\\\/\\\/vet-ecg.ddns.net\\\/#\\\/schema\\\/person\\\/fec4070a47e235fed904fab73cae00b4\",\"name\":\"admin\",\"image\":{\"@type\":\"ImageObject\",\"inLanguage\":\"fr-FR\",\"@id\":\"http:\\\/\\\/vet-ecg.ddns.net\\\/wp-content\\\/uploads\\\/2018\\\/04\\\/Zelda-2-ECG-248.jpg\",\"url\":\"http:\\\/\\\/vet-ecg.ddns.net\\\/wp-content\\\/uploads\\\/2018\\\/04\\\/Zelda-2-ECG-248.jpg\",\"contentUrl\":\"http:\\\/\\\/vet-ecg.ddns.net\\\/wp-content\\\/uploads\\\/2018\\\/04\\\/Zelda-2-ECG-248.jpg\",\"width\":248,\"height\":248,\"caption\":\"admin\"},\"logo\":{\"@id\":\"http:\\\/\\\/vet-ecg.ddns.net\\\/wp-content\\\/uploads\\\/2018\\\/04\\\/Zelda-2-ECG-248.jpg\"},\"description\":\"Les trac\u00e9s publi\u00e9s sur ce site sont issus de diff\u00e9rentes cliniques v\u00e9t\u00e9rinaires de Paris et de sa banlieue durant les 10 derni\u00e8res ann\u00e9es. Les ECG r\u00e9alis\u00e9s ont \u00e9t\u00e9 r\u00e9alis\u00e9s sur des chiens et des chats qui ont tous b\u00e9n\u00e9fici\u00e9 d'une \u00e9chocardiographie.\"}]}<\/script>\n<!-- \/ Yoast SEO plugin. -->","yoast_head_json":{"title":"IC gauche et droite - Blog d&#039;\u00e9lectrocardiographie v\u00e9t\u00e9rinaire","description":"Insuffisance cardiaque gauche et droite cons\u00e9cutive \u00e0 une maladie valvulaire d\u00e9g\u00e9n\u00e9rative \u00e9volu\u00e9e. Hypervoltage marqu\u00e9 de QRS","robots":{"index":"index","follow":"follow","max-snippet":"max-snippet:-1","max-image-preview":"max-image-preview:large","max-video-preview":"max-video-preview:-1"},"canonical":"http:\/\/vet-ecg.ddns.net\/index.php\/ic-gauche-et-droite\/","twitter_misc":{"Dur\u00e9e de lecture estim\u00e9e":"1 minute"},"schema":{"@context":"https:\/\/schema.org","@graph":[{"@type":"WebPage","@id":"http:\/\/vet-ecg.ddns.net\/index.php\/ic-gauche-et-droite\/","url":"http:\/\/vet-ecg.ddns.net\/index.php\/ic-gauche-et-droite\/","name":"IC gauche et droite - Blog d&#039;\u00e9lectrocardiographie v\u00e9t\u00e9rinaire","isPartOf":{"@id":"http:\/\/vet-ecg.ddns.net\/#website"},"primaryImageOfPage":{"@id":"http:\/\/vet-ecg.ddns.net\/index.php\/ic-gauche-et-droite\/#primaryimage"},"image":{"@id":"http:\/\/vet-ecg.ddns.net\/index.php\/ic-gauche-et-droite\/#primaryimage"},"thumbnailUrl":"http:\/\/vet-ecg.ddns.net\/wp-content\/uploads\/ckc-icg-icd-1024x964.jpg","datePublished":"2020-06-18T11:56:21+00:00","dateModified":"2020-06-18T11:58:26+00:00","description":"Insuffisance cardiaque gauche et droite cons\u00e9cutive \u00e0 une maladie valvulaire d\u00e9g\u00e9n\u00e9rative \u00e9volu\u00e9e. Hypervoltage marqu\u00e9 de QRS","breadcrumb":{"@id":"http:\/\/vet-ecg.ddns.net\/index.php\/ic-gauche-et-droite\/#breadcrumb"},"inLanguage":"fr-FR","potentialAction":[{"@type":"ReadAction","target":["http:\/\/vet-ecg.ddns.net\/index.php\/ic-gauche-et-droite\/"]}]},{"@type":"ImageObject","inLanguage":"fr-FR","@id":"http:\/\/vet-ecg.ddns.net\/index.php\/ic-gauche-et-droite\/#primaryimage","url":"http:\/\/vet-ecg.ddns.net\/wp-content\/uploads\/ckc-icg-icd.jpg","contentUrl":"http:\/\/vet-ecg.ddns.net\/wp-content\/uploads\/ckc-icg-icd.jpg","width":1988,"height":1871},{"@type":"BreadcrumbList","@id":"http:\/\/vet-ecg.ddns.net\/index.php\/ic-gauche-et-droite\/#breadcrumb","itemListElement":[{"@type":"ListItem","position":1,"name":"Accueil","item":"http:\/\/vet-ecg.ddns.net\/"},{"@type":"ListItem","position":2,"name":"IC gauche et droite"}]},{"@type":"WebSite","@id":"http:\/\/vet-ecg.ddns.net\/#website","url":"http:\/\/vet-ecg.ddns.net\/","name":"Blog d&#039;\u00e9lectrocardiographie v\u00e9t\u00e9rinaire","description":"recueil d&#039;ECG de chiens et de chats","publisher":{"@id":"http:\/\/vet-ecg.ddns.net\/#\/schema\/person\/fec4070a47e235fed904fab73cae00b4"},"alternateName":"\u00e9lectrocardiographie v\u00e9t\u00e9rinaire","potentialAction":[{"@type":"SearchAction","target":{"@type":"EntryPoint","urlTemplate":"http:\/\/vet-ecg.ddns.net\/?s={search_term_string}"},"query-input":{"@type":"PropertyValueSpecification","valueRequired":true,"valueName":"search_term_string"}}],"inLanguage":"fr-FR"},{"@type":["Person","Organization"],"@id":"http:\/\/vet-ecg.ddns.net\/#\/schema\/person\/fec4070a47e235fed904fab73cae00b4","name":"admin","image":{"@type":"ImageObject","inLanguage":"fr-FR","@id":"http:\/\/vet-ecg.ddns.net\/wp-content\/uploads\/2018\/04\/Zelda-2-ECG-248.jpg","url":"http:\/\/vet-ecg.ddns.net\/wp-content\/uploads\/2018\/04\/Zelda-2-ECG-248.jpg","contentUrl":"http:\/\/vet-ecg.ddns.net\/wp-content\/uploads\/2018\/04\/Zelda-2-ECG-248.jpg","width":248,"height":248,"caption":"admin"},"logo":{"@id":"http:\/\/vet-ecg.ddns.net\/wp-content\/uploads\/2018\/04\/Zelda-2-ECG-248.jpg"},"description":"Les trac\u00e9s publi\u00e9s sur ce site sont issus de diff\u00e9rentes cliniques v\u00e9t\u00e9rinaires de Paris et de sa banlieue durant les 10 derni\u00e8res ann\u00e9es. Les ECG r\u00e9alis\u00e9s ont \u00e9t\u00e9 r\u00e9alis\u00e9s sur des chiens et des chats qui ont tous b\u00e9n\u00e9fici\u00e9 d'une \u00e9chocardiographie."}]}},"_links":{"self":[{"href":"http:\/\/vet-ecg.ddns.net\/index.php\/wp-json\/wp\/v2\/pages\/3105","targetHints":{"allow":["GET"]}}],"collection":[{"href":"http:\/\/vet-ecg.ddns.net\/index.php\/wp-json\/wp\/v2\/pages"}],"about":[{"href":"http:\/\/vet-ecg.ddns.net\/index.php\/wp-json\/wp\/v2\/types\/page"}],"author":[{"embeddable":true,"href":"http:\/\/vet-ecg.ddns.net\/index.php\/wp-json\/wp\/v2\/users\/1"}],"replies":[{"embeddable":true,"href":"http:\/\/vet-ecg.ddns.net\/index.php\/wp-json\/wp\/v2\/comments?post=3105"}],"version-history":[{"count":0,"href":"http:\/\/vet-ecg.ddns.net\/index.php\/wp-json\/wp\/v2\/pages\/3105\/revisions"}],"wp:attachment":[{"href":"http:\/\/vet-ecg.ddns.net\/index.php\/wp-json\/wp\/v2\/media?parent=3105"}],"curies":[{"name":"wp","href":"https:\/\/api.w.org\/{rel}","templated":true}]}}