{"id":3095,"date":"2020-05-29T23:31:43","date_gmt":"2020-05-29T21:31:43","guid":{"rendered":"http:\/\/vet-ecg.ddns.net\/?page_id=3095"},"modified":"2020-05-29T23:31:45","modified_gmt":"2020-05-29T21:31:45","slug":"tachycardie-ventriculaire-2","status":"publish","type":"page","link":"http:\/\/vet-ecg.ddns.net\/index.php\/tachycardie-ventriculaire-2\/","title":{"rendered":"Tachycardie ventriculaire"},"content":{"rendered":"\n<figure class=\"wp-block-image size-large\"><img loading=\"lazy\" decoding=\"async\" width=\"1024\" height=\"736\" src=\"http:\/\/vet-ecg.ddns.net\/wp-content\/uploads\/tv5-1024x736.jpg\" alt=\"doublets d'extrasystoles ventriculaires se transformant en tachycardie ventriculaire\" class=\"wp-image-3096\" srcset=\"http:\/\/vet-ecg.ddns.net\/wp-content\/uploads\/tv5-1024x736.jpg 1024w, http:\/\/vet-ecg.ddns.net\/wp-content\/uploads\/tv5-300x216.jpg 300w, http:\/\/vet-ecg.ddns.net\/wp-content\/uploads\/tv5-768x552.jpg 768w, http:\/\/vet-ecg.ddns.net\/wp-content\/uploads\/tv5-1536x1104.jpg 1536w, http:\/\/vet-ecg.ddns.net\/wp-content\/uploads\/tv5-2048x1471.jpg 2048w\" sizes=\"auto, (max-width: 1024px) 100vw, 1024px\" \/><figcaption>Doublets d&rsquo;ESV \u00e9voluant sur une tachycardie ventriculaire<\/figcaption><\/figure>\n\n\n<p>Cet ECG est r\u00e9alis\u00e9 sur un chien de 25 kg, gri\u00e8vement mordu par d&rsquo;autres chiens, 48 h auparavant. L&rsquo;animal pr\u00e9sente de nombreux traumatismes musculaires profonds. L&rsquo; h\u00e9matocrite se situe autour de 25% tandis que la kali\u00e9mie est \u00e0 3 mmol\/l.<\/p>\n<p>L&rsquo;animal ne pr\u00e9sente pas de fi\u00e8vre mais son \u00e9tat g\u00e9n\u00e9ral est alt\u00e9r\u00e9 et il ne mange pas.<\/p>\n<p>Sur la partie gauche du trac\u00e9, on voit de nombreux doublets d&rsquo;extrasystoles ventriculaires qui ont d\u00e9g\u00e9n\u00e9r\u00e9 quelques secondes plus tard en tachycardie ventriculaire mal support\u00e9e.<\/p>\n<p>L&rsquo;\u00e9chocardiographie ne met en \u00e9vidence aucune anomalie, ni sur le coeur gauche, ni sur le c\u0153ur droit.<\/p>","protected":false},"excerpt":{"rendered":"<p>Cet ECG est r\u00e9alis\u00e9 sur un chien de 25 kg, gri\u00e8vement mordu par d&rsquo;autres chiens, 48 h auparavant. L&rsquo;animal pr\u00e9sente de nombreux traumatismes musculaires profonds. L&rsquo; h\u00e9matocrite se situe autour de 25% tandis que la kali\u00e9mie est \u00e0 3 mmol\/l. L&rsquo;animal ne pr\u00e9sente pas de fi\u00e8vre mais son \u00e9tat g\u00e9n\u00e9ral est alt\u00e9r\u00e9 et il ne &hellip; <a href=\"http:\/\/vet-ecg.ddns.net\/index.php\/tachycardie-ventriculaire-2\/\" class=\"more-link\">Continuer la lecture de <span class=\"screen-reader-text\">Tachycardie ventriculaire<\/span><\/a><\/p>\n","protected":false},"author":1,"featured_media":0,"parent":0,"menu_order":0,"comment_status":"closed","ping_status":"closed","template":"","meta":{"footnotes":""},"class_list":["post-3095","page","type-page","status-publish","hentry"],"yoast_head":"<!-- This site is optimized with the Yoast SEO plugin v27.4 - https:\/\/yoast.com\/product\/yoast-seo-wordpress\/ -->\n<title>Tachycardie ventriculaire - Blog d&#039;\u00e9lectrocardiographie v\u00e9t\u00e9rinaire<\/title>\n<meta name=\"description\" content=\"Tachycardie ventriculaire apparaissant apr\u00e8s une s\u00e9rie de doublets d&#039;extrasystoles ventriculaires dans un contexte d&#039;hypokali\u00e9mie et d&#039;an\u00e9mie.\" \/>\n<meta name=\"robots\" content=\"index, follow, max-snippet:-1, max-image-preview:large, max-video-preview:-1\" \/>\n<link rel=\"canonical\" href=\"http:\/\/vet-ecg.ddns.net\/index.php\/tachycardie-ventriculaire-2\/\" \/>\n<meta name=\"twitter:label1\" content=\"Dur\u00e9e de lecture estim\u00e9e\" \/>\n\t<meta name=\"twitter:data1\" content=\"1 minute\" \/>\n<script type=\"application\/ld+json\" class=\"yoast-schema-graph\">{\"@context\":\"https:\\\/\\\/schema.org\",\"@graph\":[{\"@type\":\"WebPage\",\"@id\":\"http:\\\/\\\/vet-ecg.ddns.net\\\/index.php\\\/tachycardie-ventriculaire-2\\\/\",\"url\":\"http:\\\/\\\/vet-ecg.ddns.net\\\/index.php\\\/tachycardie-ventriculaire-2\\\/\",\"name\":\"Tachycardie ventriculaire - Blog d&#039;\u00e9lectrocardiographie v\u00e9t\u00e9rinaire\",\"isPartOf\":{\"@id\":\"http:\\\/\\\/vet-ecg.ddns.net\\\/#website\"},\"primaryImageOfPage\":{\"@id\":\"http:\\\/\\\/vet-ecg.ddns.net\\\/index.php\\\/tachycardie-ventriculaire-2\\\/#primaryimage\"},\"image\":{\"@id\":\"http:\\\/\\\/vet-ecg.ddns.net\\\/index.php\\\/tachycardie-ventriculaire-2\\\/#primaryimage\"},\"thumbnailUrl\":\"http:\\\/\\\/vet-ecg.ddns.net\\\/wp-content\\\/uploads\\\/tv5-1024x736.jpg\",\"datePublished\":\"2020-05-29T21:31:43+00:00\",\"dateModified\":\"2020-05-29T21:31:45+00:00\",\"description\":\"Tachycardie ventriculaire apparaissant apr\u00e8s une s\u00e9rie de doublets d'extrasystoles ventriculaires dans un contexte d'hypokali\u00e9mie et d'an\u00e9mie.\",\"breadcrumb\":{\"@id\":\"http:\\\/\\\/vet-ecg.ddns.net\\\/index.php\\\/tachycardie-ventriculaire-2\\\/#breadcrumb\"},\"inLanguage\":\"fr-FR\",\"potentialAction\":[{\"@type\":\"ReadAction\",\"target\":[\"http:\\\/\\\/vet-ecg.ddns.net\\\/index.php\\\/tachycardie-ventriculaire-2\\\/\"]}]},{\"@type\":\"ImageObject\",\"inLanguage\":\"fr-FR\",\"@id\":\"http:\\\/\\\/vet-ecg.ddns.net\\\/index.php\\\/tachycardie-ventriculaire-2\\\/#primaryimage\",\"url\":\"http:\\\/\\\/vet-ecg.ddns.net\\\/wp-content\\\/uploads\\\/tv5-scaled.jpg\",\"contentUrl\":\"http:\\\/\\\/vet-ecg.ddns.net\\\/wp-content\\\/uploads\\\/tv5-scaled.jpg\",\"width\":2560,\"height\":1839},{\"@type\":\"BreadcrumbList\",\"@id\":\"http:\\\/\\\/vet-ecg.ddns.net\\\/index.php\\\/tachycardie-ventriculaire-2\\\/#breadcrumb\",\"itemListElement\":[{\"@type\":\"ListItem\",\"position\":1,\"name\":\"Accueil\",\"item\":\"http:\\\/\\\/vet-ecg.ddns.net\\\/\"},{\"@type\":\"ListItem\",\"position\":2,\"name\":\"Tachycardie ventriculaire\"}]},{\"@type\":\"WebSite\",\"@id\":\"http:\\\/\\\/vet-ecg.ddns.net\\\/#website\",\"url\":\"http:\\\/\\\/vet-ecg.ddns.net\\\/\",\"name\":\"Blog d&#039;\u00e9lectrocardiographie v\u00e9t\u00e9rinaire\",\"description\":\"recueil d&#039;ECG de chiens et de chats\",\"publisher\":{\"@id\":\"http:\\\/\\\/vet-ecg.ddns.net\\\/#\\\/schema\\\/person\\\/fec4070a47e235fed904fab73cae00b4\"},\"alternateName\":\"\u00e9lectrocardiographie v\u00e9t\u00e9rinaire\",\"potentialAction\":[{\"@type\":\"SearchAction\",\"target\":{\"@type\":\"EntryPoint\",\"urlTemplate\":\"http:\\\/\\\/vet-ecg.ddns.net\\\/?s={search_term_string}\"},\"query-input\":{\"@type\":\"PropertyValueSpecification\",\"valueRequired\":true,\"valueName\":\"search_term_string\"}}],\"inLanguage\":\"fr-FR\"},{\"@type\":[\"Person\",\"Organization\"],\"@id\":\"http:\\\/\\\/vet-ecg.ddns.net\\\/#\\\/schema\\\/person\\\/fec4070a47e235fed904fab73cae00b4\",\"name\":\"admin\",\"image\":{\"@type\":\"ImageObject\",\"inLanguage\":\"fr-FR\",\"@id\":\"http:\\\/\\\/vet-ecg.ddns.net\\\/wp-content\\\/uploads\\\/2018\\\/04\\\/Zelda-2-ECG-248.jpg\",\"url\":\"http:\\\/\\\/vet-ecg.ddns.net\\\/wp-content\\\/uploads\\\/2018\\\/04\\\/Zelda-2-ECG-248.jpg\",\"contentUrl\":\"http:\\\/\\\/vet-ecg.ddns.net\\\/wp-content\\\/uploads\\\/2018\\\/04\\\/Zelda-2-ECG-248.jpg\",\"width\":248,\"height\":248,\"caption\":\"admin\"},\"logo\":{\"@id\":\"http:\\\/\\\/vet-ecg.ddns.net\\\/wp-content\\\/uploads\\\/2018\\\/04\\\/Zelda-2-ECG-248.jpg\"},\"description\":\"Les trac\u00e9s publi\u00e9s sur ce site sont issus de diff\u00e9rentes cliniques v\u00e9t\u00e9rinaires de Paris et de sa banlieue durant les 10 derni\u00e8res ann\u00e9es. Les ECG r\u00e9alis\u00e9s ont \u00e9t\u00e9 r\u00e9alis\u00e9s sur des chiens et des chats qui ont tous b\u00e9n\u00e9fici\u00e9 d'une \u00e9chocardiographie.\"}]}<\/script>\n<!-- \/ Yoast SEO plugin. -->","yoast_head_json":{"title":"Tachycardie ventriculaire - Blog d&#039;\u00e9lectrocardiographie v\u00e9t\u00e9rinaire","description":"Tachycardie ventriculaire apparaissant apr\u00e8s une s\u00e9rie de doublets d'extrasystoles ventriculaires dans un contexte d'hypokali\u00e9mie et d'an\u00e9mie.","robots":{"index":"index","follow":"follow","max-snippet":"max-snippet:-1","max-image-preview":"max-image-preview:large","max-video-preview":"max-video-preview:-1"},"canonical":"http:\/\/vet-ecg.ddns.net\/index.php\/tachycardie-ventriculaire-2\/","twitter_misc":{"Dur\u00e9e de lecture estim\u00e9e":"1 minute"},"schema":{"@context":"https:\/\/schema.org","@graph":[{"@type":"WebPage","@id":"http:\/\/vet-ecg.ddns.net\/index.php\/tachycardie-ventriculaire-2\/","url":"http:\/\/vet-ecg.ddns.net\/index.php\/tachycardie-ventriculaire-2\/","name":"Tachycardie ventriculaire - Blog d&#039;\u00e9lectrocardiographie v\u00e9t\u00e9rinaire","isPartOf":{"@id":"http:\/\/vet-ecg.ddns.net\/#website"},"primaryImageOfPage":{"@id":"http:\/\/vet-ecg.ddns.net\/index.php\/tachycardie-ventriculaire-2\/#primaryimage"},"image":{"@id":"http:\/\/vet-ecg.ddns.net\/index.php\/tachycardie-ventriculaire-2\/#primaryimage"},"thumbnailUrl":"http:\/\/vet-ecg.ddns.net\/wp-content\/uploads\/tv5-1024x736.jpg","datePublished":"2020-05-29T21:31:43+00:00","dateModified":"2020-05-29T21:31:45+00:00","description":"Tachycardie ventriculaire apparaissant apr\u00e8s une s\u00e9rie de doublets d'extrasystoles ventriculaires dans un contexte d'hypokali\u00e9mie et d'an\u00e9mie.","breadcrumb":{"@id":"http:\/\/vet-ecg.ddns.net\/index.php\/tachycardie-ventriculaire-2\/#breadcrumb"},"inLanguage":"fr-FR","potentialAction":[{"@type":"ReadAction","target":["http:\/\/vet-ecg.ddns.net\/index.php\/tachycardie-ventriculaire-2\/"]}]},{"@type":"ImageObject","inLanguage":"fr-FR","@id":"http:\/\/vet-ecg.ddns.net\/index.php\/tachycardie-ventriculaire-2\/#primaryimage","url":"http:\/\/vet-ecg.ddns.net\/wp-content\/uploads\/tv5-scaled.jpg","contentUrl":"http:\/\/vet-ecg.ddns.net\/wp-content\/uploads\/tv5-scaled.jpg","width":2560,"height":1839},{"@type":"BreadcrumbList","@id":"http:\/\/vet-ecg.ddns.net\/index.php\/tachycardie-ventriculaire-2\/#breadcrumb","itemListElement":[{"@type":"ListItem","position":1,"name":"Accueil","item":"http:\/\/vet-ecg.ddns.net\/"},{"@type":"ListItem","position":2,"name":"Tachycardie ventriculaire"}]},{"@type":"WebSite","@id":"http:\/\/vet-ecg.ddns.net\/#website","url":"http:\/\/vet-ecg.ddns.net\/","name":"Blog d&#039;\u00e9lectrocardiographie v\u00e9t\u00e9rinaire","description":"recueil d&#039;ECG de chiens et de chats","publisher":{"@id":"http:\/\/vet-ecg.ddns.net\/#\/schema\/person\/fec4070a47e235fed904fab73cae00b4"},"alternateName":"\u00e9lectrocardiographie v\u00e9t\u00e9rinaire","potentialAction":[{"@type":"SearchAction","target":{"@type":"EntryPoint","urlTemplate":"http:\/\/vet-ecg.ddns.net\/?s={search_term_string}"},"query-input":{"@type":"PropertyValueSpecification","valueRequired":true,"valueName":"search_term_string"}}],"inLanguage":"fr-FR"},{"@type":["Person","Organization"],"@id":"http:\/\/vet-ecg.ddns.net\/#\/schema\/person\/fec4070a47e235fed904fab73cae00b4","name":"admin","image":{"@type":"ImageObject","inLanguage":"fr-FR","@id":"http:\/\/vet-ecg.ddns.net\/wp-content\/uploads\/2018\/04\/Zelda-2-ECG-248.jpg","url":"http:\/\/vet-ecg.ddns.net\/wp-content\/uploads\/2018\/04\/Zelda-2-ECG-248.jpg","contentUrl":"http:\/\/vet-ecg.ddns.net\/wp-content\/uploads\/2018\/04\/Zelda-2-ECG-248.jpg","width":248,"height":248,"caption":"admin"},"logo":{"@id":"http:\/\/vet-ecg.ddns.net\/wp-content\/uploads\/2018\/04\/Zelda-2-ECG-248.jpg"},"description":"Les trac\u00e9s publi\u00e9s sur ce site sont issus de diff\u00e9rentes cliniques v\u00e9t\u00e9rinaires de Paris et de sa banlieue durant les 10 derni\u00e8res ann\u00e9es. Les ECG r\u00e9alis\u00e9s ont \u00e9t\u00e9 r\u00e9alis\u00e9s sur des chiens et des chats qui ont tous b\u00e9n\u00e9fici\u00e9 d'une \u00e9chocardiographie."}]}},"_links":{"self":[{"href":"http:\/\/vet-ecg.ddns.net\/index.php\/wp-json\/wp\/v2\/pages\/3095","targetHints":{"allow":["GET"]}}],"collection":[{"href":"http:\/\/vet-ecg.ddns.net\/index.php\/wp-json\/wp\/v2\/pages"}],"about":[{"href":"http:\/\/vet-ecg.ddns.net\/index.php\/wp-json\/wp\/v2\/types\/page"}],"author":[{"embeddable":true,"href":"http:\/\/vet-ecg.ddns.net\/index.php\/wp-json\/wp\/v2\/users\/1"}],"replies":[{"embeddable":true,"href":"http:\/\/vet-ecg.ddns.net\/index.php\/wp-json\/wp\/v2\/comments?post=3095"}],"version-history":[{"count":0,"href":"http:\/\/vet-ecg.ddns.net\/index.php\/wp-json\/wp\/v2\/pages\/3095\/revisions"}],"wp:attachment":[{"href":"http:\/\/vet-ecg.ddns.net\/index.php\/wp-json\/wp\/v2\/media?parent=3095"}],"curies":[{"name":"wp","href":"https:\/\/api.w.org\/{rel}","templated":true}]}}