{"id":3084,"date":"2020-05-23T12:03:51","date_gmt":"2020-05-23T10:03:51","guid":{"rendered":"http:\/\/vet-ecg.ddns.net\/?page_id=3084"},"modified":"2020-05-23T22:29:29","modified_gmt":"2020-05-23T20:29:29","slug":"extrasystoles-atriales-bloquees","status":"publish","type":"page","link":"http:\/\/vet-ecg.ddns.net\/index.php\/extrasystoles-atriales-bloquees\/","title":{"rendered":"Extrasystoles atriales bloqu\u00e9es"},"content":{"rendered":"\n<figure class=\"wp-block-image size-large\"><img loading=\"lazy\" decoding=\"async\" width=\"2690\" height=\"1590\" src=\"http:\/\/vet-ecg.ddns.net\/wp-content\/uploads\/ESA-bloquee.jpg\" alt=\"2 extrasystoles atriales bloqu\u00e9es\" class=\"wp-image-3085\"\/><figcaption>Extrasystoles atriales non conduites<\/figcaption><\/figure>\n\n\n<p>Cet ECG de Cavalier King Charles montre deux intervalles RR longs (environ 850 ms), alors que l&rsquo;intervalle RR de base est de 400 ms.<\/p>\n<p>Cet allongement de l&rsquo;intervalle RR s&rsquo;explique par le repos compensateur induit par l&rsquo;onde P extrasystolique que l&rsquo;on voit perturber la morphologie de l&rsquo;onde T (voir d\u00e9tails ci-dessous)<\/p>\n<p><\/p>\n\n\n<figure class=\"wp-block-image size-large\"><img loading=\"lazy\" decoding=\"async\" width=\"906\" height=\"1560\" src=\"http:\/\/vet-ecg.ddns.net\/wp-content\/uploads\/ESA-bloquee-details.jpg\" alt=\"\" class=\"wp-image-3086\"\/><\/figure>\n\n\n\n<p><a href=\"http:\/\/vet-ecg.ddns.net\/index.php\/extrasystoles-atriales-bloquees\/\">Voir la page<\/a><\/p>\n\n\n<p>On remarquera, par ailleurs, une dur\u00e9e de QRS augment\u00e9e pour un chien de 8 kg (55 ms) ainsi qu&rsquo;un important sus-d\u00e9calage du segment ST visible sur les deux premi\u00e8res d\u00e9rivations.<a class=\"components-button components-snackbar__action is-tertiary\" href=\"http:\/\/vet-ecg.ddns.net\/index.php\/extrasystoles-atriales-bloquees\/\">Voir la page<\/a><\/p>","protected":false},"excerpt":{"rendered":"<p>Cet ECG de Cavalier King Charles montre deux intervalles RR longs (environ 850 ms), alors que l&rsquo;intervalle RR de base est de 400 ms. Cet allongement de l&rsquo;intervalle RR s&rsquo;explique par le repos compensateur induit par l&rsquo;onde P extrasystolique que l&rsquo;on voit perturber la morphologie de l&rsquo;onde T (voir d\u00e9tails ci-dessous) Voir la page On &hellip; <a href=\"http:\/\/vet-ecg.ddns.net\/index.php\/extrasystoles-atriales-bloquees\/\" class=\"more-link\">Continuer la lecture de <span class=\"screen-reader-text\">Extrasystoles atriales bloqu\u00e9es<\/span><\/a><\/p>\n","protected":false},"author":1,"featured_media":0,"parent":0,"menu_order":0,"comment_status":"closed","ping_status":"closed","template":"","meta":{"footnotes":""},"class_list":["post-3084","page","type-page","status-publish","hentry"],"yoast_head":"<!-- This site is optimized with the Yoast SEO plugin v27.4 - https:\/\/yoast.com\/product\/yoast-seo-wordpress\/ -->\n<title>Extrasystoles atriales bloqu\u00e9es - Blog d&#039;\u00e9lectrocardiographie v\u00e9t\u00e9rinaire<\/title>\n<meta name=\"description\" content=\"Deux extrasystoles atriales bloqu\u00e9es suivies d&#039;un repos compensateur chezun chien de race Cavalier King Charles dont la dur\u00e9e de QRS atteint 55 ms.\" \/>\n<meta name=\"robots\" content=\"index, follow, max-snippet:-1, max-image-preview:large, max-video-preview:-1\" \/>\n<link rel=\"canonical\" href=\"http:\/\/vet-ecg.ddns.net\/index.php\/extrasystoles-atriales-bloquees\/\" \/>\n<script type=\"application\/ld+json\" class=\"yoast-schema-graph\">{\"@context\":\"https:\\\/\\\/schema.org\",\"@graph\":[{\"@type\":\"WebPage\",\"@id\":\"http:\\\/\\\/vet-ecg.ddns.net\\\/index.php\\\/extrasystoles-atriales-bloquees\\\/\",\"url\":\"http:\\\/\\\/vet-ecg.ddns.net\\\/index.php\\\/extrasystoles-atriales-bloquees\\\/\",\"name\":\"Extrasystoles atriales bloqu\u00e9es - Blog d&#039;\u00e9lectrocardiographie v\u00e9t\u00e9rinaire\",\"isPartOf\":{\"@id\":\"http:\\\/\\\/vet-ecg.ddns.net\\\/#website\"},\"primaryImageOfPage\":{\"@id\":\"http:\\\/\\\/vet-ecg.ddns.net\\\/index.php\\\/extrasystoles-atriales-bloquees\\\/#primaryimage\"},\"image\":{\"@id\":\"http:\\\/\\\/vet-ecg.ddns.net\\\/index.php\\\/extrasystoles-atriales-bloquees\\\/#primaryimage\"},\"thumbnailUrl\":\"http:\\\/\\\/vet-ecg.ddns.net\\\/wp-content\\\/uploads\\\/ESA-bloquee.jpg\",\"datePublished\":\"2020-05-23T10:03:51+00:00\",\"dateModified\":\"2020-05-23T20:29:29+00:00\",\"description\":\"Deux extrasystoles atriales bloqu\u00e9es suivies d'un repos compensateur chezun chien de race Cavalier King Charles dont la dur\u00e9e de QRS atteint 55 ms.\",\"breadcrumb\":{\"@id\":\"http:\\\/\\\/vet-ecg.ddns.net\\\/index.php\\\/extrasystoles-atriales-bloquees\\\/#breadcrumb\"},\"inLanguage\":\"fr-FR\",\"potentialAction\":[{\"@type\":\"ReadAction\",\"target\":[\"http:\\\/\\\/vet-ecg.ddns.net\\\/index.php\\\/extrasystoles-atriales-bloquees\\\/\"]}]},{\"@type\":\"ImageObject\",\"inLanguage\":\"fr-FR\",\"@id\":\"http:\\\/\\\/vet-ecg.ddns.net\\\/index.php\\\/extrasystoles-atriales-bloquees\\\/#primaryimage\",\"url\":\"http:\\\/\\\/vet-ecg.ddns.net\\\/wp-content\\\/uploads\\\/ESA-bloquee.jpg\",\"contentUrl\":\"http:\\\/\\\/vet-ecg.ddns.net\\\/wp-content\\\/uploads\\\/ESA-bloquee.jpg\",\"width\":2690,\"height\":1590},{\"@type\":\"BreadcrumbList\",\"@id\":\"http:\\\/\\\/vet-ecg.ddns.net\\\/index.php\\\/extrasystoles-atriales-bloquees\\\/#breadcrumb\",\"itemListElement\":[{\"@type\":\"ListItem\",\"position\":1,\"name\":\"Accueil\",\"item\":\"http:\\\/\\\/vet-ecg.ddns.net\\\/\"},{\"@type\":\"ListItem\",\"position\":2,\"name\":\"Extrasystoles atriales bloqu\u00e9es\"}]},{\"@type\":\"WebSite\",\"@id\":\"http:\\\/\\\/vet-ecg.ddns.net\\\/#website\",\"url\":\"http:\\\/\\\/vet-ecg.ddns.net\\\/\",\"name\":\"Blog d&#039;\u00e9lectrocardiographie v\u00e9t\u00e9rinaire\",\"description\":\"recueil d&#039;ECG de chiens et de chats\",\"publisher\":{\"@id\":\"http:\\\/\\\/vet-ecg.ddns.net\\\/#\\\/schema\\\/person\\\/fec4070a47e235fed904fab73cae00b4\"},\"alternateName\":\"\u00e9lectrocardiographie v\u00e9t\u00e9rinaire\",\"potentialAction\":[{\"@type\":\"SearchAction\",\"target\":{\"@type\":\"EntryPoint\",\"urlTemplate\":\"http:\\\/\\\/vet-ecg.ddns.net\\\/?s={search_term_string}\"},\"query-input\":{\"@type\":\"PropertyValueSpecification\",\"valueRequired\":true,\"valueName\":\"search_term_string\"}}],\"inLanguage\":\"fr-FR\"},{\"@type\":[\"Person\",\"Organization\"],\"@id\":\"http:\\\/\\\/vet-ecg.ddns.net\\\/#\\\/schema\\\/person\\\/fec4070a47e235fed904fab73cae00b4\",\"name\":\"admin\",\"image\":{\"@type\":\"ImageObject\",\"inLanguage\":\"fr-FR\",\"@id\":\"http:\\\/\\\/vet-ecg.ddns.net\\\/wp-content\\\/uploads\\\/2018\\\/04\\\/Zelda-2-ECG-248.jpg\",\"url\":\"http:\\\/\\\/vet-ecg.ddns.net\\\/wp-content\\\/uploads\\\/2018\\\/04\\\/Zelda-2-ECG-248.jpg\",\"contentUrl\":\"http:\\\/\\\/vet-ecg.ddns.net\\\/wp-content\\\/uploads\\\/2018\\\/04\\\/Zelda-2-ECG-248.jpg\",\"width\":248,\"height\":248,\"caption\":\"admin\"},\"logo\":{\"@id\":\"http:\\\/\\\/vet-ecg.ddns.net\\\/wp-content\\\/uploads\\\/2018\\\/04\\\/Zelda-2-ECG-248.jpg\"},\"description\":\"Les trac\u00e9s publi\u00e9s sur ce site sont issus de diff\u00e9rentes cliniques v\u00e9t\u00e9rinaires de Paris et de sa banlieue durant les 10 derni\u00e8res ann\u00e9es. Les ECG r\u00e9alis\u00e9s ont \u00e9t\u00e9 r\u00e9alis\u00e9s sur des chiens et des chats qui ont tous b\u00e9n\u00e9fici\u00e9 d'une \u00e9chocardiographie.\"}]}<\/script>\n<!-- \/ Yoast SEO plugin. -->","yoast_head_json":{"title":"Extrasystoles atriales bloqu\u00e9es - Blog d&#039;\u00e9lectrocardiographie v\u00e9t\u00e9rinaire","description":"Deux extrasystoles atriales bloqu\u00e9es suivies d'un repos compensateur chezun chien de race Cavalier King Charles dont la dur\u00e9e de QRS atteint 55 ms.","robots":{"index":"index","follow":"follow","max-snippet":"max-snippet:-1","max-image-preview":"max-image-preview:large","max-video-preview":"max-video-preview:-1"},"canonical":"http:\/\/vet-ecg.ddns.net\/index.php\/extrasystoles-atriales-bloquees\/","schema":{"@context":"https:\/\/schema.org","@graph":[{"@type":"WebPage","@id":"http:\/\/vet-ecg.ddns.net\/index.php\/extrasystoles-atriales-bloquees\/","url":"http:\/\/vet-ecg.ddns.net\/index.php\/extrasystoles-atriales-bloquees\/","name":"Extrasystoles atriales bloqu\u00e9es - Blog d&#039;\u00e9lectrocardiographie v\u00e9t\u00e9rinaire","isPartOf":{"@id":"http:\/\/vet-ecg.ddns.net\/#website"},"primaryImageOfPage":{"@id":"http:\/\/vet-ecg.ddns.net\/index.php\/extrasystoles-atriales-bloquees\/#primaryimage"},"image":{"@id":"http:\/\/vet-ecg.ddns.net\/index.php\/extrasystoles-atriales-bloquees\/#primaryimage"},"thumbnailUrl":"http:\/\/vet-ecg.ddns.net\/wp-content\/uploads\/ESA-bloquee.jpg","datePublished":"2020-05-23T10:03:51+00:00","dateModified":"2020-05-23T20:29:29+00:00","description":"Deux extrasystoles atriales bloqu\u00e9es suivies d'un repos compensateur chezun chien de race Cavalier King Charles dont la dur\u00e9e de QRS atteint 55 ms.","breadcrumb":{"@id":"http:\/\/vet-ecg.ddns.net\/index.php\/extrasystoles-atriales-bloquees\/#breadcrumb"},"inLanguage":"fr-FR","potentialAction":[{"@type":"ReadAction","target":["http:\/\/vet-ecg.ddns.net\/index.php\/extrasystoles-atriales-bloquees\/"]}]},{"@type":"ImageObject","inLanguage":"fr-FR","@id":"http:\/\/vet-ecg.ddns.net\/index.php\/extrasystoles-atriales-bloquees\/#primaryimage","url":"http:\/\/vet-ecg.ddns.net\/wp-content\/uploads\/ESA-bloquee.jpg","contentUrl":"http:\/\/vet-ecg.ddns.net\/wp-content\/uploads\/ESA-bloquee.jpg","width":2690,"height":1590},{"@type":"BreadcrumbList","@id":"http:\/\/vet-ecg.ddns.net\/index.php\/extrasystoles-atriales-bloquees\/#breadcrumb","itemListElement":[{"@type":"ListItem","position":1,"name":"Accueil","item":"http:\/\/vet-ecg.ddns.net\/"},{"@type":"ListItem","position":2,"name":"Extrasystoles atriales bloqu\u00e9es"}]},{"@type":"WebSite","@id":"http:\/\/vet-ecg.ddns.net\/#website","url":"http:\/\/vet-ecg.ddns.net\/","name":"Blog d&#039;\u00e9lectrocardiographie v\u00e9t\u00e9rinaire","description":"recueil d&#039;ECG de chiens et de chats","publisher":{"@id":"http:\/\/vet-ecg.ddns.net\/#\/schema\/person\/fec4070a47e235fed904fab73cae00b4"},"alternateName":"\u00e9lectrocardiographie v\u00e9t\u00e9rinaire","potentialAction":[{"@type":"SearchAction","target":{"@type":"EntryPoint","urlTemplate":"http:\/\/vet-ecg.ddns.net\/?s={search_term_string}"},"query-input":{"@type":"PropertyValueSpecification","valueRequired":true,"valueName":"search_term_string"}}],"inLanguage":"fr-FR"},{"@type":["Person","Organization"],"@id":"http:\/\/vet-ecg.ddns.net\/#\/schema\/person\/fec4070a47e235fed904fab73cae00b4","name":"admin","image":{"@type":"ImageObject","inLanguage":"fr-FR","@id":"http:\/\/vet-ecg.ddns.net\/wp-content\/uploads\/2018\/04\/Zelda-2-ECG-248.jpg","url":"http:\/\/vet-ecg.ddns.net\/wp-content\/uploads\/2018\/04\/Zelda-2-ECG-248.jpg","contentUrl":"http:\/\/vet-ecg.ddns.net\/wp-content\/uploads\/2018\/04\/Zelda-2-ECG-248.jpg","width":248,"height":248,"caption":"admin"},"logo":{"@id":"http:\/\/vet-ecg.ddns.net\/wp-content\/uploads\/2018\/04\/Zelda-2-ECG-248.jpg"},"description":"Les trac\u00e9s publi\u00e9s sur ce site sont issus de diff\u00e9rentes cliniques v\u00e9t\u00e9rinaires de Paris et de sa banlieue durant les 10 derni\u00e8res ann\u00e9es. Les ECG r\u00e9alis\u00e9s ont \u00e9t\u00e9 r\u00e9alis\u00e9s sur des chiens et des chats qui ont tous b\u00e9n\u00e9fici\u00e9 d'une \u00e9chocardiographie."}]}},"_links":{"self":[{"href":"http:\/\/vet-ecg.ddns.net\/index.php\/wp-json\/wp\/v2\/pages\/3084","targetHints":{"allow":["GET"]}}],"collection":[{"href":"http:\/\/vet-ecg.ddns.net\/index.php\/wp-json\/wp\/v2\/pages"}],"about":[{"href":"http:\/\/vet-ecg.ddns.net\/index.php\/wp-json\/wp\/v2\/types\/page"}],"author":[{"embeddable":true,"href":"http:\/\/vet-ecg.ddns.net\/index.php\/wp-json\/wp\/v2\/users\/1"}],"replies":[{"embeddable":true,"href":"http:\/\/vet-ecg.ddns.net\/index.php\/wp-json\/wp\/v2\/comments?post=3084"}],"version-history":[{"count":0,"href":"http:\/\/vet-ecg.ddns.net\/index.php\/wp-json\/wp\/v2\/pages\/3084\/revisions"}],"wp:attachment":[{"href":"http:\/\/vet-ecg.ddns.net\/index.php\/wp-json\/wp\/v2\/media?parent=3084"}],"curies":[{"name":"wp","href":"https:\/\/api.w.org\/{rel}","templated":true}]}}