{"id":3077,"date":"2020-05-13T10:59:39","date_gmt":"2020-05-13T08:59:39","guid":{"rendered":"http:\/\/vet-ecg.ddns.net\/?page_id=3077"},"modified":"2020-05-18T21:37:08","modified_gmt":"2020-05-18T19:37:08","slug":"extrasystoles-ventriculaires-de-type-r-t","status":"publish","type":"page","link":"http:\/\/vet-ecg.ddns.net\/index.php\/extrasystoles-ventriculaires-de-type-r-t\/","title":{"rendered":"Extrasystoles ventriculaires de type R\/T"},"content":{"rendered":"\n<figure class=\"wp-block-image size-large\"><img loading=\"lazy\" decoding=\"async\" width=\"2499\" height=\"1795\" src=\"http:\/\/vet-ecg.ddns.net\/wp-content\/uploads\/esv-R-T.jpg\" alt=\"ESV d'aspect R\/T\n\" class=\"wp-image-3078\"\/><figcaption>Extrasystoles ventriculaires de type R\/T<\/figcaption><\/figure>\n\n\n<p>Le rythme de base de ce bouledogue fran\u00e7ais est sinusal \u00e0 135 bpm mais est entrecoup\u00e9 de nombreuses extrasystoles ventriculaires. <\/p>\n<p>On note des ondes P pointues et hypervolt\u00e9es en D2 en raison d&rsquo;une hypertension pulmonaire mise en \u00e9vidence \u00e0 l&rsquo;\u00e9chographie.<\/p>\n<p>La particularit\u00e9 de ces extrasystoles est leur couplage court. En effet, elles d\u00e9butent \u00e0 un moment o\u00f9 les ventriculaires ne sont pas encore compl\u00e8tement sortis de leur p\u00e9riode r\u00e9fractaire (sur la branche descendante de l&rsquo;onde T).<\/p>\n<p>Cette p\u00e9riode est particuli\u00e8rement propice \u00e0 la transformation en tachycardie ventriculaire, voire en fibrillation ventriculaire.<\/p>\n<p>Ce chien a fait une syncope profonde qui a dur\u00e9 plusieurs minutes quelques instants apr\u00e8s la r\u00e9alisation de cet ECG.<\/p>\n<p><\/p>","protected":false},"excerpt":{"rendered":"<p>Le rythme de base de ce bouledogue fran\u00e7ais est sinusal \u00e0 135 bpm mais est entrecoup\u00e9 de nombreuses extrasystoles ventriculaires. On note des ondes P pointues et hypervolt\u00e9es en D2 en raison d&rsquo;une hypertension pulmonaire mise en \u00e9vidence \u00e0 l&rsquo;\u00e9chographie. La particularit\u00e9 de ces extrasystoles est leur couplage court. En effet, elles d\u00e9butent \u00e0 un &hellip; <a href=\"http:\/\/vet-ecg.ddns.net\/index.php\/extrasystoles-ventriculaires-de-type-r-t\/\" class=\"more-link\">Continuer la lecture de <span class=\"screen-reader-text\">Extrasystoles ventriculaires de type R\/T<\/span><\/a><\/p>\n","protected":false},"author":1,"featured_media":0,"parent":0,"menu_order":0,"comment_status":"closed","ping_status":"closed","template":"","meta":{"footnotes":""},"class_list":["post-3077","page","type-page","status-publish","hentry"],"yoast_head":"<!-- This site is optimized with the Yoast SEO plugin v27.4 - https:\/\/yoast.com\/product\/yoast-seo-wordpress\/ -->\n<title>Extrasystoles ventriculaires de type R\/T - Blog d&#039;\u00e9lectrocardiographie v\u00e9t\u00e9rinaire<\/title>\n<meta name=\"description\" content=\"Extrasystoles ventriculaires de type R\/T enregistr\u00e9es dans un contexte d&#039;hypoxie . Le risque r\u00e9side dans sa transformation en fibrillation ventriculaire.\" \/>\n<meta name=\"robots\" content=\"index, follow, max-snippet:-1, max-image-preview:large, max-video-preview:-1\" \/>\n<link rel=\"canonical\" href=\"http:\/\/vet-ecg.ddns.net\/index.php\/extrasystoles-ventriculaires-de-type-r-t\/\" \/>\n<meta name=\"twitter:label1\" content=\"Dur\u00e9e de lecture estim\u00e9e\" \/>\n\t<meta name=\"twitter:data1\" content=\"1 minute\" \/>\n<script type=\"application\/ld+json\" class=\"yoast-schema-graph\">{\"@context\":\"https:\\\/\\\/schema.org\",\"@graph\":[{\"@type\":\"WebPage\",\"@id\":\"http:\\\/\\\/vet-ecg.ddns.net\\\/index.php\\\/extrasystoles-ventriculaires-de-type-r-t\\\/\",\"url\":\"http:\\\/\\\/vet-ecg.ddns.net\\\/index.php\\\/extrasystoles-ventriculaires-de-type-r-t\\\/\",\"name\":\"Extrasystoles ventriculaires de type R\\\/T - Blog d&#039;\u00e9lectrocardiographie v\u00e9t\u00e9rinaire\",\"isPartOf\":{\"@id\":\"http:\\\/\\\/vet-ecg.ddns.net\\\/#website\"},\"primaryImageOfPage\":{\"@id\":\"http:\\\/\\\/vet-ecg.ddns.net\\\/index.php\\\/extrasystoles-ventriculaires-de-type-r-t\\\/#primaryimage\"},\"image\":{\"@id\":\"http:\\\/\\\/vet-ecg.ddns.net\\\/index.php\\\/extrasystoles-ventriculaires-de-type-r-t\\\/#primaryimage\"},\"thumbnailUrl\":\"http:\\\/\\\/vet-ecg.ddns.net\\\/wp-content\\\/uploads\\\/esv-R-T.jpg\",\"datePublished\":\"2020-05-13T08:59:39+00:00\",\"dateModified\":\"2020-05-18T19:37:08+00:00\",\"description\":\"Extrasystoles ventriculaires de type R\\\/T enregistr\u00e9es dans un contexte d'hypoxie . Le risque r\u00e9side dans sa transformation en fibrillation ventriculaire.\",\"breadcrumb\":{\"@id\":\"http:\\\/\\\/vet-ecg.ddns.net\\\/index.php\\\/extrasystoles-ventriculaires-de-type-r-t\\\/#breadcrumb\"},\"inLanguage\":\"fr-FR\",\"potentialAction\":[{\"@type\":\"ReadAction\",\"target\":[\"http:\\\/\\\/vet-ecg.ddns.net\\\/index.php\\\/extrasystoles-ventriculaires-de-type-r-t\\\/\"]}]},{\"@type\":\"ImageObject\",\"inLanguage\":\"fr-FR\",\"@id\":\"http:\\\/\\\/vet-ecg.ddns.net\\\/index.php\\\/extrasystoles-ventriculaires-de-type-r-t\\\/#primaryimage\",\"url\":\"http:\\\/\\\/vet-ecg.ddns.net\\\/wp-content\\\/uploads\\\/esv-R-T.jpg\",\"contentUrl\":\"http:\\\/\\\/vet-ecg.ddns.net\\\/wp-content\\\/uploads\\\/esv-R-T.jpg\",\"width\":2499,\"height\":1795},{\"@type\":\"BreadcrumbList\",\"@id\":\"http:\\\/\\\/vet-ecg.ddns.net\\\/index.php\\\/extrasystoles-ventriculaires-de-type-r-t\\\/#breadcrumb\",\"itemListElement\":[{\"@type\":\"ListItem\",\"position\":1,\"name\":\"Accueil\",\"item\":\"http:\\\/\\\/vet-ecg.ddns.net\\\/\"},{\"@type\":\"ListItem\",\"position\":2,\"name\":\"Extrasystoles ventriculaires de type R\\\/T\"}]},{\"@type\":\"WebSite\",\"@id\":\"http:\\\/\\\/vet-ecg.ddns.net\\\/#website\",\"url\":\"http:\\\/\\\/vet-ecg.ddns.net\\\/\",\"name\":\"Blog d&#039;\u00e9lectrocardiographie v\u00e9t\u00e9rinaire\",\"description\":\"recueil d&#039;ECG de chiens et de chats\",\"publisher\":{\"@id\":\"http:\\\/\\\/vet-ecg.ddns.net\\\/#\\\/schema\\\/person\\\/fec4070a47e235fed904fab73cae00b4\"},\"alternateName\":\"\u00e9lectrocardiographie v\u00e9t\u00e9rinaire\",\"potentialAction\":[{\"@type\":\"SearchAction\",\"target\":{\"@type\":\"EntryPoint\",\"urlTemplate\":\"http:\\\/\\\/vet-ecg.ddns.net\\\/?s={search_term_string}\"},\"query-input\":{\"@type\":\"PropertyValueSpecification\",\"valueRequired\":true,\"valueName\":\"search_term_string\"}}],\"inLanguage\":\"fr-FR\"},{\"@type\":[\"Person\",\"Organization\"],\"@id\":\"http:\\\/\\\/vet-ecg.ddns.net\\\/#\\\/schema\\\/person\\\/fec4070a47e235fed904fab73cae00b4\",\"name\":\"admin\",\"image\":{\"@type\":\"ImageObject\",\"inLanguage\":\"fr-FR\",\"@id\":\"http:\\\/\\\/vet-ecg.ddns.net\\\/wp-content\\\/uploads\\\/2018\\\/04\\\/Zelda-2-ECG-248.jpg\",\"url\":\"http:\\\/\\\/vet-ecg.ddns.net\\\/wp-content\\\/uploads\\\/2018\\\/04\\\/Zelda-2-ECG-248.jpg\",\"contentUrl\":\"http:\\\/\\\/vet-ecg.ddns.net\\\/wp-content\\\/uploads\\\/2018\\\/04\\\/Zelda-2-ECG-248.jpg\",\"width\":248,\"height\":248,\"caption\":\"admin\"},\"logo\":{\"@id\":\"http:\\\/\\\/vet-ecg.ddns.net\\\/wp-content\\\/uploads\\\/2018\\\/04\\\/Zelda-2-ECG-248.jpg\"},\"description\":\"Les trac\u00e9s publi\u00e9s sur ce site sont issus de diff\u00e9rentes cliniques v\u00e9t\u00e9rinaires de Paris et de sa banlieue durant les 10 derni\u00e8res ann\u00e9es. Les ECG r\u00e9alis\u00e9s ont \u00e9t\u00e9 r\u00e9alis\u00e9s sur des chiens et des chats qui ont tous b\u00e9n\u00e9fici\u00e9 d'une \u00e9chocardiographie.\"}]}<\/script>\n<!-- \/ Yoast SEO plugin. -->","yoast_head_json":{"title":"Extrasystoles ventriculaires de type R\/T - Blog d&#039;\u00e9lectrocardiographie v\u00e9t\u00e9rinaire","description":"Extrasystoles ventriculaires de type R\/T enregistr\u00e9es dans un contexte d'hypoxie . Le risque r\u00e9side dans sa transformation en fibrillation ventriculaire.","robots":{"index":"index","follow":"follow","max-snippet":"max-snippet:-1","max-image-preview":"max-image-preview:large","max-video-preview":"max-video-preview:-1"},"canonical":"http:\/\/vet-ecg.ddns.net\/index.php\/extrasystoles-ventriculaires-de-type-r-t\/","twitter_misc":{"Dur\u00e9e de lecture estim\u00e9e":"1 minute"},"schema":{"@context":"https:\/\/schema.org","@graph":[{"@type":"WebPage","@id":"http:\/\/vet-ecg.ddns.net\/index.php\/extrasystoles-ventriculaires-de-type-r-t\/","url":"http:\/\/vet-ecg.ddns.net\/index.php\/extrasystoles-ventriculaires-de-type-r-t\/","name":"Extrasystoles ventriculaires de type R\/T - Blog d&#039;\u00e9lectrocardiographie v\u00e9t\u00e9rinaire","isPartOf":{"@id":"http:\/\/vet-ecg.ddns.net\/#website"},"primaryImageOfPage":{"@id":"http:\/\/vet-ecg.ddns.net\/index.php\/extrasystoles-ventriculaires-de-type-r-t\/#primaryimage"},"image":{"@id":"http:\/\/vet-ecg.ddns.net\/index.php\/extrasystoles-ventriculaires-de-type-r-t\/#primaryimage"},"thumbnailUrl":"http:\/\/vet-ecg.ddns.net\/wp-content\/uploads\/esv-R-T.jpg","datePublished":"2020-05-13T08:59:39+00:00","dateModified":"2020-05-18T19:37:08+00:00","description":"Extrasystoles ventriculaires de type R\/T enregistr\u00e9es dans un contexte d'hypoxie . Le risque r\u00e9side dans sa transformation en fibrillation ventriculaire.","breadcrumb":{"@id":"http:\/\/vet-ecg.ddns.net\/index.php\/extrasystoles-ventriculaires-de-type-r-t\/#breadcrumb"},"inLanguage":"fr-FR","potentialAction":[{"@type":"ReadAction","target":["http:\/\/vet-ecg.ddns.net\/index.php\/extrasystoles-ventriculaires-de-type-r-t\/"]}]},{"@type":"ImageObject","inLanguage":"fr-FR","@id":"http:\/\/vet-ecg.ddns.net\/index.php\/extrasystoles-ventriculaires-de-type-r-t\/#primaryimage","url":"http:\/\/vet-ecg.ddns.net\/wp-content\/uploads\/esv-R-T.jpg","contentUrl":"http:\/\/vet-ecg.ddns.net\/wp-content\/uploads\/esv-R-T.jpg","width":2499,"height":1795},{"@type":"BreadcrumbList","@id":"http:\/\/vet-ecg.ddns.net\/index.php\/extrasystoles-ventriculaires-de-type-r-t\/#breadcrumb","itemListElement":[{"@type":"ListItem","position":1,"name":"Accueil","item":"http:\/\/vet-ecg.ddns.net\/"},{"@type":"ListItem","position":2,"name":"Extrasystoles ventriculaires de type R\/T"}]},{"@type":"WebSite","@id":"http:\/\/vet-ecg.ddns.net\/#website","url":"http:\/\/vet-ecg.ddns.net\/","name":"Blog d&#039;\u00e9lectrocardiographie v\u00e9t\u00e9rinaire","description":"recueil d&#039;ECG de chiens et de chats","publisher":{"@id":"http:\/\/vet-ecg.ddns.net\/#\/schema\/person\/fec4070a47e235fed904fab73cae00b4"},"alternateName":"\u00e9lectrocardiographie v\u00e9t\u00e9rinaire","potentialAction":[{"@type":"SearchAction","target":{"@type":"EntryPoint","urlTemplate":"http:\/\/vet-ecg.ddns.net\/?s={search_term_string}"},"query-input":{"@type":"PropertyValueSpecification","valueRequired":true,"valueName":"search_term_string"}}],"inLanguage":"fr-FR"},{"@type":["Person","Organization"],"@id":"http:\/\/vet-ecg.ddns.net\/#\/schema\/person\/fec4070a47e235fed904fab73cae00b4","name":"admin","image":{"@type":"ImageObject","inLanguage":"fr-FR","@id":"http:\/\/vet-ecg.ddns.net\/wp-content\/uploads\/2018\/04\/Zelda-2-ECG-248.jpg","url":"http:\/\/vet-ecg.ddns.net\/wp-content\/uploads\/2018\/04\/Zelda-2-ECG-248.jpg","contentUrl":"http:\/\/vet-ecg.ddns.net\/wp-content\/uploads\/2018\/04\/Zelda-2-ECG-248.jpg","width":248,"height":248,"caption":"admin"},"logo":{"@id":"http:\/\/vet-ecg.ddns.net\/wp-content\/uploads\/2018\/04\/Zelda-2-ECG-248.jpg"},"description":"Les trac\u00e9s publi\u00e9s sur ce site sont issus de diff\u00e9rentes cliniques v\u00e9t\u00e9rinaires de Paris et de sa banlieue durant les 10 derni\u00e8res ann\u00e9es. Les ECG r\u00e9alis\u00e9s ont \u00e9t\u00e9 r\u00e9alis\u00e9s sur des chiens et des chats qui ont tous b\u00e9n\u00e9fici\u00e9 d'une \u00e9chocardiographie."}]}},"_links":{"self":[{"href":"http:\/\/vet-ecg.ddns.net\/index.php\/wp-json\/wp\/v2\/pages\/3077","targetHints":{"allow":["GET"]}}],"collection":[{"href":"http:\/\/vet-ecg.ddns.net\/index.php\/wp-json\/wp\/v2\/pages"}],"about":[{"href":"http:\/\/vet-ecg.ddns.net\/index.php\/wp-json\/wp\/v2\/types\/page"}],"author":[{"embeddable":true,"href":"http:\/\/vet-ecg.ddns.net\/index.php\/wp-json\/wp\/v2\/users\/1"}],"replies":[{"embeddable":true,"href":"http:\/\/vet-ecg.ddns.net\/index.php\/wp-json\/wp\/v2\/comments?post=3077"}],"version-history":[{"count":0,"href":"http:\/\/vet-ecg.ddns.net\/index.php\/wp-json\/wp\/v2\/pages\/3077\/revisions"}],"wp:attachment":[{"href":"http:\/\/vet-ecg.ddns.net\/index.php\/wp-json\/wp\/v2\/media?parent=3077"}],"curies":[{"name":"wp","href":"https:\/\/api.w.org\/{rel}","templated":true}]}}