{"id":3047,"date":"2020-03-03T10:41:05","date_gmt":"2020-03-03T09:41:05","guid":{"rendered":"http:\/\/vet-ecg.ddns.net\/?page_id=3047"},"modified":"2023-06-10T18:20:38","modified_gmt":"2023-06-10T16:20:38","slug":"persistance-du-canal-arteriel","status":"publish","type":"page","link":"http:\/\/vet-ecg.ddns.net\/index.php\/persistance-du-canal-arteriel\/","title":{"rendered":"persistance du canal art\u00e9riel"},"content":{"rendered":"\n<figure class=\"wp-block-image size-large\"><img loading=\"lazy\" decoding=\"async\" width=\"2100\" height=\"1748\" src=\"http:\/\/vet-ecg.ddns.net\/wp-content\/uploads\/canal-arteriel-5.jpg\" alt=\"Persistance du canal art\u00e9riel chez un bichon de 3 mois.\" class=\"wp-image-3048\"\/><figcaption class=\"wp-element-caption\">Ondes T anormales<\/figcaption><\/figure>\n\n\n<p>Ce trac\u00e9 est celui d&rsquo;un bichon de 3 mois, asymptomatique.<\/p>\n<p>L&rsquo;\u00e9chocardiographie confirme le diagnostic de persistance du canal art\u00e9riel que le souffle systolo-diastolique permettait de suspecter.<\/p>\n<p>Il n&rsquo;y a pas de remodelage cardiaque, cependant l&rsquo;ECG montre une tachycardie sinusale et des anomalies de repolarisation avec des ondes T hypervolt\u00e9es.<\/p>\n<p>Il existe par ailleurs une onde P isol\u00e9e (BAV-2 de type M\u00f6bitz transitoire)<\/p>","protected":false},"excerpt":{"rendered":"<p>Ce trac\u00e9 est celui d&rsquo;un bichon de 3 mois, asymptomatique. L&rsquo;\u00e9chocardiographie confirme le diagnostic de persistance du canal art\u00e9riel que le souffle systolo-diastolique permettait de suspecter. Il n&rsquo;y a pas de remodelage cardiaque, cependant l&rsquo;ECG montre une tachycardie sinusale et des anomalies de repolarisation avec des ondes T hypervolt\u00e9es. Il existe par ailleurs une onde &hellip; <a href=\"http:\/\/vet-ecg.ddns.net\/index.php\/persistance-du-canal-arteriel\/\" class=\"more-link\">Continuer la lecture de <span class=\"screen-reader-text\">persistance du canal art\u00e9riel<\/span><\/a><\/p>\n","protected":false},"author":1,"featured_media":0,"parent":0,"menu_order":0,"comment_status":"closed","ping_status":"closed","template":"","meta":{"footnotes":""},"class_list":["post-3047","page","type-page","status-publish","hentry"],"yoast_head":"<!-- This site is optimized with the Yoast SEO plugin v27.4 - https:\/\/yoast.com\/product\/yoast-seo-wordpress\/ -->\n<title>persistance du canal art\u00e9riel - Blog d&#039;\u00e9lectrocardiographie v\u00e9t\u00e9rinaire<\/title>\n<meta name=\"description\" content=\"Persistance du canal art\u00e9riel chez un bichon de 3 mois asymptomatique. On note une anomalie de repolarisation: ondes T hypervolt\u00e9es.\" \/>\n<meta name=\"robots\" content=\"index, follow, max-snippet:-1, max-image-preview:large, max-video-preview:-1\" \/>\n<link rel=\"canonical\" href=\"http:\/\/vet-ecg.ddns.net\/index.php\/persistance-du-canal-arteriel\/\" \/>\n<script type=\"application\/ld+json\" class=\"yoast-schema-graph\">{\"@context\":\"https:\\\/\\\/schema.org\",\"@graph\":[{\"@type\":\"WebPage\",\"@id\":\"http:\\\/\\\/vet-ecg.ddns.net\\\/index.php\\\/persistance-du-canal-arteriel\\\/\",\"url\":\"http:\\\/\\\/vet-ecg.ddns.net\\\/index.php\\\/persistance-du-canal-arteriel\\\/\",\"name\":\"persistance du canal art\u00e9riel - Blog d&#039;\u00e9lectrocardiographie v\u00e9t\u00e9rinaire\",\"isPartOf\":{\"@id\":\"http:\\\/\\\/vet-ecg.ddns.net\\\/#website\"},\"primaryImageOfPage\":{\"@id\":\"http:\\\/\\\/vet-ecg.ddns.net\\\/index.php\\\/persistance-du-canal-arteriel\\\/#primaryimage\"},\"image\":{\"@id\":\"http:\\\/\\\/vet-ecg.ddns.net\\\/index.php\\\/persistance-du-canal-arteriel\\\/#primaryimage\"},\"thumbnailUrl\":\"http:\\\/\\\/vet-ecg.ddns.net\\\/wp-content\\\/uploads\\\/canal-arteriel-5.jpg\",\"datePublished\":\"2020-03-03T09:41:05+00:00\",\"dateModified\":\"2023-06-10T16:20:38+00:00\",\"description\":\"Persistance du canal art\u00e9riel chez un bichon de 3 mois asymptomatique. On note une anomalie de repolarisation: ondes T hypervolt\u00e9es.\",\"breadcrumb\":{\"@id\":\"http:\\\/\\\/vet-ecg.ddns.net\\\/index.php\\\/persistance-du-canal-arteriel\\\/#breadcrumb\"},\"inLanguage\":\"fr-FR\",\"potentialAction\":[{\"@type\":\"ReadAction\",\"target\":[\"http:\\\/\\\/vet-ecg.ddns.net\\\/index.php\\\/persistance-du-canal-arteriel\\\/\"]}]},{\"@type\":\"ImageObject\",\"inLanguage\":\"fr-FR\",\"@id\":\"http:\\\/\\\/vet-ecg.ddns.net\\\/index.php\\\/persistance-du-canal-arteriel\\\/#primaryimage\",\"url\":\"http:\\\/\\\/vet-ecg.ddns.net\\\/wp-content\\\/uploads\\\/canal-arteriel-5.jpg\",\"contentUrl\":\"http:\\\/\\\/vet-ecg.ddns.net\\\/wp-content\\\/uploads\\\/canal-arteriel-5.jpg\",\"width\":2100,\"height\":1748},{\"@type\":\"BreadcrumbList\",\"@id\":\"http:\\\/\\\/vet-ecg.ddns.net\\\/index.php\\\/persistance-du-canal-arteriel\\\/#breadcrumb\",\"itemListElement\":[{\"@type\":\"ListItem\",\"position\":1,\"name\":\"Accueil\",\"item\":\"http:\\\/\\\/vet-ecg.ddns.net\\\/\"},{\"@type\":\"ListItem\",\"position\":2,\"name\":\"persistance du canal art\u00e9riel\"}]},{\"@type\":\"WebSite\",\"@id\":\"http:\\\/\\\/vet-ecg.ddns.net\\\/#website\",\"url\":\"http:\\\/\\\/vet-ecg.ddns.net\\\/\",\"name\":\"Blog d&#039;\u00e9lectrocardiographie v\u00e9t\u00e9rinaire\",\"description\":\"recueil d&#039;ECG de chiens et de chats\",\"publisher\":{\"@id\":\"http:\\\/\\\/vet-ecg.ddns.net\\\/#\\\/schema\\\/person\\\/fec4070a47e235fed904fab73cae00b4\"},\"alternateName\":\"\u00e9lectrocardiographie v\u00e9t\u00e9rinaire\",\"potentialAction\":[{\"@type\":\"SearchAction\",\"target\":{\"@type\":\"EntryPoint\",\"urlTemplate\":\"http:\\\/\\\/vet-ecg.ddns.net\\\/?s={search_term_string}\"},\"query-input\":{\"@type\":\"PropertyValueSpecification\",\"valueRequired\":true,\"valueName\":\"search_term_string\"}}],\"inLanguage\":\"fr-FR\"},{\"@type\":[\"Person\",\"Organization\"],\"@id\":\"http:\\\/\\\/vet-ecg.ddns.net\\\/#\\\/schema\\\/person\\\/fec4070a47e235fed904fab73cae00b4\",\"name\":\"admin\",\"image\":{\"@type\":\"ImageObject\",\"inLanguage\":\"fr-FR\",\"@id\":\"http:\\\/\\\/vet-ecg.ddns.net\\\/wp-content\\\/uploads\\\/2018\\\/04\\\/Zelda-2-ECG-248.jpg\",\"url\":\"http:\\\/\\\/vet-ecg.ddns.net\\\/wp-content\\\/uploads\\\/2018\\\/04\\\/Zelda-2-ECG-248.jpg\",\"contentUrl\":\"http:\\\/\\\/vet-ecg.ddns.net\\\/wp-content\\\/uploads\\\/2018\\\/04\\\/Zelda-2-ECG-248.jpg\",\"width\":248,\"height\":248,\"caption\":\"admin\"},\"logo\":{\"@id\":\"http:\\\/\\\/vet-ecg.ddns.net\\\/wp-content\\\/uploads\\\/2018\\\/04\\\/Zelda-2-ECG-248.jpg\"},\"description\":\"Les trac\u00e9s publi\u00e9s sur ce site sont issus de diff\u00e9rentes cliniques v\u00e9t\u00e9rinaires de Paris et de sa banlieue durant les 10 derni\u00e8res ann\u00e9es. Les ECG r\u00e9alis\u00e9s ont \u00e9t\u00e9 r\u00e9alis\u00e9s sur des chiens et des chats qui ont tous b\u00e9n\u00e9fici\u00e9 d'une \u00e9chocardiographie.\"}]}<\/script>\n<!-- \/ Yoast SEO plugin. -->","yoast_head_json":{"title":"persistance du canal art\u00e9riel - Blog d&#039;\u00e9lectrocardiographie v\u00e9t\u00e9rinaire","description":"Persistance du canal art\u00e9riel chez un bichon de 3 mois asymptomatique. On note une anomalie de repolarisation: ondes T hypervolt\u00e9es.","robots":{"index":"index","follow":"follow","max-snippet":"max-snippet:-1","max-image-preview":"max-image-preview:large","max-video-preview":"max-video-preview:-1"},"canonical":"http:\/\/vet-ecg.ddns.net\/index.php\/persistance-du-canal-arteriel\/","schema":{"@context":"https:\/\/schema.org","@graph":[{"@type":"WebPage","@id":"http:\/\/vet-ecg.ddns.net\/index.php\/persistance-du-canal-arteriel\/","url":"http:\/\/vet-ecg.ddns.net\/index.php\/persistance-du-canal-arteriel\/","name":"persistance du canal art\u00e9riel - Blog d&#039;\u00e9lectrocardiographie v\u00e9t\u00e9rinaire","isPartOf":{"@id":"http:\/\/vet-ecg.ddns.net\/#website"},"primaryImageOfPage":{"@id":"http:\/\/vet-ecg.ddns.net\/index.php\/persistance-du-canal-arteriel\/#primaryimage"},"image":{"@id":"http:\/\/vet-ecg.ddns.net\/index.php\/persistance-du-canal-arteriel\/#primaryimage"},"thumbnailUrl":"http:\/\/vet-ecg.ddns.net\/wp-content\/uploads\/canal-arteriel-5.jpg","datePublished":"2020-03-03T09:41:05+00:00","dateModified":"2023-06-10T16:20:38+00:00","description":"Persistance du canal art\u00e9riel chez un bichon de 3 mois asymptomatique. On note une anomalie de repolarisation: ondes T hypervolt\u00e9es.","breadcrumb":{"@id":"http:\/\/vet-ecg.ddns.net\/index.php\/persistance-du-canal-arteriel\/#breadcrumb"},"inLanguage":"fr-FR","potentialAction":[{"@type":"ReadAction","target":["http:\/\/vet-ecg.ddns.net\/index.php\/persistance-du-canal-arteriel\/"]}]},{"@type":"ImageObject","inLanguage":"fr-FR","@id":"http:\/\/vet-ecg.ddns.net\/index.php\/persistance-du-canal-arteriel\/#primaryimage","url":"http:\/\/vet-ecg.ddns.net\/wp-content\/uploads\/canal-arteriel-5.jpg","contentUrl":"http:\/\/vet-ecg.ddns.net\/wp-content\/uploads\/canal-arteriel-5.jpg","width":2100,"height":1748},{"@type":"BreadcrumbList","@id":"http:\/\/vet-ecg.ddns.net\/index.php\/persistance-du-canal-arteriel\/#breadcrumb","itemListElement":[{"@type":"ListItem","position":1,"name":"Accueil","item":"http:\/\/vet-ecg.ddns.net\/"},{"@type":"ListItem","position":2,"name":"persistance du canal art\u00e9riel"}]},{"@type":"WebSite","@id":"http:\/\/vet-ecg.ddns.net\/#website","url":"http:\/\/vet-ecg.ddns.net\/","name":"Blog d&#039;\u00e9lectrocardiographie v\u00e9t\u00e9rinaire","description":"recueil d&#039;ECG de chiens et de chats","publisher":{"@id":"http:\/\/vet-ecg.ddns.net\/#\/schema\/person\/fec4070a47e235fed904fab73cae00b4"},"alternateName":"\u00e9lectrocardiographie v\u00e9t\u00e9rinaire","potentialAction":[{"@type":"SearchAction","target":{"@type":"EntryPoint","urlTemplate":"http:\/\/vet-ecg.ddns.net\/?s={search_term_string}"},"query-input":{"@type":"PropertyValueSpecification","valueRequired":true,"valueName":"search_term_string"}}],"inLanguage":"fr-FR"},{"@type":["Person","Organization"],"@id":"http:\/\/vet-ecg.ddns.net\/#\/schema\/person\/fec4070a47e235fed904fab73cae00b4","name":"admin","image":{"@type":"ImageObject","inLanguage":"fr-FR","@id":"http:\/\/vet-ecg.ddns.net\/wp-content\/uploads\/2018\/04\/Zelda-2-ECG-248.jpg","url":"http:\/\/vet-ecg.ddns.net\/wp-content\/uploads\/2018\/04\/Zelda-2-ECG-248.jpg","contentUrl":"http:\/\/vet-ecg.ddns.net\/wp-content\/uploads\/2018\/04\/Zelda-2-ECG-248.jpg","width":248,"height":248,"caption":"admin"},"logo":{"@id":"http:\/\/vet-ecg.ddns.net\/wp-content\/uploads\/2018\/04\/Zelda-2-ECG-248.jpg"},"description":"Les trac\u00e9s publi\u00e9s sur ce site sont issus de diff\u00e9rentes cliniques v\u00e9t\u00e9rinaires de Paris et de sa banlieue durant les 10 derni\u00e8res ann\u00e9es. Les ECG r\u00e9alis\u00e9s ont \u00e9t\u00e9 r\u00e9alis\u00e9s sur des chiens et des chats qui ont tous b\u00e9n\u00e9fici\u00e9 d'une \u00e9chocardiographie."}]}},"_links":{"self":[{"href":"http:\/\/vet-ecg.ddns.net\/index.php\/wp-json\/wp\/v2\/pages\/3047","targetHints":{"allow":["GET"]}}],"collection":[{"href":"http:\/\/vet-ecg.ddns.net\/index.php\/wp-json\/wp\/v2\/pages"}],"about":[{"href":"http:\/\/vet-ecg.ddns.net\/index.php\/wp-json\/wp\/v2\/types\/page"}],"author":[{"embeddable":true,"href":"http:\/\/vet-ecg.ddns.net\/index.php\/wp-json\/wp\/v2\/users\/1"}],"replies":[{"embeddable":true,"href":"http:\/\/vet-ecg.ddns.net\/index.php\/wp-json\/wp\/v2\/comments?post=3047"}],"version-history":[{"count":1,"href":"http:\/\/vet-ecg.ddns.net\/index.php\/wp-json\/wp\/v2\/pages\/3047\/revisions"}],"predecessor-version":[{"id":3449,"href":"http:\/\/vet-ecg.ddns.net\/index.php\/wp-json\/wp\/v2\/pages\/3047\/revisions\/3449"}],"wp:attachment":[{"href":"http:\/\/vet-ecg.ddns.net\/index.php\/wp-json\/wp\/v2\/media?parent=3047"}],"curies":[{"name":"wp","href":"https:\/\/api.w.org\/{rel}","templated":true}]}}