{"id":3033,"date":"2020-02-27T19:32:05","date_gmt":"2020-02-27T18:32:05","guid":{"rendered":"http:\/\/vet-ecg.ddns.net\/?page_id=3033"},"modified":"2020-02-27T22:29:58","modified_gmt":"2020-02-27T21:29:58","slug":"exemples-decg-felins-normaux","status":"publish","type":"page","link":"http:\/\/vet-ecg.ddns.net\/index.php\/exemples-decg-felins-normaux\/","title":{"rendered":"Exemples d&rsquo;ECG f\u00e9lins &lsquo;normaux&rsquo;"},"content":{"rendered":"\n<figure class=\"wp-block-image size-large\"><img loading=\"lazy\" decoding=\"async\" width=\"1732\" height=\"2850\" src=\"http:\/\/vet-ecg.ddns.net\/wp-content\/uploads\/normal-2.jpg\" alt=\"Autre trac\u00e9 ECG normal chez un chat\" class=\"wp-image-3034\"\/><figcaption>Trac\u00e9 ECG &lsquo;normal&rsquo; chez un chat<\/figcaption><\/figure>\n\n\n<p>Bien que ce trac\u00e9 pr\u00e9sente quelques particularit\u00e9s, il peut \u00eatre consid\u00e9r\u00e9 comme normal.<\/p>\n<p>L&rsquo;axe des QRS\u00a0 est de 120\u00b0 (normales comprises entre 0 et 160 degr\u00e9s).<\/p>\n<p>La fr\u00e9quence est basse et il existe une d\u00e9flexion positive inhabituelle , situ\u00e9e entre la fin de l&rsquo;onde T et le d\u00e9but de l&rsquo;onde P, celle-ci correspond \u00e0 l&rsquo;enregistrement de myocytes et n&rsquo;a pas de valeur pathologique.<\/p>\n<p><!--more--><\/p>\n\n\n<figure class=\"wp-block-image size-large\"><img loading=\"lazy\" decoding=\"async\" width=\"1516\" height=\"3930\" src=\"http:\/\/vet-ecg.ddns.net\/wp-content\/uploads\/normal-3.jpg\" alt=\"Autre exemple de trac\u00e9 ECG f\u00e9lin class\u00e9 comme normal\" class=\"wp-image-3038\"\/><figcaption>Autre trac\u00e9 class\u00e9 dans les ECG normaux<\/figcaption><\/figure>\n","protected":false},"excerpt":{"rendered":"<p>Bien que ce trac\u00e9 pr\u00e9sente quelques particularit\u00e9s, il peut \u00eatre consid\u00e9r\u00e9 comme normal. L&rsquo;axe des QRS\u00a0 est de 120\u00b0 (normales comprises entre 0 et 160 degr\u00e9s). La fr\u00e9quence est basse et il existe une d\u00e9flexion positive inhabituelle , situ\u00e9e entre la fin de l&rsquo;onde T et le d\u00e9but de l&rsquo;onde P, celle-ci correspond \u00e0 l&rsquo;enregistrement &hellip; <a href=\"http:\/\/vet-ecg.ddns.net\/index.php\/exemples-decg-felins-normaux\/\" class=\"more-link\">Continuer la lecture de <span class=\"screen-reader-text\">Exemples d&rsquo;ECG f\u00e9lins &lsquo;normaux&rsquo;<\/span><\/a><\/p>\n","protected":false},"author":1,"featured_media":0,"parent":0,"menu_order":0,"comment_status":"closed","ping_status":"closed","template":"","meta":{"footnotes":""},"class_list":["post-3033","page","type-page","status-publish","hentry"],"yoast_head":"<!-- This site is optimized with the Yoast SEO plugin v27.4 - https:\/\/yoast.com\/product\/yoast-seo-wordpress\/ -->\n<title>Exemples d&#039;ECG f\u00e9lins &#039;normaux&#039; - Blog d&#039;\u00e9lectrocardiographie v\u00e9t\u00e9rinaire<\/title>\n<meta name=\"description\" content=\"Exemples d&#039;ECG f\u00e9lins &#039;normaux&#039; , m\u00eame si l&#039;on peut remarquer quelques art\u00e9facts dus \u00e0 l&#039;activation de certains myocytes. La fr\u00e9quence cardiaque est basse.\" \/>\n<meta name=\"robots\" content=\"index, follow, max-snippet:-1, max-image-preview:large, max-video-preview:-1\" \/>\n<link rel=\"canonical\" href=\"http:\/\/vet-ecg.ddns.net\/index.php\/exemples-decg-felins-normaux\/\" \/>\n<script type=\"application\/ld+json\" class=\"yoast-schema-graph\">{\"@context\":\"https:\\\/\\\/schema.org\",\"@graph\":[{\"@type\":\"WebPage\",\"@id\":\"http:\\\/\\\/vet-ecg.ddns.net\\\/index.php\\\/exemples-decg-felins-normaux\\\/\",\"url\":\"http:\\\/\\\/vet-ecg.ddns.net\\\/index.php\\\/exemples-decg-felins-normaux\\\/\",\"name\":\"Exemples d'ECG f\u00e9lins 'normaux' - Blog d&#039;\u00e9lectrocardiographie v\u00e9t\u00e9rinaire\",\"isPartOf\":{\"@id\":\"http:\\\/\\\/vet-ecg.ddns.net\\\/#website\"},\"primaryImageOfPage\":{\"@id\":\"http:\\\/\\\/vet-ecg.ddns.net\\\/index.php\\\/exemples-decg-felins-normaux\\\/#primaryimage\"},\"image\":{\"@id\":\"http:\\\/\\\/vet-ecg.ddns.net\\\/index.php\\\/exemples-decg-felins-normaux\\\/#primaryimage\"},\"thumbnailUrl\":\"http:\\\/\\\/vet-ecg.ddns.net\\\/wp-content\\\/uploads\\\/normal-2.jpg\",\"datePublished\":\"2020-02-27T18:32:05+00:00\",\"dateModified\":\"2020-02-27T21:29:58+00:00\",\"description\":\"Exemples d'ECG f\u00e9lins 'normaux' , m\u00eame si l'on peut remarquer quelques art\u00e9facts dus \u00e0 l'activation de certains myocytes. La fr\u00e9quence cardiaque est basse.\",\"breadcrumb\":{\"@id\":\"http:\\\/\\\/vet-ecg.ddns.net\\\/index.php\\\/exemples-decg-felins-normaux\\\/#breadcrumb\"},\"inLanguage\":\"fr-FR\",\"potentialAction\":[{\"@type\":\"ReadAction\",\"target\":[\"http:\\\/\\\/vet-ecg.ddns.net\\\/index.php\\\/exemples-decg-felins-normaux\\\/\"]}]},{\"@type\":\"ImageObject\",\"inLanguage\":\"fr-FR\",\"@id\":\"http:\\\/\\\/vet-ecg.ddns.net\\\/index.php\\\/exemples-decg-felins-normaux\\\/#primaryimage\",\"url\":\"http:\\\/\\\/vet-ecg.ddns.net\\\/wp-content\\\/uploads\\\/normal-2.jpg\",\"contentUrl\":\"http:\\\/\\\/vet-ecg.ddns.net\\\/wp-content\\\/uploads\\\/normal-2.jpg\",\"width\":1732,\"height\":2850},{\"@type\":\"BreadcrumbList\",\"@id\":\"http:\\\/\\\/vet-ecg.ddns.net\\\/index.php\\\/exemples-decg-felins-normaux\\\/#breadcrumb\",\"itemListElement\":[{\"@type\":\"ListItem\",\"position\":1,\"name\":\"Accueil\",\"item\":\"http:\\\/\\\/vet-ecg.ddns.net\\\/\"},{\"@type\":\"ListItem\",\"position\":2,\"name\":\"Exemples d&rsquo;ECG f\u00e9lins &lsquo;normaux&rsquo;\"}]},{\"@type\":\"WebSite\",\"@id\":\"http:\\\/\\\/vet-ecg.ddns.net\\\/#website\",\"url\":\"http:\\\/\\\/vet-ecg.ddns.net\\\/\",\"name\":\"Blog d&#039;\u00e9lectrocardiographie v\u00e9t\u00e9rinaire\",\"description\":\"recueil d&#039;ECG de chiens et de chats\",\"publisher\":{\"@id\":\"http:\\\/\\\/vet-ecg.ddns.net\\\/#\\\/schema\\\/person\\\/fec4070a47e235fed904fab73cae00b4\"},\"alternateName\":\"\u00e9lectrocardiographie v\u00e9t\u00e9rinaire\",\"potentialAction\":[{\"@type\":\"SearchAction\",\"target\":{\"@type\":\"EntryPoint\",\"urlTemplate\":\"http:\\\/\\\/vet-ecg.ddns.net\\\/?s={search_term_string}\"},\"query-input\":{\"@type\":\"PropertyValueSpecification\",\"valueRequired\":true,\"valueName\":\"search_term_string\"}}],\"inLanguage\":\"fr-FR\"},{\"@type\":[\"Person\",\"Organization\"],\"@id\":\"http:\\\/\\\/vet-ecg.ddns.net\\\/#\\\/schema\\\/person\\\/fec4070a47e235fed904fab73cae00b4\",\"name\":\"admin\",\"image\":{\"@type\":\"ImageObject\",\"inLanguage\":\"fr-FR\",\"@id\":\"http:\\\/\\\/vet-ecg.ddns.net\\\/wp-content\\\/uploads\\\/2018\\\/04\\\/Zelda-2-ECG-248.jpg\",\"url\":\"http:\\\/\\\/vet-ecg.ddns.net\\\/wp-content\\\/uploads\\\/2018\\\/04\\\/Zelda-2-ECG-248.jpg\",\"contentUrl\":\"http:\\\/\\\/vet-ecg.ddns.net\\\/wp-content\\\/uploads\\\/2018\\\/04\\\/Zelda-2-ECG-248.jpg\",\"width\":248,\"height\":248,\"caption\":\"admin\"},\"logo\":{\"@id\":\"http:\\\/\\\/vet-ecg.ddns.net\\\/wp-content\\\/uploads\\\/2018\\\/04\\\/Zelda-2-ECG-248.jpg\"},\"description\":\"Les trac\u00e9s publi\u00e9s sur ce site sont issus de diff\u00e9rentes cliniques v\u00e9t\u00e9rinaires de Paris et de sa banlieue durant les 10 derni\u00e8res ann\u00e9es. Les ECG r\u00e9alis\u00e9s ont \u00e9t\u00e9 r\u00e9alis\u00e9s sur des chiens et des chats qui ont tous b\u00e9n\u00e9fici\u00e9 d'une \u00e9chocardiographie.\"}]}<\/script>\n<!-- \/ Yoast SEO plugin. -->","yoast_head_json":{"title":"Exemples d'ECG f\u00e9lins 'normaux' - Blog d&#039;\u00e9lectrocardiographie v\u00e9t\u00e9rinaire","description":"Exemples d'ECG f\u00e9lins 'normaux' , m\u00eame si l'on peut remarquer quelques art\u00e9facts dus \u00e0 l'activation de certains myocytes. La fr\u00e9quence cardiaque est basse.","robots":{"index":"index","follow":"follow","max-snippet":"max-snippet:-1","max-image-preview":"max-image-preview:large","max-video-preview":"max-video-preview:-1"},"canonical":"http:\/\/vet-ecg.ddns.net\/index.php\/exemples-decg-felins-normaux\/","schema":{"@context":"https:\/\/schema.org","@graph":[{"@type":"WebPage","@id":"http:\/\/vet-ecg.ddns.net\/index.php\/exemples-decg-felins-normaux\/","url":"http:\/\/vet-ecg.ddns.net\/index.php\/exemples-decg-felins-normaux\/","name":"Exemples d'ECG f\u00e9lins 'normaux' - Blog d&#039;\u00e9lectrocardiographie v\u00e9t\u00e9rinaire","isPartOf":{"@id":"http:\/\/vet-ecg.ddns.net\/#website"},"primaryImageOfPage":{"@id":"http:\/\/vet-ecg.ddns.net\/index.php\/exemples-decg-felins-normaux\/#primaryimage"},"image":{"@id":"http:\/\/vet-ecg.ddns.net\/index.php\/exemples-decg-felins-normaux\/#primaryimage"},"thumbnailUrl":"http:\/\/vet-ecg.ddns.net\/wp-content\/uploads\/normal-2.jpg","datePublished":"2020-02-27T18:32:05+00:00","dateModified":"2020-02-27T21:29:58+00:00","description":"Exemples d'ECG f\u00e9lins 'normaux' , m\u00eame si l'on peut remarquer quelques art\u00e9facts dus \u00e0 l'activation de certains myocytes. La fr\u00e9quence cardiaque est basse.","breadcrumb":{"@id":"http:\/\/vet-ecg.ddns.net\/index.php\/exemples-decg-felins-normaux\/#breadcrumb"},"inLanguage":"fr-FR","potentialAction":[{"@type":"ReadAction","target":["http:\/\/vet-ecg.ddns.net\/index.php\/exemples-decg-felins-normaux\/"]}]},{"@type":"ImageObject","inLanguage":"fr-FR","@id":"http:\/\/vet-ecg.ddns.net\/index.php\/exemples-decg-felins-normaux\/#primaryimage","url":"http:\/\/vet-ecg.ddns.net\/wp-content\/uploads\/normal-2.jpg","contentUrl":"http:\/\/vet-ecg.ddns.net\/wp-content\/uploads\/normal-2.jpg","width":1732,"height":2850},{"@type":"BreadcrumbList","@id":"http:\/\/vet-ecg.ddns.net\/index.php\/exemples-decg-felins-normaux\/#breadcrumb","itemListElement":[{"@type":"ListItem","position":1,"name":"Accueil","item":"http:\/\/vet-ecg.ddns.net\/"},{"@type":"ListItem","position":2,"name":"Exemples d&rsquo;ECG f\u00e9lins &lsquo;normaux&rsquo;"}]},{"@type":"WebSite","@id":"http:\/\/vet-ecg.ddns.net\/#website","url":"http:\/\/vet-ecg.ddns.net\/","name":"Blog d&#039;\u00e9lectrocardiographie v\u00e9t\u00e9rinaire","description":"recueil d&#039;ECG de chiens et de chats","publisher":{"@id":"http:\/\/vet-ecg.ddns.net\/#\/schema\/person\/fec4070a47e235fed904fab73cae00b4"},"alternateName":"\u00e9lectrocardiographie v\u00e9t\u00e9rinaire","potentialAction":[{"@type":"SearchAction","target":{"@type":"EntryPoint","urlTemplate":"http:\/\/vet-ecg.ddns.net\/?s={search_term_string}"},"query-input":{"@type":"PropertyValueSpecification","valueRequired":true,"valueName":"search_term_string"}}],"inLanguage":"fr-FR"},{"@type":["Person","Organization"],"@id":"http:\/\/vet-ecg.ddns.net\/#\/schema\/person\/fec4070a47e235fed904fab73cae00b4","name":"admin","image":{"@type":"ImageObject","inLanguage":"fr-FR","@id":"http:\/\/vet-ecg.ddns.net\/wp-content\/uploads\/2018\/04\/Zelda-2-ECG-248.jpg","url":"http:\/\/vet-ecg.ddns.net\/wp-content\/uploads\/2018\/04\/Zelda-2-ECG-248.jpg","contentUrl":"http:\/\/vet-ecg.ddns.net\/wp-content\/uploads\/2018\/04\/Zelda-2-ECG-248.jpg","width":248,"height":248,"caption":"admin"},"logo":{"@id":"http:\/\/vet-ecg.ddns.net\/wp-content\/uploads\/2018\/04\/Zelda-2-ECG-248.jpg"},"description":"Les trac\u00e9s publi\u00e9s sur ce site sont issus de diff\u00e9rentes cliniques v\u00e9t\u00e9rinaires de Paris et de sa banlieue durant les 10 derni\u00e8res ann\u00e9es. Les ECG r\u00e9alis\u00e9s ont \u00e9t\u00e9 r\u00e9alis\u00e9s sur des chiens et des chats qui ont tous b\u00e9n\u00e9fici\u00e9 d'une \u00e9chocardiographie."}]}},"_links":{"self":[{"href":"http:\/\/vet-ecg.ddns.net\/index.php\/wp-json\/wp\/v2\/pages\/3033","targetHints":{"allow":["GET"]}}],"collection":[{"href":"http:\/\/vet-ecg.ddns.net\/index.php\/wp-json\/wp\/v2\/pages"}],"about":[{"href":"http:\/\/vet-ecg.ddns.net\/index.php\/wp-json\/wp\/v2\/types\/page"}],"author":[{"embeddable":true,"href":"http:\/\/vet-ecg.ddns.net\/index.php\/wp-json\/wp\/v2\/users\/1"}],"replies":[{"embeddable":true,"href":"http:\/\/vet-ecg.ddns.net\/index.php\/wp-json\/wp\/v2\/comments?post=3033"}],"version-history":[{"count":0,"href":"http:\/\/vet-ecg.ddns.net\/index.php\/wp-json\/wp\/v2\/pages\/3033\/revisions"}],"wp:attachment":[{"href":"http:\/\/vet-ecg.ddns.net\/index.php\/wp-json\/wp\/v2\/media?parent=3033"}],"curies":[{"name":"wp","href":"https:\/\/api.w.org\/{rel}","templated":true}]}}