{"id":3023,"date":"2020-02-27T12:54:45","date_gmt":"2020-02-27T11:54:45","guid":{"rendered":"http:\/\/vet-ecg.ddns.net\/?page_id=3023"},"modified":"2020-02-27T13:26:29","modified_gmt":"2020-02-27T12:26:29","slug":"tea-et-bav3","status":"publish","type":"page","link":"http:\/\/vet-ecg.ddns.net\/index.php\/tea-et-bav3\/","title":{"rendered":"Thrombo-embolie et BAV-3"},"content":{"rendered":"\n<figure class=\"wp-block-image size-large\"><img loading=\"lazy\" decoding=\"async\" width=\"2000\" height=\"1427\" src=\"http:\/\/vet-ecg.ddns.net\/wp-content\/uploads\/tea-bav3.jpg\" alt=\"cardiomyopathie f\u00e9line compliqu\u00e9e de thrombo-embolie et associ\u00e9e \u00e0 un BAV-3\" class=\"wp-image-3024\"\/><figcaption>Rythme d&rsquo;\u00e9chappement ventriculaire sur BAV-3<\/figcaption><\/figure>\n\n\n<p>Le rythme est r\u00e9gulier mais non sinusal. En effet les ondes P sont disjointes des QRS.<\/p>\n<p>La fr\u00e9quence cardiaque est de 110 bpm mais les QRS sont larges (60 ms) et pr\u00e9sentent un axe de -90\u00b0.<\/p>\n<p>Il s&rsquo;agit d&rsquo;un rythme d&rsquo;\u00e9chappement ventriculaire acc\u00e9l\u00e9r\u00e9. La fr\u00e9quence permet d&rsquo; assurer une perfusion tissulaire suffisante.<\/p>\n<p>L&rsquo;\u00e9chocardiographie montre une cardiomyopathie hypertrohique d&rsquo;ampleur moyenne sans dilatation de l&rsquo;oreillette gauche.<\/p>\n<p>Le chat pr\u00e9sente une paralysie d&rsquo;un membre ant\u00e9rieur d&rsquo;apparition brutale.<\/p>","protected":false},"excerpt":{"rendered":"<p>Le rythme est r\u00e9gulier mais non sinusal. En effet les ondes P sont disjointes des QRS. La fr\u00e9quence cardiaque est de 110 bpm mais les QRS sont larges (60 ms) et pr\u00e9sentent un axe de -90\u00b0. Il s&rsquo;agit d&rsquo;un rythme d&rsquo;\u00e9chappement ventriculaire acc\u00e9l\u00e9r\u00e9. La fr\u00e9quence permet d&rsquo; assurer une perfusion tissulaire suffisante. L&rsquo;\u00e9chocardiographie montre une &hellip; <a href=\"http:\/\/vet-ecg.ddns.net\/index.php\/tea-et-bav3\/\" class=\"more-link\">Continuer la lecture de <span class=\"screen-reader-text\">Thrombo-embolie et BAV-3<\/span><\/a><\/p>\n","protected":false},"author":1,"featured_media":0,"parent":0,"menu_order":0,"comment_status":"closed","ping_status":"closed","template":"","meta":{"footnotes":""},"class_list":["post-3023","page","type-page","status-publish","hentry"],"yoast_head":"<!-- This site is optimized with the Yoast SEO plugin v27.4 - https:\/\/yoast.com\/product\/yoast-seo-wordpress\/ -->\n<title>Thrombo-embolie et BAV-3 - Blog d&#039;\u00e9lectrocardiographie v\u00e9t\u00e9rinaire<\/title>\n<meta name=\"description\" content=\"Thrombo-embolie et BAV-3 au cours d&#039;une cardiomyopathie f\u00e9line d&#039;ampleur moyenne sans dilatation atriale gauche. Rythme d&#039;\u00e9chappement ventriculaire.\" \/>\n<meta name=\"robots\" content=\"index, follow, max-snippet:-1, max-image-preview:large, max-video-preview:-1\" \/>\n<link rel=\"canonical\" href=\"http:\/\/vet-ecg.ddns.net\/index.php\/tea-et-bav3\/\" \/>\n<script type=\"application\/ld+json\" class=\"yoast-schema-graph\">{\"@context\":\"https:\\\/\\\/schema.org\",\"@graph\":[{\"@type\":\"WebPage\",\"@id\":\"http:\\\/\\\/vet-ecg.ddns.net\\\/index.php\\\/tea-et-bav3\\\/\",\"url\":\"http:\\\/\\\/vet-ecg.ddns.net\\\/index.php\\\/tea-et-bav3\\\/\",\"name\":\"Thrombo-embolie et BAV-3 - Blog d&#039;\u00e9lectrocardiographie v\u00e9t\u00e9rinaire\",\"isPartOf\":{\"@id\":\"http:\\\/\\\/vet-ecg.ddns.net\\\/#website\"},\"primaryImageOfPage\":{\"@id\":\"http:\\\/\\\/vet-ecg.ddns.net\\\/index.php\\\/tea-et-bav3\\\/#primaryimage\"},\"image\":{\"@id\":\"http:\\\/\\\/vet-ecg.ddns.net\\\/index.php\\\/tea-et-bav3\\\/#primaryimage\"},\"thumbnailUrl\":\"http:\\\/\\\/vet-ecg.ddns.net\\\/wp-content\\\/uploads\\\/tea-bav3.jpg\",\"datePublished\":\"2020-02-27T11:54:45+00:00\",\"dateModified\":\"2020-02-27T12:26:29+00:00\",\"description\":\"Thrombo-embolie et BAV-3 au cours d'une cardiomyopathie f\u00e9line d'ampleur moyenne sans dilatation atriale gauche. Rythme d'\u00e9chappement ventriculaire.\",\"breadcrumb\":{\"@id\":\"http:\\\/\\\/vet-ecg.ddns.net\\\/index.php\\\/tea-et-bav3\\\/#breadcrumb\"},\"inLanguage\":\"fr-FR\",\"potentialAction\":[{\"@type\":\"ReadAction\",\"target\":[\"http:\\\/\\\/vet-ecg.ddns.net\\\/index.php\\\/tea-et-bav3\\\/\"]}]},{\"@type\":\"ImageObject\",\"inLanguage\":\"fr-FR\",\"@id\":\"http:\\\/\\\/vet-ecg.ddns.net\\\/index.php\\\/tea-et-bav3\\\/#primaryimage\",\"url\":\"http:\\\/\\\/vet-ecg.ddns.net\\\/wp-content\\\/uploads\\\/tea-bav3.jpg\",\"contentUrl\":\"http:\\\/\\\/vet-ecg.ddns.net\\\/wp-content\\\/uploads\\\/tea-bav3.jpg\",\"width\":2000,\"height\":1427},{\"@type\":\"BreadcrumbList\",\"@id\":\"http:\\\/\\\/vet-ecg.ddns.net\\\/index.php\\\/tea-et-bav3\\\/#breadcrumb\",\"itemListElement\":[{\"@type\":\"ListItem\",\"position\":1,\"name\":\"Accueil\",\"item\":\"http:\\\/\\\/vet-ecg.ddns.net\\\/\"},{\"@type\":\"ListItem\",\"position\":2,\"name\":\"Thrombo-embolie et BAV-3\"}]},{\"@type\":\"WebSite\",\"@id\":\"http:\\\/\\\/vet-ecg.ddns.net\\\/#website\",\"url\":\"http:\\\/\\\/vet-ecg.ddns.net\\\/\",\"name\":\"Blog d&#039;\u00e9lectrocardiographie v\u00e9t\u00e9rinaire\",\"description\":\"recueil d&#039;ECG de chiens et de chats\",\"publisher\":{\"@id\":\"http:\\\/\\\/vet-ecg.ddns.net\\\/#\\\/schema\\\/person\\\/fec4070a47e235fed904fab73cae00b4\"},\"alternateName\":\"\u00e9lectrocardiographie v\u00e9t\u00e9rinaire\",\"potentialAction\":[{\"@type\":\"SearchAction\",\"target\":{\"@type\":\"EntryPoint\",\"urlTemplate\":\"http:\\\/\\\/vet-ecg.ddns.net\\\/?s={search_term_string}\"},\"query-input\":{\"@type\":\"PropertyValueSpecification\",\"valueRequired\":true,\"valueName\":\"search_term_string\"}}],\"inLanguage\":\"fr-FR\"},{\"@type\":[\"Person\",\"Organization\"],\"@id\":\"http:\\\/\\\/vet-ecg.ddns.net\\\/#\\\/schema\\\/person\\\/fec4070a47e235fed904fab73cae00b4\",\"name\":\"admin\",\"image\":{\"@type\":\"ImageObject\",\"inLanguage\":\"fr-FR\",\"@id\":\"http:\\\/\\\/vet-ecg.ddns.net\\\/wp-content\\\/uploads\\\/2018\\\/04\\\/Zelda-2-ECG-248.jpg\",\"url\":\"http:\\\/\\\/vet-ecg.ddns.net\\\/wp-content\\\/uploads\\\/2018\\\/04\\\/Zelda-2-ECG-248.jpg\",\"contentUrl\":\"http:\\\/\\\/vet-ecg.ddns.net\\\/wp-content\\\/uploads\\\/2018\\\/04\\\/Zelda-2-ECG-248.jpg\",\"width\":248,\"height\":248,\"caption\":\"admin\"},\"logo\":{\"@id\":\"http:\\\/\\\/vet-ecg.ddns.net\\\/wp-content\\\/uploads\\\/2018\\\/04\\\/Zelda-2-ECG-248.jpg\"},\"description\":\"Les trac\u00e9s publi\u00e9s sur ce site sont issus de diff\u00e9rentes cliniques v\u00e9t\u00e9rinaires de Paris et de sa banlieue durant les 10 derni\u00e8res ann\u00e9es. Les ECG r\u00e9alis\u00e9s ont \u00e9t\u00e9 r\u00e9alis\u00e9s sur des chiens et des chats qui ont tous b\u00e9n\u00e9fici\u00e9 d'une \u00e9chocardiographie.\"}]}<\/script>\n<!-- \/ Yoast SEO plugin. -->","yoast_head_json":{"title":"Thrombo-embolie et BAV-3 - Blog d&#039;\u00e9lectrocardiographie v\u00e9t\u00e9rinaire","description":"Thrombo-embolie et BAV-3 au cours d'une cardiomyopathie f\u00e9line d'ampleur moyenne sans dilatation atriale gauche. Rythme d'\u00e9chappement ventriculaire.","robots":{"index":"index","follow":"follow","max-snippet":"max-snippet:-1","max-image-preview":"max-image-preview:large","max-video-preview":"max-video-preview:-1"},"canonical":"http:\/\/vet-ecg.ddns.net\/index.php\/tea-et-bav3\/","schema":{"@context":"https:\/\/schema.org","@graph":[{"@type":"WebPage","@id":"http:\/\/vet-ecg.ddns.net\/index.php\/tea-et-bav3\/","url":"http:\/\/vet-ecg.ddns.net\/index.php\/tea-et-bav3\/","name":"Thrombo-embolie et BAV-3 - Blog d&#039;\u00e9lectrocardiographie v\u00e9t\u00e9rinaire","isPartOf":{"@id":"http:\/\/vet-ecg.ddns.net\/#website"},"primaryImageOfPage":{"@id":"http:\/\/vet-ecg.ddns.net\/index.php\/tea-et-bav3\/#primaryimage"},"image":{"@id":"http:\/\/vet-ecg.ddns.net\/index.php\/tea-et-bav3\/#primaryimage"},"thumbnailUrl":"http:\/\/vet-ecg.ddns.net\/wp-content\/uploads\/tea-bav3.jpg","datePublished":"2020-02-27T11:54:45+00:00","dateModified":"2020-02-27T12:26:29+00:00","description":"Thrombo-embolie et BAV-3 au cours d'une cardiomyopathie f\u00e9line d'ampleur moyenne sans dilatation atriale gauche. Rythme d'\u00e9chappement ventriculaire.","breadcrumb":{"@id":"http:\/\/vet-ecg.ddns.net\/index.php\/tea-et-bav3\/#breadcrumb"},"inLanguage":"fr-FR","potentialAction":[{"@type":"ReadAction","target":["http:\/\/vet-ecg.ddns.net\/index.php\/tea-et-bav3\/"]}]},{"@type":"ImageObject","inLanguage":"fr-FR","@id":"http:\/\/vet-ecg.ddns.net\/index.php\/tea-et-bav3\/#primaryimage","url":"http:\/\/vet-ecg.ddns.net\/wp-content\/uploads\/tea-bav3.jpg","contentUrl":"http:\/\/vet-ecg.ddns.net\/wp-content\/uploads\/tea-bav3.jpg","width":2000,"height":1427},{"@type":"BreadcrumbList","@id":"http:\/\/vet-ecg.ddns.net\/index.php\/tea-et-bav3\/#breadcrumb","itemListElement":[{"@type":"ListItem","position":1,"name":"Accueil","item":"http:\/\/vet-ecg.ddns.net\/"},{"@type":"ListItem","position":2,"name":"Thrombo-embolie et BAV-3"}]},{"@type":"WebSite","@id":"http:\/\/vet-ecg.ddns.net\/#website","url":"http:\/\/vet-ecg.ddns.net\/","name":"Blog d&#039;\u00e9lectrocardiographie v\u00e9t\u00e9rinaire","description":"recueil d&#039;ECG de chiens et de chats","publisher":{"@id":"http:\/\/vet-ecg.ddns.net\/#\/schema\/person\/fec4070a47e235fed904fab73cae00b4"},"alternateName":"\u00e9lectrocardiographie v\u00e9t\u00e9rinaire","potentialAction":[{"@type":"SearchAction","target":{"@type":"EntryPoint","urlTemplate":"http:\/\/vet-ecg.ddns.net\/?s={search_term_string}"},"query-input":{"@type":"PropertyValueSpecification","valueRequired":true,"valueName":"search_term_string"}}],"inLanguage":"fr-FR"},{"@type":["Person","Organization"],"@id":"http:\/\/vet-ecg.ddns.net\/#\/schema\/person\/fec4070a47e235fed904fab73cae00b4","name":"admin","image":{"@type":"ImageObject","inLanguage":"fr-FR","@id":"http:\/\/vet-ecg.ddns.net\/wp-content\/uploads\/2018\/04\/Zelda-2-ECG-248.jpg","url":"http:\/\/vet-ecg.ddns.net\/wp-content\/uploads\/2018\/04\/Zelda-2-ECG-248.jpg","contentUrl":"http:\/\/vet-ecg.ddns.net\/wp-content\/uploads\/2018\/04\/Zelda-2-ECG-248.jpg","width":248,"height":248,"caption":"admin"},"logo":{"@id":"http:\/\/vet-ecg.ddns.net\/wp-content\/uploads\/2018\/04\/Zelda-2-ECG-248.jpg"},"description":"Les trac\u00e9s publi\u00e9s sur ce site sont issus de diff\u00e9rentes cliniques v\u00e9t\u00e9rinaires de Paris et de sa banlieue durant les 10 derni\u00e8res ann\u00e9es. Les ECG r\u00e9alis\u00e9s ont \u00e9t\u00e9 r\u00e9alis\u00e9s sur des chiens et des chats qui ont tous b\u00e9n\u00e9fici\u00e9 d'une \u00e9chocardiographie."}]}},"_links":{"self":[{"href":"http:\/\/vet-ecg.ddns.net\/index.php\/wp-json\/wp\/v2\/pages\/3023","targetHints":{"allow":["GET"]}}],"collection":[{"href":"http:\/\/vet-ecg.ddns.net\/index.php\/wp-json\/wp\/v2\/pages"}],"about":[{"href":"http:\/\/vet-ecg.ddns.net\/index.php\/wp-json\/wp\/v2\/types\/page"}],"author":[{"embeddable":true,"href":"http:\/\/vet-ecg.ddns.net\/index.php\/wp-json\/wp\/v2\/users\/1"}],"replies":[{"embeddable":true,"href":"http:\/\/vet-ecg.ddns.net\/index.php\/wp-json\/wp\/v2\/comments?post=3023"}],"version-history":[{"count":0,"href":"http:\/\/vet-ecg.ddns.net\/index.php\/wp-json\/wp\/v2\/pages\/3023\/revisions"}],"wp:attachment":[{"href":"http:\/\/vet-ecg.ddns.net\/index.php\/wp-json\/wp\/v2\/media?parent=3023"}],"curies":[{"name":"wp","href":"https:\/\/api.w.org\/{rel}","templated":true}]}}