{"id":3018,"date":"2020-02-27T11:45:53","date_gmt":"2020-02-27T10:45:53","guid":{"rendered":"http:\/\/vet-ecg.ddns.net\/?page_id=3018"},"modified":"2020-02-27T12:11:00","modified_gmt":"2020-02-27T11:11:00","slug":"hypertension-arterielle-pulmonaire-severe","status":"publish","type":"page","link":"http:\/\/vet-ecg.ddns.net\/index.php\/hypertension-arterielle-pulmonaire-severe\/","title":{"rendered":"suspicion d&#8217;embolie pulmonaire"},"content":{"rendered":"\n<figure class=\"wp-block-image size-large\"><img loading=\"lazy\" decoding=\"async\" width=\"2200\" height=\"1299\" src=\"http:\/\/vet-ecg.ddns.net\/wp-content\/uploads\/embolie-pulmonaire-2.jpg\" alt=\"D\u00e9viation axiale droite. Microvoltage de QRS chez un bichon qui ne pr\u00e9sente pas d'\u00e9panchement. Hypervoltage de l'onde P.\" class=\"wp-image-3019\"\/><figcaption>Hypervoltage de l&rsquo;onde P compar\u00e9e au microvoltage de QRS<\/figcaption><\/figure>\n\n\n<p>Le trac\u00e9 ECG de ce bichon qui ne pr\u00e9sente, ni \u00e9panchement p\u00e9ricardique, ni \u00e9panchement pleural est hypovolt\u00e9 (aspect de coeur pulmonaire chronique), du moins en ce qui concerne les complexes QRS car l&rsquo;amplitude de l&rsquo;onde P atteint 0,58 mV.<\/p>\n<p>L&rsquo;axe de QRS est d\u00e9vi\u00e9 \u00e0 droite (au del\u00e0 de 110\u00b0).<\/p>\n<p>Les ondes T sont de grande amplitude compar\u00e9e \u00e0 celle des QRS (hypoxie) et l&rsquo;intervalle QT est tr\u00e8s augment\u00e9 (QT\/RR: 0,65).<\/p>\n<p>L&rsquo;aspect qrSr&rsquo; des QRS en D1 est inhabituel. Par ailleurs, le sommet de l&rsquo;onde R en D3 est crochet\u00e9.<\/p>\n<p>L&rsquo;\u00e9chocardiographie met en \u00e9vidence une dilatation importante du tronc pulmonaire ainsi qu&rsquo;une hypertrophie auriculaire et ventriculaire droite marqu\u00e9e.<\/p>\n<p>La dyspn\u00e9e est s\u00e9v\u00e8re.<\/p>\n<p>L&rsquo;image radiographique du champ pulmonaire et l&rsquo;aspect S1Q3 peuvent faire suspecter une embolie pulmonaire.<\/p>\n<p>\u00a0<\/p>","protected":false},"excerpt":{"rendered":"<p>Le trac\u00e9 ECG de ce bichon qui ne pr\u00e9sente, ni \u00e9panchement p\u00e9ricardique, ni \u00e9panchement pleural est hypovolt\u00e9 (aspect de coeur pulmonaire chronique), du moins en ce qui concerne les complexes QRS car l&rsquo;amplitude de l&rsquo;onde P atteint 0,58 mV. L&rsquo;axe de QRS est d\u00e9vi\u00e9 \u00e0 droite (au del\u00e0 de 110\u00b0). Les ondes T sont de &hellip; <a href=\"http:\/\/vet-ecg.ddns.net\/index.php\/hypertension-arterielle-pulmonaire-severe\/\" class=\"more-link\">Continuer la lecture de <span class=\"screen-reader-text\">suspicion d&#8217;embolie pulmonaire<\/span><\/a><\/p>\n","protected":false},"author":1,"featured_media":0,"parent":0,"menu_order":0,"comment_status":"closed","ping_status":"closed","template":"","meta":{"footnotes":""},"class_list":["post-3018","page","type-page","status-publish","hentry"],"yoast_head":"<!-- This site is optimized with the Yoast SEO plugin v27.4 - https:\/\/yoast.com\/product\/yoast-seo-wordpress\/ -->\n<title>suspicion d&#039;embolie pulmonaire - Blog d&#039;\u00e9lectrocardiographie v\u00e9t\u00e9rinaire<\/title>\n<meta name=\"description\" content=\"Ce trac\u00e9 \u00e9vocateur de coeur pulmonaire chronique avec hypertrophie auriculaire et ventriculaire droite peut faire suspecter une embolie pulmonaire (S1Q3)\" \/>\n<meta name=\"robots\" content=\"index, follow, max-snippet:-1, max-image-preview:large, max-video-preview:-1\" \/>\n<link rel=\"canonical\" href=\"http:\/\/vet-ecg.ddns.net\/index.php\/hypertension-arterielle-pulmonaire-severe\/\" \/>\n<meta name=\"twitter:label1\" content=\"Dur\u00e9e de lecture estim\u00e9e\" \/>\n\t<meta name=\"twitter:data1\" content=\"1 minute\" \/>\n<script type=\"application\/ld+json\" class=\"yoast-schema-graph\">{\"@context\":\"https:\\\/\\\/schema.org\",\"@graph\":[{\"@type\":\"WebPage\",\"@id\":\"http:\\\/\\\/vet-ecg.ddns.net\\\/index.php\\\/hypertension-arterielle-pulmonaire-severe\\\/\",\"url\":\"http:\\\/\\\/vet-ecg.ddns.net\\\/index.php\\\/hypertension-arterielle-pulmonaire-severe\\\/\",\"name\":\"suspicion d'embolie pulmonaire - Blog d&#039;\u00e9lectrocardiographie v\u00e9t\u00e9rinaire\",\"isPartOf\":{\"@id\":\"http:\\\/\\\/vet-ecg.ddns.net\\\/#website\"},\"primaryImageOfPage\":{\"@id\":\"http:\\\/\\\/vet-ecg.ddns.net\\\/index.php\\\/hypertension-arterielle-pulmonaire-severe\\\/#primaryimage\"},\"image\":{\"@id\":\"http:\\\/\\\/vet-ecg.ddns.net\\\/index.php\\\/hypertension-arterielle-pulmonaire-severe\\\/#primaryimage\"},\"thumbnailUrl\":\"http:\\\/\\\/vet-ecg.ddns.net\\\/wp-content\\\/uploads\\\/embolie-pulmonaire-2.jpg\",\"datePublished\":\"2020-02-27T10:45:53+00:00\",\"dateModified\":\"2020-02-27T11:11:00+00:00\",\"description\":\"Ce trac\u00e9 \u00e9vocateur de coeur pulmonaire chronique avec hypertrophie auriculaire et ventriculaire droite peut faire suspecter une embolie pulmonaire (S1Q3)\",\"breadcrumb\":{\"@id\":\"http:\\\/\\\/vet-ecg.ddns.net\\\/index.php\\\/hypertension-arterielle-pulmonaire-severe\\\/#breadcrumb\"},\"inLanguage\":\"fr-FR\",\"potentialAction\":[{\"@type\":\"ReadAction\",\"target\":[\"http:\\\/\\\/vet-ecg.ddns.net\\\/index.php\\\/hypertension-arterielle-pulmonaire-severe\\\/\"]}]},{\"@type\":\"ImageObject\",\"inLanguage\":\"fr-FR\",\"@id\":\"http:\\\/\\\/vet-ecg.ddns.net\\\/index.php\\\/hypertension-arterielle-pulmonaire-severe\\\/#primaryimage\",\"url\":\"http:\\\/\\\/vet-ecg.ddns.net\\\/wp-content\\\/uploads\\\/embolie-pulmonaire-2.jpg\",\"contentUrl\":\"http:\\\/\\\/vet-ecg.ddns.net\\\/wp-content\\\/uploads\\\/embolie-pulmonaire-2.jpg\",\"width\":2200,\"height\":1299},{\"@type\":\"BreadcrumbList\",\"@id\":\"http:\\\/\\\/vet-ecg.ddns.net\\\/index.php\\\/hypertension-arterielle-pulmonaire-severe\\\/#breadcrumb\",\"itemListElement\":[{\"@type\":\"ListItem\",\"position\":1,\"name\":\"Accueil\",\"item\":\"http:\\\/\\\/vet-ecg.ddns.net\\\/\"},{\"@type\":\"ListItem\",\"position\":2,\"name\":\"suspicion d&#8217;embolie pulmonaire\"}]},{\"@type\":\"WebSite\",\"@id\":\"http:\\\/\\\/vet-ecg.ddns.net\\\/#website\",\"url\":\"http:\\\/\\\/vet-ecg.ddns.net\\\/\",\"name\":\"Blog d&#039;\u00e9lectrocardiographie v\u00e9t\u00e9rinaire\",\"description\":\"recueil d&#039;ECG de chiens et de chats\",\"publisher\":{\"@id\":\"http:\\\/\\\/vet-ecg.ddns.net\\\/#\\\/schema\\\/person\\\/fec4070a47e235fed904fab73cae00b4\"},\"alternateName\":\"\u00e9lectrocardiographie v\u00e9t\u00e9rinaire\",\"potentialAction\":[{\"@type\":\"SearchAction\",\"target\":{\"@type\":\"EntryPoint\",\"urlTemplate\":\"http:\\\/\\\/vet-ecg.ddns.net\\\/?s={search_term_string}\"},\"query-input\":{\"@type\":\"PropertyValueSpecification\",\"valueRequired\":true,\"valueName\":\"search_term_string\"}}],\"inLanguage\":\"fr-FR\"},{\"@type\":[\"Person\",\"Organization\"],\"@id\":\"http:\\\/\\\/vet-ecg.ddns.net\\\/#\\\/schema\\\/person\\\/fec4070a47e235fed904fab73cae00b4\",\"name\":\"admin\",\"image\":{\"@type\":\"ImageObject\",\"inLanguage\":\"fr-FR\",\"@id\":\"http:\\\/\\\/vet-ecg.ddns.net\\\/wp-content\\\/uploads\\\/2018\\\/04\\\/Zelda-2-ECG-248.jpg\",\"url\":\"http:\\\/\\\/vet-ecg.ddns.net\\\/wp-content\\\/uploads\\\/2018\\\/04\\\/Zelda-2-ECG-248.jpg\",\"contentUrl\":\"http:\\\/\\\/vet-ecg.ddns.net\\\/wp-content\\\/uploads\\\/2018\\\/04\\\/Zelda-2-ECG-248.jpg\",\"width\":248,\"height\":248,\"caption\":\"admin\"},\"logo\":{\"@id\":\"http:\\\/\\\/vet-ecg.ddns.net\\\/wp-content\\\/uploads\\\/2018\\\/04\\\/Zelda-2-ECG-248.jpg\"},\"description\":\"Les trac\u00e9s publi\u00e9s sur ce site sont issus de diff\u00e9rentes cliniques v\u00e9t\u00e9rinaires de Paris et de sa banlieue durant les 10 derni\u00e8res ann\u00e9es. Les ECG r\u00e9alis\u00e9s ont \u00e9t\u00e9 r\u00e9alis\u00e9s sur des chiens et des chats qui ont tous b\u00e9n\u00e9fici\u00e9 d'une \u00e9chocardiographie.\"}]}<\/script>\n<!-- \/ Yoast SEO plugin. -->","yoast_head_json":{"title":"suspicion d'embolie pulmonaire - Blog d&#039;\u00e9lectrocardiographie v\u00e9t\u00e9rinaire","description":"Ce trac\u00e9 \u00e9vocateur de coeur pulmonaire chronique avec hypertrophie auriculaire et ventriculaire droite peut faire suspecter une embolie pulmonaire (S1Q3)","robots":{"index":"index","follow":"follow","max-snippet":"max-snippet:-1","max-image-preview":"max-image-preview:large","max-video-preview":"max-video-preview:-1"},"canonical":"http:\/\/vet-ecg.ddns.net\/index.php\/hypertension-arterielle-pulmonaire-severe\/","twitter_misc":{"Dur\u00e9e de lecture estim\u00e9e":"1 minute"},"schema":{"@context":"https:\/\/schema.org","@graph":[{"@type":"WebPage","@id":"http:\/\/vet-ecg.ddns.net\/index.php\/hypertension-arterielle-pulmonaire-severe\/","url":"http:\/\/vet-ecg.ddns.net\/index.php\/hypertension-arterielle-pulmonaire-severe\/","name":"suspicion d'embolie pulmonaire - Blog d&#039;\u00e9lectrocardiographie v\u00e9t\u00e9rinaire","isPartOf":{"@id":"http:\/\/vet-ecg.ddns.net\/#website"},"primaryImageOfPage":{"@id":"http:\/\/vet-ecg.ddns.net\/index.php\/hypertension-arterielle-pulmonaire-severe\/#primaryimage"},"image":{"@id":"http:\/\/vet-ecg.ddns.net\/index.php\/hypertension-arterielle-pulmonaire-severe\/#primaryimage"},"thumbnailUrl":"http:\/\/vet-ecg.ddns.net\/wp-content\/uploads\/embolie-pulmonaire-2.jpg","datePublished":"2020-02-27T10:45:53+00:00","dateModified":"2020-02-27T11:11:00+00:00","description":"Ce trac\u00e9 \u00e9vocateur de coeur pulmonaire chronique avec hypertrophie auriculaire et ventriculaire droite peut faire suspecter une embolie pulmonaire (S1Q3)","breadcrumb":{"@id":"http:\/\/vet-ecg.ddns.net\/index.php\/hypertension-arterielle-pulmonaire-severe\/#breadcrumb"},"inLanguage":"fr-FR","potentialAction":[{"@type":"ReadAction","target":["http:\/\/vet-ecg.ddns.net\/index.php\/hypertension-arterielle-pulmonaire-severe\/"]}]},{"@type":"ImageObject","inLanguage":"fr-FR","@id":"http:\/\/vet-ecg.ddns.net\/index.php\/hypertension-arterielle-pulmonaire-severe\/#primaryimage","url":"http:\/\/vet-ecg.ddns.net\/wp-content\/uploads\/embolie-pulmonaire-2.jpg","contentUrl":"http:\/\/vet-ecg.ddns.net\/wp-content\/uploads\/embolie-pulmonaire-2.jpg","width":2200,"height":1299},{"@type":"BreadcrumbList","@id":"http:\/\/vet-ecg.ddns.net\/index.php\/hypertension-arterielle-pulmonaire-severe\/#breadcrumb","itemListElement":[{"@type":"ListItem","position":1,"name":"Accueil","item":"http:\/\/vet-ecg.ddns.net\/"},{"@type":"ListItem","position":2,"name":"suspicion d&#8217;embolie pulmonaire"}]},{"@type":"WebSite","@id":"http:\/\/vet-ecg.ddns.net\/#website","url":"http:\/\/vet-ecg.ddns.net\/","name":"Blog d&#039;\u00e9lectrocardiographie v\u00e9t\u00e9rinaire","description":"recueil d&#039;ECG de chiens et de chats","publisher":{"@id":"http:\/\/vet-ecg.ddns.net\/#\/schema\/person\/fec4070a47e235fed904fab73cae00b4"},"alternateName":"\u00e9lectrocardiographie v\u00e9t\u00e9rinaire","potentialAction":[{"@type":"SearchAction","target":{"@type":"EntryPoint","urlTemplate":"http:\/\/vet-ecg.ddns.net\/?s={search_term_string}"},"query-input":{"@type":"PropertyValueSpecification","valueRequired":true,"valueName":"search_term_string"}}],"inLanguage":"fr-FR"},{"@type":["Person","Organization"],"@id":"http:\/\/vet-ecg.ddns.net\/#\/schema\/person\/fec4070a47e235fed904fab73cae00b4","name":"admin","image":{"@type":"ImageObject","inLanguage":"fr-FR","@id":"http:\/\/vet-ecg.ddns.net\/wp-content\/uploads\/2018\/04\/Zelda-2-ECG-248.jpg","url":"http:\/\/vet-ecg.ddns.net\/wp-content\/uploads\/2018\/04\/Zelda-2-ECG-248.jpg","contentUrl":"http:\/\/vet-ecg.ddns.net\/wp-content\/uploads\/2018\/04\/Zelda-2-ECG-248.jpg","width":248,"height":248,"caption":"admin"},"logo":{"@id":"http:\/\/vet-ecg.ddns.net\/wp-content\/uploads\/2018\/04\/Zelda-2-ECG-248.jpg"},"description":"Les trac\u00e9s publi\u00e9s sur ce site sont issus de diff\u00e9rentes cliniques v\u00e9t\u00e9rinaires de Paris et de sa banlieue durant les 10 derni\u00e8res ann\u00e9es. Les ECG r\u00e9alis\u00e9s ont \u00e9t\u00e9 r\u00e9alis\u00e9s sur des chiens et des chats qui ont tous b\u00e9n\u00e9fici\u00e9 d'une \u00e9chocardiographie."}]}},"_links":{"self":[{"href":"http:\/\/vet-ecg.ddns.net\/index.php\/wp-json\/wp\/v2\/pages\/3018","targetHints":{"allow":["GET"]}}],"collection":[{"href":"http:\/\/vet-ecg.ddns.net\/index.php\/wp-json\/wp\/v2\/pages"}],"about":[{"href":"http:\/\/vet-ecg.ddns.net\/index.php\/wp-json\/wp\/v2\/types\/page"}],"author":[{"embeddable":true,"href":"http:\/\/vet-ecg.ddns.net\/index.php\/wp-json\/wp\/v2\/users\/1"}],"replies":[{"embeddable":true,"href":"http:\/\/vet-ecg.ddns.net\/index.php\/wp-json\/wp\/v2\/comments?post=3018"}],"version-history":[{"count":0,"href":"http:\/\/vet-ecg.ddns.net\/index.php\/wp-json\/wp\/v2\/pages\/3018\/revisions"}],"wp:attachment":[{"href":"http:\/\/vet-ecg.ddns.net\/index.php\/wp-json\/wp\/v2\/media?parent=3018"}],"curies":[{"name":"wp","href":"https:\/\/api.w.org\/{rel}","templated":true}]}}