{"id":2997,"date":"2020-01-31T23:01:43","date_gmt":"2020-01-31T22:01:43","guid":{"rendered":"http:\/\/vet-ecg.ddns.net\/?page_id=2997"},"modified":"2020-01-31T23:01:45","modified_gmt":"2020-01-31T22:01:45","slug":"communication-interventricualaire","status":"publish","type":"page","link":"http:\/\/vet-ecg.ddns.net\/index.php\/communication-interventricualaire\/","title":{"rendered":"Communication interventriculaire"},"content":{"rendered":"\n<figure class=\"wp-block-image size-large\"><img loading=\"lazy\" decoding=\"async\" width=\"2200\" height=\"1843\" src=\"http:\/\/vet-ecg.ddns.net\/wp-content\/uploads\/civ-chaton.jpg\" alt=\"\" class=\"wp-image-2998\"\/><figcaption>Hypertrophie auriculaire gauche et ventriculaire gauche <\/figcaption><\/figure>\n\n\n<p>Ce trac\u00e9 est celui d&rsquo;un chaton de 5 mois dyspn\u00e9ique , abattu et qui pr\u00e9sente un souffle systolique de 4\/6.<\/p>\n<p>La radiographie montre un oed\u00e8me pulmonaire tandis que l&rsquo;\u00e9chocardiographie met en \u00e9vidence une dilatation atriale gauche marqu\u00e9e, un \u00e9paississement des parois du ventricule gauche cons\u00e9cutifs \u00e0 une communication interventriculaire.<\/p>\n<p>Le rythme est sinusal \u00e0 200 bpm, l&rsquo;onde P atteint 44 ms et le QRS: 58 ms.<\/p>\n<p>Le param\u00e8tre le plus perturb\u00e9 est l&rsquo;amplitude du QRS qui avoisine les 3 mV alors que la limite sup\u00e9rieure admise est de 0,9 mV<\/p>","protected":false},"excerpt":{"rendered":"<p>Ce trac\u00e9 est celui d&rsquo;un chaton de 5 mois dyspn\u00e9ique , abattu et qui pr\u00e9sente un souffle systolique de 4\/6. La radiographie montre un oed\u00e8me pulmonaire tandis que l&rsquo;\u00e9chocardiographie met en \u00e9vidence une dilatation atriale gauche marqu\u00e9e, un \u00e9paississement des parois du ventricule gauche cons\u00e9cutifs \u00e0 une communication interventriculaire. Le rythme est sinusal \u00e0 200 &hellip; <a href=\"http:\/\/vet-ecg.ddns.net\/index.php\/communication-interventricualaire\/\" class=\"more-link\">Continuer la lecture de <span class=\"screen-reader-text\">Communication interventriculaire<\/span><\/a><\/p>\n","protected":false},"author":1,"featured_media":0,"parent":0,"menu_order":0,"comment_status":"closed","ping_status":"closed","template":"","meta":{"footnotes":""},"class_list":["post-2997","page","type-page","status-publish","hentry"],"yoast_head":"<!-- This site is optimized with the Yoast SEO plugin v27.4 - https:\/\/yoast.com\/product\/yoast-seo-wordpress\/ -->\n<title>Communication interventriculaire - Blog d&#039;\u00e9lectrocardiographie v\u00e9t\u00e9rinaire<\/title>\n<meta name=\"description\" content=\"Trac\u00e9 ECG d&#039;un chaton de 5 mois qui pr\u00e9sente une communication interventriculaire accompagn\u00e9e d&#039;insuffisance cardiaque gauche et oed\u00e8me pulmonaire.\" \/>\n<meta name=\"robots\" content=\"index, follow, max-snippet:-1, max-image-preview:large, max-video-preview:-1\" \/>\n<link rel=\"canonical\" href=\"http:\/\/vet-ecg.ddns.net\/index.php\/communication-interventricualaire\/\" \/>\n<script type=\"application\/ld+json\" class=\"yoast-schema-graph\">{\"@context\":\"https:\\\/\\\/schema.org\",\"@graph\":[{\"@type\":\"WebPage\",\"@id\":\"http:\\\/\\\/vet-ecg.ddns.net\\\/index.php\\\/communication-interventricualaire\\\/\",\"url\":\"http:\\\/\\\/vet-ecg.ddns.net\\\/index.php\\\/communication-interventricualaire\\\/\",\"name\":\"Communication interventriculaire - Blog d&#039;\u00e9lectrocardiographie v\u00e9t\u00e9rinaire\",\"isPartOf\":{\"@id\":\"http:\\\/\\\/vet-ecg.ddns.net\\\/#website\"},\"primaryImageOfPage\":{\"@id\":\"http:\\\/\\\/vet-ecg.ddns.net\\\/index.php\\\/communication-interventricualaire\\\/#primaryimage\"},\"image\":{\"@id\":\"http:\\\/\\\/vet-ecg.ddns.net\\\/index.php\\\/communication-interventricualaire\\\/#primaryimage\"},\"thumbnailUrl\":\"http:\\\/\\\/vet-ecg.ddns.net\\\/wp-content\\\/uploads\\\/civ-chaton.jpg\",\"datePublished\":\"2020-01-31T22:01:43+00:00\",\"dateModified\":\"2020-01-31T22:01:45+00:00\",\"description\":\"Trac\u00e9 ECG d'un chaton de 5 mois qui pr\u00e9sente une communication interventriculaire accompagn\u00e9e d'insuffisance cardiaque gauche et oed\u00e8me pulmonaire.\",\"breadcrumb\":{\"@id\":\"http:\\\/\\\/vet-ecg.ddns.net\\\/index.php\\\/communication-interventricualaire\\\/#breadcrumb\"},\"inLanguage\":\"fr-FR\",\"potentialAction\":[{\"@type\":\"ReadAction\",\"target\":[\"http:\\\/\\\/vet-ecg.ddns.net\\\/index.php\\\/communication-interventricualaire\\\/\"]}]},{\"@type\":\"ImageObject\",\"inLanguage\":\"fr-FR\",\"@id\":\"http:\\\/\\\/vet-ecg.ddns.net\\\/index.php\\\/communication-interventricualaire\\\/#primaryimage\",\"url\":\"http:\\\/\\\/vet-ecg.ddns.net\\\/wp-content\\\/uploads\\\/civ-chaton.jpg\",\"contentUrl\":\"http:\\\/\\\/vet-ecg.ddns.net\\\/wp-content\\\/uploads\\\/civ-chaton.jpg\",\"width\":2200,\"height\":1843},{\"@type\":\"BreadcrumbList\",\"@id\":\"http:\\\/\\\/vet-ecg.ddns.net\\\/index.php\\\/communication-interventricualaire\\\/#breadcrumb\",\"itemListElement\":[{\"@type\":\"ListItem\",\"position\":1,\"name\":\"Accueil\",\"item\":\"http:\\\/\\\/vet-ecg.ddns.net\\\/\"},{\"@type\":\"ListItem\",\"position\":2,\"name\":\"Communication interventriculaire\"}]},{\"@type\":\"WebSite\",\"@id\":\"http:\\\/\\\/vet-ecg.ddns.net\\\/#website\",\"url\":\"http:\\\/\\\/vet-ecg.ddns.net\\\/\",\"name\":\"Blog d&#039;\u00e9lectrocardiographie v\u00e9t\u00e9rinaire\",\"description\":\"recueil d&#039;ECG de chiens et de chats\",\"publisher\":{\"@id\":\"http:\\\/\\\/vet-ecg.ddns.net\\\/#\\\/schema\\\/person\\\/fec4070a47e235fed904fab73cae00b4\"},\"alternateName\":\"\u00e9lectrocardiographie v\u00e9t\u00e9rinaire\",\"potentialAction\":[{\"@type\":\"SearchAction\",\"target\":{\"@type\":\"EntryPoint\",\"urlTemplate\":\"http:\\\/\\\/vet-ecg.ddns.net\\\/?s={search_term_string}\"},\"query-input\":{\"@type\":\"PropertyValueSpecification\",\"valueRequired\":true,\"valueName\":\"search_term_string\"}}],\"inLanguage\":\"fr-FR\"},{\"@type\":[\"Person\",\"Organization\"],\"@id\":\"http:\\\/\\\/vet-ecg.ddns.net\\\/#\\\/schema\\\/person\\\/fec4070a47e235fed904fab73cae00b4\",\"name\":\"admin\",\"image\":{\"@type\":\"ImageObject\",\"inLanguage\":\"fr-FR\",\"@id\":\"http:\\\/\\\/vet-ecg.ddns.net\\\/wp-content\\\/uploads\\\/2018\\\/04\\\/Zelda-2-ECG-248.jpg\",\"url\":\"http:\\\/\\\/vet-ecg.ddns.net\\\/wp-content\\\/uploads\\\/2018\\\/04\\\/Zelda-2-ECG-248.jpg\",\"contentUrl\":\"http:\\\/\\\/vet-ecg.ddns.net\\\/wp-content\\\/uploads\\\/2018\\\/04\\\/Zelda-2-ECG-248.jpg\",\"width\":248,\"height\":248,\"caption\":\"admin\"},\"logo\":{\"@id\":\"http:\\\/\\\/vet-ecg.ddns.net\\\/wp-content\\\/uploads\\\/2018\\\/04\\\/Zelda-2-ECG-248.jpg\"},\"description\":\"Les trac\u00e9s publi\u00e9s sur ce site sont issus de diff\u00e9rentes cliniques v\u00e9t\u00e9rinaires de Paris et de sa banlieue durant les 10 derni\u00e8res ann\u00e9es. Les ECG r\u00e9alis\u00e9s ont \u00e9t\u00e9 r\u00e9alis\u00e9s sur des chiens et des chats qui ont tous b\u00e9n\u00e9fici\u00e9 d'une \u00e9chocardiographie.\"}]}<\/script>\n<!-- \/ Yoast SEO plugin. -->","yoast_head_json":{"title":"Communication interventriculaire - Blog d&#039;\u00e9lectrocardiographie v\u00e9t\u00e9rinaire","description":"Trac\u00e9 ECG d'un chaton de 5 mois qui pr\u00e9sente une communication interventriculaire accompagn\u00e9e d'insuffisance cardiaque gauche et oed\u00e8me pulmonaire.","robots":{"index":"index","follow":"follow","max-snippet":"max-snippet:-1","max-image-preview":"max-image-preview:large","max-video-preview":"max-video-preview:-1"},"canonical":"http:\/\/vet-ecg.ddns.net\/index.php\/communication-interventricualaire\/","schema":{"@context":"https:\/\/schema.org","@graph":[{"@type":"WebPage","@id":"http:\/\/vet-ecg.ddns.net\/index.php\/communication-interventricualaire\/","url":"http:\/\/vet-ecg.ddns.net\/index.php\/communication-interventricualaire\/","name":"Communication interventriculaire - Blog d&#039;\u00e9lectrocardiographie v\u00e9t\u00e9rinaire","isPartOf":{"@id":"http:\/\/vet-ecg.ddns.net\/#website"},"primaryImageOfPage":{"@id":"http:\/\/vet-ecg.ddns.net\/index.php\/communication-interventricualaire\/#primaryimage"},"image":{"@id":"http:\/\/vet-ecg.ddns.net\/index.php\/communication-interventricualaire\/#primaryimage"},"thumbnailUrl":"http:\/\/vet-ecg.ddns.net\/wp-content\/uploads\/civ-chaton.jpg","datePublished":"2020-01-31T22:01:43+00:00","dateModified":"2020-01-31T22:01:45+00:00","description":"Trac\u00e9 ECG d'un chaton de 5 mois qui pr\u00e9sente une communication interventriculaire accompagn\u00e9e d'insuffisance cardiaque gauche et oed\u00e8me pulmonaire.","breadcrumb":{"@id":"http:\/\/vet-ecg.ddns.net\/index.php\/communication-interventricualaire\/#breadcrumb"},"inLanguage":"fr-FR","potentialAction":[{"@type":"ReadAction","target":["http:\/\/vet-ecg.ddns.net\/index.php\/communication-interventricualaire\/"]}]},{"@type":"ImageObject","inLanguage":"fr-FR","@id":"http:\/\/vet-ecg.ddns.net\/index.php\/communication-interventricualaire\/#primaryimage","url":"http:\/\/vet-ecg.ddns.net\/wp-content\/uploads\/civ-chaton.jpg","contentUrl":"http:\/\/vet-ecg.ddns.net\/wp-content\/uploads\/civ-chaton.jpg","width":2200,"height":1843},{"@type":"BreadcrumbList","@id":"http:\/\/vet-ecg.ddns.net\/index.php\/communication-interventricualaire\/#breadcrumb","itemListElement":[{"@type":"ListItem","position":1,"name":"Accueil","item":"http:\/\/vet-ecg.ddns.net\/"},{"@type":"ListItem","position":2,"name":"Communication interventriculaire"}]},{"@type":"WebSite","@id":"http:\/\/vet-ecg.ddns.net\/#website","url":"http:\/\/vet-ecg.ddns.net\/","name":"Blog d&#039;\u00e9lectrocardiographie v\u00e9t\u00e9rinaire","description":"recueil d&#039;ECG de chiens et de chats","publisher":{"@id":"http:\/\/vet-ecg.ddns.net\/#\/schema\/person\/fec4070a47e235fed904fab73cae00b4"},"alternateName":"\u00e9lectrocardiographie v\u00e9t\u00e9rinaire","potentialAction":[{"@type":"SearchAction","target":{"@type":"EntryPoint","urlTemplate":"http:\/\/vet-ecg.ddns.net\/?s={search_term_string}"},"query-input":{"@type":"PropertyValueSpecification","valueRequired":true,"valueName":"search_term_string"}}],"inLanguage":"fr-FR"},{"@type":["Person","Organization"],"@id":"http:\/\/vet-ecg.ddns.net\/#\/schema\/person\/fec4070a47e235fed904fab73cae00b4","name":"admin","image":{"@type":"ImageObject","inLanguage":"fr-FR","@id":"http:\/\/vet-ecg.ddns.net\/wp-content\/uploads\/2018\/04\/Zelda-2-ECG-248.jpg","url":"http:\/\/vet-ecg.ddns.net\/wp-content\/uploads\/2018\/04\/Zelda-2-ECG-248.jpg","contentUrl":"http:\/\/vet-ecg.ddns.net\/wp-content\/uploads\/2018\/04\/Zelda-2-ECG-248.jpg","width":248,"height":248,"caption":"admin"},"logo":{"@id":"http:\/\/vet-ecg.ddns.net\/wp-content\/uploads\/2018\/04\/Zelda-2-ECG-248.jpg"},"description":"Les trac\u00e9s publi\u00e9s sur ce site sont issus de diff\u00e9rentes cliniques v\u00e9t\u00e9rinaires de Paris et de sa banlieue durant les 10 derni\u00e8res ann\u00e9es. Les ECG r\u00e9alis\u00e9s ont \u00e9t\u00e9 r\u00e9alis\u00e9s sur des chiens et des chats qui ont tous b\u00e9n\u00e9fici\u00e9 d'une \u00e9chocardiographie."}]}},"_links":{"self":[{"href":"http:\/\/vet-ecg.ddns.net\/index.php\/wp-json\/wp\/v2\/pages\/2997","targetHints":{"allow":["GET"]}}],"collection":[{"href":"http:\/\/vet-ecg.ddns.net\/index.php\/wp-json\/wp\/v2\/pages"}],"about":[{"href":"http:\/\/vet-ecg.ddns.net\/index.php\/wp-json\/wp\/v2\/types\/page"}],"author":[{"embeddable":true,"href":"http:\/\/vet-ecg.ddns.net\/index.php\/wp-json\/wp\/v2\/users\/1"}],"replies":[{"embeddable":true,"href":"http:\/\/vet-ecg.ddns.net\/index.php\/wp-json\/wp\/v2\/comments?post=2997"}],"version-history":[{"count":0,"href":"http:\/\/vet-ecg.ddns.net\/index.php\/wp-json\/wp\/v2\/pages\/2997\/revisions"}],"wp:attachment":[{"href":"http:\/\/vet-ecg.ddns.net\/index.php\/wp-json\/wp\/v2\/media?parent=2997"}],"curies":[{"name":"wp","href":"https:\/\/api.w.org\/{rel}","templated":true}]}}