{"id":274,"date":"2018-03-28T09:57:02","date_gmt":"2018-03-28T07:57:02","guid":{"rendered":"http:\/\/192.168.1.104\/?page_id=274"},"modified":"2019-11-30T09:51:27","modified_gmt":"2019-11-30T08:51:27","slug":"les-bases-de-l-ecg","status":"publish","type":"page","link":"http:\/\/vet-ecg.ddns.net\/index.php\/les-bases-de-l-ecg\/","title":{"rendered":"LES BASES DE L&rsquo; ECG"},"content":{"rendered":"<h3>Les<strong> indications de l&rsquo;ECG\u00a0:<\/strong><\/h3>\n<p><strong>Chez le chat, <\/strong>l &lsquo;ECG permet de rechercher essentiellement les troubles de l&rsquo;excitabilit\u00e9 et de la conduction, fr\u00e9quents mais souvent intermittents voire fugaces. Certains chats atteints de cardiomyopathie pourront avoir un ECG peu perturb\u00e9.<\/p>\n<p><strong>Chez le chien<\/strong>, outre la recherche de dysrythmies, les indications de l&rsquo; ECG sont nombreuses:<br \/>\n&#8211; mise en \u00e9vidence de troubles m\u00e9taboliques: dyskali\u00e9mie et dyscalc\u00e9mie.<br \/>\n&#8211; surveillance des effets secondaires des m\u00e9dicaments: digoxine, b\u00eata-bloquants, anti-arythmiques.<br \/>\n&#8211; d\u00e9tection des cardiom\u00e9galies gauches et droites, des syndromes de pr\u00e9-excitation.<br \/>\n&#8211; d\u00e9tection d&rsquo;une hypoxie, d&rsquo;un \u00e9panchement p\u00e9ricardique ou pleural.<br \/>\n&#8211; suivi l&rsquo;\u00e9volution des cardiopathies.<\/p>\n<h3><strong>R\u00e9alisation de l&rsquo;examen:<\/strong><\/h3>\n<p>L&rsquo;animal (chien ou chat) sera, de pr\u00e9f\u00e9rence, plac\u00e9 &lsquo;en sphinx&rsquo; dans une pi\u00e8ce calme et sur une surface non conductrice.<\/p>\n<p><img loading=\"lazy\" decoding=\"async\" class=\" wp-image-699 aligncenter\" src=\"http:\/\/vet-ecg.ddns.net\/wp-content\/uploads\/2018\/05\/sphinx.jpg\" alt=\"\" width=\"230\" height=\"153\" \/><\/p>\n<p>L&#8217;emplacement des \u00e9lectrodes sur la peau sera <strong>abondamment<\/strong> mouill\u00e9 avec une solution alcoolis\u00e9e.<\/p>\n<p><span style=\"color: #000000;\">Cette position permet d&rsquo;obtenir une ligne de base avec peu de tr\u00e9mulations si l&rsquo;animal est mis en confiance.<\/span><\/p>\n<p><strong>Il est primordial d&rsquo;obtenir un trac\u00e9 avec une ligne de base d\u00e9nu\u00e9e d&rsquo;art\u00e9facts, sous peine de rendre impossible toute mesure fiable.<\/strong><\/p>\n<p>Exemple de trac\u00e9 illisible:<\/p>\n<p><img loading=\"lazy\" decoding=\"async\" class=\"alignnone size-full wp-image-775\" src=\"http:\/\/vet-ecg.ddns.net\/wp-content\/uploads\/2018\/05\/illisible.jpg\" alt=\"\" width=\"2115\" height=\"582\" \/><\/p>\n<h4><strong>position des \u00e9lectrodes<\/strong>:<\/h4>\n<p><img loading=\"lazy\" decoding=\"async\" class=\"alignnone size-full wp-image-333\" src=\"http:\/\/vet-ecg.ddns.net\/wp-content\/uploads\/2018\/03\/cn-d-150.jpg\" alt=\"\" width=\"150\" height=\"124\" \/>\u00a0\u00a0 <img loading=\"lazy\" decoding=\"async\" class=\"alignnone size-full wp-image-663\" src=\"http:\/\/vet-ecg.ddns.net\/wp-content\/uploads\/2018\/05\/cn2-g-150.jpg\" alt=\"\" width=\"150\" height=\"124\" \/><img loading=\"lazy\" decoding=\"async\" class=\"alignnone size-full wp-image-335\" src=\"http:\/\/vet-ecg.ddns.net\/wp-content\/uploads\/2018\/03\/cv5rl.jpg\" alt=\"\" width=\"150\" height=\"124\" \/><img loading=\"lazy\" decoding=\"async\" class=\"alignnone size-full wp-image-336\" src=\"http:\/\/vet-ecg.ddns.net\/wp-content\/uploads\/2018\/03\/cv6LL.jpg\" alt=\"\" width=\"150\" height=\"124\" \/><\/p>\n<p>Sur les images ci-dessus la position &lsquo;debout&rsquo; n&rsquo;est destin\u00e9e qu&rsquo;\u00e0 mieux visualiser l&#8217;emplacement des \u00e9lectrodes. Celle-ci est souvent source d&rsquo;art\u00e9facts (tremblements) lors des enregistrements. La position en &lsquo;sphinx&rsquo; (ou \u00e9ventuellement &lsquo;assise&rsquo; pour les chiens) est pr\u00e9f\u00e9rable.<\/p>\n<p>Il faut disposer d&rsquo;un jeu de 4 pinces crocodiles pour les chiens et d&rsquo;un autre jeu, \u00e0 serrage moins prononc\u00e9 pour les chats.<\/p>\n<p><span style=\"color: #000000;\">\u00e9lectrode rouge = <span style=\"color: #ff0000;\"><strong>ant\u00e9rieur droit<\/strong> <\/span><br \/>\n\u00e9lectrode jaune = <span style=\"color: #ffcc00;\"><strong>ant\u00e9rieur gauche<\/strong><\/span><br \/>\n\u00e9lectrode noire =<strong> post\u00e9rieur droit<\/strong><br \/>\n\u00e9lectrode verte = <span style=\"color: #00ff00;\"><strong>post\u00e9rieur gauche<\/strong><\/span><\/span><\/p>\n<p>Les 3e et 4e images montrent l&#8217;emplacement des \u00e9lectrodes pr\u00e9cordiales. Elles sont optionnelles mais permettent d&rsquo;obtenir des informations suppl\u00e9mentaires, principalement pour la mise en \u00e9vidence de cardiom\u00e9galies droites.<\/p>\n<p><strong>Avant d&rsquo;enregistrer le trac\u00e9 sur papier, on prendra le temps d&rsquo;observer\u00a0 le rythme sur l&rsquo;\u00e9cran LCD pour d\u00e9tecter des ectopies, parfois fugaces, principalement chez les chats<\/strong>.<\/p>\n<h3><strong>Les d\u00e9rivations:<\/strong><\/h3>\n<p>En 1895 Einthoven mit en \u00e9vidence les 5 d\u00e9flexions\u00a0 P, Q, R, S, T.<br \/>\nSes travaux sur l\u2019\u00e9lectrocardiographie lui valurent un prix Nobel en 1924.<br \/>\nEinthoven a consid\u00e9r\u00e9 le c\u0153ur, chez l&rsquo;homme, au centre d&rsquo;un triangle \u00e9quilat\u00e9ral form\u00e9 par les bras et la jambe gauche. De l\u00e0, est n\u00e9e la notion de d\u00e9rivations. Celles-ci correspondent \u00e0 l&rsquo;angle sous lequel est enregistr\u00e9 le signal \u00e9lectrique provenant du c\u0153ur.<\/p>\n<p><img loading=\"lazy\" decoding=\"async\" class=\"alignnone wp-image-679\" src=\"http:\/\/vet-ecg.ddns.net\/wp-content\/uploads\/2018\/05\/triaxe-bayley3.jpg\" alt=\"\" width=\"529\" height=\"393\" \/><\/p>\n<p>D1 enregistre la diff\u00e9rence de potentiel (DDP) entre bras droit-bras gauche (d\u00e9viation horizontale 0\u00b0)<br \/>\nAVF enregistre la DDP au niveau du post\u00e9rieur gauche (d\u00e9viation verticale +90\u00b0)<\/p>\n<p>Les potentiels enregistr\u00e9s classiquement vont de:<br \/>\n0,1 \u00e0 4 mV chez le chien.<br \/>\n0,1 \u00e0 2 mV chez le chat.<\/p>\n<p><strong>D1, D2, D3 sont des d\u00e9rivations bipolaires.<\/strong><br \/>\n&#8211; D1: DDP entre l&rsquo;ant\u00e9rieur droit et l&rsquo;ant\u00e9rieur gauche.<br \/>\n&#8211; D2: DDP entre l&rsquo;ant\u00e9rieur droit et le post\u00e9rieur gauche.<br \/>\n&#8211; D3: DDP entre l&rsquo;ant\u00e9rieur gauche et le post\u00e9rieur gauche.<\/p>\n<p><strong>AVR, AVL et AVF sont des d\u00e9rivations unipolaires.<\/strong><br \/>\nLes enregistrement se font par rapport au post\u00e9rieur droit.<br \/>\n&#8211; AVR: DDP depuis l&rsquo;ant\u00e9rieur droit.<br \/>\n&#8211; AVL: DDP depuis l&rsquo;ant\u00e9rieur gauche.<br \/>\n&#8211; AVF: DDP depuis le post\u00e9rieur gauche.<\/p>\n<p><img loading=\"lazy\" decoding=\"async\" class=\"alignnone wp-image-753\" src=\"http:\/\/vet-ecg.ddns.net\/wp-content\/uploads\/2018\/05\/derivations2.jpg\" alt=\"\" width=\"477\" height=\"380\" \/><\/p>\n<h2><strong>L&rsquo;enregistrement standard<\/strong><\/h2>\n<p>Les machines permettant l&rsquo;enregistrement de 3 (ou mieux 6) d\u00e9rivations simultan\u00e9es sont \u00e0 privil\u00e9gier. Elles sont munies d&rsquo;un \u00e9cran LCD qui permet d&rsquo;observer le rythme cardiaque de l&rsquo;animal avant l&rsquo;enregistrement proprement dit.<\/p>\n<p>L&rsquo;enregistrement devra obligatoirement comporter\u00a0 les 6 d\u00e9rivations (D1, D2, D3, AVR, AVL, AVF),\u00a0 \u00e0 25 mm\/s et 10 mm\/mV.<\/p>\n<p>Un enregistrement suppl\u00e9mentaire \u00e0 50 mm\/s et\/ou 20 mm\/mV lors de tachycardie et\/ou de microvoltage prononc\u00e9s\u00a0 (fr\u00e9quents chez les chats) peut, \u00e9ventuellement,\u00a0 s&rsquo;av\u00e9rer utile.<\/p>\n<p>Pour \u00e9valuer les cardiom\u00e9galies chez les chiens, avec davantage de fiabilit\u00e9, on enregistrera les d\u00e9rivations pr\u00e9cordiales: CV5RL, CV6LL, CV6LU et V10.<\/p>\n<h3>La prise de mesures<\/h3>\n<p><span style=\"color: #ff0000;\">Exemple de mesures:<\/span> (trac\u00e9 enregistr\u00e9 \u00e0 50 mm\/s pour am\u00e9liorer la lisibilit\u00e9)<\/p>\n<p><img loading=\"lazy\" decoding=\"async\" class=\"alignnone size-full wp-image-666\" src=\"http:\/\/vet-ecg.ddns.net\/wp-content\/uploads\/2018\/05\/ECG-mesures-5.jpg\" alt=\"\" width=\"4236\" height=\"916\" \/>intervalles entre 2 ondes R (intervalles RR) mesur\u00e9s=19 et 25 mm<br \/>\namplitudes P=3,5 mm\u00a0\u00a0\u00a0\u00a0\u00a0 Q= 2,5 mm \u00a0 \u00a0\u00a0\u00a0 R=27 mm<\/p>\n<p>Chaque d\u00e9flexion est caract\u00e9ris\u00e9e par son amplitude, sa dur\u00e9e et sa polarit\u00e9 par rapport \u00e0 la ligne de base.<\/p>\n<p>La somme alg\u00e9brique des QRS correspond \u00e0 la somme des d\u00e9flexions posiives &#8211; la somme des d\u00e9flexions n\u00e9gatives. Dans l&rsquo;exemple ci-dessus:\u00a0 -1,5 mm (Q) + 27 mm (R) = 25,5 mm. L&rsquo;amplitude est donc de 2,55 mV puisque cet enregistrement est r\u00e9alis\u00e9 \u00e0 10 mm\/mV.<\/p>\n<p>A 25 mm\/s, la fr\u00e9quence peut \u00eatre rapidement \u00e9valu\u00e9e en divisant 1500 par le nombre de millim\u00e8tres s\u00e9parant deux QRS (3000 si la vitesse de d\u00e9filement du papier est de 50 mm\/s).<\/p>\n<p>Le trac\u00e9 pr\u00e9c\u00e9dent est enregistr\u00e9 \u00e0 50 mm\/s et le rythme est mod\u00e9r\u00e9ment arythmique.\u00a0 La fr\u00e9quence cardiaque (FC) varie de (3000\/25mm) \u00e0 (3000\/19mm) , soit 120 \u00e0 158 battements par minute (bpm).<\/p>\n<p>Sur le papier ECG, un enregistrement standard (d\u00e9filement du papier \u00e0 25 mm\/s et \u00e9talonnage du signal \u00e0 10 mm\/mV), un petit carreau (1*1 mm) repr\u00e9sente une dur\u00e9e de 40 ms et une amplitude de 0,1 mV.<\/p>\n<p><img loading=\"lazy\" decoding=\"async\" class=\"alignnone size-full wp-image-660\" src=\"http:\/\/vet-ecg.ddns.net\/wp-content\/uploads\/2018\/05\/carres-mm.jpg\" alt=\"\" width=\"325\" height=\"326\" \/><\/p>\n","protected":false},"excerpt":{"rendered":"<p>Les indications de l&rsquo;ECG\u00a0: Chez le chat, l &lsquo;ECG permet de rechercher essentiellement les troubles de l&rsquo;excitabilit\u00e9 et de la conduction, fr\u00e9quents mais souvent intermittents voire fugaces. Certains chats atteints de cardiomyopathie pourront avoir un ECG peu perturb\u00e9. Chez le chien, outre la recherche de dysrythmies, les indications de l&rsquo; ECG sont nombreuses: &#8211; mise &hellip; <a href=\"http:\/\/vet-ecg.ddns.net\/index.php\/les-bases-de-l-ecg\/\" class=\"more-link\">Continuer la lecture de <span class=\"screen-reader-text\">LES BASES DE L&rsquo; ECG<\/span><\/a><\/p>\n","protected":false},"author":1,"featured_media":0,"parent":0,"menu_order":0,"comment_status":"closed","ping_status":"closed","template":"","meta":{"footnotes":""},"class_list":["post-274","page","type-page","status-publish","hentry"],"yoast_head":"<!-- This site is optimized with the Yoast SEO plugin v27.4 - https:\/\/yoast.com\/product\/yoast-seo-wordpress\/ -->\n<title>LES BASES DE L&#039; ECG - Blog d&#039;\u00e9lectrocardiographie v\u00e9t\u00e9rinaire<\/title>\n<meta name=\"description\" content=\"Les bases de l&#039;ECG sont d\u00e9crites ici de mani\u00e8re succinte afin de fournir au lecteur une m\u00e9thode d&#039;analyse fiable, m\u00eame si l&#039;interpr\u00e9tation est complexe.\" \/>\n<meta name=\"robots\" content=\"index, follow, max-snippet:-1, max-image-preview:large, max-video-preview:-1\" \/>\n<link rel=\"canonical\" href=\"http:\/\/vet-ecg.ddns.net\/index.php\/les-bases-de-l-ecg\/\" \/>\n<meta name=\"twitter:label1\" content=\"Dur\u00e9e de lecture estim\u00e9e\" \/>\n\t<meta name=\"twitter:data1\" content=\"4 minutes\" \/>\n<script type=\"application\/ld+json\" class=\"yoast-schema-graph\">{\"@context\":\"https:\\\/\\\/schema.org\",\"@graph\":[{\"@type\":\"WebPage\",\"@id\":\"http:\\\/\\\/vet-ecg.ddns.net\\\/index.php\\\/les-bases-de-l-ecg\\\/\",\"url\":\"http:\\\/\\\/vet-ecg.ddns.net\\\/index.php\\\/les-bases-de-l-ecg\\\/\",\"name\":\"LES BASES DE L' ECG - Blog d&#039;\u00e9lectrocardiographie v\u00e9t\u00e9rinaire\",\"isPartOf\":{\"@id\":\"http:\\\/\\\/vet-ecg.ddns.net\\\/#website\"},\"primaryImageOfPage\":{\"@id\":\"http:\\\/\\\/vet-ecg.ddns.net\\\/index.php\\\/les-bases-de-l-ecg\\\/#primaryimage\"},\"image\":{\"@id\":\"http:\\\/\\\/vet-ecg.ddns.net\\\/index.php\\\/les-bases-de-l-ecg\\\/#primaryimage\"},\"thumbnailUrl\":\"http:\\\/\\\/vet-ecg.ddns.net\\\/wp-content\\\/uploads\\\/2018\\\/05\\\/sphinx.jpg\",\"datePublished\":\"2018-03-28T07:57:02+00:00\",\"dateModified\":\"2019-11-30T08:51:27+00:00\",\"description\":\"Les bases de l'ECG sont d\u00e9crites ici de mani\u00e8re succinte afin de fournir au lecteur une m\u00e9thode d'analyse fiable, m\u00eame si l'interpr\u00e9tation est complexe.\",\"breadcrumb\":{\"@id\":\"http:\\\/\\\/vet-ecg.ddns.net\\\/index.php\\\/les-bases-de-l-ecg\\\/#breadcrumb\"},\"inLanguage\":\"fr-FR\",\"potentialAction\":[{\"@type\":\"ReadAction\",\"target\":[\"http:\\\/\\\/vet-ecg.ddns.net\\\/index.php\\\/les-bases-de-l-ecg\\\/\"]}]},{\"@type\":\"ImageObject\",\"inLanguage\":\"fr-FR\",\"@id\":\"http:\\\/\\\/vet-ecg.ddns.net\\\/index.php\\\/les-bases-de-l-ecg\\\/#primaryimage\",\"url\":\"http:\\\/\\\/vet-ecg.ddns.net\\\/wp-content\\\/uploads\\\/2018\\\/05\\\/sphinx.jpg\",\"contentUrl\":\"http:\\\/\\\/vet-ecg.ddns.net\\\/wp-content\\\/uploads\\\/2018\\\/05\\\/sphinx.jpg\",\"width\":510,\"height\":340},{\"@type\":\"BreadcrumbList\",\"@id\":\"http:\\\/\\\/vet-ecg.ddns.net\\\/index.php\\\/les-bases-de-l-ecg\\\/#breadcrumb\",\"itemListElement\":[{\"@type\":\"ListItem\",\"position\":1,\"name\":\"Accueil\",\"item\":\"http:\\\/\\\/vet-ecg.ddns.net\\\/\"},{\"@type\":\"ListItem\",\"position\":2,\"name\":\"LES BASES DE L&rsquo; ECG\"}]},{\"@type\":\"WebSite\",\"@id\":\"http:\\\/\\\/vet-ecg.ddns.net\\\/#website\",\"url\":\"http:\\\/\\\/vet-ecg.ddns.net\\\/\",\"name\":\"Blog d&#039;\u00e9lectrocardiographie v\u00e9t\u00e9rinaire\",\"description\":\"recueil d&#039;ECG de chiens et de chats\",\"publisher\":{\"@id\":\"http:\\\/\\\/vet-ecg.ddns.net\\\/#\\\/schema\\\/person\\\/fec4070a47e235fed904fab73cae00b4\"},\"alternateName\":\"\u00e9lectrocardiographie v\u00e9t\u00e9rinaire\",\"potentialAction\":[{\"@type\":\"SearchAction\",\"target\":{\"@type\":\"EntryPoint\",\"urlTemplate\":\"http:\\\/\\\/vet-ecg.ddns.net\\\/?s={search_term_string}\"},\"query-input\":{\"@type\":\"PropertyValueSpecification\",\"valueRequired\":true,\"valueName\":\"search_term_string\"}}],\"inLanguage\":\"fr-FR\"},{\"@type\":[\"Person\",\"Organization\"],\"@id\":\"http:\\\/\\\/vet-ecg.ddns.net\\\/#\\\/schema\\\/person\\\/fec4070a47e235fed904fab73cae00b4\",\"name\":\"admin\",\"image\":{\"@type\":\"ImageObject\",\"inLanguage\":\"fr-FR\",\"@id\":\"http:\\\/\\\/vet-ecg.ddns.net\\\/wp-content\\\/uploads\\\/2018\\\/04\\\/Zelda-2-ECG-248.jpg\",\"url\":\"http:\\\/\\\/vet-ecg.ddns.net\\\/wp-content\\\/uploads\\\/2018\\\/04\\\/Zelda-2-ECG-248.jpg\",\"contentUrl\":\"http:\\\/\\\/vet-ecg.ddns.net\\\/wp-content\\\/uploads\\\/2018\\\/04\\\/Zelda-2-ECG-248.jpg\",\"width\":248,\"height\":248,\"caption\":\"admin\"},\"logo\":{\"@id\":\"http:\\\/\\\/vet-ecg.ddns.net\\\/wp-content\\\/uploads\\\/2018\\\/04\\\/Zelda-2-ECG-248.jpg\"},\"description\":\"Les trac\u00e9s publi\u00e9s sur ce site sont issus de diff\u00e9rentes cliniques v\u00e9t\u00e9rinaires de Paris et de sa banlieue durant les 10 derni\u00e8res ann\u00e9es. Les ECG r\u00e9alis\u00e9s ont \u00e9t\u00e9 r\u00e9alis\u00e9s sur des chiens et des chats qui ont tous b\u00e9n\u00e9fici\u00e9 d'une \u00e9chocardiographie.\"}]}<\/script>\n<!-- \/ Yoast SEO plugin. -->","yoast_head_json":{"title":"LES BASES DE L' ECG - Blog d&#039;\u00e9lectrocardiographie v\u00e9t\u00e9rinaire","description":"Les bases de l'ECG sont d\u00e9crites ici de mani\u00e8re succinte afin de fournir au lecteur une m\u00e9thode d'analyse fiable, m\u00eame si l'interpr\u00e9tation est complexe.","robots":{"index":"index","follow":"follow","max-snippet":"max-snippet:-1","max-image-preview":"max-image-preview:large","max-video-preview":"max-video-preview:-1"},"canonical":"http:\/\/vet-ecg.ddns.net\/index.php\/les-bases-de-l-ecg\/","twitter_misc":{"Dur\u00e9e de lecture estim\u00e9e":"4 minutes"},"schema":{"@context":"https:\/\/schema.org","@graph":[{"@type":"WebPage","@id":"http:\/\/vet-ecg.ddns.net\/index.php\/les-bases-de-l-ecg\/","url":"http:\/\/vet-ecg.ddns.net\/index.php\/les-bases-de-l-ecg\/","name":"LES BASES DE L' ECG - Blog d&#039;\u00e9lectrocardiographie v\u00e9t\u00e9rinaire","isPartOf":{"@id":"http:\/\/vet-ecg.ddns.net\/#website"},"primaryImageOfPage":{"@id":"http:\/\/vet-ecg.ddns.net\/index.php\/les-bases-de-l-ecg\/#primaryimage"},"image":{"@id":"http:\/\/vet-ecg.ddns.net\/index.php\/les-bases-de-l-ecg\/#primaryimage"},"thumbnailUrl":"http:\/\/vet-ecg.ddns.net\/wp-content\/uploads\/2018\/05\/sphinx.jpg","datePublished":"2018-03-28T07:57:02+00:00","dateModified":"2019-11-30T08:51:27+00:00","description":"Les bases de l'ECG sont d\u00e9crites ici de mani\u00e8re succinte afin de fournir au lecteur une m\u00e9thode d'analyse fiable, m\u00eame si l'interpr\u00e9tation est complexe.","breadcrumb":{"@id":"http:\/\/vet-ecg.ddns.net\/index.php\/les-bases-de-l-ecg\/#breadcrumb"},"inLanguage":"fr-FR","potentialAction":[{"@type":"ReadAction","target":["http:\/\/vet-ecg.ddns.net\/index.php\/les-bases-de-l-ecg\/"]}]},{"@type":"ImageObject","inLanguage":"fr-FR","@id":"http:\/\/vet-ecg.ddns.net\/index.php\/les-bases-de-l-ecg\/#primaryimage","url":"http:\/\/vet-ecg.ddns.net\/wp-content\/uploads\/2018\/05\/sphinx.jpg","contentUrl":"http:\/\/vet-ecg.ddns.net\/wp-content\/uploads\/2018\/05\/sphinx.jpg","width":510,"height":340},{"@type":"BreadcrumbList","@id":"http:\/\/vet-ecg.ddns.net\/index.php\/les-bases-de-l-ecg\/#breadcrumb","itemListElement":[{"@type":"ListItem","position":1,"name":"Accueil","item":"http:\/\/vet-ecg.ddns.net\/"},{"@type":"ListItem","position":2,"name":"LES BASES DE L&rsquo; ECG"}]},{"@type":"WebSite","@id":"http:\/\/vet-ecg.ddns.net\/#website","url":"http:\/\/vet-ecg.ddns.net\/","name":"Blog d&#039;\u00e9lectrocardiographie v\u00e9t\u00e9rinaire","description":"recueil d&#039;ECG de chiens et de chats","publisher":{"@id":"http:\/\/vet-ecg.ddns.net\/#\/schema\/person\/fec4070a47e235fed904fab73cae00b4"},"alternateName":"\u00e9lectrocardiographie v\u00e9t\u00e9rinaire","potentialAction":[{"@type":"SearchAction","target":{"@type":"EntryPoint","urlTemplate":"http:\/\/vet-ecg.ddns.net\/?s={search_term_string}"},"query-input":{"@type":"PropertyValueSpecification","valueRequired":true,"valueName":"search_term_string"}}],"inLanguage":"fr-FR"},{"@type":["Person","Organization"],"@id":"http:\/\/vet-ecg.ddns.net\/#\/schema\/person\/fec4070a47e235fed904fab73cae00b4","name":"admin","image":{"@type":"ImageObject","inLanguage":"fr-FR","@id":"http:\/\/vet-ecg.ddns.net\/wp-content\/uploads\/2018\/04\/Zelda-2-ECG-248.jpg","url":"http:\/\/vet-ecg.ddns.net\/wp-content\/uploads\/2018\/04\/Zelda-2-ECG-248.jpg","contentUrl":"http:\/\/vet-ecg.ddns.net\/wp-content\/uploads\/2018\/04\/Zelda-2-ECG-248.jpg","width":248,"height":248,"caption":"admin"},"logo":{"@id":"http:\/\/vet-ecg.ddns.net\/wp-content\/uploads\/2018\/04\/Zelda-2-ECG-248.jpg"},"description":"Les trac\u00e9s publi\u00e9s sur ce site sont issus de diff\u00e9rentes cliniques v\u00e9t\u00e9rinaires de Paris et de sa banlieue durant les 10 derni\u00e8res ann\u00e9es. Les ECG r\u00e9alis\u00e9s ont \u00e9t\u00e9 r\u00e9alis\u00e9s sur des chiens et des chats qui ont tous b\u00e9n\u00e9fici\u00e9 d'une \u00e9chocardiographie."}]}},"_links":{"self":[{"href":"http:\/\/vet-ecg.ddns.net\/index.php\/wp-json\/wp\/v2\/pages\/274","targetHints":{"allow":["GET"]}}],"collection":[{"href":"http:\/\/vet-ecg.ddns.net\/index.php\/wp-json\/wp\/v2\/pages"}],"about":[{"href":"http:\/\/vet-ecg.ddns.net\/index.php\/wp-json\/wp\/v2\/types\/page"}],"author":[{"embeddable":true,"href":"http:\/\/vet-ecg.ddns.net\/index.php\/wp-json\/wp\/v2\/users\/1"}],"replies":[{"embeddable":true,"href":"http:\/\/vet-ecg.ddns.net\/index.php\/wp-json\/wp\/v2\/comments?post=274"}],"version-history":[{"count":0,"href":"http:\/\/vet-ecg.ddns.net\/index.php\/wp-json\/wp\/v2\/pages\/274\/revisions"}],"wp:attachment":[{"href":"http:\/\/vet-ecg.ddns.net\/index.php\/wp-json\/wp\/v2\/media?parent=274"}],"curies":[{"name":"wp","href":"https:\/\/api.w.org\/{rel}","templated":true}]}}