{"id":2637,"date":"2019-11-24T16:35:01","date_gmt":"2019-11-24T15:35:01","guid":{"rendered":"http:\/\/vet-ecg.ddns.net\/?page_id=2637"},"modified":"2019-12-22T10:10:29","modified_gmt":"2019-12-22T09:10:29","slug":"dvda-et-deviation-axiale-droite","status":"publish","type":"page","link":"http:\/\/vet-ecg.ddns.net\/index.php\/dvda-et-deviation-axiale-droite\/","title":{"rendered":"DVDA et d\u00e9viation axiale droite"},"content":{"rendered":"\n<figure class=\"wp-block-image size-large\"><img loading=\"lazy\" decoding=\"async\" width=\"2199\" height=\"1582\" src=\"http:\/\/vet-ecg.ddns.net\/wp-content\/uploads\/arvd-bbd.jpg\" alt=\"\" class=\"wp-image-2638\"\/><figcaption>DVDA et BBD<\/figcaption><\/figure>\n\n\n<p>Les amplitudes des QRS sont faibles mais les ondes P d&rsquo;allure sinusale sont bien pr\u00e9sentes.<\/p>\n<p>La polarit\u00e9 des QRS est invers\u00e9e et il existe de larges ondes S dans toutes les d\u00e9rivations.<\/p>\n<p>Les ondes P sont pointues et atteignent 0,22 mV.<\/p>\n<p>On remarque, par ailleurs, que la branche ascendante de certaines ondes P (en D2 et AVF) est plus lente que la branche descendante.<\/p>\n<p>La dur\u00e9e des QRS est tr\u00e8s augment\u00e9e (70 ms).<\/p>\n<p>L&rsquo;intervalle QT est tr\u00e8s augment\u00e9e (288 ms).<\/p>\n<p>On remarque la pr\u00e9sence de 3 aberrations ventriculaires.<\/p>\n<p><\/p>","protected":false},"excerpt":{"rendered":"<p>Les amplitudes des QRS sont faibles mais les ondes P d&rsquo;allure sinusale sont bien pr\u00e9sentes. La polarit\u00e9 des QRS est invers\u00e9e et il existe de larges ondes S dans toutes les d\u00e9rivations. Les ondes P sont pointues et atteignent 0,22 mV. On remarque, par ailleurs, que la branche ascendante de certaines ondes P (en D2 &hellip; <a href=\"http:\/\/vet-ecg.ddns.net\/index.php\/dvda-et-deviation-axiale-droite\/\" class=\"more-link\">Continuer la lecture de <span class=\"screen-reader-text\">DVDA et d\u00e9viation axiale droite<\/span><\/a><\/p>\n","protected":false},"author":1,"featured_media":0,"parent":0,"menu_order":0,"comment_status":"closed","ping_status":"closed","template":"","meta":{"footnotes":""},"class_list":["post-2637","page","type-page","status-publish","hentry"],"yoast_head":"<!-- This site is optimized with the Yoast SEO plugin v27.4 - https:\/\/yoast.com\/product\/yoast-seo-wordpress\/ -->\n<title>DVDA et d\u00e9viation axiale droite - Blog d&#039;\u00e9lectrocardiographie v\u00e9t\u00e9rinaire<\/title>\n<meta name=\"description\" content=\"Ce chat atteint de DVDA pr\u00e9sente une d\u00e9viation axiale droite. La polarit\u00e9 des QRS est invers\u00e9e et les QRS ont une dur\u00e9e tr\u00e8s augment\u00e9e (70 ms).\" \/>\n<meta name=\"robots\" content=\"index, follow, max-snippet:-1, max-image-preview:large, max-video-preview:-1\" \/>\n<link rel=\"canonical\" href=\"http:\/\/vet-ecg.ddns.net\/index.php\/dvda-et-deviation-axiale-droite\/\" \/>\n<script type=\"application\/ld+json\" class=\"yoast-schema-graph\">{\"@context\":\"https:\\\/\\\/schema.org\",\"@graph\":[{\"@type\":\"WebPage\",\"@id\":\"http:\\\/\\\/vet-ecg.ddns.net\\\/index.php\\\/dvda-et-deviation-axiale-droite\\\/\",\"url\":\"http:\\\/\\\/vet-ecg.ddns.net\\\/index.php\\\/dvda-et-deviation-axiale-droite\\\/\",\"name\":\"DVDA et d\u00e9viation axiale droite - Blog d&#039;\u00e9lectrocardiographie v\u00e9t\u00e9rinaire\",\"isPartOf\":{\"@id\":\"http:\\\/\\\/vet-ecg.ddns.net\\\/#website\"},\"primaryImageOfPage\":{\"@id\":\"http:\\\/\\\/vet-ecg.ddns.net\\\/index.php\\\/dvda-et-deviation-axiale-droite\\\/#primaryimage\"},\"image\":{\"@id\":\"http:\\\/\\\/vet-ecg.ddns.net\\\/index.php\\\/dvda-et-deviation-axiale-droite\\\/#primaryimage\"},\"thumbnailUrl\":\"http:\\\/\\\/vet-ecg.ddns.net\\\/wp-content\\\/uploads\\\/arvd-bbd.jpg\",\"datePublished\":\"2019-11-24T15:35:01+00:00\",\"dateModified\":\"2019-12-22T09:10:29+00:00\",\"description\":\"Ce chat atteint de DVDA pr\u00e9sente une d\u00e9viation axiale droite. La polarit\u00e9 des QRS est invers\u00e9e et les QRS ont une dur\u00e9e tr\u00e8s augment\u00e9e (70 ms).\",\"breadcrumb\":{\"@id\":\"http:\\\/\\\/vet-ecg.ddns.net\\\/index.php\\\/dvda-et-deviation-axiale-droite\\\/#breadcrumb\"},\"inLanguage\":\"fr-FR\",\"potentialAction\":[{\"@type\":\"ReadAction\",\"target\":[\"http:\\\/\\\/vet-ecg.ddns.net\\\/index.php\\\/dvda-et-deviation-axiale-droite\\\/\"]}]},{\"@type\":\"ImageObject\",\"inLanguage\":\"fr-FR\",\"@id\":\"http:\\\/\\\/vet-ecg.ddns.net\\\/index.php\\\/dvda-et-deviation-axiale-droite\\\/#primaryimage\",\"url\":\"http:\\\/\\\/vet-ecg.ddns.net\\\/wp-content\\\/uploads\\\/arvd-bbd.jpg\",\"contentUrl\":\"http:\\\/\\\/vet-ecg.ddns.net\\\/wp-content\\\/uploads\\\/arvd-bbd.jpg\",\"width\":2199,\"height\":1582,\"caption\":\"DVDA et BBD\"},{\"@type\":\"BreadcrumbList\",\"@id\":\"http:\\\/\\\/vet-ecg.ddns.net\\\/index.php\\\/dvda-et-deviation-axiale-droite\\\/#breadcrumb\",\"itemListElement\":[{\"@type\":\"ListItem\",\"position\":1,\"name\":\"Accueil\",\"item\":\"http:\\\/\\\/vet-ecg.ddns.net\\\/\"},{\"@type\":\"ListItem\",\"position\":2,\"name\":\"DVDA et d\u00e9viation axiale droite\"}]},{\"@type\":\"WebSite\",\"@id\":\"http:\\\/\\\/vet-ecg.ddns.net\\\/#website\",\"url\":\"http:\\\/\\\/vet-ecg.ddns.net\\\/\",\"name\":\"Blog d&#039;\u00e9lectrocardiographie v\u00e9t\u00e9rinaire\",\"description\":\"recueil d&#039;ECG de chiens et de chats\",\"publisher\":{\"@id\":\"http:\\\/\\\/vet-ecg.ddns.net\\\/#\\\/schema\\\/person\\\/fec4070a47e235fed904fab73cae00b4\"},\"alternateName\":\"\u00e9lectrocardiographie v\u00e9t\u00e9rinaire\",\"potentialAction\":[{\"@type\":\"SearchAction\",\"target\":{\"@type\":\"EntryPoint\",\"urlTemplate\":\"http:\\\/\\\/vet-ecg.ddns.net\\\/?s={search_term_string}\"},\"query-input\":{\"@type\":\"PropertyValueSpecification\",\"valueRequired\":true,\"valueName\":\"search_term_string\"}}],\"inLanguage\":\"fr-FR\"},{\"@type\":[\"Person\",\"Organization\"],\"@id\":\"http:\\\/\\\/vet-ecg.ddns.net\\\/#\\\/schema\\\/person\\\/fec4070a47e235fed904fab73cae00b4\",\"name\":\"admin\",\"image\":{\"@type\":\"ImageObject\",\"inLanguage\":\"fr-FR\",\"@id\":\"http:\\\/\\\/vet-ecg.ddns.net\\\/wp-content\\\/uploads\\\/2018\\\/04\\\/Zelda-2-ECG-248.jpg\",\"url\":\"http:\\\/\\\/vet-ecg.ddns.net\\\/wp-content\\\/uploads\\\/2018\\\/04\\\/Zelda-2-ECG-248.jpg\",\"contentUrl\":\"http:\\\/\\\/vet-ecg.ddns.net\\\/wp-content\\\/uploads\\\/2018\\\/04\\\/Zelda-2-ECG-248.jpg\",\"width\":248,\"height\":248,\"caption\":\"admin\"},\"logo\":{\"@id\":\"http:\\\/\\\/vet-ecg.ddns.net\\\/wp-content\\\/uploads\\\/2018\\\/04\\\/Zelda-2-ECG-248.jpg\"},\"description\":\"Les trac\u00e9s publi\u00e9s sur ce site sont issus de diff\u00e9rentes cliniques v\u00e9t\u00e9rinaires de Paris et de sa banlieue durant les 10 derni\u00e8res ann\u00e9es. Les ECG r\u00e9alis\u00e9s ont \u00e9t\u00e9 r\u00e9alis\u00e9s sur des chiens et des chats qui ont tous b\u00e9n\u00e9fici\u00e9 d'une \u00e9chocardiographie.\"}]}<\/script>\n<!-- \/ Yoast SEO plugin. -->","yoast_head_json":{"title":"DVDA et d\u00e9viation axiale droite - Blog d&#039;\u00e9lectrocardiographie v\u00e9t\u00e9rinaire","description":"Ce chat atteint de DVDA pr\u00e9sente une d\u00e9viation axiale droite. La polarit\u00e9 des QRS est invers\u00e9e et les QRS ont une dur\u00e9e tr\u00e8s augment\u00e9e (70 ms).","robots":{"index":"index","follow":"follow","max-snippet":"max-snippet:-1","max-image-preview":"max-image-preview:large","max-video-preview":"max-video-preview:-1"},"canonical":"http:\/\/vet-ecg.ddns.net\/index.php\/dvda-et-deviation-axiale-droite\/","schema":{"@context":"https:\/\/schema.org","@graph":[{"@type":"WebPage","@id":"http:\/\/vet-ecg.ddns.net\/index.php\/dvda-et-deviation-axiale-droite\/","url":"http:\/\/vet-ecg.ddns.net\/index.php\/dvda-et-deviation-axiale-droite\/","name":"DVDA et d\u00e9viation axiale droite - Blog d&#039;\u00e9lectrocardiographie v\u00e9t\u00e9rinaire","isPartOf":{"@id":"http:\/\/vet-ecg.ddns.net\/#website"},"primaryImageOfPage":{"@id":"http:\/\/vet-ecg.ddns.net\/index.php\/dvda-et-deviation-axiale-droite\/#primaryimage"},"image":{"@id":"http:\/\/vet-ecg.ddns.net\/index.php\/dvda-et-deviation-axiale-droite\/#primaryimage"},"thumbnailUrl":"http:\/\/vet-ecg.ddns.net\/wp-content\/uploads\/arvd-bbd.jpg","datePublished":"2019-11-24T15:35:01+00:00","dateModified":"2019-12-22T09:10:29+00:00","description":"Ce chat atteint de DVDA pr\u00e9sente une d\u00e9viation axiale droite. La polarit\u00e9 des QRS est invers\u00e9e et les QRS ont une dur\u00e9e tr\u00e8s augment\u00e9e (70 ms).","breadcrumb":{"@id":"http:\/\/vet-ecg.ddns.net\/index.php\/dvda-et-deviation-axiale-droite\/#breadcrumb"},"inLanguage":"fr-FR","potentialAction":[{"@type":"ReadAction","target":["http:\/\/vet-ecg.ddns.net\/index.php\/dvda-et-deviation-axiale-droite\/"]}]},{"@type":"ImageObject","inLanguage":"fr-FR","@id":"http:\/\/vet-ecg.ddns.net\/index.php\/dvda-et-deviation-axiale-droite\/#primaryimage","url":"http:\/\/vet-ecg.ddns.net\/wp-content\/uploads\/arvd-bbd.jpg","contentUrl":"http:\/\/vet-ecg.ddns.net\/wp-content\/uploads\/arvd-bbd.jpg","width":2199,"height":1582,"caption":"DVDA et BBD"},{"@type":"BreadcrumbList","@id":"http:\/\/vet-ecg.ddns.net\/index.php\/dvda-et-deviation-axiale-droite\/#breadcrumb","itemListElement":[{"@type":"ListItem","position":1,"name":"Accueil","item":"http:\/\/vet-ecg.ddns.net\/"},{"@type":"ListItem","position":2,"name":"DVDA et d\u00e9viation axiale droite"}]},{"@type":"WebSite","@id":"http:\/\/vet-ecg.ddns.net\/#website","url":"http:\/\/vet-ecg.ddns.net\/","name":"Blog d&#039;\u00e9lectrocardiographie v\u00e9t\u00e9rinaire","description":"recueil d&#039;ECG de chiens et de chats","publisher":{"@id":"http:\/\/vet-ecg.ddns.net\/#\/schema\/person\/fec4070a47e235fed904fab73cae00b4"},"alternateName":"\u00e9lectrocardiographie v\u00e9t\u00e9rinaire","potentialAction":[{"@type":"SearchAction","target":{"@type":"EntryPoint","urlTemplate":"http:\/\/vet-ecg.ddns.net\/?s={search_term_string}"},"query-input":{"@type":"PropertyValueSpecification","valueRequired":true,"valueName":"search_term_string"}}],"inLanguage":"fr-FR"},{"@type":["Person","Organization"],"@id":"http:\/\/vet-ecg.ddns.net\/#\/schema\/person\/fec4070a47e235fed904fab73cae00b4","name":"admin","image":{"@type":"ImageObject","inLanguage":"fr-FR","@id":"http:\/\/vet-ecg.ddns.net\/wp-content\/uploads\/2018\/04\/Zelda-2-ECG-248.jpg","url":"http:\/\/vet-ecg.ddns.net\/wp-content\/uploads\/2018\/04\/Zelda-2-ECG-248.jpg","contentUrl":"http:\/\/vet-ecg.ddns.net\/wp-content\/uploads\/2018\/04\/Zelda-2-ECG-248.jpg","width":248,"height":248,"caption":"admin"},"logo":{"@id":"http:\/\/vet-ecg.ddns.net\/wp-content\/uploads\/2018\/04\/Zelda-2-ECG-248.jpg"},"description":"Les trac\u00e9s publi\u00e9s sur ce site sont issus de diff\u00e9rentes cliniques v\u00e9t\u00e9rinaires de Paris et de sa banlieue durant les 10 derni\u00e8res ann\u00e9es. Les ECG r\u00e9alis\u00e9s ont \u00e9t\u00e9 r\u00e9alis\u00e9s sur des chiens et des chats qui ont tous b\u00e9n\u00e9fici\u00e9 d'une \u00e9chocardiographie."}]}},"_links":{"self":[{"href":"http:\/\/vet-ecg.ddns.net\/index.php\/wp-json\/wp\/v2\/pages\/2637","targetHints":{"allow":["GET"]}}],"collection":[{"href":"http:\/\/vet-ecg.ddns.net\/index.php\/wp-json\/wp\/v2\/pages"}],"about":[{"href":"http:\/\/vet-ecg.ddns.net\/index.php\/wp-json\/wp\/v2\/types\/page"}],"author":[{"embeddable":true,"href":"http:\/\/vet-ecg.ddns.net\/index.php\/wp-json\/wp\/v2\/users\/1"}],"replies":[{"embeddable":true,"href":"http:\/\/vet-ecg.ddns.net\/index.php\/wp-json\/wp\/v2\/comments?post=2637"}],"version-history":[{"count":0,"href":"http:\/\/vet-ecg.ddns.net\/index.php\/wp-json\/wp\/v2\/pages\/2637\/revisions"}],"wp:attachment":[{"href":"http:\/\/vet-ecg.ddns.net\/index.php\/wp-json\/wp\/v2\/media?parent=2637"}],"curies":[{"name":"wp","href":"https:\/\/api.w.org\/{rel}","templated":true}]}}