{"id":2567,"date":"2019-11-19T18:18:37","date_gmt":"2019-11-19T17:18:37","guid":{"rendered":"http:\/\/vet-ecg.ddns.net\/?page_id=2567"},"modified":"2019-11-24T16:42:43","modified_gmt":"2019-11-24T15:42:43","slug":"dysplasie-du-ventricule-droit-arythmogene","status":"publish","type":"page","link":"http:\/\/vet-ecg.ddns.net\/index.php\/dysplasie-du-ventricule-droit-arythmogene\/","title":{"rendered":"DVDA"},"content":{"rendered":"<p>La dysplasie ventriculaire droite arythmog\u00e8ne (DVDA) est une cardiomyopathie grave.<\/p>\n<p>Elle se rencontre essentiellement chez les chats et les chiens de race boxer.<\/p>\n<p>Il s&rsquo;agit d&rsquo;une atteinte fibro-adipeuse de la paroi du ventricule droit qui peut \u00e9ventuellement ensuite gagner le ventricule gauche.<\/p>\n<p>Ces zones remani\u00e9es entrainent une dilation du ventricule droit et sont la source d&rsquo;arythmies ventriculaires graves.<\/p>\n<p>Cette maladie est encore appel\u00e9e cardiomyopahtie arythmog\u00e8ne du ventricule droit (ARVC en anglais pour arrythmogenic right ventricular cardiomyopathy).<\/p>\n<p>Les d\u00e9flexions sont souvent microvolt\u00e9es et le rythme fr\u00e9quemment non sinusal.<\/p>\n<p>Contrairement \u00e0 ce qui existe chez l&rsquo;homme, il n&rsquo;est pas possible de mettre une onde epsilon (post QRS) en \u00e9vidence.<\/p>\n","protected":false},"excerpt":{"rendered":"<p>La dysplasie ventriculaire droite arythmog\u00e8ne (DVDA) est une cardiomyopathie grave. Elle se rencontre essentiellement chez les chats et les chiens de race boxer. Il s&rsquo;agit d&rsquo;une atteinte fibro-adipeuse de la paroi du ventricule droit qui peut \u00e9ventuellement ensuite gagner le ventricule gauche. Ces zones remani\u00e9es entrainent une dilation du ventricule droit et sont la source &hellip; <a href=\"http:\/\/vet-ecg.ddns.net\/index.php\/dysplasie-du-ventricule-droit-arythmogene\/\" class=\"more-link\">Continuer la lecture de <span class=\"screen-reader-text\">DVDA<\/span><\/a><\/p>\n","protected":false},"author":1,"featured_media":0,"parent":0,"menu_order":0,"comment_status":"closed","ping_status":"closed","template":"","meta":{"footnotes":""},"class_list":["post-2567","page","type-page","status-publish","hentry"],"yoast_head":"<!-- This site is optimized with the Yoast SEO plugin v27.4 - https:\/\/yoast.com\/product\/yoast-seo-wordpress\/ -->\n<title>DVDA - Blog d&#039;\u00e9lectrocardiographie v\u00e9t\u00e9rinaire<\/title>\n<meta name=\"description\" content=\"La dysplasie du ventricule droit arythmog\u00e8ne (DVDA) encore appel\u00e9e cardiomyopathie arythmog\u00e8ne du ventricule droit se complique de graves troubles du rythme.\" \/>\n<meta name=\"robots\" content=\"index, follow, max-snippet:-1, max-image-preview:large, max-video-preview:-1\" \/>\n<link rel=\"canonical\" href=\"http:\/\/vet-ecg.ddns.net\/index.php\/dysplasie-du-ventricule-droit-arythmogene\/\" \/>\n<meta name=\"twitter:label1\" content=\"Dur\u00e9e de lecture estim\u00e9e\" \/>\n\t<meta name=\"twitter:data1\" content=\"1 minute\" \/>\n<script type=\"application\/ld+json\" class=\"yoast-schema-graph\">{\"@context\":\"https:\\\/\\\/schema.org\",\"@graph\":[{\"@type\":\"WebPage\",\"@id\":\"http:\\\/\\\/vet-ecg.ddns.net\\\/index.php\\\/dysplasie-du-ventricule-droit-arythmogene\\\/\",\"url\":\"http:\\\/\\\/vet-ecg.ddns.net\\\/index.php\\\/dysplasie-du-ventricule-droit-arythmogene\\\/\",\"name\":\"DVDA - Blog d&#039;\u00e9lectrocardiographie v\u00e9t\u00e9rinaire\",\"isPartOf\":{\"@id\":\"http:\\\/\\\/vet-ecg.ddns.net\\\/#website\"},\"datePublished\":\"2019-11-19T17:18:37+00:00\",\"dateModified\":\"2019-11-24T15:42:43+00:00\",\"description\":\"La dysplasie du ventricule droit arythmog\u00e8ne (DVDA) encore appel\u00e9e cardiomyopathie arythmog\u00e8ne du ventricule droit se complique de graves troubles du rythme.\",\"breadcrumb\":{\"@id\":\"http:\\\/\\\/vet-ecg.ddns.net\\\/index.php\\\/dysplasie-du-ventricule-droit-arythmogene\\\/#breadcrumb\"},\"inLanguage\":\"fr-FR\",\"potentialAction\":[{\"@type\":\"ReadAction\",\"target\":[\"http:\\\/\\\/vet-ecg.ddns.net\\\/index.php\\\/dysplasie-du-ventricule-droit-arythmogene\\\/\"]}]},{\"@type\":\"BreadcrumbList\",\"@id\":\"http:\\\/\\\/vet-ecg.ddns.net\\\/index.php\\\/dysplasie-du-ventricule-droit-arythmogene\\\/#breadcrumb\",\"itemListElement\":[{\"@type\":\"ListItem\",\"position\":1,\"name\":\"Accueil\",\"item\":\"http:\\\/\\\/vet-ecg.ddns.net\\\/\"},{\"@type\":\"ListItem\",\"position\":2,\"name\":\"DVDA\"}]},{\"@type\":\"WebSite\",\"@id\":\"http:\\\/\\\/vet-ecg.ddns.net\\\/#website\",\"url\":\"http:\\\/\\\/vet-ecg.ddns.net\\\/\",\"name\":\"Blog d&#039;\u00e9lectrocardiographie v\u00e9t\u00e9rinaire\",\"description\":\"recueil d&#039;ECG de chiens et de chats\",\"publisher\":{\"@id\":\"http:\\\/\\\/vet-ecg.ddns.net\\\/#\\\/schema\\\/person\\\/fec4070a47e235fed904fab73cae00b4\"},\"alternateName\":\"\u00e9lectrocardiographie v\u00e9t\u00e9rinaire\",\"potentialAction\":[{\"@type\":\"SearchAction\",\"target\":{\"@type\":\"EntryPoint\",\"urlTemplate\":\"http:\\\/\\\/vet-ecg.ddns.net\\\/?s={search_term_string}\"},\"query-input\":{\"@type\":\"PropertyValueSpecification\",\"valueRequired\":true,\"valueName\":\"search_term_string\"}}],\"inLanguage\":\"fr-FR\"},{\"@type\":[\"Person\",\"Organization\"],\"@id\":\"http:\\\/\\\/vet-ecg.ddns.net\\\/#\\\/schema\\\/person\\\/fec4070a47e235fed904fab73cae00b4\",\"name\":\"admin\",\"image\":{\"@type\":\"ImageObject\",\"inLanguage\":\"fr-FR\",\"@id\":\"http:\\\/\\\/vet-ecg.ddns.net\\\/wp-content\\\/uploads\\\/2018\\\/04\\\/Zelda-2-ECG-248.jpg\",\"url\":\"http:\\\/\\\/vet-ecg.ddns.net\\\/wp-content\\\/uploads\\\/2018\\\/04\\\/Zelda-2-ECG-248.jpg\",\"contentUrl\":\"http:\\\/\\\/vet-ecg.ddns.net\\\/wp-content\\\/uploads\\\/2018\\\/04\\\/Zelda-2-ECG-248.jpg\",\"width\":248,\"height\":248,\"caption\":\"admin\"},\"logo\":{\"@id\":\"http:\\\/\\\/vet-ecg.ddns.net\\\/wp-content\\\/uploads\\\/2018\\\/04\\\/Zelda-2-ECG-248.jpg\"},\"description\":\"Les trac\u00e9s publi\u00e9s sur ce site sont issus de diff\u00e9rentes cliniques v\u00e9t\u00e9rinaires de Paris et de sa banlieue durant les 10 derni\u00e8res ann\u00e9es. Les ECG r\u00e9alis\u00e9s ont \u00e9t\u00e9 r\u00e9alis\u00e9s sur des chiens et des chats qui ont tous b\u00e9n\u00e9fici\u00e9 d'une \u00e9chocardiographie.\"}]}<\/script>\n<!-- \/ Yoast SEO plugin. -->","yoast_head_json":{"title":"DVDA - Blog d&#039;\u00e9lectrocardiographie v\u00e9t\u00e9rinaire","description":"La dysplasie du ventricule droit arythmog\u00e8ne (DVDA) encore appel\u00e9e cardiomyopathie arythmog\u00e8ne du ventricule droit se complique de graves troubles du rythme.","robots":{"index":"index","follow":"follow","max-snippet":"max-snippet:-1","max-image-preview":"max-image-preview:large","max-video-preview":"max-video-preview:-1"},"canonical":"http:\/\/vet-ecg.ddns.net\/index.php\/dysplasie-du-ventricule-droit-arythmogene\/","twitter_misc":{"Dur\u00e9e de lecture estim\u00e9e":"1 minute"},"schema":{"@context":"https:\/\/schema.org","@graph":[{"@type":"WebPage","@id":"http:\/\/vet-ecg.ddns.net\/index.php\/dysplasie-du-ventricule-droit-arythmogene\/","url":"http:\/\/vet-ecg.ddns.net\/index.php\/dysplasie-du-ventricule-droit-arythmogene\/","name":"DVDA - Blog d&#039;\u00e9lectrocardiographie v\u00e9t\u00e9rinaire","isPartOf":{"@id":"http:\/\/vet-ecg.ddns.net\/#website"},"datePublished":"2019-11-19T17:18:37+00:00","dateModified":"2019-11-24T15:42:43+00:00","description":"La dysplasie du ventricule droit arythmog\u00e8ne (DVDA) encore appel\u00e9e cardiomyopathie arythmog\u00e8ne du ventricule droit se complique de graves troubles du rythme.","breadcrumb":{"@id":"http:\/\/vet-ecg.ddns.net\/index.php\/dysplasie-du-ventricule-droit-arythmogene\/#breadcrumb"},"inLanguage":"fr-FR","potentialAction":[{"@type":"ReadAction","target":["http:\/\/vet-ecg.ddns.net\/index.php\/dysplasie-du-ventricule-droit-arythmogene\/"]}]},{"@type":"BreadcrumbList","@id":"http:\/\/vet-ecg.ddns.net\/index.php\/dysplasie-du-ventricule-droit-arythmogene\/#breadcrumb","itemListElement":[{"@type":"ListItem","position":1,"name":"Accueil","item":"http:\/\/vet-ecg.ddns.net\/"},{"@type":"ListItem","position":2,"name":"DVDA"}]},{"@type":"WebSite","@id":"http:\/\/vet-ecg.ddns.net\/#website","url":"http:\/\/vet-ecg.ddns.net\/","name":"Blog d&#039;\u00e9lectrocardiographie v\u00e9t\u00e9rinaire","description":"recueil d&#039;ECG de chiens et de chats","publisher":{"@id":"http:\/\/vet-ecg.ddns.net\/#\/schema\/person\/fec4070a47e235fed904fab73cae00b4"},"alternateName":"\u00e9lectrocardiographie v\u00e9t\u00e9rinaire","potentialAction":[{"@type":"SearchAction","target":{"@type":"EntryPoint","urlTemplate":"http:\/\/vet-ecg.ddns.net\/?s={search_term_string}"},"query-input":{"@type":"PropertyValueSpecification","valueRequired":true,"valueName":"search_term_string"}}],"inLanguage":"fr-FR"},{"@type":["Person","Organization"],"@id":"http:\/\/vet-ecg.ddns.net\/#\/schema\/person\/fec4070a47e235fed904fab73cae00b4","name":"admin","image":{"@type":"ImageObject","inLanguage":"fr-FR","@id":"http:\/\/vet-ecg.ddns.net\/wp-content\/uploads\/2018\/04\/Zelda-2-ECG-248.jpg","url":"http:\/\/vet-ecg.ddns.net\/wp-content\/uploads\/2018\/04\/Zelda-2-ECG-248.jpg","contentUrl":"http:\/\/vet-ecg.ddns.net\/wp-content\/uploads\/2018\/04\/Zelda-2-ECG-248.jpg","width":248,"height":248,"caption":"admin"},"logo":{"@id":"http:\/\/vet-ecg.ddns.net\/wp-content\/uploads\/2018\/04\/Zelda-2-ECG-248.jpg"},"description":"Les trac\u00e9s publi\u00e9s sur ce site sont issus de diff\u00e9rentes cliniques v\u00e9t\u00e9rinaires de Paris et de sa banlieue durant les 10 derni\u00e8res ann\u00e9es. Les ECG r\u00e9alis\u00e9s ont \u00e9t\u00e9 r\u00e9alis\u00e9s sur des chiens et des chats qui ont tous b\u00e9n\u00e9fici\u00e9 d'une \u00e9chocardiographie."}]}},"_links":{"self":[{"href":"http:\/\/vet-ecg.ddns.net\/index.php\/wp-json\/wp\/v2\/pages\/2567","targetHints":{"allow":["GET"]}}],"collection":[{"href":"http:\/\/vet-ecg.ddns.net\/index.php\/wp-json\/wp\/v2\/pages"}],"about":[{"href":"http:\/\/vet-ecg.ddns.net\/index.php\/wp-json\/wp\/v2\/types\/page"}],"author":[{"embeddable":true,"href":"http:\/\/vet-ecg.ddns.net\/index.php\/wp-json\/wp\/v2\/users\/1"}],"replies":[{"embeddable":true,"href":"http:\/\/vet-ecg.ddns.net\/index.php\/wp-json\/wp\/v2\/comments?post=2567"}],"version-history":[{"count":0,"href":"http:\/\/vet-ecg.ddns.net\/index.php\/wp-json\/wp\/v2\/pages\/2567\/revisions"}],"wp:attachment":[{"href":"http:\/\/vet-ecg.ddns.net\/index.php\/wp-json\/wp\/v2\/media?parent=2567"}],"curies":[{"name":"wp","href":"https:\/\/api.w.org\/{rel}","templated":true}]}}