{"id":2482,"date":"2019-11-14T12:14:59","date_gmt":"2019-11-14T11:14:59","guid":{"rendered":"http:\/\/vet-ecg.ddns.net\/?page_id=2482"},"modified":"2019-11-21T18:28:16","modified_gmt":"2019-11-21T17:28:16","slug":"ecg-de-chats-2","status":"publish","type":"page","link":"http:\/\/vet-ecg.ddns.net\/index.php\/ecg-de-chats-2\/","title":{"rendered":"ECG de chats"},"content":{"rendered":"<p>Les ECG de chats apportent sans doute moins de renseignements que les ECG de chiens.<\/p>\n<p>D&rsquo;une part, parce que les amplitudes et les dur\u00e9es des d\u00e9flexions sont plus faibles que chez les chiens ce qui rend des mesures pr\u00e9cises plus difficiles. Il arrive parfois qu&rsquo; une d\u00e9flexion se confonde avec les tr\u00e9mulations de la ligne de base.<\/p>\n<p>On accordera une attention particuli\u00e8re \u00e0 la repolarisation: allure du segment ST ainsi que polarit\u00e9 et caract\u00e8re asym\u00e9trique de l&rsquo;onde T.<\/p>\n<p>D&rsquo;autre part,\u00a0 parce que les troubles du rythme ou de la conduction sont tr\u00e8s souvent intermittents, voire fugaces.<\/p>\n<p>Il n&rsquo;est pas rare de voir des trac\u00e9s dans les limites de la normale alors qu&rsquo;une cardiomyopathie hypertrophique d&rsquo;ampleur marqu\u00e9e est install\u00e9e.<\/p>\n<p>En revanche l&rsquo;augmentation de la dur\u00e9e des QRS et\/ou de l&rsquo;onde T ne se rencontrent pas sur des chats indemnes de cardiopathie.<\/p>\n<p>La fr\u00e9quence des troubles du rythme ou de la conduction justifie\u00a0 pleinement la r\u00e9alisation d&rsquo;un ECG, m\u00eame lorsque le st\u00e9thoscope ne r\u00e9v\u00e8le pas d&rsquo;anomalies (rythme jonctionnel).<\/p>\n<p>Un rythme r\u00e9gulier n&rsquo;est pas synonyme de sinusal.<\/p>\n","protected":false},"excerpt":{"rendered":"<p>Les ECG de chats apportent sans doute moins de renseignements que les ECG de chiens. D&rsquo;une part, parce que les amplitudes et les dur\u00e9es des d\u00e9flexions sont plus faibles que chez les chiens ce qui rend des mesures pr\u00e9cises plus difficiles. Il arrive parfois qu&rsquo; une d\u00e9flexion se confonde avec les tr\u00e9mulations de la ligne &hellip; <a href=\"http:\/\/vet-ecg.ddns.net\/index.php\/ecg-de-chats-2\/\" class=\"more-link\">Continuer la lecture de <span class=\"screen-reader-text\">ECG de chats<\/span><\/a><\/p>\n","protected":false},"author":1,"featured_media":0,"parent":0,"menu_order":0,"comment_status":"closed","ping_status":"closed","template":"","meta":{"footnotes":""},"class_list":["post-2482","page","type-page","status-publish","hentry"],"yoast_head":"<!-- This site is optimized with the Yoast SEO plugin v27.4 - https:\/\/yoast.com\/product\/yoast-seo-wordpress\/ -->\n<title>ECG de chats - Blog d&#039;\u00e9lectrocardiographie v\u00e9t\u00e9rinaire<\/title>\n<meta name=\"description\" content=\"Les ECG de chats se justifient pleinement en raison de la fr\u00e9quence des troubles de l&#039;excitabilit\u00e9 et de la conduction, m\u00eame s&#039;ils sont intermittents.\" \/>\n<meta name=\"robots\" content=\"index, follow, max-snippet:-1, max-image-preview:large, max-video-preview:-1\" \/>\n<link rel=\"canonical\" href=\"http:\/\/vet-ecg.ddns.net\/index.php\/ecg-de-chats-2\/\" \/>\n<meta name=\"twitter:label1\" content=\"Dur\u00e9e de lecture estim\u00e9e\" \/>\n\t<meta name=\"twitter:data1\" content=\"1 minute\" \/>\n<script type=\"application\/ld+json\" class=\"yoast-schema-graph\">{\"@context\":\"https:\\\/\\\/schema.org\",\"@graph\":[{\"@type\":\"WebPage\",\"@id\":\"http:\\\/\\\/vet-ecg.ddns.net\\\/index.php\\\/ecg-de-chats-2\\\/\",\"url\":\"http:\\\/\\\/vet-ecg.ddns.net\\\/index.php\\\/ecg-de-chats-2\\\/\",\"name\":\"ECG de chats - Blog d&#039;\u00e9lectrocardiographie v\u00e9t\u00e9rinaire\",\"isPartOf\":{\"@id\":\"http:\\\/\\\/vet-ecg.ddns.net\\\/#website\"},\"datePublished\":\"2019-11-14T11:14:59+00:00\",\"dateModified\":\"2019-11-21T17:28:16+00:00\",\"description\":\"Les ECG de chats se justifient pleinement en raison de la fr\u00e9quence des troubles de l'excitabilit\u00e9 et de la conduction, m\u00eame s'ils sont intermittents.\",\"breadcrumb\":{\"@id\":\"http:\\\/\\\/vet-ecg.ddns.net\\\/index.php\\\/ecg-de-chats-2\\\/#breadcrumb\"},\"inLanguage\":\"fr-FR\",\"potentialAction\":[{\"@type\":\"ReadAction\",\"target\":[\"http:\\\/\\\/vet-ecg.ddns.net\\\/index.php\\\/ecg-de-chats-2\\\/\"]}]},{\"@type\":\"BreadcrumbList\",\"@id\":\"http:\\\/\\\/vet-ecg.ddns.net\\\/index.php\\\/ecg-de-chats-2\\\/#breadcrumb\",\"itemListElement\":[{\"@type\":\"ListItem\",\"position\":1,\"name\":\"Accueil\",\"item\":\"http:\\\/\\\/vet-ecg.ddns.net\\\/\"},{\"@type\":\"ListItem\",\"position\":2,\"name\":\"ECG de chats\"}]},{\"@type\":\"WebSite\",\"@id\":\"http:\\\/\\\/vet-ecg.ddns.net\\\/#website\",\"url\":\"http:\\\/\\\/vet-ecg.ddns.net\\\/\",\"name\":\"Blog d&#039;\u00e9lectrocardiographie v\u00e9t\u00e9rinaire\",\"description\":\"recueil d&#039;ECG de chiens et de chats\",\"publisher\":{\"@id\":\"http:\\\/\\\/vet-ecg.ddns.net\\\/#\\\/schema\\\/person\\\/fec4070a47e235fed904fab73cae00b4\"},\"alternateName\":\"\u00e9lectrocardiographie v\u00e9t\u00e9rinaire\",\"potentialAction\":[{\"@type\":\"SearchAction\",\"target\":{\"@type\":\"EntryPoint\",\"urlTemplate\":\"http:\\\/\\\/vet-ecg.ddns.net\\\/?s={search_term_string}\"},\"query-input\":{\"@type\":\"PropertyValueSpecification\",\"valueRequired\":true,\"valueName\":\"search_term_string\"}}],\"inLanguage\":\"fr-FR\"},{\"@type\":[\"Person\",\"Organization\"],\"@id\":\"http:\\\/\\\/vet-ecg.ddns.net\\\/#\\\/schema\\\/person\\\/fec4070a47e235fed904fab73cae00b4\",\"name\":\"admin\",\"image\":{\"@type\":\"ImageObject\",\"inLanguage\":\"fr-FR\",\"@id\":\"http:\\\/\\\/vet-ecg.ddns.net\\\/wp-content\\\/uploads\\\/2018\\\/04\\\/Zelda-2-ECG-248.jpg\",\"url\":\"http:\\\/\\\/vet-ecg.ddns.net\\\/wp-content\\\/uploads\\\/2018\\\/04\\\/Zelda-2-ECG-248.jpg\",\"contentUrl\":\"http:\\\/\\\/vet-ecg.ddns.net\\\/wp-content\\\/uploads\\\/2018\\\/04\\\/Zelda-2-ECG-248.jpg\",\"width\":248,\"height\":248,\"caption\":\"admin\"},\"logo\":{\"@id\":\"http:\\\/\\\/vet-ecg.ddns.net\\\/wp-content\\\/uploads\\\/2018\\\/04\\\/Zelda-2-ECG-248.jpg\"},\"description\":\"Les trac\u00e9s publi\u00e9s sur ce site sont issus de diff\u00e9rentes cliniques v\u00e9t\u00e9rinaires de Paris et de sa banlieue durant les 10 derni\u00e8res ann\u00e9es. Les ECG r\u00e9alis\u00e9s ont \u00e9t\u00e9 r\u00e9alis\u00e9s sur des chiens et des chats qui ont tous b\u00e9n\u00e9fici\u00e9 d'une \u00e9chocardiographie.\"}]}<\/script>\n<!-- \/ Yoast SEO plugin. -->","yoast_head_json":{"title":"ECG de chats - Blog d&#039;\u00e9lectrocardiographie v\u00e9t\u00e9rinaire","description":"Les ECG de chats se justifient pleinement en raison de la fr\u00e9quence des troubles de l'excitabilit\u00e9 et de la conduction, m\u00eame s'ils sont intermittents.","robots":{"index":"index","follow":"follow","max-snippet":"max-snippet:-1","max-image-preview":"max-image-preview:large","max-video-preview":"max-video-preview:-1"},"canonical":"http:\/\/vet-ecg.ddns.net\/index.php\/ecg-de-chats-2\/","twitter_misc":{"Dur\u00e9e de lecture estim\u00e9e":"1 minute"},"schema":{"@context":"https:\/\/schema.org","@graph":[{"@type":"WebPage","@id":"http:\/\/vet-ecg.ddns.net\/index.php\/ecg-de-chats-2\/","url":"http:\/\/vet-ecg.ddns.net\/index.php\/ecg-de-chats-2\/","name":"ECG de chats - Blog d&#039;\u00e9lectrocardiographie v\u00e9t\u00e9rinaire","isPartOf":{"@id":"http:\/\/vet-ecg.ddns.net\/#website"},"datePublished":"2019-11-14T11:14:59+00:00","dateModified":"2019-11-21T17:28:16+00:00","description":"Les ECG de chats se justifient pleinement en raison de la fr\u00e9quence des troubles de l'excitabilit\u00e9 et de la conduction, m\u00eame s'ils sont intermittents.","breadcrumb":{"@id":"http:\/\/vet-ecg.ddns.net\/index.php\/ecg-de-chats-2\/#breadcrumb"},"inLanguage":"fr-FR","potentialAction":[{"@type":"ReadAction","target":["http:\/\/vet-ecg.ddns.net\/index.php\/ecg-de-chats-2\/"]}]},{"@type":"BreadcrumbList","@id":"http:\/\/vet-ecg.ddns.net\/index.php\/ecg-de-chats-2\/#breadcrumb","itemListElement":[{"@type":"ListItem","position":1,"name":"Accueil","item":"http:\/\/vet-ecg.ddns.net\/"},{"@type":"ListItem","position":2,"name":"ECG de chats"}]},{"@type":"WebSite","@id":"http:\/\/vet-ecg.ddns.net\/#website","url":"http:\/\/vet-ecg.ddns.net\/","name":"Blog d&#039;\u00e9lectrocardiographie v\u00e9t\u00e9rinaire","description":"recueil d&#039;ECG de chiens et de chats","publisher":{"@id":"http:\/\/vet-ecg.ddns.net\/#\/schema\/person\/fec4070a47e235fed904fab73cae00b4"},"alternateName":"\u00e9lectrocardiographie v\u00e9t\u00e9rinaire","potentialAction":[{"@type":"SearchAction","target":{"@type":"EntryPoint","urlTemplate":"http:\/\/vet-ecg.ddns.net\/?s={search_term_string}"},"query-input":{"@type":"PropertyValueSpecification","valueRequired":true,"valueName":"search_term_string"}}],"inLanguage":"fr-FR"},{"@type":["Person","Organization"],"@id":"http:\/\/vet-ecg.ddns.net\/#\/schema\/person\/fec4070a47e235fed904fab73cae00b4","name":"admin","image":{"@type":"ImageObject","inLanguage":"fr-FR","@id":"http:\/\/vet-ecg.ddns.net\/wp-content\/uploads\/2018\/04\/Zelda-2-ECG-248.jpg","url":"http:\/\/vet-ecg.ddns.net\/wp-content\/uploads\/2018\/04\/Zelda-2-ECG-248.jpg","contentUrl":"http:\/\/vet-ecg.ddns.net\/wp-content\/uploads\/2018\/04\/Zelda-2-ECG-248.jpg","width":248,"height":248,"caption":"admin"},"logo":{"@id":"http:\/\/vet-ecg.ddns.net\/wp-content\/uploads\/2018\/04\/Zelda-2-ECG-248.jpg"},"description":"Les trac\u00e9s publi\u00e9s sur ce site sont issus de diff\u00e9rentes cliniques v\u00e9t\u00e9rinaires de Paris et de sa banlieue durant les 10 derni\u00e8res ann\u00e9es. Les ECG r\u00e9alis\u00e9s ont \u00e9t\u00e9 r\u00e9alis\u00e9s sur des chiens et des chats qui ont tous b\u00e9n\u00e9fici\u00e9 d'une \u00e9chocardiographie."}]}},"_links":{"self":[{"href":"http:\/\/vet-ecg.ddns.net\/index.php\/wp-json\/wp\/v2\/pages\/2482","targetHints":{"allow":["GET"]}}],"collection":[{"href":"http:\/\/vet-ecg.ddns.net\/index.php\/wp-json\/wp\/v2\/pages"}],"about":[{"href":"http:\/\/vet-ecg.ddns.net\/index.php\/wp-json\/wp\/v2\/types\/page"}],"author":[{"embeddable":true,"href":"http:\/\/vet-ecg.ddns.net\/index.php\/wp-json\/wp\/v2\/users\/1"}],"replies":[{"embeddable":true,"href":"http:\/\/vet-ecg.ddns.net\/index.php\/wp-json\/wp\/v2\/comments?post=2482"}],"version-history":[{"count":0,"href":"http:\/\/vet-ecg.ddns.net\/index.php\/wp-json\/wp\/v2\/pages\/2482\/revisions"}],"wp:attachment":[{"href":"http:\/\/vet-ecg.ddns.net\/index.php\/wp-json\/wp\/v2\/media?parent=2482"}],"curies":[{"name":"wp","href":"https:\/\/api.w.org\/{rel}","templated":true}]}}