{"id":2359,"date":"2019-11-10T11:16:31","date_gmt":"2019-11-10T10:16:31","guid":{"rendered":"http:\/\/vet-ecg.ddns.net\/?page_id=2359"},"modified":"2019-12-07T22:45:11","modified_gmt":"2019-12-07T21:45:11","slug":"mvd-de-stade-2-ckc","status":"publish","type":"page","link":"http:\/\/vet-ecg.ddns.net\/index.php\/mvd-de-stade-2-ckc\/","title":{"rendered":"MVD de stade 2  ckc"},"content":{"rendered":"\n<figure class=\"wp-block-image\"><img loading=\"lazy\" decoding=\"async\" width=\"2000\" height=\"1488\" src=\"http:\/\/vet-ecg.ddns.net\/wp-content\/uploads\/MVD-st2-ckc.jpg\" alt=\"\" class=\"wp-image-2360\"\/><figcaption>ECG de MVD de stade 2<\/figcaption><\/figure>\n\n\n<p>Cet ECG est celui d&rsquo;un cavalier king charles de 9 ans (10 kg). Un souffle cardiaque a \u00e9t\u00e9 d\u00e9tect\u00e9 d\u00e8s l&rsquo;\u00e2ge de 4 ans.<\/p>\n<p>L&rsquo;\u00e9chocardiographie montre une valvulopathie mitrale et tricuspide. Un prolapsus atrial du corps des deux feuillets mitraux en systole est visible et le rapport oreillette gauche \/ Aorte = 1,9 (Ag\/Ao = 1,9). Un d\u00e9but de remodelage des ventricules droits et gauche est constat\u00e9.<\/p>\n<p>L&rsquo;animal re\u00e7oit un traitement compos\u00e9 d&rsquo;un IECA, de furos\u00e9mide, de spironolactone, de digoxine et d&rsquo;un b\u00eata-bloquant ce qui explique sans doute l&rsquo;absence de tachycardie habituellement rencontr\u00e9e \u00e0 ce stade de la maladie ainsi qu&rsquo;un certain ralentissement de la conduction AV (intervalle PR=120 ms).<\/p>\n<p>Les amplitudes des diff\u00e9rentes d\u00e9flexions sont dans les normes.<\/p>\n<p>En revanche Les dur\u00e9es de QRS et P sont augment\u00e9es (respectivement 58 et 52 ms).Il en est de m\u00eame de la d\u00e9flexion intrins\u00e9co\u00efde (temps d&rsquo;inscription de l&rsquo;onde R).<\/p>\n<p>Les ondes P sont bifide.<\/p>\n<p>Un sous-d\u00e9calage du segment ST est bien visible en D1 et D2.<\/p>\n<p>Par ailleurs, on note un crochetage des QRS en D3.<\/p>\n<p>L&rsquo;axe des QRS est l\u00e9g\u00e8rement d\u00e9vi\u00e9 \u00e0 gauche (37\u00b0).<\/p>\n<p>Les signes de c\u0153ur droit, mis en \u00e9vidence \u00e0 l&rsquo;\u00e9chographie, ne sont, ici, pas visibles.<\/p>\n<p><\/p>","protected":false},"excerpt":{"rendered":"<p>Cet ECG est celui d&rsquo;un cavalier king charles de 9 ans (10 kg). Un souffle cardiaque a \u00e9t\u00e9 d\u00e9tect\u00e9 d\u00e8s l&rsquo;\u00e2ge de 4 ans. L&rsquo;\u00e9chocardiographie montre une valvulopathie mitrale et tricuspide. Un prolapsus atrial du corps des deux feuillets mitraux en systole est visible et le rapport oreillette gauche \/ Aorte = 1,9 (Ag\/Ao = &hellip; <a href=\"http:\/\/vet-ecg.ddns.net\/index.php\/mvd-de-stade-2-ckc\/\" class=\"more-link\">Continuer la lecture de <span class=\"screen-reader-text\">MVD de stade 2  ckc<\/span><\/a><\/p>\n","protected":false},"author":1,"featured_media":0,"parent":0,"menu_order":0,"comment_status":"closed","ping_status":"closed","template":"","meta":{"footnotes":""},"class_list":["post-2359","page","type-page","status-publish","hentry"],"yoast_head":"<!-- This site is optimized with the Yoast SEO plugin v27.4 - https:\/\/yoast.com\/product\/yoast-seo-wordpress\/ -->\n<title>MVD de stade 2 ckc - Blog d&#039;\u00e9lectrocardiographie v\u00e9t\u00e9rinaire<\/title>\n<meta name=\"description\" content=\"Cavalier king charles dont les premiers signes de la maladie ont \u00e9t\u00e9 d\u00e9couverts \u00e0 l&#039;\u00e2ge de 4 ans.Il a 9 ans lors de l&#039;enregistrement de cet ECG.\" \/>\n<meta name=\"robots\" content=\"index, follow, max-snippet:-1, max-image-preview:large, max-video-preview:-1\" \/>\n<link rel=\"canonical\" href=\"http:\/\/vet-ecg.ddns.net\/index.php\/mvd-de-stade-2-ckc\/\" \/>\n<meta name=\"twitter:label1\" content=\"Dur\u00e9e de lecture estim\u00e9e\" \/>\n\t<meta name=\"twitter:data1\" content=\"1 minute\" \/>\n<script type=\"application\/ld+json\" class=\"yoast-schema-graph\">{\"@context\":\"https:\\\/\\\/schema.org\",\"@graph\":[{\"@type\":\"WebPage\",\"@id\":\"http:\\\/\\\/vet-ecg.ddns.net\\\/index.php\\\/mvd-de-stade-2-ckc\\\/\",\"url\":\"http:\\\/\\\/vet-ecg.ddns.net\\\/index.php\\\/mvd-de-stade-2-ckc\\\/\",\"name\":\"MVD de stade 2 ckc - Blog d&#039;\u00e9lectrocardiographie v\u00e9t\u00e9rinaire\",\"isPartOf\":{\"@id\":\"http:\\\/\\\/vet-ecg.ddns.net\\\/#website\"},\"primaryImageOfPage\":{\"@id\":\"http:\\\/\\\/vet-ecg.ddns.net\\\/index.php\\\/mvd-de-stade-2-ckc\\\/#primaryimage\"},\"image\":{\"@id\":\"http:\\\/\\\/vet-ecg.ddns.net\\\/index.php\\\/mvd-de-stade-2-ckc\\\/#primaryimage\"},\"thumbnailUrl\":\"http:\\\/\\\/vet-ecg.ddns.net\\\/wp-content\\\/uploads\\\/MVD-st2-ckc.jpg\",\"datePublished\":\"2019-11-10T10:16:31+00:00\",\"dateModified\":\"2019-12-07T21:45:11+00:00\",\"description\":\"Cavalier king charles dont les premiers signes de la maladie ont \u00e9t\u00e9 d\u00e9couverts \u00e0 l'\u00e2ge de 4 ans.Il a 9 ans lors de l'enregistrement de cet ECG.\",\"breadcrumb\":{\"@id\":\"http:\\\/\\\/vet-ecg.ddns.net\\\/index.php\\\/mvd-de-stade-2-ckc\\\/#breadcrumb\"},\"inLanguage\":\"fr-FR\",\"potentialAction\":[{\"@type\":\"ReadAction\",\"target\":[\"http:\\\/\\\/vet-ecg.ddns.net\\\/index.php\\\/mvd-de-stade-2-ckc\\\/\"]}]},{\"@type\":\"ImageObject\",\"inLanguage\":\"fr-FR\",\"@id\":\"http:\\\/\\\/vet-ecg.ddns.net\\\/index.php\\\/mvd-de-stade-2-ckc\\\/#primaryimage\",\"url\":\"http:\\\/\\\/vet-ecg.ddns.net\\\/wp-content\\\/uploads\\\/MVD-st2-ckc.jpg\",\"contentUrl\":\"http:\\\/\\\/vet-ecg.ddns.net\\\/wp-content\\\/uploads\\\/MVD-st2-ckc.jpg\",\"width\":2000,\"height\":1488,\"caption\":\"ECG de MVD de stade 2\"},{\"@type\":\"BreadcrumbList\",\"@id\":\"http:\\\/\\\/vet-ecg.ddns.net\\\/index.php\\\/mvd-de-stade-2-ckc\\\/#breadcrumb\",\"itemListElement\":[{\"@type\":\"ListItem\",\"position\":1,\"name\":\"Accueil\",\"item\":\"http:\\\/\\\/vet-ecg.ddns.net\\\/\"},{\"@type\":\"ListItem\",\"position\":2,\"name\":\"MVD de stade 2 ckc\"}]},{\"@type\":\"WebSite\",\"@id\":\"http:\\\/\\\/vet-ecg.ddns.net\\\/#website\",\"url\":\"http:\\\/\\\/vet-ecg.ddns.net\\\/\",\"name\":\"Blog d&#039;\u00e9lectrocardiographie v\u00e9t\u00e9rinaire\",\"description\":\"recueil d&#039;ECG de chiens et de chats\",\"publisher\":{\"@id\":\"http:\\\/\\\/vet-ecg.ddns.net\\\/#\\\/schema\\\/person\\\/fec4070a47e235fed904fab73cae00b4\"},\"alternateName\":\"\u00e9lectrocardiographie v\u00e9t\u00e9rinaire\",\"potentialAction\":[{\"@type\":\"SearchAction\",\"target\":{\"@type\":\"EntryPoint\",\"urlTemplate\":\"http:\\\/\\\/vet-ecg.ddns.net\\\/?s={search_term_string}\"},\"query-input\":{\"@type\":\"PropertyValueSpecification\",\"valueRequired\":true,\"valueName\":\"search_term_string\"}}],\"inLanguage\":\"fr-FR\"},{\"@type\":[\"Person\",\"Organization\"],\"@id\":\"http:\\\/\\\/vet-ecg.ddns.net\\\/#\\\/schema\\\/person\\\/fec4070a47e235fed904fab73cae00b4\",\"name\":\"admin\",\"image\":{\"@type\":\"ImageObject\",\"inLanguage\":\"fr-FR\",\"@id\":\"http:\\\/\\\/vet-ecg.ddns.net\\\/wp-content\\\/uploads\\\/2018\\\/04\\\/Zelda-2-ECG-248.jpg\",\"url\":\"http:\\\/\\\/vet-ecg.ddns.net\\\/wp-content\\\/uploads\\\/2018\\\/04\\\/Zelda-2-ECG-248.jpg\",\"contentUrl\":\"http:\\\/\\\/vet-ecg.ddns.net\\\/wp-content\\\/uploads\\\/2018\\\/04\\\/Zelda-2-ECG-248.jpg\",\"width\":248,\"height\":248,\"caption\":\"admin\"},\"logo\":{\"@id\":\"http:\\\/\\\/vet-ecg.ddns.net\\\/wp-content\\\/uploads\\\/2018\\\/04\\\/Zelda-2-ECG-248.jpg\"},\"description\":\"Les trac\u00e9s publi\u00e9s sur ce site sont issus de diff\u00e9rentes cliniques v\u00e9t\u00e9rinaires de Paris et de sa banlieue durant les 10 derni\u00e8res ann\u00e9es. Les ECG r\u00e9alis\u00e9s ont \u00e9t\u00e9 r\u00e9alis\u00e9s sur des chiens et des chats qui ont tous b\u00e9n\u00e9fici\u00e9 d'une \u00e9chocardiographie.\"}]}<\/script>\n<!-- \/ Yoast SEO plugin. -->","yoast_head_json":{"title":"MVD de stade 2 ckc - Blog d&#039;\u00e9lectrocardiographie v\u00e9t\u00e9rinaire","description":"Cavalier king charles dont les premiers signes de la maladie ont \u00e9t\u00e9 d\u00e9couverts \u00e0 l'\u00e2ge de 4 ans.Il a 9 ans lors de l'enregistrement de cet ECG.","robots":{"index":"index","follow":"follow","max-snippet":"max-snippet:-1","max-image-preview":"max-image-preview:large","max-video-preview":"max-video-preview:-1"},"canonical":"http:\/\/vet-ecg.ddns.net\/index.php\/mvd-de-stade-2-ckc\/","twitter_misc":{"Dur\u00e9e de lecture estim\u00e9e":"1 minute"},"schema":{"@context":"https:\/\/schema.org","@graph":[{"@type":"WebPage","@id":"http:\/\/vet-ecg.ddns.net\/index.php\/mvd-de-stade-2-ckc\/","url":"http:\/\/vet-ecg.ddns.net\/index.php\/mvd-de-stade-2-ckc\/","name":"MVD de stade 2 ckc - Blog d&#039;\u00e9lectrocardiographie v\u00e9t\u00e9rinaire","isPartOf":{"@id":"http:\/\/vet-ecg.ddns.net\/#website"},"primaryImageOfPage":{"@id":"http:\/\/vet-ecg.ddns.net\/index.php\/mvd-de-stade-2-ckc\/#primaryimage"},"image":{"@id":"http:\/\/vet-ecg.ddns.net\/index.php\/mvd-de-stade-2-ckc\/#primaryimage"},"thumbnailUrl":"http:\/\/vet-ecg.ddns.net\/wp-content\/uploads\/MVD-st2-ckc.jpg","datePublished":"2019-11-10T10:16:31+00:00","dateModified":"2019-12-07T21:45:11+00:00","description":"Cavalier king charles dont les premiers signes de la maladie ont \u00e9t\u00e9 d\u00e9couverts \u00e0 l'\u00e2ge de 4 ans.Il a 9 ans lors de l'enregistrement de cet ECG.","breadcrumb":{"@id":"http:\/\/vet-ecg.ddns.net\/index.php\/mvd-de-stade-2-ckc\/#breadcrumb"},"inLanguage":"fr-FR","potentialAction":[{"@type":"ReadAction","target":["http:\/\/vet-ecg.ddns.net\/index.php\/mvd-de-stade-2-ckc\/"]}]},{"@type":"ImageObject","inLanguage":"fr-FR","@id":"http:\/\/vet-ecg.ddns.net\/index.php\/mvd-de-stade-2-ckc\/#primaryimage","url":"http:\/\/vet-ecg.ddns.net\/wp-content\/uploads\/MVD-st2-ckc.jpg","contentUrl":"http:\/\/vet-ecg.ddns.net\/wp-content\/uploads\/MVD-st2-ckc.jpg","width":2000,"height":1488,"caption":"ECG de MVD de stade 2"},{"@type":"BreadcrumbList","@id":"http:\/\/vet-ecg.ddns.net\/index.php\/mvd-de-stade-2-ckc\/#breadcrumb","itemListElement":[{"@type":"ListItem","position":1,"name":"Accueil","item":"http:\/\/vet-ecg.ddns.net\/"},{"@type":"ListItem","position":2,"name":"MVD de stade 2 ckc"}]},{"@type":"WebSite","@id":"http:\/\/vet-ecg.ddns.net\/#website","url":"http:\/\/vet-ecg.ddns.net\/","name":"Blog d&#039;\u00e9lectrocardiographie v\u00e9t\u00e9rinaire","description":"recueil d&#039;ECG de chiens et de chats","publisher":{"@id":"http:\/\/vet-ecg.ddns.net\/#\/schema\/person\/fec4070a47e235fed904fab73cae00b4"},"alternateName":"\u00e9lectrocardiographie v\u00e9t\u00e9rinaire","potentialAction":[{"@type":"SearchAction","target":{"@type":"EntryPoint","urlTemplate":"http:\/\/vet-ecg.ddns.net\/?s={search_term_string}"},"query-input":{"@type":"PropertyValueSpecification","valueRequired":true,"valueName":"search_term_string"}}],"inLanguage":"fr-FR"},{"@type":["Person","Organization"],"@id":"http:\/\/vet-ecg.ddns.net\/#\/schema\/person\/fec4070a47e235fed904fab73cae00b4","name":"admin","image":{"@type":"ImageObject","inLanguage":"fr-FR","@id":"http:\/\/vet-ecg.ddns.net\/wp-content\/uploads\/2018\/04\/Zelda-2-ECG-248.jpg","url":"http:\/\/vet-ecg.ddns.net\/wp-content\/uploads\/2018\/04\/Zelda-2-ECG-248.jpg","contentUrl":"http:\/\/vet-ecg.ddns.net\/wp-content\/uploads\/2018\/04\/Zelda-2-ECG-248.jpg","width":248,"height":248,"caption":"admin"},"logo":{"@id":"http:\/\/vet-ecg.ddns.net\/wp-content\/uploads\/2018\/04\/Zelda-2-ECG-248.jpg"},"description":"Les trac\u00e9s publi\u00e9s sur ce site sont issus de diff\u00e9rentes cliniques v\u00e9t\u00e9rinaires de Paris et de sa banlieue durant les 10 derni\u00e8res ann\u00e9es. Les ECG r\u00e9alis\u00e9s ont \u00e9t\u00e9 r\u00e9alis\u00e9s sur des chiens et des chats qui ont tous b\u00e9n\u00e9fici\u00e9 d'une \u00e9chocardiographie."}]}},"_links":{"self":[{"href":"http:\/\/vet-ecg.ddns.net\/index.php\/wp-json\/wp\/v2\/pages\/2359","targetHints":{"allow":["GET"]}}],"collection":[{"href":"http:\/\/vet-ecg.ddns.net\/index.php\/wp-json\/wp\/v2\/pages"}],"about":[{"href":"http:\/\/vet-ecg.ddns.net\/index.php\/wp-json\/wp\/v2\/types\/page"}],"author":[{"embeddable":true,"href":"http:\/\/vet-ecg.ddns.net\/index.php\/wp-json\/wp\/v2\/users\/1"}],"replies":[{"embeddable":true,"href":"http:\/\/vet-ecg.ddns.net\/index.php\/wp-json\/wp\/v2\/comments?post=2359"}],"version-history":[{"count":0,"href":"http:\/\/vet-ecg.ddns.net\/index.php\/wp-json\/wp\/v2\/pages\/2359\/revisions"}],"wp:attachment":[{"href":"http:\/\/vet-ecg.ddns.net\/index.php\/wp-json\/wp\/v2\/media?parent=2359"}],"curies":[{"name":"wp","href":"https:\/\/api.w.org\/{rel}","templated":true}]}}