{"id":2149,"date":"2019-10-21T22:09:20","date_gmt":"2019-10-21T20:09:20","guid":{"rendered":"http:\/\/vet-ecg.ddns.net\/?page_id=2149"},"modified":"2019-10-21T22:26:30","modified_gmt":"2019-10-21T20:26:30","slug":"hyperexcitabilite-ventriculaire","status":"publish","type":"page","link":"http:\/\/vet-ecg.ddns.net\/index.php\/hyperexcitabilite-ventriculaire\/","title":{"rendered":"Hyperexcitabilit\u00e9 ventriculaire"},"content":{"rendered":"<p>On nomme &lsquo;hyperexcitabilit\u00e9 ventriculaire&rsquo; l&rsquo;ensemble des rythmes rapides prenant naissance en dessous de la bifurcation du faisceau de His.<\/p>\n<p>On utilise le terme d&rsquo;ectopies ventriculaires, les extrasystoles septales et ventriculaires.<\/p>\n<p>La dur\u00e9e des QRS est sup\u00e9rieure \u00e0 celle des QRS d&rsquo;origine supraventriculaire. Cette dur\u00e9e de QRS est cependant variable et fonction de l&rsquo;origine pr\u00e9cise de l&rsquo;influx.<\/p>\n<p>Les ectopies septales se traduisent par un QRS de dur\u00e9e interm\u00e9diaire entre un QRS supraventriculaire et un QRS issu d&rsquo;une r\u00e9gion \u00e9loign\u00e9e du n\u0153ud atrioventriculaire.<\/p>\n","protected":false},"excerpt":{"rendered":"<p>On nomme &lsquo;hyperexcitabilit\u00e9 ventriculaire&rsquo; l&rsquo;ensemble des rythmes rapides prenant naissance en dessous de la bifurcation du faisceau de His. On utilise le terme d&rsquo;ectopies ventriculaires, les extrasystoles septales et ventriculaires. La dur\u00e9e des QRS est sup\u00e9rieure \u00e0 celle des QRS d&rsquo;origine supraventriculaire. Cette dur\u00e9e de QRS est cependant variable et fonction de l&rsquo;origine pr\u00e9cise de &hellip; <a href=\"http:\/\/vet-ecg.ddns.net\/index.php\/hyperexcitabilite-ventriculaire\/\" class=\"more-link\">Continuer la lecture de <span class=\"screen-reader-text\">Hyperexcitabilit\u00e9 ventriculaire<\/span><\/a><\/p>\n","protected":false},"author":1,"featured_media":0,"parent":0,"menu_order":0,"comment_status":"closed","ping_status":"closed","template":"","meta":{"footnotes":""},"class_list":["post-2149","page","type-page","status-publish","hentry"],"yoast_head":"<!-- This site is optimized with the Yoast SEO plugin v27.4 - https:\/\/yoast.com\/product\/yoast-seo-wordpress\/ -->\n<title>Hyperexcitabilit\u00e9 ventriculaire - Blog d&#039;\u00e9lectrocardiographie v\u00e9t\u00e9rinaire<\/title>\n<meta name=\"description\" content=\"L&#039;hyperexcitabilit\u00e9 ventriculaire caract\u00e9rise les d\u00e9polarisations pr\u00e9matur\u00e9es, issues d&#039;un ventricule ou du septum interventriculaire\" \/>\n<meta name=\"robots\" content=\"index, follow, max-snippet:-1, max-image-preview:large, max-video-preview:-1\" \/>\n<link rel=\"canonical\" href=\"http:\/\/vet-ecg.ddns.net\/index.php\/hyperexcitabilite-ventriculaire\/\" \/>\n<script type=\"application\/ld+json\" class=\"yoast-schema-graph\">{\"@context\":\"https:\\\/\\\/schema.org\",\"@graph\":[{\"@type\":\"WebPage\",\"@id\":\"http:\\\/\\\/vet-ecg.ddns.net\\\/index.php\\\/hyperexcitabilite-ventriculaire\\\/\",\"url\":\"http:\\\/\\\/vet-ecg.ddns.net\\\/index.php\\\/hyperexcitabilite-ventriculaire\\\/\",\"name\":\"Hyperexcitabilit\u00e9 ventriculaire - Blog d&#039;\u00e9lectrocardiographie v\u00e9t\u00e9rinaire\",\"isPartOf\":{\"@id\":\"http:\\\/\\\/vet-ecg.ddns.net\\\/#website\"},\"datePublished\":\"2019-10-21T20:09:20+00:00\",\"dateModified\":\"2019-10-21T20:26:30+00:00\",\"description\":\"L'hyperexcitabilit\u00e9 ventriculaire caract\u00e9rise les d\u00e9polarisations pr\u00e9matur\u00e9es, issues d'un ventricule ou du septum interventriculaire\",\"breadcrumb\":{\"@id\":\"http:\\\/\\\/vet-ecg.ddns.net\\\/index.php\\\/hyperexcitabilite-ventriculaire\\\/#breadcrumb\"},\"inLanguage\":\"fr-FR\",\"potentialAction\":[{\"@type\":\"ReadAction\",\"target\":[\"http:\\\/\\\/vet-ecg.ddns.net\\\/index.php\\\/hyperexcitabilite-ventriculaire\\\/\"]}]},{\"@type\":\"BreadcrumbList\",\"@id\":\"http:\\\/\\\/vet-ecg.ddns.net\\\/index.php\\\/hyperexcitabilite-ventriculaire\\\/#breadcrumb\",\"itemListElement\":[{\"@type\":\"ListItem\",\"position\":1,\"name\":\"Accueil\",\"item\":\"http:\\\/\\\/vet-ecg.ddns.net\\\/\"},{\"@type\":\"ListItem\",\"position\":2,\"name\":\"Hyperexcitabilit\u00e9 ventriculaire\"}]},{\"@type\":\"WebSite\",\"@id\":\"http:\\\/\\\/vet-ecg.ddns.net\\\/#website\",\"url\":\"http:\\\/\\\/vet-ecg.ddns.net\\\/\",\"name\":\"Blog d&#039;\u00e9lectrocardiographie v\u00e9t\u00e9rinaire\",\"description\":\"recueil d&#039;ECG de chiens et de chats\",\"publisher\":{\"@id\":\"http:\\\/\\\/vet-ecg.ddns.net\\\/#\\\/schema\\\/person\\\/fec4070a47e235fed904fab73cae00b4\"},\"alternateName\":\"\u00e9lectrocardiographie v\u00e9t\u00e9rinaire\",\"potentialAction\":[{\"@type\":\"SearchAction\",\"target\":{\"@type\":\"EntryPoint\",\"urlTemplate\":\"http:\\\/\\\/vet-ecg.ddns.net\\\/?s={search_term_string}\"},\"query-input\":{\"@type\":\"PropertyValueSpecification\",\"valueRequired\":true,\"valueName\":\"search_term_string\"}}],\"inLanguage\":\"fr-FR\"},{\"@type\":[\"Person\",\"Organization\"],\"@id\":\"http:\\\/\\\/vet-ecg.ddns.net\\\/#\\\/schema\\\/person\\\/fec4070a47e235fed904fab73cae00b4\",\"name\":\"admin\",\"image\":{\"@type\":\"ImageObject\",\"inLanguage\":\"fr-FR\",\"@id\":\"http:\\\/\\\/vet-ecg.ddns.net\\\/wp-content\\\/uploads\\\/2018\\\/04\\\/Zelda-2-ECG-248.jpg\",\"url\":\"http:\\\/\\\/vet-ecg.ddns.net\\\/wp-content\\\/uploads\\\/2018\\\/04\\\/Zelda-2-ECG-248.jpg\",\"contentUrl\":\"http:\\\/\\\/vet-ecg.ddns.net\\\/wp-content\\\/uploads\\\/2018\\\/04\\\/Zelda-2-ECG-248.jpg\",\"width\":248,\"height\":248,\"caption\":\"admin\"},\"logo\":{\"@id\":\"http:\\\/\\\/vet-ecg.ddns.net\\\/wp-content\\\/uploads\\\/2018\\\/04\\\/Zelda-2-ECG-248.jpg\"},\"description\":\"Les trac\u00e9s publi\u00e9s sur ce site sont issus de diff\u00e9rentes cliniques v\u00e9t\u00e9rinaires de Paris et de sa banlieue durant les 10 derni\u00e8res ann\u00e9es. Les ECG r\u00e9alis\u00e9s ont \u00e9t\u00e9 r\u00e9alis\u00e9s sur des chiens et des chats qui ont tous b\u00e9n\u00e9fici\u00e9 d'une \u00e9chocardiographie.\"}]}<\/script>\n<!-- \/ Yoast SEO plugin. -->","yoast_head_json":{"title":"Hyperexcitabilit\u00e9 ventriculaire - Blog d&#039;\u00e9lectrocardiographie v\u00e9t\u00e9rinaire","description":"L'hyperexcitabilit\u00e9 ventriculaire caract\u00e9rise les d\u00e9polarisations pr\u00e9matur\u00e9es, issues d'un ventricule ou du septum interventriculaire","robots":{"index":"index","follow":"follow","max-snippet":"max-snippet:-1","max-image-preview":"max-image-preview:large","max-video-preview":"max-video-preview:-1"},"canonical":"http:\/\/vet-ecg.ddns.net\/index.php\/hyperexcitabilite-ventriculaire\/","schema":{"@context":"https:\/\/schema.org","@graph":[{"@type":"WebPage","@id":"http:\/\/vet-ecg.ddns.net\/index.php\/hyperexcitabilite-ventriculaire\/","url":"http:\/\/vet-ecg.ddns.net\/index.php\/hyperexcitabilite-ventriculaire\/","name":"Hyperexcitabilit\u00e9 ventriculaire - Blog d&#039;\u00e9lectrocardiographie v\u00e9t\u00e9rinaire","isPartOf":{"@id":"http:\/\/vet-ecg.ddns.net\/#website"},"datePublished":"2019-10-21T20:09:20+00:00","dateModified":"2019-10-21T20:26:30+00:00","description":"L'hyperexcitabilit\u00e9 ventriculaire caract\u00e9rise les d\u00e9polarisations pr\u00e9matur\u00e9es, issues d'un ventricule ou du septum interventriculaire","breadcrumb":{"@id":"http:\/\/vet-ecg.ddns.net\/index.php\/hyperexcitabilite-ventriculaire\/#breadcrumb"},"inLanguage":"fr-FR","potentialAction":[{"@type":"ReadAction","target":["http:\/\/vet-ecg.ddns.net\/index.php\/hyperexcitabilite-ventriculaire\/"]}]},{"@type":"BreadcrumbList","@id":"http:\/\/vet-ecg.ddns.net\/index.php\/hyperexcitabilite-ventriculaire\/#breadcrumb","itemListElement":[{"@type":"ListItem","position":1,"name":"Accueil","item":"http:\/\/vet-ecg.ddns.net\/"},{"@type":"ListItem","position":2,"name":"Hyperexcitabilit\u00e9 ventriculaire"}]},{"@type":"WebSite","@id":"http:\/\/vet-ecg.ddns.net\/#website","url":"http:\/\/vet-ecg.ddns.net\/","name":"Blog d&#039;\u00e9lectrocardiographie v\u00e9t\u00e9rinaire","description":"recueil d&#039;ECG de chiens et de chats","publisher":{"@id":"http:\/\/vet-ecg.ddns.net\/#\/schema\/person\/fec4070a47e235fed904fab73cae00b4"},"alternateName":"\u00e9lectrocardiographie v\u00e9t\u00e9rinaire","potentialAction":[{"@type":"SearchAction","target":{"@type":"EntryPoint","urlTemplate":"http:\/\/vet-ecg.ddns.net\/?s={search_term_string}"},"query-input":{"@type":"PropertyValueSpecification","valueRequired":true,"valueName":"search_term_string"}}],"inLanguage":"fr-FR"},{"@type":["Person","Organization"],"@id":"http:\/\/vet-ecg.ddns.net\/#\/schema\/person\/fec4070a47e235fed904fab73cae00b4","name":"admin","image":{"@type":"ImageObject","inLanguage":"fr-FR","@id":"http:\/\/vet-ecg.ddns.net\/wp-content\/uploads\/2018\/04\/Zelda-2-ECG-248.jpg","url":"http:\/\/vet-ecg.ddns.net\/wp-content\/uploads\/2018\/04\/Zelda-2-ECG-248.jpg","contentUrl":"http:\/\/vet-ecg.ddns.net\/wp-content\/uploads\/2018\/04\/Zelda-2-ECG-248.jpg","width":248,"height":248,"caption":"admin"},"logo":{"@id":"http:\/\/vet-ecg.ddns.net\/wp-content\/uploads\/2018\/04\/Zelda-2-ECG-248.jpg"},"description":"Les trac\u00e9s publi\u00e9s sur ce site sont issus de diff\u00e9rentes cliniques v\u00e9t\u00e9rinaires de Paris et de sa banlieue durant les 10 derni\u00e8res ann\u00e9es. Les ECG r\u00e9alis\u00e9s ont \u00e9t\u00e9 r\u00e9alis\u00e9s sur des chiens et des chats qui ont tous b\u00e9n\u00e9fici\u00e9 d'une \u00e9chocardiographie."}]}},"_links":{"self":[{"href":"http:\/\/vet-ecg.ddns.net\/index.php\/wp-json\/wp\/v2\/pages\/2149","targetHints":{"allow":["GET"]}}],"collection":[{"href":"http:\/\/vet-ecg.ddns.net\/index.php\/wp-json\/wp\/v2\/pages"}],"about":[{"href":"http:\/\/vet-ecg.ddns.net\/index.php\/wp-json\/wp\/v2\/types\/page"}],"author":[{"embeddable":true,"href":"http:\/\/vet-ecg.ddns.net\/index.php\/wp-json\/wp\/v2\/users\/1"}],"replies":[{"embeddable":true,"href":"http:\/\/vet-ecg.ddns.net\/index.php\/wp-json\/wp\/v2\/comments?post=2149"}],"version-history":[{"count":0,"href":"http:\/\/vet-ecg.ddns.net\/index.php\/wp-json\/wp\/v2\/pages\/2149\/revisions"}],"wp:attachment":[{"href":"http:\/\/vet-ecg.ddns.net\/index.php\/wp-json\/wp\/v2\/media?parent=2149"}],"curies":[{"name":"wp","href":"https:\/\/api.w.org\/{rel}","templated":true}]}}