{"id":2131,"date":"2019-10-18T13:30:24","date_gmt":"2019-10-18T11:30:24","guid":{"rendered":"http:\/\/vet-ecg.ddns.net\/?page_id=2131"},"modified":"2019-12-08T17:21:00","modified_gmt":"2019-12-08T16:21:00","slug":"tachycardie-orthodromique","status":"publish","type":"page","link":"http:\/\/vet-ecg.ddns.net\/index.php\/tachycardie-orthodromique\/","title":{"rendered":"Tachycardie jonctionnelle orthodromique"},"content":{"rendered":"<p>Ci dessous, l&rsquo; ECG de base d&rsquo;un&nbsp; yorkshire dont l&rsquo;\u00e9chocardiographie ne r\u00e9v\u00e8le rien de particulier.<\/p>\n\n\n<figure class=\"wp-block-image\"><img loading=\"lazy\" decoding=\"async\" width=\"2402\" height=\"548\" src=\"http:\/\/vet-ecg.ddns.net\/wp-content\/uploads\/preexcitation-rythme-de-base.jpg\" alt=\"PR court et rythme en accord\u00e9on\" class=\"wp-image-2133\"\/><figcaption>Intervalle PR court et rythme en accord\u00e9on en dehors des crises<\/figcaption><\/figure>\n\n\n<p>Le propri\u00e9taire de l&rsquo;animal vient pour syncopes r\u00e9p\u00e9t\u00e9es.<\/p>\n<p>Pendant une consultation, le chien fait une crise de tachycardie qui est enregistr\u00e9e:<\/p>\n\n\n<figure class=\"wp-block-image\"><img loading=\"lazy\" decoding=\"async\" width=\"909\" height=\"508\" src=\"http:\/\/vet-ecg.ddns.net\/wp-content\/uploads\/wpw-2-3.jpg\" alt=\"Tachycardie jonctionnelle orthodromique\" class=\"wp-image-2134\"\/><figcaption>Tachycardie jonctionnelle orthodromique<\/figcaption><\/figure>\n\n\n<p>Ici, la fr\u00e9quence cardiaque d\u00e9passe 400 bpm et il existe un profond sous-d\u00e9calage du segment ST.<\/p>\n<p>La tol\u00e9rance h\u00e9modynamique est, bien \u00e9videmment, mauvaise. Le chien est en d\u00e9cubitus lat\u00e9ral et en polypn\u00e9e.<\/p>\n<p>Les QRS sont fins car l&rsquo;influx sinusal descend par les voies nodo-hissiennes et remonte par le faisceau accessoire.<\/p>\n<p>Il s&rsquo;agit d&rsquo;une tachycardie jonctionnelle orthodromique enregistr\u00e9e au cours\u00a0 d&rsquo;un syndrome de Wolff-Parkinson-White.<\/p>","protected":false},"excerpt":{"rendered":"<p>Ci dessous, l&rsquo; ECG de base d&rsquo;un&nbsp; yorkshire dont l&rsquo;\u00e9chocardiographie ne r\u00e9v\u00e8le rien de particulier. Le propri\u00e9taire de l&rsquo;animal vient pour syncopes r\u00e9p\u00e9t\u00e9es. Pendant une consultation, le chien fait une crise de tachycardie qui est enregistr\u00e9e: Ici, la fr\u00e9quence cardiaque d\u00e9passe 400 bpm et il existe un profond sous-d\u00e9calage du segment ST. La tol\u00e9rance h\u00e9modynamique &hellip; <a href=\"http:\/\/vet-ecg.ddns.net\/index.php\/tachycardie-orthodromique\/\" class=\"more-link\">Continuer la lecture de <span class=\"screen-reader-text\">Tachycardie jonctionnelle orthodromique<\/span><\/a><\/p>\n","protected":false},"author":1,"featured_media":0,"parent":0,"menu_order":0,"comment_status":"closed","ping_status":"closed","template":"","meta":{"footnotes":""},"class_list":["post-2131","page","type-page","status-publish","hentry"],"yoast_head":"<!-- This site is optimized with the Yoast SEO plugin v27.4 - https:\/\/yoast.com\/product\/yoast-seo-wordpress\/ -->\n<title>Tachycardie jonctionnelle orthodromique - Blog d&#039;\u00e9lectrocardiographie v\u00e9t\u00e9rinaire<\/title>\n<meta name=\"description\" content=\"Tachycardie jonctionnelle orthodromique. L&#039; ECG de base montre un PR court, une onde delta et un rythme en accord\u00e9on. Syndrome de Wolff-Parkinson-White.\" \/>\n<meta name=\"robots\" content=\"index, follow, max-snippet:-1, max-image-preview:large, max-video-preview:-1\" \/>\n<link rel=\"canonical\" href=\"http:\/\/vet-ecg.ddns.net\/index.php\/tachycardie-orthodromique\/\" \/>\n<meta name=\"twitter:label1\" content=\"Dur\u00e9e de lecture estim\u00e9e\" \/>\n\t<meta name=\"twitter:data1\" content=\"1 minute\" \/>\n<script type=\"application\/ld+json\" class=\"yoast-schema-graph\">{\"@context\":\"https:\\\/\\\/schema.org\",\"@graph\":[{\"@type\":\"WebPage\",\"@id\":\"http:\\\/\\\/vet-ecg.ddns.net\\\/index.php\\\/tachycardie-orthodromique\\\/\",\"url\":\"http:\\\/\\\/vet-ecg.ddns.net\\\/index.php\\\/tachycardie-orthodromique\\\/\",\"name\":\"Tachycardie jonctionnelle orthodromique - Blog d&#039;\u00e9lectrocardiographie v\u00e9t\u00e9rinaire\",\"isPartOf\":{\"@id\":\"http:\\\/\\\/vet-ecg.ddns.net\\\/#website\"},\"primaryImageOfPage\":{\"@id\":\"http:\\\/\\\/vet-ecg.ddns.net\\\/index.php\\\/tachycardie-orthodromique\\\/#primaryimage\"},\"image\":{\"@id\":\"http:\\\/\\\/vet-ecg.ddns.net\\\/index.php\\\/tachycardie-orthodromique\\\/#primaryimage\"},\"thumbnailUrl\":\"http:\\\/\\\/vet-ecg.ddns.net\\\/wp-content\\\/uploads\\\/preexcitation-rythme-de-base.jpg\",\"datePublished\":\"2019-10-18T11:30:24+00:00\",\"dateModified\":\"2019-12-08T16:21:00+00:00\",\"description\":\"Tachycardie jonctionnelle orthodromique. L' ECG de base montre un PR court, une onde delta et un rythme en accord\u00e9on. Syndrome de Wolff-Parkinson-White.\",\"breadcrumb\":{\"@id\":\"http:\\\/\\\/vet-ecg.ddns.net\\\/index.php\\\/tachycardie-orthodromique\\\/#breadcrumb\"},\"inLanguage\":\"fr-FR\",\"potentialAction\":[{\"@type\":\"ReadAction\",\"target\":[\"http:\\\/\\\/vet-ecg.ddns.net\\\/index.php\\\/tachycardie-orthodromique\\\/\"]}]},{\"@type\":\"ImageObject\",\"inLanguage\":\"fr-FR\",\"@id\":\"http:\\\/\\\/vet-ecg.ddns.net\\\/index.php\\\/tachycardie-orthodromique\\\/#primaryimage\",\"url\":\"http:\\\/\\\/vet-ecg.ddns.net\\\/wp-content\\\/uploads\\\/preexcitation-rythme-de-base.jpg\",\"contentUrl\":\"http:\\\/\\\/vet-ecg.ddns.net\\\/wp-content\\\/uploads\\\/preexcitation-rythme-de-base.jpg\",\"width\":2402,\"height\":548,\"caption\":\"Intervalle PR court et rythme en accord\u00e9on\"},{\"@type\":\"BreadcrumbList\",\"@id\":\"http:\\\/\\\/vet-ecg.ddns.net\\\/index.php\\\/tachycardie-orthodromique\\\/#breadcrumb\",\"itemListElement\":[{\"@type\":\"ListItem\",\"position\":1,\"name\":\"Accueil\",\"item\":\"http:\\\/\\\/vet-ecg.ddns.net\\\/\"},{\"@type\":\"ListItem\",\"position\":2,\"name\":\"Tachycardie jonctionnelle orthodromique\"}]},{\"@type\":\"WebSite\",\"@id\":\"http:\\\/\\\/vet-ecg.ddns.net\\\/#website\",\"url\":\"http:\\\/\\\/vet-ecg.ddns.net\\\/\",\"name\":\"Blog d&#039;\u00e9lectrocardiographie v\u00e9t\u00e9rinaire\",\"description\":\"recueil d&#039;ECG de chiens et de chats\",\"publisher\":{\"@id\":\"http:\\\/\\\/vet-ecg.ddns.net\\\/#\\\/schema\\\/person\\\/fec4070a47e235fed904fab73cae00b4\"},\"alternateName\":\"\u00e9lectrocardiographie v\u00e9t\u00e9rinaire\",\"potentialAction\":[{\"@type\":\"SearchAction\",\"target\":{\"@type\":\"EntryPoint\",\"urlTemplate\":\"http:\\\/\\\/vet-ecg.ddns.net\\\/?s={search_term_string}\"},\"query-input\":{\"@type\":\"PropertyValueSpecification\",\"valueRequired\":true,\"valueName\":\"search_term_string\"}}],\"inLanguage\":\"fr-FR\"},{\"@type\":[\"Person\",\"Organization\"],\"@id\":\"http:\\\/\\\/vet-ecg.ddns.net\\\/#\\\/schema\\\/person\\\/fec4070a47e235fed904fab73cae00b4\",\"name\":\"admin\",\"image\":{\"@type\":\"ImageObject\",\"inLanguage\":\"fr-FR\",\"@id\":\"http:\\\/\\\/vet-ecg.ddns.net\\\/wp-content\\\/uploads\\\/2018\\\/04\\\/Zelda-2-ECG-248.jpg\",\"url\":\"http:\\\/\\\/vet-ecg.ddns.net\\\/wp-content\\\/uploads\\\/2018\\\/04\\\/Zelda-2-ECG-248.jpg\",\"contentUrl\":\"http:\\\/\\\/vet-ecg.ddns.net\\\/wp-content\\\/uploads\\\/2018\\\/04\\\/Zelda-2-ECG-248.jpg\",\"width\":248,\"height\":248,\"caption\":\"admin\"},\"logo\":{\"@id\":\"http:\\\/\\\/vet-ecg.ddns.net\\\/wp-content\\\/uploads\\\/2018\\\/04\\\/Zelda-2-ECG-248.jpg\"},\"description\":\"Les trac\u00e9s publi\u00e9s sur ce site sont issus de diff\u00e9rentes cliniques v\u00e9t\u00e9rinaires de Paris et de sa banlieue durant les 10 derni\u00e8res ann\u00e9es. Les ECG r\u00e9alis\u00e9s ont \u00e9t\u00e9 r\u00e9alis\u00e9s sur des chiens et des chats qui ont tous b\u00e9n\u00e9fici\u00e9 d'une \u00e9chocardiographie.\"}]}<\/script>\n<!-- \/ Yoast SEO plugin. -->","yoast_head_json":{"title":"Tachycardie jonctionnelle orthodromique - Blog d&#039;\u00e9lectrocardiographie v\u00e9t\u00e9rinaire","description":"Tachycardie jonctionnelle orthodromique. L' ECG de base montre un PR court, une onde delta et un rythme en accord\u00e9on. Syndrome de Wolff-Parkinson-White.","robots":{"index":"index","follow":"follow","max-snippet":"max-snippet:-1","max-image-preview":"max-image-preview:large","max-video-preview":"max-video-preview:-1"},"canonical":"http:\/\/vet-ecg.ddns.net\/index.php\/tachycardie-orthodromique\/","twitter_misc":{"Dur\u00e9e de lecture estim\u00e9e":"1 minute"},"schema":{"@context":"https:\/\/schema.org","@graph":[{"@type":"WebPage","@id":"http:\/\/vet-ecg.ddns.net\/index.php\/tachycardie-orthodromique\/","url":"http:\/\/vet-ecg.ddns.net\/index.php\/tachycardie-orthodromique\/","name":"Tachycardie jonctionnelle orthodromique - Blog d&#039;\u00e9lectrocardiographie v\u00e9t\u00e9rinaire","isPartOf":{"@id":"http:\/\/vet-ecg.ddns.net\/#website"},"primaryImageOfPage":{"@id":"http:\/\/vet-ecg.ddns.net\/index.php\/tachycardie-orthodromique\/#primaryimage"},"image":{"@id":"http:\/\/vet-ecg.ddns.net\/index.php\/tachycardie-orthodromique\/#primaryimage"},"thumbnailUrl":"http:\/\/vet-ecg.ddns.net\/wp-content\/uploads\/preexcitation-rythme-de-base.jpg","datePublished":"2019-10-18T11:30:24+00:00","dateModified":"2019-12-08T16:21:00+00:00","description":"Tachycardie jonctionnelle orthodromique. L' ECG de base montre un PR court, une onde delta et un rythme en accord\u00e9on. Syndrome de Wolff-Parkinson-White.","breadcrumb":{"@id":"http:\/\/vet-ecg.ddns.net\/index.php\/tachycardie-orthodromique\/#breadcrumb"},"inLanguage":"fr-FR","potentialAction":[{"@type":"ReadAction","target":["http:\/\/vet-ecg.ddns.net\/index.php\/tachycardie-orthodromique\/"]}]},{"@type":"ImageObject","inLanguage":"fr-FR","@id":"http:\/\/vet-ecg.ddns.net\/index.php\/tachycardie-orthodromique\/#primaryimage","url":"http:\/\/vet-ecg.ddns.net\/wp-content\/uploads\/preexcitation-rythme-de-base.jpg","contentUrl":"http:\/\/vet-ecg.ddns.net\/wp-content\/uploads\/preexcitation-rythme-de-base.jpg","width":2402,"height":548,"caption":"Intervalle PR court et rythme en accord\u00e9on"},{"@type":"BreadcrumbList","@id":"http:\/\/vet-ecg.ddns.net\/index.php\/tachycardie-orthodromique\/#breadcrumb","itemListElement":[{"@type":"ListItem","position":1,"name":"Accueil","item":"http:\/\/vet-ecg.ddns.net\/"},{"@type":"ListItem","position":2,"name":"Tachycardie jonctionnelle orthodromique"}]},{"@type":"WebSite","@id":"http:\/\/vet-ecg.ddns.net\/#website","url":"http:\/\/vet-ecg.ddns.net\/","name":"Blog d&#039;\u00e9lectrocardiographie v\u00e9t\u00e9rinaire","description":"recueil d&#039;ECG de chiens et de chats","publisher":{"@id":"http:\/\/vet-ecg.ddns.net\/#\/schema\/person\/fec4070a47e235fed904fab73cae00b4"},"alternateName":"\u00e9lectrocardiographie v\u00e9t\u00e9rinaire","potentialAction":[{"@type":"SearchAction","target":{"@type":"EntryPoint","urlTemplate":"http:\/\/vet-ecg.ddns.net\/?s={search_term_string}"},"query-input":{"@type":"PropertyValueSpecification","valueRequired":true,"valueName":"search_term_string"}}],"inLanguage":"fr-FR"},{"@type":["Person","Organization"],"@id":"http:\/\/vet-ecg.ddns.net\/#\/schema\/person\/fec4070a47e235fed904fab73cae00b4","name":"admin","image":{"@type":"ImageObject","inLanguage":"fr-FR","@id":"http:\/\/vet-ecg.ddns.net\/wp-content\/uploads\/2018\/04\/Zelda-2-ECG-248.jpg","url":"http:\/\/vet-ecg.ddns.net\/wp-content\/uploads\/2018\/04\/Zelda-2-ECG-248.jpg","contentUrl":"http:\/\/vet-ecg.ddns.net\/wp-content\/uploads\/2018\/04\/Zelda-2-ECG-248.jpg","width":248,"height":248,"caption":"admin"},"logo":{"@id":"http:\/\/vet-ecg.ddns.net\/wp-content\/uploads\/2018\/04\/Zelda-2-ECG-248.jpg"},"description":"Les trac\u00e9s publi\u00e9s sur ce site sont issus de diff\u00e9rentes cliniques v\u00e9t\u00e9rinaires de Paris et de sa banlieue durant les 10 derni\u00e8res ann\u00e9es. Les ECG r\u00e9alis\u00e9s ont \u00e9t\u00e9 r\u00e9alis\u00e9s sur des chiens et des chats qui ont tous b\u00e9n\u00e9fici\u00e9 d'une \u00e9chocardiographie."}]}},"_links":{"self":[{"href":"http:\/\/vet-ecg.ddns.net\/index.php\/wp-json\/wp\/v2\/pages\/2131","targetHints":{"allow":["GET"]}}],"collection":[{"href":"http:\/\/vet-ecg.ddns.net\/index.php\/wp-json\/wp\/v2\/pages"}],"about":[{"href":"http:\/\/vet-ecg.ddns.net\/index.php\/wp-json\/wp\/v2\/types\/page"}],"author":[{"embeddable":true,"href":"http:\/\/vet-ecg.ddns.net\/index.php\/wp-json\/wp\/v2\/users\/1"}],"replies":[{"embeddable":true,"href":"http:\/\/vet-ecg.ddns.net\/index.php\/wp-json\/wp\/v2\/comments?post=2131"}],"version-history":[{"count":0,"href":"http:\/\/vet-ecg.ddns.net\/index.php\/wp-json\/wp\/v2\/pages\/2131\/revisions"}],"wp:attachment":[{"href":"http:\/\/vet-ecg.ddns.net\/index.php\/wp-json\/wp\/v2\/media?parent=2131"}],"curies":[{"name":"wp","href":"https:\/\/api.w.org\/{rel}","templated":true}]}}