{"id":2078,"date":"2019-10-15T19:21:56","date_gmt":"2019-10-15T17:21:56","guid":{"rendered":"http:\/\/vet-ecg.ddns.net\/?page_id=2078"},"modified":"2019-10-16T09:45:45","modified_gmt":"2019-10-16T07:45:45","slug":"troubles-de-lexcitabilite","status":"publish","type":"page","link":"http:\/\/vet-ecg.ddns.net\/index.php\/troubles-de-lexcitabilite\/","title":{"rendered":"Troubles de l&rsquo;excitabilit\u00e9"},"content":{"rendered":"<p>Les troubles de l&rsquo;excitabilit\u00e9 se caract\u00e9risent par le cheminement d&rsquo;un front de d\u00e9polarisation issu d&rsquo;une r\u00e9gion quelconque du myocarde, autre que le n\u0153ud sinusal.<\/p>\n<p>Ce front de d\u00e9polarisation aboutit \u00e0 une contraction.<\/p>\n<p>A ce titre, la tachycardie sinusale ne peut \u00eatre consid\u00e9r\u00e9e comme un trouble du rythme puisque ce n&rsquo;est pas un rythme ectopique.<\/p>\n<p>Par d\u00e9finition, ces foyers ectopiques se situent en dehors du n\u0153ud sinusal. Ils sont constitu\u00e9s d&rsquo; un groupe de cellules myocardiques qui se comportent comme un pacemaker.<\/p>\n<p>Ces cellules sont donc en mesure de g\u00e9n\u00e9rer un potentiel d&rsquo;action capable d&rsquo;aboutir \u00e0 une contraction.<\/p>\n<p>Ces contractions issues d&rsquo;un foyer ectopique viennent se surajouter aux contractions issues du n\u0153ud sinusal, ce sont des extrasystoles.<\/p>\n<p>On rencontre parfois sur un m\u00eame trac\u00e9, plusieurs foyers ectopiques qui g\u00e9n\u00e8rent des extrasystoles de morphologies diff\u00e9rentes.<\/p>\n<p>Dans certaines circonstances, le rythme sinusal disparait. Le foyer ectopique devient alors le rythme dominant. C&rsquo;est le cas lors de tachycardies ou de fibrillations.<\/p>\n<p>Les troubles de l&rsquo;excitabilit\u00e9 peuvent prendre naissance \u00e0 trois \u00e9tages diff\u00e9rents:<\/p>\n<p style=\"padding-left: 40px;\"><strong>Atrial:<\/strong> Ces troubles sont tr\u00e8s fr\u00e9quents chez le chien et le chat en raison de la fragilit\u00e9 du tissu auriculaire. Ils sont \u00e0 l&rsquo;origine des extrasystoles atriales, tachycardies atriales, flutter atrial et fibrillations atriales.<\/p>\n<p style=\"padding-left: 40px;\"><strong>Jonctionnel:<\/strong> dans ce cas les extrasystoles ou tachycardies prennent naissance dans la r\u00e9gion du n\u0153ud atrioventriculaire.<\/p>\n<p style=\"padding-left: 40px;\"><strong>Ventriculaire et septal:<\/strong> Ici, le foyer ectopique se situe dans le septum interventriculaire ou les ventricules. Il d\u00e9clenche des extrasystoles\u00a0 septales ou ventriculaires.<\/p>\n<p>En pratique, il convient seulement de distinguer les troubles de l&rsquo;excitabilit\u00e9 supraventriculaire (atriale ou jonctionnelle), des troubles de l&rsquo;excitabilit\u00e9 ventriculaire.<\/p>\n<p>La lecture des ECG nous am\u00e8ne \u00e0 constater qu&rsquo;il est parfois d\u00e9licat de diff\u00e9rencier un rythme atrial d&rsquo;un rythme jonctionnel.<\/p>\n<p>Au final, cela n&rsquo;a pas d&rsquo;importance puisque la prise en charge de ces troubles sera identique.<\/p>\n\n\n<p><\/p>\n","protected":false},"excerpt":{"rendered":"<p>Les troubles de l&rsquo;excitabilit\u00e9 se caract\u00e9risent par le cheminement d&rsquo;un front de d\u00e9polarisation issu d&rsquo;une r\u00e9gion quelconque du myocarde, autre que le n\u0153ud sinusal. Ce front de d\u00e9polarisation aboutit \u00e0 une contraction. A ce titre, la tachycardie sinusale ne peut \u00eatre consid\u00e9r\u00e9e comme un trouble du rythme puisque ce n&rsquo;est pas un rythme ectopique. Par &hellip; <a href=\"http:\/\/vet-ecg.ddns.net\/index.php\/troubles-de-lexcitabilite\/\" class=\"more-link\">Continuer la lecture de <span class=\"screen-reader-text\">Troubles de l&rsquo;excitabilit\u00e9<\/span><\/a><\/p>\n","protected":false},"author":1,"featured_media":0,"parent":0,"menu_order":0,"comment_status":"closed","ping_status":"closed","template":"","meta":{"footnotes":""},"class_list":["post-2078","page","type-page","status-publish","hentry"],"yoast_head":"<!-- This site is optimized with the Yoast SEO plugin v27.4 - https:\/\/yoast.com\/product\/yoast-seo-wordpress\/ -->\n<title>Troubles de l&#039;excitabilit\u00e9 - Blog d&#039;\u00e9lectrocardiographie v\u00e9t\u00e9rinaire<\/title>\n<meta name=\"description\" content=\"Troubles de l&#039;excitabilit\u00e9, atriale, jonctionnelle et ventriculaire. D\u00e9finition et expression: extrasystoles, tachycardies, fibrillation atriale\" \/>\n<meta name=\"robots\" content=\"index, follow, max-snippet:-1, max-image-preview:large, max-video-preview:-1\" \/>\n<link rel=\"canonical\" href=\"http:\/\/vet-ecg.ddns.net\/index.php\/troubles-de-lexcitabilite\/\" \/>\n<meta name=\"twitter:label1\" content=\"Dur\u00e9e de lecture estim\u00e9e\" \/>\n\t<meta name=\"twitter:data1\" content=\"2 minutes\" \/>\n<script type=\"application\/ld+json\" class=\"yoast-schema-graph\">{\"@context\":\"https:\\\/\\\/schema.org\",\"@graph\":[{\"@type\":\"WebPage\",\"@id\":\"http:\\\/\\\/vet-ecg.ddns.net\\\/index.php\\\/troubles-de-lexcitabilite\\\/\",\"url\":\"http:\\\/\\\/vet-ecg.ddns.net\\\/index.php\\\/troubles-de-lexcitabilite\\\/\",\"name\":\"Troubles de l'excitabilit\u00e9 - Blog d&#039;\u00e9lectrocardiographie v\u00e9t\u00e9rinaire\",\"isPartOf\":{\"@id\":\"http:\\\/\\\/vet-ecg.ddns.net\\\/#website\"},\"datePublished\":\"2019-10-15T17:21:56+00:00\",\"dateModified\":\"2019-10-16T07:45:45+00:00\",\"description\":\"Troubles de l'excitabilit\u00e9, atriale, jonctionnelle et ventriculaire. D\u00e9finition et expression: extrasystoles, tachycardies, fibrillation atriale\",\"breadcrumb\":{\"@id\":\"http:\\\/\\\/vet-ecg.ddns.net\\\/index.php\\\/troubles-de-lexcitabilite\\\/#breadcrumb\"},\"inLanguage\":\"fr-FR\",\"potentialAction\":[{\"@type\":\"ReadAction\",\"target\":[\"http:\\\/\\\/vet-ecg.ddns.net\\\/index.php\\\/troubles-de-lexcitabilite\\\/\"]}]},{\"@type\":\"BreadcrumbList\",\"@id\":\"http:\\\/\\\/vet-ecg.ddns.net\\\/index.php\\\/troubles-de-lexcitabilite\\\/#breadcrumb\",\"itemListElement\":[{\"@type\":\"ListItem\",\"position\":1,\"name\":\"Accueil\",\"item\":\"http:\\\/\\\/vet-ecg.ddns.net\\\/\"},{\"@type\":\"ListItem\",\"position\":2,\"name\":\"Troubles de l&rsquo;excitabilit\u00e9\"}]},{\"@type\":\"WebSite\",\"@id\":\"http:\\\/\\\/vet-ecg.ddns.net\\\/#website\",\"url\":\"http:\\\/\\\/vet-ecg.ddns.net\\\/\",\"name\":\"Blog d&#039;\u00e9lectrocardiographie v\u00e9t\u00e9rinaire\",\"description\":\"recueil d&#039;ECG de chiens et de chats\",\"publisher\":{\"@id\":\"http:\\\/\\\/vet-ecg.ddns.net\\\/#\\\/schema\\\/person\\\/fec4070a47e235fed904fab73cae00b4\"},\"alternateName\":\"\u00e9lectrocardiographie v\u00e9t\u00e9rinaire\",\"potentialAction\":[{\"@type\":\"SearchAction\",\"target\":{\"@type\":\"EntryPoint\",\"urlTemplate\":\"http:\\\/\\\/vet-ecg.ddns.net\\\/?s={search_term_string}\"},\"query-input\":{\"@type\":\"PropertyValueSpecification\",\"valueRequired\":true,\"valueName\":\"search_term_string\"}}],\"inLanguage\":\"fr-FR\"},{\"@type\":[\"Person\",\"Organization\"],\"@id\":\"http:\\\/\\\/vet-ecg.ddns.net\\\/#\\\/schema\\\/person\\\/fec4070a47e235fed904fab73cae00b4\",\"name\":\"admin\",\"image\":{\"@type\":\"ImageObject\",\"inLanguage\":\"fr-FR\",\"@id\":\"http:\\\/\\\/vet-ecg.ddns.net\\\/wp-content\\\/uploads\\\/2018\\\/04\\\/Zelda-2-ECG-248.jpg\",\"url\":\"http:\\\/\\\/vet-ecg.ddns.net\\\/wp-content\\\/uploads\\\/2018\\\/04\\\/Zelda-2-ECG-248.jpg\",\"contentUrl\":\"http:\\\/\\\/vet-ecg.ddns.net\\\/wp-content\\\/uploads\\\/2018\\\/04\\\/Zelda-2-ECG-248.jpg\",\"width\":248,\"height\":248,\"caption\":\"admin\"},\"logo\":{\"@id\":\"http:\\\/\\\/vet-ecg.ddns.net\\\/wp-content\\\/uploads\\\/2018\\\/04\\\/Zelda-2-ECG-248.jpg\"},\"description\":\"Les trac\u00e9s publi\u00e9s sur ce site sont issus de diff\u00e9rentes cliniques v\u00e9t\u00e9rinaires de Paris et de sa banlieue durant les 10 derni\u00e8res ann\u00e9es. Les ECG r\u00e9alis\u00e9s ont \u00e9t\u00e9 r\u00e9alis\u00e9s sur des chiens et des chats qui ont tous b\u00e9n\u00e9fici\u00e9 d'une \u00e9chocardiographie.\"}]}<\/script>\n<!-- \/ Yoast SEO plugin. -->","yoast_head_json":{"title":"Troubles de l'excitabilit\u00e9 - Blog d&#039;\u00e9lectrocardiographie v\u00e9t\u00e9rinaire","description":"Troubles de l'excitabilit\u00e9, atriale, jonctionnelle et ventriculaire. D\u00e9finition et expression: extrasystoles, tachycardies, fibrillation atriale","robots":{"index":"index","follow":"follow","max-snippet":"max-snippet:-1","max-image-preview":"max-image-preview:large","max-video-preview":"max-video-preview:-1"},"canonical":"http:\/\/vet-ecg.ddns.net\/index.php\/troubles-de-lexcitabilite\/","twitter_misc":{"Dur\u00e9e de lecture estim\u00e9e":"2 minutes"},"schema":{"@context":"https:\/\/schema.org","@graph":[{"@type":"WebPage","@id":"http:\/\/vet-ecg.ddns.net\/index.php\/troubles-de-lexcitabilite\/","url":"http:\/\/vet-ecg.ddns.net\/index.php\/troubles-de-lexcitabilite\/","name":"Troubles de l'excitabilit\u00e9 - Blog d&#039;\u00e9lectrocardiographie v\u00e9t\u00e9rinaire","isPartOf":{"@id":"http:\/\/vet-ecg.ddns.net\/#website"},"datePublished":"2019-10-15T17:21:56+00:00","dateModified":"2019-10-16T07:45:45+00:00","description":"Troubles de l'excitabilit\u00e9, atriale, jonctionnelle et ventriculaire. D\u00e9finition et expression: extrasystoles, tachycardies, fibrillation atriale","breadcrumb":{"@id":"http:\/\/vet-ecg.ddns.net\/index.php\/troubles-de-lexcitabilite\/#breadcrumb"},"inLanguage":"fr-FR","potentialAction":[{"@type":"ReadAction","target":["http:\/\/vet-ecg.ddns.net\/index.php\/troubles-de-lexcitabilite\/"]}]},{"@type":"BreadcrumbList","@id":"http:\/\/vet-ecg.ddns.net\/index.php\/troubles-de-lexcitabilite\/#breadcrumb","itemListElement":[{"@type":"ListItem","position":1,"name":"Accueil","item":"http:\/\/vet-ecg.ddns.net\/"},{"@type":"ListItem","position":2,"name":"Troubles de l&rsquo;excitabilit\u00e9"}]},{"@type":"WebSite","@id":"http:\/\/vet-ecg.ddns.net\/#website","url":"http:\/\/vet-ecg.ddns.net\/","name":"Blog d&#039;\u00e9lectrocardiographie v\u00e9t\u00e9rinaire","description":"recueil d&#039;ECG de chiens et de chats","publisher":{"@id":"http:\/\/vet-ecg.ddns.net\/#\/schema\/person\/fec4070a47e235fed904fab73cae00b4"},"alternateName":"\u00e9lectrocardiographie v\u00e9t\u00e9rinaire","potentialAction":[{"@type":"SearchAction","target":{"@type":"EntryPoint","urlTemplate":"http:\/\/vet-ecg.ddns.net\/?s={search_term_string}"},"query-input":{"@type":"PropertyValueSpecification","valueRequired":true,"valueName":"search_term_string"}}],"inLanguage":"fr-FR"},{"@type":["Person","Organization"],"@id":"http:\/\/vet-ecg.ddns.net\/#\/schema\/person\/fec4070a47e235fed904fab73cae00b4","name":"admin","image":{"@type":"ImageObject","inLanguage":"fr-FR","@id":"http:\/\/vet-ecg.ddns.net\/wp-content\/uploads\/2018\/04\/Zelda-2-ECG-248.jpg","url":"http:\/\/vet-ecg.ddns.net\/wp-content\/uploads\/2018\/04\/Zelda-2-ECG-248.jpg","contentUrl":"http:\/\/vet-ecg.ddns.net\/wp-content\/uploads\/2018\/04\/Zelda-2-ECG-248.jpg","width":248,"height":248,"caption":"admin"},"logo":{"@id":"http:\/\/vet-ecg.ddns.net\/wp-content\/uploads\/2018\/04\/Zelda-2-ECG-248.jpg"},"description":"Les trac\u00e9s publi\u00e9s sur ce site sont issus de diff\u00e9rentes cliniques v\u00e9t\u00e9rinaires de Paris et de sa banlieue durant les 10 derni\u00e8res ann\u00e9es. Les ECG r\u00e9alis\u00e9s ont \u00e9t\u00e9 r\u00e9alis\u00e9s sur des chiens et des chats qui ont tous b\u00e9n\u00e9fici\u00e9 d'une \u00e9chocardiographie."}]}},"_links":{"self":[{"href":"http:\/\/vet-ecg.ddns.net\/index.php\/wp-json\/wp\/v2\/pages\/2078","targetHints":{"allow":["GET"]}}],"collection":[{"href":"http:\/\/vet-ecg.ddns.net\/index.php\/wp-json\/wp\/v2\/pages"}],"about":[{"href":"http:\/\/vet-ecg.ddns.net\/index.php\/wp-json\/wp\/v2\/types\/page"}],"author":[{"embeddable":true,"href":"http:\/\/vet-ecg.ddns.net\/index.php\/wp-json\/wp\/v2\/users\/1"}],"replies":[{"embeddable":true,"href":"http:\/\/vet-ecg.ddns.net\/index.php\/wp-json\/wp\/v2\/comments?post=2078"}],"version-history":[{"count":0,"href":"http:\/\/vet-ecg.ddns.net\/index.php\/wp-json\/wp\/v2\/pages\/2078\/revisions"}],"wp:attachment":[{"href":"http:\/\/vet-ecg.ddns.net\/index.php\/wp-json\/wp\/v2\/media?parent=2078"}],"curies":[{"name":"wp","href":"https:\/\/api.w.org\/{rel}","templated":true}]}}