{"id":1931,"date":"2019-07-22T23:19:29","date_gmt":"2019-07-22T21:19:29","guid":{"rendered":"http:\/\/vet-ecg.ddns.net\/?page_id=1931"},"modified":"2019-11-28T22:42:46","modified_gmt":"2019-11-28T21:42:46","slug":"syndrome-de-wolff-parkinson-white","status":"publish","type":"page","link":"http:\/\/vet-ecg.ddns.net\/index.php\/syndrome-de-wolff-parkinson-white\/","title":{"rendered":"Syndrome de Wolff-Parkinson-White"},"content":{"rendered":"<p>Un yorkshire de 10 ans est pr\u00e9sent\u00e9 en consultation pour un premier \u00e9pisode syncopal de plusieurs minutes.<\/p>\n<p>L&rsquo;examen du chien est enti\u00e8rement normal, aucun souffle cardiaque, ni arythmie ne sont per\u00e7us pau d\u00e9but de la consultation.<\/p>\n<p>L&rsquo;\u00e9chocardiographie montre un c\u0153ur normal.<\/p>\n<p>Un ECG est r\u00e9alis\u00e9:\u00a0 Les QRS sont fins mais les ondes P sont coll\u00e9es au pied de l&rsquo;onde R. La branche ascendante de l&rsquo;onde R est parfois emp\u00e2t\u00e9e et on remarque un rythme en accord\u00e9on.<\/p>\n<p>L&rsquo;intervalle PR est trop court pour que le rythme soit sinusal.<\/p>\n<p>Il s&rsquo;agit d&rsquo;un rythme jonctionnel.<\/p>\n<p>L&rsquo;ensemble de ces anomalies \u00e9voque un syndrome de pr\u00e9-excitation ventriculaire li\u00e9 \u00e0 un faisceau accessoire.<\/p>\n\n\n<figure class=\"wp-block-image\"><img loading=\"lazy\" decoding=\"async\" width=\"2456\" height=\"1128\" src=\"http:\/\/vet-ecg.ddns.net\/wp-content\/uploads\/wpw-1.jpg\" alt=\"\" class=\"wp-image-1932\"\/><figcaption>ECG en dehors des crises<\/figcaption><\/figure>\n\n\n<p>Avant la fin de la consultation, le chien refait une syncope et se retrouve en d\u00e9cubitus lat\u00e9ral. Le pouls est difficilement perceptible.<\/p>\n<p>Un nouveau trac\u00e9 est alors effectu\u00e9:<\/p>\n\n\n<figure class=\"wp-block-image\"><img loading=\"lazy\" decoding=\"async\" width=\"909\" height=\"508\" src=\"http:\/\/vet-ecg.ddns.net\/wp-content\/uploads\/wpw-2-1.jpg\" alt=\"\" class=\"wp-image-1934\"\/><figcaption>ECG pendant la crise, animal en d\u00e9cubitus lat\u00e9ral<\/figcaption><\/figure>\n\n\n\n<figure class=\"wp-block-image size-large\"><img loading=\"lazy\" decoding=\"async\" width=\"1339\" height=\"310\" src=\"http:\/\/vet-ecg.ddns.net\/wp-content\/uploads\/wpw-3.jpg\" alt=\"\" class=\"wp-image-2729\"\/><figcaption>acc\u00e8s de tachycardie jonctionnelle<\/figcaption><\/figure>\n\n\n<p>Dans cet acc\u00e8s de tachycardie supraventriculaire, la fr\u00e9quence cardiaque d\u00e9passe les 400 bpm.<\/p>\n<p>Que ce soit pendant la crise ou en dehors de celle-ci, les QRS restent fins. Durant l&rsquo;acc\u00e8s de tachycardie supraventriculaire, le rythme est r\u00e9gulier et les QRS sont homog\u00e8nes.<\/p>\n<p>Le m\u00e9canisme mis en jeu, ici, est un faisceau de conduction accessoire, qui, pour la premi\u00e8re fois (le chien a 10 ans), est devenu perm\u00e9able.<\/p>\n<p>Ainsi, l&rsquo;influx sinusal emprunte \u00e0 l&rsquo;aller les voies de conduction nodo-hissiennes habituelles (conduction ant\u00e9rograde) puis remonte ensuite aux oreillettes via le faisceau accessoire (conduction r\u00e9trograde). Et le cycle recommence ainsi pendant plusieurs minutes, r\u00e9alisant une tachycardie jonctionnelle orthodromique.<\/p>\n<p>Il arrive parfois que l&rsquo;influx sinusal descende par le faisceau accessoire et remonte par le n\u0153ud AV. Dans ce cas, l&rsquo;influx descendant sans rencontrer de fibres lentes\u00a0 sur son passage peut \u00eatre conduit jusqu&rsquo;aux ventricules avec une vitesse tr\u00e8s \u00e9lev\u00e9e (conduction antidromique). Les QRS sont alors \u00e9largis.<\/p>\n<p>Ici, les QRS sont fins car l&rsquo;activation ventriculaire se fait exclusivement par les voies de conduction classiques.<\/p>\n\n\n<p><\/p>\n","protected":false},"excerpt":{"rendered":"<p>Un yorkshire de 10 ans est pr\u00e9sent\u00e9 en consultation pour un premier \u00e9pisode syncopal de plusieurs minutes. L&rsquo;examen du chien est enti\u00e8rement normal, aucun souffle cardiaque, ni arythmie ne sont per\u00e7us pau d\u00e9but de la consultation. L&rsquo;\u00e9chocardiographie montre un c\u0153ur normal. Un ECG est r\u00e9alis\u00e9:\u00a0 Les QRS sont fins mais les ondes P sont coll\u00e9es &hellip; <a href=\"http:\/\/vet-ecg.ddns.net\/index.php\/syndrome-de-wolff-parkinson-white\/\" class=\"more-link\">Continuer la lecture de <span class=\"screen-reader-text\">Syndrome de Wolff-Parkinson-White<\/span><\/a><\/p>\n","protected":false},"author":1,"featured_media":0,"parent":0,"menu_order":0,"comment_status":"closed","ping_status":"closed","template":"","meta":{"footnotes":""},"class_list":["post-1931","page","type-page","status-publish","hentry"],"yoast_head":"<!-- This site is optimized with the Yoast SEO plugin v27.4 - https:\/\/yoast.com\/product\/yoast-seo-wordpress\/ -->\n<title>Syndrome de Wolff-Parkinson-White - Blog d&#039;\u00e9lectrocardiographie v\u00e9t\u00e9rinaire<\/title>\n<meta name=\"description\" content=\"La perm\u00e9abilit\u00e9 soudaine d&#039;un faisceau accesoire d\u00e9clenche une tachycardie jonctionnelle orthodromique (syndrome de syndrome de Wolff-PArkinson-White)\" \/>\n<meta name=\"robots\" content=\"index, follow, max-snippet:-1, max-image-preview:large, max-video-preview:-1\" \/>\n<link rel=\"canonical\" href=\"http:\/\/vet-ecg.ddns.net\/index.php\/syndrome-de-wolff-parkinson-white\/\" \/>\n<meta name=\"twitter:label1\" content=\"Dur\u00e9e de lecture estim\u00e9e\" \/>\n\t<meta name=\"twitter:data1\" content=\"2 minutes\" \/>\n<script type=\"application\/ld+json\" class=\"yoast-schema-graph\">{\"@context\":\"https:\\\/\\\/schema.org\",\"@graph\":[{\"@type\":\"WebPage\",\"@id\":\"http:\\\/\\\/vet-ecg.ddns.net\\\/index.php\\\/syndrome-de-wolff-parkinson-white\\\/\",\"url\":\"http:\\\/\\\/vet-ecg.ddns.net\\\/index.php\\\/syndrome-de-wolff-parkinson-white\\\/\",\"name\":\"Syndrome de Wolff-Parkinson-White - Blog d&#039;\u00e9lectrocardiographie v\u00e9t\u00e9rinaire\",\"isPartOf\":{\"@id\":\"http:\\\/\\\/vet-ecg.ddns.net\\\/#website\"},\"primaryImageOfPage\":{\"@id\":\"http:\\\/\\\/vet-ecg.ddns.net\\\/index.php\\\/syndrome-de-wolff-parkinson-white\\\/#primaryimage\"},\"image\":{\"@id\":\"http:\\\/\\\/vet-ecg.ddns.net\\\/index.php\\\/syndrome-de-wolff-parkinson-white\\\/#primaryimage\"},\"thumbnailUrl\":\"http:\\\/\\\/vet-ecg.ddns.net\\\/wp-content\\\/uploads\\\/wpw-1.jpg\",\"datePublished\":\"2019-07-22T21:19:29+00:00\",\"dateModified\":\"2019-11-28T21:42:46+00:00\",\"description\":\"La perm\u00e9abilit\u00e9 soudaine d'un faisceau accesoire d\u00e9clenche une tachycardie jonctionnelle orthodromique (syndrome de syndrome de Wolff-PArkinson-White)\",\"breadcrumb\":{\"@id\":\"http:\\\/\\\/vet-ecg.ddns.net\\\/index.php\\\/syndrome-de-wolff-parkinson-white\\\/#breadcrumb\"},\"inLanguage\":\"fr-FR\",\"potentialAction\":[{\"@type\":\"ReadAction\",\"target\":[\"http:\\\/\\\/vet-ecg.ddns.net\\\/index.php\\\/syndrome-de-wolff-parkinson-white\\\/\"]}]},{\"@type\":\"ImageObject\",\"inLanguage\":\"fr-FR\",\"@id\":\"http:\\\/\\\/vet-ecg.ddns.net\\\/index.php\\\/syndrome-de-wolff-parkinson-white\\\/#primaryimage\",\"url\":\"http:\\\/\\\/vet-ecg.ddns.net\\\/wp-content\\\/uploads\\\/wpw-1.jpg\",\"contentUrl\":\"http:\\\/\\\/vet-ecg.ddns.net\\\/wp-content\\\/uploads\\\/wpw-1.jpg\",\"width\":2456,\"height\":1128},{\"@type\":\"BreadcrumbList\",\"@id\":\"http:\\\/\\\/vet-ecg.ddns.net\\\/index.php\\\/syndrome-de-wolff-parkinson-white\\\/#breadcrumb\",\"itemListElement\":[{\"@type\":\"ListItem\",\"position\":1,\"name\":\"Accueil\",\"item\":\"http:\\\/\\\/vet-ecg.ddns.net\\\/\"},{\"@type\":\"ListItem\",\"position\":2,\"name\":\"Syndrome de Wolff-Parkinson-White\"}]},{\"@type\":\"WebSite\",\"@id\":\"http:\\\/\\\/vet-ecg.ddns.net\\\/#website\",\"url\":\"http:\\\/\\\/vet-ecg.ddns.net\\\/\",\"name\":\"Blog d&#039;\u00e9lectrocardiographie v\u00e9t\u00e9rinaire\",\"description\":\"recueil d&#039;ECG de chiens et de chats\",\"publisher\":{\"@id\":\"http:\\\/\\\/vet-ecg.ddns.net\\\/#\\\/schema\\\/person\\\/fec4070a47e235fed904fab73cae00b4\"},\"alternateName\":\"\u00e9lectrocardiographie v\u00e9t\u00e9rinaire\",\"potentialAction\":[{\"@type\":\"SearchAction\",\"target\":{\"@type\":\"EntryPoint\",\"urlTemplate\":\"http:\\\/\\\/vet-ecg.ddns.net\\\/?s={search_term_string}\"},\"query-input\":{\"@type\":\"PropertyValueSpecification\",\"valueRequired\":true,\"valueName\":\"search_term_string\"}}],\"inLanguage\":\"fr-FR\"},{\"@type\":[\"Person\",\"Organization\"],\"@id\":\"http:\\\/\\\/vet-ecg.ddns.net\\\/#\\\/schema\\\/person\\\/fec4070a47e235fed904fab73cae00b4\",\"name\":\"admin\",\"image\":{\"@type\":\"ImageObject\",\"inLanguage\":\"fr-FR\",\"@id\":\"http:\\\/\\\/vet-ecg.ddns.net\\\/wp-content\\\/uploads\\\/2018\\\/04\\\/Zelda-2-ECG-248.jpg\",\"url\":\"http:\\\/\\\/vet-ecg.ddns.net\\\/wp-content\\\/uploads\\\/2018\\\/04\\\/Zelda-2-ECG-248.jpg\",\"contentUrl\":\"http:\\\/\\\/vet-ecg.ddns.net\\\/wp-content\\\/uploads\\\/2018\\\/04\\\/Zelda-2-ECG-248.jpg\",\"width\":248,\"height\":248,\"caption\":\"admin\"},\"logo\":{\"@id\":\"http:\\\/\\\/vet-ecg.ddns.net\\\/wp-content\\\/uploads\\\/2018\\\/04\\\/Zelda-2-ECG-248.jpg\"},\"description\":\"Les trac\u00e9s publi\u00e9s sur ce site sont issus de diff\u00e9rentes cliniques v\u00e9t\u00e9rinaires de Paris et de sa banlieue durant les 10 derni\u00e8res ann\u00e9es. Les ECG r\u00e9alis\u00e9s ont \u00e9t\u00e9 r\u00e9alis\u00e9s sur des chiens et des chats qui ont tous b\u00e9n\u00e9fici\u00e9 d'une \u00e9chocardiographie.\"}]}<\/script>\n<!-- \/ Yoast SEO plugin. -->","yoast_head_json":{"title":"Syndrome de Wolff-Parkinson-White - Blog d&#039;\u00e9lectrocardiographie v\u00e9t\u00e9rinaire","description":"La perm\u00e9abilit\u00e9 soudaine d'un faisceau accesoire d\u00e9clenche une tachycardie jonctionnelle orthodromique (syndrome de syndrome de Wolff-PArkinson-White)","robots":{"index":"index","follow":"follow","max-snippet":"max-snippet:-1","max-image-preview":"max-image-preview:large","max-video-preview":"max-video-preview:-1"},"canonical":"http:\/\/vet-ecg.ddns.net\/index.php\/syndrome-de-wolff-parkinson-white\/","twitter_misc":{"Dur\u00e9e de lecture estim\u00e9e":"2 minutes"},"schema":{"@context":"https:\/\/schema.org","@graph":[{"@type":"WebPage","@id":"http:\/\/vet-ecg.ddns.net\/index.php\/syndrome-de-wolff-parkinson-white\/","url":"http:\/\/vet-ecg.ddns.net\/index.php\/syndrome-de-wolff-parkinson-white\/","name":"Syndrome de Wolff-Parkinson-White - Blog d&#039;\u00e9lectrocardiographie v\u00e9t\u00e9rinaire","isPartOf":{"@id":"http:\/\/vet-ecg.ddns.net\/#website"},"primaryImageOfPage":{"@id":"http:\/\/vet-ecg.ddns.net\/index.php\/syndrome-de-wolff-parkinson-white\/#primaryimage"},"image":{"@id":"http:\/\/vet-ecg.ddns.net\/index.php\/syndrome-de-wolff-parkinson-white\/#primaryimage"},"thumbnailUrl":"http:\/\/vet-ecg.ddns.net\/wp-content\/uploads\/wpw-1.jpg","datePublished":"2019-07-22T21:19:29+00:00","dateModified":"2019-11-28T21:42:46+00:00","description":"La perm\u00e9abilit\u00e9 soudaine d'un faisceau accesoire d\u00e9clenche une tachycardie jonctionnelle orthodromique (syndrome de syndrome de Wolff-PArkinson-White)","breadcrumb":{"@id":"http:\/\/vet-ecg.ddns.net\/index.php\/syndrome-de-wolff-parkinson-white\/#breadcrumb"},"inLanguage":"fr-FR","potentialAction":[{"@type":"ReadAction","target":["http:\/\/vet-ecg.ddns.net\/index.php\/syndrome-de-wolff-parkinson-white\/"]}]},{"@type":"ImageObject","inLanguage":"fr-FR","@id":"http:\/\/vet-ecg.ddns.net\/index.php\/syndrome-de-wolff-parkinson-white\/#primaryimage","url":"http:\/\/vet-ecg.ddns.net\/wp-content\/uploads\/wpw-1.jpg","contentUrl":"http:\/\/vet-ecg.ddns.net\/wp-content\/uploads\/wpw-1.jpg","width":2456,"height":1128},{"@type":"BreadcrumbList","@id":"http:\/\/vet-ecg.ddns.net\/index.php\/syndrome-de-wolff-parkinson-white\/#breadcrumb","itemListElement":[{"@type":"ListItem","position":1,"name":"Accueil","item":"http:\/\/vet-ecg.ddns.net\/"},{"@type":"ListItem","position":2,"name":"Syndrome de Wolff-Parkinson-White"}]},{"@type":"WebSite","@id":"http:\/\/vet-ecg.ddns.net\/#website","url":"http:\/\/vet-ecg.ddns.net\/","name":"Blog d&#039;\u00e9lectrocardiographie v\u00e9t\u00e9rinaire","description":"recueil d&#039;ECG de chiens et de chats","publisher":{"@id":"http:\/\/vet-ecg.ddns.net\/#\/schema\/person\/fec4070a47e235fed904fab73cae00b4"},"alternateName":"\u00e9lectrocardiographie v\u00e9t\u00e9rinaire","potentialAction":[{"@type":"SearchAction","target":{"@type":"EntryPoint","urlTemplate":"http:\/\/vet-ecg.ddns.net\/?s={search_term_string}"},"query-input":{"@type":"PropertyValueSpecification","valueRequired":true,"valueName":"search_term_string"}}],"inLanguage":"fr-FR"},{"@type":["Person","Organization"],"@id":"http:\/\/vet-ecg.ddns.net\/#\/schema\/person\/fec4070a47e235fed904fab73cae00b4","name":"admin","image":{"@type":"ImageObject","inLanguage":"fr-FR","@id":"http:\/\/vet-ecg.ddns.net\/wp-content\/uploads\/2018\/04\/Zelda-2-ECG-248.jpg","url":"http:\/\/vet-ecg.ddns.net\/wp-content\/uploads\/2018\/04\/Zelda-2-ECG-248.jpg","contentUrl":"http:\/\/vet-ecg.ddns.net\/wp-content\/uploads\/2018\/04\/Zelda-2-ECG-248.jpg","width":248,"height":248,"caption":"admin"},"logo":{"@id":"http:\/\/vet-ecg.ddns.net\/wp-content\/uploads\/2018\/04\/Zelda-2-ECG-248.jpg"},"description":"Les trac\u00e9s publi\u00e9s sur ce site sont issus de diff\u00e9rentes cliniques v\u00e9t\u00e9rinaires de Paris et de sa banlieue durant les 10 derni\u00e8res ann\u00e9es. Les ECG r\u00e9alis\u00e9s ont \u00e9t\u00e9 r\u00e9alis\u00e9s sur des chiens et des chats qui ont tous b\u00e9n\u00e9fici\u00e9 d'une \u00e9chocardiographie."}]}},"_links":{"self":[{"href":"http:\/\/vet-ecg.ddns.net\/index.php\/wp-json\/wp\/v2\/pages\/1931","targetHints":{"allow":["GET"]}}],"collection":[{"href":"http:\/\/vet-ecg.ddns.net\/index.php\/wp-json\/wp\/v2\/pages"}],"about":[{"href":"http:\/\/vet-ecg.ddns.net\/index.php\/wp-json\/wp\/v2\/types\/page"}],"author":[{"embeddable":true,"href":"http:\/\/vet-ecg.ddns.net\/index.php\/wp-json\/wp\/v2\/users\/1"}],"replies":[{"embeddable":true,"href":"http:\/\/vet-ecg.ddns.net\/index.php\/wp-json\/wp\/v2\/comments?post=1931"}],"version-history":[{"count":0,"href":"http:\/\/vet-ecg.ddns.net\/index.php\/wp-json\/wp\/v2\/pages\/1931\/revisions"}],"wp:attachment":[{"href":"http:\/\/vet-ecg.ddns.net\/index.php\/wp-json\/wp\/v2\/media?parent=1931"}],"curies":[{"name":"wp","href":"https:\/\/api.w.org\/{rel}","templated":true}]}}