{"id":1923,"date":"2019-06-27T19:30:41","date_gmt":"2019-06-27T17:30:41","guid":{"rendered":"http:\/\/vet-ecg.ddns.net\/?page_id=1923"},"modified":"2019-11-28T12:29:54","modified_gmt":"2019-11-28T11:29:54","slug":"trace-curieux","status":"publish","type":"page","link":"http:\/\/vet-ecg.ddns.net\/index.php\/trace-curieux\/","title":{"rendered":"trac\u00e9 curieux"},"content":{"rendered":"\n<figure class=\"wp-block-image\"><img loading=\"lazy\" decoding=\"async\" width=\"2962\" height=\"1561\" src=\"http:\/\/vet-ecg.ddns.net\/wp-content\/uploads\/curiosite.jpg\" alt=\"rythme d'\u00e9chappement jonctionnel avec sous-d\u00e9calage ST\" class=\"wp-image-1924\"\/><figcaption>rythme d&rsquo;\u00e9chappement jonctionnel<\/figcaption><\/figure>\n\n\n<p>Ce trac\u00e9 montre une fr\u00e9quence ventriculaire \u00e0 78 bpm.<\/p>\n<p>L&rsquo;axe de QRS est \u00e0 0\u00b0. Le sous-d\u00e9calage ST est majeur (-0,45 mV).<\/p>\n<p>L&rsquo;activit\u00e9 atriale est de faible amplitude. L&rsquo;onde P est coll\u00e9e au QRS (intervalle PR = 50 ms). <\/p>\n<p>La pente initiale de l&rsquo;onde R est lente. Le pied de l&rsquo;onde R est \u00e9largi par une onde delta, alors que la partie terminale du QRS est habituelle (rapide). En cons\u00e9quence, la dur\u00e9e de QRS est augment\u00e9e.<\/p>\n<p>Parmi les hypoth\u00e8ses envisag\u00e9es: une dysfonction sinusale, un trouble de la conduction, un syndrome de pr\u00e9-excitation, une pathologie isch\u00e9mique.<\/p>\n<p>L&rsquo;hypoth\u00e8se retenue est celle d&rsquo;une pr\u00e9-excitation ventriculaire associ\u00e9e \u00e0 une isch\u00e9mie.<\/p>\n<p>\u00a0<\/p>","protected":false},"excerpt":{"rendered":"<p>Ce trac\u00e9 montre une fr\u00e9quence ventriculaire \u00e0 78 bpm. L&rsquo;axe de QRS est \u00e0 0\u00b0. Le sous-d\u00e9calage ST est majeur (-0,45 mV). L&rsquo;activit\u00e9 atriale est de faible amplitude. L&rsquo;onde P est coll\u00e9e au QRS (intervalle PR = 50 ms). La pente initiale de l&rsquo;onde R est lente. Le pied de l&rsquo;onde R est \u00e9largi par &hellip; <a href=\"http:\/\/vet-ecg.ddns.net\/index.php\/trace-curieux\/\" class=\"more-link\">Continuer la lecture de <span class=\"screen-reader-text\">trac\u00e9 curieux<\/span><\/a><\/p>\n","protected":false},"author":1,"featured_media":0,"parent":0,"menu_order":0,"comment_status":"closed","ping_status":"closed","template":"","meta":{"footnotes":""},"class_list":["post-1923","page","type-page","status-publish","hentry"],"yoast_head":"<!-- This site is optimized with the Yoast SEO plugin v27.4 - https:\/\/yoast.com\/product\/yoast-seo-wordpress\/ -->\n<title>trac\u00e9 curieux - Blog d&#039;\u00e9lectrocardiographie v\u00e9t\u00e9rinaire<\/title>\n<meta name=\"description\" content=\"Ce trac\u00e9 curieux associe un rythme jonctionnel \u00e0 78 bpm, un sous-d\u00e9calage prononc\u00e9 du segment ST et une onde delta, bien visible en D1.\" \/>\n<meta name=\"robots\" content=\"index, follow, max-snippet:-1, max-image-preview:large, max-video-preview:-1\" \/>\n<link rel=\"canonical\" href=\"http:\/\/vet-ecg.ddns.net\/index.php\/trace-curieux\/\" \/>\n<meta name=\"twitter:label1\" content=\"Dur\u00e9e de lecture estim\u00e9e\" \/>\n\t<meta name=\"twitter:data1\" content=\"1 minute\" \/>\n<script type=\"application\/ld+json\" class=\"yoast-schema-graph\">{\"@context\":\"https:\\\/\\\/schema.org\",\"@graph\":[{\"@type\":\"WebPage\",\"@id\":\"http:\\\/\\\/vet-ecg.ddns.net\\\/index.php\\\/trace-curieux\\\/\",\"url\":\"http:\\\/\\\/vet-ecg.ddns.net\\\/index.php\\\/trace-curieux\\\/\",\"name\":\"trac\u00e9 curieux - Blog d&#039;\u00e9lectrocardiographie v\u00e9t\u00e9rinaire\",\"isPartOf\":{\"@id\":\"http:\\\/\\\/vet-ecg.ddns.net\\\/#website\"},\"primaryImageOfPage\":{\"@id\":\"http:\\\/\\\/vet-ecg.ddns.net\\\/index.php\\\/trace-curieux\\\/#primaryimage\"},\"image\":{\"@id\":\"http:\\\/\\\/vet-ecg.ddns.net\\\/index.php\\\/trace-curieux\\\/#primaryimage\"},\"thumbnailUrl\":\"http:\\\/\\\/vet-ecg.ddns.net\\\/wp-content\\\/uploads\\\/curiosite.jpg\",\"datePublished\":\"2019-06-27T17:30:41+00:00\",\"dateModified\":\"2019-11-28T11:29:54+00:00\",\"description\":\"Ce trac\u00e9 curieux associe un rythme jonctionnel \u00e0 78 bpm, un sous-d\u00e9calage prononc\u00e9 du segment ST et une onde delta, bien visible en D1.\",\"breadcrumb\":{\"@id\":\"http:\\\/\\\/vet-ecg.ddns.net\\\/index.php\\\/trace-curieux\\\/#breadcrumb\"},\"inLanguage\":\"fr-FR\",\"potentialAction\":[{\"@type\":\"ReadAction\",\"target\":[\"http:\\\/\\\/vet-ecg.ddns.net\\\/index.php\\\/trace-curieux\\\/\"]}]},{\"@type\":\"ImageObject\",\"inLanguage\":\"fr-FR\",\"@id\":\"http:\\\/\\\/vet-ecg.ddns.net\\\/index.php\\\/trace-curieux\\\/#primaryimage\",\"url\":\"http:\\\/\\\/vet-ecg.ddns.net\\\/wp-content\\\/uploads\\\/curiosite.jpg\",\"contentUrl\":\"http:\\\/\\\/vet-ecg.ddns.net\\\/wp-content\\\/uploads\\\/curiosite.jpg\",\"width\":2962,\"height\":1561,\"caption\":\"vet-ecg\"},{\"@type\":\"BreadcrumbList\",\"@id\":\"http:\\\/\\\/vet-ecg.ddns.net\\\/index.php\\\/trace-curieux\\\/#breadcrumb\",\"itemListElement\":[{\"@type\":\"ListItem\",\"position\":1,\"name\":\"Accueil\",\"item\":\"http:\\\/\\\/vet-ecg.ddns.net\\\/\"},{\"@type\":\"ListItem\",\"position\":2,\"name\":\"trac\u00e9 curieux\"}]},{\"@type\":\"WebSite\",\"@id\":\"http:\\\/\\\/vet-ecg.ddns.net\\\/#website\",\"url\":\"http:\\\/\\\/vet-ecg.ddns.net\\\/\",\"name\":\"Blog d&#039;\u00e9lectrocardiographie v\u00e9t\u00e9rinaire\",\"description\":\"recueil d&#039;ECG de chiens et de chats\",\"publisher\":{\"@id\":\"http:\\\/\\\/vet-ecg.ddns.net\\\/#\\\/schema\\\/person\\\/fec4070a47e235fed904fab73cae00b4\"},\"alternateName\":\"\u00e9lectrocardiographie v\u00e9t\u00e9rinaire\",\"potentialAction\":[{\"@type\":\"SearchAction\",\"target\":{\"@type\":\"EntryPoint\",\"urlTemplate\":\"http:\\\/\\\/vet-ecg.ddns.net\\\/?s={search_term_string}\"},\"query-input\":{\"@type\":\"PropertyValueSpecification\",\"valueRequired\":true,\"valueName\":\"search_term_string\"}}],\"inLanguage\":\"fr-FR\"},{\"@type\":[\"Person\",\"Organization\"],\"@id\":\"http:\\\/\\\/vet-ecg.ddns.net\\\/#\\\/schema\\\/person\\\/fec4070a47e235fed904fab73cae00b4\",\"name\":\"admin\",\"image\":{\"@type\":\"ImageObject\",\"inLanguage\":\"fr-FR\",\"@id\":\"http:\\\/\\\/vet-ecg.ddns.net\\\/wp-content\\\/uploads\\\/2018\\\/04\\\/Zelda-2-ECG-248.jpg\",\"url\":\"http:\\\/\\\/vet-ecg.ddns.net\\\/wp-content\\\/uploads\\\/2018\\\/04\\\/Zelda-2-ECG-248.jpg\",\"contentUrl\":\"http:\\\/\\\/vet-ecg.ddns.net\\\/wp-content\\\/uploads\\\/2018\\\/04\\\/Zelda-2-ECG-248.jpg\",\"width\":248,\"height\":248,\"caption\":\"admin\"},\"logo\":{\"@id\":\"http:\\\/\\\/vet-ecg.ddns.net\\\/wp-content\\\/uploads\\\/2018\\\/04\\\/Zelda-2-ECG-248.jpg\"},\"description\":\"Les trac\u00e9s publi\u00e9s sur ce site sont issus de diff\u00e9rentes cliniques v\u00e9t\u00e9rinaires de Paris et de sa banlieue durant les 10 derni\u00e8res ann\u00e9es. Les ECG r\u00e9alis\u00e9s ont \u00e9t\u00e9 r\u00e9alis\u00e9s sur des chiens et des chats qui ont tous b\u00e9n\u00e9fici\u00e9 d'une \u00e9chocardiographie.\"}]}<\/script>\n<!-- \/ Yoast SEO plugin. -->","yoast_head_json":{"title":"trac\u00e9 curieux - Blog d&#039;\u00e9lectrocardiographie v\u00e9t\u00e9rinaire","description":"Ce trac\u00e9 curieux associe un rythme jonctionnel \u00e0 78 bpm, un sous-d\u00e9calage prononc\u00e9 du segment ST et une onde delta, bien visible en D1.","robots":{"index":"index","follow":"follow","max-snippet":"max-snippet:-1","max-image-preview":"max-image-preview:large","max-video-preview":"max-video-preview:-1"},"canonical":"http:\/\/vet-ecg.ddns.net\/index.php\/trace-curieux\/","twitter_misc":{"Dur\u00e9e de lecture estim\u00e9e":"1 minute"},"schema":{"@context":"https:\/\/schema.org","@graph":[{"@type":"WebPage","@id":"http:\/\/vet-ecg.ddns.net\/index.php\/trace-curieux\/","url":"http:\/\/vet-ecg.ddns.net\/index.php\/trace-curieux\/","name":"trac\u00e9 curieux - Blog d&#039;\u00e9lectrocardiographie v\u00e9t\u00e9rinaire","isPartOf":{"@id":"http:\/\/vet-ecg.ddns.net\/#website"},"primaryImageOfPage":{"@id":"http:\/\/vet-ecg.ddns.net\/index.php\/trace-curieux\/#primaryimage"},"image":{"@id":"http:\/\/vet-ecg.ddns.net\/index.php\/trace-curieux\/#primaryimage"},"thumbnailUrl":"http:\/\/vet-ecg.ddns.net\/wp-content\/uploads\/curiosite.jpg","datePublished":"2019-06-27T17:30:41+00:00","dateModified":"2019-11-28T11:29:54+00:00","description":"Ce trac\u00e9 curieux associe un rythme jonctionnel \u00e0 78 bpm, un sous-d\u00e9calage prononc\u00e9 du segment ST et une onde delta, bien visible en D1.","breadcrumb":{"@id":"http:\/\/vet-ecg.ddns.net\/index.php\/trace-curieux\/#breadcrumb"},"inLanguage":"fr-FR","potentialAction":[{"@type":"ReadAction","target":["http:\/\/vet-ecg.ddns.net\/index.php\/trace-curieux\/"]}]},{"@type":"ImageObject","inLanguage":"fr-FR","@id":"http:\/\/vet-ecg.ddns.net\/index.php\/trace-curieux\/#primaryimage","url":"http:\/\/vet-ecg.ddns.net\/wp-content\/uploads\/curiosite.jpg","contentUrl":"http:\/\/vet-ecg.ddns.net\/wp-content\/uploads\/curiosite.jpg","width":2962,"height":1561,"caption":"vet-ecg"},{"@type":"BreadcrumbList","@id":"http:\/\/vet-ecg.ddns.net\/index.php\/trace-curieux\/#breadcrumb","itemListElement":[{"@type":"ListItem","position":1,"name":"Accueil","item":"http:\/\/vet-ecg.ddns.net\/"},{"@type":"ListItem","position":2,"name":"trac\u00e9 curieux"}]},{"@type":"WebSite","@id":"http:\/\/vet-ecg.ddns.net\/#website","url":"http:\/\/vet-ecg.ddns.net\/","name":"Blog d&#039;\u00e9lectrocardiographie v\u00e9t\u00e9rinaire","description":"recueil d&#039;ECG de chiens et de chats","publisher":{"@id":"http:\/\/vet-ecg.ddns.net\/#\/schema\/person\/fec4070a47e235fed904fab73cae00b4"},"alternateName":"\u00e9lectrocardiographie v\u00e9t\u00e9rinaire","potentialAction":[{"@type":"SearchAction","target":{"@type":"EntryPoint","urlTemplate":"http:\/\/vet-ecg.ddns.net\/?s={search_term_string}"},"query-input":{"@type":"PropertyValueSpecification","valueRequired":true,"valueName":"search_term_string"}}],"inLanguage":"fr-FR"},{"@type":["Person","Organization"],"@id":"http:\/\/vet-ecg.ddns.net\/#\/schema\/person\/fec4070a47e235fed904fab73cae00b4","name":"admin","image":{"@type":"ImageObject","inLanguage":"fr-FR","@id":"http:\/\/vet-ecg.ddns.net\/wp-content\/uploads\/2018\/04\/Zelda-2-ECG-248.jpg","url":"http:\/\/vet-ecg.ddns.net\/wp-content\/uploads\/2018\/04\/Zelda-2-ECG-248.jpg","contentUrl":"http:\/\/vet-ecg.ddns.net\/wp-content\/uploads\/2018\/04\/Zelda-2-ECG-248.jpg","width":248,"height":248,"caption":"admin"},"logo":{"@id":"http:\/\/vet-ecg.ddns.net\/wp-content\/uploads\/2018\/04\/Zelda-2-ECG-248.jpg"},"description":"Les trac\u00e9s publi\u00e9s sur ce site sont issus de diff\u00e9rentes cliniques v\u00e9t\u00e9rinaires de Paris et de sa banlieue durant les 10 derni\u00e8res ann\u00e9es. Les ECG r\u00e9alis\u00e9s ont \u00e9t\u00e9 r\u00e9alis\u00e9s sur des chiens et des chats qui ont tous b\u00e9n\u00e9fici\u00e9 d'une \u00e9chocardiographie."}]}},"_links":{"self":[{"href":"http:\/\/vet-ecg.ddns.net\/index.php\/wp-json\/wp\/v2\/pages\/1923","targetHints":{"allow":["GET"]}}],"collection":[{"href":"http:\/\/vet-ecg.ddns.net\/index.php\/wp-json\/wp\/v2\/pages"}],"about":[{"href":"http:\/\/vet-ecg.ddns.net\/index.php\/wp-json\/wp\/v2\/types\/page"}],"author":[{"embeddable":true,"href":"http:\/\/vet-ecg.ddns.net\/index.php\/wp-json\/wp\/v2\/users\/1"}],"replies":[{"embeddable":true,"href":"http:\/\/vet-ecg.ddns.net\/index.php\/wp-json\/wp\/v2\/comments?post=1923"}],"version-history":[{"count":0,"href":"http:\/\/vet-ecg.ddns.net\/index.php\/wp-json\/wp\/v2\/pages\/1923\/revisions"}],"wp:attachment":[{"href":"http:\/\/vet-ecg.ddns.net\/index.php\/wp-json\/wp\/v2\/media?parent=1923"}],"curies":[{"name":"wp","href":"https:\/\/api.w.org\/{rel}","templated":true}]}}