{"id":1850,"date":"2019-06-13T12:30:15","date_gmt":"2019-06-13T10:30:15","guid":{"rendered":"http:\/\/vet-ecg.ddns.net\/?page_id=1850"},"modified":"2019-10-17T10:34:35","modified_gmt":"2019-10-17T08:34:35","slug":"tachycardie-atriale-avec-conduction-av-21","status":"publish","type":"page","link":"http:\/\/vet-ecg.ddns.net\/index.php\/tachycardie-atriale-avec-conduction-av-21\/","title":{"rendered":"Tachycardie atriale avec conduction AV 2:1"},"content":{"rendered":"\n<figure class=\"wp-block-image\"><img loading=\"lazy\" decoding=\"async\" width=\"2840\" height=\"1994\" src=\"http:\/\/vet-ecg.ddns.net\/wp-content\/uploads\/TAF-cond-1-2.jpg\" alt=\"\" class=\"wp-image-1851\"\/><figcaption>Tachyardie atriale avec conduction AV 2:1<\/figcaption><\/figure>\n\n\n<p>Ce trac\u00e9 est celui d&rsquo;un sharpe\u00ef de 18 kg en bon \u00e9tat g\u00e9n\u00e9ral.<\/p>\n<p>Le diagnostic \u00e9chographique \u00e9voque une maladie valvulaire d\u00e9g\u00e9n\u00e9rative de stade 2 (ISACHC) avec une volumineuse oreillette gauche dans laquelle flotte un thrombus.<\/p>\n<p>La fr\u00e9quence ventriculaire de 85 bpm est inhabituelle dans ce contexte d&rsquo;insuffisance cardiaque pour un chien de format moyen.<\/p>\n<p>Plus pr\u00e9cis\u00e9ment, on remarque qu&rsquo;une onde P vient se superposer de mani\u00e8re syst\u00e9matique\u00a0 \u00e0 l&rsquo;onde T. Il existe donc 2 ondes P pour 1 QRS.<\/p>\n<p>La fr\u00e9quence atriale est donc de 170 bpm ce qui est conforme \u00e0 la fr\u00e9quence cardiaque habituellement rencontr\u00e9e lorsque le syst\u00e8me r\u00e9nine-angiotensine est activ\u00e9 par une fuite valvulaire.<\/p>\n<p>L&rsquo;onde P (tr\u00e8s pr\u00e9matur\u00e9e) incluse dans l&rsquo;onde T rencontre des fibres qui ne sont pas sorties de leur p\u00e9riode r\u00e9fractaire; cette onde P ne peut donc pas \u00eatre conduite aux ventricules.<\/p>\n<p>Il existe cependant 2 exceptions:\u00a0 le 6e complexe, \u00e0 l&rsquo;allure ventriculaire, correspond \u00e0 une aberration (ph\u00e9nom\u00e8ne d&rsquo;Ashman) et le 4e complexe, en partant de la fin du trac\u00e9, montre un QRS fin et pr\u00e9matur\u00e9.<\/p>\n<p>L&rsquo;hypovoltage est \u00e0 mettre sur le compte de la race.<\/p>\n<p>Les ondes P sont bifides et atteignent une dur\u00e9e sup\u00e9rieure \u00e0 70 ms.<\/p>\n<p>La dur\u00e9e des QRS approche les 65 ms.<\/p>\n<p>L&rsquo; axe de QRS est l\u00e9g\u00e8rement d\u00e9vi\u00e9 \u00e0 gauche (environ 37 \u00b0)<\/p>\n<p>Il existe un bloc atrioventriculaire du 1er degr\u00e9: l&rsquo; intervalle PQ atteint 135 ms.<\/p>\n\n\n<figure class=\"wp-block-image\"><img loading=\"lazy\" decoding=\"async\" width=\"1990\" height=\"2500\" src=\"http:\/\/vet-ecg.ddns.net\/wp-content\/uploads\/TAF-cond-1-2-comment.jpg\" alt=\"\" class=\"wp-image-1857\"\/><\/figure>\n","protected":false},"excerpt":{"rendered":"<p>Ce trac\u00e9 est celui d&rsquo;un sharpe\u00ef de 18 kg en bon \u00e9tat g\u00e9n\u00e9ral. Le diagnostic \u00e9chographique \u00e9voque une maladie valvulaire d\u00e9g\u00e9n\u00e9rative de stade 2 (ISACHC) avec une volumineuse oreillette gauche dans laquelle flotte un thrombus. La fr\u00e9quence ventriculaire de 85 bpm est inhabituelle dans ce contexte d&rsquo;insuffisance cardiaque pour un chien de format moyen. Plus &hellip; <a href=\"http:\/\/vet-ecg.ddns.net\/index.php\/tachycardie-atriale-avec-conduction-av-21\/\" class=\"more-link\">Continuer la lecture de <span class=\"screen-reader-text\">Tachycardie atriale avec conduction AV 2:1<\/span><\/a><\/p>\n","protected":false},"author":1,"featured_media":0,"parent":0,"menu_order":0,"comment_status":"closed","ping_status":"closed","template":"","meta":{"footnotes":""},"class_list":["post-1850","page","type-page","status-publish","hentry"],"yoast_head":"<!-- This site is optimized with the Yoast SEO plugin v27.4 - https:\/\/yoast.com\/product\/yoast-seo-wordpress\/ -->\n<title>Tachycardie atriale avec conduction AV 2:1 - Blog d&#039;\u00e9lectrocardiographie v\u00e9t\u00e9rinaire<\/title>\n<meta name=\"description\" content=\"Tachycardie atriale avec conduction aux ventricules sur le mode 2:1. Il existe 2 onde P pour 1 QRS. Fr\u00e9quence ventriculaire 85, fr\u00e9quence atriale: 170 bpm\" \/>\n<meta name=\"robots\" content=\"index, follow, max-snippet:-1, max-image-preview:large, max-video-preview:-1\" \/>\n<link rel=\"canonical\" href=\"http:\/\/vet-ecg.ddns.net\/index.php\/tachycardie-atriale-avec-conduction-av-21\/\" \/>\n<meta name=\"twitter:label1\" content=\"Dur\u00e9e de lecture estim\u00e9e\" \/>\n\t<meta name=\"twitter:data1\" content=\"1 minute\" \/>\n<script type=\"application\/ld+json\" class=\"yoast-schema-graph\">{\"@context\":\"https:\\\/\\\/schema.org\",\"@graph\":[{\"@type\":\"WebPage\",\"@id\":\"http:\\\/\\\/vet-ecg.ddns.net\\\/index.php\\\/tachycardie-atriale-avec-conduction-av-21\\\/\",\"url\":\"http:\\\/\\\/vet-ecg.ddns.net\\\/index.php\\\/tachycardie-atriale-avec-conduction-av-21\\\/\",\"name\":\"Tachycardie atriale avec conduction AV 2:1 - Blog d&#039;\u00e9lectrocardiographie v\u00e9t\u00e9rinaire\",\"isPartOf\":{\"@id\":\"http:\\\/\\\/vet-ecg.ddns.net\\\/#website\"},\"primaryImageOfPage\":{\"@id\":\"http:\\\/\\\/vet-ecg.ddns.net\\\/index.php\\\/tachycardie-atriale-avec-conduction-av-21\\\/#primaryimage\"},\"image\":{\"@id\":\"http:\\\/\\\/vet-ecg.ddns.net\\\/index.php\\\/tachycardie-atriale-avec-conduction-av-21\\\/#primaryimage\"},\"thumbnailUrl\":\"http:\\\/\\\/vet-ecg.ddns.net\\\/wp-content\\\/uploads\\\/TAF-cond-1-2.jpg\",\"datePublished\":\"2019-06-13T10:30:15+00:00\",\"dateModified\":\"2019-10-17T08:34:35+00:00\",\"description\":\"Tachycardie atriale avec conduction aux ventricules sur le mode 2:1. Il existe 2 onde P pour 1 QRS. Fr\u00e9quence ventriculaire 85, fr\u00e9quence atriale: 170 bpm\",\"breadcrumb\":{\"@id\":\"http:\\\/\\\/vet-ecg.ddns.net\\\/index.php\\\/tachycardie-atriale-avec-conduction-av-21\\\/#breadcrumb\"},\"inLanguage\":\"fr-FR\",\"potentialAction\":[{\"@type\":\"ReadAction\",\"target\":[\"http:\\\/\\\/vet-ecg.ddns.net\\\/index.php\\\/tachycardie-atriale-avec-conduction-av-21\\\/\"]}]},{\"@type\":\"ImageObject\",\"inLanguage\":\"fr-FR\",\"@id\":\"http:\\\/\\\/vet-ecg.ddns.net\\\/index.php\\\/tachycardie-atriale-avec-conduction-av-21\\\/#primaryimage\",\"url\":\"http:\\\/\\\/vet-ecg.ddns.net\\\/wp-content\\\/uploads\\\/TAF-cond-1-2.jpg\",\"contentUrl\":\"http:\\\/\\\/vet-ecg.ddns.net\\\/wp-content\\\/uploads\\\/TAF-cond-1-2.jpg\",\"width\":2840,\"height\":1994,\"caption\":\"tachyardie atriale avec conduction 2\\\/1\"},{\"@type\":\"BreadcrumbList\",\"@id\":\"http:\\\/\\\/vet-ecg.ddns.net\\\/index.php\\\/tachycardie-atriale-avec-conduction-av-21\\\/#breadcrumb\",\"itemListElement\":[{\"@type\":\"ListItem\",\"position\":1,\"name\":\"Accueil\",\"item\":\"http:\\\/\\\/vet-ecg.ddns.net\\\/\"},{\"@type\":\"ListItem\",\"position\":2,\"name\":\"Tachycardie atriale avec conduction AV 2:1\"}]},{\"@type\":\"WebSite\",\"@id\":\"http:\\\/\\\/vet-ecg.ddns.net\\\/#website\",\"url\":\"http:\\\/\\\/vet-ecg.ddns.net\\\/\",\"name\":\"Blog d&#039;\u00e9lectrocardiographie v\u00e9t\u00e9rinaire\",\"description\":\"recueil d&#039;ECG de chiens et de chats\",\"publisher\":{\"@id\":\"http:\\\/\\\/vet-ecg.ddns.net\\\/#\\\/schema\\\/person\\\/fec4070a47e235fed904fab73cae00b4\"},\"alternateName\":\"\u00e9lectrocardiographie v\u00e9t\u00e9rinaire\",\"potentialAction\":[{\"@type\":\"SearchAction\",\"target\":{\"@type\":\"EntryPoint\",\"urlTemplate\":\"http:\\\/\\\/vet-ecg.ddns.net\\\/?s={search_term_string}\"},\"query-input\":{\"@type\":\"PropertyValueSpecification\",\"valueRequired\":true,\"valueName\":\"search_term_string\"}}],\"inLanguage\":\"fr-FR\"},{\"@type\":[\"Person\",\"Organization\"],\"@id\":\"http:\\\/\\\/vet-ecg.ddns.net\\\/#\\\/schema\\\/person\\\/fec4070a47e235fed904fab73cae00b4\",\"name\":\"admin\",\"image\":{\"@type\":\"ImageObject\",\"inLanguage\":\"fr-FR\",\"@id\":\"http:\\\/\\\/vet-ecg.ddns.net\\\/wp-content\\\/uploads\\\/2018\\\/04\\\/Zelda-2-ECG-248.jpg\",\"url\":\"http:\\\/\\\/vet-ecg.ddns.net\\\/wp-content\\\/uploads\\\/2018\\\/04\\\/Zelda-2-ECG-248.jpg\",\"contentUrl\":\"http:\\\/\\\/vet-ecg.ddns.net\\\/wp-content\\\/uploads\\\/2018\\\/04\\\/Zelda-2-ECG-248.jpg\",\"width\":248,\"height\":248,\"caption\":\"admin\"},\"logo\":{\"@id\":\"http:\\\/\\\/vet-ecg.ddns.net\\\/wp-content\\\/uploads\\\/2018\\\/04\\\/Zelda-2-ECG-248.jpg\"},\"description\":\"Les trac\u00e9s publi\u00e9s sur ce site sont issus de diff\u00e9rentes cliniques v\u00e9t\u00e9rinaires de Paris et de sa banlieue durant les 10 derni\u00e8res ann\u00e9es. Les ECG r\u00e9alis\u00e9s ont \u00e9t\u00e9 r\u00e9alis\u00e9s sur des chiens et des chats qui ont tous b\u00e9n\u00e9fici\u00e9 d'une \u00e9chocardiographie.\"}]}<\/script>\n<!-- \/ Yoast SEO plugin. -->","yoast_head_json":{"title":"Tachycardie atriale avec conduction AV 2:1 - Blog d&#039;\u00e9lectrocardiographie v\u00e9t\u00e9rinaire","description":"Tachycardie atriale avec conduction aux ventricules sur le mode 2:1. Il existe 2 onde P pour 1 QRS. Fr\u00e9quence ventriculaire 85, fr\u00e9quence atriale: 170 bpm","robots":{"index":"index","follow":"follow","max-snippet":"max-snippet:-1","max-image-preview":"max-image-preview:large","max-video-preview":"max-video-preview:-1"},"canonical":"http:\/\/vet-ecg.ddns.net\/index.php\/tachycardie-atriale-avec-conduction-av-21\/","twitter_misc":{"Dur\u00e9e de lecture estim\u00e9e":"1 minute"},"schema":{"@context":"https:\/\/schema.org","@graph":[{"@type":"WebPage","@id":"http:\/\/vet-ecg.ddns.net\/index.php\/tachycardie-atriale-avec-conduction-av-21\/","url":"http:\/\/vet-ecg.ddns.net\/index.php\/tachycardie-atriale-avec-conduction-av-21\/","name":"Tachycardie atriale avec conduction AV 2:1 - Blog d&#039;\u00e9lectrocardiographie v\u00e9t\u00e9rinaire","isPartOf":{"@id":"http:\/\/vet-ecg.ddns.net\/#website"},"primaryImageOfPage":{"@id":"http:\/\/vet-ecg.ddns.net\/index.php\/tachycardie-atriale-avec-conduction-av-21\/#primaryimage"},"image":{"@id":"http:\/\/vet-ecg.ddns.net\/index.php\/tachycardie-atriale-avec-conduction-av-21\/#primaryimage"},"thumbnailUrl":"http:\/\/vet-ecg.ddns.net\/wp-content\/uploads\/TAF-cond-1-2.jpg","datePublished":"2019-06-13T10:30:15+00:00","dateModified":"2019-10-17T08:34:35+00:00","description":"Tachycardie atriale avec conduction aux ventricules sur le mode 2:1. Il existe 2 onde P pour 1 QRS. Fr\u00e9quence ventriculaire 85, fr\u00e9quence atriale: 170 bpm","breadcrumb":{"@id":"http:\/\/vet-ecg.ddns.net\/index.php\/tachycardie-atriale-avec-conduction-av-21\/#breadcrumb"},"inLanguage":"fr-FR","potentialAction":[{"@type":"ReadAction","target":["http:\/\/vet-ecg.ddns.net\/index.php\/tachycardie-atriale-avec-conduction-av-21\/"]}]},{"@type":"ImageObject","inLanguage":"fr-FR","@id":"http:\/\/vet-ecg.ddns.net\/index.php\/tachycardie-atriale-avec-conduction-av-21\/#primaryimage","url":"http:\/\/vet-ecg.ddns.net\/wp-content\/uploads\/TAF-cond-1-2.jpg","contentUrl":"http:\/\/vet-ecg.ddns.net\/wp-content\/uploads\/TAF-cond-1-2.jpg","width":2840,"height":1994,"caption":"tachyardie atriale avec conduction 2\/1"},{"@type":"BreadcrumbList","@id":"http:\/\/vet-ecg.ddns.net\/index.php\/tachycardie-atriale-avec-conduction-av-21\/#breadcrumb","itemListElement":[{"@type":"ListItem","position":1,"name":"Accueil","item":"http:\/\/vet-ecg.ddns.net\/"},{"@type":"ListItem","position":2,"name":"Tachycardie atriale avec conduction AV 2:1"}]},{"@type":"WebSite","@id":"http:\/\/vet-ecg.ddns.net\/#website","url":"http:\/\/vet-ecg.ddns.net\/","name":"Blog d&#039;\u00e9lectrocardiographie v\u00e9t\u00e9rinaire","description":"recueil d&#039;ECG de chiens et de chats","publisher":{"@id":"http:\/\/vet-ecg.ddns.net\/#\/schema\/person\/fec4070a47e235fed904fab73cae00b4"},"alternateName":"\u00e9lectrocardiographie v\u00e9t\u00e9rinaire","potentialAction":[{"@type":"SearchAction","target":{"@type":"EntryPoint","urlTemplate":"http:\/\/vet-ecg.ddns.net\/?s={search_term_string}"},"query-input":{"@type":"PropertyValueSpecification","valueRequired":true,"valueName":"search_term_string"}}],"inLanguage":"fr-FR"},{"@type":["Person","Organization"],"@id":"http:\/\/vet-ecg.ddns.net\/#\/schema\/person\/fec4070a47e235fed904fab73cae00b4","name":"admin","image":{"@type":"ImageObject","inLanguage":"fr-FR","@id":"http:\/\/vet-ecg.ddns.net\/wp-content\/uploads\/2018\/04\/Zelda-2-ECG-248.jpg","url":"http:\/\/vet-ecg.ddns.net\/wp-content\/uploads\/2018\/04\/Zelda-2-ECG-248.jpg","contentUrl":"http:\/\/vet-ecg.ddns.net\/wp-content\/uploads\/2018\/04\/Zelda-2-ECG-248.jpg","width":248,"height":248,"caption":"admin"},"logo":{"@id":"http:\/\/vet-ecg.ddns.net\/wp-content\/uploads\/2018\/04\/Zelda-2-ECG-248.jpg"},"description":"Les trac\u00e9s publi\u00e9s sur ce site sont issus de diff\u00e9rentes cliniques v\u00e9t\u00e9rinaires de Paris et de sa banlieue durant les 10 derni\u00e8res ann\u00e9es. Les ECG r\u00e9alis\u00e9s ont \u00e9t\u00e9 r\u00e9alis\u00e9s sur des chiens et des chats qui ont tous b\u00e9n\u00e9fici\u00e9 d'une \u00e9chocardiographie."}]}},"_links":{"self":[{"href":"http:\/\/vet-ecg.ddns.net\/index.php\/wp-json\/wp\/v2\/pages\/1850","targetHints":{"allow":["GET"]}}],"collection":[{"href":"http:\/\/vet-ecg.ddns.net\/index.php\/wp-json\/wp\/v2\/pages"}],"about":[{"href":"http:\/\/vet-ecg.ddns.net\/index.php\/wp-json\/wp\/v2\/types\/page"}],"author":[{"embeddable":true,"href":"http:\/\/vet-ecg.ddns.net\/index.php\/wp-json\/wp\/v2\/users\/1"}],"replies":[{"embeddable":true,"href":"http:\/\/vet-ecg.ddns.net\/index.php\/wp-json\/wp\/v2\/comments?post=1850"}],"version-history":[{"count":0,"href":"http:\/\/vet-ecg.ddns.net\/index.php\/wp-json\/wp\/v2\/pages\/1850\/revisions"}],"wp:attachment":[{"href":"http:\/\/vet-ecg.ddns.net\/index.php\/wp-json\/wp\/v2\/media?parent=1850"}],"curies":[{"name":"wp","href":"https:\/\/api.w.org\/{rel}","templated":true}]}}