{"id":1845,"date":"2019-06-12T11:39:28","date_gmt":"2019-06-12T09:39:28","guid":{"rendered":"http:\/\/vet-ecg.ddns.net\/?page_id=1845"},"modified":"2019-12-07T22:51:50","modified_gmt":"2019-12-07T21:51:50","slug":"mvd-stade-3-chez-un-ckc","status":"publish","type":"page","link":"http:\/\/vet-ecg.ddns.net\/index.php\/mvd-stade-3-chez-un-ckc\/","title":{"rendered":"ECG d&rsquo;endocardiose avanc\u00e9e."},"content":{"rendered":"\n<figure class=\"wp-block-image\"><img loading=\"lazy\" decoding=\"async\" width=\"2819\" height=\"1994\" src=\"http:\/\/vet-ecg.ddns.net\/wp-content\/uploads\/mvd-ckc2-st3.jpg\" alt=\"maladie valvulaire d\u00e9g\u00e9n\u00e9rative de stade 3 (ISACHC) chez un cavalier king charles\" class=\"wp-image-1846\"\/><figcaption>mvd stade 3 (ISACHC) chez un cavalier king charles<\/figcaption><\/figure>\n\n\n<p>Ce trac\u00e9 enregistr\u00e9 \u00e0 50 mm\/s et 5 mm\/mV montre un rythme sinusal r\u00e9gulier \u00e0 170 bpm.<\/p>\n<p>L&rsquo;axe de QRS est l\u00e9g\u00e8rement d\u00e9vi\u00e9 \u00e0 gauche (30\u00b0).<\/p>\n<p>Les dur\u00e9es des diff\u00e9rentes d\u00e9flexions sont notablement augment\u00e9es: ondes P=50 ms, QRS=65 ms. Les ondes P ont une allure bifide en D3 et AVF.<\/p>\n<p>Les amplitudes sont encore plus inhabituelles.<\/p>\n<p>Si l&rsquo;onde P atteint 0,42 mV, l&rsquo;onde R atteint 4 mV en D2 et 2,2 mV en AVF.<\/p>\n<p>L&rsquo;ensemble de ces param\u00e8tres oriente vers une hypertrophie bi-ventriculaire.<\/p>","protected":false},"excerpt":{"rendered":"<p>Ce trac\u00e9 enregistr\u00e9 \u00e0 50 mm\/s et 5 mm\/mV montre un rythme sinusal r\u00e9gulier \u00e0 170 bpm. L&rsquo;axe de QRS est l\u00e9g\u00e8rement d\u00e9vi\u00e9 \u00e0 gauche (30\u00b0). Les dur\u00e9es des diff\u00e9rentes d\u00e9flexions sont notablement augment\u00e9es: ondes P=50 ms, QRS=65 ms. Les ondes P ont une allure bifide en D3 et AVF. Les amplitudes sont encore plus &hellip; <a href=\"http:\/\/vet-ecg.ddns.net\/index.php\/mvd-stade-3-chez-un-ckc\/\" class=\"more-link\">Continuer la lecture de <span class=\"screen-reader-text\">ECG d&rsquo;endocardiose avanc\u00e9e.<\/span><\/a><\/p>\n","protected":false},"author":1,"featured_media":0,"parent":0,"menu_order":0,"comment_status":"closed","ping_status":"closed","template":"","meta":{"footnotes":""},"class_list":["post-1845","page","type-page","status-publish","hentry"],"yoast_head":"<!-- This site is optimized with the Yoast SEO plugin v27.4 - https:\/\/yoast.com\/product\/yoast-seo-wordpress\/ -->\n<title>ECG d&#039;endocardiose avanc\u00e9e. - Blog d&#039;\u00e9lectrocardiographie v\u00e9t\u00e9rinaire<\/title>\n<meta name=\"description\" content=\"ECG d&#039;endocardiose avanc\u00e9e (stade 3 ISACHC) chez un chien de race cavalier king charles. L&#039;animal pr\u00e9sente un oed\u00e8me pulmonaire.\" \/>\n<meta name=\"robots\" content=\"index, follow, max-snippet:-1, max-image-preview:large, max-video-preview:-1\" \/>\n<link rel=\"canonical\" href=\"http:\/\/vet-ecg.ddns.net\/index.php\/mvd-stade-3-chez-un-ckc\/\" \/>\n<script type=\"application\/ld+json\" class=\"yoast-schema-graph\">{\"@context\":\"https:\\\/\\\/schema.org\",\"@graph\":[{\"@type\":\"WebPage\",\"@id\":\"http:\\\/\\\/vet-ecg.ddns.net\\\/index.php\\\/mvd-stade-3-chez-un-ckc\\\/\",\"url\":\"http:\\\/\\\/vet-ecg.ddns.net\\\/index.php\\\/mvd-stade-3-chez-un-ckc\\\/\",\"name\":\"ECG d'endocardiose avanc\u00e9e. - Blog d&#039;\u00e9lectrocardiographie v\u00e9t\u00e9rinaire\",\"isPartOf\":{\"@id\":\"http:\\\/\\\/vet-ecg.ddns.net\\\/#website\"},\"primaryImageOfPage\":{\"@id\":\"http:\\\/\\\/vet-ecg.ddns.net\\\/index.php\\\/mvd-stade-3-chez-un-ckc\\\/#primaryimage\"},\"image\":{\"@id\":\"http:\\\/\\\/vet-ecg.ddns.net\\\/index.php\\\/mvd-stade-3-chez-un-ckc\\\/#primaryimage\"},\"thumbnailUrl\":\"http:\\\/\\\/vet-ecg.ddns.net\\\/wp-content\\\/uploads\\\/mvd-ckc2-st3.jpg\",\"datePublished\":\"2019-06-12T09:39:28+00:00\",\"dateModified\":\"2019-12-07T21:51:50+00:00\",\"description\":\"ECG d'endocardiose avanc\u00e9e (stade 3 ISACHC) chez un chien de race cavalier king charles. L'animal pr\u00e9sente un oed\u00e8me pulmonaire.\",\"breadcrumb\":{\"@id\":\"http:\\\/\\\/vet-ecg.ddns.net\\\/index.php\\\/mvd-stade-3-chez-un-ckc\\\/#breadcrumb\"},\"inLanguage\":\"fr-FR\",\"potentialAction\":[{\"@type\":\"ReadAction\",\"target\":[\"http:\\\/\\\/vet-ecg.ddns.net\\\/index.php\\\/mvd-stade-3-chez-un-ckc\\\/\"]}]},{\"@type\":\"ImageObject\",\"inLanguage\":\"fr-FR\",\"@id\":\"http:\\\/\\\/vet-ecg.ddns.net\\\/index.php\\\/mvd-stade-3-chez-un-ckc\\\/#primaryimage\",\"url\":\"http:\\\/\\\/vet-ecg.ddns.net\\\/wp-content\\\/uploads\\\/mvd-ckc2-st3.jpg\",\"contentUrl\":\"http:\\\/\\\/vet-ecg.ddns.net\\\/wp-content\\\/uploads\\\/mvd-ckc2-st3.jpg\",\"width\":2819,\"height\":1994,\"caption\":\"mvd stade 3 (ISACHC)\"},{\"@type\":\"BreadcrumbList\",\"@id\":\"http:\\\/\\\/vet-ecg.ddns.net\\\/index.php\\\/mvd-stade-3-chez-un-ckc\\\/#breadcrumb\",\"itemListElement\":[{\"@type\":\"ListItem\",\"position\":1,\"name\":\"Accueil\",\"item\":\"http:\\\/\\\/vet-ecg.ddns.net\\\/\"},{\"@type\":\"ListItem\",\"position\":2,\"name\":\"ECG d&rsquo;endocardiose avanc\u00e9e.\"}]},{\"@type\":\"WebSite\",\"@id\":\"http:\\\/\\\/vet-ecg.ddns.net\\\/#website\",\"url\":\"http:\\\/\\\/vet-ecg.ddns.net\\\/\",\"name\":\"Blog d&#039;\u00e9lectrocardiographie v\u00e9t\u00e9rinaire\",\"description\":\"recueil d&#039;ECG de chiens et de chats\",\"publisher\":{\"@id\":\"http:\\\/\\\/vet-ecg.ddns.net\\\/#\\\/schema\\\/person\\\/fec4070a47e235fed904fab73cae00b4\"},\"alternateName\":\"\u00e9lectrocardiographie v\u00e9t\u00e9rinaire\",\"potentialAction\":[{\"@type\":\"SearchAction\",\"target\":{\"@type\":\"EntryPoint\",\"urlTemplate\":\"http:\\\/\\\/vet-ecg.ddns.net\\\/?s={search_term_string}\"},\"query-input\":{\"@type\":\"PropertyValueSpecification\",\"valueRequired\":true,\"valueName\":\"search_term_string\"}}],\"inLanguage\":\"fr-FR\"},{\"@type\":[\"Person\",\"Organization\"],\"@id\":\"http:\\\/\\\/vet-ecg.ddns.net\\\/#\\\/schema\\\/person\\\/fec4070a47e235fed904fab73cae00b4\",\"name\":\"admin\",\"image\":{\"@type\":\"ImageObject\",\"inLanguage\":\"fr-FR\",\"@id\":\"http:\\\/\\\/vet-ecg.ddns.net\\\/wp-content\\\/uploads\\\/2018\\\/04\\\/Zelda-2-ECG-248.jpg\",\"url\":\"http:\\\/\\\/vet-ecg.ddns.net\\\/wp-content\\\/uploads\\\/2018\\\/04\\\/Zelda-2-ECG-248.jpg\",\"contentUrl\":\"http:\\\/\\\/vet-ecg.ddns.net\\\/wp-content\\\/uploads\\\/2018\\\/04\\\/Zelda-2-ECG-248.jpg\",\"width\":248,\"height\":248,\"caption\":\"admin\"},\"logo\":{\"@id\":\"http:\\\/\\\/vet-ecg.ddns.net\\\/wp-content\\\/uploads\\\/2018\\\/04\\\/Zelda-2-ECG-248.jpg\"},\"description\":\"Les trac\u00e9s publi\u00e9s sur ce site sont issus de diff\u00e9rentes cliniques v\u00e9t\u00e9rinaires de Paris et de sa banlieue durant les 10 derni\u00e8res ann\u00e9es. Les ECG r\u00e9alis\u00e9s ont \u00e9t\u00e9 r\u00e9alis\u00e9s sur des chiens et des chats qui ont tous b\u00e9n\u00e9fici\u00e9 d'une \u00e9chocardiographie.\"}]}<\/script>\n<!-- \/ Yoast SEO plugin. -->","yoast_head_json":{"title":"ECG d'endocardiose avanc\u00e9e. - Blog d&#039;\u00e9lectrocardiographie v\u00e9t\u00e9rinaire","description":"ECG d'endocardiose avanc\u00e9e (stade 3 ISACHC) chez un chien de race cavalier king charles. L'animal pr\u00e9sente un oed\u00e8me pulmonaire.","robots":{"index":"index","follow":"follow","max-snippet":"max-snippet:-1","max-image-preview":"max-image-preview:large","max-video-preview":"max-video-preview:-1"},"canonical":"http:\/\/vet-ecg.ddns.net\/index.php\/mvd-stade-3-chez-un-ckc\/","schema":{"@context":"https:\/\/schema.org","@graph":[{"@type":"WebPage","@id":"http:\/\/vet-ecg.ddns.net\/index.php\/mvd-stade-3-chez-un-ckc\/","url":"http:\/\/vet-ecg.ddns.net\/index.php\/mvd-stade-3-chez-un-ckc\/","name":"ECG d'endocardiose avanc\u00e9e. - Blog d&#039;\u00e9lectrocardiographie v\u00e9t\u00e9rinaire","isPartOf":{"@id":"http:\/\/vet-ecg.ddns.net\/#website"},"primaryImageOfPage":{"@id":"http:\/\/vet-ecg.ddns.net\/index.php\/mvd-stade-3-chez-un-ckc\/#primaryimage"},"image":{"@id":"http:\/\/vet-ecg.ddns.net\/index.php\/mvd-stade-3-chez-un-ckc\/#primaryimage"},"thumbnailUrl":"http:\/\/vet-ecg.ddns.net\/wp-content\/uploads\/mvd-ckc2-st3.jpg","datePublished":"2019-06-12T09:39:28+00:00","dateModified":"2019-12-07T21:51:50+00:00","description":"ECG d'endocardiose avanc\u00e9e (stade 3 ISACHC) chez un chien de race cavalier king charles. L'animal pr\u00e9sente un oed\u00e8me pulmonaire.","breadcrumb":{"@id":"http:\/\/vet-ecg.ddns.net\/index.php\/mvd-stade-3-chez-un-ckc\/#breadcrumb"},"inLanguage":"fr-FR","potentialAction":[{"@type":"ReadAction","target":["http:\/\/vet-ecg.ddns.net\/index.php\/mvd-stade-3-chez-un-ckc\/"]}]},{"@type":"ImageObject","inLanguage":"fr-FR","@id":"http:\/\/vet-ecg.ddns.net\/index.php\/mvd-stade-3-chez-un-ckc\/#primaryimage","url":"http:\/\/vet-ecg.ddns.net\/wp-content\/uploads\/mvd-ckc2-st3.jpg","contentUrl":"http:\/\/vet-ecg.ddns.net\/wp-content\/uploads\/mvd-ckc2-st3.jpg","width":2819,"height":1994,"caption":"mvd stade 3 (ISACHC)"},{"@type":"BreadcrumbList","@id":"http:\/\/vet-ecg.ddns.net\/index.php\/mvd-stade-3-chez-un-ckc\/#breadcrumb","itemListElement":[{"@type":"ListItem","position":1,"name":"Accueil","item":"http:\/\/vet-ecg.ddns.net\/"},{"@type":"ListItem","position":2,"name":"ECG d&rsquo;endocardiose avanc\u00e9e."}]},{"@type":"WebSite","@id":"http:\/\/vet-ecg.ddns.net\/#website","url":"http:\/\/vet-ecg.ddns.net\/","name":"Blog d&#039;\u00e9lectrocardiographie v\u00e9t\u00e9rinaire","description":"recueil d&#039;ECG de chiens et de chats","publisher":{"@id":"http:\/\/vet-ecg.ddns.net\/#\/schema\/person\/fec4070a47e235fed904fab73cae00b4"},"alternateName":"\u00e9lectrocardiographie v\u00e9t\u00e9rinaire","potentialAction":[{"@type":"SearchAction","target":{"@type":"EntryPoint","urlTemplate":"http:\/\/vet-ecg.ddns.net\/?s={search_term_string}"},"query-input":{"@type":"PropertyValueSpecification","valueRequired":true,"valueName":"search_term_string"}}],"inLanguage":"fr-FR"},{"@type":["Person","Organization"],"@id":"http:\/\/vet-ecg.ddns.net\/#\/schema\/person\/fec4070a47e235fed904fab73cae00b4","name":"admin","image":{"@type":"ImageObject","inLanguage":"fr-FR","@id":"http:\/\/vet-ecg.ddns.net\/wp-content\/uploads\/2018\/04\/Zelda-2-ECG-248.jpg","url":"http:\/\/vet-ecg.ddns.net\/wp-content\/uploads\/2018\/04\/Zelda-2-ECG-248.jpg","contentUrl":"http:\/\/vet-ecg.ddns.net\/wp-content\/uploads\/2018\/04\/Zelda-2-ECG-248.jpg","width":248,"height":248,"caption":"admin"},"logo":{"@id":"http:\/\/vet-ecg.ddns.net\/wp-content\/uploads\/2018\/04\/Zelda-2-ECG-248.jpg"},"description":"Les trac\u00e9s publi\u00e9s sur ce site sont issus de diff\u00e9rentes cliniques v\u00e9t\u00e9rinaires de Paris et de sa banlieue durant les 10 derni\u00e8res ann\u00e9es. Les ECG r\u00e9alis\u00e9s ont \u00e9t\u00e9 r\u00e9alis\u00e9s sur des chiens et des chats qui ont tous b\u00e9n\u00e9fici\u00e9 d'une \u00e9chocardiographie."}]}},"_links":{"self":[{"href":"http:\/\/vet-ecg.ddns.net\/index.php\/wp-json\/wp\/v2\/pages\/1845","targetHints":{"allow":["GET"]}}],"collection":[{"href":"http:\/\/vet-ecg.ddns.net\/index.php\/wp-json\/wp\/v2\/pages"}],"about":[{"href":"http:\/\/vet-ecg.ddns.net\/index.php\/wp-json\/wp\/v2\/types\/page"}],"author":[{"embeddable":true,"href":"http:\/\/vet-ecg.ddns.net\/index.php\/wp-json\/wp\/v2\/users\/1"}],"replies":[{"embeddable":true,"href":"http:\/\/vet-ecg.ddns.net\/index.php\/wp-json\/wp\/v2\/comments?post=1845"}],"version-history":[{"count":0,"href":"http:\/\/vet-ecg.ddns.net\/index.php\/wp-json\/wp\/v2\/pages\/1845\/revisions"}],"wp:attachment":[{"href":"http:\/\/vet-ecg.ddns.net\/index.php\/wp-json\/wp\/v2\/media?parent=1845"}],"curies":[{"name":"wp","href":"https:\/\/api.w.org\/{rel}","templated":true}]}}