{"id":1824,"date":"2019-06-05T12:16:38","date_gmt":"2019-06-05T10:16:38","guid":{"rendered":"http:\/\/vet-ecg.ddns.net\/?page_id=1824"},"modified":"2019-12-07T22:57:27","modified_gmt":"2019-12-07T21:57:27","slug":"mvd-stade-3","status":"publish","type":"page","link":"http:\/\/vet-ecg.ddns.net\/index.php\/mvd-stade-3\/","title":{"rendered":"MVD stade 3 (ISACHC) lors d&rsquo;insuffisance cardiaque globale."},"content":{"rendered":"\n<figure class=\"wp-block-image\"><img loading=\"lazy\" decoding=\"async\" width=\"2893\" height=\"1993\" src=\"http:\/\/vet-ecg.ddns.net\/wp-content\/uploads\/mvd-3-st3.jpg\" alt=\"Insuffisance cardiaque globale\" class=\"wp-image-1827\"\/><figcaption>Insuffisance cardiaque globale<\/figcaption><\/figure>\n\n\n<p>L&rsquo;\u00e9chocardiographie&nbsp; de ce chien de 8 kg, met en \u00e9vidence une endocardiose mitrale et tricuspide accompagn\u00e9e d&rsquo;une dilatation des 4 cavit\u00e9s (stade 3 ISCHC).<\/p>\n<p>Sur l&rsquo;ECG, on remarque une tachycardie sinusale importante \u00e0 190 bpm qui est probablement le reflet de l&rsquo;activation permanente du syst\u00e8me r\u00e9nine-angiotensine-aldost\u00e9rone.<\/p>\n<p>L&rsquo;intervalle QT (190 ms) est long, compte-tenu de la fr\u00e9quence cardiaque.<\/p>\n<p>D&rsquo;une part, l&rsquo;amplitude des QRS est faible (1,2 mV en D2), tandis que celle de l&rsquo;onde P (0,22 mV en D2) est habituelle.<\/p>\n<p>D&rsquo;autre part, l&rsquo;amplitude de l&rsquo;onde T est importante compar\u00e9e \u00e0 celle de l&rsquo;onde R (ratio T\/R &gt; 0,4 en D3)<\/p>\n<p>La dur\u00e9e de l&rsquo;onde P est de 45 ms et celle de QRS de 65 ms en D3, ce qui est beaucoup pour un chien de 8 kg.<\/p>\n<p>L&rsquo;axe de QRS ( 60\u00b0) s&rsquo;inscrit dans la plage habituelle (40\u00b0 \u00e0 100\u00b0).<\/p>\n<p>Une atteinte bilat\u00e9rale du c\u0153ur peut \u00eatre avanc\u00e9e, compte-tenu,<\/p>\n<p><strong>1) c\u0153ur gauche:<\/strong><\/p>\n<p style=\"padding-left: 40px;\">&nbsp;&#8211; de l&rsquo;augmentation de la dur\u00e9e des QRS et des ondes P<\/p>\n<p style=\"padding-left: 40px;\">&nbsp;&#8211; de l&rsquo;augmentation du ratio T\/R &gt; 0,4 en D3<\/p>\n<p><strong>2) c\u0153ur droit:<\/strong><\/p>\n<p style=\"padding-left: 40px;\">&#8211; de la pr\u00e9sence d&rsquo;ondes S en D2 et AVF<\/p>\n<p style=\"padding-left: 40px;\">&#8211; de l&rsquo;hypovoltage des complexes QRS<\/p>\n<p style=\"padding-left: 40px;\">&nbsp;&#8211; et de l&rsquo;obliquit\u00e9 du segment PR.<\/p>","protected":false},"excerpt":{"rendered":"<p>L&rsquo;\u00e9chocardiographie&nbsp; de ce chien de 8 kg, met en \u00e9vidence une endocardiose mitrale et tricuspide accompagn\u00e9e d&rsquo;une dilatation des 4 cavit\u00e9s (stade 3 ISCHC). Sur l&rsquo;ECG, on remarque une tachycardie sinusale importante \u00e0 190 bpm qui est probablement le reflet de l&rsquo;activation permanente du syst\u00e8me r\u00e9nine-angiotensine-aldost\u00e9rone. L&rsquo;intervalle QT (190 ms) est long, compte-tenu de la &hellip; <a href=\"http:\/\/vet-ecg.ddns.net\/index.php\/mvd-stade-3\/\" class=\"more-link\">Continuer la lecture de <span class=\"screen-reader-text\">MVD stade 3 (ISACHC) lors d&rsquo;insuffisance cardiaque globale.<\/span><\/a><\/p>\n","protected":false},"author":1,"featured_media":0,"parent":0,"menu_order":0,"comment_status":"closed","ping_status":"closed","template":"","meta":{"footnotes":""},"class_list":["post-1824","page","type-page","status-publish","hentry"],"yoast_head":"<!-- This site is optimized with the Yoast SEO plugin v27.4 - https:\/\/yoast.com\/product\/yoast-seo-wordpress\/ -->\n<title>MVD stade 3 (ISACHC) lors d&#039;insuffisance cardiaque globale. - Blog d&#039;\u00e9lectrocardiographie v\u00e9t\u00e9rinaire<\/title>\n<meta name=\"description\" content=\"Insuffisance cardiaque droite et gauche au cours d&#039;une valvulopathie avanc\u00e9e. Dur\u00e9e de QRS augment\u00e9e au cours de cette MVD de stade 3 (ISACHC).\" \/>\n<meta name=\"robots\" content=\"index, follow, max-snippet:-1, max-image-preview:large, max-video-preview:-1\" \/>\n<link rel=\"canonical\" href=\"http:\/\/vet-ecg.ddns.net\/index.php\/mvd-stade-3\/\" \/>\n<meta name=\"twitter:label1\" content=\"Dur\u00e9e de lecture estim\u00e9e\" \/>\n\t<meta name=\"twitter:data1\" content=\"1 minute\" \/>\n<script type=\"application\/ld+json\" class=\"yoast-schema-graph\">{\"@context\":\"https:\\\/\\\/schema.org\",\"@graph\":[{\"@type\":\"WebPage\",\"@id\":\"http:\\\/\\\/vet-ecg.ddns.net\\\/index.php\\\/mvd-stade-3\\\/\",\"url\":\"http:\\\/\\\/vet-ecg.ddns.net\\\/index.php\\\/mvd-stade-3\\\/\",\"name\":\"MVD stade 3 (ISACHC) lors d'insuffisance cardiaque globale. - Blog d&#039;\u00e9lectrocardiographie v\u00e9t\u00e9rinaire\",\"isPartOf\":{\"@id\":\"http:\\\/\\\/vet-ecg.ddns.net\\\/#website\"},\"primaryImageOfPage\":{\"@id\":\"http:\\\/\\\/vet-ecg.ddns.net\\\/index.php\\\/mvd-stade-3\\\/#primaryimage\"},\"image\":{\"@id\":\"http:\\\/\\\/vet-ecg.ddns.net\\\/index.php\\\/mvd-stade-3\\\/#primaryimage\"},\"thumbnailUrl\":\"http:\\\/\\\/vet-ecg.ddns.net\\\/wp-content\\\/uploads\\\/mvd-3-st3.jpg\",\"datePublished\":\"2019-06-05T10:16:38+00:00\",\"dateModified\":\"2019-12-07T21:57:27+00:00\",\"description\":\"Insuffisance cardiaque droite et gauche au cours d'une valvulopathie avanc\u00e9e. Dur\u00e9e de QRS augment\u00e9e au cours de cette MVD de stade 3 (ISACHC).\",\"breadcrumb\":{\"@id\":\"http:\\\/\\\/vet-ecg.ddns.net\\\/index.php\\\/mvd-stade-3\\\/#breadcrumb\"},\"inLanguage\":\"fr-FR\",\"potentialAction\":[{\"@type\":\"ReadAction\",\"target\":[\"http:\\\/\\\/vet-ecg.ddns.net\\\/index.php\\\/mvd-stade-3\\\/\"]}]},{\"@type\":\"ImageObject\",\"inLanguage\":\"fr-FR\",\"@id\":\"http:\\\/\\\/vet-ecg.ddns.net\\\/index.php\\\/mvd-stade-3\\\/#primaryimage\",\"url\":\"http:\\\/\\\/vet-ecg.ddns.net\\\/wp-content\\\/uploads\\\/mvd-3-st3.jpg\",\"contentUrl\":\"http:\\\/\\\/vet-ecg.ddns.net\\\/wp-content\\\/uploads\\\/mvd-3-st3.jpg\",\"width\":2893,\"height\":1993,\"caption\":\"trac\u00e9 d'un stade 3 (ISACHC) de mvd\"},{\"@type\":\"BreadcrumbList\",\"@id\":\"http:\\\/\\\/vet-ecg.ddns.net\\\/index.php\\\/mvd-stade-3\\\/#breadcrumb\",\"itemListElement\":[{\"@type\":\"ListItem\",\"position\":1,\"name\":\"Accueil\",\"item\":\"http:\\\/\\\/vet-ecg.ddns.net\\\/\"},{\"@type\":\"ListItem\",\"position\":2,\"name\":\"MVD stade 3 (ISACHC) lors d&rsquo;insuffisance cardiaque globale.\"}]},{\"@type\":\"WebSite\",\"@id\":\"http:\\\/\\\/vet-ecg.ddns.net\\\/#website\",\"url\":\"http:\\\/\\\/vet-ecg.ddns.net\\\/\",\"name\":\"Blog d&#039;\u00e9lectrocardiographie v\u00e9t\u00e9rinaire\",\"description\":\"recueil d&#039;ECG de chiens et de chats\",\"publisher\":{\"@id\":\"http:\\\/\\\/vet-ecg.ddns.net\\\/#\\\/schema\\\/person\\\/fec4070a47e235fed904fab73cae00b4\"},\"alternateName\":\"\u00e9lectrocardiographie v\u00e9t\u00e9rinaire\",\"potentialAction\":[{\"@type\":\"SearchAction\",\"target\":{\"@type\":\"EntryPoint\",\"urlTemplate\":\"http:\\\/\\\/vet-ecg.ddns.net\\\/?s={search_term_string}\"},\"query-input\":{\"@type\":\"PropertyValueSpecification\",\"valueRequired\":true,\"valueName\":\"search_term_string\"}}],\"inLanguage\":\"fr-FR\"},{\"@type\":[\"Person\",\"Organization\"],\"@id\":\"http:\\\/\\\/vet-ecg.ddns.net\\\/#\\\/schema\\\/person\\\/fec4070a47e235fed904fab73cae00b4\",\"name\":\"admin\",\"image\":{\"@type\":\"ImageObject\",\"inLanguage\":\"fr-FR\",\"@id\":\"http:\\\/\\\/vet-ecg.ddns.net\\\/wp-content\\\/uploads\\\/2018\\\/04\\\/Zelda-2-ECG-248.jpg\",\"url\":\"http:\\\/\\\/vet-ecg.ddns.net\\\/wp-content\\\/uploads\\\/2018\\\/04\\\/Zelda-2-ECG-248.jpg\",\"contentUrl\":\"http:\\\/\\\/vet-ecg.ddns.net\\\/wp-content\\\/uploads\\\/2018\\\/04\\\/Zelda-2-ECG-248.jpg\",\"width\":248,\"height\":248,\"caption\":\"admin\"},\"logo\":{\"@id\":\"http:\\\/\\\/vet-ecg.ddns.net\\\/wp-content\\\/uploads\\\/2018\\\/04\\\/Zelda-2-ECG-248.jpg\"},\"description\":\"Les trac\u00e9s publi\u00e9s sur ce site sont issus de diff\u00e9rentes cliniques v\u00e9t\u00e9rinaires de Paris et de sa banlieue durant les 10 derni\u00e8res ann\u00e9es. Les ECG r\u00e9alis\u00e9s ont \u00e9t\u00e9 r\u00e9alis\u00e9s sur des chiens et des chats qui ont tous b\u00e9n\u00e9fici\u00e9 d'une \u00e9chocardiographie.\"}]}<\/script>\n<!-- \/ Yoast SEO plugin. -->","yoast_head_json":{"title":"MVD stade 3 (ISACHC) lors d'insuffisance cardiaque globale. - Blog d&#039;\u00e9lectrocardiographie v\u00e9t\u00e9rinaire","description":"Insuffisance cardiaque droite et gauche au cours d'une valvulopathie avanc\u00e9e. Dur\u00e9e de QRS augment\u00e9e au cours de cette MVD de stade 3 (ISACHC).","robots":{"index":"index","follow":"follow","max-snippet":"max-snippet:-1","max-image-preview":"max-image-preview:large","max-video-preview":"max-video-preview:-1"},"canonical":"http:\/\/vet-ecg.ddns.net\/index.php\/mvd-stade-3\/","twitter_misc":{"Dur\u00e9e de lecture estim\u00e9e":"1 minute"},"schema":{"@context":"https:\/\/schema.org","@graph":[{"@type":"WebPage","@id":"http:\/\/vet-ecg.ddns.net\/index.php\/mvd-stade-3\/","url":"http:\/\/vet-ecg.ddns.net\/index.php\/mvd-stade-3\/","name":"MVD stade 3 (ISACHC) lors d'insuffisance cardiaque globale. - Blog d&#039;\u00e9lectrocardiographie v\u00e9t\u00e9rinaire","isPartOf":{"@id":"http:\/\/vet-ecg.ddns.net\/#website"},"primaryImageOfPage":{"@id":"http:\/\/vet-ecg.ddns.net\/index.php\/mvd-stade-3\/#primaryimage"},"image":{"@id":"http:\/\/vet-ecg.ddns.net\/index.php\/mvd-stade-3\/#primaryimage"},"thumbnailUrl":"http:\/\/vet-ecg.ddns.net\/wp-content\/uploads\/mvd-3-st3.jpg","datePublished":"2019-06-05T10:16:38+00:00","dateModified":"2019-12-07T21:57:27+00:00","description":"Insuffisance cardiaque droite et gauche au cours d'une valvulopathie avanc\u00e9e. Dur\u00e9e de QRS augment\u00e9e au cours de cette MVD de stade 3 (ISACHC).","breadcrumb":{"@id":"http:\/\/vet-ecg.ddns.net\/index.php\/mvd-stade-3\/#breadcrumb"},"inLanguage":"fr-FR","potentialAction":[{"@type":"ReadAction","target":["http:\/\/vet-ecg.ddns.net\/index.php\/mvd-stade-3\/"]}]},{"@type":"ImageObject","inLanguage":"fr-FR","@id":"http:\/\/vet-ecg.ddns.net\/index.php\/mvd-stade-3\/#primaryimage","url":"http:\/\/vet-ecg.ddns.net\/wp-content\/uploads\/mvd-3-st3.jpg","contentUrl":"http:\/\/vet-ecg.ddns.net\/wp-content\/uploads\/mvd-3-st3.jpg","width":2893,"height":1993,"caption":"trac\u00e9 d'un stade 3 (ISACHC) de mvd"},{"@type":"BreadcrumbList","@id":"http:\/\/vet-ecg.ddns.net\/index.php\/mvd-stade-3\/#breadcrumb","itemListElement":[{"@type":"ListItem","position":1,"name":"Accueil","item":"http:\/\/vet-ecg.ddns.net\/"},{"@type":"ListItem","position":2,"name":"MVD stade 3 (ISACHC) lors d&rsquo;insuffisance cardiaque globale."}]},{"@type":"WebSite","@id":"http:\/\/vet-ecg.ddns.net\/#website","url":"http:\/\/vet-ecg.ddns.net\/","name":"Blog d&#039;\u00e9lectrocardiographie v\u00e9t\u00e9rinaire","description":"recueil d&#039;ECG de chiens et de chats","publisher":{"@id":"http:\/\/vet-ecg.ddns.net\/#\/schema\/person\/fec4070a47e235fed904fab73cae00b4"},"alternateName":"\u00e9lectrocardiographie v\u00e9t\u00e9rinaire","potentialAction":[{"@type":"SearchAction","target":{"@type":"EntryPoint","urlTemplate":"http:\/\/vet-ecg.ddns.net\/?s={search_term_string}"},"query-input":{"@type":"PropertyValueSpecification","valueRequired":true,"valueName":"search_term_string"}}],"inLanguage":"fr-FR"},{"@type":["Person","Organization"],"@id":"http:\/\/vet-ecg.ddns.net\/#\/schema\/person\/fec4070a47e235fed904fab73cae00b4","name":"admin","image":{"@type":"ImageObject","inLanguage":"fr-FR","@id":"http:\/\/vet-ecg.ddns.net\/wp-content\/uploads\/2018\/04\/Zelda-2-ECG-248.jpg","url":"http:\/\/vet-ecg.ddns.net\/wp-content\/uploads\/2018\/04\/Zelda-2-ECG-248.jpg","contentUrl":"http:\/\/vet-ecg.ddns.net\/wp-content\/uploads\/2018\/04\/Zelda-2-ECG-248.jpg","width":248,"height":248,"caption":"admin"},"logo":{"@id":"http:\/\/vet-ecg.ddns.net\/wp-content\/uploads\/2018\/04\/Zelda-2-ECG-248.jpg"},"description":"Les trac\u00e9s publi\u00e9s sur ce site sont issus de diff\u00e9rentes cliniques v\u00e9t\u00e9rinaires de Paris et de sa banlieue durant les 10 derni\u00e8res ann\u00e9es. Les ECG r\u00e9alis\u00e9s ont \u00e9t\u00e9 r\u00e9alis\u00e9s sur des chiens et des chats qui ont tous b\u00e9n\u00e9fici\u00e9 d'une \u00e9chocardiographie."}]}},"_links":{"self":[{"href":"http:\/\/vet-ecg.ddns.net\/index.php\/wp-json\/wp\/v2\/pages\/1824","targetHints":{"allow":["GET"]}}],"collection":[{"href":"http:\/\/vet-ecg.ddns.net\/index.php\/wp-json\/wp\/v2\/pages"}],"about":[{"href":"http:\/\/vet-ecg.ddns.net\/index.php\/wp-json\/wp\/v2\/types\/page"}],"author":[{"embeddable":true,"href":"http:\/\/vet-ecg.ddns.net\/index.php\/wp-json\/wp\/v2\/users\/1"}],"replies":[{"embeddable":true,"href":"http:\/\/vet-ecg.ddns.net\/index.php\/wp-json\/wp\/v2\/comments?post=1824"}],"version-history":[{"count":0,"href":"http:\/\/vet-ecg.ddns.net\/index.php\/wp-json\/wp\/v2\/pages\/1824\/revisions"}],"wp:attachment":[{"href":"http:\/\/vet-ecg.ddns.net\/index.php\/wp-json\/wp\/v2\/media?parent=1824"}],"curies":[{"name":"wp","href":"https:\/\/api.w.org\/{rel}","templated":true}]}}