{"id":1796,"date":"2019-05-31T14:09:03","date_gmt":"2019-05-31T12:09:03","guid":{"rendered":"http:\/\/vet-ecg.ddns.net\/?page_id=1796"},"modified":"2019-11-09T09:00:07","modified_gmt":"2019-11-09T08:00:07","slug":"mvd-de-stade-1-chez-un-ckc","status":"publish","type":"page","link":"http:\/\/vet-ecg.ddns.net\/index.php\/mvd-de-stade-1-chez-un-ckc\/","title":{"rendered":"MVD de stade 1 chez un ckc"},"content":{"rendered":"\n<figure class=\"wp-block-image\"><img loading=\"lazy\" decoding=\"async\" width=\"2000\" height=\"1385\" src=\"http:\/\/vet-ecg.ddns.net\/wp-content\/uploads\/mvd-st1-ckc.jpg\" alt=\"Rythme sinusal r\u00e9gulier avec arythmie respiratoire chez un cavalier king charles\" class=\"wp-image-1797\"\/><figcaption>Rythme sinusal avec arythmie respiratoire<\/figcaption><\/figure>\n\n\n<p>Ce cavalier king charles de 6 kg pr\u00e9sente\u00a0 un rythme sinusal de fr\u00e9quence comprise entre 150 et 180 bpm et sans anomalies notoires, except\u00e9e une fr\u00e9quence un peu \u00e9lev\u00e9e.<\/p>\n<p>En outre, on visualise l&rsquo;impact de la respiration sur la variation d&rsquo;amplitude des QRS, particuli\u00e8rement\u00a0 en AVL.<\/p>\n<p>Les dur\u00e9es\u00a0 et amplitudes de QRS sont dans les normes (50 ms et 2 mV en D2). Le temps d&rsquo;inscription de l&rsquo;onde R (d\u00e9flexion intrins\u00e9co\u00efde) ne montre pas d&rsquo;allongement et la dur\u00e9e de l&rsquo;onde P est inf\u00e9rieure \u00e0 40 ms.<\/p>\n<p>L&rsquo;axe de QRS (\u00c2QRS) est de 40\u00b0.<\/p>\n<p>On remarque une onde T diphasique qui reste de faible amplitude.<\/p>","protected":false},"excerpt":{"rendered":"<p>Ce cavalier king charles de 6 kg pr\u00e9sente\u00a0 un rythme sinusal de fr\u00e9quence comprise entre 150 et 180 bpm et sans anomalies notoires, except\u00e9e une fr\u00e9quence un peu \u00e9lev\u00e9e. En outre, on visualise l&rsquo;impact de la respiration sur la variation d&rsquo;amplitude des QRS, particuli\u00e8rement\u00a0 en AVL. Les dur\u00e9es\u00a0 et amplitudes de QRS sont dans les &hellip; <a href=\"http:\/\/vet-ecg.ddns.net\/index.php\/mvd-de-stade-1-chez-un-ckc\/\" class=\"more-link\">Continuer la lecture de <span class=\"screen-reader-text\">MVD de stade 1 chez un ckc<\/span><\/a><\/p>\n","protected":false},"author":1,"featured_media":0,"parent":0,"menu_order":0,"comment_status":"closed","ping_status":"closed","template":"","meta":{"footnotes":""},"class_list":["post-1796","page","type-page","status-publish","hentry"],"yoast_head":"<!-- This site is optimized with the Yoast SEO plugin v27.4 - https:\/\/yoast.com\/product\/yoast-seo-wordpress\/ -->\n<title>MVD de stade 1 chez un ckc - Blog d&#039;\u00e9lectrocardiographie v\u00e9t\u00e9rinaire<\/title>\n<meta name=\"description\" content=\"MVD de stade 1 (ISACHC) chez un chien de race cavalier king charles. Persistance de l&#039;arythmie respiratoire \u00e0 ce stade d\u00e9butant de la maladie.\" \/>\n<meta name=\"robots\" content=\"index, follow, max-snippet:-1, max-image-preview:large, max-video-preview:-1\" \/>\n<link rel=\"canonical\" href=\"http:\/\/vet-ecg.ddns.net\/index.php\/mvd-de-stade-1-chez-un-ckc\/\" \/>\n<meta name=\"twitter:label1\" content=\"Dur\u00e9e de lecture estim\u00e9e\" \/>\n\t<meta name=\"twitter:data1\" content=\"1 minute\" \/>\n<script type=\"application\/ld+json\" class=\"yoast-schema-graph\">{\"@context\":\"https:\\\/\\\/schema.org\",\"@graph\":[{\"@type\":\"WebPage\",\"@id\":\"http:\\\/\\\/vet-ecg.ddns.net\\\/index.php\\\/mvd-de-stade-1-chez-un-ckc\\\/\",\"url\":\"http:\\\/\\\/vet-ecg.ddns.net\\\/index.php\\\/mvd-de-stade-1-chez-un-ckc\\\/\",\"name\":\"MVD de stade 1 chez un ckc - Blog d&#039;\u00e9lectrocardiographie v\u00e9t\u00e9rinaire\",\"isPartOf\":{\"@id\":\"http:\\\/\\\/vet-ecg.ddns.net\\\/#website\"},\"primaryImageOfPage\":{\"@id\":\"http:\\\/\\\/vet-ecg.ddns.net\\\/index.php\\\/mvd-de-stade-1-chez-un-ckc\\\/#primaryimage\"},\"image\":{\"@id\":\"http:\\\/\\\/vet-ecg.ddns.net\\\/index.php\\\/mvd-de-stade-1-chez-un-ckc\\\/#primaryimage\"},\"thumbnailUrl\":\"http:\\\/\\\/vet-ecg.ddns.net\\\/wp-content\\\/uploads\\\/mvd-st1-ckc.jpg\",\"datePublished\":\"2019-05-31T12:09:03+00:00\",\"dateModified\":\"2019-11-09T08:00:07+00:00\",\"description\":\"MVD de stade 1 (ISACHC) chez un chien de race cavalier king charles. Persistance de l'arythmie respiratoire \u00e0 ce stade d\u00e9butant de la maladie.\",\"breadcrumb\":{\"@id\":\"http:\\\/\\\/vet-ecg.ddns.net\\\/index.php\\\/mvd-de-stade-1-chez-un-ckc\\\/#breadcrumb\"},\"inLanguage\":\"fr-FR\",\"potentialAction\":[{\"@type\":\"ReadAction\",\"target\":[\"http:\\\/\\\/vet-ecg.ddns.net\\\/index.php\\\/mvd-de-stade-1-chez-un-ckc\\\/\"]}]},{\"@type\":\"ImageObject\",\"inLanguage\":\"fr-FR\",\"@id\":\"http:\\\/\\\/vet-ecg.ddns.net\\\/index.php\\\/mvd-de-stade-1-chez-un-ckc\\\/#primaryimage\",\"url\":\"http:\\\/\\\/vet-ecg.ddns.net\\\/wp-content\\\/uploads\\\/mvd-st1-ckc.jpg\",\"contentUrl\":\"http:\\\/\\\/vet-ecg.ddns.net\\\/wp-content\\\/uploads\\\/mvd-st1-ckc.jpg\",\"width\":2000,\"height\":1385},{\"@type\":\"BreadcrumbList\",\"@id\":\"http:\\\/\\\/vet-ecg.ddns.net\\\/index.php\\\/mvd-de-stade-1-chez-un-ckc\\\/#breadcrumb\",\"itemListElement\":[{\"@type\":\"ListItem\",\"position\":1,\"name\":\"Accueil\",\"item\":\"http:\\\/\\\/vet-ecg.ddns.net\\\/\"},{\"@type\":\"ListItem\",\"position\":2,\"name\":\"MVD de stade 1 chez un ckc\"}]},{\"@type\":\"WebSite\",\"@id\":\"http:\\\/\\\/vet-ecg.ddns.net\\\/#website\",\"url\":\"http:\\\/\\\/vet-ecg.ddns.net\\\/\",\"name\":\"Blog d&#039;\u00e9lectrocardiographie v\u00e9t\u00e9rinaire\",\"description\":\"recueil d&#039;ECG de chiens et de chats\",\"publisher\":{\"@id\":\"http:\\\/\\\/vet-ecg.ddns.net\\\/#\\\/schema\\\/person\\\/fec4070a47e235fed904fab73cae00b4\"},\"alternateName\":\"\u00e9lectrocardiographie v\u00e9t\u00e9rinaire\",\"potentialAction\":[{\"@type\":\"SearchAction\",\"target\":{\"@type\":\"EntryPoint\",\"urlTemplate\":\"http:\\\/\\\/vet-ecg.ddns.net\\\/?s={search_term_string}\"},\"query-input\":{\"@type\":\"PropertyValueSpecification\",\"valueRequired\":true,\"valueName\":\"search_term_string\"}}],\"inLanguage\":\"fr-FR\"},{\"@type\":[\"Person\",\"Organization\"],\"@id\":\"http:\\\/\\\/vet-ecg.ddns.net\\\/#\\\/schema\\\/person\\\/fec4070a47e235fed904fab73cae00b4\",\"name\":\"admin\",\"image\":{\"@type\":\"ImageObject\",\"inLanguage\":\"fr-FR\",\"@id\":\"http:\\\/\\\/vet-ecg.ddns.net\\\/wp-content\\\/uploads\\\/2018\\\/04\\\/Zelda-2-ECG-248.jpg\",\"url\":\"http:\\\/\\\/vet-ecg.ddns.net\\\/wp-content\\\/uploads\\\/2018\\\/04\\\/Zelda-2-ECG-248.jpg\",\"contentUrl\":\"http:\\\/\\\/vet-ecg.ddns.net\\\/wp-content\\\/uploads\\\/2018\\\/04\\\/Zelda-2-ECG-248.jpg\",\"width\":248,\"height\":248,\"caption\":\"admin\"},\"logo\":{\"@id\":\"http:\\\/\\\/vet-ecg.ddns.net\\\/wp-content\\\/uploads\\\/2018\\\/04\\\/Zelda-2-ECG-248.jpg\"},\"description\":\"Les trac\u00e9s publi\u00e9s sur ce site sont issus de diff\u00e9rentes cliniques v\u00e9t\u00e9rinaires de Paris et de sa banlieue durant les 10 derni\u00e8res ann\u00e9es. Les ECG r\u00e9alis\u00e9s ont \u00e9t\u00e9 r\u00e9alis\u00e9s sur des chiens et des chats qui ont tous b\u00e9n\u00e9fici\u00e9 d'une \u00e9chocardiographie.\"}]}<\/script>\n<!-- \/ Yoast SEO plugin. -->","yoast_head_json":{"title":"MVD de stade 1 chez un ckc - Blog d&#039;\u00e9lectrocardiographie v\u00e9t\u00e9rinaire","description":"MVD de stade 1 (ISACHC) chez un chien de race cavalier king charles. Persistance de l'arythmie respiratoire \u00e0 ce stade d\u00e9butant de la maladie.","robots":{"index":"index","follow":"follow","max-snippet":"max-snippet:-1","max-image-preview":"max-image-preview:large","max-video-preview":"max-video-preview:-1"},"canonical":"http:\/\/vet-ecg.ddns.net\/index.php\/mvd-de-stade-1-chez-un-ckc\/","twitter_misc":{"Dur\u00e9e de lecture estim\u00e9e":"1 minute"},"schema":{"@context":"https:\/\/schema.org","@graph":[{"@type":"WebPage","@id":"http:\/\/vet-ecg.ddns.net\/index.php\/mvd-de-stade-1-chez-un-ckc\/","url":"http:\/\/vet-ecg.ddns.net\/index.php\/mvd-de-stade-1-chez-un-ckc\/","name":"MVD de stade 1 chez un ckc - Blog d&#039;\u00e9lectrocardiographie v\u00e9t\u00e9rinaire","isPartOf":{"@id":"http:\/\/vet-ecg.ddns.net\/#website"},"primaryImageOfPage":{"@id":"http:\/\/vet-ecg.ddns.net\/index.php\/mvd-de-stade-1-chez-un-ckc\/#primaryimage"},"image":{"@id":"http:\/\/vet-ecg.ddns.net\/index.php\/mvd-de-stade-1-chez-un-ckc\/#primaryimage"},"thumbnailUrl":"http:\/\/vet-ecg.ddns.net\/wp-content\/uploads\/mvd-st1-ckc.jpg","datePublished":"2019-05-31T12:09:03+00:00","dateModified":"2019-11-09T08:00:07+00:00","description":"MVD de stade 1 (ISACHC) chez un chien de race cavalier king charles. Persistance de l'arythmie respiratoire \u00e0 ce stade d\u00e9butant de la maladie.","breadcrumb":{"@id":"http:\/\/vet-ecg.ddns.net\/index.php\/mvd-de-stade-1-chez-un-ckc\/#breadcrumb"},"inLanguage":"fr-FR","potentialAction":[{"@type":"ReadAction","target":["http:\/\/vet-ecg.ddns.net\/index.php\/mvd-de-stade-1-chez-un-ckc\/"]}]},{"@type":"ImageObject","inLanguage":"fr-FR","@id":"http:\/\/vet-ecg.ddns.net\/index.php\/mvd-de-stade-1-chez-un-ckc\/#primaryimage","url":"http:\/\/vet-ecg.ddns.net\/wp-content\/uploads\/mvd-st1-ckc.jpg","contentUrl":"http:\/\/vet-ecg.ddns.net\/wp-content\/uploads\/mvd-st1-ckc.jpg","width":2000,"height":1385},{"@type":"BreadcrumbList","@id":"http:\/\/vet-ecg.ddns.net\/index.php\/mvd-de-stade-1-chez-un-ckc\/#breadcrumb","itemListElement":[{"@type":"ListItem","position":1,"name":"Accueil","item":"http:\/\/vet-ecg.ddns.net\/"},{"@type":"ListItem","position":2,"name":"MVD de stade 1 chez un ckc"}]},{"@type":"WebSite","@id":"http:\/\/vet-ecg.ddns.net\/#website","url":"http:\/\/vet-ecg.ddns.net\/","name":"Blog d&#039;\u00e9lectrocardiographie v\u00e9t\u00e9rinaire","description":"recueil d&#039;ECG de chiens et de chats","publisher":{"@id":"http:\/\/vet-ecg.ddns.net\/#\/schema\/person\/fec4070a47e235fed904fab73cae00b4"},"alternateName":"\u00e9lectrocardiographie v\u00e9t\u00e9rinaire","potentialAction":[{"@type":"SearchAction","target":{"@type":"EntryPoint","urlTemplate":"http:\/\/vet-ecg.ddns.net\/?s={search_term_string}"},"query-input":{"@type":"PropertyValueSpecification","valueRequired":true,"valueName":"search_term_string"}}],"inLanguage":"fr-FR"},{"@type":["Person","Organization"],"@id":"http:\/\/vet-ecg.ddns.net\/#\/schema\/person\/fec4070a47e235fed904fab73cae00b4","name":"admin","image":{"@type":"ImageObject","inLanguage":"fr-FR","@id":"http:\/\/vet-ecg.ddns.net\/wp-content\/uploads\/2018\/04\/Zelda-2-ECG-248.jpg","url":"http:\/\/vet-ecg.ddns.net\/wp-content\/uploads\/2018\/04\/Zelda-2-ECG-248.jpg","contentUrl":"http:\/\/vet-ecg.ddns.net\/wp-content\/uploads\/2018\/04\/Zelda-2-ECG-248.jpg","width":248,"height":248,"caption":"admin"},"logo":{"@id":"http:\/\/vet-ecg.ddns.net\/wp-content\/uploads\/2018\/04\/Zelda-2-ECG-248.jpg"},"description":"Les trac\u00e9s publi\u00e9s sur ce site sont issus de diff\u00e9rentes cliniques v\u00e9t\u00e9rinaires de Paris et de sa banlieue durant les 10 derni\u00e8res ann\u00e9es. Les ECG r\u00e9alis\u00e9s ont \u00e9t\u00e9 r\u00e9alis\u00e9s sur des chiens et des chats qui ont tous b\u00e9n\u00e9fici\u00e9 d'une \u00e9chocardiographie."}]}},"_links":{"self":[{"href":"http:\/\/vet-ecg.ddns.net\/index.php\/wp-json\/wp\/v2\/pages\/1796","targetHints":{"allow":["GET"]}}],"collection":[{"href":"http:\/\/vet-ecg.ddns.net\/index.php\/wp-json\/wp\/v2\/pages"}],"about":[{"href":"http:\/\/vet-ecg.ddns.net\/index.php\/wp-json\/wp\/v2\/types\/page"}],"author":[{"embeddable":true,"href":"http:\/\/vet-ecg.ddns.net\/index.php\/wp-json\/wp\/v2\/users\/1"}],"replies":[{"embeddable":true,"href":"http:\/\/vet-ecg.ddns.net\/index.php\/wp-json\/wp\/v2\/comments?post=1796"}],"version-history":[{"count":0,"href":"http:\/\/vet-ecg.ddns.net\/index.php\/wp-json\/wp\/v2\/pages\/1796\/revisions"}],"wp:attachment":[{"href":"http:\/\/vet-ecg.ddns.net\/index.php\/wp-json\/wp\/v2\/media?parent=1796"}],"curies":[{"name":"wp","href":"https:\/\/api.w.org\/{rel}","templated":true}]}}