{"id":1781,"date":"2019-05-28T12:56:42","date_gmt":"2019-05-28T10:56:42","guid":{"rendered":"http:\/\/vet-ecg.ddns.net\/?page_id=1781"},"modified":"2019-12-08T11:15:31","modified_gmt":"2019-12-08T10:15:31","slug":"mvd-de-stade-1","status":"publish","type":"page","link":"http:\/\/vet-ecg.ddns.net\/index.php\/mvd-de-stade-1\/","title":{"rendered":"mvd d\u00e9butante chez un golden"},"content":{"rendered":"\n<figure class=\"wp-block-image\"><img loading=\"lazy\" decoding=\"async\" width=\"2739\" height=\"1985\" src=\"http:\/\/vet-ecg.ddns.net\/wp-content\/uploads\/mvd-st1-42kg.jpg\" alt=\"maladie valvulaire d\u00e9g\u00e9n\u00e9rative d\u00e9butante\" class=\"wp-image-1782\"\/><figcaption>maladie valvulaire d\u00e9g\u00e9n\u00e9rative d\u00e9butante<\/figcaption><\/figure>\n\n\n<p>Sur ce trac\u00e9 de maladie valvulaire d\u00e9g\u00e9n\u00e9rative (mvd) enregistr\u00e9 \u00e0 25 mm\/s et 10 mm\/mV, on remarque une fr\u00e9quence cardiaque habituelle pour un chien de ce format, pourtant stress\u00e9, comme le prouve la ligne de base.<\/p>\n<p>Il s&rsquo;agit d&rsquo;un trac\u00e9 de mvd d\u00e9butante.<\/p>\n<p>La dur\u00e9e et l&rsquo;amplitude des QRS sont dans les normes.<\/p>\n<p>Il y a cependant quelques particularit\u00e9s sur cet enregistrement:<\/p>\n<p>On mesure un intervalle PQ \u00e0 140 ms et des ondes P bifides en D1 alors que l&rsquo;\u00e9chographie ne met pas en \u00e9vidence de dilatation atriale gauche (stade 1a &#8211; ISACHC).<\/p>\n<p>Il existe donc un BAV-1 et un bloc inter-atrial.<\/p>","protected":false},"excerpt":{"rendered":"<p>Sur ce trac\u00e9 de maladie valvulaire d\u00e9g\u00e9n\u00e9rative (mvd) enregistr\u00e9 \u00e0 25 mm\/s et 10 mm\/mV, on remarque une fr\u00e9quence cardiaque habituelle pour un chien de ce format, pourtant stress\u00e9, comme le prouve la ligne de base. Il s&rsquo;agit d&rsquo;un trac\u00e9 de mvd d\u00e9butante. La dur\u00e9e et l&rsquo;amplitude des QRS sont dans les normes. Il y &hellip; <a href=\"http:\/\/vet-ecg.ddns.net\/index.php\/mvd-de-stade-1\/\" class=\"more-link\">Continuer la lecture de <span class=\"screen-reader-text\">mvd d\u00e9butante chez un golden<\/span><\/a><\/p>\n","protected":false},"author":1,"featured_media":0,"parent":0,"menu_order":0,"comment_status":"closed","ping_status":"closed","template":"","meta":{"footnotes":""},"class_list":["post-1781","page","type-page","status-publish","hentry"],"yoast_head":"<!-- This site is optimized with the Yoast SEO plugin v27.4 - https:\/\/yoast.com\/product\/yoast-seo-wordpress\/ -->\n<title>mvd d\u00e9butante chez un golden - Blog d&#039;\u00e9lectrocardiographie v\u00e9t\u00e9rinaire<\/title>\n<meta name=\"description\" content=\"Maladie valvulaire d\u00e9g\u00e9n\u00e9rative d\u00e9butante chez un chien de grand format. Les anomalies de l&#039;ECG ne sont probablement pas en rapport avec la valvulopathie.\" \/>\n<meta name=\"robots\" content=\"index, follow, max-snippet:-1, max-image-preview:large, max-video-preview:-1\" \/>\n<link rel=\"canonical\" href=\"http:\/\/vet-ecg.ddns.net\/index.php\/mvd-de-stade-1\/\" \/>\n<meta name=\"twitter:label1\" content=\"Dur\u00e9e de lecture estim\u00e9e\" \/>\n\t<meta name=\"twitter:data1\" content=\"1 minute\" \/>\n<script type=\"application\/ld+json\" class=\"yoast-schema-graph\">{\"@context\":\"https:\\\/\\\/schema.org\",\"@graph\":[{\"@type\":\"WebPage\",\"@id\":\"http:\\\/\\\/vet-ecg.ddns.net\\\/index.php\\\/mvd-de-stade-1\\\/\",\"url\":\"http:\\\/\\\/vet-ecg.ddns.net\\\/index.php\\\/mvd-de-stade-1\\\/\",\"name\":\"mvd d\u00e9butante chez un golden - Blog d&#039;\u00e9lectrocardiographie v\u00e9t\u00e9rinaire\",\"isPartOf\":{\"@id\":\"http:\\\/\\\/vet-ecg.ddns.net\\\/#website\"},\"primaryImageOfPage\":{\"@id\":\"http:\\\/\\\/vet-ecg.ddns.net\\\/index.php\\\/mvd-de-stade-1\\\/#primaryimage\"},\"image\":{\"@id\":\"http:\\\/\\\/vet-ecg.ddns.net\\\/index.php\\\/mvd-de-stade-1\\\/#primaryimage\"},\"thumbnailUrl\":\"http:\\\/\\\/vet-ecg.ddns.net\\\/wp-content\\\/uploads\\\/mvd-st1-42kg.jpg\",\"datePublished\":\"2019-05-28T10:56:42+00:00\",\"dateModified\":\"2019-12-08T10:15:31+00:00\",\"description\":\"Maladie valvulaire d\u00e9g\u00e9n\u00e9rative d\u00e9butante chez un chien de grand format. Les anomalies de l'ECG ne sont probablement pas en rapport avec la valvulopathie.\",\"breadcrumb\":{\"@id\":\"http:\\\/\\\/vet-ecg.ddns.net\\\/index.php\\\/mvd-de-stade-1\\\/#breadcrumb\"},\"inLanguage\":\"fr-FR\",\"potentialAction\":[{\"@type\":\"ReadAction\",\"target\":[\"http:\\\/\\\/vet-ecg.ddns.net\\\/index.php\\\/mvd-de-stade-1\\\/\"]}]},{\"@type\":\"ImageObject\",\"inLanguage\":\"fr-FR\",\"@id\":\"http:\\\/\\\/vet-ecg.ddns.net\\\/index.php\\\/mvd-de-stade-1\\\/#primaryimage\",\"url\":\"http:\\\/\\\/vet-ecg.ddns.net\\\/wp-content\\\/uploads\\\/mvd-st1-42kg.jpg\",\"contentUrl\":\"http:\\\/\\\/vet-ecg.ddns.net\\\/wp-content\\\/uploads\\\/mvd-st1-42kg.jpg\",\"width\":2739,\"height\":1985},{\"@type\":\"BreadcrumbList\",\"@id\":\"http:\\\/\\\/vet-ecg.ddns.net\\\/index.php\\\/mvd-de-stade-1\\\/#breadcrumb\",\"itemListElement\":[{\"@type\":\"ListItem\",\"position\":1,\"name\":\"Accueil\",\"item\":\"http:\\\/\\\/vet-ecg.ddns.net\\\/\"},{\"@type\":\"ListItem\",\"position\":2,\"name\":\"mvd d\u00e9butante chez un golden\"}]},{\"@type\":\"WebSite\",\"@id\":\"http:\\\/\\\/vet-ecg.ddns.net\\\/#website\",\"url\":\"http:\\\/\\\/vet-ecg.ddns.net\\\/\",\"name\":\"Blog d&#039;\u00e9lectrocardiographie v\u00e9t\u00e9rinaire\",\"description\":\"recueil d&#039;ECG de chiens et de chats\",\"publisher\":{\"@id\":\"http:\\\/\\\/vet-ecg.ddns.net\\\/#\\\/schema\\\/person\\\/fec4070a47e235fed904fab73cae00b4\"},\"alternateName\":\"\u00e9lectrocardiographie v\u00e9t\u00e9rinaire\",\"potentialAction\":[{\"@type\":\"SearchAction\",\"target\":{\"@type\":\"EntryPoint\",\"urlTemplate\":\"http:\\\/\\\/vet-ecg.ddns.net\\\/?s={search_term_string}\"},\"query-input\":{\"@type\":\"PropertyValueSpecification\",\"valueRequired\":true,\"valueName\":\"search_term_string\"}}],\"inLanguage\":\"fr-FR\"},{\"@type\":[\"Person\",\"Organization\"],\"@id\":\"http:\\\/\\\/vet-ecg.ddns.net\\\/#\\\/schema\\\/person\\\/fec4070a47e235fed904fab73cae00b4\",\"name\":\"admin\",\"image\":{\"@type\":\"ImageObject\",\"inLanguage\":\"fr-FR\",\"@id\":\"http:\\\/\\\/vet-ecg.ddns.net\\\/wp-content\\\/uploads\\\/2018\\\/04\\\/Zelda-2-ECG-248.jpg\",\"url\":\"http:\\\/\\\/vet-ecg.ddns.net\\\/wp-content\\\/uploads\\\/2018\\\/04\\\/Zelda-2-ECG-248.jpg\",\"contentUrl\":\"http:\\\/\\\/vet-ecg.ddns.net\\\/wp-content\\\/uploads\\\/2018\\\/04\\\/Zelda-2-ECG-248.jpg\",\"width\":248,\"height\":248,\"caption\":\"admin\"},\"logo\":{\"@id\":\"http:\\\/\\\/vet-ecg.ddns.net\\\/wp-content\\\/uploads\\\/2018\\\/04\\\/Zelda-2-ECG-248.jpg\"},\"description\":\"Les trac\u00e9s publi\u00e9s sur ce site sont issus de diff\u00e9rentes cliniques v\u00e9t\u00e9rinaires de Paris et de sa banlieue durant les 10 derni\u00e8res ann\u00e9es. Les ECG r\u00e9alis\u00e9s ont \u00e9t\u00e9 r\u00e9alis\u00e9s sur des chiens et des chats qui ont tous b\u00e9n\u00e9fici\u00e9 d'une \u00e9chocardiographie.\"}]}<\/script>\n<!-- \/ Yoast SEO plugin. -->","yoast_head_json":{"title":"mvd d\u00e9butante chez un golden - Blog d&#039;\u00e9lectrocardiographie v\u00e9t\u00e9rinaire","description":"Maladie valvulaire d\u00e9g\u00e9n\u00e9rative d\u00e9butante chez un chien de grand format. Les anomalies de l'ECG ne sont probablement pas en rapport avec la valvulopathie.","robots":{"index":"index","follow":"follow","max-snippet":"max-snippet:-1","max-image-preview":"max-image-preview:large","max-video-preview":"max-video-preview:-1"},"canonical":"http:\/\/vet-ecg.ddns.net\/index.php\/mvd-de-stade-1\/","twitter_misc":{"Dur\u00e9e de lecture estim\u00e9e":"1 minute"},"schema":{"@context":"https:\/\/schema.org","@graph":[{"@type":"WebPage","@id":"http:\/\/vet-ecg.ddns.net\/index.php\/mvd-de-stade-1\/","url":"http:\/\/vet-ecg.ddns.net\/index.php\/mvd-de-stade-1\/","name":"mvd d\u00e9butante chez un golden - Blog d&#039;\u00e9lectrocardiographie v\u00e9t\u00e9rinaire","isPartOf":{"@id":"http:\/\/vet-ecg.ddns.net\/#website"},"primaryImageOfPage":{"@id":"http:\/\/vet-ecg.ddns.net\/index.php\/mvd-de-stade-1\/#primaryimage"},"image":{"@id":"http:\/\/vet-ecg.ddns.net\/index.php\/mvd-de-stade-1\/#primaryimage"},"thumbnailUrl":"http:\/\/vet-ecg.ddns.net\/wp-content\/uploads\/mvd-st1-42kg.jpg","datePublished":"2019-05-28T10:56:42+00:00","dateModified":"2019-12-08T10:15:31+00:00","description":"Maladie valvulaire d\u00e9g\u00e9n\u00e9rative d\u00e9butante chez un chien de grand format. Les anomalies de l'ECG ne sont probablement pas en rapport avec la valvulopathie.","breadcrumb":{"@id":"http:\/\/vet-ecg.ddns.net\/index.php\/mvd-de-stade-1\/#breadcrumb"},"inLanguage":"fr-FR","potentialAction":[{"@type":"ReadAction","target":["http:\/\/vet-ecg.ddns.net\/index.php\/mvd-de-stade-1\/"]}]},{"@type":"ImageObject","inLanguage":"fr-FR","@id":"http:\/\/vet-ecg.ddns.net\/index.php\/mvd-de-stade-1\/#primaryimage","url":"http:\/\/vet-ecg.ddns.net\/wp-content\/uploads\/mvd-st1-42kg.jpg","contentUrl":"http:\/\/vet-ecg.ddns.net\/wp-content\/uploads\/mvd-st1-42kg.jpg","width":2739,"height":1985},{"@type":"BreadcrumbList","@id":"http:\/\/vet-ecg.ddns.net\/index.php\/mvd-de-stade-1\/#breadcrumb","itemListElement":[{"@type":"ListItem","position":1,"name":"Accueil","item":"http:\/\/vet-ecg.ddns.net\/"},{"@type":"ListItem","position":2,"name":"mvd d\u00e9butante chez un golden"}]},{"@type":"WebSite","@id":"http:\/\/vet-ecg.ddns.net\/#website","url":"http:\/\/vet-ecg.ddns.net\/","name":"Blog d&#039;\u00e9lectrocardiographie v\u00e9t\u00e9rinaire","description":"recueil d&#039;ECG de chiens et de chats","publisher":{"@id":"http:\/\/vet-ecg.ddns.net\/#\/schema\/person\/fec4070a47e235fed904fab73cae00b4"},"alternateName":"\u00e9lectrocardiographie v\u00e9t\u00e9rinaire","potentialAction":[{"@type":"SearchAction","target":{"@type":"EntryPoint","urlTemplate":"http:\/\/vet-ecg.ddns.net\/?s={search_term_string}"},"query-input":{"@type":"PropertyValueSpecification","valueRequired":true,"valueName":"search_term_string"}}],"inLanguage":"fr-FR"},{"@type":["Person","Organization"],"@id":"http:\/\/vet-ecg.ddns.net\/#\/schema\/person\/fec4070a47e235fed904fab73cae00b4","name":"admin","image":{"@type":"ImageObject","inLanguage":"fr-FR","@id":"http:\/\/vet-ecg.ddns.net\/wp-content\/uploads\/2018\/04\/Zelda-2-ECG-248.jpg","url":"http:\/\/vet-ecg.ddns.net\/wp-content\/uploads\/2018\/04\/Zelda-2-ECG-248.jpg","contentUrl":"http:\/\/vet-ecg.ddns.net\/wp-content\/uploads\/2018\/04\/Zelda-2-ECG-248.jpg","width":248,"height":248,"caption":"admin"},"logo":{"@id":"http:\/\/vet-ecg.ddns.net\/wp-content\/uploads\/2018\/04\/Zelda-2-ECG-248.jpg"},"description":"Les trac\u00e9s publi\u00e9s sur ce site sont issus de diff\u00e9rentes cliniques v\u00e9t\u00e9rinaires de Paris et de sa banlieue durant les 10 derni\u00e8res ann\u00e9es. Les ECG r\u00e9alis\u00e9s ont \u00e9t\u00e9 r\u00e9alis\u00e9s sur des chiens et des chats qui ont tous b\u00e9n\u00e9fici\u00e9 d'une \u00e9chocardiographie."}]}},"_links":{"self":[{"href":"http:\/\/vet-ecg.ddns.net\/index.php\/wp-json\/wp\/v2\/pages\/1781","targetHints":{"allow":["GET"]}}],"collection":[{"href":"http:\/\/vet-ecg.ddns.net\/index.php\/wp-json\/wp\/v2\/pages"}],"about":[{"href":"http:\/\/vet-ecg.ddns.net\/index.php\/wp-json\/wp\/v2\/types\/page"}],"author":[{"embeddable":true,"href":"http:\/\/vet-ecg.ddns.net\/index.php\/wp-json\/wp\/v2\/users\/1"}],"replies":[{"embeddable":true,"href":"http:\/\/vet-ecg.ddns.net\/index.php\/wp-json\/wp\/v2\/comments?post=1781"}],"version-history":[{"count":0,"href":"http:\/\/vet-ecg.ddns.net\/index.php\/wp-json\/wp\/v2\/pages\/1781\/revisions"}],"wp:attachment":[{"href":"http:\/\/vet-ecg.ddns.net\/index.php\/wp-json\/wp\/v2\/media?parent=1781"}],"curies":[{"name":"wp","href":"https:\/\/api.w.org\/{rel}","templated":true}]}}