{"id":1605,"date":"2019-05-08T19:21:12","date_gmt":"2019-05-08T17:21:12","guid":{"rendered":"http:\/\/192.168.1.104\/?page_id=1605"},"modified":"2019-11-10T19:18:17","modified_gmt":"2019-11-10T18:18:17","slug":"hyperkaliemie-1-2","status":"publish","type":"page","link":"http:\/\/vet-ecg.ddns.net\/index.php\/hyperkaliemie-1-2\/","title":{"rendered":"Hyperkali\u00e9mie-1"},"content":{"rendered":"\n<figure class=\"wp-block-image\"><img loading=\"lazy\" decoding=\"async\" width=\"2119\" height=\"1995\" src=\"http:\/\/vet-ecg.ddns.net\/wp-content\/uploads\/hyper-k-1.jpg\" alt=\"hyperkali\u00e9mie et maladie d'Addison\" class=\"wp-image-1606\"\/><figcaption>Hyperkali\u00e9mie accompagnant une maladie d&rsquo;Addison<\/figcaption><\/figure>\n\n\n\n<p>Cette bradycardie \u00e0 50 bpm n&rsquo;est pas sinusale. <\/p>\n\n\n<p>En effet, aucune onde P n&rsquo;est visible.&nbsp; Il s&rsquo;agit d&rsquo; un rythme d&rsquo;\u00e9chappement jonctionnel (QRS peu \u00e9largis) qui est d\u00fb \u00e0 une kali\u00e9mie \u00e0 6,5 meQ\/l et qui a paralys\u00e9 le n\u0153ud sinusal.<\/p>\n\n\n<p>On observe une dur\u00e9e de QRS  augment\u00e9e chez  ce bouledogue fran\u00e7ais, atteint de maladie d&rsquo;Addison,<\/p>\n\n\n\n<p>L&rsquo;amplitude de l&rsquo;onde R est diminu\u00e9e tandis que celle de l&rsquo;onde T est augment\u00e9e (100% de l&rsquo;onde R en AVF)<\/p>\n","protected":false},"excerpt":{"rendered":"<p>Cette bradycardie \u00e0 50 bpm n&rsquo;est pas sinusale. En effet, aucune onde P n&rsquo;est visible.&nbsp; Il s&rsquo;agit d&rsquo; un rythme d&rsquo;\u00e9chappement jonctionnel (QRS peu \u00e9largis) qui est d\u00fb \u00e0 une kali\u00e9mie \u00e0 6,5 meQ\/l et qui a paralys\u00e9 le n\u0153ud sinusal. On observe une dur\u00e9e de QRS augment\u00e9e chez ce bouledogue fran\u00e7ais, atteint de maladie &hellip; <a href=\"http:\/\/vet-ecg.ddns.net\/index.php\/hyperkaliemie-1-2\/\" class=\"more-link\">Continuer la lecture de <span class=\"screen-reader-text\">Hyperkali\u00e9mie-1<\/span><\/a><\/p>\n","protected":false},"author":1,"featured_media":0,"parent":0,"menu_order":0,"comment_status":"closed","ping_status":"closed","template":"","meta":{"footnotes":""},"class_list":["post-1605","page","type-page","status-publish","hentry"],"yoast_head":"<!-- This site is optimized with the Yoast SEO plugin v27.4 - https:\/\/yoast.com\/product\/yoast-seo-wordpress\/ -->\n<title>Hyperkali\u00e9mie-1 - Blog d&#039;\u00e9lectrocardiographie v\u00e9t\u00e9rinaire<\/title>\n<meta name=\"description\" content=\"Hyperkali\u00e9mie chez un bouledogue fran\u00e7ais atteint de maladie d&#039;Addison. Rythme d&#039;\u00e9chappement du \u00e0 une paralysie sinusale.\" \/>\n<meta name=\"robots\" content=\"index, follow, max-snippet:-1, max-image-preview:large, max-video-preview:-1\" \/>\n<link rel=\"canonical\" href=\"http:\/\/vet-ecg.ddns.net\/index.php\/hyperkaliemie-1-2\/\" \/>\n<script type=\"application\/ld+json\" class=\"yoast-schema-graph\">{\"@context\":\"https:\\\/\\\/schema.org\",\"@graph\":[{\"@type\":\"WebPage\",\"@id\":\"http:\\\/\\\/vet-ecg.ddns.net\\\/index.php\\\/hyperkaliemie-1-2\\\/\",\"url\":\"http:\\\/\\\/vet-ecg.ddns.net\\\/index.php\\\/hyperkaliemie-1-2\\\/\",\"name\":\"Hyperkali\u00e9mie-1 - Blog d&#039;\u00e9lectrocardiographie v\u00e9t\u00e9rinaire\",\"isPartOf\":{\"@id\":\"http:\\\/\\\/vet-ecg.ddns.net\\\/#website\"},\"primaryImageOfPage\":{\"@id\":\"http:\\\/\\\/vet-ecg.ddns.net\\\/index.php\\\/hyperkaliemie-1-2\\\/#primaryimage\"},\"image\":{\"@id\":\"http:\\\/\\\/vet-ecg.ddns.net\\\/index.php\\\/hyperkaliemie-1-2\\\/#primaryimage\"},\"thumbnailUrl\":\"http:\\\/\\\/vet-ecg.ddns.net\\\/wp-content\\\/uploads\\\/hyper-k-1.jpg\",\"datePublished\":\"2019-05-08T17:21:12+00:00\",\"dateModified\":\"2019-11-10T18:18:17+00:00\",\"description\":\"Hyperkali\u00e9mie chez un bouledogue fran\u00e7ais atteint de maladie d'Addison. Rythme d'\u00e9chappement du \u00e0 une paralysie sinusale.\",\"breadcrumb\":{\"@id\":\"http:\\\/\\\/vet-ecg.ddns.net\\\/index.php\\\/hyperkaliemie-1-2\\\/#breadcrumb\"},\"inLanguage\":\"fr-FR\",\"potentialAction\":[{\"@type\":\"ReadAction\",\"target\":[\"http:\\\/\\\/vet-ecg.ddns.net\\\/index.php\\\/hyperkaliemie-1-2\\\/\"]}]},{\"@type\":\"ImageObject\",\"inLanguage\":\"fr-FR\",\"@id\":\"http:\\\/\\\/vet-ecg.ddns.net\\\/index.php\\\/hyperkaliemie-1-2\\\/#primaryimage\",\"url\":\"http:\\\/\\\/vet-ecg.ddns.net\\\/wp-content\\\/uploads\\\/hyper-k-1.jpg\",\"contentUrl\":\"http:\\\/\\\/vet-ecg.ddns.net\\\/wp-content\\\/uploads\\\/hyper-k-1.jpg\",\"width\":2119,\"height\":1995,\"caption\":\"Hyperkali\u00e9mie accompagnant une maladie d'Addison\"},{\"@type\":\"BreadcrumbList\",\"@id\":\"http:\\\/\\\/vet-ecg.ddns.net\\\/index.php\\\/hyperkaliemie-1-2\\\/#breadcrumb\",\"itemListElement\":[{\"@type\":\"ListItem\",\"position\":1,\"name\":\"Accueil\",\"item\":\"http:\\\/\\\/vet-ecg.ddns.net\\\/\"},{\"@type\":\"ListItem\",\"position\":2,\"name\":\"Hyperkali\u00e9mie-1\"}]},{\"@type\":\"WebSite\",\"@id\":\"http:\\\/\\\/vet-ecg.ddns.net\\\/#website\",\"url\":\"http:\\\/\\\/vet-ecg.ddns.net\\\/\",\"name\":\"Blog d&#039;\u00e9lectrocardiographie v\u00e9t\u00e9rinaire\",\"description\":\"recueil d&#039;ECG de chiens et de chats\",\"publisher\":{\"@id\":\"http:\\\/\\\/vet-ecg.ddns.net\\\/#\\\/schema\\\/person\\\/fec4070a47e235fed904fab73cae00b4\"},\"alternateName\":\"\u00e9lectrocardiographie v\u00e9t\u00e9rinaire\",\"potentialAction\":[{\"@type\":\"SearchAction\",\"target\":{\"@type\":\"EntryPoint\",\"urlTemplate\":\"http:\\\/\\\/vet-ecg.ddns.net\\\/?s={search_term_string}\"},\"query-input\":{\"@type\":\"PropertyValueSpecification\",\"valueRequired\":true,\"valueName\":\"search_term_string\"}}],\"inLanguage\":\"fr-FR\"},{\"@type\":[\"Person\",\"Organization\"],\"@id\":\"http:\\\/\\\/vet-ecg.ddns.net\\\/#\\\/schema\\\/person\\\/fec4070a47e235fed904fab73cae00b4\",\"name\":\"admin\",\"image\":{\"@type\":\"ImageObject\",\"inLanguage\":\"fr-FR\",\"@id\":\"http:\\\/\\\/vet-ecg.ddns.net\\\/wp-content\\\/uploads\\\/2018\\\/04\\\/Zelda-2-ECG-248.jpg\",\"url\":\"http:\\\/\\\/vet-ecg.ddns.net\\\/wp-content\\\/uploads\\\/2018\\\/04\\\/Zelda-2-ECG-248.jpg\",\"contentUrl\":\"http:\\\/\\\/vet-ecg.ddns.net\\\/wp-content\\\/uploads\\\/2018\\\/04\\\/Zelda-2-ECG-248.jpg\",\"width\":248,\"height\":248,\"caption\":\"admin\"},\"logo\":{\"@id\":\"http:\\\/\\\/vet-ecg.ddns.net\\\/wp-content\\\/uploads\\\/2018\\\/04\\\/Zelda-2-ECG-248.jpg\"},\"description\":\"Les trac\u00e9s publi\u00e9s sur ce site sont issus de diff\u00e9rentes cliniques v\u00e9t\u00e9rinaires de Paris et de sa banlieue durant les 10 derni\u00e8res ann\u00e9es. Les ECG r\u00e9alis\u00e9s ont \u00e9t\u00e9 r\u00e9alis\u00e9s sur des chiens et des chats qui ont tous b\u00e9n\u00e9fici\u00e9 d'une \u00e9chocardiographie.\"}]}<\/script>\n<!-- \/ Yoast SEO plugin. -->","yoast_head_json":{"title":"Hyperkali\u00e9mie-1 - Blog d&#039;\u00e9lectrocardiographie v\u00e9t\u00e9rinaire","description":"Hyperkali\u00e9mie chez un bouledogue fran\u00e7ais atteint de maladie d'Addison. Rythme d'\u00e9chappement du \u00e0 une paralysie sinusale.","robots":{"index":"index","follow":"follow","max-snippet":"max-snippet:-1","max-image-preview":"max-image-preview:large","max-video-preview":"max-video-preview:-1"},"canonical":"http:\/\/vet-ecg.ddns.net\/index.php\/hyperkaliemie-1-2\/","schema":{"@context":"https:\/\/schema.org","@graph":[{"@type":"WebPage","@id":"http:\/\/vet-ecg.ddns.net\/index.php\/hyperkaliemie-1-2\/","url":"http:\/\/vet-ecg.ddns.net\/index.php\/hyperkaliemie-1-2\/","name":"Hyperkali\u00e9mie-1 - Blog d&#039;\u00e9lectrocardiographie v\u00e9t\u00e9rinaire","isPartOf":{"@id":"http:\/\/vet-ecg.ddns.net\/#website"},"primaryImageOfPage":{"@id":"http:\/\/vet-ecg.ddns.net\/index.php\/hyperkaliemie-1-2\/#primaryimage"},"image":{"@id":"http:\/\/vet-ecg.ddns.net\/index.php\/hyperkaliemie-1-2\/#primaryimage"},"thumbnailUrl":"http:\/\/vet-ecg.ddns.net\/wp-content\/uploads\/hyper-k-1.jpg","datePublished":"2019-05-08T17:21:12+00:00","dateModified":"2019-11-10T18:18:17+00:00","description":"Hyperkali\u00e9mie chez un bouledogue fran\u00e7ais atteint de maladie d'Addison. Rythme d'\u00e9chappement du \u00e0 une paralysie sinusale.","breadcrumb":{"@id":"http:\/\/vet-ecg.ddns.net\/index.php\/hyperkaliemie-1-2\/#breadcrumb"},"inLanguage":"fr-FR","potentialAction":[{"@type":"ReadAction","target":["http:\/\/vet-ecg.ddns.net\/index.php\/hyperkaliemie-1-2\/"]}]},{"@type":"ImageObject","inLanguage":"fr-FR","@id":"http:\/\/vet-ecg.ddns.net\/index.php\/hyperkaliemie-1-2\/#primaryimage","url":"http:\/\/vet-ecg.ddns.net\/wp-content\/uploads\/hyper-k-1.jpg","contentUrl":"http:\/\/vet-ecg.ddns.net\/wp-content\/uploads\/hyper-k-1.jpg","width":2119,"height":1995,"caption":"Hyperkali\u00e9mie accompagnant une maladie d'Addison"},{"@type":"BreadcrumbList","@id":"http:\/\/vet-ecg.ddns.net\/index.php\/hyperkaliemie-1-2\/#breadcrumb","itemListElement":[{"@type":"ListItem","position":1,"name":"Accueil","item":"http:\/\/vet-ecg.ddns.net\/"},{"@type":"ListItem","position":2,"name":"Hyperkali\u00e9mie-1"}]},{"@type":"WebSite","@id":"http:\/\/vet-ecg.ddns.net\/#website","url":"http:\/\/vet-ecg.ddns.net\/","name":"Blog d&#039;\u00e9lectrocardiographie v\u00e9t\u00e9rinaire","description":"recueil d&#039;ECG de chiens et de chats","publisher":{"@id":"http:\/\/vet-ecg.ddns.net\/#\/schema\/person\/fec4070a47e235fed904fab73cae00b4"},"alternateName":"\u00e9lectrocardiographie v\u00e9t\u00e9rinaire","potentialAction":[{"@type":"SearchAction","target":{"@type":"EntryPoint","urlTemplate":"http:\/\/vet-ecg.ddns.net\/?s={search_term_string}"},"query-input":{"@type":"PropertyValueSpecification","valueRequired":true,"valueName":"search_term_string"}}],"inLanguage":"fr-FR"},{"@type":["Person","Organization"],"@id":"http:\/\/vet-ecg.ddns.net\/#\/schema\/person\/fec4070a47e235fed904fab73cae00b4","name":"admin","image":{"@type":"ImageObject","inLanguage":"fr-FR","@id":"http:\/\/vet-ecg.ddns.net\/wp-content\/uploads\/2018\/04\/Zelda-2-ECG-248.jpg","url":"http:\/\/vet-ecg.ddns.net\/wp-content\/uploads\/2018\/04\/Zelda-2-ECG-248.jpg","contentUrl":"http:\/\/vet-ecg.ddns.net\/wp-content\/uploads\/2018\/04\/Zelda-2-ECG-248.jpg","width":248,"height":248,"caption":"admin"},"logo":{"@id":"http:\/\/vet-ecg.ddns.net\/wp-content\/uploads\/2018\/04\/Zelda-2-ECG-248.jpg"},"description":"Les trac\u00e9s publi\u00e9s sur ce site sont issus de diff\u00e9rentes cliniques v\u00e9t\u00e9rinaires de Paris et de sa banlieue durant les 10 derni\u00e8res ann\u00e9es. Les ECG r\u00e9alis\u00e9s ont \u00e9t\u00e9 r\u00e9alis\u00e9s sur des chiens et des chats qui ont tous b\u00e9n\u00e9fici\u00e9 d'une \u00e9chocardiographie."}]}},"_links":{"self":[{"href":"http:\/\/vet-ecg.ddns.net\/index.php\/wp-json\/wp\/v2\/pages\/1605","targetHints":{"allow":["GET"]}}],"collection":[{"href":"http:\/\/vet-ecg.ddns.net\/index.php\/wp-json\/wp\/v2\/pages"}],"about":[{"href":"http:\/\/vet-ecg.ddns.net\/index.php\/wp-json\/wp\/v2\/types\/page"}],"author":[{"embeddable":true,"href":"http:\/\/vet-ecg.ddns.net\/index.php\/wp-json\/wp\/v2\/users\/1"}],"replies":[{"embeddable":true,"href":"http:\/\/vet-ecg.ddns.net\/index.php\/wp-json\/wp\/v2\/comments?post=1605"}],"version-history":[{"count":0,"href":"http:\/\/vet-ecg.ddns.net\/index.php\/wp-json\/wp\/v2\/pages\/1605\/revisions"}],"wp:attachment":[{"href":"http:\/\/vet-ecg.ddns.net\/index.php\/wp-json\/wp\/v2\/media?parent=1605"}],"curies":[{"name":"wp","href":"https:\/\/api.w.org\/{rel}","templated":true}]}}