{"id":1534,"date":"2019-04-17T12:13:45","date_gmt":"2019-04-17T10:13:45","guid":{"rendered":"http:\/\/192.168.1.104\/?page_id=1534"},"modified":"2019-10-13T17:12:06","modified_gmt":"2019-10-13T15:12:06","slug":"bav2-de-haut-degre","status":"publish","type":"page","link":"http:\/\/vet-ecg.ddns.net\/index.php\/bav2-de-haut-degre\/","title":{"rendered":"BAV2 de haut degr\u00e9"},"content":{"rendered":"\n<figure class=\"wp-block-image\"><img loading=\"lazy\" decoding=\"async\" width=\"2697\" height=\"1973\" src=\"http:\/\/vet-ecg.ddns.net\/wp-content\/uploads\/BAV2-haut-degre.jpg\" alt=\"BAV2 de haut grade\" class=\"wp-image-1535\"\/><figcaption>BAV2 de haut grade transitoire<\/figcaption><\/figure>\n\n\n\n<p><\/p>\n\n\n\n<p>Des syncopes r\u00e9currentes constituaient le motif de consultation. <\/p>\n\n\n\n<p>L&rsquo;\u00e9chographie r\u00e9alis\u00e9e conjointement \u00e0 cet ECG ne fait apparaitre aucune cardiopathie mais montre une tumeur thoracique qui comprime l&rsquo;oreillette droite de ce boxer.<\/p>\n\n\n\n<p>Sur ce trac\u00e9, on note un rythme de base correspondant \u00e0 une tachycardie supraventriculaire tr\u00e8s rapide (fr\u00e9quence ventriculaire 300 bpm)<\/p>\n\n\n\n<p>Une succession de 4 ondes P bloqu\u00e9es (non suivies de QRS) vient entrecouper cette tachycardie.<\/p>\n","protected":false},"excerpt":{"rendered":"<p>Des syncopes r\u00e9currentes constituaient le motif de consultation. L&rsquo;\u00e9chographie r\u00e9alis\u00e9e conjointement \u00e0 cet ECG ne fait apparaitre aucune cardiopathie mais montre une tumeur thoracique qui comprime l&rsquo;oreillette droite de ce boxer. Sur ce trac\u00e9, on note un rythme de base correspondant \u00e0 une tachycardie supraventriculaire tr\u00e8s rapide (fr\u00e9quence ventriculaire 300 bpm) Une succession de 4 &hellip; <a href=\"http:\/\/vet-ecg.ddns.net\/index.php\/bav2-de-haut-degre\/\" class=\"more-link\">Continuer la lecture de <span class=\"screen-reader-text\">BAV2 de haut degr\u00e9<\/span><\/a><\/p>\n","protected":false},"author":1,"featured_media":0,"parent":0,"menu_order":0,"comment_status":"closed","ping_status":"closed","template":"","meta":{"footnotes":""},"class_list":["post-1534","page","type-page","status-publish","hentry"],"yoast_head":"<!-- This site is optimized with the Yoast SEO plugin v27.4 - https:\/\/yoast.com\/product\/yoast-seo-wordpress\/ -->\n<title>BAV2 de haut degr\u00e9 - Blog d&#039;\u00e9lectrocardiographie v\u00e9t\u00e9rinaire<\/title>\n<meta name=\"description\" content=\"BAV2 de haut grade intermittent au d\u00e9cours d&#039;une tachycardie d\u00e9clench\u00e9e \u00e0 la suite de la compression de l&#039;oreillette droite par une tumeur.\" \/>\n<meta name=\"robots\" content=\"index, follow, max-snippet:-1, max-image-preview:large, max-video-preview:-1\" \/>\n<link rel=\"canonical\" href=\"http:\/\/vet-ecg.ddns.net\/index.php\/bav2-de-haut-degre\/\" \/>\n<script type=\"application\/ld+json\" class=\"yoast-schema-graph\">{\"@context\":\"https:\\\/\\\/schema.org\",\"@graph\":[{\"@type\":\"WebPage\",\"@id\":\"http:\\\/\\\/vet-ecg.ddns.net\\\/index.php\\\/bav2-de-haut-degre\\\/\",\"url\":\"http:\\\/\\\/vet-ecg.ddns.net\\\/index.php\\\/bav2-de-haut-degre\\\/\",\"name\":\"BAV2 de haut degr\u00e9 - Blog d&#039;\u00e9lectrocardiographie v\u00e9t\u00e9rinaire\",\"isPartOf\":{\"@id\":\"http:\\\/\\\/vet-ecg.ddns.net\\\/#website\"},\"primaryImageOfPage\":{\"@id\":\"http:\\\/\\\/vet-ecg.ddns.net\\\/index.php\\\/bav2-de-haut-degre\\\/#primaryimage\"},\"image\":{\"@id\":\"http:\\\/\\\/vet-ecg.ddns.net\\\/index.php\\\/bav2-de-haut-degre\\\/#primaryimage\"},\"thumbnailUrl\":\"http:\\\/\\\/vet-ecg.ddns.net\\\/wp-content\\\/uploads\\\/BAV2-haut-degre.jpg\",\"datePublished\":\"2019-04-17T10:13:45+00:00\",\"dateModified\":\"2019-10-13T15:12:06+00:00\",\"description\":\"BAV2 de haut grade intermittent au d\u00e9cours d'une tachycardie d\u00e9clench\u00e9e \u00e0 la suite de la compression de l'oreillette droite par une tumeur.\",\"breadcrumb\":{\"@id\":\"http:\\\/\\\/vet-ecg.ddns.net\\\/index.php\\\/bav2-de-haut-degre\\\/#breadcrumb\"},\"inLanguage\":\"fr-FR\",\"potentialAction\":[{\"@type\":\"ReadAction\",\"target\":[\"http:\\\/\\\/vet-ecg.ddns.net\\\/index.php\\\/bav2-de-haut-degre\\\/\"]}]},{\"@type\":\"ImageObject\",\"inLanguage\":\"fr-FR\",\"@id\":\"http:\\\/\\\/vet-ecg.ddns.net\\\/index.php\\\/bav2-de-haut-degre\\\/#primaryimage\",\"url\":\"http:\\\/\\\/vet-ecg.ddns.net\\\/wp-content\\\/uploads\\\/BAV2-haut-degre.jpg\",\"contentUrl\":\"http:\\\/\\\/vet-ecg.ddns.net\\\/wp-content\\\/uploads\\\/BAV2-haut-degre.jpg\",\"width\":2697,\"height\":1973,\"caption\":\"BAV2 de haut grade\"},{\"@type\":\"BreadcrumbList\",\"@id\":\"http:\\\/\\\/vet-ecg.ddns.net\\\/index.php\\\/bav2-de-haut-degre\\\/#breadcrumb\",\"itemListElement\":[{\"@type\":\"ListItem\",\"position\":1,\"name\":\"Accueil\",\"item\":\"http:\\\/\\\/vet-ecg.ddns.net\\\/\"},{\"@type\":\"ListItem\",\"position\":2,\"name\":\"BAV2 de haut degr\u00e9\"}]},{\"@type\":\"WebSite\",\"@id\":\"http:\\\/\\\/vet-ecg.ddns.net\\\/#website\",\"url\":\"http:\\\/\\\/vet-ecg.ddns.net\\\/\",\"name\":\"Blog d&#039;\u00e9lectrocardiographie v\u00e9t\u00e9rinaire\",\"description\":\"recueil d&#039;ECG de chiens et de chats\",\"publisher\":{\"@id\":\"http:\\\/\\\/vet-ecg.ddns.net\\\/#\\\/schema\\\/person\\\/fec4070a47e235fed904fab73cae00b4\"},\"alternateName\":\"\u00e9lectrocardiographie v\u00e9t\u00e9rinaire\",\"potentialAction\":[{\"@type\":\"SearchAction\",\"target\":{\"@type\":\"EntryPoint\",\"urlTemplate\":\"http:\\\/\\\/vet-ecg.ddns.net\\\/?s={search_term_string}\"},\"query-input\":{\"@type\":\"PropertyValueSpecification\",\"valueRequired\":true,\"valueName\":\"search_term_string\"}}],\"inLanguage\":\"fr-FR\"},{\"@type\":[\"Person\",\"Organization\"],\"@id\":\"http:\\\/\\\/vet-ecg.ddns.net\\\/#\\\/schema\\\/person\\\/fec4070a47e235fed904fab73cae00b4\",\"name\":\"admin\",\"image\":{\"@type\":\"ImageObject\",\"inLanguage\":\"fr-FR\",\"@id\":\"http:\\\/\\\/vet-ecg.ddns.net\\\/wp-content\\\/uploads\\\/2018\\\/04\\\/Zelda-2-ECG-248.jpg\",\"url\":\"http:\\\/\\\/vet-ecg.ddns.net\\\/wp-content\\\/uploads\\\/2018\\\/04\\\/Zelda-2-ECG-248.jpg\",\"contentUrl\":\"http:\\\/\\\/vet-ecg.ddns.net\\\/wp-content\\\/uploads\\\/2018\\\/04\\\/Zelda-2-ECG-248.jpg\",\"width\":248,\"height\":248,\"caption\":\"admin\"},\"logo\":{\"@id\":\"http:\\\/\\\/vet-ecg.ddns.net\\\/wp-content\\\/uploads\\\/2018\\\/04\\\/Zelda-2-ECG-248.jpg\"},\"description\":\"Les trac\u00e9s publi\u00e9s sur ce site sont issus de diff\u00e9rentes cliniques v\u00e9t\u00e9rinaires de Paris et de sa banlieue durant les 10 derni\u00e8res ann\u00e9es. Les ECG r\u00e9alis\u00e9s ont \u00e9t\u00e9 r\u00e9alis\u00e9s sur des chiens et des chats qui ont tous b\u00e9n\u00e9fici\u00e9 d'une \u00e9chocardiographie.\"}]}<\/script>\n<!-- \/ Yoast SEO plugin. -->","yoast_head_json":{"title":"BAV2 de haut degr\u00e9 - Blog d&#039;\u00e9lectrocardiographie v\u00e9t\u00e9rinaire","description":"BAV2 de haut grade intermittent au d\u00e9cours d'une tachycardie d\u00e9clench\u00e9e \u00e0 la suite de la compression de l'oreillette droite par une tumeur.","robots":{"index":"index","follow":"follow","max-snippet":"max-snippet:-1","max-image-preview":"max-image-preview:large","max-video-preview":"max-video-preview:-1"},"canonical":"http:\/\/vet-ecg.ddns.net\/index.php\/bav2-de-haut-degre\/","schema":{"@context":"https:\/\/schema.org","@graph":[{"@type":"WebPage","@id":"http:\/\/vet-ecg.ddns.net\/index.php\/bav2-de-haut-degre\/","url":"http:\/\/vet-ecg.ddns.net\/index.php\/bav2-de-haut-degre\/","name":"BAV2 de haut degr\u00e9 - Blog d&#039;\u00e9lectrocardiographie v\u00e9t\u00e9rinaire","isPartOf":{"@id":"http:\/\/vet-ecg.ddns.net\/#website"},"primaryImageOfPage":{"@id":"http:\/\/vet-ecg.ddns.net\/index.php\/bav2-de-haut-degre\/#primaryimage"},"image":{"@id":"http:\/\/vet-ecg.ddns.net\/index.php\/bav2-de-haut-degre\/#primaryimage"},"thumbnailUrl":"http:\/\/vet-ecg.ddns.net\/wp-content\/uploads\/BAV2-haut-degre.jpg","datePublished":"2019-04-17T10:13:45+00:00","dateModified":"2019-10-13T15:12:06+00:00","description":"BAV2 de haut grade intermittent au d\u00e9cours d'une tachycardie d\u00e9clench\u00e9e \u00e0 la suite de la compression de l'oreillette droite par une tumeur.","breadcrumb":{"@id":"http:\/\/vet-ecg.ddns.net\/index.php\/bav2-de-haut-degre\/#breadcrumb"},"inLanguage":"fr-FR","potentialAction":[{"@type":"ReadAction","target":["http:\/\/vet-ecg.ddns.net\/index.php\/bav2-de-haut-degre\/"]}]},{"@type":"ImageObject","inLanguage":"fr-FR","@id":"http:\/\/vet-ecg.ddns.net\/index.php\/bav2-de-haut-degre\/#primaryimage","url":"http:\/\/vet-ecg.ddns.net\/wp-content\/uploads\/BAV2-haut-degre.jpg","contentUrl":"http:\/\/vet-ecg.ddns.net\/wp-content\/uploads\/BAV2-haut-degre.jpg","width":2697,"height":1973,"caption":"BAV2 de haut grade"},{"@type":"BreadcrumbList","@id":"http:\/\/vet-ecg.ddns.net\/index.php\/bav2-de-haut-degre\/#breadcrumb","itemListElement":[{"@type":"ListItem","position":1,"name":"Accueil","item":"http:\/\/vet-ecg.ddns.net\/"},{"@type":"ListItem","position":2,"name":"BAV2 de haut degr\u00e9"}]},{"@type":"WebSite","@id":"http:\/\/vet-ecg.ddns.net\/#website","url":"http:\/\/vet-ecg.ddns.net\/","name":"Blog d&#039;\u00e9lectrocardiographie v\u00e9t\u00e9rinaire","description":"recueil d&#039;ECG de chiens et de chats","publisher":{"@id":"http:\/\/vet-ecg.ddns.net\/#\/schema\/person\/fec4070a47e235fed904fab73cae00b4"},"alternateName":"\u00e9lectrocardiographie v\u00e9t\u00e9rinaire","potentialAction":[{"@type":"SearchAction","target":{"@type":"EntryPoint","urlTemplate":"http:\/\/vet-ecg.ddns.net\/?s={search_term_string}"},"query-input":{"@type":"PropertyValueSpecification","valueRequired":true,"valueName":"search_term_string"}}],"inLanguage":"fr-FR"},{"@type":["Person","Organization"],"@id":"http:\/\/vet-ecg.ddns.net\/#\/schema\/person\/fec4070a47e235fed904fab73cae00b4","name":"admin","image":{"@type":"ImageObject","inLanguage":"fr-FR","@id":"http:\/\/vet-ecg.ddns.net\/wp-content\/uploads\/2018\/04\/Zelda-2-ECG-248.jpg","url":"http:\/\/vet-ecg.ddns.net\/wp-content\/uploads\/2018\/04\/Zelda-2-ECG-248.jpg","contentUrl":"http:\/\/vet-ecg.ddns.net\/wp-content\/uploads\/2018\/04\/Zelda-2-ECG-248.jpg","width":248,"height":248,"caption":"admin"},"logo":{"@id":"http:\/\/vet-ecg.ddns.net\/wp-content\/uploads\/2018\/04\/Zelda-2-ECG-248.jpg"},"description":"Les trac\u00e9s publi\u00e9s sur ce site sont issus de diff\u00e9rentes cliniques v\u00e9t\u00e9rinaires de Paris et de sa banlieue durant les 10 derni\u00e8res ann\u00e9es. Les ECG r\u00e9alis\u00e9s ont \u00e9t\u00e9 r\u00e9alis\u00e9s sur des chiens et des chats qui ont tous b\u00e9n\u00e9fici\u00e9 d'une \u00e9chocardiographie."}]}},"_links":{"self":[{"href":"http:\/\/vet-ecg.ddns.net\/index.php\/wp-json\/wp\/v2\/pages\/1534","targetHints":{"allow":["GET"]}}],"collection":[{"href":"http:\/\/vet-ecg.ddns.net\/index.php\/wp-json\/wp\/v2\/pages"}],"about":[{"href":"http:\/\/vet-ecg.ddns.net\/index.php\/wp-json\/wp\/v2\/types\/page"}],"author":[{"embeddable":true,"href":"http:\/\/vet-ecg.ddns.net\/index.php\/wp-json\/wp\/v2\/users\/1"}],"replies":[{"embeddable":true,"href":"http:\/\/vet-ecg.ddns.net\/index.php\/wp-json\/wp\/v2\/comments?post=1534"}],"version-history":[{"count":0,"href":"http:\/\/vet-ecg.ddns.net\/index.php\/wp-json\/wp\/v2\/pages\/1534\/revisions"}],"wp:attachment":[{"href":"http:\/\/vet-ecg.ddns.net\/index.php\/wp-json\/wp\/v2\/media?parent=1534"}],"curies":[{"name":"wp","href":"https:\/\/api.w.org\/{rel}","templated":true}]}}